{"id":246313,"date":"2025-04-29T12:31:30","date_gmt":"2025-04-29T10:31:30","guid":{"rendered":"https:\/\/cimne.com\/declaracion-de-accesibilidad\/"},"modified":"2026-03-19T08:37:44","modified_gmt":"2026-03-19T07:37:44","slug":"declaracion-de-accesibilidad","status":"publish","type":"page","link":"https:\/\/cimne.com\/es\/declaracion-de-accesibilidad\/","title":{"rendered":"Declaraci\u00f3n de accesibilidad"},"content":{"rendered":"<p>[et_pb_section fb_built=\u00bb1&#8243; disabled_on=\u00bboff|off|off\u00bb _builder_version=\u00bb4.27.4&#8243; _module_preset=\u00bb81964cef-6002-4a6d-8fe6-ec7662796c0d\u00bb global_colors_info=\u00bb{}\u00bb][et_pb_row _builder_version=\u00bb4.27.4&#8243; _module_preset=\u00bbc7c24b71-68f1-4ba2-bc79-49dcbcce5ea1&#8243; global_colors_info=\u00bb{}\u00bb][et_pb_column type=\u00bb4_4&#8243; _builder_version=\u00bb4.27.4&#8243; _module_preset=\u00bb56e57fde-4561-4cf6-a771-0a733a7201b1&#8243; global_colors_info=\u00bb{}\u00bb][et_pb_heading title=\u00bb@ET-DC@eyJkeW5hbWljIjp0cnVlLCJjb250ZW50IjoicG9zdF90aXRsZSIsInNldHRpbmdzIjp7ImJlZm9yZSI6IiIsImFmdGVyIjoiIn19@\u00bb admin_label=\u00bbDeclaraci\u00f3n de accesibilidad\u00bb _builder_version=\u00bb4.27.4&#8243; _dynamic_attributes=\u00bbtitle\u00bb _module_preset=\u00bbdefault\u00bb title_font=\u00bb|700|||||||\u00bb title_text_align=\u00bbleft\u00bb title_font_size=\u00bb4rem\u00bb title_line_height=\u00bb4rem\u00bb custom_margin=\u00bb||32px||false|false\u00bb title_font_size_tablet=\u00bb3rem\u00bb title_font_size_phone=\u00bb3rem\u00bb title_font_size_last_edited=\u00bbon|desktop\u00bb title_line_height_tablet=\u00bb3rem\u00bb title_line_height_phone=\u00bb3rem\u00bb title_line_height_last_edited=\u00bbon|tablet\u00bb global_colors_info=\u00bb{}\u00bb][\/et_pb_heading][et_pb_text _builder_version=\u00bb4.27.4&#8243; _module_preset=\u00bbdefault\u00bb custom_margin=\u00bb||32px||false|false\u00bb global_colors_info=\u00bb{}\u00bb]<\/p>\n<p><span style=\"font-weight: 400;\"><span dir=\"auto\" style=\"vertical-align: inherit;\">El Centro Internacional de M\u00e9todos Num\u00e9ricos en Ingenier\u00eda se ha comprometido a hacer accesible su sitio web de acuerdo con el <\/span><\/span><a href=\"https:\/\/www.boe.es\/diario_boe\/txt.php?id=BOE-A-2018-12699\"><span style=\"font-weight: 400;\"><span dir=\"auto\" style=\"vertical-align: inherit;\">Real Decreto 1112\/2018, de 7 de septiembre, sobre accesibilidad de los sitios web y aplicaciones m\u00f3viles del sector p\u00fablico.<\/span><\/span><\/a><\/p>\n<p><\/p>\n<p>&nbsp;<\/p>\n<p><\/p>\n<p><span style=\"font-weight: 400;\"><span dir=\"auto\" style=\"vertical-align: inherit;\">Esta declaraci\u00f3n de accesibilidad se aplica al sitio web\u00a0 <\/span><\/span><a href=\"http:\/\/www.cimne.com\/\"><span style=\"font-weight: 400;\"><span dir=\"auto\" style=\"vertical-align: inherit;\">http:\/\/www.cimne.com<\/span><\/span><\/a><\/p>\n<p>[\/et_pb_text][et_pb_heading title=\u00bbEstado de cumplimiento\u00bb admin_label=\u00bbSituaci\u00f3n de cumplimiento\u00bb _builder_version=\u00bb4.27.4&#8243; _module_preset=\u00bbdefault\u00bb title_level=\u00bbh2&#8243; title_text_align=\u00bbleft\u00bb title_font_size=\u00bb3rem\u00bb title_line_height=\u00bb2.5rem\u00bb custom_margin=\u00bb||32px||false|false\u00bb title_font_size_tablet=\u00bb2.5rem\u00bb title_font_size_phone=\u00bb2.5rem\u00bb title_font_size_last_edited=\u00bbon|tablet\u00bb global_colors_info=\u00bb{}\u00bb][\/et_pb_heading][et_pb_text _builder_version=\u00bb4.27.4&#8243; _module_preset=\u00bbdefault\u00bb custom_margin=\u00bb||32px||false|false\u00bb global_colors_info=\u00bb{}\u00bb]<\/p>\n<p><span style=\"font-weight: 400;\"><span dir=\"auto\" style=\"vertical-align: inherit;\">Este sitio web es parcialmente compatible con el RD 1112\/2018 por las excepciones e incumplimientos de los aspectos que se indican a continuaci\u00f3n.<\/span><\/span><\/p>\n<p>[\/et_pb_text][et_pb_heading title=\u00bbContenido no accesible\u00bb admin_label=\u00bbContenido no accesible\u00bb _builder_version=\u00bb4.27.4&#8243; _module_preset=\u00bbdefault\u00bb title_level=\u00bbh2&#8243; title_text_align=\u00bbleft\u00bb title_font_size=\u00bb3rem\u00bb title_line_height=\u00bb2.5rem\u00bb custom_margin=\u00bb20px||32px||false|false\u00bb custom_padding=\u00bb||||false|false\u00bb title_font_size_tablet=\u00bb2.5rem\u00bb title_font_size_phone=\u00bb2.5rem\u00bb title_font_size_last_edited=\u00bbon|tablet\u00bb global_colors_info=\u00bb{}\u00bb][\/et_pb_heading][et_pb_text _builder_version=\u00bb4.27.4&#8243; _module_preset=\u00bbdefault\u00bb custom_margin=\u00bb||32px||false|false\u00bb global_colors_info=\u00bb{}\u00bb]<\/p>\n<p><span style=\"font-weight: 400;\"><span dir=\"auto\" style=\"vertical-align: inherit;\">El contenido a continuaci\u00f3n no es accesible por los siguientes motivos:<\/span><\/span><\/p>\n<p><\/p>\n<ol>\n<li><span style=\"font-weight: 400;\"><span dir=\"auto\" style=\"vertical-align: inherit;\">Incumplimiento del RD 1112\/2018, de 7 de septiembre<\/span><\/span><\/li>\n<\/ol>\n<p><\/p>\n<ul>\n<li style=\"list-style-type: none;\">\n<ul>\n<li style=\"font-weight: 400;\" aria-level=\"2\"><span style=\"font-weight: 400;\"><span dir=\"auto\" style=\"vertical-align: inherit;\">Algunas p\u00e1ginas pueden tener los siguientes criterios no cumplidos relacionados con la norma EN 301 549 \u201cRequisitos de accesibilidad para productos y servicios TIC\u201d, que es, a su vez, una adaptaci\u00f3n de las Pautas de Accesibilidad al Contenido Web (WCAG 2.1) (criterios especificados entre par\u00e9ntesis):<\/span><\/span><\/li>\n<li style=\"font-weight: 400;\" aria-level=\"2\"><span style=\"font-weight: 400;\"><span dir=\"auto\" style=\"vertical-align: inherit;\">Existen errores ocasionales en el marcado de las im\u00e1genes [requisito n\u00famero 9.1.1.1 Contenido no textual de EN 301549 v2.1.2 \u2013 2018].<\/span><\/span><\/li>\n<li style=\"font-weight: 400;\" aria-level=\"2\"><span style=\"font-weight: 400;\"><span dir=\"auto\" style=\"vertical-align: inherit;\">Es posible que existan errores de edici\u00f3n ocasionales en algunas p\u00e1ginas web, tanto en el contenido HTML como en los documentos finales publicados tras la entrada en vigor del Real Decreto 1112\/2018, de 7 de septiembre. En concreto, pueden existir errores en documentos que contengan gr\u00e1ficos o tablas complejos.<\/span><\/span><\/li>\n<li style=\"font-weight: 400;\" aria-level=\"2\"><span style=\"font-weight: 400;\"><span dir=\"auto\" style=\"vertical-align: inherit;\">Existen errores espec\u00edficos en el uso de algunas etiquetas de marcado sem\u00e1ntico, como anidaci\u00f3n incorrecta de elementos, marcado de p\u00e1rrafos, falta de estructura jer\u00e1rquica sin saltos en los encabezados, ausencia de descripci\u00f3n y estructuraci\u00f3n en tablas [n\u00famero de requisito 9.1.3.1 Informaci\u00f3n y relaciones de EN 301549 v2.1.2 \u2013 2018].<\/span><\/span><\/li>\n<li style=\"font-weight: 400;\" aria-level=\"2\"><span style=\"font-weight: 400;\"><span dir=\"auto\" style=\"vertical-align: inherit;\">Problemas con eventos dependientes de Javascript y ciertos elementos de navegaci\u00f3n no accesibles a trav\u00e9s del teclado o lector de pantalla [n\u00famero de requisito 9.2.1.1 Teclado de EN 301549 v2.1.2 \u2013 2018].<\/span><\/span><\/li>\n<li style=\"font-weight: 400;\" aria-level=\"2\"><span style=\"font-weight: 400;\"><span dir=\"auto\" style=\"vertical-align: inherit;\">Existen campos de formulario que solicitan informaci\u00f3n sobre el usuario y no se identifica la finalidad de la entrada [requisito n\u00famero 9.1.3.5 Identificaci\u00f3n de la finalidad de la entrada de UNE-EN 301549:2019].<\/span><\/span><\/li>\n<li style=\"font-weight: 400;\" aria-level=\"2\"><span style=\"font-weight: 400;\"><span dir=\"auto\" style=\"vertical-align: inherit;\">Existen campos de formulario o botones donde el texto visible que act\u00faa como etiqueta de los mismos no forma parte de su nombre accesible [requisito n\u00famero 9.2.5.3 Inclusi\u00f3n de la etiqueta en el nombre de la norma UNE-EN 301549:2019].<\/span><\/span><\/li>\n<li style=\"font-weight: 400;\" aria-level=\"2\"><span style=\"font-weight: 400;\"><span dir=\"auto\" style=\"vertical-align: inherit;\">Existen mensajes de estado no identificados por el software por lo que no pueden ser transmitidos a los usuarios sin necesidad de recibir el foco [requisito n\u00famero 9.4.1.3 Mensajes de estado de la norma UNE-EN 301549:2019]<\/span><\/span><\/li>\n<li style=\"font-weight: 400;\" aria-level=\"2\"><span style=\"font-weight: 400;\"><span dir=\"auto\" style=\"vertical-align: inherit;\">Puede haber errores de edici\u00f3n ocasionales en algunas p\u00e1ginas web.<\/span><\/span><\/li>\n<li style=\"font-weight: 400;\" aria-level=\"2\"><span style=\"font-weight: 400;\"><span dir=\"auto\" style=\"vertical-align: inherit;\">En las p\u00e1ginas en ingl\u00e9s puede haber alg\u00fan texto en espa\u00f1ol cuyo cambio de idioma no est\u00e9 correctamente etiquetado, ya que esta situaci\u00f3n es temporal hasta que finalmente se traduzca de forma autom\u00e1tica o manual.<\/span><\/span><\/li>\n<li style=\"font-weight: 400;\" aria-level=\"2\"><span style=\"font-weight: 400;\"><span dir=\"auto\" style=\"vertical-align: inherit;\">Todos los requisitos de Prioridad 1 y Prioridad 2 se revisan peri\u00f3dicamente con un an\u00e1lisis de accesibilidad utilizando varias herramientas semiautomatizadas, agentes de usuario y ayudas.<\/span><\/span><\/li>\n<\/ul>\n<p><\/li>\n<p><\/ul>\n<p><\/p>\n<p><span style=\"font-weight: 400;\">\u00a0<\/span><\/p>\n<p><\/p>\n<ol start=\"2\">\n<li><span style=\"font-weight: 400;\"><span dir=\"auto\" style=\"vertical-align: inherit;\">Carga desproporcionada<\/span><\/span><\/li>\n<\/ol>\n<p><\/p>\n<ul>\n<li style=\"list-style-type: none;\">\n<ul>\n<li style=\"font-weight: 400;\" aria-level=\"2\"><span style=\"font-weight: 400;\"><span dir=\"auto\" style=\"vertical-align: inherit;\">No aplicable.<\/span><\/span><\/li>\n<\/ul>\n<p><\/li>\n<p><\/ul>\n<p><\/p>\n<p><span style=\"font-weight: 400;\">\u00a0<\/span><\/p>\n<p><\/p>\n<ol start=\"3\">\n<li><span style=\"font-weight: 400;\"><span dir=\"auto\" style=\"vertical-align: inherit;\">El contenido no est\u00e1 dentro del \u00e1mbito de aplicaci\u00f3n de la legislaci\u00f3n aplicable.<\/span><\/span><\/li>\n<\/ol>\n<p><\/p>\n<ul>\n<li style=\"list-style-type: none;\">\n<ul>\n<li style=\"font-weight: 400;\" aria-level=\"2\"><span style=\"font-weight: 400;\"><span dir=\"auto\" style=\"vertical-align: inherit;\">Es posible que haya archivos de Office en PDF u otros formatos publicados antes del 20 de septiembre de 2018 que no cumplan plenamente con todos los requisitos de accesibilidad. Sin embargo, se ha hecho todo lo posible para garantizar que la mayor\u00eda s\u00ed los cumplan.<\/span><\/span><\/li>\n<li style=\"font-weight: 400;\" aria-level=\"2\"><span style=\"font-weight: 400;\"><span dir=\"auto\" style=\"vertical-align: inherit;\">Contenidos multimedia pregrabados con car\u00e1cter temporal o publicados antes de la entrada en vigor del Real Decreto.<\/span><\/span><\/li>\n<\/ul>\n<p><\/li>\n<p><\/ul>\n<p>[\/et_pb_text][et_pb_heading title=\u00bbPreparaci\u00f3n de esta declaraci\u00f3n de accesibilidad\u00bb admin_label=\u00bbPreparaci\u00f3n de la presente declaraci\u00f3n de accesibilidad\u00bb _builder_version=\u00bb4.27.4&#8243; _module_preset=\u00bbdefault\u00bb title_level=\u00bbh2&#8243; title_text_align=\u00bbleft\u00bb title_font_size=\u00bb3rem\u00bb title_line_height=\u00bb2.5rem\u00bb custom_margin=\u00bb20px||32px||false|false\u00bb custom_padding=\u00bb||||false|false\u00bb title_font_size_tablet=\u00bb2.5rem\u00bb title_font_size_phone=\u00bb2.5rem\u00bb title_font_size_last_edited=\u00bbon|tablet\u00bb global_colors_info=\u00bb{}\u00bb][\/et_pb_heading][et_pb_text _builder_version=\u00bb4.27.4&#8243; _module_preset=\u00bbdefault\u00bb custom_margin=\u00bb||32px||false|false\u00bb global_colors_info=\u00bb{}\u00bb]<\/p>\n<p><span style=\"font-weight: 400;\"><span dir=\"auto\" style=\"vertical-align: inherit;\">Esta declaraci\u00f3n fue preparada el 16 de septiembre de 2020.<\/span><\/span><\/p>\n<p><\/p>\n<p><span style=\"font-weight: 400;\"><span dir=\"auto\" style=\"vertical-align: inherit;\">El m\u00e9todo utilizado para elaborar la declaraci\u00f3n fue una autoevaluaci\u00f3n realizada por la propia agencia con la ayuda del validador SiteImprove.com.<\/span><\/span><\/p>\n<p><\/p>\n<p><span style=\"font-weight: 400;\"><span dir=\"auto\" style=\"vertical-align: inherit;\">\u00daltima declaraci\u00f3n revisada: 16 de septiembre de 2023.<\/span><\/span><\/p>\n<p>[\/et_pb_text][et_pb_heading title=\u00bbComentarios e informaci\u00f3n de contacto\u00bb admin_label=\u00bbObservaciones y datos de contacto\u00bb _builder_version=\u00bb4.27.4&#8243; _module_preset=\u00bbdefault\u00bb title_level=\u00bbh2&#8243; title_text_align=\u00bbleft\u00bb title_font_size=\u00bb3rem\u00bb title_line_height=\u00bb2.5rem\u00bb custom_margin=\u00bb20px||32px||false|false\u00bb custom_padding=\u00bb||||false|false\u00bb title_font_size_tablet=\u00bb2.5rem\u00bb title_font_size_phone=\u00bb2.5rem\u00bb title_font_size_last_edited=\u00bbon|tablet\u00bb global_colors_info=\u00bb{}\u00bb][\/et_pb_heading][et_pb_text _builder_version=\u00bb4.27.4&#8243; _module_preset=\u00bbdefault\u00bb custom_margin=\u00bb||32px||false|false\u00bb global_colors_info=\u00bb{}\u00bb]<\/p>\n<p><span style=\"font-weight: 400;\"><span dir=\"auto\" style=\"vertical-align: inherit;\">Podr\u00e1s realizar comunicaciones sobre requisitos de accesibilidad (art\u00edculo 10.2.a) del RD 1112\/2018) tales como:<\/span><\/span><\/p>\n<p><\/p>\n<ul>\n<li style=\"list-style-type: none;\">\n<ul>\n<li style=\"font-weight: 400;\" aria-level=\"3\"><span style=\"font-weight: 400;\"><span dir=\"auto\" style=\"vertical-align: inherit;\">Informar sobre cualquier posible incumplimiento por parte de este sitio web<\/span><\/span><\/li>\n<li style=\"font-weight: 400;\" aria-level=\"3\"><span style=\"font-weight: 400;\"><span dir=\"auto\" style=\"vertical-align: inherit;\">Transmitir otras dificultades para acceder al contenido<\/span><\/span><\/li>\n<li style=\"font-weight: 400;\" aria-level=\"3\"><span style=\"font-weight: 400;\"><span dir=\"auto\" style=\"vertical-align: inherit;\">Realizar cualquier otra consulta o sugerencia de mejora relacionada con la accesibilidad del sitio web<\/span><\/span><\/li>\n<\/ul>\n<p><\/li>\n<p><\/ul>\n<p><\/p>\n<p><span style=\"font-weight: 400;\"><span dir=\"auto\" style=\"vertical-align: inherit;\">Por correo electr\u00f3nico a accessibilitat@cimne.upc.edu<\/span><\/span><\/p>\n<p><\/p>\n<p><span style=\"font-weight: 400;\"><span dir=\"auto\" style=\"vertical-align: inherit;\">Las comunicaciones ser\u00e1n recibidas y procesadas por el Departamento de Comunicaciones del CIMNE.<\/span><\/span><\/p>\n<p>[\/et_pb_text][et_pb_heading title=\u00bbProcedimiento de solicitud\u00bb admin_label=\u00bbProcedimiento de aplicaci\u00f3n\u00bb _builder_version=\u00bb4.27.4&#8243; _module_preset=\u00bbdefault\u00bb title_level=\u00bbh2&#8243; title_text_align=\u00bbleft\u00bb title_font_size=\u00bb3rem\u00bb title_line_height=\u00bb2.5rem\u00bb custom_margin=\u00bb20px||32px||false|false\u00bb custom_padding=\u00bb||||false|false\u00bb title_font_size_tablet=\u00bb2.5rem\u00bb title_font_size_phone=\u00bb2.5rem\u00bb title_font_size_last_edited=\u00bbon|tablet\u00bb global_colors_info=\u00bb{}\u00bb][\/et_pb_heading][et_pb_text _builder_version=\u00bb4.27.4&#8243; _module_preset=\u00bbdefault\u00bb custom_margin=\u00bb||32px||false|false\u00bb global_colors_info=\u00bb{}\u00bb]<\/p>\n<p><span style=\"font-weight: 400;\"><span dir=\"auto\" style=\"vertical-align: inherit;\">El procedimiento de reclamaciones establecido en el art\u00edculo 13 del Real Decreto 1112\/2018 entrar\u00e1 en vigor el 20 de septiembre de 2020.<\/span><\/span><\/p>\n<p>[\/et_pb_text][\/et_pb_column][\/et_pb_row][\/et_pb_section]<\/p>\n","protected":false},"excerpt":{"rendered":"<p>El Centro Internacional de M\u00e9todos Num\u00e9ricos en Ingenier\u00eda se ha comprometido a hacer accesible su sitio web de acuerdo con el Real Decreto 1112\/2018, de 7 de septiembre, sobre accesibilidad de los sitios web y aplicaciones m\u00f3viles del sector p\u00fablico.&nbsp;Esta declaraci\u00f3n de accesibilidad se aplica al sitio web\u00a0 http:\/\/www.cimne.comEste sitio web es parcialmente compatible con [&hellip;]<\/p>\n","protected":false},"author":2,"featured_media":0,"parent":0,"menu_order":0,"comment_status":"closed","ping_status":"closed","template":"","meta":{"_acf_changed":false,"_et_pb_use_builder":"on","_et_pb_old_content":"","_et_gb_content_width":"","slim_seo":{"title":"Declaraci\u00f3n de accesibilidad - CIMNE","description":"El Centro Internacional de M\u00e9todos Num\u00e9ricos en Ingenier\u00eda se ha comprometido a hacer accesible su sitio web de acuerdo con el Real Decreto 1112\/2018, de 7 de s"},"footnotes":""},"class_list":["post-246313","page","type-page","status-publish","hentry"],"acf":[],"_links":{"self":[{"href":"https:\/\/cimne.com\/es\/wp-json\/wp\/v2\/pages\/246313","targetHints":{"allow":["GET"]}}],"collection":[{"href":"https:\/\/cimne.com\/es\/wp-json\/wp\/v2\/pages"}],"about":[{"href":"https:\/\/cimne.com\/es\/wp-json\/wp\/v2\/types\/page"}],"author":[{"embeddable":true,"href":"https:\/\/cimne.com\/es\/wp-json\/wp\/v2\/users\/2"}],"replies":[{"embeddable":true,"href":"https:\/\/cimne.com\/es\/wp-json\/wp\/v2\/comments?post=246313"}],"version-history":[{"count":0,"href":"https:\/\/cimne.com\/es\/wp-json\/wp\/v2\/pages\/246313\/revisions"}],"wp:attachment":[{"href":"https:\/\/cimne.com\/es\/wp-json\/wp\/v2\/media?parent=246313"}],"curies":[{"name":"wp","href":"https:\/\/api.w.org\/{rel}","templated":true}]}}