{"id":246310,"date":"2025-04-29T11:38:37","date_gmt":"2025-04-29T09:38:37","guid":{"rendered":"https:\/\/cimne.com\/condiciones-generales-de-uso-y-acceso\/"},"modified":"2026-03-19T13:26:14","modified_gmt":"2026-03-19T12:26:14","slug":"condiciones-generales-de-uso-y-acceso","status":"publish","type":"page","link":"https:\/\/cimne.com\/es\/condiciones-generales-de-uso-y-acceso\/","title":{"rendered":"Condiciones generales de uso y acceso"},"content":{"rendered":"<p>[et_pb_section fb_built=\u00bb1&#8243; disabled_on=\u00bboff|off|off\u00bb _builder_version=\u00bb4.27.4&#8243; _module_preset=\u00bb81964cef-6002-4a6d-8fe6-ec7662796c0d\u00bb global_colors_info=\u00bb{}\u00bb][et_pb_row _builder_version=\u00bb4.27.4&#8243; _module_preset=\u00bbc7c24b71-68f1-4ba2-bc79-49dcbcce5ea1&#8243; global_colors_info=\u00bb{}\u00bb][et_pb_column type=\u00bb4_4&#8243; _builder_version=\u00bb4.27.4&#8243; _module_preset=\u00bb56e57fde-4561-4cf6-a771-0a733a7201b1&#8243; global_colors_info=\u00bb{}\u00bb][et_pb_heading title=\u00bbCondiciones generales de uso y acceso\u00bb admin_label=\u00bbGeneral Terms of Use and Access\u00bb _builder_version=\u00bb4.27.4&#8243; _module_preset=\u00bbdefault\u00bb title_font=\u00bb|700|||||||\u00bb title_text_align=\u00bbleft\u00bb title_font_size=\u00bb4rem\u00bb title_line_height=\u00bb4rem\u00bb custom_margin=\u00bb||32px||false|false\u00bb title_font_size_tablet=\u00bb3rem\u00bb title_font_size_phone=\u00bb3rem\u00bb title_font_size_last_edited=\u00bbon|desktop\u00bb title_line_height_tablet=\u00bb3rem\u00bb title_line_height_phone=\u00bb3rem\u00bb title_line_height_last_edited=\u00bbon|tablet\u00bb global_colors_info=\u00bb{}\u00bb][\/et_pb_heading][et_pb_text _builder_version=\u00bb4.27.4&#8243; _module_preset=\u00bbdefault\u00bb custom_margin=\u00bb||32px||false|false\u00bb global_colors_info=\u00bb{}\u00bb]<\/p>\n<p><span dir=\"auto\" style=\"vertical-align: inherit;\">CIMNE (Centre Internacional de M\u00e8todes Num\u00e8rics a l&#8217;Enginyeria) <\/span><br \/><span dir=\"auto\" style=\"vertical-align: inherit;\">UPC. Campus Ed. C1 Campus Nord. <\/span><br \/><span dir=\"auto\" style=\"vertical-align: inherit;\">NIF Q-5850006-G <\/span><br \/><span dir=\"auto\" style=\"vertical-align: inherit;\">El Centro Internacional de M\u00e9todos Num\u00e9ricos en Ingenier\u00eda es un centro aut\u00f3nomo de investigaci\u00f3n y desarrollo dedicado a promover y fomentar avances en el desarrollo y la aplicaci\u00f3n de m\u00e9todos num\u00e9ricos y t\u00e9cnicas computacionales para la soluci\u00f3n de problemas de ingenier\u00eda en un contexto internacional.<\/span><\/p>\n<p>[\/et_pb_text][et_pb_heading title=\u00bb1. Objetivo y alcance\u00bb admin_label=\u00bbTerms of use and access\u00bb _builder_version=\u00bb4.27.4&#8243; _module_preset=\u00bbdefault\u00bb title_level=\u00bbh2&#8243; title_text_align=\u00bbleft\u00bb title_font_size=\u00bb3rem\u00bb title_line_height=\u00bb2.5rem\u00bb custom_margin=\u00bb20px||32px||false|false\u00bb custom_padding=\u00bb||||false|false\u00bb title_font_size_tablet=\u00bb2.5rem\u00bb title_font_size_phone=\u00bb2.5rem\u00bb title_font_size_last_edited=\u00bbon|tablet\u00bb global_colors_info=\u00bb{}\u00bb][\/et_pb_heading][et_pb_text _builder_version=\u00bb4.27.4&#8243; _module_preset=\u00bbdefault\u00bb custom_margin=\u00bb||32px||false|false\u00bb global_colors_info=\u00bb{}\u00bb]<\/p>\n<p><span dir=\"auto\" style=\"vertical-align: inherit;\">Las presentes Condiciones Generales de Uso y Acceso regulan el acceso y utilizaci\u00f3n del sitio web de CIMNE (en adelante, el \u201cSitio Web\u201d), disponible p\u00fablicamente a trav\u00e9s de https:\/\/cimne.com<\/span><\/p>\n<p><\/p>\n<p><span dir=\"auto\" style=\"vertical-align: inherit;\">Al acceder o utilizar el Sitio Web, los usuarios aceptan \u00edntegramente estos T\u00e9rminos. Si no los aceptan, deber\u00e1n abstenerse de utilizar el Sitio Web.<\/span><\/p>\n<p>[\/et_pb_text][et_pb_heading title=\u00bb2. Acceso y uso del sitio web\u00bb admin_label=\u00bbObject\u00bb _builder_version=\u00bb4.27.4&#8243; _module_preset=\u00bbdefault\u00bb title_level=\u00bbh2&#8243; title_text_align=\u00bbleft\u00bb title_font_size=\u00bb3rem\u00bb title_line_height=\u00bb2.5rem\u00bb custom_margin=\u00bb20px||32px||false|false\u00bb custom_padding=\u00bb||||false|false\u00bb title_font_size_tablet=\u00bb2.5rem\u00bb title_font_size_phone=\u00bb2.5rem\u00bb title_font_size_last_edited=\u00bbon|tablet\u00bb global_colors_info=\u00bb{}\u00bb][\/et_pb_heading][et_pb_text _builder_version=\u00bb4.27.4&#8243; _module_preset=\u00bbdefault\u00bb custom_margin=\u00bb||32px||false|false\u00bb hover_enabled=\u00bb0&#8243; global_colors_info=\u00bb{}\u00bb sticky_enabled=\u00bb0&#8243;]<\/p>\n<p><span dir=\"auto\" style=\"vertical-align: inherit;\">El Sitio Web podr\u00e1 ser accedido libremente por los usuarios, sin perjuicio de aquellos apartados que requieran identificaci\u00f3n mediante identificador de usuario y contrase\u00f1a.<\/span><\/p>\n<p><\/p>\n<p><span dir=\"auto\" style=\"vertical-align: inherit;\">Los usuarios son responsables de salvaguardar sus credenciales y cualquier acci\u00f3n realizada bajo su cuenta.<\/span><\/p>\n<p><\/p>\n<p><span dir=\"auto\" style=\"vertical-align: inherit;\">Los usuarios se comprometen a usar el Sitio Web de forma diligente, l\u00edcita y respetuosa, evitando cualquier actuaci\u00f3n que pudiera perjudicar a CIMNE o a terceros.<\/span><\/p>\n<p>[\/et_pb_text][et_pb_heading title=\u00bb3. Propiedad intelectual e industrial\u00bb admin_label=\u00bbData collection forms\u00bb _builder_version=\u00bb4.27.4&#8243; _module_preset=\u00bbdefault\u00bb title_level=\u00bbh2&#8243; title_text_align=\u00bbleft\u00bb title_font_size=\u00bb3rem\u00bb title_line_height=\u00bb2.5rem\u00bb custom_margin=\u00bb20px||32px||false|false\u00bb custom_padding=\u00bb||||false|false\u00bb hover_enabled=\u00bb0&#8243; title_font_size_tablet=\u00bb2.5rem\u00bb title_font_size_phone=\u00bb2.5rem\u00bb title_font_size_last_edited=\u00bbon|tablet\u00bb global_colors_info=\u00bb{}\u00bb sticky_enabled=\u00bb0&#8243;][\/et_pb_heading][et_pb_text _builder_version=\u00bb4.27.4&#8243; _module_preset=\u00bbdefault\u00bb custom_margin=\u00bb||32px||false|false\u00bb hover_enabled=\u00bb0&#8243; global_colors_info=\u00bb{}\u00bb sticky_enabled=\u00bb0&#8243;]<\/p>\n<p><span dir=\"auto\" style=\"vertical-align: inherit;\">Todos los contenidos del Sitio Web (textos, im\u00e1genes, dise\u00f1os, software, c\u00f3digo fuente, logos, marcas) son propiedad de CIMNE o de terceros que han autorizado su uso.<\/span><\/p>\n<p><\/p>\n<p><span dir=\"auto\" style=\"vertical-align: inherit;\">Los usuarios solo podr\u00e1n utilizar este contenido con fines personales y no comerciales. Cualquier reproducci\u00f3n, distribuci\u00f3n o modificaci\u00f3n requiere la autorizaci\u00f3n previa por escrito de CIMNE.<\/span><\/p>\n<p>[\/et_pb_text][et_pb_heading title=\u00bb4. Disclaimer and Limitation of Liability\u00bb admin_label=\u00bbEntering links to website\u00bb _builder_version=\u00bb4.27.4&#8243; _module_preset=\u00bbdefault\u00bb title_level=\u00bbh2&#8243; title_text_align=\u00bbleft\u00bb title_font_size=\u00bb3rem\u00bb title_line_height=\u00bb2.5rem\u00bb custom_margin=\u00bb20px||32px||false|false\u00bb custom_padding=\u00bb||||false|false\u00bb hover_enabled=\u00bb0&#8243; title_font_size_tablet=\u00bb2.5rem\u00bb title_font_size_phone=\u00bb2.5rem\u00bb title_font_size_last_edited=\u00bbon|tablet\u00bb global_colors_info=\u00bb{}\u00bb sticky_enabled=\u00bb0&#8243;][\/et_pb_heading][et_pb_text _builder_version=\u00bb4.27.4&#8243; _module_preset=\u00bbdefault\u00bb custom_margin=\u00bb||32px||false|false\u00bb hover_enabled=\u00bb0&#8243; global_colors_info=\u00bb{}\u00bb sticky_enabled=\u00bb0&#8243;]<\/p>\n<p><span dir=\"auto\" style=\"vertical-align: inherit;\">CIMNE no garantiza la disponibilidad continua, la fiabilidad t\u00e9cnica ni la exactitud de los contenidos del Sitio Web.<\/span><\/p>\n<p><\/p>\n<p><span dir=\"auto\" style=\"vertical-align: inherit;\">CIMNE no ser\u00e1 responsable de los da\u00f1os y perjuicios derivados del acceso, uso o imposibilidad de uso del Sitio Web, salvo en los casos de dolo o negligencia grave legalmente establecidos.<\/span><\/p>\n<p>[\/et_pb_text][et_pb_heading title=\u00bb5. Protecci\u00f3n de datos\u00bb admin_label=\u00bbIntellectual property\u00bb _builder_version=\u00bb4.27.4&#8243; _module_preset=\u00bbdefault\u00bb title_level=\u00bbh2&#8243; title_text_align=\u00bbleft\u00bb title_font_size=\u00bb3rem\u00bb title_line_height=\u00bb2.5rem\u00bb custom_margin=\u00bb20px||32px||false|false\u00bb custom_padding=\u00bb||||false|false\u00bb hover_enabled=\u00bb0&#8243; title_font_size_tablet=\u00bb2.5rem\u00bb title_font_size_phone=\u00bb2.5rem\u00bb title_font_size_last_edited=\u00bbon|tablet\u00bb global_colors_info=\u00bb{}\u00bb sticky_enabled=\u00bb0&#8243;][\/et_pb_heading][et_pb_text _builder_version=\u00bb4.27.4&#8243; _module_preset=\u00bbdefault\u00bb custom_margin=\u00bb||-15px||false|false\u00bb hover_enabled=\u00bb0&#8243; global_colors_info=\u00bb{}\u00bb sticky_enabled=\u00bb0&#8243;]<\/p>\n<p><span dir=\"auto\" style=\"vertical-align: inherit;\">En cumplimiento del Reglamento (UE) 2016\/679 (RGPD) y la Ley Org\u00e1nica 3\/2018 (LOPDGDD), CIMNE informa a los usuarios:<\/span><\/p>\n<p><\/p>\n<ul>\n<li style=\"list-style-type: none;\">\n<ul>\n<li><strong><span dir=\"auto\" style=\"vertical-align: inherit;\">Responsable del tratamiento<\/span><\/strong><span dir=\"auto\" style=\"vertical-align: inherit;\"> : JORDA LEGAL PROTECTDATA en nombre del <\/span><em><span dir=\"auto\" style=\"vertical-align: inherit;\">Centre Internacional de M\u00e8todes Num\u00e8rics a l&#8217;Enginyeria<\/span><\/em><span dir=\"auto\" style=\"vertical-align: inherit;\"> (CIMNE) <\/span><em><span dir=\"auto\" style=\"vertical-align: inherit;\">.<\/span><\/em><\/li>\n<li><strong><span dir=\"auto\" style=\"vertical-align: inherit;\">Finalidad<\/span><\/strong><span dir=\"auto\" style=\"vertical-align: inherit;\"> : gesti\u00f3n del uso del sitio web, comunicaciones con los usuarios y acceso a los servicios.<\/span><\/li>\n<li><strong><span dir=\"auto\" style=\"vertical-align: inherit;\">Base Legal<\/span><\/strong><span dir=\"auto\" style=\"vertical-align: inherit;\"> : consentimiento del usuario e inter\u00e9s leg\u00edtimo de CIMNE en prestar sus servicios.<\/span><\/li>\n<li><strong><span dir=\"auto\" style=\"vertical-align: inherit;\">Derechos<\/span><\/strong><span dir=\"auto\" style=\"vertical-align: inherit;\"> : Los usuarios pueden ejercer sus derechos de acceso, rectificaci\u00f3n, supresi\u00f3n, oposici\u00f3n, limitaci\u00f3n y portabilidad contactando con <\/span><strong><span dir=\"auto\" style=\"vertical-align: inherit;\">dpo@cimne.upc.edu<\/span><\/strong><span dir=\"auto\" style=\"vertical-align: inherit;\"> . <\/span><br \/><span dir=\"auto\" style=\"vertical-align: inherit;\">Para m\u00e1s informaci\u00f3n, consulte <\/span><a href=\"https:\/\/cimne.com\/privacy-policy\/\"><span dir=\"auto\" style=\"vertical-align: inherit;\">la Pol\u00edtica de Privacidad<\/span><\/a><span dir=\"auto\" style=\"vertical-align: inherit;\"> de CIMNE .<\/span><\/li>\n<\/ul>\n<p><\/li>\n<p><\/ul>\n<p>[\/et_pb_text][et_pb_heading title=\u00bb6. Cookies\u00bb admin_label=\u00bbIntellectual property\u00bb _builder_version=\u00bb4.27.4&#8243; _module_preset=\u00bbdefault\u00bb title_level=\u00bbh2&#8243; title_text_align=\u00bbleft\u00bb title_font_size=\u00bb3rem\u00bb title_line_height=\u00bb2.5rem\u00bb custom_margin=\u00bb20px||32px||false|false\u00bb custom_padding=\u00bb||||false|false\u00bb hover_enabled=\u00bb0&#8243; title_font_size_tablet=\u00bb2.5rem\u00bb title_font_size_phone=\u00bb2.5rem\u00bb title_font_size_last_edited=\u00bbon|tablet\u00bb global_colors_info=\u00bb{}\u00bb sticky_enabled=\u00bb0&#8243; locked=\u00bboff\u00bb][\/et_pb_heading][et_pb_text _builder_version=\u00bb4.27.4&#8243; _module_preset=\u00bbdefault\u00bb custom_margin=\u00bb||32px||false|false\u00bb hover_enabled=\u00bb0&#8243; global_colors_info=\u00bb{}\u00bb sticky_enabled=\u00bb0&#8243; locked=\u00bboff\u00bb]<\/p>\n<p><span dir=\"auto\" style=\"vertical-align: inherit;\">El sitio web utiliza cookies y tecnolog\u00edas similares. Puede encontrar informaci\u00f3n detallada en la <\/span><a href=\"https:\/\/cimne.com\/cookies-policy\/\"><span dir=\"auto\" style=\"vertical-align: inherit;\">p\u00e1gina de Pol\u00edtica de Cookies de CIMNE<\/span><\/a><span dir=\"auto\" style=\"vertical-align: inherit;\"> , que se recomienda a los usuarios consultar y aceptar seg\u00fan corresponda.<\/span><\/p>\n<p>[\/et_pb_text][et_pb_heading title=\u00bb7. Enlaces a terceros\u00bb admin_label=\u00bbIntellectual property\u00bb _builder_version=\u00bb4.27.4&#8243; _module_preset=\u00bbdefault\u00bb title_level=\u00bbh2&#8243; title_text_align=\u00bbleft\u00bb title_font_size=\u00bb3rem\u00bb title_line_height=\u00bb2.5rem\u00bb custom_margin=\u00bb20px||32px||false|false\u00bb custom_padding=\u00bb||||false|false\u00bb hover_enabled=\u00bb0&#8243; title_font_size_tablet=\u00bb2.5rem\u00bb title_font_size_phone=\u00bb2.5rem\u00bb title_font_size_last_edited=\u00bbon|tablet\u00bb global_colors_info=\u00bb{}\u00bb sticky_enabled=\u00bb0&#8243; locked=\u00bboff\u00bb][\/et_pb_heading][et_pb_text _builder_version=\u00bb4.27.4&#8243; _module_preset=\u00bbdefault\u00bb custom_margin=\u00bb||32px||false|false\u00bb hover_enabled=\u00bb0&#8243; global_colors_info=\u00bb{}\u00bb sticky_enabled=\u00bb0&#8243; locked=\u00bboff\u00bb]<\/p>\n<p><span dir=\"auto\" style=\"vertical-align: inherit;\">El Sitio Web puede contener enlaces a sitios web de terceros, incluyendo, entre otros, a socios y clientes de CIMNE. CIMNE no se responsabiliza del contenido, la exactitud ni la fiabilidad de dichos sitios web externos.<\/span><\/p>\n<p><\/p>\n<p><span dir=\"auto\" style=\"vertical-align: inherit;\">La inclusi\u00f3n de dichos enlaces no implica respaldo o asociaci\u00f3n con sus operadores.<\/span><\/p>\n<p>[\/et_pb_text][et_pb_heading title=\u00bb8. Menores de edad\u00bb admin_label=\u00bbIntellectual property\u00bb _builder_version=\u00bb4.27.4&#8243; _module_preset=\u00bbdefault\u00bb title_level=\u00bbh2&#8243; title_text_align=\u00bbleft\u00bb title_font_size=\u00bb3rem\u00bb title_line_height=\u00bb2.5rem\u00bb custom_margin=\u00bb20px||32px||false|false\u00bb custom_padding=\u00bb||||false|false\u00bb hover_enabled=\u00bb0&#8243; title_font_size_tablet=\u00bb2.5rem\u00bb title_font_size_phone=\u00bb2.5rem\u00bb title_font_size_last_edited=\u00bbon|tablet\u00bb global_colors_info=\u00bb{}\u00bb sticky_enabled=\u00bb0&#8243; locked=\u00bboff\u00bb][\/et_pb_heading][et_pb_text _builder_version=\u00bb4.27.4&#8243; _module_preset=\u00bbdefault\u00bb custom_margin=\u00bb||32px||false|false\u00bb hover_enabled=\u00bb0&#8243; global_colors_info=\u00bb{}\u00bb sticky_enabled=\u00bb0&#8243; locked=\u00bboff\u00bb]<\/p>\n<p><span dir=\"auto\" style=\"vertical-align: inherit;\">Los servicios y contenidos del Sitio Web no est\u00e1n dirigidos espec\u00edficamente a menores de 14 a\u00f1os. Los padres o tutores legales son responsables de supervisar la actividad en l\u00ednea de los menores, seg\u00fan lo dispuesto por la ley.<\/span><\/p>\n<p>[\/et_pb_text][et_pb_heading title=\u00bb9. Jurisdicci\u00f3n y ley aplicable\u00bb admin_label=\u00bbIntellectual property\u00bb _builder_version=\u00bb4.27.4&#8243; _module_preset=\u00bbdefault\u00bb title_level=\u00bbh2&#8243; title_text_align=\u00bbleft\u00bb title_font_size=\u00bb3rem\u00bb title_line_height=\u00bb2.5rem\u00bb custom_margin=\u00bb20px||32px||false|false\u00bb custom_padding=\u00bb||||false|false\u00bb hover_enabled=\u00bb0&#8243; title_font_size_tablet=\u00bb2.5rem\u00bb title_font_size_phone=\u00bb2.5rem\u00bb title_font_size_last_edited=\u00bbon|tablet\u00bb global_colors_info=\u00bb{}\u00bb sticky_enabled=\u00bb0&#8243; locked=\u00bboff\u00bb][\/et_pb_heading][et_pb_text _builder_version=\u00bb4.27.4&#8243; _module_preset=\u00bbdefault\u00bb custom_margin=\u00bb||32px||false|false\u00bb hover_enabled=\u00bb0&#8243; global_colors_info=\u00bb{}\u00bb sticky_enabled=\u00bb0&#8243; locked=\u00bboff\u00bb]<\/p>\n<p><span dir=\"auto\" style=\"vertical-align: inherit;\">Las presentes Condiciones se rigen por la legislaci\u00f3n espa\u00f1ola y catalana.<\/span><\/p>\n<p><\/p>\n<p><span dir=\"auto\" style=\"vertical-align: inherit;\">Cualquier controversia se someter\u00e1 a los juzgados y tribunales de Barcelona, \u200b\u200bsalvo que la normativa aplicable en protecci\u00f3n de los consumidores establezca lo contrario.<\/span><\/p>\n<p>[\/et_pb_text][et_pb_heading title=\u00bb10. Modificaciones\u00bb admin_label=\u00bbIntellectual property\u00bb _builder_version=\u00bb4.27.4&#8243; _module_preset=\u00bbdefault\u00bb title_level=\u00bbh2&#8243; title_text_align=\u00bbleft\u00bb title_font_size=\u00bb3rem\u00bb title_line_height=\u00bb2.5rem\u00bb custom_margin=\u00bb20px||32px||false|false\u00bb custom_padding=\u00bb||||false|false\u00bb hover_enabled=\u00bb0&#8243; title_font_size_tablet=\u00bb2.5rem\u00bb title_font_size_phone=\u00bb2.5rem\u00bb title_font_size_last_edited=\u00bbon|tablet\u00bb global_colors_info=\u00bb{}\u00bb sticky_enabled=\u00bb0&#8243; locked=\u00bboff\u00bb][\/et_pb_heading][et_pb_text _builder_version=\u00bb4.27.4&#8243; _module_preset=\u00bbdefault\u00bb custom_margin=\u00bb||32px||false|false\u00bb hover_enabled=\u00bb0&#8243; global_colors_info=\u00bb{}\u00bb sticky_enabled=\u00bb0&#8243; locked=\u00bboff\u00bb]<\/p>\n<p><span dir=\"auto\" style=\"vertical-align: inherit;\">CIMNE se reserva el derecho de modificar estos T\u00e9rminos en cualquier momento.<\/span><\/p>\n<p><\/p>\n<p><span dir=\"auto\" style=\"vertical-align: inherit;\">Los T\u00e9rminos revisados \u200b\u200bse publicar\u00e1n en el Sitio web y entrar\u00e1n en vigor a partir de la fecha de publicaci\u00f3n.<\/span><\/p>\n<p>[\/et_pb_text][\/et_pb_column][\/et_pb_row][\/et_pb_section]<\/p>\n","protected":false},"excerpt":{"rendered":"<p>CIMNE (Centre Internacional de M\u00e8todes Num\u00e8rics a l&#8217;Enginyeria) UPC. Campus Ed. C1 Campus Nord. NIF Q-5850006-G El Centro Internacional de M\u00e9todos Num\u00e9ricos en Ingenier\u00eda es un centro aut\u00f3nomo de investigaci\u00f3n y desarrollo dedicado a promover y fomentar avances en el desarrollo y la aplicaci\u00f3n de m\u00e9todos num\u00e9ricos y t\u00e9cnicas computacionales para la soluci\u00f3n de problemas [&hellip;]<\/p>\n","protected":false},"author":2,"featured_media":0,"parent":0,"menu_order":0,"comment_status":"closed","ping_status":"closed","template":"","meta":{"_acf_changed":false,"_et_pb_use_builder":"on","_et_pb_old_content":"","_et_gb_content_width":"","slim_seo":{"title":"Condiciones generales de uso y acceso - CIMNE","description":"CIMNE (Centre Internacional de M\u00e8todes Num\u00e8rics a l'Enginyeria) UPC. Campus Ed. C1 Campus Nord. NIF Q-5850006-G El Centro Internacional de M\u00e9todos Num\u00e9ricos en"},"footnotes":""},"class_list":["post-246310","page","type-page","status-publish","hentry"],"acf":[],"_links":{"self":[{"href":"https:\/\/cimne.com\/es\/wp-json\/wp\/v2\/pages\/246310","targetHints":{"allow":["GET"]}}],"collection":[{"href":"https:\/\/cimne.com\/es\/wp-json\/wp\/v2\/pages"}],"about":[{"href":"https:\/\/cimne.com\/es\/wp-json\/wp\/v2\/types\/page"}],"author":[{"embeddable":true,"href":"https:\/\/cimne.com\/es\/wp-json\/wp\/v2\/users\/2"}],"replies":[{"embeddable":true,"href":"https:\/\/cimne.com\/es\/wp-json\/wp\/v2\/comments?post=246310"}],"version-history":[{"count":0,"href":"https:\/\/cimne.com\/es\/wp-json\/wp\/v2\/pages\/246310\/revisions"}],"wp:attachment":[{"href":"https:\/\/cimne.com\/es\/wp-json\/wp\/v2\/media?parent=246310"}],"curies":[{"name":"wp","href":"https:\/\/api.w.org\/{rel}","templated":true}]}}