{"id":245919,"date":"2025-08-05T11:15:20","date_gmt":"2025-08-05T09:15:20","guid":{"rendered":"https:\/\/cimne.com\/jobs-fellowships\/financiacion-competitiva\/oportunidades-senior\/"},"modified":"2026-02-25T15:57:56","modified_gmt":"2026-02-25T14:57:56","slug":"oportunidades-senior","status":"publish","type":"page","link":"https:\/\/cimne.com\/es\/empleos-becas\/financiacion-competitiva\/oportunidades-senior\/","title":{"rendered":"Oportunidades acad\u00e9micas s\u00e9nior"},"content":{"rendered":"<p>[et_pb_section fb_built=\u00bb1&#8243; disabled_on=\u00bboff|off|off\u00bb admin_label=\u00bbHeader\u00bb _builder_version=\u00bb4.27.5&#8243; _module_preset=\u00bb5117f25a-2f80-4d72-abc6-8bb8195e3c31&#8243; custom_padding=\u00bb144px||0px||false|false\u00bb border_width_bottom=\u00bb1px\u00bb border_color_bottom=\u00bb#d9d9d9&#8243; border_width_bottom_last_edited=\u00bboff|desktop\u00bb locked=\u00bboff\u00bb collapsed=\u00bboff\u00bb global_colors_info=\u00bb{}\u00bb][et_pb_row column_structure=\u00bb2_3,1_3&#8243; _builder_version=\u00bb4.27.5&#8243; _module_preset=\u00bbc0a9f887-e341-4d5a-9f1b-1241f8959980&#8243; hover_enabled=\u00bb0&#8243; global_colors_info=\u00bb{}\u00bb custom_css_main_element_last_edited=\u00bbon|desktop\u00bb custom_css_main_element_tablet=\u00bbdisplay: flex;||flex-direction: column-reverse;\u00bb custom_css_main_element_phone=\u00bbdisplay: flex;||flex-direction: column-reverse;\u00bb sticky_enabled=\u00bb0&#8243;][et_pb_column type=\u00bb2_3&#8243; _builder_version=\u00bb4.27.5&#8243; _module_preset=\u00bb56e57fde-4561-4cf6-a771-0a733a7201b1&#8243; custom_padding=\u00bb50px|3%|50px|3%|true|false\u00bb custom_padding_tablet=\u00bb50px||50px||true|false\u00bb custom_padding_phone=\u00bb50px|6%|50px|6%|true|true\u00bb custom_padding_last_edited=\u00bbon|desktop\u00bb hover_enabled=\u00bb0&#8243; border_width_right=\u00bb1px\u00bb border_color_right=\u00bb#d9d9d9&#8243; border_width_right_tablet=\u00bb0px\u00bb border_width_right_phone=\u00bb0px\u00bb border_width_right_last_edited=\u00bbon|desktop\u00bb global_colors_info=\u00bb{}\u00bb custom_css_main_element=\u00bbdisplay: flex;||flex-direction: column;||justify-content: flex-end;\u00bb sticky_enabled=\u00bb0&#8243;][et_pb_divider color=\u00bb#004996&#8243; divider_position=\u00bbcenter\u00bb _builder_version=\u00bb4.27.0&#8243; _module_preset=\u00bbdefault\u00bb width=\u00bb85px\u00bb module_alignment=\u00bbleft\u00bb custom_margin=\u00bb||0px||false|false\u00bb locked=\u00bboff\u00bb global_colors_info=\u00bb{}\u00bb][\/et_pb_divider][et_pb_text admin_label=\u00bbSubtitle\u00bb _builder_version=\u00bb4.27.5&#8243; _module_preset=\u00bb0962eb46-eaf5-4130-b8a8-ca44ca5695f6&#8243; global_colors_info=\u00bb{}\u00bb]<\/p>\nFinanciaci\u00f3n competitiva\n<p>[\/et_pb_text][et_pb_heading title=\u00bb@ET-DC@eyJkeW5hbWljIjp0cnVlLCJjb250ZW50IjoicG9zdF90aXRsZSIsInNldHRpbmdzIjp7ImJlZm9yZSI6IiIsImFmdGVyIjoiIn19@\u00bb admin_label=\u00bbH1&#8243; _builder_version=\u00bb4.27.5&#8243; _dynamic_attributes=\u00bbtitle\u00bb _module_preset=\u00bb20f4cb02-b989-482e-b994-8f37b33e99a9&#8243; title_line_height_tablet=\u00bb\u00bb title_line_height_phone=\u00bb\u00bb title_line_height_last_edited=\u00bbon|phone\u00bb global_colors_info=\u00bb{}\u00bb][\/et_pb_heading][et_pb_text _builder_version=\u00bb4.27.4&#8243; _module_preset=\u00bbdefault\u00bb text_text_color=\u00bb#02a0a5&#8243; text_font_size=\u00bb1.5rem\u00bb text_font_size_tablet=\u00bb1.5rem\u00bb text_font_size_last_edited=\u00bboff|desktop\u00bb global_colors_info=\u00bb{}\u00bb]<\/p>\n<p><span data-sheets-root=\"1\">Si eres un investigador consolidado y te interesa formar parte de un centro de referencia internacional en m\u00e9todos num\u00e9ricos e ingenier\u00eda computacional, CIMNE te ofrece un entorno de investigaci\u00f3n atractivo y estimulante.<\/span><\/p>\n<p>[\/et_pb_text][\/et_pb_column][et_pb_column type=\u00bb1_3&#8243; _builder_version=\u00bb4.27.5&#8243; _module_preset=\u00bb61350d84-566e-4f88-87e6-6bd5d2c6a9aa\u00bb custom_padding=\u00bb50px|3%|50px|3%|true|false\u00bb custom_padding_tablet=\u00bb50px|6%|0px|6%|false|true\u00bb custom_padding_phone=\u00bb50px|6%||6%|false|true\u00bb custom_padding_last_edited=\u00bbon|phone\u00bb hover_enabled=\u00bb0&#8243; global_colors_info=\u00bb{}\u00bb custom_css_main_element=\u00bbdisplay: flex;||flex-direction: column;||justify-content: flex-end;\u00bb sticky_enabled=\u00bb0&#8243;][et_pb_image src=\u00bbhttps:\/\/cimne.com\/wp-content\/uploads\/2025\/08\/cimne-jobs-competitive-senior.jpg\u00bb alt=\u00bbCimne ofrece puestos de trabajo competitivos para personas con experiencia.\u00bb title_text=\u00bbcimne-jobs-competitive-senior\u00bb align=\u00bbcenter\u00bb force_fullwidth=\u00bbon\u00bb _builder_version=\u00bb4.27.5&#8243; _module_preset=\u00bb8e0b4b74-aeac-4741-955b-73ab202a4638&#8243; custom_margin=\u00bb||0px||false|false\u00bb global_colors_info=\u00bb{}\u00bb][\/et_pb_image][\/et_pb_column][\/et_pb_row][\/et_pb_section][et_pb_section fb_built=\u00bb1&#8243; admin_label=\u00bbIntro\u00bb _builder_version=\u00bb4.27.5&#8243; _module_preset=\u00bbfed47f3e-3ebe-4259-a156-523c8e0b8966&#8243; border_color_top=\u00bb#d9d9d9&#8243; border_width_bottom=\u00bb1px\u00bb border_color_bottom=\u00bb#d9d9d9&#8243; border_width_top_tablet=\u00bb1px\u00bb border_width_top_phone=\u00bb1px\u00bb border_width_top_last_edited=\u00bboff|tablet\u00bb border_width_bottom_tablet=\u00bb1px\u00bb border_width_bottom_phone=\u00bb1px\u00bb border_width_bottom_last_edited=\u00bbon|desktop\u00bb locked=\u00bboff\u00bb collapsed=\u00bboff\u00bb global_colors_info=\u00bb{}\u00bb][et_pb_row column_structure=\u00bb2_5,3_5&#8243; admin_label=\u00bbContenido\u00bb _builder_version=\u00bb4.27.4&#8243; _module_preset=\u00bbc7c24b71-68f1-4ba2-bc79-49dcbcce5ea1&#8243; custom_margin=\u00bb|0px||0px|false|false\u00bb custom_padding=\u00bb50px|0px|50px|0px|true|false\u00bb locked=\u00bboff\u00bb global_colors_info=\u00bb{}\u00bb][et_pb_column type=\u00bb2_5&#8243; _builder_version=\u00bb4.27.4&#8243; _module_preset=\u00bb56e57fde-4561-4cf6-a771-0a733a7201b1&#8243; custom_padding=\u00bb0px|3%||3%|false|false\u00bb custom_padding_tablet=\u00bb0px|6%||6%|false|true\u00bb global_colors_info=\u00bb{}\u00bb][\/et_pb_column][et_pb_column type=\u00bb3_5&#8243; _builder_version=\u00bb4.27.4&#8243; _module_preset=\u00bb56e57fde-4561-4cf6-a771-0a733a7201b1&#8243; custom_padding=\u00bb0px|3%||3%|false|false\u00bb custom_padding_tablet=\u00bb0px|6%||6%|false|true\u00bb global_colors_info=\u00bb{}\u00bb][et_pb_text _builder_version=\u00bb4.27.4&#8243; _module_preset=\u00bbdefault\u00bb text_font_size=\u00bb18px\u00bb global_colors_info=\u00bb{}\u00bb]<\/p>\n<p><span data-sheets-root=\"1\">Son bienvenidas propuestas de todas las disciplinas vinculadas a <a class=\"in-cell-link\" href=\"https:\/\/cimne.com\/es\/investigacion\/\" target=\"_blank\" rel=\"noopener\">nuestras l\u00edneas de investigaci\u00f3n<\/a>. Si est\u00e1s interesado en solicitar alguna de las oportunidades de financiaci\u00f3n competitiva que se detallan a continuaci\u00f3n, ponte en contacto con nosotros para agendar una reuni\u00f3n con nuestro equipo cient\u00edfico. Desde la Oficina de Proyectos te podemos acompa\u00f1ar durante el proceso de solicitud.<\/span><\/p>\n<p>[\/et_pb_text][\/et_pb_column][\/et_pb_row][\/et_pb_section][et_pb_section fb_built=\u00bb1&#8243; admin_label=\u00bbContent\u00bb _builder_version=\u00bb4.27.4&#8243; _module_preset=\u00bbfed47f3e-3ebe-4259-a156-523c8e0b8966&#8243; border_radii_tablet=\u00bb\u00bb border_radii_phone=\u00bb\u00bb border_radii_last_edited=\u00bbon|phone\u00bb locked=\u00bboff\u00bb collapsed=\u00bboff\u00bb global_colors_info=\u00bb{}\u00bb][et_pb_row column_structure=\u00bb1_3,2_3&#8243; _builder_version=\u00bb4.27.4&#8243; _module_preset=\u00bbc7c24b71-68f1-4ba2-bc79-49dcbcce5ea1&#8243; custom_margin=\u00bb|0px||0px|false|false\u00bb custom_padding=\u00bb20px|0px|0px|0px|false|false\u00bb global_colors_info=\u00bb{}\u00bb][et_pb_column type=\u00bb1_3&#8243; _builder_version=\u00bb4.27.0&#8243; _module_preset=\u00bb56e57fde-4561-4cf6-a771-0a733a7201b1&#8243; global_colors_info=\u00bb{}\u00bb][et_pb_heading title=\u00bbICREA Senior\u00bb admin_label=\u00bbH2&#8243; _builder_version=\u00bb4.27.4&#8243; _module_preset=\u00bbdefault\u00bb title_level=\u00bbh2&#8243; title_text_color=\u00bb#02a0a5&#8243; title_font_size=\u00bb2rem\u00bb title_line_height=\u00bb2.25rem\u00bb title_font_size_last_edited=\u00bboff|desktop\u00bb global_colors_info=\u00bb{}\u00bb][\/et_pb_heading][\/et_pb_column][et_pb_column type=\u00bb2_3&#8243; _builder_version=\u00bb4.27.0&#8243; _module_preset=\u00bb56e57fde-4561-4cf6-a771-0a733a7201b1&#8243; global_colors_info=\u00bb{}\u00bb][et_pb_text _builder_version=\u00bb4.27.4&#8243; _module_preset=\u00bbdefault\u00bb text_font=\u00bb&#8211;et_global_body_font||||||||\u00bb text_text_color=\u00bb#444444&#8243; text_font_size=\u00bb1.1rem\u00bb text_line_height=\u00bb1.5rem\u00bb custom_margin=\u00bb||20px||false|false\u00bb global_colors_info=\u00bb{}\u00bb]<\/p>\n<ul>\n<li style=\"list-style-type: none;\">\n<ul>\n<li><strong>Nombre completo<\/strong>: Convocatoria ICREA Senior<\/li>\n<li><strong>Descripci\u00f3n<\/strong>: ICREA (Instituci\u00f3n Catalana de Investigaci\u00f3n y Estudios Avanzados) es una fundaci\u00f3n respaldada por el Gobierno de Catalu\u00f1a y dirigida por un Patronato. Naci\u00f3 con el objetivo de establecer nuevas f\u00f3rmulas de contrataci\u00f3n que permitieran competir en igualdad de condiciones con otros sistemas de investigaci\u00f3n, centrando sus esfuerzos en atraer exclusivamente a cient\u00edficos y acad\u00e9micos de talento excepcional. ICREA ofrece plazas permanentes dentro del sistema catal\u00e1n de investigaci\u00f3n. Los investigadores seleccionados obtienen la categor\u00eda de Profesores de Investigaci\u00f3n ICREA. A lo largo de su trayectoria, estos investigadores se someten peri\u00f3dicamente a procesos de evaluaci\u00f3n (promoci\u00f3n). Las posiciones ICREA no son compatibles con cargos permanentes fuera del sistema catal\u00e1n de investigaci\u00f3n, ni siquiera a tiempo parcial.<\/li>\n<li><strong>Apertura de la convocatoria<\/strong>: Fecha prevista entre la segunda quincena de enero y la primera quincena de marzo de 2026.<\/li>\n<li><strong>Retribuci\u00f3n<\/strong>: Los salarios se ajustan a los establecidos en las universidades catalanas.<\/li>\n<li><strong>Entidad financiadora<\/strong>: Instituci\u00f3n Catalana de Investigaci\u00f3n y Estudios Avanzados (ICREA)<\/li>\n<li><strong>Sitio web<\/strong>: <a href=\"https:\/\/www.icrea.cat\/en\/calls\">Calls | ICREA<\/a><\/li>\n<\/ul>\n<p><\/li>\n<p><\/ul>\n<p><\/p>\n<p>* Los datos son orientativos y pueden estar sujetos a cambios en futuras convocatorias.<\/p>\n<p>[\/et_pb_text][\/et_pb_column][\/et_pb_row][et_pb_row admin_label=\u00bb1px Line Row\u00bb _builder_version=\u00bb4.27.4&#8243; _module_preset=\u00bbdefault\u00bb width=\u00bb100%\u00bb max_width=\u00bb2500px\u00bb custom_margin=\u00bb0px||0px||true|false\u00bb custom_padding=\u00bb0px||0px||true|false\u00bb collapsed=\u00bbon\u00bb global_colors_info=\u00bb{}\u00bb][et_pb_column type=\u00bb4_4&#8243; _builder_version=\u00bb4.27.4&#8243; _module_preset=\u00bbdefault\u00bb global_colors_info=\u00bb{}\u00bb]<\/p>\n<p>[et_pb_divider show_divider=\u00bboff\u00bb _builder_version=\u00bb4.27.4&#8243; _module_preset=\u00bbdefault\u00bb width=\u00bb100%\u00bb height=\u00bb0px\u00bb custom_margin=\u00bb0px||0px||true|false\u00bb custom_padding=\u00bb0px||0px||true|false\u00bb border_width_bottom=\u00bb1px\u00bb border_color_bottom=\u00bb#d9d9d9&#8243; global_colors_info=\u00bb{}\u00bb][\/et_pb_divider]<\/p>\n<p>[\/et_pb_column][\/et_pb_row][et_pb_row column_structure=\u00bb1_3,2_3&#8243; _builder_version=\u00bb4.27.4&#8243; _module_preset=\u00bbc7c24b71-68f1-4ba2-bc79-49dcbcce5ea1&#8243; custom_margin=\u00bb|0px||0px|false|false\u00bb global_colors_info=\u00bb{}\u00bb][et_pb_column type=\u00bb1_3&#8243; _builder_version=\u00bb4.27.0&#8243; _module_preset=\u00bb56e57fde-4561-4cf6-a771-0a733a7201b1&#8243; global_colors_info=\u00bb{}\u00bb][et_pb_heading title=\u00bbERC Advanced Grant\u00bb admin_label=\u00bbH2&#8243; _builder_version=\u00bb4.27.4&#8243; _module_preset=\u00bbdefault\u00bb title_level=\u00bbh2&#8243; title_text_color=\u00bb#02a0a5&#8243; title_font_size=\u00bb2rem\u00bb title_line_height=\u00bb2.25rem\u00bb title_font_size_last_edited=\u00bboff|desktop\u00bb global_colors_info=\u00bb{}\u00bb][\/et_pb_heading][\/et_pb_column][et_pb_column type=\u00bb2_3&#8243; _builder_version=\u00bb4.27.0&#8243; _module_preset=\u00bb56e57fde-4561-4cf6-a771-0a733a7201b1&#8243; global_colors_info=\u00bb{}\u00bb][et_pb_text _builder_version=\u00bb4.27.4&#8243; _module_preset=\u00bbdefault\u00bb text_font=\u00bb&#8211;et_global_body_font||||||||\u00bb text_text_color=\u00bb#444444&#8243; text_font_size=\u00bb1.1rem\u00bb text_line_height=\u00bb1.5rem\u00bb custom_margin=\u00bb||20px||false|false\u00bb global_colors_info=\u00bb{}\u00bb]<\/p>\n<ul>\n<li style=\"list-style-type: none;\">\n<ul>\n<li><strong>Nombre completo<\/strong>: ERC Advanced Grant<\/li>\n<li><strong>Descripci\u00f3n<\/strong>: La misi\u00f3n del ERC es fomentar la investigaci\u00f3n de m\u00e1xima calidad en Europa mediante financiaci\u00f3n competitiva, apoyando proyectos de frontera impulsados por investigadores en todas las disciplinas, con base en la excelencia cient\u00edfica.<br \/>\u00bfEres un investigador principal consolidado que busca financiaci\u00f3n a largo plazo para desarrollar un proyecto rompedor y de alto riesgo? La ERC Advanced Grant puede ser tu oportunidad.<br \/>Estas ayudas est\u00e1n dirigidas a investigadores activos con una trayectoria destacada de logros cient\u00edficos significativos en los \u00faltimos 10 a\u00f1os. Se espera que los candidatos sean l\u00edderes excepcionales por la originalidad y relevancia de sus contribuciones cient\u00edficas.<\/li>\n<li><strong>Apertura de la convocatoria<\/strong>: Convocatoria anual para todas las \u00e1reas cient\u00edficas (prevista del 22\/05\/2025 al 28\/08\/2025).<\/li>\n<li><strong>Duraci\u00f3n<\/strong>: 5 a\u00f1os<\/li>\n<li><strong>Financiaci\u00f3n del proyecto<\/strong>: Hasta 2,5 millones de euros para un periodo de 5 a\u00f1os<\/li>\n<li><strong>Retribuci\u00f3n<\/strong>: Seg\u00fan la cualificaci\u00f3n y experiencia del candidato, conforme a las escalas salariales institucionales.<\/li>\n<li><strong>Entidad financiadora<\/strong>: Comisi\u00f3n Europea<\/li>\n<li><strong>Sitio web<\/strong>: <a href=\"https:\/\/erc.europa.eu\/apply-grant\/advanced-grant\">Advanced Grants | ERC: European Research Council (europa.eu)<\/a><\/li>\n<\/ul>\n<p><\/li>\n<p><\/ul>\n<p><\/p>\n<p>* Los datos son orientativos y pueden estar sujetos a cambios en futuras convocatorias.<\/p>\n<p>[\/et_pb_text][\/et_pb_column][\/et_pb_row][et_pb_row admin_label=\u00bb1px Line Row\u00bb _builder_version=\u00bb4.27.4&#8243; _module_preset=\u00bbdefault\u00bb width=\u00bb100%\u00bb max_width=\u00bb2500px\u00bb custom_margin=\u00bb0px||0px||true|false\u00bb custom_padding=\u00bb0px||0px||true|false\u00bb collapsed=\u00bbon\u00bb global_colors_info=\u00bb{}\u00bb][et_pb_column type=\u00bb4_4&#8243; _builder_version=\u00bb4.27.4&#8243; _module_preset=\u00bbdefault\u00bb global_colors_info=\u00bb{}\u00bb]<\/p>\n<p>[et_pb_divider show_divider=\u00bboff\u00bb _builder_version=\u00bb4.27.4&#8243; _module_preset=\u00bbdefault\u00bb width=\u00bb100%\u00bb height=\u00bb0px\u00bb custom_margin=\u00bb0px||0px||true|false\u00bb custom_padding=\u00bb0px||0px||true|false\u00bb border_width_bottom=\u00bb1px\u00bb border_color_bottom=\u00bb#d9d9d9&#8243; global_colors_info=\u00bb{}\u00bb][\/et_pb_divider]<\/p>\n<p>[\/et_pb_column][\/et_pb_row][et_pb_row column_structure=\u00bb1_3,2_3&#8243; _builder_version=\u00bb4.27.4&#8243; _module_preset=\u00bbc7c24b71-68f1-4ba2-bc79-49dcbcce5ea1&#8243; custom_margin=\u00bb|0px||0px|false|false\u00bb global_colors_info=\u00bb{}\u00bb][et_pb_column type=\u00bb1_3&#8243; _builder_version=\u00bb4.27.0&#8243; _module_preset=\u00bb56e57fde-4561-4cf6-a771-0a733a7201b1&#8243; global_colors_info=\u00bb{}\u00bb][et_pb_heading title=\u00bbERC Consolidator Grants\u00bb admin_label=\u00bbH2&#8243; _builder_version=\u00bb4.27.4&#8243; _module_preset=\u00bbdefault\u00bb title_level=\u00bbh2&#8243; title_text_color=\u00bb#02a0a5&#8243; title_font_size=\u00bb2rem\u00bb title_line_height=\u00bb2.25rem\u00bb title_font_size_last_edited=\u00bboff|desktop\u00bb locked=\u00bboff\u00bb global_colors_info=\u00bb{}\u00bb][\/et_pb_heading][\/et_pb_column][et_pb_column type=\u00bb2_3&#8243; _builder_version=\u00bb4.27.0&#8243; _module_preset=\u00bb56e57fde-4561-4cf6-a771-0a733a7201b1&#8243; global_colors_info=\u00bb{}\u00bb][et_pb_text _builder_version=\u00bb4.27.4&#8243; _module_preset=\u00bbdefault\u00bb text_font=\u00bb&#8211;et_global_body_font||||||||\u00bb text_text_color=\u00bb#444444&#8243; text_font_size=\u00bb1.1rem\u00bb text_line_height=\u00bb1.5rem\u00bb custom_margin=\u00bb||20px||false|false\u00bb locked=\u00bboff\u00bb global_colors_info=\u00bb{}\u00bb]<\/p>\n<ul>\n<li style=\"list-style-type: none;\">\n<ul>\n<li><strong>Nombre completo<\/strong>: ERC Consolidator Grants<\/li>\n<li><strong>Descripci\u00f3n<\/strong>: La misi\u00f3n del ERC es promover la investigaci\u00f3n de m\u00e1xima calidad en Europa mediante financiaci\u00f3n competitiva, apoyando proyectos de frontera liderados por investigadores en todas las disciplinas, con base en la excelencia cient\u00edfica.<br \/>\u00bfEres un cient\u00edfico que busca consolidar su independencia formando un equipo de investigaci\u00f3n y desarrollando una carrera s\u00f3lida en Europa? La ERC Consolidator Grant puede ser tu oportunidad. Tambi\u00e9n puedes postular si has creado recientemente un equipo independiente y excelente, y deseas reforzarlo. Estas ayudas est\u00e1n dirigidas a investigadores con entre 7 y 12 a\u00f1os de experiencia desde la obtenci\u00f3n del doctorado, con una trayectoria cient\u00edfica prometedora y una propuesta de investigaci\u00f3n de alto nivel.<\/li>\n<li><strong>Apertura de la convocatoria<\/strong>: Convocatoria anual para todas las \u00e1reas cient\u00edficas (prevista del 25\/09\/2025 al 13\/01\/2026).<\/li>\n<li><strong>Duraci\u00f3n<\/strong>: 5 a\u00f1os<\/li>\n<li><strong>Financiaci\u00f3n del proyecto<\/strong>: Hasta 2 millones de euros para un periodo de 5 a\u00f1os<\/li>\n<li><strong>Retribuci\u00f3n<\/strong>: Seg\u00fan la cualificaci\u00f3n y experiencia del candidato, conforme a las escalas salariales institucionales.<\/li>\n<li><strong>Entidad financiadora<\/strong>: Comisi\u00f3n Europea<\/li>\n<li><strong>Sitio web<\/strong>: <a href=\"https:\/\/erc.europa.eu\/apply-grant\/consolidator-grant\">Consolidator Grants | ERC: European Research Council (europa.eu)<\/a><\/li>\n<\/ul>\n<p><\/li>\n<p><\/ul>\n<p><\/p>\n<p>* Los datos son orientativos y pueden estar sujetos a cambios en futuras convocatorias.<\/p>\n<p>[\/et_pb_text][\/et_pb_column][\/et_pb_row][et_pb_row admin_label=\u00bb1px Line Row\u00bb _builder_version=\u00bb4.27.4&#8243; _module_preset=\u00bbdefault\u00bb width=\u00bb100%\u00bb max_width=\u00bb2500px\u00bb custom_margin=\u00bb0px||0px||true|false\u00bb custom_padding=\u00bb0px||0px||true|false\u00bb collapsed=\u00bbon\u00bb global_colors_info=\u00bb{}\u00bb][et_pb_column type=\u00bb4_4&#8243; _builder_version=\u00bb4.27.4&#8243; _module_preset=\u00bbdefault\u00bb global_colors_info=\u00bb{}\u00bb]<\/p>\n<p>[et_pb_divider show_divider=\u00bboff\u00bb _builder_version=\u00bb4.27.4&#8243; _module_preset=\u00bbdefault\u00bb width=\u00bb100%\u00bb height=\u00bb0px\u00bb custom_margin=\u00bb0px||0px||true|false\u00bb custom_padding=\u00bb0px||0px||true|false\u00bb border_width_bottom=\u00bb1px\u00bb border_color_bottom=\u00bb#d9d9d9&#8243; global_colors_info=\u00bb{}\u00bb][\/et_pb_divider]<\/p>\n<p>[\/et_pb_column][\/et_pb_row][et_pb_row column_structure=\u00bb1_3,2_3&#8243; _builder_version=\u00bb4.27.4&#8243; _module_preset=\u00bbc7c24b71-68f1-4ba2-bc79-49dcbcce5ea1&#8243; custom_margin=\u00bb|0px||0px|false|false\u00bb global_colors_info=\u00bb{}\u00bb][et_pb_column type=\u00bb1_3&#8243; _builder_version=\u00bb4.27.0&#8243; _module_preset=\u00bb56e57fde-4561-4cf6-a771-0a733a7201b1&#8243; global_colors_info=\u00bb{}\u00bb][et_pb_heading title=\u00bbPrograma ATRAE\u00bb admin_label=\u00bbH2&#8243; _builder_version=\u00bb4.27.4&#8243; _module_preset=\u00bbdefault\u00bb title_level=\u00bbh2&#8243; title_text_color=\u00bb#02a0a5&#8243; title_font_size=\u00bb2rem\u00bb title_line_height=\u00bb2.25rem\u00bb title_font_size_last_edited=\u00bboff|desktop\u00bb global_colors_info=\u00bb{}\u00bb][\/et_pb_heading][\/et_pb_column][et_pb_column type=\u00bb2_3&#8243; _builder_version=\u00bb4.27.0&#8243; _module_preset=\u00bb56e57fde-4561-4cf6-a771-0a733a7201b1&#8243; global_colors_info=\u00bb{}\u00bb][et_pb_text _builder_version=\u00bb4.27.4&#8243; _module_preset=\u00bbdefault\u00bb text_font=\u00bb&#8211;et_global_body_font||||||||\u00bb text_text_color=\u00bb#444444&#8243; text_font_size=\u00bb1.1rem\u00bb text_line_height=\u00bb1.5rem\u00bb custom_margin=\u00bb||20px||false|false\u00bb locked=\u00bboff\u00bb global_colors_info=\u00bb{}\u00bb]<\/p>\n<ul>\n<li style=\"list-style-type: none;\">\n<ul>\n<li><strong>Nombre completo<\/strong>: Ayudas para incentivar la incorporaci\u00f3n de talento consolidado \u00abPrograma ATRAE\u00bb<\/li>\n<li><strong>Descripci\u00f3n<\/strong>: El \u201cPrograma ATRAE\u201d tiene como objetivo atraer investigadores de reconocido prestigio internacional. El Ministerio de Ciencia e Innovaci\u00f3n (MICINN), a trav\u00e9s de la Agencia Estatal de Investigaci\u00f3n (AEI), destinar\u00e1 30 millones de euros a esta iniciativa, que busca facilitar la incorporaci\u00f3n de talento investigador consolidado para avanzar hacia un sistema cient\u00edfico espa\u00f1ol m\u00e1s competitivo.<br \/>Estas ayudas est\u00e1n dirigidas a investigadores con doctorado obtenido antes de enero de 2017.<br \/>Los candidatos deben haber estado vinculados profesionalmente a instituciones de investigaci\u00f3n extranjeras durante al menos cinco a\u00f1os (entre el 1 de enero de 2018 y la fecha de inicio del plazo de solicitud).<br \/>Adem\u00e1s, deben cumplir al menos uno de los siguientes requisitos: pertenecer al 10\u202f% de investigadores m\u00e1s destacados en su \u00e1rea a nivel mundial, liderar un proyecto activo del Consejo Europeo de Investigaci\u00f3n (ERC), haber alcanzado el m\u00e1ximo nivel acad\u00e9mico\/investigador en su pa\u00eds de origen, o haber dirigido como investigador principal (IP) un n\u00famero significativo de proyectos competitivos, nacionales o internacionales, con contribuciones de gran relevancia e impacto en su campo.<\/li>\n<li><strong>Apertura de la convocatoria<\/strong>: Fecha prevista: julio de 2026<\/li>\n<li><strong>Duraci\u00f3n<\/strong>: 3\u20134 a\u00f1os<\/li>\n<li><strong>Financiaci\u00f3n del proyecto<\/strong>: 1.000.000 \u20ac por acci\u00f3n, incluyendo costes indirectos<\/li>\n<li><strong>Retribuci\u00f3n<\/strong>: 80.000 \u20ac brutos<\/li>\n<li><strong>Entidad financiadora<\/strong>: Ministerio de Ciencia e Innovaci\u00f3n<\/li>\n<li><strong>Sitio web<\/strong>: <a href=\"https:\/\/www.aei.gob.es\/convocatorias\/buscador-convocatorias\/ayudas-incentivar-incorporacion-talento-consolidado-programa\">Ayudas para incentivar la incorporaci\u00f3n de talento consolidado \u00abPrograma ATRAE\u00bb | Agencia Estatal de Investigaci\u00f3n (aei.gob.es)<\/a><\/li>\n<\/ul>\n<p><\/li>\n<p><\/ul>\n<p><\/p>\n<p>* Los datos son orientativos y pueden estar sujetos a cambios en futuras convocatorias.<\/p>\n<p>[\/et_pb_text][\/et_pb_column][\/et_pb_row][\/et_pb_section]<\/p>\n","protected":false},"excerpt":{"rendered":"<p>Financiaci\u00f3n competitivaSi eres un investigador consolidado y te interesa formar parte de un centro de referencia internacional en m\u00e9todos num\u00e9ricos e ingenier\u00eda computacional, CIMNE te ofrece un entorno de investigaci\u00f3n atractivo y estimulante.Son bienvenidas propuestas de todas las disciplinas vinculadas a nuestras l\u00edneas de investigaci\u00f3n. Si est\u00e1s interesado en solicitar alguna de las oportunidades de financiaci\u00f3n [&hellip;]<\/p>\n","protected":false},"author":2,"featured_media":240054,"parent":226526,"menu_order":0,"comment_status":"closed","ping_status":"closed","template":"","meta":{"_acf_changed":false,"_et_pb_use_builder":"on","_et_pb_old_content":"","_et_gb_content_width":"","slim_seo":{"title":"Oportunidades acad\u00e9micas s\u00e9nior - CIMNE","description":"Si eres un investigador consolidado y te interesa formar parte de un centro de referencia internacional en m\u00e9todos num\u00e9ricos e ingenier\u00eda computacional, CIMNE t"},"footnotes":""},"class_list":["post-245919","page","type-page","status-publish","has-post-thumbnail","hentry"],"acf":[],"_links":{"self":[{"href":"https:\/\/cimne.com\/es\/wp-json\/wp\/v2\/pages\/245919","targetHints":{"allow":["GET"]}}],"collection":[{"href":"https:\/\/cimne.com\/es\/wp-json\/wp\/v2\/pages"}],"about":[{"href":"https:\/\/cimne.com\/es\/wp-json\/wp\/v2\/types\/page"}],"author":[{"embeddable":true,"href":"https:\/\/cimne.com\/es\/wp-json\/wp\/v2\/users\/2"}],"replies":[{"embeddable":true,"href":"https:\/\/cimne.com\/es\/wp-json\/wp\/v2\/comments?post=245919"}],"version-history":[{"count":0,"href":"https:\/\/cimne.com\/es\/wp-json\/wp\/v2\/pages\/245919\/revisions"}],"up":[{"embeddable":true,"href":"https:\/\/cimne.com\/es\/wp-json\/wp\/v2\/pages\/226526"}],"wp:featuredmedia":[{"embeddable":true,"href":"https:\/\/cimne.com\/es\/wp-json\/wp\/v2\/media\/240054"}],"wp:attachment":[{"href":"https:\/\/cimne.com\/es\/wp-json\/wp\/v2\/media?parent=245919"}],"curies":[{"name":"wp","href":"https:\/\/api.w.org\/{rel}","templated":true}]}}