{"id":245769,"date":"2025-05-02T13:06:52","date_gmt":"2025-05-02T11:06:52","guid":{"rendered":"https:\/\/cimne.com\/innovation\/unidades-innovacion\/construccion-energia-y-medioambiente-beegroup\/biodigestores\/"},"modified":"2026-03-23T09:17:33","modified_gmt":"2026-03-23T08:17:33","slug":"biodigestores","status":"publish","type":"page","link":"https:\/\/cimne.com\/es\/innovacion\/unidades-innovacion\/construccion-energia-y-medioambiente-beegroup\/biodigestores\/","title":{"rendered":"Biodigestores"},"content":{"rendered":"<p>[et_pb_section fb_built=\u00bb1&#8243; disabled_on=\u00bboff|off|off\u00bb admin_label=\u00bbIntro desktop\u00bb module_id=\u00bbfirst-section\u00bb _builder_version=\u00bb4.27.4&#8243; background_color=\u00bbrgba(35,229,89,0.2)\u00bb positioning=\u00bbnone\u00bb custom_margin=\u00bb0px||0px||false|false\u00bb custom_padding=\u00bb0px||0px||false|false\u00bb border_width_all=\u00bb1px\u00bb border_color_all=\u00bb#d9d9d9&#8243; border_width_top=\u00bb1px\u00bb border_color_top=\u00bb#d9d9d9&#8243; border_width_right=\u00bb1px\u00bb border_color_right=\u00bb#d9d9d9&#8243; border_width_left=\u00bb1px\u00bb border_color_left=\u00bb#d9d9d9&#8243; collapsed=\u00bboff\u00bb global_colors_info=\u00bb{}\u00bb][et_pb_row column_structure=\u00bb2_3,1_3&#8243; _builder_version=\u00bb4.27.4&#8243; _module_preset=\u00bbc7c24b71-68f1-4ba2-bc79-49dcbcce5ea1&#8243; custom_margin_tablet=\u00bb\u00bb custom_margin_phone=\u00bb\u00bb custom_margin_last_edited=\u00bbon|phone\u00bb global_colors_info=\u00bb{}\u00bb][et_pb_column type=\u00bb2_3&#8243; _builder_version=\u00bb4.27.4&#8243; _module_preset=\u00bb56e57fde-4561-4cf6-a771-0a733a7201b1&#8243; custom_padding=\u00bb0px|3%|50px|3%|false|true\u00bb custom_padding_tablet=\u00bb0px|3%||3%|false|true\u00bb custom_padding_phone=\u00bb0px|3%||3%|false|true\u00bb custom_padding_last_edited=\u00bbon|desktop\u00bb border_width_right=\u00bb1px\u00bb border_color_right=\u00bb#d9d9d9&#8243; border_width_right_tablet=\u00bb0px\u00bb border_width_right_phone=\u00bb0px\u00bb border_width_right_last_edited=\u00bbon|phone\u00bb global_colors_info=\u00bb{}\u00bb][et_pb_divider color=\u00bb#004996&#8243; divider_position=\u00bbcenter\u00bb _builder_version=\u00bb4.27.0&#8243; _module_preset=\u00bbdefault\u00bb width=\u00bb85px\u00bb module_alignment=\u00bbleft\u00bb custom_margin=\u00bb||0px||false|false\u00bb global_colors_info=\u00bb{}\u00bb][\/et_pb_divider][et_pb_text admin_label=\u00bbSubtitle\u00bb _builder_version=\u00bb4.27.5&#8243; _module_preset=\u00bb0962eb46-eaf5-4130-b8a8-ca44ca5695f6&#8243; locked=\u00bboff\u00bb global_colors_info=\u00bb{}\u00bb]<\/p>\n<p>L\u00edneas de investigaci\u00f3n<\/p>\n<p>[\/et_pb_text][et_pb_heading title=\u00bb@ET-DC@eyJkeW5hbWljIjp0cnVlLCJjb250ZW50IjoicG9zdF90aXRsZSIsInNldHRpbmdzIjp7ImJlZm9yZSI6IiIsImFmdGVyIjoiIn19@\u00bb admin_label=\u00bbH1&#8243; _builder_version=\u00bb4.27.5&#8243; _dynamic_attributes=\u00bbtitle\u00bb _module_preset=\u00bb20f4cb02-b989-482e-b994-8f37b33e99a9&#8243; title_text_color=\u00bb#0f9d58&#8243; title_line_height_tablet=\u00bb\u00bb title_line_height_phone=\u00bb\u00bb title_line_height_last_edited=\u00bbon|phone\u00bb locked=\u00bboff\u00bb global_colors_info=\u00bb{}\u00bb][\/et_pb_heading][et_pb_blurb title=\u00bbUnidad de Innovaci\u00f3n\u00bb image=\u00bbhttps:\/\/cimne.com\/wp-content\/uploads\/2025\/06\/beecimne-logo-green.png\u00bb image_icon_width=\u00bb200px\u00bb _builder_version=\u00bb4.27.4&#8243; _module_preset=\u00bb318d4114-0a2a-4600-a80d-ed4f60c9034c\u00bb header_text_color=\u00bb#444444&#8243; image_icon_custom_padding=\u00bb0rem||||false|false\u00bb border_radii_image=\u00bbon|0px|0px|0px|0px\u00bb global_colors_info=\u00bb{}\u00bb]<\/p>\n<p>Construcci\u00f3n, energ\u00eda y medioambiente (BEE Group)<\/p>\n<p>[\/et_pb_blurb][\/et_pb_column][et_pb_column type=\u00bb1_3&#8243; _builder_version=\u00bb4.27.4&#8243; _module_preset=\u00bb56e57fde-4561-4cf6-a771-0a733a7201b1&#8243; custom_padding=\u00bb0px|3%||3%|false|true\u00bb custom_padding_tablet=\u00bb0px|6%|50px|6%|false|true\u00bb custom_padding_phone=\u00bb||||false|true\u00bb custom_css_main_element=\u00bbdisplay: flex;||flex-direction: column;||align-items: flex-end;||justify-content: center;\u00bb border_width_right_tablet=\u00bb0px\u00bb border_width_right_phone=\u00bb0px\u00bb border_width_right_last_edited=\u00bbon|phone\u00bb global_colors_info=\u00bb{}\u00bb][et_pb_code _builder_version=\u00bb4.27.4&#8243; _module_preset=\u00bbdefault\u00bb custom_padding=\u00bb||25px||false|false\u00bb link_option_url=\u00bbhttps:\/\/cimne.com\/es\/innovacion\/unidades-innovacion\/construccion-energia-y-medioambiente-beegroup\/?tab=research\u00bb global_colors_info=\u00bb{}\u00bb]<\/p>\n<div><span class=\"back\">Atr\u00e1s<\/span><\/div>\n<p>[\/et_pb_code][et_pb_image src=\u00bbhttps:\/\/cimne.com\/wp-content\/uploads\/2025\/01\/8e75c1284c40012de8993e33962758bc.jpg\u00bb title_text=\u00bb8e75c1284c40012de8993e33962758bc\u00bb align=\u00bbcenter\u00bb force_fullwidth=\u00bbon\u00bb _builder_version=\u00bb4.27.4&#8243; _module_preset=\u00bb93ceb7f0-f4b5-45d5-902c-4c83237d3321&#8243; height=\u00bb200px\u00bb custom_margin=\u00bb||||false|false\u00bb global_colors_info=\u00bb{}\u00bb][\/et_pb_image][\/et_pb_column][\/et_pb_row][\/et_pb_section][et_pb_section fb_built=\u00bb1&#8243; admin_label=\u00bbTab Top\u00bb _builder_version=\u00bb4.27.4&#8243; _module_preset=\u00bbfed47f3e-3ebe-4259-a156-523c8e0b8966&#8243; locked=\u00bboff\u00bb collapsed=\u00bboff\u00bb global_colors_info=\u00bb{}\u00bb][et_pb_row column_structure=\u00bb2_3,1_3&#8243; _builder_version=\u00bb4.27.4&#8243; _module_preset=\u00bbc7c24b71-68f1-4ba2-bc79-49dcbcce5ea1&#8243; custom_margin=\u00bb|0px||0px|false|false\u00bb global_colors_info=\u00bb{}\u00bb][et_pb_column type=\u00bb2_3&#8243; _builder_version=\u00bb4.27.4&#8243; _module_preset=\u00bb56e57fde-4561-4cf6-a771-0a733a7201b1&#8243; custom_padding=\u00bb50px|3%|50px|3%|false|false\u00bb custom_padding_tablet=\u00bb\u00bb custom_padding_phone=\u00bb\u00bb custom_padding_last_edited=\u00bbon|desktop\u00bb border_width_right=\u00bb1px\u00bb border_color_right=\u00bb#d9d9d9&#8243; global_colors_info=\u00bb{}\u00bb][et_pb_text _builder_version=\u00bb4.27.4&#8243; _module_preset=\u00bbdefault\u00bb text_text_color=\u00bb#0f9d58&#8243; text_font_size=\u00bb1.5rem\u00bb text_line_height=\u00bb1.8rem\u00bb width=\u00bb80%\u00bb width_tablet=\u00bb100%\u00bb width_phone=\u00bb100%\u00bb width_last_edited=\u00bbon|tablet\u00bb module_alignment=\u00bbleft\u00bb custom_margin=\u00bb||||true|false\u00bb global_colors_info=\u00bb{}\u00bb]<\/p>\n<p>El BEE Group investiga biodigestores que transforman residuos org\u00e1nicos en biog\u00e1s limpio y fertilizante, impulsando la econom\u00eda circular, reduciendo emisiones y apoyando soluciones sostenibles de energ\u00eda y gesti\u00f3n de residuos.<\/p>\n<p>[\/et_pb_text][\/et_pb_column][et_pb_column type=\u00bb1_3&#8243; _builder_version=\u00bb4.27.4&#8243; _module_preset=\u00bb56e57fde-4561-4cf6-a771-0a733a7201b1&#8243; custom_padding=\u00bb50px|3%|50px|3%|true|false\u00bb custom_padding_tablet=\u00bb\u00bb custom_padding_phone=\u00bb\u00bb custom_padding_last_edited=\u00bbon|desktop\u00bb global_colors_info=\u00bb{}\u00bb][\/et_pb_column][\/et_pb_row][et_pb_row admin_label=\u00bb1px Line Row\u00bb _builder_version=\u00bb4.27.4&#8243; _module_preset=\u00bbdefault\u00bb width=\u00bb100%\u00bb max_width=\u00bb2500px\u00bb custom_margin=\u00bb0px||0px||true|false\u00bb custom_padding=\u00bb0px||0px||true|false\u00bb collapsed=\u00bbon\u00bb global_colors_info=\u00bb{}\u00bb][et_pb_column type=\u00bb4_4&#8243; _builder_version=\u00bb4.27.4&#8243; _module_preset=\u00bbdefault\u00bb global_colors_info=\u00bb{}\u00bb]<\/p>\n<p>[et_pb_divider show_divider=\u00bboff\u00bb _builder_version=\u00bb4.27.4&#8243; _module_preset=\u00bbdefault\u00bb width=\u00bb100%\u00bb height=\u00bb0px\u00bb custom_margin=\u00bb0px||0px||true|false\u00bb custom_padding=\u00bb0px||0px||true|false\u00bb border_width_bottom=\u00bb1px\u00bb border_color_bottom=\u00bb#d9d9d9&#8243; global_colors_info=\u00bb{}\u00bb][\/et_pb_divider]<\/p>\n<p>[\/et_pb_column][\/et_pb_row][et_pb_row column_structure=\u00bb1_3,1_3,1_3&#8243; _builder_version=\u00bb4.27.4&#8243; _module_preset=\u00bbc7c24b71-68f1-4ba2-bc79-49dcbcce5ea1&#8243; custom_margin=\u00bb|0px||0px|false|false\u00bb global_colors_info=\u00bb{}\u00bb][et_pb_column type=\u00bb1_3&#8243; _builder_version=\u00bb4.27.4&#8243; _module_preset=\u00bb56e57fde-4561-4cf6-a771-0a733a7201b1&#8243; custom_padding=\u00bb50px|3%|50px|3%|true|false\u00bb custom_padding_tablet=\u00bb\u00bb custom_padding_phone=\u00bb\u00bb custom_padding_last_edited=\u00bbon|desktop\u00bb global_colors_info=\u00bb{}\u00bb][\/et_pb_column][et_pb_column type=\u00bb1_3&#8243; _builder_version=\u00bb4.27.4&#8243; _module_preset=\u00bb56e57fde-4561-4cf6-a771-0a733a7201b1&#8243; custom_padding=\u00bb50px|3%|50px|3%|true|false\u00bb custom_padding_tablet=\u00bb\u00bb custom_padding_phone=\u00bb\u00bb custom_padding_last_edited=\u00bbon|desktop\u00bb border_width_right=\u00bb1px\u00bb border_color_right=\u00bb#d9d9d9&#8243; global_colors_info=\u00bb{}\u00bb][et_pb_text _builder_version=\u00bb4.27.4&#8243; _module_preset=\u00bbdefault\u00bb text_font=\u00bb&#8211;et_global_body_font||||||||\u00bb text_text_color=\u00bb#444444&#8243; text_font_size=\u00bb1.1rem\u00bb text_line_height=\u00bb1.5rem\u00bb global_colors_info=\u00bb{}\u00bb]<\/p>\n<p>La producci\u00f3n descentralizada de biog\u00e1s mediante digesti\u00f3n anaer\u00f3bica (DA) se perfila como una<strong> soluci\u00f3n sostenible<\/strong> para la valorizaci\u00f3n de residuos in situ y el <strong>desarrollo rural inclusivo<\/strong>. Esta tecnolog\u00eda transforma los residuos org\u00e1nicos \u2014como el esti\u00e9rcol y los residuos agr\u00edcolas\u2014 en el lugar donde se generan, produciendo energ\u00eda renovable (biog\u00e1s) y biofertilizantes de alto valor (digestato) para uso local. Este enfoque evita el transporte de grandes vol\u00famenes de residuos y subproductos, <strong>minimizando la huella de carbono<\/strong> y cerrando los ciclos de manera eficiente a nivel local.<\/p>\n<p><\/p>\n<p>En BEE Group, investigamos y promovemos <strong>tecnolog\u00edas de digesti\u00f3n anaer\u00f3bica de bajo costo, escalables y socialmente responsables<\/strong>, que son la piedra angular de la descentralizaci\u00f3n. Nuestro trabajo se centra en optimizar dise\u00f1os como los biodigestores tubulares, integrar la calefacci\u00f3n solar pasiva, estrategias de monitoreo y desarrollar modelos de implementaci\u00f3n que minimicen las emisiones de gases de efecto invernadero.<\/p>\n<p><\/p>\n<p>Nuestra investigaci\u00f3n contribuye a los Objetivos de Desarrollo Sostenible (ODS), en particular a la energ\u00eda asequible y limpia (ODS 7), la acci\u00f3n por el clima (ODS 13) y la industria, la innovaci\u00f3n y la infraestructura (ODS 9). Exploramos innovaciones en la codigesti\u00f3n de m\u00faltiples flujos de residuos, la evaluaci\u00f3n tecnoecon\u00f3mica y medioambiental, y la integraci\u00f3n sist\u00e9mica de los biodigestores en las econom\u00edas rurales, creando comunidades resilientes, autosuficientes y con bajas emisiones de carbono.<\/p>\n<p>[\/et_pb_text][\/et_pb_column][et_pb_column type=\u00bb1_3&#8243; _builder_version=\u00bb4.27.4&#8243; _module_preset=\u00bb56e57fde-4561-4cf6-a771-0a733a7201b1&#8243; custom_padding_tablet=\u00bb50px|6%|50px|6%|true|true\u00bb custom_padding_phone=\u00bb50px|6%||6%|false|true\u00bb global_colors_info=\u00bb{}\u00bb][et_pb_blurb title=\u00bbDefinici\u00f3n\u00bb image=\u00bbhttps:\/\/cimne.com\/wp-content\/uploads\/2025\/06\/lines-file.png\u00bb image_icon_width=\u00bb64px\u00bb _builder_version=\u00bb4.27.4&#8243; _module_preset=\u00bb318d4114-0a2a-4600-a80d-ed4f60c9034c\u00bb header_level=\u00bbh6&#8243; header_text_color=\u00bb#0f9d58&#8243; header_line_height=\u00bb1.4rem\u00bb image_icon_custom_padding=\u00bb0rem||||false|false\u00bb custom_padding=\u00bb0px|0px|20px|0px|false|true\u00bb border_radii_image=\u00bbon|0px|0px|0px|0px\u00bb global_colors_info=\u00bb{}\u00bb]<\/p>\n<p>Requisitos del sistema y an\u00e1lisis de los datos existentes del edificio<\/p>\n<p>[\/et_pb_blurb][et_pb_blurb title=\u00bbDise\u00f1o\u00bb image=\u00bbhttps:\/\/cimne.com\/wp-content\/uploads\/2025\/06\/design.png\u00bb image_icon_width=\u00bb64px\u00bb _builder_version=\u00bb4.27.4&#8243; _module_preset=\u00bb318d4114-0a2a-4600-a80d-ed4f60c9034c\u00bb header_level=\u00bbh6&#8243; header_text_color=\u00bb#0f9d58&#8243; header_line_height=\u00bb1.4rem\u00bb image_icon_custom_padding=\u00bb0rem||||false|false\u00bb custom_padding=\u00bb0px|0px|20px|0px|false|true\u00bb border_radii_image=\u00bbon|0px|0px|0px|0px\u00bb global_colors_info=\u00bb{}\u00bb]<\/p>\n<p>Arquitectura de sistemas, gestor de automatizaci\u00f3n de datos y algoritmos basados en datos<\/p>\n<p>[\/et_pb_blurb][et_pb_blurb title=\u00bbAn\u00e1lisis\u00bb image=\u00bbhttps:\/\/cimne.com\/wp-content\/uploads\/2025\/06\/cimne-beegroup-analysis2.png\u00bb image_icon_width=\u00bb64px\u00bb _builder_version=\u00bb4.27.4&#8243; _module_preset=\u00bb318d4114-0a2a-4600-a80d-ed4f60c9034c\u00bb header_level=\u00bbh6&#8243; header_text_color=\u00bb#0f9d58&#8243; header_line_height=\u00bb1.4rem\u00bb image_icon_custom_padding=\u00bb0rem||||false|false\u00bb custom_padding=\u00bb|0px|20px|0px|false|true\u00bb border_radii_image=\u00bbon|0px|0px|0px|0px\u00bb global_colors_info=\u00bb{}\u00bb]<\/p>\n<p>Rendimiento del sistema con optimizaci\u00f3n de desarrollos y procedimientos para mejorar su uso<\/p>\n<p>[\/et_pb_blurb][et_pb_blurb title=\u00bbImplementaci\u00f3n\u00bb image=\u00bbhttps:\/\/cimne.com\/wp-content\/uploads\/2025\/06\/cimne-beegroup-implementation2.png\u00bb image_icon_width=\u00bb64px\u00bb _builder_version=\u00bb4.27.4&#8243; _module_preset=\u00bb318d4114-0a2a-4600-a80d-ed4f60c9034c\u00bb header_level=\u00bbh6&#8243; header_text_color=\u00bb#0f9d58&#8243; header_line_height=\u00bb1.4rem\u00bb image_icon_custom_padding=\u00bb0rem||||false|false\u00bb custom_padding=\u00bb0px|0px|20px|0px|false|true\u00bb border_radii_image=\u00bbon|0px|0px|0px|0px\u00bb global_colors_info=\u00bb{}\u00bb]<\/p>\n<p>Hardware y software del sistema, calibraci\u00f3n y ajuste fino<\/p>\n<p>[\/et_pb_blurb][\/et_pb_column][\/et_pb_row][\/et_pb_section][et_pb_section fb_built=\u00bb1&#8243; disabled_on=\u00bbon|on|on\u00bb admin_label=\u00bbResearch Projects\u00bb _builder_version=\u00bb4.27.4&#8243; _module_preset=\u00bbfed47f3e-3ebe-4259-a156-523c8e0b8966&#8243; background_color=\u00bb#f2f2f2&#8243; disabled=\u00bbon\u00bb locked=\u00bboff\u00bb collapsed=\u00bboff\u00bb global_colors_info=\u00bb{}\u00bb][et_pb_row _builder_version=\u00bb4.27.4&#8243; _module_preset=\u00bbc7c24b71-68f1-4ba2-bc79-49dcbcce5ea1&#8243; custom_margin=\u00bb|0px||0px|false|false\u00bb global_colors_info=\u00bb{}\u00bb][et_pb_column type=\u00bb4_4&#8243; _builder_version=\u00bb4.27.4&#8243; _module_preset=\u00bb56e57fde-4561-4cf6-a771-0a733a7201b1&#8243; custom_padding=\u00bb50px|3%|50px|3%|true|false\u00bb custom_padding_tablet=\u00bb\u00bb custom_padding_phone=\u00bb\u00bb custom_padding_last_edited=\u00bbon|desktop\u00bb global_colors_info=\u00bb{}\u00bb][et_pb_heading title=\u00bbProyectos de investigaci\u00f3n\u00bb _builder_version=\u00bb4.27.4&#8243; _module_preset=\u00bbdefault\u00bb title_level=\u00bbh4&#8243; title_font=\u00bb&#8211;et_global_heading_font|600|||||||\u00bb title_text_color=\u00bb#0f9d58&#8243; title_font_size=\u00bb2rem\u00bb title_line_height=\u00bb2rem\u00bb custom_padding=\u00bb||20px||false|false\u00bb locked=\u00bboff\u00bb global_colors_info=\u00bb{}\u00bb][\/et_pb_heading][et_pb_code module_id=\u00bbcontracts-container\u00bb _builder_version=\u00bb4.27.4&#8243; _module_preset=\u00bbdefault\u00bb locked=\u00bboff\u00bb global_colors_info=\u00bb{}\u00bb][\/et_pb_code][\/et_pb_column][\/et_pb_row][\/et_pb_section][et_pb_section fb_built=\u00bb1&#8243; admin_label=\u00bbView More\u00bb module_class=\u00bbshow-nav-tab  iu-nav-tab-1&#8243; _builder_version=\u00bb4.27.4&#8243; _module_preset=\u00bbfed47f3e-3ebe-4259-a156-523c8e0b8966&#8243; background_color=\u00bb#0f9d58&#8243; locked=\u00bboff\u00bb collapsed=\u00bboff\u00bb global_colors_info=\u00bb{}\u00bb][et_pb_row column_structure=\u00bb2_3,1_3&#8243; disabled_on=\u00bboff|off|off\u00bb _builder_version=\u00bb4.27.4&#8243; _module_preset=\u00bbc7c24b71-68f1-4ba2-bc79-49dcbcce5ea1&#8243; height=\u00bb140px\u00bb custom_css_main_element=\u00bbdisplay: flex;||align-items: center;\u00bb global_colors_info=\u00bb{}\u00bb][et_pb_column type=\u00bb2_3&#8243; _builder_version=\u00bb4.27.4&#8243; _module_preset=\u00bb56e57fde-4561-4cf6-a771-0a733a7201b1&#8243; custom_padding=\u00bb0px|3%||3%|false|false\u00bb custom_padding_tablet=\u00bb0px|3%||3%|false|false\u00bb custom_padding_phone=\u00bb0px|3%||3%|false|false\u00bb custom_padding_last_edited=\u00bbon|desktop\u00bb global_colors_info=\u00bb{}\u00bb][et_pb_text admin_label=\u00bbView More\u00bb _builder_version=\u00bb4.27.4&#8243; _module_preset=\u00bbdefault\u00bb text_font=\u00bb|300|||||||\u00bb text_text_color=\u00bb#FFFFFF\u00bb text_font_size=\u00bb1.1rem\u00bb text_line_height=\u00bb1.5rem\u00bb header_text_color=\u00bb#FFFFFF\u00bb positioning=\u00bbrelative\u00bb position_origin_a=\u00bbbottom_left\u00bb position_origin_r=\u00bbbottom_left\u00bb width=\u00bb100%\u00bb custom_padding=\u00bb||||false|false\u00bb link_option_url=\u00bb#\u00bb text_text_color_tablet=\u00bb#000000&#8243; text_text_color_last_edited=\u00bboff|phone\u00bb header_text_color_last_edited=\u00bboff|phone\u00bb text_orientation_tablet=\u00bbleft\u00bb text_orientation_phone=\u00bbleft\u00bb text_orientation_last_edited=\u00bboff|desktop\u00bb module_alignment_tablet=\u00bbright\u00bb module_alignment_phone=\u00bbright\u00bb module_alignment_last_edited=\u00bbon|phone\u00bb global_colors_info=\u00bb{}\u00bb]<\/p>\n<p>\u00bfTe gustar\u00eda colaborar o iniciar un nuevo proyecto?<\/p>\n<p>[\/et_pb_text][\/et_pb_column][et_pb_column type=\u00bb1_3&#8243; _builder_version=\u00bb4.27.4&#8243; _module_preset=\u00bb56e57fde-4561-4cf6-a771-0a733a7201b1&#8243; custom_padding=\u00bb0px|3%||3%|false|false\u00bb custom_padding_tablet=\u00bb0px|3%||3%|false|false\u00bb custom_padding_phone=\u00bb0px|3%||3%|false|false\u00bb custom_padding_last_edited=\u00bbon|desktop\u00bb global_colors_info=\u00bb{}\u00bb][et_pb_text content_tablet=\u00bb<\/p>\n<div class=%22flecha-container flecha-container-position-left%22>    <span class=%22cuerpo-flecha%22> <\/span>    <span class=%22punta-flecha%22> <\/span>      <span class=%22text-flecha%22> Ver m\u00e1s<\/span><\/div>\n<p>\u00bb content_phone=\u00bb<\/p>\n<div class=%22flecha-container flecha-container-position-left%22>    <span class=%22cuerpo-flecha%22> <\/span>    <span class=%22punta-flecha%22> <\/span>      <span class=%22text-flecha%22> Ver m\u00e1s<\/span><\/div>\n<p>\u00bb content_last_edited=\u00bboff|desktop\u00bb admin_label=\u00bbView More\u00bb module_class=\u00bbclickable-cta\u00bb _builder_version=\u00bb4.27.6&#8243; _module_preset=\u00bbdefault\u00bb text_font=\u00bb|600||on|||||\u00bb text_text_color=\u00bb#ffffff\u00bb text_font_size=\u00bb1.1rem\u00bb text_line_height=\u00bb1.5rem\u00bb transform_translate_linked__hover=\u00bboff\u00bb text_orientation=\u00bbright\u00bb width=\u00bb50%\u00bb width_tablet=\u00bb100%\u00bb width_phone=\u00bb100%\u00bb width_last_edited=\u00bbon|phone\u00bb module_alignment=\u00bbleft\u00bb link_option_url=\u00bbmailto:  info.beegroup@cimne.upc.edu\u00bb text_text_color_tablet=\u00bb#000000&#8243; text_text_color_phone=\u00bb#000000&#8243; text_text_color_last_edited=\u00bbon|tablet\u00bb text_orientation_tablet=\u00bbleft\u00bb text_orientation_phone=\u00bbleft\u00bb text_orientation_last_edited=\u00bbon|tablet\u00bb module_alignment_tablet=\u00bbright\u00bb module_alignment_phone=\u00bbright\u00bb module_alignment_last_edited=\u00bbon|phone\u00bb global_colors_info=\u00bb{}\u00bb transform_styles__hover_enabled=\u00bboff|desktop\u00bb transform_scale__hover_enabled=\u00bboff|desktop\u00bb transform_translate__hover_enabled=\u00bboff|desktop\u00bb transform_rotate__hover_enabled=\u00bboff|desktop\u00bb transform_skew__hover_enabled=\u00bboff|desktop\u00bb transform_origin__hover_enabled=\u00bboff|desktop\u00bb transform_translate__hover=\u00bb15px|0px\u00bb transform_scale__hover=\u00bb114%|100%\u00bb]<\/p>\n<div class=\"flecha-container-position-left\">\n    <span class=\"cuerpo-flecha-white\"> <\/span><br \/>\n    <span class=\"punta-flecha-white\"> <\/span><br \/>\n      <span class=\"text-flecha-white\">Contacta <\/span><\/div>\n<p>[\/et_pb_text][\/et_pb_column][\/et_pb_row][\/et_pb_section][et_pb_section fb_built=\u00bb1&#8243; admin_label=\u00bbWS attr\u00bb _builder_version=\u00bb4.27.4&#8243; _module_preset=\u00bbdefault\u00bb custom_margin=\u00bb0px|0px|0px|0px|true|true\u00bb custom_padding=\u00bb0px|0px|0px|0px|true|true\u00bb global_colors_info=\u00bb{}\u00bb][et_pb_row admin_label=\u00bbWS attr\u00bb _builder_version=\u00bb4.27.4&#8243; _module_preset=\u00bb_initial\u00bb custom_margin=\u00bb0px|0px|0px|0px|true|true\u00bb custom_padding=\u00bb0px|0px|0px|0px|true|true\u00bb global_colors_info=\u00bb{}\u00bb][et_pb_column type=\u00bb4_4&#8243; _builder_version=\u00bb4.27.4&#8243; _module_preset=\u00bbdefault\u00bb global_colors_info=\u00bb{}\u00bb][et_pb_code admin_label=\u00bbWS attr\u00bb _builder_version=\u00bb4.27.4&#8243; _module_preset=\u00bbdefault\u00bb custom_margin=\u00bb0px|0px|0px|0px|true|true\u00bb custom_padding=\u00bb0px|0px|0px|0px|true|true\u00bb global_colors_info=\u00bb{}\u00bb]<\/p>\n<div id=\"gsheets-call\" sheet-code=\"building-energy-and-environment-beegroup\" rl-code=\"biodigesters\"><\/div>\n<p>[\/et_pb_code][\/et_pb_column][\/et_pb_row][\/et_pb_section]<\/p>\n","protected":false},"excerpt":{"rendered":"<p>L\u00edneas de investigaci\u00f3nConstrucci\u00f3n, energ\u00eda y medioambiente (BEE Group)El BEE Group investiga biodigestores que transforman residuos org\u00e1nicos en biog\u00e1s limpio y fertilizante, impulsando la econom\u00eda circular, reduciendo emisiones y apoyando soluciones sostenibles de energ\u00eda y gesti\u00f3n de residuos.La producci\u00f3n descentralizada de biog\u00e1s mediante digesti\u00f3n anaer\u00f3bica (DA) se perfila como una soluci\u00f3n sostenible para la valorizaci\u00f3n de [&hellip;]<\/p>\n","protected":false},"author":2,"featured_media":0,"parent":226548,"menu_order":0,"comment_status":"closed","ping_status":"closed","template":"","meta":{"_acf_changed":false,"_et_pb_use_builder":"on","_et_pb_old_content":"","_et_gb_content_width":"","slim_seo":{"title":"Biodigestores - CIMNE","description":"L\u00edneas de investigaci\u00f3n Construcci\u00f3n, energ\u00eda y medioambiente (BEE Group) Atr\u00e1s El BEE Group investiga biodigestores que transforman residuos org\u00e1nicos en biog\u00e1"},"footnotes":""},"class_list":["post-245769","page","type-page","status-publish","hentry"],"acf":[],"_links":{"self":[{"href":"https:\/\/cimne.com\/es\/wp-json\/wp\/v2\/pages\/245769","targetHints":{"allow":["GET"]}}],"collection":[{"href":"https:\/\/cimne.com\/es\/wp-json\/wp\/v2\/pages"}],"about":[{"href":"https:\/\/cimne.com\/es\/wp-json\/wp\/v2\/types\/page"}],"author":[{"embeddable":true,"href":"https:\/\/cimne.com\/es\/wp-json\/wp\/v2\/users\/2"}],"replies":[{"embeddable":true,"href":"https:\/\/cimne.com\/es\/wp-json\/wp\/v2\/comments?post=245769"}],"version-history":[{"count":0,"href":"https:\/\/cimne.com\/es\/wp-json\/wp\/v2\/pages\/245769\/revisions"}],"up":[{"embeddable":true,"href":"https:\/\/cimne.com\/es\/wp-json\/wp\/v2\/pages\/226548"}],"wp:attachment":[{"href":"https:\/\/cimne.com\/es\/wp-json\/wp\/v2\/media?parent=245769"}],"curies":[{"name":"wp","href":"https:\/\/api.w.org\/{rel}","templated":true}]}}