{"id":245322,"date":"2025-04-11T11:40:35","date_gmt":"2025-04-11T09:40:35","guid":{"rendered":"https:\/\/cimne.com\/about\/our-values\/hr-excellence\/"},"modified":"2026-02-23T15:05:58","modified_gmt":"2026-02-23T14:05:58","slug":"hr-excellence","status":"publish","type":"page","link":"https:\/\/cimne.com\/es\/sobre-nosotros\/nuestros-valores\/hr-excellence\/","title":{"rendered":"Excelencia en recursos humanos"},"content":{"rendered":"<p>[et_pb_section fb_built=\u00bb1&#8243; disabled_on=\u00bboff|off|off\u00bb admin_label=\u00bbHeader\u00bb _builder_version=\u00bb4.27.5&#8243; _module_preset=\u00bb5117f25a-2f80-4d72-abc6-8bb8195e3c31&#8243; custom_padding=\u00bb144px||0px||false|false\u00bb border_width_bottom=\u00bb1px\u00bb border_color_bottom=\u00bb#d9d9d9&#8243; border_width_bottom_last_edited=\u00bboff|desktop\u00bb locked=\u00bboff\u00bb collapsed=\u00bboff\u00bb global_colors_info=\u00bb{}\u00bb][et_pb_row column_structure=\u00bb2_3,1_3&#8243; _builder_version=\u00bb4.27.5&#8243; _module_preset=\u00bbc0a9f887-e341-4d5a-9f1b-1241f8959980&#8243; global_colors_info=\u00bb{}\u00bb custom_css_main_element_last_edited=\u00bbon|desktop\u00bb custom_css_main_element_tablet=\u00bbdisplay: flex;||flex-direction: column-reverse;\u00bb custom_css_main_element_phone=\u00bbdisplay: flex;||flex-direction: column-reverse;\u00bb][et_pb_column type=\u00bb2_3&#8243; _builder_version=\u00bb4.27.5&#8243; _module_preset=\u00bb56e57fde-4561-4cf6-a771-0a733a7201b1&#8243; custom_padding=\u00bb50px|3%|50px|3%|true|false\u00bb custom_padding_tablet=\u00bb50px||50px||true|false\u00bb custom_padding_phone=\u00bb50px|6%|50px|6%|true|true\u00bb custom_padding_last_edited=\u00bbon|desktop\u00bb border_width_right=\u00bb1px\u00bb border_color_right=\u00bb#d9d9d9&#8243; border_width_right_tablet=\u00bb0px\u00bb border_width_right_phone=\u00bb0px\u00bb border_width_right_last_edited=\u00bbon|desktop\u00bb global_colors_info=\u00bb{}\u00bb][et_pb_divider color=\u00bb#004996&#8243; divider_position=\u00bbcenter\u00bb _builder_version=\u00bb4.27.0&#8243; _module_preset=\u00bbdefault\u00bb width=\u00bb85px\u00bb module_alignment=\u00bbleft\u00bb custom_margin=\u00bb||0px||false|false\u00bb locked=\u00bboff\u00bb global_colors_info=\u00bb{}\u00bb][\/et_pb_divider][et_pb_text admin_label=\u00bbSubtitle\u00bb _builder_version=\u00bb4.27.5&#8243; _module_preset=\u00bb0962eb46-eaf5-4130-b8a8-ca44ca5695f6&#8243; global_colors_info=\u00bb{}\u00bb]<\/p>\nNuestros valores\n<p>[\/et_pb_text][et_pb_heading title=\u00bb@ET-DC@eyJkeW5hbWljIjp0cnVlLCJjb250ZW50IjoicG9zdF90aXRsZSIsInNldHRpbmdzIjp7ImJlZm9yZSI6IiIsImFmdGVyIjoiIn19@\u00bb admin_label=\u00bbH1&#8243; _builder_version=\u00bb4.27.5&#8243; _dynamic_attributes=\u00bbtitle\u00bb _module_preset=\u00bb20f4cb02-b989-482e-b994-8f37b33e99a9&#8243; title_line_height_tablet=\u00bb\u00bb title_line_height_phone=\u00bb\u00bb title_line_height_last_edited=\u00bbon|phone\u00bb global_colors_info=\u00bb{}\u00bb][\/et_pb_heading][et_pb_text _builder_version=\u00bb4.27.4&#8243; _module_preset=\u00bbdefault\u00bb text_text_color=\u00bb#02a0a5&#8243; text_font_size=\u00bb1.5rem\u00bb text_font_size_tablet=\u00bb1.5rem\u00bb text_font_size_last_edited=\u00bboff|desktop\u00bb global_colors_info=\u00bb{}\u00bb]<\/p>\n<p><span data-sheets-root=\"1\">El sello HRS4R reconoce nuestro compromiso con los m\u00e1s altos est\u00e1ndares en la contrataci\u00f3n de personal investigador y el desarrollo de la carrera investigadora en todas sus etapas, garantizando un enfoque integral para el progreso profesional.<\/span><\/p>\n<p>[\/et_pb_text][\/et_pb_column][et_pb_column type=\u00bb1_3&#8243; _builder_version=\u00bb4.27.5&#8243; _module_preset=\u00bb61350d84-566e-4f88-87e6-6bd5d2c6a9aa\u00bb custom_padding=\u00bb50px|3%|50px|3%|true|false\u00bb custom_padding_tablet=\u00bb50px|6%|0px|6%|false|true\u00bb custom_padding_phone=\u00bb50px|6%||6%|false|true\u00bb custom_padding_last_edited=\u00bbon|phone\u00bb global_colors_info=\u00bb{}\u00bb][et_pb_image src=\u00bbhttps:\/\/cimne.com\/wp-content\/uploads\/2025\/04\/hrexcelence.png\u00bb alt=\u00bbHrexcelence\u00bb title_text=\u00bbhrexcelence\u00bb align=\u00bbcenter\u00bb force_fullwidth=\u00bbon\u00bb _builder_version=\u00bb4.27.5&#8243; _module_preset=\u00bb8e0b4b74-aeac-4741-955b-73ab202a4638&#8243; custom_margin=\u00bb||0px||false|false\u00bb global_colors_info=\u00bb{}\u00bb][\/et_pb_image][\/et_pb_column][\/et_pb_row][\/et_pb_section][et_pb_section fb_built=\u00bb1&#8243; admin_label=\u00bbOverview Tab\u00bb _builder_version=\u00bb4.27.4&#8243; _module_preset=\u00bbfed47f3e-3ebe-4259-a156-523c8e0b8966&#8243; locked=\u00bboff\u00bb collapsed=\u00bboff\u00bb global_colors_info=\u00bb{}\u00bb][et_pb_row column_structure=\u00bb1_3,1_3,1_3&#8243; _builder_version=\u00bb4.27.4&#8243; _module_preset=\u00bbc7c24b71-68f1-4ba2-bc79-49dcbcce5ea1&#8243; custom_margin=\u00bb|0px||0px|false|false\u00bb custom_padding=\u00bb50px|0px|50px|0px|false|false\u00bb border_color_top=\u00bb#d9d9d9&#8243; global_colors_info=\u00bb{}\u00bb][et_pb_column type=\u00bb1_3&#8243; _builder_version=\u00bb4.27.0&#8243; _module_preset=\u00bb56e57fde-4561-4cf6-a771-0a733a7201b1&#8243; global_colors_info=\u00bb{}\u00bb][\/et_pb_column][et_pb_column type=\u00bb1_3&#8243; _builder_version=\u00bb4.27.4&#8243; _module_preset=\u00bbef683ec7-bbdd-4251-80e4-405fab8d3cab\u00bb global_colors_info=\u00bb{}\u00bb][et_pb_text _builder_version=\u00bb4.27.4&#8243; _module_preset=\u00bbdefault\u00bb global_colors_info=\u00bb{}\u00bb]<\/p>\n<p>El CIMNE cuenta con el sello HRS4R (<em>Human Resources Strategy for Researchers<\/em>), otorgado por un comit\u00e9 externo de asesores, que certifica el compromiso de nuestra instituci\u00f3n con la aplicaci\u00f3n de los m\u00e1s altos est\u00e1ndares en la contrataci\u00f3n y el desarrollo profesional del personal investigador en todas las etapas de su carrera.<\/p>\n<p><\/p>\n<p>Este reconocimiento se basa en la Carta Europea del Investigador y el C\u00f3digo de Conducta para la Contrataci\u00f3n de Investigadores, que describen los derechos y responsabilidades tanto de los investigadores como de las instituciones que los acogen.<\/p>\n<p><\/p>\n<p>Apoyamos a nuestra comunidad investigadora mediante un enfoque integral que va m\u00e1s all\u00e1 de la pr\u00e1ctica cient\u00edfica. Nuestro marco incluye programas activos de mentor\u00eda, planificaci\u00f3n estructurada de la carrera, participaci\u00f3n significativa en decisiones institucionales, iniciativas s\u00f3lidas de diversidad e inclusi\u00f3n, medidas para la conciliaci\u00f3n de la vida laboral y personal, transparencia en todos los procesos y estrategias s\u00f3lidas en la difusi\u00f3n de la investigaci\u00f3n.<\/p>\n<p>[\/et_pb_text][\/et_pb_column][et_pb_column type=\u00bb1_3&#8243; _builder_version=\u00bb4.27.4&#8243; _module_preset=\u00bbe95bf652-31e8-4f55-bacc-fb42ee4964e2&#8243; global_colors_info=\u00bb{}\u00bb][et_pb_text _builder_version=\u00bb4.27.4&#8243; _module_preset=\u00bbdefault\u00bb global_colors_info=\u00bb{}\u00bb]<\/p>\n<p>El despliegue de la certificaci\u00f3n HRS4R se lleva a cabo mediante el Plan Estrat\u00e9gico del CIMNE, que presta especial atenci\u00f3n a la atracci\u00f3n y el desarrollo del talento, reafirmando nuestro compromiso de consolidar el CIMNE como un destino de referencia para investigadores de todo el mundo.<\/p>\n<p><\/p>\n<p>Al incorporarse al CIMNE, los investigadores pueden tener la certeza de que su desarrollo profesional es una prioridad, gracias a nuestros procesos de contrataci\u00f3n basados en el m\u00e9rito, criterios de excelencia internacional y un entorno laboral que los apoya, todo ello certificado por un comit\u00e9 externo independiente.<\/p>\n<p><\/p>\n<p>Desde estudiantes de doctorado hasta profesores investigadores consolidados, el cumplimiento del HRS4R garantiza que mantenemos los m\u00e1s altos est\u00e1ndares europeos en investigaci\u00f3n y desarrollo. Esto crea un entorno donde el talento emerge y la innovaci\u00f3n prospera.<\/p>\n<p>[\/et_pb_text][\/et_pb_column][\/et_pb_row][\/et_pb_section][et_pb_section fb_built=\u00bb1&#8243; admin_label=\u00bbDownloads\u00bb _builder_version=\u00bb4.27.4&#8243; _module_preset=\u00bbfed47f3e-3ebe-4259-a156-523c8e0b8966&#8243; background_color=\u00bb#f2f2f2&#8243; locked=\u00bboff\u00bb collapsed=\u00bboff\u00bb global_colors_info=\u00bb{}\u00bb][et_pb_row column_structure=\u00bb1_3,1_3,1_3&#8243; _builder_version=\u00bb4.27.4&#8243; _module_preset=\u00bbc7c24b71-68f1-4ba2-bc79-49dcbcce5ea1&#8243; custom_margin=\u00bb|0px||0px|false|false\u00bb custom_padding=\u00bb0px|0px|50px|0px|false|false\u00bb border_color_top=\u00bb#d9d9d9&#8243; global_colors_info=\u00bb{}\u00bb][et_pb_column type=\u00bb1_3&#8243; _builder_version=\u00bb4.27.0&#8243; _module_preset=\u00bb56e57fde-4561-4cf6-a771-0a733a7201b1&#8243; global_colors_info=\u00bb{}\u00bb][et_pb_heading title=\u00bbDescargas\u00bb admin_label=\u00bbH2&#8243; _builder_version=\u00bb4.27.4&#8243; _module_preset=\u00bb6c256435-de73-4f9c-9a0e-62dcdb6f3b74&#8243; title_text_color=\u00bb#004996&#8243; global_colors_info=\u00bb{}\u00bb][\/et_pb_heading][\/et_pb_column][et_pb_column type=\u00bb1_3&#8243; _builder_version=\u00bb4.27.0&#8243; _module_preset=\u00bb56e57fde-4561-4cf6-a771-0a733a7201b1&#8243; global_colors_info=\u00bb{}\u00bb][et_pb_blurb title=\u00bbCertificado\u00bb url=\u00bbhttps:\/\/www.cimne.com\/cvdata\/cntr2\/spc2187\/dtos\/mdia\/CIMNE-Commitment-European-Charter.pdf\u00bb url_new_window=\u00bbon\u00bb use_icon=\u00bbon\u00bb font_icon=\u00bb&#xf15b;||fa||400&#8243; icon_placement=\u00bbleft\u00bb admin_label=\u00bbDownload File\u00bb _builder_version=\u00bb4.27.4&#8243; _module_preset=\u00bbdefault\u00bb hover_enabled=\u00bb0&#8243; border_width_left=\u00bb0px\u00bb border_color_left=\u00bbRGBA(255,255,255,0)\u00bb global_colors_info=\u00bb{}\u00bb sticky_enabled=\u00bb0&#8243;][\/et_pb_blurb][et_pb_blurb title=\u00bbPlan de Acci\u00f3n HRS4R (2022-2025)\u00bb url=\u00bb\/wp-content\/uploads\/2025\/09\/HRS4RActionPlan-2025-2029_CIMNE_ENG.pdf\u00bb url_new_window=\u00bbon\u00bb use_icon=\u00bbon\u00bb font_icon=\u00bb&#xf15b;||fa||400&#8243; icon_placement=\u00bbleft\u00bb admin_label=\u00bbDownload File\u00bb _builder_version=\u00bb4.27.5&#8243; _module_preset=\u00bbdefault\u00bb hover_enabled=\u00bb0&#8243; border_width_left=\u00bb0px\u00bb border_color_left=\u00bbRGBA(255,255,255,0)\u00bb global_colors_info=\u00bb{}\u00bb sticky_enabled=\u00bb0&#8243;][\/et_pb_blurb][\/et_pb_column][et_pb_column type=\u00bb1_3&#8243; _builder_version=\u00bb4.27.0&#8243; _module_preset=\u00bb56e57fde-4561-4cf6-a771-0a733a7201b1&#8243; global_colors_info=\u00bb{}\u00bb][\/et_pb_column][\/et_pb_row][\/et_pb_section][et_pb_section fb_built=\u00bb1&#8243; disabled_on=\u00bboff|off|off\u00bb admin_label=\u00bbMem\u00f2ria anual\u00bb _builder_version=\u00bb4.27.4&#8243; background_color=\u00bb#02a0a5&#8243; positioning=\u00bbnone\u00bb custom_margin=\u00bb0px||0px||false|false\u00bb custom_padding=\u00bb0px||0px||false|false\u00bb border_color_all=\u00bb#d9d9d9&#8243; border_width_top=\u00bb1px\u00bb border_color_top=\u00bb#d9d9d9&#8243; border_width_right=\u00bb1px\u00bb border_color_right=\u00bb#d9d9d9&#8243; border_width_left=\u00bb1px\u00bb border_color_left=\u00bb#d9d9d9&#8243; locked=\u00bboff\u00bb collapsed=\u00bboff\u00bb global_colors_info=\u00bb{}\u00bb][et_pb_row column_structure=\u00bb1_3,1_3,1_3&#8243; admin_label=\u00bbMemoria anual\u00bb _builder_version=\u00bb4.27.4&#8243; _module_preset=\u00bbc7c24b71-68f1-4ba2-bc79-49dcbcce5ea1&#8243; custom_margin=\u00bb|0px||0px|false|false\u00bb custom_padding=\u00bb25px|0px|32px|0px|false|false\u00bb border_color_top=\u00bb#d9d9d9&#8243; locked=\u00bboff\u00bb global_colors_info=\u00bb{}\u00bb][et_pb_column type=\u00bb1_3&#8243; _builder_version=\u00bb4.27.0&#8243; _module_preset=\u00bb56e57fde-4561-4cf6-a771-0a733a7201b1&#8243; global_colors_info=\u00bb{}\u00bb][et_pb_heading title=\u00bb\u00bfQuieres unirte a CIMNE?\u00bb admin_label=\u00bbH2&#8243; _builder_version=\u00bb4.27.4&#8243; _module_preset=\u00bbab708ca6-cc76-4f8a-b615-1ce4dd7a78fb\u00bb title_text_color=\u00bb#FFFFFF\u00bb title_line_height=\u00bb3rem\u00bb custom_margin=\u00bb0px||||false|false\u00bb title_line_height_tablet=\u00bb2.1rem\u00bb title_line_height_phone=\u00bb2.1rem\u00bb title_line_height_last_edited=\u00bbon|phone\u00bb global_colors_info=\u00bb{}\u00bb][\/et_pb_heading][\/et_pb_column][et_pb_column type=\u00bb1_3&#8243; module_class=\u00bbcarrus\u00bb _builder_version=\u00bb4.27.4&#8243; _module_preset=\u00bb56e57fde-4561-4cf6-a771-0a733a7201b1&#8243; overflow-x=\u00bbhidden\u00bb overflow-y=\u00bbhidden\u00bb global_colors_info=\u00bb{}\u00bb][et_pb_text _builder_version=\u00bb4.27.4&#8243; _module_preset=\u00bbdefault\u00bb text_text_color=\u00bb#FFFFFF\u00bb text_font_size=\u00bb1.5rem\u00bb global_colors_info=\u00bb{}\u00bb]<\/p>\n<p>Impulsa tu carrera cient\u00edfica en una instituci\u00f3n de ingenier\u00eda l\u00edder a nivel mundial.<\/p>\n<p>[\/et_pb_text][et_pb_code module_id=\u00bbpagination-container\u00bb _builder_version=\u00bb4.27.4&#8243; _module_preset=\u00bbdefault\u00bb text_orientation=\u00bbcenter\u00bb custom_margin=\u00bb32px||32px||true|false\u00bb hover_enabled=\u00bb0&#8243; locked=\u00bboff\u00bb global_colors_info=\u00bb{}\u00bb sticky_enabled=\u00bb0&#8243;][\/et_pb_code][et_pb_code admin_label=\u00bbCTA\u00bb module_class=\u00bbclickable-cta\u00bb _builder_version=\u00bb4.27.4&#8243; _dynamic_attributes=\u00bblink_option_url\u00bb _module_preset=\u00bbdefault\u00bb custom_margin=\u00bb||32px||false|false\u00bb link_option_url=\u00bb@ET-DC@eyJkeW5hbWljIjp0cnVlLCJjb250ZW50IjoicG9zdF9saW5rX3VybF9wYWdlIiwic2V0dGluZ3MiOnsicG9zdF9pZCI6IjE1NyJ9fQ==@\u00bb hover_enabled=\u00bb0&#8243; global_colors_info=\u00bb{}\u00bb sticky_enabled=\u00bb0&#8243;]<\/p>\n<div class=\"flecha-container-position-left\"><!-- [et_pb_line_break_holder] -->    <span class=\"cuerpo-flecha-white\"> <\/span><!-- [et_pb_line_break_holder] -->    <span class=\"punta-flecha-white\"> <\/span><!-- [et_pb_line_break_holder] -->      <span class=\"text-flecha-white\"> DESCUBRE NUESTRAS POSICIONES<\/span><!-- [et_pb_line_break_holder] --><\/div>\n<p>[\/et_pb_code][et_pb_code admin_label=\u00bbCTA\u00bb module_class=\u00bbclickable-cta\u00bb _builder_version=\u00bb4.27.4&#8243; _dynamic_attributes=\u00bblink_option_url\u00bb _module_preset=\u00bbdefault\u00bb link_option_url=\u00bb@ET-DC@eyJkeW5hbWljIjp0cnVlLCJjb250ZW50IjoicG9zdF9saW5rX3VybF9wYWdlIiwic2V0dGluZ3MiOnsicG9zdF9pZCI6IjEzMSJ9fQ==@\u00bb hover_enabled=\u00bb0&#8243; global_colors_info=\u00bb{}\u00bb sticky_enabled=\u00bb0&#8243;]<\/p>\n<div class=\"flecha-container-position-left\"><!-- [et_pb_line_break_holder] -->    <span class=\"cuerpo-flecha-white\"> <\/span><!-- [et_pb_line_break_holder] -->    <span class=\"punta-flecha-white\"> <\/span><!-- [et_pb_line_break_holder] -->      <span class=\"text-flecha-white\"> CONSULTA LAS OPCIONES DE FINANCIACI\u00d3N COMPETITIVA<\/span><!-- [et_pb_line_break_holder] --><\/div>\n<p>[\/et_pb_code][\/et_pb_column][et_pb_column type=\u00bb1_3&#8243; module_class=\u00bbcarrus\u00bb _builder_version=\u00bb4.27.4&#8243; _module_preset=\u00bb56e57fde-4561-4cf6-a771-0a733a7201b1&#8243; overflow-x=\u00bbhidden\u00bb overflow-y=\u00bbhidden\u00bb global_colors_info=\u00bb{}\u00bb][et_pb_image src=\u00bbhttps:\/\/cimne.com\/wp-content\/uploads\/2025\/07\/cimne-hrexcelence-joinus.jpg\u00bb title_text=\u00bbcimne-hrexcelence-joinus\u00bb _builder_version=\u00bb4.27.5&#8243; _module_preset=\u00bbdefault\u00bb hover_enabled=\u00bb0&#8243; global_colors_info=\u00bb{}\u00bb sticky_enabled=\u00bb0&#8243; alt=\u00bbCimne hrexcelence joinus\u00bb][\/et_pb_image][\/et_pb_column][\/et_pb_row][\/et_pb_section]<\/p>\n","protected":false},"excerpt":{"rendered":"<p>Nuestros valoresEl sello HRS4R reconoce nuestro compromiso con los m\u00e1s altos est\u00e1ndares en la contrataci\u00f3n de personal investigador y el desarrollo de la carrera investigadora en todas sus etapas, garantizando un enfoque integral para el progreso profesional.El CIMNE cuenta con el sello HRS4R (Human Resources Strategy for Researchers), otorgado por un comit\u00e9 externo de asesores, que [&hellip;]<\/p>\n","protected":false},"author":2,"featured_media":0,"parent":226508,"menu_order":0,"comment_status":"closed","ping_status":"closed","template":"","meta":{"_acf_changed":false,"_et_pb_use_builder":"on","_et_pb_old_content":"","_et_gb_content_width":"","slim_seo":{"title":"Excelencia en recursos humanos - CIMNE","description":"El sello HRS4R reconoce nuestro compromiso con los m\u00e1s altos est\u00e1ndares en la contrataci\u00f3n de personal investigador y el desarrollo de la carrera investigadora"},"footnotes":""},"class_list":["post-245322","page","type-page","status-publish","hentry"],"acf":[],"_links":{"self":[{"href":"https:\/\/cimne.com\/es\/wp-json\/wp\/v2\/pages\/245322","targetHints":{"allow":["GET"]}}],"collection":[{"href":"https:\/\/cimne.com\/es\/wp-json\/wp\/v2\/pages"}],"about":[{"href":"https:\/\/cimne.com\/es\/wp-json\/wp\/v2\/types\/page"}],"author":[{"embeddable":true,"href":"https:\/\/cimne.com\/es\/wp-json\/wp\/v2\/users\/2"}],"replies":[{"embeddable":true,"href":"https:\/\/cimne.com\/es\/wp-json\/wp\/v2\/comments?post=245322"}],"version-history":[{"count":0,"href":"https:\/\/cimne.com\/es\/wp-json\/wp\/v2\/pages\/245322\/revisions"}],"up":[{"embeddable":true,"href":"https:\/\/cimne.com\/es\/wp-json\/wp\/v2\/pages\/226508"}],"wp:attachment":[{"href":"https:\/\/cimne.com\/es\/wp-json\/wp\/v2\/media?parent=245322"}],"curies":[{"name":"wp","href":"https:\/\/api.w.org\/{rel}","templated":true}]}}