{"id":245098,"date":"2025-06-25T13:54:26","date_gmt":"2025-06-25T11:54:26","guid":{"rendered":"https:\/\/cimne.com\/community\/unesco-chair\/"},"modified":"2026-02-18T12:21:16","modified_gmt":"2026-02-18T11:21:16","slug":"catedra-unesco","status":"publish","type":"page","link":"https:\/\/cimne.com\/es\/comunidad\/catedra-unesco\/","title":{"rendered":"C\u00e1tedra UNESCO"},"content":{"rendered":"<p>[et_pb_section fb_built=\u00bb1&#8243; disabled_on=\u00bboff|off|off\u00bb admin_label=\u00bbIntro desktop\u00bb _builder_version=\u00bb4.27.5&#8243; _module_preset=\u00bb81964cef-6002-4a6d-8fe6-ec7662796c0d\u00bb border_width_bottom=\u00bb1px\u00bb border_color_bottom=\u00bb#d9d9d9&#8243; border_width_bottom_tablet=\u00bb0px\u00bb border_width_bottom_phone=\u00bb0px\u00bb border_width_bottom_last_edited=\u00bbon|desktop\u00bb locked=\u00bboff\u00bb collapsed=\u00bboff\u00bb global_colors_info=\u00bb{}\u00bb][et_pb_row column_structure=\u00bb1_2,1_2&#8243; custom_padding_last_edited=\u00bbon|phone\u00bb _builder_version=\u00bb4.27.5&#8243; _module_preset=\u00bb6748b9e8-3dd1-48e0-b7c4-ade164107a03&#8243; custom_margin=\u00bb0px|0px||0px|false|false\u00bb custom_padding_tablet=\u00bb||50px||false|false\u00bb custom_padding_phone=\u00bb||50px||false|false\u00bb hover_enabled=\u00bb0&#8243; global_colors_info=\u00bb{}\u00bb custom_css_main_element_last_edited=\u00bbon|phone\u00bb custom_css_main_element_tablet=\u00bbdisplay: flex;||flex-direction: column-reverse;\u00bb custom_css_main_element_phone=\u00bbdisplay: flex;||flex-direction: column-reverse;\u00bb sticky_enabled=\u00bb0&#8243;][et_pb_column type=\u00bb1_2&#8243; _builder_version=\u00bb4.27.5&#8243; _module_preset=\u00bb5eabff34-1c64-412c-8991-166d2e61c664&#8243; custom_padding=\u00bb50px|3%|50px|3%|true|false\u00bb custom_padding_tablet=\u00bb25px|6%|25px|6%|true|false\u00bb custom_padding_phone=\u00bb25px|6%|25px|6%|true|false\u00bb custom_padding_last_edited=\u00bbon|phone\u00bb global_colors_info=\u00bb{}\u00bb][et_pb_divider color=\u00bb#004996&#8243; divider_position=\u00bbcenter\u00bb _builder_version=\u00bb4.27.0&#8243; _module_preset=\u00bbdefault\u00bb width=\u00bb85px\u00bb module_alignment=\u00bbleft\u00bb custom_margin=\u00bb||0px||false|false\u00bb locked=\u00bboff\u00bb global_colors_info=\u00bb{}\u00bb][\/et_pb_divider][et_pb_text admin_label=\u00bbSubtitle\u00bb _builder_version=\u00bb4.27.5&#8243; _module_preset=\u00bb27067be3-af33-4a0f-be2f-dfe4fd7c0a1b\u00bb global_colors_info=\u00bb{}\u00bb]<\/p>\nComunidad\n<p>[\/et_pb_text][et_pb_heading title=\u00bb@ET-DC@eyJkeW5hbWljIjp0cnVlLCJjb250ZW50IjoicG9zdF90aXRsZSIsInNldHRpbmdzIjp7ImJlZm9yZSI6IiIsImFmdGVyIjoiIn19@\u00bb admin_label=\u00bbH1&#8243; _builder_version=\u00bb4.27.5&#8243; _dynamic_attributes=\u00bbtitle\u00bb _module_preset=\u00bbe30dfaa6-3290-42bb-84f1-72f8bfaaa4c6&#8243; global_colors_info=\u00bb{}\u00bb][\/et_pb_heading][et_pb_text _builder_version=\u00bb4.27.4&#8243; _module_preset=\u00bbdefault\u00bb text_text_color=\u00bb#02a0a5&#8243; text_font_size=\u00bb1.5rem\u00bb text_font_size_tablet=\u00bb1.5rem\u00bb text_font_size_last_edited=\u00bboff|desktop\u00bb global_colors_info=\u00bb{}\u00bb]<\/p>\n<p>Fundada en 1989, la C\u00e1tedra UNESCO de la UPC y el CIMNE impulsa la investigaci\u00f3n, la educaci\u00f3n y la innovaci\u00f3n en m\u00e9todos num\u00e9ricos para afrontar los retos globales de la ingenier\u00eda con una mirada inclusiva.<\/p>\n<p>[\/et_pb_text][\/et_pb_column][et_pb_column type=\u00bb1_2&#8243; _builder_version=\u00bb4.27.5&#8243; _module_preset=\u00bb5eabff34-1c64-412c-8991-166d2e61c664&#8243; custom_padding=\u00bb50px|3%|50px|3%|true|false\u00bb custom_padding_tablet=\u00bb25px|6%|25px|6%|true|false\u00bb custom_padding_phone=\u00bb25px||25px||true|false\u00bb global_colors_info=\u00bb{}\u00bb][et_pb_image src=\u00bbhttps:\/\/cimne.com\/wp-content\/uploads\/2025\/06\/unesco-cimne-2.jpg\u00bb alt=\u00bbUnesco cimne\u00bb title_text=\u00bbunesco-cimne-2&#8243; align=\u00bbcenter\u00bb force_fullwidth=\u00bbon\u00bb show_bottom_space_tablet=\u00bbon\u00bb show_bottom_space_phone=\u00bboff\u00bb show_bottom_space_last_edited=\u00bbon|phone\u00bb _builder_version=\u00bb4.27.5&#8243; _module_preset=\u00bb3ab1f52a-bf54-4bb9-996f-282f38346889&#8243; module_alignment=\u00bbcenter\u00bb height_tablet=\u00bb320px\u00bb height_phone=\u00bb180px\u00bb height_last_edited=\u00bbon|phone\u00bb custom_margin=\u00bb||||false|true\u00bb custom_margin_tablet=\u00bb||||false|true\u00bb custom_margin_phone=\u00bb||||false|true\u00bb custom_margin_last_edited=\u00bbon|desktop\u00bb custom_padding=\u00bb||||false|true\u00bb hover_enabled=\u00bb0&#8243; global_colors_info=\u00bb{}\u00bb sticky_enabled=\u00bb0&#8243;][\/et_pb_image][\/et_pb_column][\/et_pb_row][\/et_pb_section][et_pb_section fb_built=\u00bb1&#8243; disabled_on=\u00bboff|off|off\u00bb admin_label=\u00bbSplitter row\u00bb module_id=\u00bbsection-splitter-menu\u00bb _builder_version=\u00bb4.27.0&#8243; positioning=\u00bbnone\u00bb custom_margin=\u00bb0px||0px||false|false\u00bb custom_padding=\u00bb0px||0px||false|false\u00bb border_width_top=\u00bb1px\u00bb border_color_top=\u00bb#d9d9d9&#8243; border_width_right=\u00bb1px\u00bb border_color_right=\u00bb#d9d9d9&#8243; border_width_left=\u00bb1px\u00bb border_color_left=\u00bb#d9d9d9&#8243; collapsed=\u00bboff\u00bb global_colors_info=\u00bb{}\u00bb][et_pb_row column_structure=\u00bb1_3,1_3,1_3&#8243; _builder_version=\u00bb4.27.4&#8243; _module_preset=\u00bbc7c24b71-68f1-4ba2-bc79-49dcbcce5ea1&#8243; custom_margin=\u00bb|0px||0px|false|false\u00bb global_colors_info=\u00bb{}\u00bb][et_pb_column type=\u00bb1_3&#8243; _builder_version=\u00bb4.27.4&#8243; _module_preset=\u00bb56e57fde-4561-4cf6-a771-0a733a7201b1&#8243; custom_padding=\u00bb50px|3%|32px|3%|false|false\u00bb custom_padding_tablet=\u00bb|6%|32px|6%|false|true\u00bb custom_padding_phone=\u00bb|6%|32px|6%|false|true\u00bb custom_padding_last_edited=\u00bbon|desktop\u00bb global_colors_info=\u00bb{}\u00bb][\/et_pb_column][et_pb_column type=\u00bb1_3&#8243; _builder_version=\u00bb4.27.4&#8243; _module_preset=\u00bbef683ec7-bbdd-4251-80e4-405fab8d3cab\u00bb custom_padding=\u00bb50px|3%|32px|3%|false|false\u00bb global_colors_info=\u00bb{}\u00bb][et_pb_text _builder_version=\u00bb4.27.4&#8243; _module_preset=\u00bbdefault\u00bb text_font=\u00bb&#8211;et_global_body_font||||||||\u00bb text_text_color=\u00bb#444444&#8243; text_font_size=\u00bb1.1rem\u00bb text_line_height=\u00bb1.5rem\u00bb global_colors_info=\u00bb{}\u00bb]<\/p>\n<p><strong>La C\u00e1tedra UNESCO en M\u00e9todos Num\u00e9ricos en Ingenier\u00eda<\/strong> de la Universidad Polit\u00e9cnica de Catalunya \u2013 BarcelonaTech (UPC) y el CIMNE fue creada en 1989, convirti\u00e9ndose en la <strong>primera C\u00e1tedra UNESCO del mundo centrada en el avance de los m\u00e9todos num\u00e9ricos en ingenier\u00eda<\/strong>. La C\u00e1tedra se estableci\u00f3 bajo los auspicios del Programa UNITWIN\/C\u00e1tedras UNESCO, con el objetivo de <strong>fomentar la colaboraci\u00f3n internacional en investigaci\u00f3n, educaci\u00f3n y transferencia tecnol\u00f3gica<\/strong> en el \u00e1mbito de la mec\u00e1nica computacional y la simulaci\u00f3n num\u00e9rica.<\/p>\n<p>Su misi\u00f3n es <strong>afrontar los desaf\u00edos cient\u00edficos y tecnol\u00f3gicos actuales en ingenier\u00eda<\/strong> mediante el desarrollo y la aplicaci\u00f3n de m\u00e9todos computacionales avanzados. Una prioridad clave de la C\u00e1tedra es garantizar la <strong>formaci\u00f3n de capacidades y el intercambio de conocimiento<\/strong>, especialmente con <strong>pa\u00edses en v\u00edas de desarrollo<\/strong>, mediante iniciativas que impulsen la <strong>educaci\u00f3n superior, la formaci\u00f3n y la innovaci\u00f3n<\/strong>.<\/p>\n<p>A lo largo de su historia, la C\u00e1tedra se ha consolidado como un referente de excelencia gracias a sus distinguidos titulares. <strong>El profesor Olek C. Zienkiewicz<\/strong>, figura clave en el desarrollo del m\u00e9todo de los elementos finitos, fue el primer titular de la C\u00e1tedra (1989-2009) y defini\u00f3 la visi\u00f3n cient\u00edfica y el alcance internacional de la iniciativa. Le sucedi\u00f3 <strong>el profesor Jacques P\u00e9riaux<\/strong>, reconocido por su destacada labor en din\u00e1mica de fluidos computacional y optimizaci\u00f3n multidisciplinar, quien ampli\u00f3 a\u00fan m\u00e1s la influencia de la C\u00e1tedra en Europa y Am\u00e9rica Latina (2009-2024).<\/p>\n<p>[\/et_pb_text][\/et_pb_column][et_pb_column type=\u00bb1_3&#8243; _builder_version=\u00bb4.27.4&#8243; _module_preset=\u00bbe95bf652-31e8-4f55-bacc-fb42ee4964e2&#8243; custom_padding=\u00bb50px|3%|32px|3%|false|false\u00bb custom_padding_tablet=\u00bb0px|6%|32px|6%|false|true\u00bb custom_padding_phone=\u00bb0px|6%|32px|6%|false|true\u00bb custom_padding_last_edited=\u00bbon|phone\u00bb global_colors_info=\u00bb{}\u00bb][et_pb_text _builder_version=\u00bb4.27.4&#8243; _module_preset=\u00bbdefault\u00bb text_font=\u00bb&#8211;et_global_body_font||||||||\u00bb text_text_color=\u00bb#444444&#8243; text_font_size=\u00bb1.1rem\u00bb text_line_height=\u00bb1.5rem\u00bb custom_padding=\u00bb2px|||||\u00bb global_colors_info=\u00bb{}\u00bb]<\/p>\n<p>En 2025, <strong>el profesor Michael Ortiz<\/strong> asumi\u00f3 la direcci\u00f3n de la C\u00e1tedra. El profesor Ortiz es Profesor Em\u00e9rito en el Instituto Tecnol\u00f3gico de California (Caltech) y uno de los <strong>investigadores m\u00e1s influyentes en mec\u00e1nica computacional<\/strong>. Su trabajo actual se centra en la Mec\u00e1nica Computacional Cu\u00e1ntica y en la simulaci\u00f3n mejorada por datos, dos \u00e1reas que se sit\u00faan en la vanguardia de la innovaci\u00f3n cient\u00edfica. Estas l\u00edneas marcar\u00e1n el pr\u00f3ximo cap\u00edtulo de la C\u00e1tedra, ampliando la capacidad investigadora del CIMNE y su proyecci\u00f3n internacional.<\/p>\n<p>[\/et_pb_text][\/et_pb_column][\/et_pb_row][et_pb_row admin_label=\u00bb1px Line Row\u00bb _builder_version=\u00bb4.27.4&#8243; _module_preset=\u00bbdefault\u00bb width=\u00bb100%\u00bb max_width=\u00bb2500px\u00bb custom_margin=\u00bb0px||0px||true|false\u00bb custom_padding=\u00bb0px||0px||true|false\u00bb collapsed=\u00bbon\u00bb global_colors_info=\u00bb{}\u00bb][et_pb_column type=\u00bb4_4&#8243; _builder_version=\u00bb4.27.4&#8243; _module_preset=\u00bbdefault\u00bb global_colors_info=\u00bb{}\u00bb][et_pb_divider show_divider=\u00bboff\u00bb _builder_version=\u00bb4.27.4&#8243; _module_preset=\u00bbdefault\u00bb width=\u00bb100%\u00bb height=\u00bb0px\u00bb custom_margin=\u00bb0px||0px||true|false\u00bb custom_padding=\u00bb0px||0px||true|false\u00bb border_width_bottom=\u00bb1px\u00bb border_color_bottom=\u00bb#d9d9d9&#8243; global_colors_info=\u00bb{}\u00bb][\/et_pb_divider][\/et_pb_column][\/et_pb_row][et_pb_row column_structure=\u00bb1_3,2_3&#8243; _builder_version=\u00bb4.27.4&#8243; _module_preset=\u00bbc7c24b71-68f1-4ba2-bc79-49dcbcce5ea1&#8243; custom_margin=\u00bb|0px||0px|false|false\u00bb global_colors_info=\u00bb{}\u00bb][et_pb_column type=\u00bb1_3&#8243; _builder_version=\u00bb4.27.0&#8243; _module_preset=\u00bb56e57fde-4561-4cf6-a771-0a733a7201b1&#8243; global_colors_info=\u00bb{}\u00bb][et_pb_heading title=\u00bbDirector\u00bb admin_label=\u00bbH2&#8243; _builder_version=\u00bb4.27.4&#8243; _module_preset=\u00bb38029197-464d-4776-9da1-ca4a77503845&#8243; title_text_color=\u00bb#004996&#8243; global_colors_info=\u00bb{}\u00bb][\/et_pb_heading][\/et_pb_column][et_pb_column type=\u00bb2_3&#8243; _builder_version=\u00bb4.27.0&#8243; _module_preset=\u00bb56e57fde-4561-4cf6-a771-0a733a7201b1&#8243; global_colors_info=\u00bb{}\u00bb][et_pb_blurb title=\u00bbProf. Michael Ortiz\u00bb image=\u00bbhttps:\/\/cimne.com\/wp-content\/uploads\/2025\/06\/michael-ortiz-cimne.jpg\u00bb admin_label=\u00bbPartnerships blurb\u00bb _builder_version=\u00bb4.27.4&#8243; _module_preset=\u00bb318d4114-0a2a-4600-a80d-ed4f60c9034c\u00bb header_text_color=\u00bb#02a0a5&#8243; image_icon_custom_margin=\u00bb2rem||||false|false\u00bb image_icon_custom_padding=\u00bb0rem||||false|false\u00bb custom_padding=\u00bb0px|0px|32px|0px|false|true\u00bb border_radii_image=\u00bbon|70px|70px|70px|70px\u00bb border_width_all_image=\u00bb2px\u00bb global_colors_info=\u00bb{}\u00bb]<\/p>\n<p>&nbsp;<\/p>\n<p><\/p>\n<p>El profesor Michael Ortiz, nombrado <strong>titular de la C\u00e1tedra en 2025<\/strong>, es Profesor Em\u00e9rito de Aeron\u00e1utica e Ingenier\u00eda Mec\u00e1nica en el Instituto Tecnol\u00f3gico de California (Caltech) y una autoridad reconocida internacionalmente en mec\u00e1nica computacional. Su investigaci\u00f3n pionera abarca el <strong>modelado de materiales, mec\u00e1nica de fractura, m\u00e9todos multiescala y mec\u00e1nica computacional cu\u00e1ntica<\/strong>. Ha recibido numerosos galardones, entre ellos la <strong>Medalla Timoshenko<\/strong> (2015), y es miembro de la <strong>Academia Nacional de Ingenier\u00eda de EE. UU.<\/strong> y miembro de la Real Academia de Ingenier\u00eda de Espa\u00f1a, entre otras. En el CIMNE, el profesor Ortiz lidera iniciativas en simulaci\u00f3n mejorada por datos y mec\u00e1nica cu\u00e1ntica, impulsando la vanguardia de los m\u00e9todos num\u00e9ricos en ingenier\u00eda para un impacto global.<\/p>\n<p>[\/et_pb_blurb][\/et_pb_column][\/et_pb_row][\/et_pb_section][et_pb_section fb_built=\u00bb1&#8243; disabled_on=\u00bboff|off|off\u00bb admin_label=\u00bbRelated News\u00bb module_class=\u00bbsection-news\u00bb _builder_version=\u00bb4.27.4&#8243; background_color=\u00bbrgba(2,160,165,0.15)\u00bb positioning=\u00bbnone\u00bb custom_margin=\u00bb0px||0px||false|false\u00bb custom_padding=\u00bb0px||0px||false|false\u00bb border_width_all=\u00bb1px\u00bb border_color_all=\u00bb#d9d9d9&#8243; border_width_top=\u00bb1px\u00bb border_color_top=\u00bb#d9d9d9&#8243; border_width_right=\u00bb1px\u00bb border_color_right=\u00bb#d9d9d9&#8243; border_width_left=\u00bb1px\u00bb border_color_left=\u00bb#d9d9d9&#8243; locked=\u00bboff\u00bb collapsed=\u00bboff\u00bb global_colors_info=\u00bb{}\u00bb][et_pb_row column_structure=\u00bb1_3,2_3&#8243; _builder_version=\u00bb4.27.4&#8243; _module_preset=\u00bbc7c24b71-68f1-4ba2-bc79-49dcbcce5ea1&#8243; global_colors_info=\u00bb{}\u00bb][et_pb_column type=\u00bb1_3&#8243; _builder_version=\u00bb4.27.4&#8243; _module_preset=\u00bb56e57fde-4561-4cf6-a771-0a733a7201b1&#8243; global_colors_info=\u00bb{}\u00bb][et_pb_heading title=\u00bbNoticias Relacionadas\u00bb admin_label=\u00bbH2&#8243; _builder_version=\u00bb4.27.4&#8243; _module_preset=\u00bbab708ca6-cc76-4f8a-b615-1ce4dd7a78fb\u00bb title_line_height=\u00bb3rem\u00bb title_line_height_tablet=\u00bb2.1rem\u00bb title_line_height_phone=\u00bb2.1rem\u00bb title_line_height_last_edited=\u00bbon|phone\u00bb global_colors_info=\u00bb{}\u00bb][\/et_pb_heading][\/et_pb_column][et_pb_column type=\u00bb2_3&#8243; _builder_version=\u00bb4.27.4&#8243; _module_preset=\u00bbef683ec7-bbdd-4251-80e4-405fab8d3cab\u00bb border_width_right=\u00bb1px\u00bb border_color_right=\u00bb#d9d9d9&#8243; border_width_right_tablet=\u00bb0px\u00bb border_width_right_phone=\u00bb0px\u00bb border_width_right_last_edited=\u00bbon|phone\u00bb global_colors_info=\u00bb{}\u00bb][et_pb_blog posts_number=\u00bb2&#8243; include_categories=\u00bb290&#8243; admin_label=\u00bbSecondary news\u00bb _builder_version=\u00bb4.27.4&#8243; _module_preset=\u00bb3ed04698-5e33-431b-875a-29f1e90b0248&#8243; global_colors_info=\u00bb{}\u00bb][\/et_pb_blog][\/et_pb_column][\/et_pb_row][\/et_pb_section][et_pb_section fb_built=\u00bb1&#8243; disabled_on=\u00bboff|off|off\u00bb admin_label=\u00bbRelated News Bottom\u00bb module_id=\u00bbsection-related-news-bottom\u00bb _builder_version=\u00bb4.27.0&#8243; background_color=\u00bbrgba(2,160,165,0.15)\u00bb positioning=\u00bbnone\u00bb custom_margin=\u00bb0px||0px||false|false\u00bb custom_padding=\u00bb0px||0px||false|false\u00bb border_width_all=\u00bb1px\u00bb border_color_all=\u00bb#d9d9d9&#8243; border_width_top=\u00bb1px\u00bb border_color_top=\u00bb#d9d9d9&#8243; border_width_right=\u00bb1px\u00bb border_color_right=\u00bb#d9d9d9&#8243; border_width_left=\u00bb1px\u00bb border_color_left=\u00bb#d9d9d9&#8243; locked=\u00bboff\u00bb collapsed=\u00bboff\u00bb global_colors_info=\u00bb{}\u00bb][et_pb_row column_structure=\u00bb2_3,1_3&#8243; disabled_on=\u00bboff|off|off\u00bb _builder_version=\u00bb4.27.0&#8243; _module_preset=\u00bbc7c24b71-68f1-4ba2-bc79-49dcbcce5ea1&#8243; global_colors_info=\u00bb{}\u00bb][et_pb_column type=\u00bb2_3&#8243; disabled_on=\u00bbon|on|off\u00bb _builder_version=\u00bb4.27.0&#8243; _module_preset=\u00bb56e57fde-4561-4cf6-a771-0a733a7201b1&#8243; custom_padding=\u00bb0px|3%||3%|false|false\u00bb custom_padding_tablet=\u00bb0px|6%||6%|false|true\u00bb border_width_right=\u00bb1px\u00bb border_color_right=\u00bb#d9d9d9&#8243; global_colors_info=\u00bb{}\u00bb][et_pb_text disabled_on=\u00bbon|on|off\u00bb admin_label=\u00bbEmpty element\u00bb _builder_version=\u00bb4.27.0&#8243; _module_preset=\u00bbdefault\u00bb text_font=\u00bb|600||on|||||\u00bb text_text_color=\u00bb#444444&#8243; text_font_size=\u00bb1.1rem\u00bb text_line_height=\u00bb1.5rem\u00bb positioning=\u00bbrelative\u00bb position_origin_a=\u00bbbottom_left\u00bb position_origin_r=\u00bbbottom_left\u00bb width=\u00bb100%\u00bb height=\u00bb80px\u00bb custom_padding=\u00bb||4%||false|false\u00bb link_option_url=\u00bb#\u00bb text_text_color_tablet=\u00bb#000000&#8243; text_text_color_phone=\u00bb#000000&#8243; text_text_color_last_edited=\u00bbon|tablet\u00bb text_orientation_tablet=\u00bbleft\u00bb text_orientation_phone=\u00bbleft\u00bb text_orientation_last_edited=\u00bboff|desktop\u00bb module_alignment_tablet=\u00bbright\u00bb module_alignment_phone=\u00bbright\u00bb module_alignment_last_edited=\u00bbon|phone\u00bb global_colors_info=\u00bb{}\u00bb][\/et_pb_text][\/et_pb_column][et_pb_column type=\u00bb1_3&#8243; _builder_version=\u00bb4.27.0&#8243; _module_preset=\u00bb56e57fde-4561-4cf6-a771-0a733a7201b1&#8243; custom_padding=\u00bb0px|3%||3%|false|false\u00bb custom_padding_tablet=\u00bb0px|6%||6%|false|true\u00bb global_colors_info=\u00bb{}\u00bb][et_pb_text content_tablet=\u00bb<\/p>\n<div class=%22flecha-container flecha-container-position-left%22>    <span class=%22cuerpo-flecha%22> <\/span>    <span class=%22punta-flecha%22> <\/span>      <span class=%22text-flecha%22> M\u00c1S NOTICIAS<\/span><\/div>\n<p>\u00bb content_phone=\u00bb<\/p>\n<div class=%22flecha-container flecha-container-position-left%22>    <span class=%22cuerpo-flecha%22> <\/span>    <span class=%22punta-flecha%22> <\/span>      <span class=%22text-flecha%22> M\u00c1S NOTICIAS<\/span><\/div>\n<p>\u00bb content_last_edited=\u00bbon|desktop\u00bb admin_label=\u00bbView More\u00bb module_class=\u00bbclickable-cta\u00bb _builder_version=\u00bb4.27.5&#8243; _module_preset=\u00bbdefault\u00bb text_font=\u00bb|600||on|||||\u00bb text_text_color=\u00bb#444444&#8243; text_font_size=\u00bb1.1rem\u00bb text_line_height=\u00bb1.5rem\u00bb transform_translate_linked__hover=\u00bboff\u00bb width=\u00bb50%\u00bb width_tablet=\u00bb100%\u00bb width_phone=\u00bb100%\u00bb width_last_edited=\u00bbon|phone\u00bb module_alignment=\u00bbleft\u00bb height=\u00bb80px\u00bb custom_padding=\u00bb25px||||false|false\u00bb text_text_color_tablet=\u00bb#000000&#8243; text_text_color_phone=\u00bb#000000&#8243; text_text_color_last_edited=\u00bbon|tablet\u00bb text_orientation_tablet=\u00bbleft\u00bb text_orientation_phone=\u00bbleft\u00bb text_orientation_last_edited=\u00bbon|tablet\u00bb module_alignment_tablet=\u00bbright\u00bb module_alignment_phone=\u00bbright\u00bb module_alignment_last_edited=\u00bbon|phone\u00bb global_colors_info=\u00bb{}\u00bb transform_styles__hover_enabled=\u00bboff|desktop\u00bb transform_scale__hover_enabled=\u00bboff|desktop\u00bb transform_translate__hover_enabled=\u00bboff|desktop\u00bb transform_rotate__hover_enabled=\u00bboff|desktop\u00bb transform_skew__hover_enabled=\u00bboff|desktop\u00bb transform_origin__hover_enabled=\u00bboff|desktop\u00bb transform_translate__hover=\u00bb15px|0px\u00bb transform_scale__hover=\u00bb114%|100%\u00bb]<\/p>\n<div class=\"flecha-container\"><span class=\"cuerpo-flecha\"> <\/span><span class=\"punta-flecha\"> <\/span><span class=\"text-flecha\"><a href=\"\/es\/category\/news\/unesco-chair\"> M\u00e1s Noticias<\/a><\/span><\/div>\n<p>[\/et_pb_text][\/et_pb_column][\/et_pb_row][\/et_pb_section]<\/p>\n","protected":false},"excerpt":{"rendered":"<p>ComunidadFundada en 1989, la C\u00e1tedra UNESCO de la UPC y el CIMNE impulsa la investigaci\u00f3n, la educaci\u00f3n y la innovaci\u00f3n en m\u00e9todos num\u00e9ricos para afrontar los retos globales de la ingenier\u00eda con una mirada inclusiva.La C\u00e1tedra UNESCO en M\u00e9todos Num\u00e9ricos en Ingenier\u00eda de la Universidad Polit\u00e9cnica de Catalunya \u2013 BarcelonaTech (UPC) y el CIMNE fue [&hellip;]<\/p>\n","protected":false},"author":2,"featured_media":236477,"parent":226544,"menu_order":0,"comment_status":"closed","ping_status":"closed","template":"","meta":{"_acf_changed":false,"_et_pb_use_builder":"on","_et_pb_old_content":"","_et_gb_content_width":"","slim_seo":{"title":"C\u00e1tedra UNESCO - CIMNE","description":"Fundada en 1989, la C\u00e1tedra UNESCO de la UPC y el CIMNE impulsa la investigaci\u00f3n, la educaci\u00f3n y la innovaci\u00f3n en m\u00e9todos num\u00e9ricos para afrontar los retos glob"},"footnotes":""},"class_list":["post-245098","page","type-page","status-publish","has-post-thumbnail","hentry"],"acf":[],"_links":{"self":[{"href":"https:\/\/cimne.com\/es\/wp-json\/wp\/v2\/pages\/245098","targetHints":{"allow":["GET"]}}],"collection":[{"href":"https:\/\/cimne.com\/es\/wp-json\/wp\/v2\/pages"}],"about":[{"href":"https:\/\/cimne.com\/es\/wp-json\/wp\/v2\/types\/page"}],"author":[{"embeddable":true,"href":"https:\/\/cimne.com\/es\/wp-json\/wp\/v2\/users\/2"}],"replies":[{"embeddable":true,"href":"https:\/\/cimne.com\/es\/wp-json\/wp\/v2\/comments?post=245098"}],"version-history":[{"count":0,"href":"https:\/\/cimne.com\/es\/wp-json\/wp\/v2\/pages\/245098\/revisions"}],"up":[{"embeddable":true,"href":"https:\/\/cimne.com\/es\/wp-json\/wp\/v2\/pages\/226544"}],"wp:featuredmedia":[{"embeddable":true,"href":"https:\/\/cimne.com\/es\/wp-json\/wp\/v2\/media\/236477"}],"wp:attachment":[{"href":"https:\/\/cimne.com\/es\/wp-json\/wp\/v2\/media?parent=245098"}],"curies":[{"name":"wp","href":"https:\/\/api.w.org\/{rel}","templated":true}]}}