{"id":244418,"date":"2025-04-29T12:07:18","date_gmt":"2025-04-29T10:07:18","guid":{"rendered":"https:\/\/cimne.com\/politica-de-privacidad\/"},"modified":"2026-03-19T09:12:33","modified_gmt":"2026-03-19T08:12:33","slug":"politica-de-privacidad","status":"publish","type":"page","link":"https:\/\/cimne.com\/es\/politica-de-privacidad\/","title":{"rendered":"Pol\u00edtica de privacidad"},"content":{"rendered":"<p>[et_pb_section fb_built=\u00bb1&#8243; disabled_on=\u00bboff|off|off\u00bb _builder_version=\u00bb4.27.4&#8243; _module_preset=\u00bb81964cef-6002-4a6d-8fe6-ec7662796c0d\u00bb global_colors_info=\u00bb{}\u00bb][et_pb_row _builder_version=\u00bb4.27.4&#8243; _module_preset=\u00bbc7c24b71-68f1-4ba2-bc79-49dcbcce5ea1&#8243; global_colors_info=\u00bb{}\u00bb][et_pb_column type=\u00bb4_4&#8243; _builder_version=\u00bb4.27.4&#8243; _module_preset=\u00bb56e57fde-4561-4cf6-a771-0a733a7201b1&#8243; global_colors_info=\u00bb{}\u00bb][et_pb_heading title=\u00bb@ET-DC@eyJkeW5hbWljIjp0cnVlLCJjb250ZW50IjoicG9zdF90aXRsZSIsInNldHRpbmdzIjp7ImJlZm9yZSI6IiIsImFmdGVyIjoiIn19@\u00bb admin_label=\u00bbPrivacy Policy\u00bb _builder_version=\u00bb4.27.4&#8243; _dynamic_attributes=\u00bbtitle\u00bb _module_preset=\u00bbdefault\u00bb title_font=\u00bb|700|||||||\u00bb title_text_align=\u00bbleft\u00bb title_font_size=\u00bb4rem\u00bb title_line_height=\u00bb4rem\u00bb custom_margin=\u00bb||32px||false|false\u00bb title_font_size_tablet=\u00bb3rem\u00bb title_font_size_phone=\u00bb3rem\u00bb title_font_size_last_edited=\u00bbon|desktop\u00bb title_line_height_tablet=\u00bb3rem\u00bb title_line_height_phone=\u00bb3rem\u00bb title_line_height_last_edited=\u00bbon|tablet\u00bb global_colors_info=\u00bb{}\u00bb][\/et_pb_heading][et_pb_text disabled_on=\u00bbon|on|on\u00bb _builder_version=\u00bb4.27.4&#8243; _module_preset=\u00bbdefault\u00bb custom_margin=\u00bb||32px||false|false\u00bb disabled=\u00bbon\u00bb global_colors_info=\u00bb{}\u00bb]<\/p>\n<p>Esta pol\u00edtica de privacidad establece la forma en que se gestionar\u00e1n los datos personales en este sitio web. Es imprescindible que lea y acepte los t\u00e9rminos antes de continuar navegando.<\/p>\n<p><\/p>\n<p>CIMNE es el sitio web del CENTRE INTERNACIONAL DE M\u00c8TODES NUM\u00c8RICS A L\u2019ENGINYERIA (en adelante, CIMNE) con n\u00famero de identificaci\u00f3n fiscal (CIF) Q5850006G.<\/p>\n<p><\/p>\n<p>La transparencia es uno de los valores que nos define y, por ello, queremos que sepa desde el principio que la privacidad de sus datos es muy importante para nosotros. Esta declaraci\u00f3n de privacidad explica qu\u00e9 datos personales recopilamos de nuestros usuarios y c\u00f3mo los utilizamos. Le invitamos a leer atentamente estos t\u00e9rminos antes de proporcionar sus datos personales en este sitio web.<\/p>\n<p><\/p>\n<p>Este sitio web respeta y protege los datos personales de los usuarios. Como usuario, debe saber que sus derechos est\u00e1n garantizados.<\/p>\n<p><\/p>\n<p>Nos hemos esforzado por crear un espacio seguro y fiable y, por ello, queremos compartir nuestros principios en materia de privacidad:<\/p>\n<p><\/p>\n<ul>\n<li style=\"list-style-type: none;\">\n<ul>\n<li>Nunca solicitamos informaci\u00f3n personal a menos que sea absolutamente necesario para prestarle los servicios que solicita.<\/li>\n<li>Nunca compartimos informaci\u00f3n personal sobre nuestros usuarios con nadie, salvo para cumplir con la ley o en caso de que contemos con su autorizaci\u00f3n expresa.<\/li>\n<li>Nunca utilizaremos sus datos personales para fines distintos a los establecidos en esta pol\u00edtica de privacidad.<\/li>\n<\/ul>\n<p><\/li>\n<p><\/ul>\n<p><\/p>\n<p>Cabe se\u00f1alar que esta Pol\u00edtica de Privacidad puede variar en funci\u00f3n de los requisitos legislativos o de autorregulaci\u00f3n, por lo que se recomienda a los usuarios que la revisen peri\u00f3dicamente. Ser\u00e1 aplicable en caso de que los usuarios decidan rellenar un formulario de contacto o de participaci\u00f3n en el que se recojan datos personales.<\/p>\n<p><\/p>\n<p>CIMNE ha adaptado este sitio web a los requisitos del Reglamento (UE) 2016\/679 del Parlamento Europeo y del Consejo, de 27 de abril de 2016, sobre la protecci\u00f3n de datos, as\u00ed como con la Ley 34\/2002, de 11 de julio, de Servicios de la Sociedad de la Informaci\u00f3n y de Comercio Electr\u00f3nico (LSSICE o LSSI) y la Ley 3\/2018, de 5 de diciembre, de Protecci\u00f3n de Datos Personales y Garant\u00eda de los Derechos Digitales.<\/p>\n<p>[\/et_pb_text][et_pb_heading title=\u00bb1. Informaci\u00f3n para los usuarios\u00bb admin_label=\u00bb1. User Information\u00bb _builder_version=\u00bb4.27.4&#8243; _module_preset=\u00bbdefault\u00bb title_level=\u00bbh2&#8243; title_text_align=\u00bbleft\u00bb title_font_size=\u00bb3rem\u00bb title_line_height=\u00bb2.5rem\u00bb custom_margin=\u00bb20px||32px||false|false\u00bb custom_padding=\u00bb||||false|false\u00bb title_font_size_tablet=\u00bb2.5rem\u00bb title_font_size_phone=\u00bb2.5rem\u00bb title_font_size_last_edited=\u00bbon|tablet\u00bb global_colors_info=\u00bb{}\u00bb][\/et_pb_heading][et_pb_text _builder_version=\u00bb4.27.4&#8243; _module_preset=\u00bbdefault\u00bb custom_margin=\u00bb||32px||false|false\u00bb global_colors_info=\u00bb{}\u00bb]<\/p>\n<h3><span dir=\"auto\">\u00bfQui\u00e9n es el responsable del tratamiento de sus datos personales?<\/span><\/h3>\n<p><\/p>\n<p><span dir=\"auto\">El CENTRE INTERNACIONAL DE M\u00c8TODES NUM\u00c8RICS A L&#8217;ENGINYERIA (CIMNE) es el responsable del tratamiento de los datos personales del usuario y le informa de que estos datos ser\u00e1n tratados de conformidad con lo dispuesto en el Reglamento (UE) 2016\/679, de 27 de abril (GDPR), y la Ley Org\u00e1nica 3\/2018, de 5 de diciembre (LOPDGDD).<\/span><\/p>\n<p><\/p>\n<h3><span dir=\"auto\">\u00bfPor qu\u00e9 tratamos sus datos personales y por qu\u00e9 lo hacemos?<\/span><\/h3>\n<p><\/p>\n<p><span dir=\"auto\">Dependiendo del formulario donde hayamos obtenido tus datos personales, los trataremos de forma confidencial con las siguientes finalidades: En el\u00a0<\/span><strong><span dir=\"auto\">formulario de CV<\/span><\/strong><\/p>\n<p><\/p>\n<ul>\n<li><span dir=\"auto\">Involucrar al interesado en los procesos de selecci\u00f3n de personal y analizar el perfil del solicitante con el objetivo de seleccionar un candidato para el puesto vacante del responsable. (con el consentimiento del interesado, 6.1.a RGPD)<\/span><\/li>\n<\/ul>\n<p><\/p>\n<p><span dir=\"auto\">En el\u00a0formulario\u00a0<\/span><strong><span dir=\"auto\">Cont\u00e1ctenos<\/span><\/strong><\/p>\n<p><\/p>\n<ul>\n<li><span dir=\"auto\">Mantener un medio de comunicaci\u00f3n utilizable con el interesado, a fin de atender la naturaleza del mensaje recibido a trav\u00e9s del citado formulario (con el consentimiento del interesado, 6.1.a RGPD).<\/span><\/li>\n<\/ul>\n<p><\/p>\n<p><span dir=\"auto\">En el\u00a0\u00a0formulario\u00a0<\/span><strong><span dir=\"auto\">de suscripci\u00f3n al bolet\u00edn\u00a0<\/span><\/strong><\/p>\n<p><\/p>\n<ul>\n<li><span dir=\"auto\">Incorporar los datos de contacto del interesado a un fichero electr\u00f3nico con el fin de enviarle comunicaciones electr\u00f3nicas relevantes sobre su tema de inter\u00e9s (con el consentimiento del interesado, 6.1.a RGPD).<\/span><\/li>\n<\/ul>\n<p><\/p>\n<h3><span dir=\"auto\">\u00bfDurante cu\u00e1nto tiempo se conservar\u00e1n sus datos personales?<\/span><\/h3>\n<p><\/p>\n<p><span dir=\"auto\">Se conservar\u00e1n \u00fanicamente durante el tiempo necesario para cumplir la finalidad del tratamiento o mientras las exigencias legales rijan su conservaci\u00f3n. Cuando ya no sean necesarios para este fin, se eliminar\u00e1n aplicando las medidas de seguridad adecuadas para anonimizar o destruir completamente los datos.<\/span><\/p>\n<p><\/p>\n<h3><span dir=\"auto\">\u00bfCon qui\u00e9n compartimos tus datos personales?<\/span><\/h3>\n<p><\/p>\n<p><span dir=\"auto\">No es previsible ninguna comunicaci\u00f3n de datos personales a terceros, salvo, si fuera necesario para el desarrollo y ejecuci\u00f3n de las finalidades del tratamiento, a nuestros proveedores de servicios de comunicaciones con los cuales el RESPONSABLE tiene suscritos los contratos de confidencialidad y de encargado de tratamiento exigidos por la normativa vigente de privacidad.<\/span><\/p>\n<p><\/p>\n<h3><span dir=\"auto\">\u00bfCuales son sus derechos?<\/span><\/h3>\n<p><\/p>\n<p><span dir=\"auto\">Los derechos del USUARIO son:<\/span><\/p>\n<p><\/p>\n<ul>\n<li><span dir=\"auto\">El derecho a retirar el consentimiento en cualquier momento.<\/span><\/li>\n<li><span dir=\"auto\">El derecho a acceder, rectificar, portar y suprimir sus datos, as\u00ed como a limitar u oponerse a su tratamiento.<\/span><\/li>\n<li><span dir=\"auto\">Derecho a presentar una reclamaci\u00f3n ante la autoridad de control (www.aepd.es) si considera que el tratamiento no se ajusta a la normativa vigente.<\/span><\/li>\n<\/ul>\n<p><\/p>\n<h4><span dir=\"auto\">Datos de contacto para ejercer sus derechos:<\/span><\/h4>\n<p><\/p>\n<p><span dir=\"auto\">CENTRE INTERNACIONAL DE M\u00c8TODES NUM\u00c8RICS A L&#8217;ENGINYERIA (CIMNE). C. Gran Capit\u00e0, s\/n, Edificio C1 -Campus Nord \u2013 UPC, 08034 BARCELONA Correo electr\u00f3nico: rgpd@cimne.upc.edu\u00a0<\/span><strong><span dir=\"auto\">Datos de contacto del delegado de protecci\u00f3n de datos (DPO)<\/span><\/strong><span dir=\"auto\">\u00a0: Esperanza Jord\u00e0, dpo@cimne.upc.edu<\/span><\/p>\n<p>[\/et_pb_text][et_pb_divider color=\u00bb#02a0a5&#8243; _builder_version=\u00bb4.27.4&#8243; _module_preset=\u00bbdefault\u00bb global_colors_info=\u00bb{}\u00bb][\/et_pb_divider][et_pb_heading title=\u00bb2. Car\u00e1cter obligatorio u opcional de la informaci\u00f3n facilitada por el usuario\u00bb admin_label=\u00bb2. Info facilitated\u00bb _builder_version=\u00bb4.27.4&#8243; _module_preset=\u00bbdefault\u00bb title_level=\u00bbh2&#8243; title_text_align=\u00bbleft\u00bb title_font_size=\u00bb3rem\u00bb title_line_height=\u00bb2.5rem\u00bb custom_margin=\u00bb20px||32px||false|false\u00bb custom_padding=\u00bb||||false|false\u00bb title_font_size_tablet=\u00bb2.5rem\u00bb title_font_size_phone=\u00bb2.5rem\u00bb title_font_size_last_edited=\u00bbon|tablet\u00bb global_colors_info=\u00bb{}\u00bb][\/et_pb_heading][et_pb_text _builder_version=\u00bb4.27.4&#8243; _module_preset=\u00bbdefault\u00bb custom_margin=\u00bb||32px||false|false\u00bb global_colors_info=\u00bb{}\u00bb]<\/p>\n<p><span dir=\"auto\">Al marcar las casillas correspondientes e introducir datos en los campos marcados con un asterisco (*) en el formulario de contacto o en los formularios de descarga, el USUARIO acepta expresamente, libre e inequ\u00edvocamente, que sus datos son necesarios para que el proveedor pueda responder a su solicitud, siendo voluntaria la inclusi\u00f3n de datos en los campos restantes. El USUARIO garantiza que los datos personales facilitados al RESPONSABLE son exactos y se hace responsable de comunicar cualquier modificaci\u00f3n de los mismos.<\/span><\/p>\n<p><\/p>\n<p><span dir=\"auto\">El RESPONSABLE le informa que todos los datos solicitados a trav\u00e9s del sitio web son obligatorios, ya que son necesarios para la prestaci\u00f3n de un servicio \u00f3ptimo al USUARIO. Si no se facilitan todos los datos, no se puede garantizar que la informaci\u00f3n y los servicios prestados se ajusten completamente a sus necesidades.<\/span><\/p>\n<p>[\/et_pb_text][et_pb_divider color=\u00bb#02a0a5&#8243; _builder_version=\u00bb4.27.4&#8243; _module_preset=\u00bbdefault\u00bb global_colors_info=\u00bb{}\u00bb][\/et_pb_divider][et_pb_heading title=\u00bb3. Medidas de seguridad\u00bb admin_label=\u00bb3. Security measures\u00bb _builder_version=\u00bb4.27.4&#8243; _module_preset=\u00bbdefault\u00bb title_level=\u00bbh2&#8243; title_text_align=\u00bbleft\u00bb title_font_size=\u00bb3rem\u00bb title_line_height=\u00bb2.5rem\u00bb custom_margin=\u00bb20px||32px||false|false\u00bb custom_padding=\u00bb||||false|false\u00bb title_font_size_tablet=\u00bb2.5rem\u00bb title_font_size_phone=\u00bb2.5rem\u00bb title_font_size_last_edited=\u00bbon|tablet\u00bb global_colors_info=\u00bb{}\u00bb][\/et_pb_heading][et_pb_text _builder_version=\u00bb4.27.4&#8243; _module_preset=\u00bbdefault\u00bb custom_margin=\u00bb||32px||false|false\u00bb global_colors_info=\u00bb{}\u00bb]<\/p>\n<p><span dir=\"auto\">De conformidad con lo dispuesto en las normativas vigentes en protecci\u00f3n de datos personales, el RESPONSABLE cumple con todas las disposiciones de las normativas RGPD y LOPDGDD para el tratamiento de los datos personales de su responsabilidad, y manifiestamente con los principios descritos en el art\u00edculo 5 del RGPD, por los cuales son tratados de manera l\u00edcita, leal y transparente en relaci\u00f3n con el interesado y adecuados, pertinentes y limitados a lo necesario en relaci\u00f3n con los fines para los que son tratados.<\/span><\/p>\n<p><\/p>\n<p><span dir=\"auto\">El RESPONSABLE garantiza que ha implementado pol\u00edticas t\u00e9cnicas y organizativas apropiadas para aplicar las medidas de seguridad que establecen el RGPD y la LOPDGDD con el fin de proteger los derechos y libertades de los USUARIOS y les ha comunicado la informaci\u00f3n adecuada para que puedan ejercerlos.<\/span><\/p>\n<p><\/p>\n<p><span dir=\"auto\">Para m\u00e1s informaci\u00f3n sobre garant\u00edas de privacidad puede contactar con el RESPONSABLE a trav\u00e9s del CENTRE INTERNACIONAL DE M\u00c8TODES NUM\u00c8RICS A L&#8217;ENGINYERIA (CIMNE). C. Gran Capit\u00e0, s\/n, Edificio C1 -Campus Nod \u2013 UPC &#8211; 08034 BARCELONA. Correo electr\u00f3nico: rgpd@cimne.upc.edu<\/span><\/p>\n<p><\/p>\n<p><strong><span dir=\"auto\">Datos de contacto del delegado de protecci\u00f3n de datos<\/span><\/strong><span dir=\"auto\">\u00a0: Esperanza Jord\u00e0, dpo@cimne.upc.edu<\/span><\/p>\n<p>[\/et_pb_text][\/et_pb_column][\/et_pb_row][\/et_pb_section]<\/p>\n","protected":false},"excerpt":{"rendered":"<p>Esta pol\u00edtica de privacidad establece la forma en que se gestionar\u00e1n los datos personales en este sitio web. Es imprescindible que lea y acepte los t\u00e9rminos antes de continuar navegando.CIMNE es el sitio web del CENTRE INTERNACIONAL DE M\u00c8TODES NUM\u00c8RICS A L\u2019ENGINYERIA (en adelante, CIMNE) con n\u00famero de identificaci\u00f3n fiscal (CIF) Q5850006G.La transparencia es uno [&hellip;]<\/p>\n","protected":false},"author":2,"featured_media":0,"parent":0,"menu_order":0,"comment_status":"closed","ping_status":"closed","template":"","meta":{"_acf_changed":false,"_et_pb_use_builder":"on","_et_pb_old_content":"","_et_gb_content_width":"","slim_seo":{"title":"Pol\u00edtica de privacidad - CIMNE","description":"Esta pol\u00edtica de privacidad establece la forma en que se gestionar\u00e1n los datos personales en este sitio web. Es imprescindible que lea y acepte los t\u00e9rminos ant"},"footnotes":""},"class_list":["post-244418","page","type-page","status-publish","hentry"],"acf":[],"_links":{"self":[{"href":"https:\/\/cimne.com\/es\/wp-json\/wp\/v2\/pages\/244418","targetHints":{"allow":["GET"]}}],"collection":[{"href":"https:\/\/cimne.com\/es\/wp-json\/wp\/v2\/pages"}],"about":[{"href":"https:\/\/cimne.com\/es\/wp-json\/wp\/v2\/types\/page"}],"author":[{"embeddable":true,"href":"https:\/\/cimne.com\/es\/wp-json\/wp\/v2\/users\/2"}],"replies":[{"embeddable":true,"href":"https:\/\/cimne.com\/es\/wp-json\/wp\/v2\/comments?post=244418"}],"version-history":[{"count":0,"href":"https:\/\/cimne.com\/es\/wp-json\/wp\/v2\/pages\/244418\/revisions"}],"wp:attachment":[{"href":"https:\/\/cimne.com\/es\/wp-json\/wp\/v2\/media?parent=244418"}],"curies":[{"name":"wp","href":"https:\/\/api.w.org\/{rel}","templated":true}]}}