{"id":244401,"date":"2025-09-16T09:43:35","date_gmt":"2025-09-16T07:43:35","guid":{"rendered":"https:\/\/cimne.com\/politica-de-privacidad-de-redes-sociales\/"},"modified":"2025-09-18T15:19:57","modified_gmt":"2025-09-18T13:19:57","slug":"politica-de-privacidad-de-redes-sociales","status":"publish","type":"page","link":"https:\/\/cimne.com\/es\/politica-de-privacidad-de-redes-sociales\/","title":{"rendered":"Pol\u00edtica de Privacidad de Redes Sociales"},"content":{"rendered":"<p>[et_pb_section fb_built=\u00bb1&#8243; disabled_on=\u00bboff|off|off\u00bb _builder_version=\u00bb4.27.4&#8243; _module_preset=\u00bb81964cef-6002-4a6d-8fe6-ec7662796c0d\u00bb global_colors_info=\u00bb{}\u00bb theme_builder_area=\u00bbpost_content\u00bb][et_pb_row _builder_version=\u00bb4.27.4&#8243; _module_preset=\u00bbc7c24b71-68f1-4ba2-bc79-49dcbcce5ea1&#8243; global_colors_info=\u00bb{}\u00bb theme_builder_area=\u00bbpost_content\u00bb][et_pb_column type=\u00bb4_4&#8243; _builder_version=\u00bb4.27.4&#8243; _module_preset=\u00bb56e57fde-4561-4cf6-a771-0a733a7201b1&#8243; global_colors_info=\u00bb{}\u00bb theme_builder_area=\u00bbpost_content\u00bb][et_pb_heading title=\u00bb@ET-DC@eyJkeW5hbWljIjp0cnVlLCJjb250ZW50IjoicG9zdF90aXRsZSIsInNldHRpbmdzIjp7ImJlZm9yZSI6IiIsImFmdGVyIjoiIiwiZW5hYmxlX2h0bWwiOiJvZmYifX0=@\u00bb admin_label=\u00bbPrivacy Policy\u00bb _builder_version=\u00bb4.27.4&#8243; _dynamic_attributes=\u00bbtitle\u00bb _module_preset=\u00bbdefault\u00bb title_font=\u00bb|700|||||||\u00bb title_text_align=\u00bbleft\u00bb title_font_size=\u00bb4rem\u00bb title_line_height=\u00bb4rem\u00bb custom_margin=\u00bb||32px||false|false\u00bb title_font_size_tablet=\u00bb3rem\u00bb title_font_size_phone=\u00bb3rem\u00bb title_font_size_last_edited=\u00bbon|desktop\u00bb title_line_height_tablet=\u00bb3rem\u00bb title_line_height_phone=\u00bb3rem\u00bb title_line_height_last_edited=\u00bbon|tablet\u00bb global_colors_info=\u00bb{}\u00bb theme_builder_area=\u00bbpost_content\u00bb][\/et_pb_heading][et_pb_text disabled_on=\u00bbon|on|on\u00bb _builder_version=\u00bb4.27.4&#8243; _module_preset=\u00bbdefault\u00bb custom_margin=\u00bb||32px||false|false\u00bb disabled=\u00bbon\u00bb global_colors_info=\u00bb{}\u00bb theme_builder_area=\u00bbpost_content\u00bb]<\/p>\n<p>La presente pol\u00edtica de privacidad establece la forma en que se gestionar\u00e1n los datos personales en este sitio web. Es imprescindible que lea y acepte los t\u00e9rminos antes de continuar navegando. <\/p>\n<p>CIMNE es el sitio web del CENTRE INTERNACIONAL DE M\u00c8TODES NUM\u00c8RICS A L\u2019ENGINYERIA (en adelante, CIMNE) con n\u00famero de identificaci\u00f3n fiscal (CIF) Q5850006G.<\/p>\n<p>La transparencia es uno de los valores que nos define y, por eso, queremos que sepa desde el principio que la privacidad de sus datos es muy importante para nosotros. Esta declaraci\u00f3n de privacidad explica qu\u00e9 datos personales recopilamos de nuestros usuarios y c\u00f3mo los utilizamos. Le invitamos a leer atentamente estos t\u00e9rminos antes de proporcionar sus datos personales en este sitio web.  <\/p>\n<p>Este sitio web respeta y protege los datos personales de los usuarios. Como usuario, debee saber que sus derechos est\u00e1n garantizados. <\/p>\n<p>Nos hemos esforzado por crear un espacio seguro y fiable y, por este motivo, queremos compartir nuestros principios en materia de privacidad:<\/p>\n<ul>\n<li style=\"list-style-type: none;\">\n<ul>\n<li>Nunca solicitamos informaci\u00f3n personal a menos que sea absolutamente necesario para prestarle los servicios que usted requiere.<\/li>\n<li>Nunca compartimos informaci\u00f3n personal sobre nuestros usuarios con nadie, excepto para cumplir con la ley o en caso de que tengamos su autorizaci\u00f3n expresa.<\/li>\n<li>Nunca utilizaremos sus datos personales para fines distintos a los establecidos en esta pol\u00edtica de privacidad.<\/li>\n<\/ul>\n<\/li>\n<\/ul>\n<p>Cabe se\u00f1alar que la presente Pol\u00edtica de Privacidad puede variar en funci\u00f3n de los requisitos legislativos o de autorregulaci\u00f3n, por lo que se recomienda a los usuarios revisarla peri\u00f3dicamente. Ser\u00e1 de aplicaci\u00f3n en el caso de que los usuarios decidan rellenar un formulario de contacto o de participaci\u00f3n en el que se recojan datos de car\u00e1cter personal. <\/p>\n<p>CIMNE ha adaptado este sitio web a los requisitos del Reglamento (UE) 2016\/679 del Parlamento Europeo y del Consejo, de 27 de abril de 2016, relativo a la protecci\u00f3n de datos, as\u00ed como con la Ley 34\/2002, de 11 de julio, de Servicios de la Sociedad de la Informaci\u00f3n y de Comercio Electr\u00f3nico (LSSICE o LSSI) y la Ley 3\/2018, de 5 de diciembre, de Protecci\u00f3n de Datos Personales y Garant\u00eda de los Derechos Digitales.<\/p>\n<p>[\/et_pb_text][et_pb_heading title=\u00bb1. Informaci\u00f3n para los usuarios\u00bb admin_label=\u00bb1. User Information\u00bb _builder_version=\u00bb4.27.4&#8243; _module_preset=\u00bbdefault\u00bb title_level=\u00bbh2&#8243; title_text_align=\u00bbleft\u00bb title_font_size=\u00bb3rem\u00bb title_line_height=\u00bb2.5rem\u00bb custom_margin=\u00bb20px||32px||false|false\u00bb custom_padding=\u00bb||||false|false\u00bb title_font_size_tablet=\u00bb2.5rem\u00bb title_font_size_phone=\u00bb2.5rem\u00bb title_font_size_last_edited=\u00bbon|tablet\u00bb global_colors_info=\u00bb{}\u00bb theme_builder_area=\u00bbpost_content\u00bb][\/et_pb_heading][et_pb_text _builder_version=\u00bb4.27.4&#8243; _module_preset=\u00bbdefault\u00bb custom_margin=\u00bb||32px||false|false\u00bb hover_enabled=\u00bb0&#8243; global_colors_info=\u00bb{}\u00bb theme_builder_area=\u00bbpost_content\u00bb sticky_enabled=\u00bb0&#8243;]<\/p>\n<h3>\u00bfQui\u00e9n es responsable del tratamiento de sus datos personales?<\/h3>\n<p>El CENTRE INTERNACIONAL DE M\u00c8TODES NUM\u00c8RICS A L\u2019ENGINYERIA (CIMNE), en adelante el RESPONSABLE, informa al USUARIO de que ha creado un perfil en las redes sociales Facebook, LinkedIn, YouTube y BlueSky, que son responsables del tratamiento de los datos personales del usuario que se realiza en estas redes sociales. Estos datos ser\u00e1n tratados de conformidad con lo establecido en el Reglamento (UE) 2016\/679, de 27 de abril (RGPD), y la Ley Org\u00e1nica 3\/2018, de 5 de diciembre (LOPDGDD), por lo que se facilita la siguiente informaci\u00f3n sobre el tratamiento: <\/p>\n<h3>\u00bfPor qu\u00e9 procesamos sus datos personales?<\/h3>\n<p><strong>Finalidad del tratamiento:<\/strong> mantener una relaci\u00f3n entre el USUARIO y el RESPONSABLE, lo que puede incluir las siguientes operaciones:<\/p>\n<ul>\n<li>Procesar las solicitudes y consultas enviadas al responsable del tratamiento.<\/li>\n<li>Proporcionar informaci\u00f3n sobre las actividades y eventos organizados por el responsable del tratamiento.<\/li>\n<li>Proporcionar informaci\u00f3n sobre los productos o servicios ofrecidos por el responsable del tratamiento.<\/li>\n<li>Interactuar mediante perfiles oficiales.<\/li>\n<\/ul>\n<h3>\u00bfPor qu\u00e9 podemos procesar sus datos personales?<\/h3>\n<p><strong>Base jur\u00eddica del tratamiento<\/strong>: Art\u00edculo 6.1.a del RGPD, el interesado ha dado su consentimiento para el tratamiento de sus datos personales para uno o varios fines espec\u00edficos. El USUARIO tiene un perfil en la misma red social y ha decidido unirse a la red social del RESPONSABLE, mostrando as\u00ed inter\u00e9s en la informaci\u00f3n publicada en ella. Por lo tanto, al solicitar seguir nuestros perfiles oficiales, nos da su consentimiento para tratar los datos personales publicados en su perfil.  <\/p>\n<p>El USUARIO puede acceder en cualquier momento a las pol\u00edticas de privacidad de la propia red social, as\u00ed como configurar su perfil para garantizar su privacidad.<\/p>\n<p>El RESPONSABLE tiene acceso y trata los datos p\u00fablicos del USUARIO, en particular su nombre de contacto. Estos datos solo se utilizan dentro de la propia red social y solo se incorporar\u00e1n a un fichero del RESPONSABLE cuando sea necesario para tramitar la solicitud del USUARIO. <\/p>\n<h3>\u00bfDurante cu\u00e1nto tiempo conservaremos sus datos personales?<\/h3>\n<p><strong>Criterios de conservaci\u00f3n de datos<\/strong>: los datos se conservar\u00e1n mientras el USUARIO no revoque el consentimiento otorgado tal y como se indica en la presente pol\u00edtica de privacidad.<\/p>\n<h3>\u00bfCon qui\u00e9n compartimos sus datos personales?<\/h3>\n<p><strong>Comunicaci\u00f3n de datos:<\/strong> la informaci\u00f3n proporcionada por el USUARIO a trav\u00e9s de las redes sociales del RESPONSABLE, incluidos sus datos personales, podr\u00e1 ser publicada, en funci\u00f3n de los servicios que el USUARIO utilice, y, por tanto, podr\u00e1 ser puesta a disposici\u00f3n p\u00fablica de otros terceros usuarios de las redes sociales. Desde cada perfil de red social, el USUARIO puede configurar qu\u00e9 informaci\u00f3n quiere hacer p\u00fablica en cada caso, ver los permisos que ha concedido, eliminarlos o desactivarlos, al igual que con cualquier aplicaci\u00f3n de terceros que ya no desee utilizar. <\/p>\n<p>No se prev\u00e9 la comunicaci\u00f3n de datos personales a terceros ajenos a la red social, salvo que sea imprescindible para el desarrollo y ejecuci\u00f3n de las finalidades del tratamiento, a nuestros proveedores de servicios relacionados con las comunicaciones, con quienes el RESPONSABLE DEL TRATAMIENTO ha firmado los contratos de confidencialidad y de encargado del tratamiento exigidos por la normativa vigente en materia de privacidad.<\/p>\n<h3>\u00bfCu\u00e1les son sus derechos?<\/h3>\n<p><strong>Derechos del USUARIO<\/strong>: estos derechos solo podr\u00e1n ejercerse en relaci\u00f3n con la informaci\u00f3n que est\u00e9 bajo el control del RESPONSABLE DEL TRATAMIENTO.<\/p>\n<ul>\n<li>Derecho a retirar el consentimiento en cualquier momento.<\/li>\n<li>Derecho de acceso, rectificaci\u00f3n, portabilidad y supresi\u00f3n de sus datos, as\u00ed como de limitaci\u00f3n u oposici\u00f3n a su tratamiento.<\/li>\n<li>Derecho a presentar una reclamaci\u00f3n ante la autoridad de control (www.aepd.es) si considera que el tratamiento no se ajusta a la normativa vigente.<\/li>\n<\/ul>\n<h4>Datos de contacto para ejercer sus derechos:<\/h4>\n<p>CENTRE INTERNACIONAL DE M\u00c8TODES NUM\u00c8RICS A L\u2019ENGINYERIA (CIMNE). C. Gran Capit\u00e0, s\/n, C1 Building -Campus Nord \u2013 UPC, 08034 BARCELONA<br \/>E-mail: rgpd@cimne.upc.edu <\/p>\n<p><strong>Datos de contacto del delegado de protecci\u00f3n de datos (DPO)<\/strong>: Esperanza Jord\u00e0, dpo@cimne.upc.edu<\/p>\n<p>[\/et_pb_text][et_pb_divider _builder_version=\u00bb4.27.4&#8243; _module_preset=\u00bbdefault\u00bb global_colors_info=\u00bb{}\u00bb theme_builder_area=\u00bbpost_content\u00bb][\/et_pb_divider][et_pb_heading title=\u00bb2. Uso del perfil\u00bb admin_label=\u00bb2. Use of the profile\u00bb _builder_version=\u00bb4.27.4&#8243; _module_preset=\u00bbdefault\u00bb title_level=\u00bbh2&#8243; title_text_align=\u00bbleft\u00bb title_font_size=\u00bb3rem\u00bb title_line_height=\u00bb2.5rem\u00bb custom_margin=\u00bb20px||32px||false|false\u00bb custom_padding=\u00bb||||false|false\u00bb hover_enabled=\u00bb0&#8243; title_font_size_tablet=\u00bb2.5rem\u00bb title_font_size_phone=\u00bb2.5rem\u00bb title_font_size_last_edited=\u00bbon|tablet\u00bb global_colors_info=\u00bb{}\u00bb theme_builder_area=\u00bbpost_content\u00bb sticky_enabled=\u00bb0&#8243;][\/et_pb_heading][et_pb_text _builder_version=\u00bb4.27.4&#8243; _module_preset=\u00bbdefault\u00bb custom_margin=\u00bb||32px||false|false\u00bb hover_enabled=\u00bb0&#8243; global_colors_info=\u00bb{}\u00bb theme_builder_area=\u00bbpost_content\u00bb sticky_enabled=\u00bb0&#8243;]<\/p>\n<p>El CONTROLADOR realizar\u00e1 las siguientes acciones:<\/p>\n<ul>\n<li>Acceso a la informaci\u00f3n del perfil p\u00fablico.<\/li>\n<li>Publicaci\u00f3n en el perfil del USUARIO de toda la informaci\u00f3n ya publicada en la red social del RESPONSABLE DEL TRATAMIENTO. Env\u00edo de mensajes personales e individuales a trav\u00e9s de los canales de las redes sociales. <\/li>\n<li>Las actualizaciones del estado de la p\u00e1gina se publicar\u00e1n en el perfil del USUARIO.<\/li>\n<\/ul>\n<p>El USUARIO siempre puede controlar sus conexiones, eliminar contenido que ya no le interese y restringir con qui\u00e9n comparte sus conexiones; para ello, debe acceder a su configuraci\u00f3n de privacidad.<\/p>\n<p>[\/et_pb_text][et_pb_divider _builder_version=\u00bb4.27.4&#8243; _module_preset=\u00bbdefault\u00bb global_colors_info=\u00bb{}\u00bb theme_builder_area=\u00bbpost_content\u00bb][\/et_pb_divider][et_pb_heading title=\u00bb3. Publicaciones\u00bb admin_label=\u00bb3. Publications\u00bb _builder_version=\u00bb4.27.4&#8243; _module_preset=\u00bbdefault\u00bb title_level=\u00bbh2&#8243; title_text_align=\u00bbleft\u00bb title_font_size=\u00bb3rem\u00bb title_line_height=\u00bb2.5rem\u00bb custom_margin=\u00bb20px||32px||false|false\u00bb custom_padding=\u00bb||||false|false\u00bb hover_enabled=\u00bb0&#8243; title_font_size_tablet=\u00bb2.5rem\u00bb title_font_size_phone=\u00bb2.5rem\u00bb title_font_size_last_edited=\u00bbon|tablet\u00bb global_colors_info=\u00bb{}\u00bb theme_builder_area=\u00bbpost_content\u00bb sticky_enabled=\u00bb0&#8243;][\/et_pb_heading][et_pb_text _builder_version=\u00bb4.27.4&#8243; _module_preset=\u00bbdefault\u00bb custom_margin=\u00bb||32px||false|false\u00bb hover_enabled=\u00bb0&#8243; global_colors_info=\u00bb{}\u00bb theme_builder_area=\u00bbpost_content\u00bb sticky_enabled=\u00bb0&#8243;]<\/p>\n<p>Una vez que el USUARIO se haya convertido en seguidor o se haya unido a la red social del RESPONSABLE, podr\u00e1 publicar comentarios, enlaces, im\u00e1genes, fotograf\u00edas o cualquier otro tipo de contenido multimedia compatible con la red. En todos los casos, el USUARIO deber\u00e1 ser el propietario del contenido publicado, ser titular de los derechos de autor y de propiedad intelectual, o contar con el consentimiento de los terceros afectados. <\/p>\n<p>Queda expresamente prohibida cualquier publicaci\u00f3n en la red social, ya sea texto, gr\u00e1ficos, fotograf\u00edas, v\u00eddeos, etc., que atente o pueda atentar contra la moral, la \u00e9tica, el buen gusto o las buenas costumbres, y\/o que infrinja, vulnere o incumpla los derechos de propiedad intelectual o industrial, los derechos de imagen o la ley.<\/p>\n<p>En tales casos, el RESPONSABLE DEL TRATAMIENTO se reserva el derecho de eliminar inmediatamente el contenido, sin previo aviso, y podr\u00e1 solicitar el bloqueo permanente del USUARIO.<\/p>\n<p>El CONTROLADOR no ser\u00e1 responsable del contenido publicado libremente por un USUARIO.<\/p>\n<p>El USUARIO debe tener en cuenta que sus publicaciones ser\u00e1n vistas por otros usuarios y, por lo tanto, es el principal responsable de su privacidad.<\/p>\n<p>Las im\u00e1genes que puedan publicarse en la red social no ser\u00e1n almacenadas en ning\u00fan archivo por parte del RESPONSABLE DEL TRATAMIENTO, sino que permanecer\u00e1n en la red social.<\/p>\n<p>[\/et_pb_text][et_pb_divider _builder_version=\u00bb4.27.4&#8243; _module_preset=\u00bbdefault\u00bb global_colors_info=\u00bb{}\u00bb theme_builder_area=\u00bbpost_content\u00bb][\/et_pb_divider][et_pb_heading title=\u00bb4. Datos sobre menores o personas con necesidades especiales\u00bb admin_label=\u00bb4. Minors\u00bb _builder_version=\u00bb4.27.4&#8243; _module_preset=\u00bbdefault\u00bb title_level=\u00bbh2&#8243; title_text_align=\u00bbleft\u00bb title_font_size=\u00bb3rem\u00bb title_line_height=\u00bb2.5rem\u00bb custom_margin=\u00bb20px||32px||false|false\u00bb custom_padding=\u00bb||||false|false\u00bb hover_enabled=\u00bb0&#8243; title_font_size_tablet=\u00bb2.5rem\u00bb title_font_size_phone=\u00bb2.5rem\u00bb title_font_size_last_edited=\u00bbon|tablet\u00bb global_colors_info=\u00bb{}\u00bb theme_builder_area=\u00bbpost_content\u00bb sticky_enabled=\u00bb0&#8243;][\/et_pb_heading][et_pb_text _builder_version=\u00bb4.27.4&#8243; _module_preset=\u00bbdefault\u00bb custom_margin=\u00bb||32px||false|false\u00bb hover_enabled=\u00bb0&#8243; global_colors_info=\u00bb{}\u00bb theme_builder_area=\u00bbpost_content\u00bb sticky_enabled=\u00bb0&#8243;]<\/p>\n<p>Se proh\u00edbe el acceso y registro a trav\u00e9s de las cuentas de redes sociales del RESPONSABLE a menores de 14 a\u00f1os. Si el USUARIO tuviera alguna necesidad especial, se requerir\u00e1 la intervenci\u00f3n de su padre, madre o tutor, o su representante legal, con documentaci\u00f3n v\u00e1lida que acredite su representaci\u00f3n. <\/p>\n<p>El RESPONSABLE queda expresamente exento de cualquier responsabilidad que pudiera derivarse del uso de las redes sociales por parte de menores de edad o personas con necesidades especiales. Las redes sociales del RESPONSABLE no recogen deliberadamente informaci\u00f3n personal de menores. Por lo tanto, si el USUARIO es menor de edad, no debe registrarse, utilizar las redes sociales del RESPONSABLE ni facilitar ning\u00fan dato personal.  <\/p>\n<p>[\/et_pb_text][\/et_pb_column][\/et_pb_row][\/et_pb_section]<\/p>\n","protected":false},"excerpt":{"rendered":"<p>La presente pol\u00edtica de privacidad establece la forma en que se gestionar\u00e1n los datos personales en este sitio web. Es imprescindible que lea y acepte los t\u00e9rminos antes de continuar navegando. CIMNE es el sitio web del CENTRE INTERNACIONAL DE M\u00c8TODES NUM\u00c8RICS A L\u2019ENGINYERIA (en adelante, CIMNE) con n\u00famero de identificaci\u00f3n fiscal (CIF) Q5850006G. La [&hellip;]<\/p>\n","protected":false},"author":10,"featured_media":0,"parent":0,"menu_order":0,"comment_status":"closed","ping_status":"closed","template":"","meta":{"_acf_changed":false,"_et_pb_use_builder":"on","_et_pb_old_content":"","_et_gb_content_width":"","slim_seo":{"title":"Pol\u00edtica de Privacidad de Redes Sociales - CIMNE","description":"1. Informaci\u00f3n para los usuarios \u00bfQui\u00e9n es responsable del tratamiento de sus datos personales? El CENTRE INTERNACIONAL DE M\u00c8TODES NUM\u00c8RICS A L\u2019ENGINYERIA (CIMN"},"footnotes":""},"class_list":["post-244401","page","type-page","status-publish","hentry"],"acf":[],"_links":{"self":[{"href":"https:\/\/cimne.com\/es\/wp-json\/wp\/v2\/pages\/244401","targetHints":{"allow":["GET"]}}],"collection":[{"href":"https:\/\/cimne.com\/es\/wp-json\/wp\/v2\/pages"}],"about":[{"href":"https:\/\/cimne.com\/es\/wp-json\/wp\/v2\/types\/page"}],"author":[{"embeddable":true,"href":"https:\/\/cimne.com\/es\/wp-json\/wp\/v2\/users\/10"}],"replies":[{"embeddable":true,"href":"https:\/\/cimne.com\/es\/wp-json\/wp\/v2\/comments?post=244401"}],"version-history":[{"count":0,"href":"https:\/\/cimne.com\/es\/wp-json\/wp\/v2\/pages\/244401\/revisions"}],"wp:attachment":[{"href":"https:\/\/cimne.com\/es\/wp-json\/wp\/v2\/media?parent=244401"}],"curies":[{"name":"wp","href":"https:\/\/api.w.org\/{rel}","templated":true}]}}