{"id":244332,"date":"2025-04-29T12:18:29","date_gmt":"2025-04-29T10:18:29","guid":{"rendered":"https:\/\/cimne.com\/politica-de-cookies-en-las-paginas-web-de-este-sitio\/"},"modified":"2026-03-19T13:26:13","modified_gmt":"2026-03-19T12:26:13","slug":"politica-de-cookies","status":"publish","type":"page","link":"https:\/\/cimne.com\/es\/politica-de-cookies\/","title":{"rendered":"Pol\u00edtica de cookies en las p\u00e1ginas web de este sitio"},"content":{"rendered":"<p>[et_pb_section fb_built=\u00bb1&#8243; disabled_on=\u00bboff|off|off\u00bb _builder_version=\u00bb4.27.4&#8243; _module_preset=\u00bb81964cef-6002-4a6d-8fe6-ec7662796c0d\u00bb global_colors_info=\u00bb{}\u00bb][et_pb_row _builder_version=\u00bb4.27.4&#8243; _module_preset=\u00bbc7c24b71-68f1-4ba2-bc79-49dcbcce5ea1&#8243; global_colors_info=\u00bb{}\u00bb][et_pb_column type=\u00bb4_4&#8243; _builder_version=\u00bb4.27.4&#8243; _module_preset=\u00bb56e57fde-4561-4cf6-a771-0a733a7201b1&#8243; global_colors_info=\u00bb{}\u00bb][et_pb_heading title=\u00bb@ET-DC@eyJkeW5hbWljIjp0cnVlLCJjb250ZW50IjoicG9zdF90aXRsZSIsInNldHRpbmdzIjp7ImJlZm9yZSI6IiIsImFmdGVyIjoiIn19@\u00bb admin_label=\u00bbCookies policy in this site web pages\u00bb _builder_version=\u00bb4.27.4&#8243; _dynamic_attributes=\u00bbtitle\u00bb _module_preset=\u00bbdefault\u00bb title_font=\u00bb|700|||||||\u00bb title_text_align=\u00bbleft\u00bb title_font_size=\u00bb4rem\u00bb title_line_height=\u00bb4rem\u00bb custom_margin=\u00bb||32px||false|false\u00bb title_font_size_tablet=\u00bb3rem\u00bb title_font_size_phone=\u00bb3rem\u00bb title_font_size_last_edited=\u00bbon|desktop\u00bb title_line_height_tablet=\u00bb3rem\u00bb title_line_height_phone=\u00bb3rem\u00bb title_line_height_last_edited=\u00bbon|tablet\u00bb global_colors_info=\u00bb{}\u00bb][\/et_pb_heading][et_pb_heading title=\u00bbInformaci\u00f3n sobre las cookies\u00bb admin_label=\u00bbInformation about Cookies\u00bb _builder_version=\u00bb4.27.4&#8243; _module_preset=\u00bbdefault\u00bb title_level=\u00bbh2&#8243; title_text_align=\u00bbleft\u00bb title_font_size=\u00bb3rem\u00bb title_line_height=\u00bb2.5rem\u00bb custom_margin=\u00bb||32px||false|false\u00bb title_font_size_tablet=\u00bb2.5rem\u00bb title_font_size_phone=\u00bb2.5rem\u00bb title_font_size_last_edited=\u00bbon|tablet\u00bb global_colors_info=\u00bb{}\u00bb][\/et_pb_heading][et_pb_text _builder_version=\u00bb4.27.4&#8243; _module_preset=\u00bbdefault\u00bb custom_margin=\u00bb||32px||false|false\u00bb global_colors_info=\u00bb{}\u00bb]<\/p>\n<p>De conformidad con la Ley 34\/2002, de 11 de julio, de Servicios de la Sociedad de la Informaci\u00f3n y de Comercio Electr\u00f3nico (LSSI), en relaci\u00f3n con el Reglamento (UE) 2016\/679 del Parlamento Europeo y del Consejo, de 27 de abril de 2016 (RGPD), y la Ley Org\u00e1nica 3\/2018, de 5 de diciembre, de Protecci\u00f3n de Datos Personales y a la Garant\u00eda de los Derechos Digitales (LOPDGDD), todos los sitios web que utilicen cookies no esenciales deber\u00e1n obtener el consentimiento expreso del usuario antes de que comience la navegaci\u00f3n.<\/p>\n<p>[\/et_pb_text][et_pb_heading title=\u00bb\u00bfQu\u00e9 son las cookies?\u00bb admin_label=\u00bbWhat are Cookies?\u00bb _builder_version=\u00bb4.27.4&#8243; _module_preset=\u00bbdefault\u00bb title_level=\u00bbh2&#8243; title_text_align=\u00bbleft\u00bb title_font_size=\u00bb3rem\u00bb title_line_height=\u00bb2.5rem\u00bb custom_margin=\u00bb20px||32px||false|false\u00bb custom_padding=\u00bb||||false|false\u00bb title_font_size_tablet=\u00bb2.5rem\u00bb title_font_size_phone=\u00bb2.5rem\u00bb title_font_size_last_edited=\u00bbon|tablet\u00bb global_colors_info=\u00bb{}\u00bb][\/et_pb_heading][et_pb_text _builder_version=\u00bb4.27.4&#8243; _module_preset=\u00bbdefault\u00bb custom_margin=\u00bb||32px||false|false\u00bb global_colors_info=\u00bb{}\u00bb]<\/p>\n<p>Las cookies y tecnolog\u00edas similares, como los objetos locales compartidos, las cookies flash o los p\u00edxeles, son herramientas utilizadas por los servidores web para almacenar y recuperar informaci\u00f3n sobre los visitantes, as\u00ed como para garantizar el correcto funcionamiento de un sitio web.<\/p>\n<p><\/p>\n<p>Estas tecnolog\u00edas permiten al servidor web recordar ciertos datos sobre el usuario, como sus preferencias de visualizaci\u00f3n, credenciales de inicio de sesi\u00f3n o los productos que m\u00e1s le interesan.<\/p>\n<p>[\/et_pb_text][et_pb_heading title=\u00bbCookies sujetas a la normativa y cookies exentas\u00bb admin_label=\u00bbCookies Covered by Regulation and Exempt Cookies\u00bb _builder_version=\u00bb4.27.4&#8243; _module_preset=\u00bbdefault\u00bb title_level=\u00bbh2&#8243; title_text_align=\u00bbleft\u00bb title_font_size=\u00bb3rem\u00bb title_line_height=\u00bb2.5rem\u00bb custom_margin=\u00bb20px||32px||false|false\u00bb custom_padding=\u00bb||||false|false\u00bb title_font_size_tablet=\u00bb2.5rem\u00bb title_font_size_phone=\u00bb2.5rem\u00bb title_font_size_last_edited=\u00bbon|tablet\u00bb global_colors_info=\u00bb{}\u00bb][\/et_pb_heading][et_pb_text _builder_version=\u00bb4.27.4&#8243; _module_preset=\u00bbdefault\u00bb custom_margin=\u00bb||32px||false|false\u00bb global_colors_info=\u00bb{}\u00bb]<\/p>\n<p>Seg\u00fan la legislaci\u00f3n de la UE, las cookies que requieren el consentimiento informado del usuario son las cookies anal\u00edticas, publicitarias y de afiliaci\u00f3n. Quedan exentas de este requisito las cookies t\u00e9cnicas y aquellas estrictamente necesarias para el funcionamiento del sitio web o la prestaci\u00f3n de servicios expresamente solicitados por el usuario.<\/p>\n<p>[\/et_pb_text][et_pb_heading title=\u00bbTipos de cookies\u00bb admin_label=\u00bbTypes of Cookies\u00bb _builder_version=\u00bb4.27.4&#8243; _module_preset=\u00bbdefault\u00bb title_level=\u00bbh2&#8243; title_text_align=\u00bbleft\u00bb title_font_size=\u00bb3rem\u00bb title_line_height=\u00bb2.5rem\u00bb custom_margin=\u00bb20px||32px||false|false\u00bb custom_padding=\u00bb||||false|false\u00bb title_font_size_tablet=\u00bb2.5rem\u00bb title_font_size_phone=\u00bb2.5rem\u00bb title_font_size_last_edited=\u00bbon|tablet\u00bb global_colors_info=\u00bb{}\u00bb][\/et_pb_heading][et_pb_text _builder_version=\u00bb4.27.4&#8243; _module_preset=\u00bbdefault\u00bb custom_margin=\u00bb||32px||false|false\u00bb global_colors_info=\u00bb{}\u00bb]<\/p>\n<h4 data-start=\"1547\" data-end=\"1563\"><strong data-start=\"1547\" data-end=\"1561\">Por prop\u00f3sito<br \/><\/strong><\/h4>\n<p><\/p>\n<ul data-start=\"1564\" data-end=\"2712\">\n<li data-start=\"1564\" data-end=\"1719\">\n<p data-start=\"1566\" data-end=\"1719\"><strong data-start=\"1566\" data-end=\"1602\">Cookies t\u00e9cnicas y funcionales<\/strong>: Permiten al usuario navegar por un sitio web, plataforma o aplicaci\u00f3n y utilizar las diferentes opciones o servicios disponibles.<\/p>\n<\/li>\n<li data-start=\"1720\" data-end=\"1943\">\n<p data-start=\"1722\" data-end=\"1943\"><strong data-start=\"1722\" data-end=\"1743\">Cookies anal\u00edticas<\/strong>: Permiten el seguimiento y an\u00e1lisis del comportamiento de los usuarios en los sitios web. La informaci\u00f3n recopilada se utiliza para medir la actividad del sitio web y para crear perfiles de navegaci\u00f3n, lo que ayuda a mejorar los servicios ofrecidos.<\/p>\n<\/li>\n<li data-start=\"1944\" data-end=\"2111\">\n<p data-start=\"1946\" data-end=\"2111\"><strong data-start=\"1946\" data-end=\"1969\">Cookies publicitarias<\/strong>: Permiten la gesti\u00f3n m\u00e1s eficiente de los espacios publicitarios incluidos por el editor en funci\u00f3n de criterios como el contenido o la frecuencia de los anuncios.<\/p>\n<\/li>\n<li data-start=\"2112\" data-end=\"2253\">\n<p data-start=\"2114\" data-end=\"2253\"><strong data-start=\"2114\" data-end=\"2149\">Cookies de publicidad basada en el comportamiento<\/strong>: recopilan informaci\u00f3n sobre las preferencias y elecciones de los usuarios (retargeting) para ofrecer anuncios m\u00e1s relevantes.<\/p>\n<\/li>\n<li data-start=\"2254\" data-end=\"2498\">\n<p data-start=\"2256\" data-end=\"2498\"><strong data-start=\"2256\" data-end=\"2274\">Cookies sociales<\/strong>: instaladas por las plataformas de redes sociales para permitir a los usuarios compartir contenido con amigos y redes. Estas plataformas pueden rastrear la actividad en l\u00ednea fuera de este sitio web, lo que puede afectar al contenido y los mensajes que se ven en otros sitios.<\/p>\n<\/li>\n<li data-start=\"2499\" data-end=\"2606\">\n<p data-start=\"2501\" data-end=\"2606\"><strong data-start=\"2501\" data-end=\"2522\">Cookies de afiliados<\/strong>: realizan un seguimiento de las visitas procedentes de otros sitios web con los que el sitio tiene un acuerdo de afiliaci\u00f3n.<\/p>\n<\/li>\n<li data-start=\"2607\" data-end=\"2712\">\n<p data-start=\"2609\" data-end=\"2712\"><strong data-start=\"2609\" data-end=\"2629\">Cookies de seguridad:<\/strong> almacenan informaci\u00f3n cifrada para proteger los datos frente a ataques maliciosos de terceros.<\/p>\n<\/li>\n<\/ul>\n<p><\/p>\n<h4 data-start=\"2714\" data-end=\"2732\"><strong data-start=\"2714\" data-end=\"2730\">Por propiedad<br \/><\/strong><\/h4>\n<p><\/p>\n<ul data-start=\"2733\" data-end=\"2969\">\n<li data-start=\"2733\" data-end=\"2835\">\n<p data-start=\"2735\" data-end=\"2835\"><strong data-start=\"2735\" data-end=\"2758\">Cookies propias<\/strong>: enviadas al dispositivo del usuario desde un dominio gestionado por el editor del sitio web.<\/p>\n<\/li>\n<li data-start=\"2836\" data-end=\"2969\">\n<p data-start=\"2838\" data-end=\"2969\"><strong data-start=\"2838\" data-end=\"2861\">Cookies de terceros<\/strong>: enviadas desde un dominio no gestionado por el editor, sino por otra entidad que procesa los datos obtenidos.<\/p>\n<\/li>\n<\/ul>\n<p><\/p>\n<h4 data-start=\"2971\" data-end=\"2996\"><strong data-start=\"2971\" data-end=\"2994\">Por duraci\u00f3n del almacenamiento<br \/><\/strong><\/h4>\n<p><\/p>\n<ul data-start=\"2997\" data-end=\"3217\">\n<li data-start=\"2997\" data-end=\"3082\">\n<p data-start=\"2999\" data-end=\"3082\"><strong data-start=\"2999\" data-end=\"3018\">Cookies de sesi\u00f3n<\/strong>: recopilan y almacenan datos mientras el usuario navega por un sitio web.<\/p>\n<\/li>\n<li data-start=\"3083\" data-end=\"3217\">\n<p data-start=\"3085\" data-end=\"3217\"><strong data-start=\"3085\" data-end=\"3107\">Cookies persistentes:<\/strong> los datos permanecen almacenados en el dispositivo durante un periodo definido por el propietario de la cookie, que puede oscilar entre unos minutos y varios a\u00f1os.<\/p>\n<\/li>\n<\/ul>\n<p>[\/et_pb_text][et_pb_heading title=\u00bbTratamiento de datos personales\u00bb admin_label=\u00bbProcessing of Personal Data\u00bb _builder_version=\u00bb4.27.4&#8243; _module_preset=\u00bbdefault\u00bb title_level=\u00bbh2&#8243; title_text_align=\u00bbleft\u00bb title_font_size=\u00bb3rem\u00bb title_line_height=\u00bb2.5rem\u00bb custom_margin=\u00bb20px||32px||false|false\u00bb custom_padding=\u00bb||||false|false\u00bb title_font_size_tablet=\u00bb2.5rem\u00bb title_font_size_phone=\u00bb2.5rem\u00bb title_font_size_last_edited=\u00bbon|tablet\u00bb global_colors_info=\u00bb{}\u00bb][\/et_pb_heading][et_pb_text _builder_version=\u00bb4.27.4&#8243; _module_preset=\u00bbdefault\u00bb custom_margin=\u00bb||32px||false|false\u00bb global_colors_info=\u00bb{}\u00bb]<\/p>\n<p data-start=\"3252\" data-end=\"3465\"><strong data-start=\"3256\" data-end=\"3325\">El Centro Internacional de M\u00e9todos Num\u00e9ricos en Ingenier\u00eda (CIMNE)<\/strong> es el responsable del tratamiento de los datos personales recopilados a trav\u00e9s de las cookies. Los datos se tratar\u00e1n de conformidad con el RGPD.<\/p>\n<p><\/p>\n<ul data-start=\"3467\" data-end=\"3856\">\n<li data-start=\"3467\" data-end=\"3534\">\n<p data-start=\"3469\" data-end=\"3534\"><strong data-start=\"3469\" data-end=\"3481\">Finalidades<\/strong>: Seg\u00fan se especifica en las cookies utilizadas en este sitio web.<\/p>\n<\/li>\n<li data-start=\"3535\" data-end=\"3656\">\n<p data-start=\"3537\" data-end=\"3656\"><strong data-start=\"3537\" data-end=\"3552\">Base jur\u00eddica<\/strong>: Salvo en los casos en que sea estrictamente necesario para la navegaci\u00f3n, el tratamiento se basa en el consentimiento del usuario (art. 6.1.a del RGPD).<\/p>\n<\/li>\n<li data-start=\"3657\" data-end=\"3733\">\n<p data-start=\"3659\" data-end=\"3733\"><strong data-start=\"3659\" data-end=\"3677\">Conservaci\u00f3n de datos<\/strong>: Tal y como se especifica en la secci\u00f3n sobre cookies de este sitio web.<\/p>\n<\/li>\n<li data-start=\"3734\" data-end=\"3856\">\n<p data-start=\"3736\" data-end=\"3856\"><strong data-start=\"3736\" data-end=\"3752\">Intercambio de datos<\/strong>: No se compartir\u00e1n datos con terceros, salvo en el caso de cookies propiedad de terceros u obligaciones legales.<\/p>\n<\/li>\n<\/ul>\n<p><\/p>\n<h3 data-start=\"3858\" data-end=\"3875\">Derechos de los usuarios<\/p>\n<\/h3>\n<p><\/p>\n<ul data-start=\"3876\" data-end=\"4187\">\n<li data-start=\"3876\" data-end=\"3918\">\n<p data-start=\"3878\" data-end=\"3918\">Derecho a retirar el consentimiento en cualquier momento.<\/p>\n<\/li>\n<li data-start=\"3919\" data-end=\"4055\">\n<p data-start=\"3921\" data-end=\"4055\">Derecho de acceso, rectificaci\u00f3n, portabilidad y supresi\u00f3n de los datos personales, as\u00ed como el derecho a limitar o oponerse al tratamiento.<\/p>\n<\/li>\n<li data-start=\"4056\" data-end=\"4187\">\n<p data-start=\"4058\" data-end=\"4187\">Derecho a presentar una reclamaci\u00f3n ante la autoridad de control (<a class=\"decorated-link\" href=\"http:\/\/www.aepd.es\" target=\"_new\" rel=\"noopener\" data-start=\"4117\" data-end=\"4128\">www.aepd.es<\/a>) si considera que el tratamiento no se ajusta a la ley.<\/p>\n<\/li>\n<\/ul>\n<p><\/p>\n<p data-start=\"4189\" data-end=\"4455\"><strong data-start=\"4189\" data-end=\"4231\">Contact details for exercising rights:<\/strong><br data-start=\"4231\" data-end=\"4234\" \/>International Centre for Numerical Methods in Engineering (CIMNE)<br data-start=\"4299\" data-end=\"4302\" \/>C\/ Gran Capit\u00e1n, s\/n Edificio C1 &#8211; Campus Norte \u2013 UPC<br data-start=\"4355\" data-end=\"4358\" \/>08034 Barcelona, Spain<br data-start=\"4380\" data-end=\"4383\" \/>Email: <a class=\"decorated-link cursor-pointer\" rel=\"noopener\" data-start=\"4390\" data-end=\"4408\">rgpd@cimne.upc.edu<\/a><br data-start=\"4408\" data-end=\"4411\" \/>Data Protection Officer: <a class=\"decorated-link cursor-pointer\" rel=\"noopener\" data-start=\"4436\" data-end=\"4453\">dpo@cimne.upc.edu<\/a><\/p>\n<p>[\/et_pb_text][et_pb_heading title=\u00bbCookies utilizadas en este sitio web\u00bb admin_label=\u00bbCookies Used on this Website\u00bb _builder_version=\u00bb4.27.4&#8243; _module_preset=\u00bbdefault\u00bb title_level=\u00bbh2&#8243; title_text_align=\u00bbleft\u00bb title_font_size=\u00bb3rem\u00bb title_line_height=\u00bb2.5rem\u00bb custom_margin=\u00bb20px||32px||false|false\u00bb custom_padding=\u00bb||||false|false\u00bb title_font_size_tablet=\u00bb2.5rem\u00bb title_font_size_phone=\u00bb2.5rem\u00bb title_font_size_last_edited=\u00bbon|tablet\u00bb global_colors_info=\u00bb{}\u00bb][\/et_pb_heading][et_pb_text _builder_version=\u00bb4.27.4&#8243; _module_preset=\u00bbdefault\u00bb custom_margin=\u00bb||32px||false|false\u00bb global_colors_info=\u00bb{}\u00bb]<\/p>\n<h4 data-start=\"4492\" data-end=\"4533\">Cookies controladas por el editor<\/h4>\n<p><\/p>\n<h5 data-start=\"4535\" data-end=\"4573\"><strong data-start=\"4535\" data-end=\"4571\">Cookies t\u00e9cnicas y funcionales<\/strong><\/h5>\n<p><\/p>\n<p>&nbsp;<\/p>\n<p><\/p>\n<table border=\"1\" cellspacing=\"0\" cellpadding=\"5\">\n<thead>\n<tr>\n<th>Dominio<\/th>\n<th>Cookie<\/th>\n<th>Proposito<\/th>\n<th>Duraci\u00f3n<\/th>\n<\/tr>\n<\/thead>\n<tbody>\n<tr>\n<td>cimne.com<\/td>\n<td>_ga_04QLKB6K5K<\/td>\n<td>Necesario para utilizar las opciones y servicios del sitio web.<\/td>\n<td>1 a\u00f1o<\/td>\n<\/tr>\n<tr>\n<td>cimne.com<\/td>\n<td>_ga_5JL1BT935Y<\/td>\n<td>Necesario para utilizar las opciones y servicios del sitio web<\/td>\n<td>1 a\u00f1o<\/td>\n<\/tr>\n<tr>\n<td>region1.google-analytics.com<\/td>\n<td>ar_debug<\/td>\n<td>Necesario para utilizar las opciones y servicios del sitio web<\/td>\n<td>3 meses<\/td>\n<\/tr>\n<tr>\n<td>rtd.cimne.com<\/td>\n<td>cmplz_banner-status<\/td>\n<td>Necesario para utilizar las opciones y servicios del sitio web<\/td>\n<td>1 a\u00f1o<\/td>\n<\/tr>\n<tr>\n<td>rtd.cimne.com<\/td>\n<td>cmplz_consented_services<\/td>\n<td>Necesario para utilizar las opciones y servicios del sitio web<\/td>\n<td>1 a\u00f1o<\/td>\n<\/tr>\n<tr>\n<td>rtd.cimne.com<\/td>\n<td>cmplz_functional<\/td>\n<td>Necesario para utilizar las opciones y servicios del sitio web<\/td>\n<td>1 a\u00f1o<\/td>\n<\/tr>\n<tr>\n<td>rtd.cimne.com<\/td>\n<td>cmplz_marketing<\/td>\n<td>Necesario para utilizar las opciones y servicios del sitio web<\/td>\n<td>1 a\u00f1o<\/td>\n<\/tr>\n<tr>\n<td>rtd.cimne.com<\/td>\n<td>cmplz_policy_id<\/td>\n<td>Necesario para utilizar las opciones y servicios del sitio web.<\/td>\n<td>1 a\u00f1o<\/td>\n<\/tr>\n<tr>\n<td>rtd.cimne.com<\/td>\n<td>cmplz_preferences<\/td>\n<td>Necesario para utilizar las opciones y servicios del sitio web<\/td>\n<td>1 a\u00f1o<\/td>\n<\/tr>\n<tr>\n<td>rtd.cimne.com<\/td>\n<td>cmplz_statistics<\/td>\n<td>Necesario para utilizar las opciones y servicios del sitio web<\/td>\n<td>1 a\u00f1o<\/td>\n<\/tr>\n<tr>\n<td>rtd.cimne.com<\/td>\n<td>wp-wpml_current_language<\/td>\n<td>Necesario para utilizar las opciones y servicios del sitio web<\/td>\n<td>Sesi\u00f3n<\/td>\n<\/tr>\n<\/tbody>\n<\/table>\n<p><\/p>\n<h5 data-start=\"4535\" data-end=\"4573\">\u00a0<\/h5>\n<p><\/p>\n<h5 data-start=\"4535\" data-end=\"4573\"><strong data-start=\"4535\" data-end=\"4571\">Cookies anal\u00edticas<br \/><\/strong><\/h5>\n<p><\/p>\n<table border=\"1\" cellspacing=\"0\" cellpadding=\"5\">\n<thead>\n<tr>\n<th>Proveedor<\/th>\n<th>Cookie<\/th>\n<th>Proposito<\/th>\n<th>Duraci\u00f3n<\/th>\n<\/tr>\n<\/thead>\n<tbody>\n<tr>\n<td>Google Analytics<\/td>\n<td>_ga<\/td>\n<td>ID de usuario para identificar a los usuarios<\/td>\n<td>1 a\u00f1o<\/td>\n<\/tr>\n<\/tbody>\n<\/table>\n<p><\/p>\n<h5 data-start=\"4535\" data-end=\"4573\">\u00a0<\/h5>\n<p><\/p>\n<h5 data-start=\"4535\" data-end=\"4573\"><strong data-start=\"4535\" data-end=\"4571\">Cookies de terceros<br \/><\/strong><\/h5>\n<p><\/p>\n<p data-start=\"6538\" data-end=\"6673\">Los servicios de terceros est\u00e1n fuera del control del editor. Los proveedores pueden cambiar sus t\u00e9rminos, fines y uso de cookies en cualquier momento.<\/p>\n<p><\/p>\n<p data-start=\"6675\" data-end=\"6716\"><strong data-start=\"6675\" data-end=\"6714\">Proveedores externos en este sitio web:<br \/><\/strong><\/p>\n<p><\/p>\n<ul data-start=\"6717\" data-end=\"6800\">\n<li data-start=\"6717\" data-end=\"6800\">\n<p data-start=\"6719\" data-end=\"6800\">Google Analytics \u2013 Pol\u00edtica de privacidad: <a class=\"decorated-link\" href=\"https:\/\/privacy.google.com\/take-control.html\" target=\"_new\" rel=\"noopener\" data-start=\"6754\" data-end=\"6798\">https:\/\/privacy.google.com\/take-control.html<\/a><\/p>\n<\/li>\n<\/ul>\n<p>[\/et_pb_text][et_pb_heading title=\u00bbPanel de configuraci\u00f3n de cookies\u00bb admin_label=\u00bbCookie Settings Panel\u00bb _builder_version=\u00bb4.27.4&#8243; _module_preset=\u00bbdefault\u00bb title_level=\u00bbh2&#8243; title_text_align=\u00bbleft\u00bb title_font_size=\u00bb3rem\u00bb title_line_height=\u00bb2.5rem\u00bb custom_margin=\u00bb20px||32px||false|false\u00bb custom_padding=\u00bb||||false|false\u00bb title_font_size_tablet=\u00bb2.5rem\u00bb title_font_size_phone=\u00bb2.5rem\u00bb title_font_size_last_edited=\u00bbon|tablet\u00bb global_colors_info=\u00bb{}\u00bb][\/et_pb_heading][et_pb_text _builder_version=\u00bb4.27.4&#8243; _module_preset=\u00bbdefault\u00bb custom_margin=\u00bb||32px||false|false\u00bb global_colors_info=\u00bb{}\u00bb]<\/p>\n<p>Desde este panel, puede configurar qu\u00e9 cookies puede instalar el sitio web en su navegador, excepto las cookies t\u00e9cnicas o funcionales necesarias para la navegaci\u00f3n y el uso de las opciones o servicios disponibles.<\/p>\n<p><\/p>\n<p>[Cookie panel]<\/p>\n<p>[\/et_pb_text][et_pb_heading title=\u00bbC\u00f3mo gestionar las cookies en tu navegador\u00bb admin_label=\u00bbHow to Manage Cookies in Your Browser\u00bb _builder_version=\u00bb4.27.4&#8243; _module_preset=\u00bbdefault\u00bb title_level=\u00bbh2&#8243; title_text_align=\u00bbleft\u00bb title_font_size=\u00bb3rem\u00bb title_line_height=\u00bb2.5rem\u00bb custom_margin=\u00bb20px||32px||false|false\u00bb custom_padding=\u00bb||||false|false\u00bb title_font_size_tablet=\u00bb2.5rem\u00bb title_font_size_phone=\u00bb2.5rem\u00bb title_font_size_last_edited=\u00bbon|tablet\u00bb global_colors_info=\u00bb{}\u00bb][\/et_pb_heading][et_pb_text _builder_version=\u00bb4.27.6&#8243; _module_preset=\u00bbdefault\u00bb custom_margin=\u00bb||32px||false|false\u00bb hover_enabled=\u00bb0&#8243; global_colors_info=\u00bb{}\u00bb sticky_enabled=\u00bb0&#8243;]<\/p>\n<p data-start=\"7096\" data-end=\"7324\"><strong data-start=\"7096\" data-end=\"7131\">Elimine las cookies de su dispositivo<\/strong><br data-start=\"7131\" data-end=\"7134\" \/>Las cookies ya almacenadas se pueden eliminar borrando el historial de su navegador, lo que elimina las cookies de todos los sitios web visitados. Sin embargo, esto tambi\u00e9n puede eliminar los datos de inicio de sesi\u00f3n guardados o las preferencias del sitio.<\/p>\n<p><\/p>\n<p data-start=\"7326\" data-end=\"7451\"><strong data-start=\"7326\" data-end=\"7358\">Gestionar cookies espec\u00edficas del sitio web<\/strong><br data-start=\"7358\" data-end=\"7361\" \/>Para un control m\u00e1s preciso, los usuarios pueden ajustar la configuraci\u00f3n de privacidad y cookies en su navegador.<\/p>\n<p><\/p>\n<p data-start=\"7453\" data-end=\"7685\"><strong data-start=\"7453\" data-end=\"7470\">Bloquear cookies<\/strong><br data-start=\"7470\" data-end=\"7473\" \/>La mayor\u00eda de los navegadores modernos pueden configurarse para bloquear las cookies, pero esto puede requerir un ajuste manual de las preferencias cada vez que visite un sitio, y es posible que algunos servicios o funciones no funcionen correctamente (como los inicios de sesi\u00f3n en perfiles).<\/p>\n<p><\/p>\n<h4 data-start=\"7687\" data-end=\"7733\">C\u00f3mo eliminar las cookies en los navegadores m\u00e1s comunes<\/h4>\n<p><\/p>\n<ul data-start=\"7734\" data-end=\"8277\">\n<li data-start=\"7734\" data-end=\"7797\">\n<p data-start=\"7736\" data-end=\"7797\">Chrome: <a class=\"decorated-link\" href=\"http:\/\/support.google.com\/chrome\/answer\/95647?hl=es\" target=\"_new\" rel=\"noopener\" data-start=\"7744\" data-end=\"7795\">http:\/\/support.google.com\/chrome\/answer\/95647?hl=es<\/a><\/p>\n<\/li>\n<li data-start=\"7798\" data-end=\"7934\">\n<p data-start=\"7800\" data-end=\"7934\">Edge: <a class=\"decorated-link\" href=\"https:\/\/support.microsoft.com\/es-es\/windows\/administrar-cookies-en-microsoft-edge-ver-permitir-bloquear-eliminar-y-usar-168dab11-0753-043d-7c16-ede5947fc64d\" target=\"_blank\" rel=\"noopener\" data-start=\"7806\" data-end=\"7932\">https:\/\/support.microsoft.com\/es-es\/windows\/administrar-cookies-en-microsoft-edge-ver-permitir-bloquear-eliminar-y-usar<\/a><\/p>\n<\/li>\n<li data-start=\"7935\" data-end=\"8053\">\n<p data-start=\"7937\" data-end=\"8053\">Internet Explorer: <a class=\"decorated-link\" href=\"https:\/\/support.microsoft.com\/es-es\/help\/278835\/how-to-delete-cookie-files-in-internet-explorer\" target=\"_new\" rel=\"noopener\" data-start=\"7956\" data-end=\"8051\">https:\/\/support.microsoft.com\/es-es\/help\/278835\/how-to-delete-cookie-files-in-internet-explorer<\/a><\/p>\n<\/li>\n<li data-start=\"8054\" data-end=\"8122\">\n<p data-start=\"8056\" data-end=\"8122\">Firefox: <a class=\"decorated-link\" href=\"https:\/\/www.mozilla.org\/es-ES\/privacy\/websites\/#cookies\" target=\"_new\" rel=\"noopener\" data-start=\"8065\" data-end=\"8120\">https:\/\/www.mozilla.org\/es-ES\/privacy\/websites\/#cookies<\/a><\/p>\n<\/li>\n<li data-start=\"8123\" data-end=\"8193\">\n<p data-start=\"8125\" data-end=\"8193\">Safari: <a class=\"decorated-link\" href=\"https:\/\/support.apple.com\/es-es\/guide\/safari\/sfri11471\/mac\" target=\"_new\" rel=\"noopener\" data-start=\"8133\" data-end=\"8191\">https:\/\/support.apple.com\/es-es\/guide\/safari\/sfri11471\/mac<\/a><\/p>\n<\/li>\n<li data-start=\"8194\" data-end=\"8277\">\n<p data-start=\"8196\" data-end=\"8277\">Opera: <a class=\"decorated-link\" href=\"https:\/\/help.opera.com\/en\/latest\/security-and-privacy\/#clearBrowsingData\" target=\"_new\" rel=\"noopener\" data-start=\"8203\" data-end=\"8275\">https:\/\/help.opera.com\/en\/latest\/security-and-privacy\/#clearBrowsingData<\/a><\/p>\n<\/li>\n<\/ul>\n<p>[\/et_pb_text][\/et_pb_column][\/et_pb_row][\/et_pb_section]<\/p>\n","protected":false},"excerpt":{"rendered":"<p>De conformidad con la Ley 34\/2002, de 11 de julio, de Servicios de la Sociedad de la Informaci\u00f3n y de Comercio Electr\u00f3nico (LSSI), en relaci\u00f3n con el Reglamento (UE) 2016\/679 del Parlamento Europeo y del Consejo, de 27 de abril de 2016 (RGPD), y la Ley Org\u00e1nica 3\/2018, de 5 de diciembre, de Protecci\u00f3n de [&hellip;]<\/p>\n","protected":false},"author":2,"featured_media":0,"parent":0,"menu_order":0,"comment_status":"closed","ping_status":"closed","template":"","meta":{"_acf_changed":false,"_et_pb_use_builder":"on","_et_pb_old_content":"","_et_gb_content_width":"","slim_seo":{"title":"Pol\u00edtica de cookies en las p\u00e1ginas web de este sitio - CIMNE","description":"De conformidad con la Ley 34\/2002, de 11 de julio, de Servicios de la Sociedad de la Informaci\u00f3n y de Comercio Electr\u00f3nico (LSSI), en relaci\u00f3n con el Reglamento"},"footnotes":""},"class_list":["post-244332","page","type-page","status-publish","hentry"],"acf":[],"_links":{"self":[{"href":"https:\/\/cimne.com\/es\/wp-json\/wp\/v2\/pages\/244332","targetHints":{"allow":["GET"]}}],"collection":[{"href":"https:\/\/cimne.com\/es\/wp-json\/wp\/v2\/pages"}],"about":[{"href":"https:\/\/cimne.com\/es\/wp-json\/wp\/v2\/types\/page"}],"author":[{"embeddable":true,"href":"https:\/\/cimne.com\/es\/wp-json\/wp\/v2\/users\/2"}],"replies":[{"embeddable":true,"href":"https:\/\/cimne.com\/es\/wp-json\/wp\/v2\/comments?post=244332"}],"version-history":[{"count":0,"href":"https:\/\/cimne.com\/es\/wp-json\/wp\/v2\/pages\/244332\/revisions"}],"wp:attachment":[{"href":"https:\/\/cimne.com\/es\/wp-json\/wp\/v2\/media?parent=244332"}],"curies":[{"name":"wp","href":"https:\/\/api.w.org\/{rel}","templated":true}]}}