{"id":240672,"date":"2025-04-15T13:02:52","date_gmt":"2025-04-15T11:02:52","guid":{"rendered":"https:\/\/cimne.com\/jobs-fellowships\/competitive-funding\/oportunidades-de-doctorado\/"},"modified":"2026-02-25T15:54:51","modified_gmt":"2026-02-25T14:54:51","slug":"oportunidades-de-doctorado","status":"publish","type":"page","link":"https:\/\/cimne.com\/es\/empleos-becas\/financiacion-competitiva\/oportunidades-de-doctorado\/","title":{"rendered":"Oportunidades de doctorado"},"content":{"rendered":"<p>[et_pb_section fb_built=\u00bb1&#8243; disabled_on=\u00bboff|off|off\u00bb admin_label=\u00bbHeader\u00bb _builder_version=\u00bb4.27.5&#8243; _module_preset=\u00bb5117f25a-2f80-4d72-abc6-8bb8195e3c31&#8243; custom_padding=\u00bb144px||0px||false|false\u00bb border_width_bottom=\u00bb1px\u00bb border_color_bottom=\u00bb#d9d9d9&#8243; border_width_bottom_last_edited=\u00bboff|desktop\u00bb locked=\u00bboff\u00bb collapsed=\u00bboff\u00bb global_colors_info=\u00bb{}\u00bb][et_pb_row column_structure=\u00bb2_3,1_3&#8243; _builder_version=\u00bb4.27.5&#8243; _module_preset=\u00bbc0a9f887-e341-4d5a-9f1b-1241f8959980&#8243; hover_enabled=\u00bb0&#8243; global_colors_info=\u00bb{}\u00bb custom_css_main_element_last_edited=\u00bbon|desktop\u00bb custom_css_main_element_tablet=\u00bbdisplay: flex;||flex-direction: column-reverse;\u00bb custom_css_main_element_phone=\u00bbdisplay: flex;||flex-direction: column-reverse;\u00bb sticky_enabled=\u00bb0&#8243;][et_pb_column type=\u00bb2_3&#8243; _builder_version=\u00bb4.27.5&#8243; _module_preset=\u00bb56e57fde-4561-4cf6-a771-0a733a7201b1&#8243; custom_padding=\u00bb50px|3%|50px|3%|true|false\u00bb custom_padding_tablet=\u00bb50px||50px||true|false\u00bb custom_padding_phone=\u00bb50px|6%|50px|6%|true|true\u00bb custom_padding_last_edited=\u00bbon|desktop\u00bb hover_enabled=\u00bb0&#8243; border_width_right=\u00bb1px\u00bb border_color_right=\u00bb#d9d9d9&#8243; border_width_right_tablet=\u00bb0px\u00bb border_width_right_phone=\u00bb0px\u00bb border_width_right_last_edited=\u00bbon|desktop\u00bb global_colors_info=\u00bb{}\u00bb custom_css_main_element=\u00bbdisplay: flex;||flex-direction: column;||justify-content: flex-end;\u00bb sticky_enabled=\u00bb0&#8243;][et_pb_divider color=\u00bb#004996&#8243; divider_position=\u00bbcenter\u00bb _builder_version=\u00bb4.27.0&#8243; _module_preset=\u00bbdefault\u00bb width=\u00bb85px\u00bb module_alignment=\u00bbleft\u00bb custom_margin=\u00bb||0px||false|false\u00bb locked=\u00bboff\u00bb global_colors_info=\u00bb{}\u00bb][\/et_pb_divider][et_pb_text admin_label=\u00bbSubtitle\u00bb _builder_version=\u00bb4.27.5&#8243; _module_preset=\u00bb0962eb46-eaf5-4130-b8a8-ca44ca5695f6&#8243; global_colors_info=\u00bb{}\u00bb]<\/p>\nFinanciaci\u00f3n competitiva\n<p>[\/et_pb_text][et_pb_heading title=\u00bb@ET-DC@eyJkeW5hbWljIjp0cnVlLCJjb250ZW50IjoicG9zdF90aXRsZSIsInNldHRpbmdzIjp7ImJlZm9yZSI6IiIsImFmdGVyIjoiIn19@\u00bb admin_label=\u00bbH1&#8243; _builder_version=\u00bb4.27.5&#8243; _dynamic_attributes=\u00bbtitle\u00bb _module_preset=\u00bb20f4cb02-b989-482e-b994-8f37b33e99a9&#8243; title_line_height_tablet=\u00bb\u00bb title_line_height_phone=\u00bb\u00bb title_line_height_last_edited=\u00bbon|phone\u00bb global_colors_info=\u00bb{}\u00bb][\/et_pb_heading][et_pb_text _builder_version=\u00bb4.27.4&#8243; _module_preset=\u00bbdefault\u00bb text_text_color=\u00bb#02a0a5&#8243; text_font_size=\u00bb1.5rem\u00bb text_font_size_tablet=\u00bb1.5rem\u00bb text_font_size_last_edited=\u00bboff|desktop\u00bb global_colors_info=\u00bb{}\u00bb]<\/p>\n<p><span data-sheets-root=\"1\">\u00bfBuscas nuevas oportunidades profesionales? En esta p\u00e1gina encontrar\u00e1s una lista de convocatorias de financiaci\u00f3n competitivas para unirte a CIMNE y realizar tu investigaci\u00f3n de tesis. <\/span><\/p>\n<p>[\/et_pb_text][\/et_pb_column][et_pb_column type=\u00bb1_3&#8243; _builder_version=\u00bb4.27.5&#8243; _module_preset=\u00bb61350d84-566e-4f88-87e6-6bd5d2c6a9aa\u00bb custom_padding=\u00bb50px|3%|50px|3%|false|false\u00bb custom_padding_tablet=\u00bb50px|6%|0px|6%|false|true\u00bb custom_padding_phone=\u00bb0px|6%||6%|false|true\u00bb custom_padding_last_edited=\u00bbon|desktop\u00bb hover_enabled=\u00bb0&#8243; global_colors_info=\u00bb{}\u00bb sticky_enabled=\u00bb0&#8243; custom_css_main_element=\u00bbdisplay: flex;||flex-direction: column;||justify-content: flex-end;\u00bb][et_pb_image src=\u00bbhttps:\/\/cimne.com\/wp-content\/uploads\/2025\/08\/cimne-jobs-competitive-phd.jpg\u00bb alt=\u00bbCimne ofrece puestos de doctorado competitivos\u00bb title_text=\u00bbcimne-jobs-competitive-phd\u00bb align=\u00bbcenter\u00bb force_fullwidth=\u00bbon\u00bb _builder_version=\u00bb4.27.5&#8243; _module_preset=\u00bb8e0b4b74-aeac-4741-955b-73ab202a4638&#8243; custom_margin=\u00bb||0px||false|false\u00bb global_colors_info=\u00bb{}\u00bb][\/et_pb_image][\/et_pb_column][\/et_pb_row][\/et_pb_section][et_pb_section fb_built=\u00bb1&#8243; admin_label=\u00bbIntro\u00bb _builder_version=\u00bb4.27.5&#8243; _module_preset=\u00bbfed47f3e-3ebe-4259-a156-523c8e0b8966&#8243; border_color_top=\u00bb#d9d9d9&#8243; border_width_bottom=\u00bb1px\u00bb border_color_bottom=\u00bb#d9d9d9&#8243; border_width_top_tablet=\u00bb1px\u00bb border_width_top_phone=\u00bb1px\u00bb border_width_top_last_edited=\u00bboff|desktop\u00bb border_width_bottom_tablet=\u00bb1px\u00bb border_width_bottom_phone=\u00bb1px\u00bb border_width_bottom_last_edited=\u00bbon|desktop\u00bb locked=\u00bboff\u00bb collapsed=\u00bboff\u00bb global_colors_info=\u00bb{}\u00bb][et_pb_row column_structure=\u00bb2_5,3_5&#8243; admin_label=\u00bbContenido\u00bb _builder_version=\u00bb4.27.4&#8243; _module_preset=\u00bbc7c24b71-68f1-4ba2-bc79-49dcbcce5ea1&#8243; custom_margin=\u00bb|0px||0px|false|false\u00bb custom_padding=\u00bb50px|0px|50px|0px|true|false\u00bb locked=\u00bboff\u00bb global_colors_info=\u00bb{}\u00bb][et_pb_column type=\u00bb2_5&#8243; _builder_version=\u00bb4.27.4&#8243; _module_preset=\u00bb56e57fde-4561-4cf6-a771-0a733a7201b1&#8243; custom_padding=\u00bb0px|3%||3%|false|false\u00bb custom_padding_tablet=\u00bb0px|6%||6%|false|true\u00bb global_colors_info=\u00bb{}\u00bb][\/et_pb_column][et_pb_column type=\u00bb3_5&#8243; _builder_version=\u00bb4.27.4&#8243; _module_preset=\u00bb56e57fde-4561-4cf6-a771-0a733a7201b1&#8243; custom_padding=\u00bb0px|3%||3%|false|false\u00bb custom_padding_tablet=\u00bb0px|6%||6%|false|true\u00bb global_colors_info=\u00bb{}\u00bb][et_pb_text _builder_version=\u00bb4.27.4&#8243; _module_preset=\u00bbdefault\u00bb text_font_size=\u00bb18px\u00bb global_colors_info=\u00bb{}\u00bb]<\/p>\n<p>Acogemos propuestas de todas las disciplinas relacionadas con <a href=\"https:\/\/cimne.com\/es\/investigacion\/\">nuestra investigaci\u00f3n<\/a>. Si est\u00e1s interesado en solicitar alguna de las oportunidades de financiaci\u00f3n competitiva que se enumeran a continuaci\u00f3n, h\u00e1znoslo saber. Nuestro equipo puede ofrecerte ayuda en el proceso de solicitud.  <\/p>\n<p>[\/et_pb_text][\/et_pb_column][\/et_pb_row][\/et_pb_section][et_pb_section fb_built=\u00bb1&#8243; admin_label=\u00bbContent\u00bb _builder_version=\u00bb4.27.4&#8243; _module_preset=\u00bbfed47f3e-3ebe-4259-a156-523c8e0b8966&#8243; border_radii_tablet=\u00bb\u00bb border_radii_phone=\u00bb\u00bb border_radii_last_edited=\u00bbon|phone\u00bb locked=\u00bboff\u00bb collapsed=\u00bboff\u00bb global_colors_info=\u00bb{}\u00bb][et_pb_row column_structure=\u00bb1_3,2_3&#8243; _builder_version=\u00bb4.27.4&#8243; _module_preset=\u00bbc7c24b71-68f1-4ba2-bc79-49dcbcce5ea1&#8243; custom_margin=\u00bb|0px||0px|false|false\u00bb custom_padding=\u00bb20px|0px|0px|0px|false|false\u00bb global_colors_info=\u00bb{}\u00bb][et_pb_column type=\u00bb1_3&#8243; _builder_version=\u00bb4.27.0&#8243; _module_preset=\u00bb56e57fde-4561-4cf6-a771-0a733a7201b1&#8243; global_colors_info=\u00bb{}\u00bb][et_pb_heading title=\u00bbAcciones para la formaci\u00f3n del personal investigador predoctoral 2024&#8243; admin_label=\u00bbH2&#8243; _builder_version=\u00bb4.27.4&#8243; _module_preset=\u00bbdefault\u00bb title_level=\u00bbh2&#8243; title_text_color=\u00bb#02a0a5&#8243; title_font_size=\u00bb2rem\u00bb title_line_height=\u00bb2.25rem\u00bb title_font_size_last_edited=\u00bboff|desktop\u00bb global_colors_info=\u00bb{}\u00bb][\/et_pb_heading][\/et_pb_column][et_pb_column type=\u00bb2_3&#8243; _builder_version=\u00bb4.27.0&#8243; _module_preset=\u00bb56e57fde-4561-4cf6-a771-0a733a7201b1&#8243; global_colors_info=\u00bb{}\u00bb][et_pb_text _builder_version=\u00bb4.27.4&#8243; _module_preset=\u00bbdefault\u00bb text_font=\u00bb&#8211;et_global_body_font||||||||\u00bb text_text_color=\u00bb#444444&#8243; text_font_size=\u00bb1.1rem\u00bb text_line_height=\u00bb1.5rem\u00bb custom_margin=\u00bb||20px||false|false\u00bb global_colors_info=\u00bb{}\u00bb]<\/p>\n<ul>\n<li style=\"list-style-type: none;\">\n<ul>\n<li><strong>Nombre completo<\/strong>: Ayudas para contratos predoctorales para la formaci\u00f3n de doctores<\/li>\n<li><strong>Descripci\u00f3n<\/strong>: El objeto de las ayudas es la formaci\u00f3n de doctores mediante la financiaci\u00f3n de contratos laborales, bajo la modalidad de contrato predoctoral, para que investigadores en formaci\u00f3n realicen una tesis doctoral asociada a un proyecto de investigaci\u00f3n previamente financiado por las ayudas del Ministerio dentro de la convocatoria de ayudas a proyectos de I+D+i \u00abRetos de Investigaci\u00f3n\u00bb.<\/li>\n<li><strong>Convocatoria de candidaturas<\/strong>: Fecha de apertura: prevista en enero<\/li>\n<li><strong>Duraci\u00f3n<\/strong>: 4 a\u00f1os<\/li>\n<li><strong>Salario<\/strong>: de 19.479,01 \u20ac a 24.348,77 \u20ac brutos al a\u00f1o<\/li>\n<li><strong>Beca complementaria<\/strong>: se conceder\u00e1n 6.860 euros para sufragar los gastos relacionados con las estancias en centros de I+D y la matr\u00edcula en estudios de doctorado.<\/li>\n<li><strong>Organismo financiador<\/strong>: Ministerio de Ciencia e Innovaci\u00f3n.<\/li>\n<li><strong>P\u00e1gina web<\/strong>: <a href=\"https:\/\/www.aei.gob.es\/convocatorias\/buscador-convocatorias\/proyectos-generacion-conocimiento-2024\">Buscador de Convocatorias | Agencia Estatal de Investigaci\u00f3n (aei.gob.es)<\/a><\/li>\n<\/ul>\n<p><\/li>\n<p><\/ul>\n<p><\/p>\n<p>* Los datos son orientativos y pueden estar sujetos a cambios en futuras convocatorias.<\/p>\n<p>[\/et_pb_text][\/et_pb_column][\/et_pb_row][et_pb_row admin_label=\u00bb1px L\u00ednea Fila\u00bb _builder_version=\u00bb4.27.4&#8243; _module_preset=\u00bbdefault\u00bb width=\u00bb100%\u00bb max_width=\u00bb2500px\u00bb custom_margin=\u00bb0px||0px||true|false\u00bb custom_padding=\u00bb0px||0px||true|false\u00bb collapsed=\u00bbon\u00bb global_colors_info=\u00bb{}\u00bb][et_pb_column type=\u00bb4_4&#8243; _builder_version=\u00bb4.27.4&#8243; _module_preset=\u00bbdefault\u00bb global_colors_info=\u00bb{}\u00bb][et_pb_divider show_divider=\u00bboff\u00bb _builder_version=\u00bb4.27.4&#8243; _module_preset=\u00bbdefault\u00bb width=\u00bb100%\u00bb height=\u00bb0px\u00bb custom_margin=\u00bb0px||0px||true|false\u00bb custom_padding=\u00bb0px||0px||true|false\u00bb border_width_bottom=\u00bb1px\u00bb border_color_bottom=\u00bb#d9d9d9&#8243; global_colors_info=\u00bb{}\u00bb][\/et_pb_divider][\/et_pb_column][\/et_pb_row][et_pb_row column_structure=\u00bb1_3,2_3&#8243; _builder_version=\u00bb4.27.4&#8243; _module_preset=\u00bbc7c24b71-68f1-4ba2-bc79-49dcbcce5ea1&#8243; custom_margin=\u00bb|0px||0px|false|false\u00bb global_colors_info=\u00bb{}\u00bb][et_pb_column type=\u00bb1_3&#8243; _builder_version=\u00bb4.27.0&#8243; _module_preset=\u00bb56e57fde-4561-4cf6-a771-0a733a7201b1&#8243; global_colors_info=\u00bb{}\u00bb][et_pb_heading title=\u00bbAyudas FPU\u00bb admin_label=\u00bbH2&#8243; _builder_version=\u00bb4.27.4&#8243; _module_preset=\u00bbdefault\u00bb title_level=\u00bbh2&#8243; title_text_color=\u00bb#02a0a5&#8243; title_font_size=\u00bb2rem\u00bb title_line_height=\u00bb2.25rem\u00bb title_font_size_last_edited=\u00bboff|desktop\u00bb global_colors_info=\u00bb{}\u00bb][\/et_pb_heading][\/et_pb_column][et_pb_column type=\u00bb2_3&#8243; _builder_version=\u00bb4.27.0&#8243; _module_preset=\u00bb56e57fde-4561-4cf6-a771-0a733a7201b1&#8243; global_colors_info=\u00bb{}\u00bb][et_pb_text _builder_version=\u00bb4.27.4&#8243; _module_preset=\u00bbdefault\u00bb text_font=\u00bb&#8211;et_global_body_font||||||||\u00bb text_text_color=\u00bb#444444&#8243; text_font_size=\u00bb1.1rem\u00bb text_line_height=\u00bb1.5rem\u00bb custom_margin=\u00bb||20px||false|false\u00bb global_colors_info=\u00bb{}\u00bb]<\/p>\n<ul>\n<li style=\"list-style-type: none;\">\n<ul>\n<li><strong>Nombre completo<\/strong>: Ayudas para la formaci\u00f3n de profesorado universitario (FPU)<\/li>\n<li><strong>Descripci\u00f3n<\/strong>: Son becas destinadas a la formaci\u00f3n investigadora en programas de doctorado para la obtenci\u00f3n del t\u00edtulo de Doctor y a la adquisici\u00f3n de competencias docentes universitarias, en cualquier \u00e1rea del conocimiento cient\u00edfico, que faciliten la futura incorporaci\u00f3n de estas personas al sistema espa\u00f1ol de educaci\u00f3n superior, y de investigaci\u00f3n cient\u00edfica.<\/li>\n<li><strong>Convocatoria de candidaturas<\/strong>: Fecha de apertura: prevista de diciembre a enero<\/li>\n<li><strong>Duraci\u00f3n<\/strong>: 4 a\u00f1os<\/li>\n<li><strong>Salario<\/strong>: a partir de 30.921,36 euros brutos al a\u00f1o<\/li>\n<li><strong>Entidad<\/strong><strong>financiadora<\/strong>: Ministerio de Universidades<span style=\"font-size: 17.6px;\">.<\/span><\/li>\n<li><strong>P\u00e1gina web<\/strong>: <a href=\"https:\/\/www.ciencia.gob.es\/Convocatorias\/2024.html\">Buscador de Convocatorias | Ministerio de Universidades<\/a><\/li>\n<\/ul>\n<p><\/li>\n<p><\/ul>\n<p><\/p>\n<p>* Los datos son orientativos y pueden estar sujetos a cambios en futuras convocatorias.<\/p>\n<p>[\/et_pb_text][\/et_pb_column][\/et_pb_row][et_pb_row admin_label=\u00bb1px L\u00ednea Fila\u00bb _builder_version=\u00bb4.27.4&#8243; _module_preset=\u00bbdefault\u00bb width=\u00bb100%\u00bb max_width=\u00bb2500px\u00bb custom_margin=\u00bb0px||0px||true|false\u00bb custom_padding=\u00bb0px||0px||true|false\u00bb collapsed=\u00bbon\u00bb global_colors_info=\u00bb{}\u00bb][et_pb_column type=\u00bb4_4&#8243; _builder_version=\u00bb4.27.4&#8243; _module_preset=\u00bbdefault\u00bb global_colors_info=\u00bb{}\u00bb][et_pb_divider show_divider=\u00bboff\u00bb _builder_version=\u00bb4.27.4&#8243; _module_preset=\u00bbdefault\u00bb width=\u00bb100%\u00bb height=\u00bb0px\u00bb custom_margin=\u00bb0px||0px||true|false\u00bb custom_padding=\u00bb0px||0px||true|false\u00bb border_width_bottom=\u00bb1px\u00bb border_color_bottom=\u00bb#d9d9d9&#8243; global_colors_info=\u00bb{}\u00bb][\/et_pb_divider][\/et_pb_column][\/et_pb_row][et_pb_row column_structure=\u00bb1_3,2_3&#8243; _builder_version=\u00bb4.27.4&#8243; _module_preset=\u00bbc7c24b71-68f1-4ba2-bc79-49dcbcce5ea1&#8243; custom_margin=\u00bb|0px||0px|false|false\u00bb global_colors_info=\u00bb{}\u00bb][et_pb_column type=\u00bb1_3&#8243; _builder_version=\u00bb4.27.0&#8243; _module_preset=\u00bb56e57fde-4561-4cf6-a771-0a733a7201b1&#8243; global_colors_info=\u00bb{}\u00bb][et_pb_heading title=\u00bbBeques FI\u00bb admin_label=\u00bbH2&#8243; _builder_version=\u00bb4.27.4&#8243; _module_preset=\u00bbdefault\u00bb title_level=\u00bbh2&#8243; title_text_color=\u00bb#02a0a5&#8243; title_font_size=\u00bb2rem\u00bb title_line_height=\u00bb2.25rem\u00bb title_font_size_last_edited=\u00bboff|desktop\u00bb global_colors_info=\u00bb{}\u00bb][\/et_pb_heading][\/et_pb_column][et_pb_column type=\u00bb2_3&#8243; _builder_version=\u00bb4.27.0&#8243; _module_preset=\u00bb56e57fde-4561-4cf6-a771-0a733a7201b1&#8243; global_colors_info=\u00bb{}\u00bb][et_pb_text _builder_version=\u00bb4.27.4&#8243; _module_preset=\u00bbdefault\u00bb text_font=\u00bb&#8211;et_global_body_font||||||||\u00bb text_text_color=\u00bb#444444&#8243; text_font_size=\u00bb1.1rem\u00bb text_line_height=\u00bb1.5rem\u00bb custom_margin=\u00bb||20px||false|false\u00bb global_colors_info=\u00bb{}\u00bb]<\/p>\n<ul>\n<li style=\"list-style-type: none;\">\n<ul>\n<li><strong>Nombre completo<\/strong>: Ajuts Joan Or\u00f3 per a la contractaci\u00f3 de personal investigador predoctoral en formaci\u00f3 (FI)<\/li>\n<li><strong>Descripci\u00f3n<\/strong>: Convocatoria de concesi\u00f3n de becas para estudiantes que quieran realizar el doctorado en una Universidad o Centro de Investigaci\u00f3n catal\u00e1n.<\/li>\n<li><strong>Convocatoria de candidaturas<\/strong>: Fecha de apertura: prevista de septiembre a octubre<\/li>\n<li><strong>Duraci\u00f3n<\/strong>: 3 a\u00f1os<\/li>\n<li><strong>Salario<\/strong>: de 19.479,01 \u20ac a 24.348,77 \u20ac brutos al a\u00f1o<\/li>\n<li><strong>Beca complementaria<\/strong>: 3.000 euros para actividades de formaci\u00f3n y estancias de investigaci\u00f3n.<\/li>\n<li><strong>Entidad financiadora<\/strong>: Agencia Catalana de Gesti\u00f3n de Ayudas Universitarias y de Investigaci\u00f3n (AGAUR)<\/li>\n<li><strong>P\u00e1gina web<\/strong>:<a href=\"https:\/\/agaur.gencat.cat\/en\/beques-i-ajuts\/Research-grants\/ajuts-predoctorals\/index.html\">  Becas para estudios de doctorado. Agencia de Gesti\u00f3n de Ayudas Universitarias y de Investigaci\u00f3n (gencat.cat) <\/a><\/li>\n<\/ul>\n<p><\/li>\n<p><\/ul>\n<p><\/p>\n<p>* Los datos son indicativos y pueden estar sujetos a cambios en futuras convocatorias.<\/p>\n<p>[\/et_pb_text][\/et_pb_column][\/et_pb_row][et_pb_row admin_label=\u00bb1px L\u00ednea Fila\u00bb _builder_version=\u00bb4.27.4&#8243; _module_preset=\u00bbdefault\u00bb width=\u00bb100%\u00bb max_width=\u00bb2500px\u00bb custom_margin=\u00bb0px||0px||true|false\u00bb custom_padding=\u00bb0px||0px||true|false\u00bb collapsed=\u00bbon\u00bb global_colors_info=\u00bb{}\u00bb][et_pb_column type=\u00bb4_4&#8243; _builder_version=\u00bb4.27.4&#8243; _module_preset=\u00bbdefault\u00bb global_colors_info=\u00bb{}\u00bb][et_pb_divider show_divider=\u00bboff\u00bb _builder_version=\u00bb4.27.4&#8243; _module_preset=\u00bbdefault\u00bb width=\u00bb100%\u00bb height=\u00bb0px\u00bb custom_margin=\u00bb0px||0px||true|false\u00bb custom_padding=\u00bb0px||0px||true|false\u00bb border_width_bottom=\u00bb1px\u00bb border_color_bottom=\u00bb#d9d9d9&#8243; global_colors_info=\u00bb{}\u00bb][\/et_pb_divider][\/et_pb_column][\/et_pb_row][et_pb_row column_structure=\u00bb1_3,2_3&#8243; _builder_version=\u00bb4.27.4&#8243; _module_preset=\u00bbc7c24b71-68f1-4ba2-bc79-49dcbcce5ea1&#8243; custom_margin=\u00bb|0px||0px|false|false\u00bb global_colors_info=\u00bb{}\u00bb][et_pb_column type=\u00bb1_3&#8243; _builder_version=\u00bb4.27.0&#8243; _module_preset=\u00bb56e57fde-4561-4cf6-a771-0a733a7201b1&#8243; global_colors_info=\u00bb{}\u00bb][et_pb_heading title=\u00bbDoctorats industrials\u00bb admin_label=\u00bbH2&#8243; _builder_version=\u00bb4.27.4&#8243; _module_preset=\u00bbdefault\u00bb title_level=\u00bbh2&#8243; title_text_color=\u00bb#02a0a5&#8243; title_font_size=\u00bb2rem\u00bb title_line_height=\u00bb2.25rem\u00bb title_font_size_last_edited=\u00bboff|desktop\u00bb global_colors_info=\u00bb{}\u00bb][\/et_pb_heading][\/et_pb_column][et_pb_column type=\u00bb2_3&#8243; _builder_version=\u00bb4.27.0&#8243; _module_preset=\u00bb56e57fde-4561-4cf6-a771-0a733a7201b1&#8243; global_colors_info=\u00bb{}\u00bb][et_pb_text _builder_version=\u00bb4.27.4&#8243; _module_preset=\u00bbdefault\u00bb text_font=\u00bb&#8211;et_global_body_font||||||||\u00bb text_text_color=\u00bb#444444&#8243; text_font_size=\u00bb1.1rem\u00bb text_line_height=\u00bb1.5rem\u00bb custom_margin=\u00bb||20px||false|false\u00bb global_colors_info=\u00bb{}\u00bb]<\/p>\n<ul>\n<li style=\"list-style-type: none;\">\n<ul>\n<li><strong>Nombre completo<\/strong>: Ajudes a Doctorats Industrials (DI)<\/li>\n<li><strong>Descripci\u00f3n<\/strong>: Ayudas a empresas y centros de investigaci\u00f3n para el desarrollo de un proyecto de doctorado industrial, en el que el doctor desarrolle la formaci\u00f3n investigadora, en colaboraci\u00f3n con una universidad o centro de investigaci\u00f3n, y que sea objeto de una tesis doctoral.<\/li>\n<li><strong>Convocatoria de candidaturas<\/strong>: Fecha de apertura: del 28\/02\/2025 al 10\/12\/2025.<\/li>\n<li><strong>Duraci\u00f3n<\/strong>: 3 a\u00f1os<\/li>\n<li><strong>Salario<\/strong>: a definir por la empresa contratante (el investigador es contratado por una empresa). Depende de la modalidad del proyecto: DI cofinanciado\/ DI espec\u00edfico) <\/li>\n<li><strong>Beca complementaria<\/strong>: Se conceder\u00e1 una beca complementaria de 2.000 euros para la inscripci\u00f3n.<\/li>\n<li><strong>Entidad financiadora<\/strong>: Agencia Catalana de Gesti\u00f3n de Ayudas Universitarias y de Investigaci\u00f3n (AGAUR)<\/li>\n<li><strong>P\u00e1gina web<\/strong>:  <a href=\"https:\/\/doctoratsindustrials.gencat.cat\/en\/els-doctorats-industrials\/\">Doctorados Industriales. Agencia de Gesti\u00f3n de Ayudas Universitarias y de Investigaci\u00f3n (gencat.cat)   <\/a><\/li>\n<\/ul>\n<p><\/li>\n<p><\/ul>\n<p><\/p>\n<p>* Los datos son indicativos y pueden estar sujetos a cambios en futuras convocatorias.<\/p>\n<p>[\/et_pb_text][\/et_pb_column][\/et_pb_row][\/et_pb_section]<\/p>\n","protected":false},"excerpt":{"rendered":"<p>Financiaci\u00f3n competitiva\u00bfBuscas nuevas oportunidades profesionales? En esta p\u00e1gina encontrar\u00e1s una lista de convocatorias de financiaci\u00f3n competitivas para unirte a CIMNE y realizar tu investigaci\u00f3n de tesis. Acogemos propuestas de todas las disciplinas relacionadas con nuestra investigaci\u00f3n. Si est\u00e1s interesado en solicitar alguna de las oportunidades de financiaci\u00f3n competitiva que se enumeran a continuaci\u00f3n, h\u00e1znoslo saber. Nuestro [&hellip;]<\/p>\n","protected":false},"author":2,"featured_media":0,"parent":226526,"menu_order":0,"comment_status":"closed","ping_status":"closed","template":"","meta":{"_acf_changed":false,"_et_pb_use_builder":"on","_et_pb_old_content":"","_et_gb_content_width":"","slim_seo":{"title":"Oportunidades de doctorado - CIMNE","description":"\u00bfBuscas nuevas oportunidades profesionales? En esta p\u00e1gina encontrar\u00e1s una lista de convocatorias de financiaci\u00f3n competitivas para unirte a CIMNE y realizar tu"},"footnotes":""},"class_list":["post-240672","page","type-page","status-publish","hentry"],"acf":[],"_links":{"self":[{"href":"https:\/\/cimne.com\/es\/wp-json\/wp\/v2\/pages\/240672","targetHints":{"allow":["GET"]}}],"collection":[{"href":"https:\/\/cimne.com\/es\/wp-json\/wp\/v2\/pages"}],"about":[{"href":"https:\/\/cimne.com\/es\/wp-json\/wp\/v2\/types\/page"}],"author":[{"embeddable":true,"href":"https:\/\/cimne.com\/es\/wp-json\/wp\/v2\/users\/2"}],"replies":[{"embeddable":true,"href":"https:\/\/cimne.com\/es\/wp-json\/wp\/v2\/comments?post=240672"}],"version-history":[{"count":0,"href":"https:\/\/cimne.com\/es\/wp-json\/wp\/v2\/pages\/240672\/revisions"}],"up":[{"embeddable":true,"href":"https:\/\/cimne.com\/es\/wp-json\/wp\/v2\/pages\/226526"}],"wp:attachment":[{"href":"https:\/\/cimne.com\/es\/wp-json\/wp\/v2\/media?parent=240672"}],"curies":[{"name":"wp","href":"https:\/\/api.w.org\/{rel}","templated":true}]}}