{"id":228293,"date":"2024-11-22T11:46:00","date_gmt":"2024-11-22T10:46:00","guid":{"rendered":"http:\/\/cimne.local\/research\/investigadores-principales-distinguidos\/"},"modified":"2026-02-18T15:49:01","modified_gmt":"2026-02-18T14:49:01","slug":"investigadores-principales-distinguidos","status":"publish","type":"page","link":"https:\/\/cimne.com\/es\/investigacion\/investigadores-principales-distinguidos\/","title":{"rendered":"Investigadores principales distinguidos"},"content":{"rendered":"<p>[et_pb_section fb_built=\u00bb1&#8243; disabled_on=\u00bboff|off|off\u00bb admin_label=\u00bbIntro desktop\u00bb _builder_version=\u00bb4.27.5&#8243; _module_preset=\u00bb81964cef-6002-4a6d-8fe6-ec7662796c0d\u00bb border_width_bottom=\u00bb1px\u00bb border_color_bottom=\u00bb#d9d9d9&#8243; border_width_bottom_tablet=\u00bb0px\u00bb border_width_bottom_phone=\u00bb0px\u00bb border_width_bottom_last_edited=\u00bbon|desktop\u00bb locked=\u00bboff\u00bb collapsed=\u00bboff\u00bb global_colors_info=\u00bb{}\u00bb][et_pb_row column_structure=\u00bb1_2,1_2&#8243; custom_padding_last_edited=\u00bbon|phone\u00bb _builder_version=\u00bb4.27.5&#8243; _module_preset=\u00bb6748b9e8-3dd1-48e0-b7c4-ade164107a03&#8243; custom_margin=\u00bb0px|0px||0px|false|false\u00bb custom_padding_tablet=\u00bb||50px||false|false\u00bb custom_padding_phone=\u00bb||50px||false|false\u00bb hover_enabled=\u00bb0&#8243; global_colors_info=\u00bb{}\u00bb custom_css_main_element_last_edited=\u00bbon|phone\u00bb custom_css_main_element_tablet=\u00bbdisplay: flex;||flex-direction: column-reverse;\u00bb custom_css_main_element_phone=\u00bbdisplay: flex;||flex-direction: column-reverse;\u00bb sticky_enabled=\u00bb0&#8243;][et_pb_column type=\u00bb1_2&#8243; _builder_version=\u00bb4.27.5&#8243; _module_preset=\u00bb5eabff34-1c64-412c-8991-166d2e61c664&#8243; custom_padding=\u00bb50px|3%|50px|3%|true|false\u00bb custom_padding_tablet=\u00bb25px|6%|25px|6%|true|false\u00bb custom_padding_phone=\u00bb25px|6%|25px|6%|true|false\u00bb custom_padding_last_edited=\u00bbon|phone\u00bb global_colors_info=\u00bb{}\u00bb][et_pb_divider color=\u00bb#004996&#8243; divider_position=\u00bbcenter\u00bb _builder_version=\u00bb4.27.0&#8243; _module_preset=\u00bbdefault\u00bb width=\u00bb85px\u00bb module_alignment=\u00bbleft\u00bb custom_margin=\u00bb||0px||false|false\u00bb locked=\u00bboff\u00bb global_colors_info=\u00bb{}\u00bb][\/et_pb_divider][et_pb_text admin_label=\u00bbSubtitle\u00bb _builder_version=\u00bb4.27.5&#8243; _module_preset=\u00bb27067be3-af33-4a0f-be2f-dfe4fd7c0a1b\u00bb global_colors_info=\u00bb{}\u00bb]<\/p>\nInvestigaci\u00f3n\n<p>[\/et_pb_text][et_pb_heading title=\u00bb@ET-DC@eyJkeW5hbWljIjp0cnVlLCJjb250ZW50IjoicG9zdF90aXRsZSIsInNldHRpbmdzIjp7ImJlZm9yZSI6IiIsImFmdGVyIjoiIn19@\u00bb admin_label=\u00bbH1&#8243; _builder_version=\u00bb4.27.5&#8243; _dynamic_attributes=\u00bbtitle\u00bb _module_preset=\u00bbe30dfaa6-3290-42bb-84f1-72f8bfaaa4c6&#8243; global_colors_info=\u00bb{}\u00bb][\/et_pb_heading][et_pb_text _builder_version=\u00bb4.27.0&#8243; _module_preset=\u00bbdefault\u00bb text_text_color=\u00bb#02a0a5&#8243; text_font_size=\u00bb1.5rem\u00bb text_font_size_tablet=\u00bb1.5rem\u00bb text_font_size_last_edited=\u00bboff|desktop\u00bb global_colors_info=\u00bb{}\u00bb]<\/p>\n<p>Los investigadores distinguidos s\u00e9nior del CIMNE son profesores de gran prestigio con una influencia excepcional en sus campos. Estos expertos de renombre refuerzan nuestros grupos de investigaci\u00f3n con sus trayectorias sobresalientes, elevando el prestigio internacional del centro en el \u00e1mbito de la investigaci\u00f3n en ingenier\u00eda computacional. <\/p>\n<p>[\/et_pb_text][\/et_pb_column][et_pb_column type=\u00bb1_2&#8243; _builder_version=\u00bb4.27.5&#8243; _module_preset=\u00bb5eabff34-1c64-412c-8991-166d2e61c664&#8243; custom_padding=\u00bb50px|3%|50px|3%|true|false\u00bb custom_padding_tablet=\u00bb25px|6%|25px|6%|true|false\u00bb custom_padding_phone=\u00bb25px||25px||true|false\u00bb global_colors_info=\u00bb{}\u00bb][et_pb_image src=\u00bbhttps:\/\/cimne.com\/wp-content\/uploads\/2025\/05\/senior.jpg\u00bb alt=\u00bbSenior\u00bb title_text=\u00bbsenior\u00bb align=\u00bbcenter\u00bb force_fullwidth=\u00bbon\u00bb show_bottom_space_tablet=\u00bbon\u00bb show_bottom_space_phone=\u00bboff\u00bb show_bottom_space_last_edited=\u00bbon|phone\u00bb _builder_version=\u00bb4.27.5&#8243; _module_preset=\u00bb3ab1f52a-bf54-4bb9-996f-282f38346889&#8243; module_alignment=\u00bbcenter\u00bb height_tablet=\u00bb320px\u00bb height_phone=\u00bb180px\u00bb height_last_edited=\u00bbon|phone\u00bb custom_margin=\u00bb||||false|true\u00bb custom_margin_tablet=\u00bb||||false|true\u00bb custom_margin_phone=\u00bb||||false|true\u00bb custom_margin_last_edited=\u00bbon|desktop\u00bb custom_padding=\u00bb||||false|true\u00bb hover_enabled=\u00bb0&#8243; global_colors_info=\u00bb{}\u00bb sticky_enabled=\u00bb0&#8243;][\/et_pb_image][\/et_pb_column][\/et_pb_row][\/et_pb_section][et_pb_section fb_built=\u00bb1&#8243; _builder_version=\u00bb4.27.4&#8243; _module_preset=\u00bbfed47f3e-3ebe-4259-a156-523c8e0b8966&#8243; custom_css_main_element=\u00bbpadding: 40px 20px;\u00bb collapsed=\u00bboff\u00bb global_colors_info=\u00bb{}\u00bb][et_pb_row column_structure=\u00bb1_4,1_4,1_4,1_4&#8243; _builder_version=\u00bb4.27.4&#8243; _module_preset=\u00bbc7c24b71-68f1-4ba2-bc79-49dcbcce5ea1&#8243; custom_padding=\u00bb30px|0px|0px|0px|false|false\u00bb global_colors_info=\u00bb{}\u00bb][et_pb_column type=\u00bb1_4&#8243; _builder_version=\u00bb4.27.4&#8243; _module_preset=\u00bbdefault\u00bb global_colors_info=\u00bb{}\u00bb][et_pb_blurb title=\u00bbProf. Eduardo Alonso\u00bb url=\u00bbhttps:\/\/cimne.com\/es\/sobre-nosotros\/directorio\/perfil-miembro\/?id=329&#8243; image=\u00bbhttps:\/\/cimne.com\/wp-content\/uploads\/2025\/02\/f31dc981612b02058ef44c61f9138337.png\u00bb admin_label=\u00bbDistinguished Researchers\u00bb _builder_version=\u00bb4.27.4&#8243; _module_preset=\u00bbf1cec043-cdf6-4f65-92f1-f0ec39d95e9f\u00bb global_colors_info=\u00bb{}\u00bb]<\/p>\n<p>Geomec\u00e1nica e hidrogeolog\u00eda<\/p>\n<p>[\/et_pb_blurb][et_pb_blurb title=\u00bbProf. Antonio Gens\u00bb url=\u00bbhttps:\/\/cimne.com\/es\/sobre-nosotros\/directorio\/perfil-miembro\/?id=435&#8243; image=\u00bbhttps:\/\/cimne.com\/wp-content\/uploads\/2025\/05\/gens-e1747038174695.jpg\u00bb admin_label=\u00bbDistinguished Researchers\u00bb _builder_version=\u00bb4.27.4&#8243; _module_preset=\u00bbf1cec043-cdf6-4f65-92f1-f0ec39d95e9f\u00bb global_colors_info=\u00bb{}\u00bb]<\/p>\n<p>Geomec\u00e1nica e hidrogeolog\u00eda<\/p>\n<p>[\/et_pb_blurb][et_pb_blurb title=\u00bbProf. Sergio H. Oller\u00bb url=\u00bbhttps:\/\/cimne.com\/es\/sobre-nosotros\/directorio\/perfil-miembro\/?id=516&#8243; image=\u00bbhttps:\/\/cimne.com\/wp-content\/uploads\/2025\/05\/oller-e1747038487383.jpg\u00bb admin_label=\u00bbDistinguished Researchers\u00bb _builder_version=\u00bb4.27.4&#8243; _module_preset=\u00bbf1cec043-cdf6-4f65-92f1-f0ec39d95e9f\u00bb global_colors_info=\u00bb{}\u00bb]<\/p>\n<p>Mec\u00e1nica estructural y de part\u00edculas<\/p>\n<p>[\/et_pb_blurb][\/et_pb_column][et_pb_column type=\u00bb1_4&#8243; _builder_version=\u00bb4.27.4&#8243; _module_preset=\u00bbdefault\u00bb global_colors_info=\u00bb{}\u00bb][et_pb_blurb title=\u00bbProf. M\u00aa del Carmen Andrade\u00bb url=\u00bbhttps:\/\/cimne.com\/es\/sobre-nosotros\/directorio\/perfil-miembro\/?id=1762&#8243; image=\u00bbhttps:\/\/cimne.com\/wp-content\/uploads\/2025\/02\/candrade.png\u00bb admin_label=\u00bbDistinguished Researchers\u00bb _builder_version=\u00bb4.27.4&#8243; _module_preset=\u00bbf1cec043-cdf6-4f65-92f1-f0ec39d95e9f\u00bb global_colors_info=\u00bb{}\u00bb]<\/p>\n<p>Aprendizaje autom\u00e1tico y modelos en ingenier\u00eda hidroambiental<\/p>\n<p>[\/et_pb_blurb][et_pb_blurb title=\u00bbProf. Sergio R. Idelsohn\u00bb url=\u00bbhttps:\/\/cimne.com\/es\/sobre-nosotros\/directorio\/perfil-miembro\/?id=456&#8243; image=\u00bbhttps:\/\/cimne.com\/wp-content\/uploads\/2025\/05\/idelsohn-e1747038235144.jpg\u00bb admin_label=\u00bbDistinguished Researchers\u00bb _builder_version=\u00bb4.27.4&#8243; _module_preset=\u00bbf1cec043-cdf6-4f65-92f1-f0ec39d95e9f\u00bb global_colors_info=\u00bb{}\u00bb]<\/p>\n<p>Simulaci\u00f3n de s\u00f3lidos y fluidos para procesos industriales<\/p>\n<p>[\/et_pb_blurb][et_pb_blurb title=\u00bbProf. Eugenio O\u00f1ate\u00bb url=\u00bbhttps:\/\/cimne.com\/es\/sobre-nosotros\/directorio\/perfil-miembro\/?id=518&#8243; image=\u00bbhttps:\/\/cimne.com\/wp-content\/uploads\/2025\/05\/onate-e1747038597368.jpg\u00bb admin_label=\u00bbDistinguished Researchers\u00bb _builder_version=\u00bb4.27.4&#8243; _module_preset=\u00bbf1cec043-cdf6-4f65-92f1-f0ec39d95e9f\u00bb global_colors_info=\u00bb{}\u00bb]<\/p>\n<p>Mec\u00e1nica estructural y de part\u00edculas<\/p>\n<p>[\/et_pb_blurb][\/et_pb_column][et_pb_column type=\u00bb1_4&#8243; _builder_version=\u00bb4.27.4&#8243; _module_preset=\u00bbdefault\u00bb global_colors_info=\u00bb{}\u00bb][et_pb_blurb title=\u00bbProf. H. Alejandro Barbat\u00bb url=\u00bbhttps:\/\/cimne.com\/es\/sobre-nosotros\/directorio\/perfil-miembro\/?id=345&#8243; image=\u00bbhttps:\/\/cimne.com\/wp-content\/uploads\/2025\/05\/barbat-e1747037987109.jpg\u00bb admin_label=\u00bbDistinguished Researchers\u00bb _builder_version=\u00bb4.27.4&#8243; _module_preset=\u00bbf1cec043-cdf6-4f65-92f1-f0ec39d95e9f\u00bb global_colors_info=\u00bb{}\u00bb]<\/p>\n<p>Mec\u00e1nica estructural y de part\u00edculas<\/p>\n<p>[\/et_pb_blurb][et_pb_blurb title=\u00bbProf. Juan Miquel\u00bb url=\u00bbhttps:\/\/cimne.com\/es\/sobre-nosotros\/directorio\/perfil-miembro\/?id=496&#8243; image=\u00bbhttps:\/\/cimne.com\/wp-content\/uploads\/2025\/05\/miquel.jpg\u00bb admin_label=\u00bbDistinguished Researchers\u00bb _builder_version=\u00bb4.27.4&#8243; _module_preset=\u00bbf1cec043-cdf6-4f65-92f1-f0ec39d95e9f\u00bb global_colors_info=\u00bb{}\u00bb]<\/p>\n<p>Mec\u00e1nica estructural y de part\u00edculas<\/p>\n<p>[\/et_pb_blurb][et_pb_blurb title=\u00bbProf. Michael Ortiz\u00bb url=\u00bbhttps:\/\/cimne.com\/es\/sobre-nosotros\/directorio\/perfil-miembro\/?id=2465&#8243; image=\u00bbhttps:\/\/cimne.com\/wp-content\/uploads\/2025\/05\/ortiz-e1747039030554.jpg\u00bb admin_label=\u00bbDistinguished Researchers\u00bb _builder_version=\u00bb4.27.4&#8243; _module_preset=\u00bbf1cec043-cdf6-4f65-92f1-f0ec39d95e9f\u00bb global_colors_info=\u00bb{}\u00bb]<\/p>\n<p>Mec\u00e1nica estructural y de part\u00edculas<\/p>\n<p>[\/et_pb_blurb][\/et_pb_column][et_pb_column type=\u00bb1_4&#8243; _builder_version=\u00bb4.27.4&#8243; _module_preset=\u00bbdefault\u00bb global_colors_info=\u00bb{}\u00bb][et_pb_blurb title=\u00bbProf. Jordi Corominas\u00bb url=\u00bbhttps:\/\/cimne.com\/es\/sobre-nosotros\/directorio\/perfil-miembro\/?id=880&#8243; image=\u00bbhttps:\/\/cimne.com\/wp-content\/uploads\/2025\/05\/corominas-e1747038101367.jpg\u00bb admin_label=\u00bbDistinguished Researchers\u00bb _builder_version=\u00bb4.27.4&#8243; _module_preset=\u00bbf1cec043-cdf6-4f65-92f1-f0ec39d95e9f\u00bb global_colors_info=\u00bb{}\u00bb]<\/p>\n<p>Geomec\u00e1nica e hidrogeolog\u00eda<\/p>\n<p>[\/et_pb_blurb][et_pb_blurb title=\u00bbProf. Francisco Javier Oliver\u00bb url=\u00bbhttps:\/\/cimne.com\/es\/sobre-nosotros\/directorio\/perfil-miembro\/?id=514&#8243; image=\u00bbhttps:\/\/cimne.com\/wp-content\/uploads\/2025\/05\/oliver-e1747038363910.jpg\u00bb admin_label=\u00bbDistinguished Researchers\u00bb _builder_version=\u00bb4.27.4&#8243; _module_preset=\u00bbf1cec043-cdf6-4f65-92f1-f0ec39d95e9f\u00bb global_colors_info=\u00bb{}\u00bb]<\/p>\n<p>Mec\u00e1nica de materiales avanzados y metamateriales<\/p>\n<p>[\/et_pb_blurb][et_pb_blurb title=\u00bbProf. Jaques F. Periaux\u00bb url=\u00bbhttps:\/\/cimne.com\/es\/sobre-nosotros\/directorio\/perfil-miembro\/?id=678&#8243; image=\u00bbhttps:\/\/cimne.com\/wp-content\/uploads\/2025\/05\/periaux-e1747038675914.jpg\u00bb admin_label=\u00bbDistinguished Researchers\u00bb _builder_version=\u00bb4.27.4&#8243; _module_preset=\u00bbf1cec043-cdf6-4f65-92f1-f0ec39d95e9f\u00bb global_colors_info=\u00bb{}\u00bb]<\/p>\n<p>Ingenier\u00eda aeron\u00e1utica, naval, de automoci\u00f3n y energ\u00e9tica<\/p>\n<p>[\/et_pb_blurb][\/et_pb_column][\/et_pb_row][\/et_pb_section]<\/p>\n","protected":false},"excerpt":{"rendered":"<p>Investigaci\u00f3nLos investigadores distinguidos s\u00e9nior del CIMNE son profesores de gran prestigio con una influencia excepcional en sus campos. Estos expertos de renombre refuerzan nuestros grupos de investigaci\u00f3n con sus trayectorias sobresalientes, elevando el prestigio internacional del centro en el \u00e1mbito de la investigaci\u00f3n en ingenier\u00eda computacional. Geomec\u00e1nica e hidrogeolog\u00edaGeomec\u00e1nica e hidrogeolog\u00edaMec\u00e1nica estructural y de part\u00edculasAprendizaje [&hellip;]<\/p>\n","protected":false},"author":2,"featured_media":234364,"parent":226590,"menu_order":0,"comment_status":"closed","ping_status":"closed","template":"","meta":{"_acf_changed":false,"_et_pb_use_builder":"on","_et_pb_old_content":"","_et_gb_content_width":"","slim_seo":{"title":"Investigadores principales distinguidos - CIMNE","description":"Los investigadores distinguidos s\u00e9nior del CIMNE son profesores de gran prestigio con una influencia excepcional en sus campos. Estos expertos de renombre refue"},"footnotes":""},"class_list":["post-228293","page","type-page","status-publish","has-post-thumbnail","hentry"],"acf":[],"_links":{"self":[{"href":"https:\/\/cimne.com\/es\/wp-json\/wp\/v2\/pages\/228293","targetHints":{"allow":["GET"]}}],"collection":[{"href":"https:\/\/cimne.com\/es\/wp-json\/wp\/v2\/pages"}],"about":[{"href":"https:\/\/cimne.com\/es\/wp-json\/wp\/v2\/types\/page"}],"author":[{"embeddable":true,"href":"https:\/\/cimne.com\/es\/wp-json\/wp\/v2\/users\/2"}],"replies":[{"embeddable":true,"href":"https:\/\/cimne.com\/es\/wp-json\/wp\/v2\/comments?post=228293"}],"version-history":[{"count":0,"href":"https:\/\/cimne.com\/es\/wp-json\/wp\/v2\/pages\/228293\/revisions"}],"up":[{"embeddable":true,"href":"https:\/\/cimne.com\/es\/wp-json\/wp\/v2\/pages\/226590"}],"wp:featuredmedia":[{"embeddable":true,"href":"https:\/\/cimne.com\/es\/wp-json\/wp\/v2\/media\/234364"}],"wp:attachment":[{"href":"https:\/\/cimne.com\/es\/wp-json\/wp\/v2\/media?parent=228293"}],"curies":[{"name":"wp","href":"https:\/\/api.w.org\/{rel}","templated":true}]}}