{"id":226542,"date":"2024-07-18T12:15:53","date_gmt":"2024-07-18T10:15:53","guid":{"rendered":"http:\/\/cimne.local\/cimne-labs\/"},"modified":"2026-02-18T12:18:14","modified_gmt":"2026-02-18T11:18:14","slug":"cimne-labs","status":"publish","type":"page","link":"https:\/\/cimne.com\/es\/comunidad\/cimne-labs\/","title":{"rendered":"Aulas CIMNE"},"content":{"rendered":"<p>[et_pb_section fb_built=\u00bb1&#8243; disabled_on=\u00bboff|off|off\u00bb admin_label=\u00bbIntro desktop\u00bb _builder_version=\u00bb4.27.5&#8243; _module_preset=\u00bb81964cef-6002-4a6d-8fe6-ec7662796c0d\u00bb border_width_bottom=\u00bb1px\u00bb border_color_bottom=\u00bb#d9d9d9&#8243; border_width_bottom_tablet=\u00bb0px\u00bb border_width_bottom_phone=\u00bb0px\u00bb border_width_bottom_last_edited=\u00bbon|desktop\u00bb locked=\u00bboff\u00bb collapsed=\u00bboff\u00bb global_colors_info=\u00bb{}\u00bb][et_pb_row column_structure=\u00bb1_2,1_2&#8243; custom_padding_last_edited=\u00bbon|phone\u00bb _builder_version=\u00bb4.27.5&#8243; _module_preset=\u00bb6748b9e8-3dd1-48e0-b7c4-ade164107a03&#8243; custom_margin=\u00bb0px|0px||0px|false|false\u00bb custom_padding_tablet=\u00bb||50px||false|false\u00bb custom_padding_phone=\u00bb||50px||false|false\u00bb hover_enabled=\u00bb0&#8243; global_colors_info=\u00bb{}\u00bb custom_css_main_element_last_edited=\u00bbon|phone\u00bb custom_css_main_element_tablet=\u00bbdisplay: flex;||flex-direction: column-reverse;\u00bb custom_css_main_element_phone=\u00bbdisplay: flex;||flex-direction: column-reverse;\u00bb sticky_enabled=\u00bb0&#8243;][et_pb_column type=\u00bb1_2&#8243; _builder_version=\u00bb4.27.5&#8243; _module_preset=\u00bb5eabff34-1c64-412c-8991-166d2e61c664&#8243; custom_padding=\u00bb50px|3%|50px|3%|true|false\u00bb custom_padding_tablet=\u00bb25px|6%|25px|6%|true|false\u00bb custom_padding_phone=\u00bb25px|6%|25px|6%|true|false\u00bb custom_padding_last_edited=\u00bbon|phone\u00bb global_colors_info=\u00bb{}\u00bb][et_pb_divider color=\u00bb#004996&#8243; divider_position=\u00bbcenter\u00bb _builder_version=\u00bb4.27.0&#8243; _module_preset=\u00bbdefault\u00bb width=\u00bb85px\u00bb module_alignment=\u00bbleft\u00bb custom_margin=\u00bb||0px||false|false\u00bb locked=\u00bboff\u00bb global_colors_info=\u00bb{}\u00bb][\/et_pb_divider][et_pb_text admin_label=\u00bbSubtitle\u00bb _builder_version=\u00bb4.27.5&#8243; _module_preset=\u00bb27067be3-af33-4a0f-be2f-dfe4fd7c0a1b\u00bb global_colors_info=\u00bb{}\u00bb]<\/p>\nComunidad\n<p>[\/et_pb_text][et_pb_heading title=\u00bb@ET-DC@eyJkeW5hbWljIjp0cnVlLCJjb250ZW50IjoicG9zdF90aXRsZSIsInNldHRpbmdzIjp7ImJlZm9yZSI6IiIsImFmdGVyIjoiIn19@\u00bb admin_label=\u00bbH1&#8243; _builder_version=\u00bb4.27.5&#8243; _dynamic_attributes=\u00bbtitle\u00bb _module_preset=\u00bbe30dfaa6-3290-42bb-84f1-72f8bfaaa4c6&#8243; global_colors_info=\u00bb{}\u00bb][\/et_pb_heading][et_pb_text _builder_version=\u00bb4.27.4&#8243; _module_preset=\u00bbdefault\u00bb text_text_color=\u00bb#02a0a5&#8243; text_font_size=\u00bb1.5rem\u00bb text_font_size_tablet=\u00bb1.5rem\u00bb text_font_size_last_edited=\u00bboff|desktop\u00bb global_colors_info=\u00bb{}\u00bb]<\/p>\n<p>Las Aulas CIMNE (CIMNE Labs) conforman una red global de centros de investigaci\u00f3n y formaci\u00f3n que impulsan el desarrollo, la capacitaci\u00f3n y la innovaci\u00f3n en M\u00e9todos Num\u00e9ricos en Ingenier\u00eda. Promueven la colaboraci\u00f3n, la transferencia tecnol\u00f3gica y el impacto local, actuando como comunidad de pr\u00e1ctica vinculada a CIMNE.<\/p>\n<p>[\/et_pb_text][\/et_pb_column][et_pb_column type=\u00bb1_2&#8243; _builder_version=\u00bb4.27.5&#8243; _module_preset=\u00bb5eabff34-1c64-412c-8991-166d2e61c664&#8243; custom_padding=\u00bb50px|3%|50px|3%|true|false\u00bb custom_padding_tablet=\u00bb25px|6%|25px|6%|true|false\u00bb custom_padding_phone=\u00bb25px||25px||true|false\u00bb global_colors_info=\u00bb{}\u00bb][et_pb_image src=\u00bbhttps:\/\/cimne.com\/wp-content\/uploads\/2025\/06\/cimne-lab-ext.jpg\u00bb alt=\u00bbCimne lab ext\u00bb title_text=\u00bbcimne-lab-ext\u00bb align=\u00bbcenter\u00bb force_fullwidth=\u00bbon\u00bb show_bottom_space_tablet=\u00bbon\u00bb show_bottom_space_phone=\u00bboff\u00bb show_bottom_space_last_edited=\u00bbon|phone\u00bb _builder_version=\u00bb4.27.5&#8243; _module_preset=\u00bb3ab1f52a-bf54-4bb9-996f-282f38346889&#8243; module_alignment=\u00bbcenter\u00bb height_tablet=\u00bb320px\u00bb height_phone=\u00bb180px\u00bb height_last_edited=\u00bbon|phone\u00bb custom_margin=\u00bb||||false|true\u00bb custom_margin_tablet=\u00bb||||false|true\u00bb custom_margin_phone=\u00bb||||false|true\u00bb custom_margin_last_edited=\u00bbon|desktop\u00bb custom_padding=\u00bb||||false|true\u00bb hover_enabled=\u00bb0&#8243; global_colors_info=\u00bb{}\u00bb sticky_enabled=\u00bb0&#8243;][\/et_pb_image][\/et_pb_column][\/et_pb_row][\/et_pb_section][et_pb_section fb_built=\u00bb1&#8243; admin_label=\u00bbOverview Tab\u00bb _builder_version=\u00bb4.27.4&#8243; _module_preset=\u00bbfed47f3e-3ebe-4259-a156-523c8e0b8966&#8243; locked=\u00bboff\u00bb collapsed=\u00bboff\u00bb global_colors_info=\u00bb{}\u00bb][et_pb_row column_structure=\u00bb1_3,1_3,1_3&#8243; _builder_version=\u00bb4.27.4&#8243; _module_preset=\u00bbc7c24b71-68f1-4ba2-bc79-49dcbcce5ea1&#8243; custom_margin=\u00bb|0px||0px|false|false\u00bb custom_padding=\u00bb50px|0px|50px|0px|false|false\u00bb border_color_top=\u00bb#d9d9d9&#8243; global_colors_info=\u00bb{}\u00bb][et_pb_column type=\u00bb1_3&#8243; _builder_version=\u00bb4.27.0&#8243; _module_preset=\u00bb56e57fde-4561-4cf6-a771-0a733a7201b1&#8243; global_colors_info=\u00bb{}\u00bb][\/et_pb_column][et_pb_column type=\u00bb1_3&#8243; _builder_version=\u00bb4.27.4&#8243; _module_preset=\u00bbef683ec7-bbdd-4251-80e4-405fab8d3cab\u00bb global_colors_info=\u00bb{}\u00bb][et_pb_text _builder_version=\u00bb4.27.4&#8243; _module_preset=\u00bbdefault\u00bb global_colors_info=\u00bb{}\u00bb]<\/p>\n<p>La Red de Aulas CIMNE constituye una matriz internacional \u00fanica de espacios f\u00edsicos y laboratorios conjuntos, establecidos mediante acuerdos de colaboraci\u00f3n entre CIMNE y universidades de referencia.<\/p>\n<p>Cada Aula CIMNE funciona como un n\u00facleo din\u00e1mico de cooperaci\u00f3n en formaci\u00f3n, investigaci\u00f3n y desarrollo tecnol\u00f3gico (I+D+i) en el \u00e1mbito de los m\u00e9todos num\u00e9ricos en ingenier\u00eda. Gestionadas localmente por profesores y expertos de reconocido prestigio, estas aulas impulsan la innovaci\u00f3n en \u00e1reas tan diversas como la Ingenier\u00eda Civil, la Fabricaci\u00f3n, la Ingenier\u00eda Biom\u00e9dica, la Energ\u00eda y el Medio Ambiente, el Transporte, la Computaci\u00f3n de Altas Prestaciones y las Tecnolog\u00edas de la Informaci\u00f3n, entre otras.<\/p>\n<p>Actualmente, la red cuenta con 33 aulas en 10 pa\u00edses \u2014incluyendo Espa\u00f1a, Argentina, M\u00e9xico, Brasil, entre otros\u2014, conformando una comunidad global activa y comprometida con el avance de la ingenier\u00eda computacional. La Red de Aulas CIMNE es un referente en transferencia tecnol\u00f3gica, conectando la investigaci\u00f3n de vanguardia con su aplicaci\u00f3n pr\u00e1ctica, y ofreciendo formaci\u00f3n avanzada y educaci\u00f3n continua a estudiantes y profesionales locales.<\/p>\n<p>[\/et_pb_text][\/et_pb_column][et_pb_column type=\u00bb1_3&#8243; _builder_version=\u00bb4.27.4&#8243; _module_preset=\u00bbe95bf652-31e8-4f55-bacc-fb42ee4964e2&#8243; global_colors_info=\u00bb{}\u00bb][et_pb_text _builder_version=\u00bb4.27.4&#8243; _module_preset=\u00bbdefault\u00bb global_colors_info=\u00bb{}\u00bb]<\/p>\n<p>Uno de los rasgos distintivos de la Red de Aulas CIMNE es su firme compromiso con la colaboraci\u00f3n y el intercambio de conocimiento. Cada a\u00f1o, la red organiza un simposio internacional que re\u00fane a investigadores, profesionales y docentes para compartir avances, buenas pr\u00e1cticas y fomentar nuevas alianzas. Este encuentro anual refuerza el sentido de comunidad y promueve la innovaci\u00f3n sin fronteras.<\/p>\n<p>[\/et_pb_text][\/et_pb_column][\/et_pb_row][et_pb_row _builder_version=\u00bb4.27.0&#8243; _module_preset=\u00bbc7c24b71-68f1-4ba2-bc79-49dcbcce5ea1&#8243; custom_margin=\u00bb|0px||0px|false|false\u00bb custom_padding=\u00bb50px|0px|50px|0px|false|false\u00bb global_colors_info=\u00bb{}\u00bb][et_pb_column type=\u00bb4_4&#8243; _builder_version=\u00bb4.27.0&#8243; _module_preset=\u00bb56e57fde-4561-4cf6-a771-0a733a7201b1&#8243; global_colors_info=\u00bb{}\u00bb][et_pb_image src=\u00bbhttps:\/\/cimne.com\/wp-content\/uploads\/2025\/03\/Aulas.png\u00bb title_text=\u00bbAulas\u00bb _builder_version=\u00bb4.27.4&#8243; _module_preset=\u00bbdefault\u00bb width=\u00bb60%\u00bb width_tablet=\u00bb100%\u00bb width_phone=\u00bb100%\u00bb width_last_edited=\u00bbon|tablet\u00bb module_alignment=\u00bbcenter\u00bb global_colors_info=\u00bb{}\u00bb][\/et_pb_image][\/et_pb_column][\/et_pb_row][et_pb_row column_structure=\u00bb1_5,1_5,1_5,1_5,1_5&#8243; _builder_version=\u00bb4.27.0&#8243; _module_preset=\u00bbc7c24b71-68f1-4ba2-bc79-49dcbcce5ea1&#8243; custom_margin=\u00bb|0px||0px|false|false\u00bb custom_padding=\u00bb50px|0px|50px|0px|false|false\u00bb global_colors_info=\u00bb{}\u00bb][et_pb_column type=\u00bb1_5&#8243; _builder_version=\u00bb4.27.0&#8243; _module_preset=\u00bb56e57fde-4561-4cf6-a771-0a733a7201b1&#8243; global_colors_info=\u00bb{}\u00bb][et_pb_number_counter title=\u00bbArgentina\u00bb number=\u00bb5&#8243; percent_sign=\u00bboff\u00bb admin_label=\u00bbArgentina\u00bb module_class=\u00bbcontador-item\u00bb _builder_version=\u00bb4.27.4&#8243; _module_preset=\u00bbdefault\u00bb title_level=\u00bbh5&#8243; title_text_align=\u00bbcenter\u00bb title_text_color=\u00bb#004996&#8243; title_font_size=\u00bb1.5rem\u00bb title_line_height=\u00bb1.7rem\u00bb number_font=\u00bb|300|||||||\u00bb number_text_align=\u00bbcenter\u00bb number_text_color=\u00bb#004996&#8243; number_font_size=\u00bb4rem\u00bb number_line_height=\u00bb63px\u00bb module_alignment=\u00bbcenter\u00bb custom_padding=\u00bb||25px||false|false\u00bb link_option_url=\u00bbhttps:\/\/aulas.cimne.com\/project_category\/argentina\/\u00bb link_option_url_new_window=\u00bbon\u00bb custom_css_free_form=\u00bbdiv.percent {||  margin-bottom: 0px !important;||}\u00bb global_colors_info=\u00bb{}\u00bb][\/et_pb_number_counter][et_pb_number_counter title=\u00bbChile\u00bb number=\u00bb3&#8243; percent_sign=\u00bboff\u00bb admin_label=\u00bbChile\u00bb module_class=\u00bbcontador-item\u00bb _builder_version=\u00bb4.27.4&#8243; _module_preset=\u00bbdefault\u00bb title_level=\u00bbh5&#8243; title_text_align=\u00bbcenter\u00bb title_text_color=\u00bb#004996&#8243; title_font_size=\u00bb1.5rem\u00bb title_line_height=\u00bb1.7rem\u00bb number_font=\u00bb|300|||||||\u00bb number_text_align=\u00bbcenter\u00bb number_text_color=\u00bb#004996&#8243; number_font_size=\u00bb4rem\u00bb number_line_height=\u00bb63px\u00bb module_alignment=\u00bbcenter\u00bb custom_padding=\u00bb||25px||false|false\u00bb link_option_url=\u00bbhttps:\/\/aulas.cimne.com\/project_category\/chile\/\u00bb custom_css_free_form=\u00bbdiv.percent {||  margin-bottom: 0px !important;||}\u00bb global_colors_info=\u00bb{}\u00bb][\/et_pb_number_counter][\/et_pb_column][et_pb_column type=\u00bb1_5&#8243; _builder_version=\u00bb4.27.0&#8243; _module_preset=\u00bb56e57fde-4561-4cf6-a771-0a733a7201b1&#8243; global_colors_info=\u00bb{}\u00bb][et_pb_number_counter title=\u00bbEspa\u00f1a\u00bb number=\u00bb5&#8243; percent_sign=\u00bboff\u00bb admin_label=\u00bbSpain\u00bb module_class=\u00bbcontador-item\u00bb _builder_version=\u00bb4.27.4&#8243; _module_preset=\u00bbdefault\u00bb title_level=\u00bbh5&#8243; title_text_align=\u00bbcenter\u00bb title_text_color=\u00bb#004996&#8243; title_font_size=\u00bb1.5rem\u00bb title_line_height=\u00bb1.7rem\u00bb number_font=\u00bb|300|||||||\u00bb number_text_align=\u00bbcenter\u00bb number_text_color=\u00bb#004996&#8243; number_font_size=\u00bb4rem\u00bb number_line_height=\u00bb63px\u00bb module_alignment=\u00bbcenter\u00bb custom_padding=\u00bb||25px||false|false\u00bb link_option_url=\u00bbhttps:\/\/aulas.cimne.com\/project_category\/espana\/\u00bb link_option_url_new_window=\u00bbon\u00bb custom_css_free_form=\u00bbdiv.percent {||  margin-bottom: 0px !important;||}\u00bb global_colors_info=\u00bb{}\u00bb][\/et_pb_number_counter][et_pb_number_counter title=\u00bbPer\u00fa\u00bb number=\u00bb1&#8243; percent_sign=\u00bboff\u00bb admin_label=\u00bbPer\u00fa\u00bb module_class=\u00bbcontador-item\u00bb _builder_version=\u00bb4.27.4&#8243; _module_preset=\u00bbdefault\u00bb title_level=\u00bbh5&#8243; title_text_align=\u00bbcenter\u00bb title_text_color=\u00bb#004996&#8243; title_font_size=\u00bb1.5rem\u00bb title_line_height=\u00bb1.7rem\u00bb number_font=\u00bb|300|||||||\u00bb number_text_align=\u00bbcenter\u00bb number_text_color=\u00bb#004996&#8243; number_font_size=\u00bb4rem\u00bb number_line_height=\u00bb63px\u00bb module_alignment=\u00bbcenter\u00bb custom_padding=\u00bb||25px||false|false\u00bb link_option_url=\u00bbhttps:\/\/aulas.cimne.com\/project_category\/peru\/\u00bb link_option_url_new_window=\u00bbon\u00bb custom_css_free_form=\u00bbdiv.percent {||  margin-bottom: 0px !important;||}\u00bb global_colors_info=\u00bb{}\u00bb][\/et_pb_number_counter][\/et_pb_column][et_pb_column type=\u00bb1_5&#8243; _builder_version=\u00bb4.27.0&#8243; _module_preset=\u00bb56e57fde-4561-4cf6-a771-0a733a7201b1&#8243; global_colors_info=\u00bb{}\u00bb][et_pb_number_counter title=\u00bbM\u00e9xico\u00bb number=\u00bb6&#8243; percent_sign=\u00bboff\u00bb admin_label=\u00bbM\u00e9xico\u00bb module_class=\u00bbcontador-item\u00bb _builder_version=\u00bb4.27.4&#8243; _module_preset=\u00bbdefault\u00bb title_level=\u00bbh5&#8243; title_text_align=\u00bbcenter\u00bb title_text_color=\u00bb#004996&#8243; title_font_size=\u00bb1.5rem\u00bb title_line_height=\u00bb1.7rem\u00bb number_font=\u00bb|300|||||||\u00bb number_text_align=\u00bbcenter\u00bb number_text_color=\u00bb#004996&#8243; number_font_size=\u00bb4rem\u00bb number_line_height=\u00bb63px\u00bb module_alignment=\u00bbcenter\u00bb custom_padding=\u00bb||25px||false|false\u00bb link_option_url=\u00bbhttps:\/\/aulas.cimne.com\/project_category\/mexico\/\u00bb link_option_url_new_window=\u00bbon\u00bb custom_css_free_form=\u00bbdiv.percent {||  margin-bottom: 0px !important;||}\u00bb global_colors_info=\u00bb{}\u00bb][\/et_pb_number_counter][et_pb_number_counter title=\u00bbCuba\u00bb number=\u00bb2&#8243; percent_sign=\u00bboff\u00bb admin_label=\u00bbCuba\u00bb module_class=\u00bbcontador-item\u00bb _builder_version=\u00bb4.27.4&#8243; _module_preset=\u00bbdefault\u00bb title_level=\u00bbh5&#8243; title_text_align=\u00bbcenter\u00bb title_text_color=\u00bb#004996&#8243; title_font_size=\u00bb1.5rem\u00bb title_line_height=\u00bb1.7rem\u00bb number_font=\u00bb|300|||||||\u00bb number_text_align=\u00bbcenter\u00bb number_text_color=\u00bb#004996&#8243; number_font_size=\u00bb4rem\u00bb number_line_height=\u00bb63px\u00bb module_alignment=\u00bbcenter\u00bb custom_padding=\u00bb||25px||false|false\u00bb link_option_url=\u00bbhttps:\/\/aulas.cimne.com\/project_category\/cuba\/\u00bb custom_css_free_form=\u00bbdiv.percent {||  margin-bottom: 0px !important;||}\u00bb global_colors_info=\u00bb{}\u00bb][\/et_pb_number_counter][\/et_pb_column][et_pb_column type=\u00bb1_5&#8243; _builder_version=\u00bb4.27.0&#8243; _module_preset=\u00bb56e57fde-4561-4cf6-a771-0a733a7201b1&#8243; global_colors_info=\u00bb{}\u00bb][et_pb_number_counter title=\u00bbColombia\u00bb number=\u00bb5&#8243; percent_sign=\u00bboff\u00bb admin_label=\u00bbColombia\u00bb module_class=\u00bbcontador-item\u00bb _builder_version=\u00bb4.27.4&#8243; _module_preset=\u00bbdefault\u00bb title_level=\u00bbh5&#8243; title_text_align=\u00bbcenter\u00bb title_text_color=\u00bb#004996&#8243; title_font_size=\u00bb1.5rem\u00bb title_line_height=\u00bb1.7rem\u00bb number_font=\u00bb|300|||||||\u00bb number_text_align=\u00bbcenter\u00bb number_text_color=\u00bb#004996&#8243; number_font_size=\u00bb4rem\u00bb number_line_height=\u00bb63px\u00bb module_alignment=\u00bbcenter\u00bb custom_padding=\u00bb||25px||false|false\u00bb link_option_url=\u00bbhttps:\/\/aulas.cimne.com\/project_category\/colombia\/\u00bb link_option_url_new_window=\u00bbon\u00bb custom_css_free_form=\u00bbdiv.percent {||  margin-bottom: 0px !important;||}\u00bb global_colors_info=\u00bb{}\u00bb][\/et_pb_number_counter][et_pb_number_counter title=\u00bbEl Salvador\u00bb number=\u00bb1&#8243; percent_sign=\u00bboff\u00bb admin_label=\u00bbEl Salvador\u00bb module_class=\u00bbcontador-item\u00bb _builder_version=\u00bb4.27.4&#8243; _module_preset=\u00bbdefault\u00bb title_level=\u00bbh5&#8243; title_text_align=\u00bbcenter\u00bb title_text_color=\u00bb#004996&#8243; title_font_size=\u00bb1.5rem\u00bb title_line_height=\u00bb1.7rem\u00bb number_font=\u00bb|300|||||||\u00bb number_text_align=\u00bbcenter\u00bb number_text_color=\u00bb#004996&#8243; number_font_size=\u00bb4rem\u00bb number_line_height=\u00bb63px\u00bb module_alignment=\u00bbcenter\u00bb custom_padding=\u00bb||25px||false|false\u00bb link_option_url=\u00bbhttps:\/\/aulas.cimne.com\/project_category\/el-salvador\/\u00bb link_option_url_new_window=\u00bbon\u00bb custom_css_free_form=\u00bbdiv.percent {||  margin-bottom: 0px !important;||}\u00bb global_colors_info=\u00bb{}\u00bb][\/et_pb_number_counter][\/et_pb_column][et_pb_column type=\u00bb1_5&#8243; _builder_version=\u00bb4.27.0&#8243; _module_preset=\u00bb56e57fde-4561-4cf6-a771-0a733a7201b1&#8243; global_colors_info=\u00bb{}\u00bb][et_pb_number_counter title=\u00bbBrasil\u00bb number=\u00bb4&#8243; percent_sign=\u00bboff\u00bb admin_label=\u00bbBrasil\u00bb module_class=\u00bbcontador-item\u00bb _builder_version=\u00bb4.27.4&#8243; _module_preset=\u00bbdefault\u00bb title_level=\u00bbh5&#8243; title_text_align=\u00bbcenter\u00bb title_text_color=\u00bb#004996&#8243; title_font_size=\u00bb1.5rem\u00bb title_line_height=\u00bb1.7rem\u00bb number_font=\u00bb|300|||||||\u00bb number_text_align=\u00bbcenter\u00bb number_text_color=\u00bb#004996&#8243; number_font_size=\u00bb4rem\u00bb number_line_height=\u00bb63px\u00bb module_alignment=\u00bbcenter\u00bb custom_padding=\u00bb||25px||false|false\u00bb link_option_url=\u00bbhttps:\/\/aulas.cimne.com\/project_category\/brasil\/\u00bb link_option_url_new_window=\u00bbon\u00bb custom_css_free_form=\u00bbdiv.percent {||  margin-bottom: 0px !important;||}\u00bb global_colors_info=\u00bb{}\u00bb][\/et_pb_number_counter][et_pb_number_counter title=\u00bbGuatemala\u00bb number=\u00bb1&#8243; percent_sign=\u00bboff\u00bb admin_label=\u00bbGuatemala\u00bb module_class=\u00bbcontador-item\u00bb _builder_version=\u00bb4.27.4&#8243; _module_preset=\u00bbdefault\u00bb title_level=\u00bbh5&#8243; title_text_align=\u00bbcenter\u00bb title_text_color=\u00bb#004996&#8243; title_font_size=\u00bb1.5rem\u00bb title_line_height=\u00bb1.7rem\u00bb number_font=\u00bb|300|||||||\u00bb number_text_align=\u00bbcenter\u00bb number_text_color=\u00bb#004996&#8243; number_font_size=\u00bb4rem\u00bb number_line_height=\u00bb63px\u00bb module_alignment=\u00bbcenter\u00bb custom_padding=\u00bb||25px||false|false\u00bb link_option_url=\u00bbhttps:\/\/aulas.cimne.com\/project_category\/guatemala\/\u00bb link_option_url_new_window=\u00bbon\u00bb custom_css_free_form=\u00bbdiv.percent {||  margin-bottom: 0px !important;||}\u00bb global_colors_info=\u00bb{}\u00bb][\/et_pb_number_counter][\/et_pb_column][\/et_pb_row][\/et_pb_section][et_pb_section fb_built=\u00bb1&#8243; admin_label=\u00bbOverview Tab View More\u00bb module_class=\u00bbshow-nav-tab  iu-nav-tab-1&#8243; _builder_version=\u00bb4.27.4&#8243; _module_preset=\u00bbfed47f3e-3ebe-4259-a156-523c8e0b8966&#8243; background_color=\u00bb#02a0a5&#8243; locked=\u00bboff\u00bb collapsed=\u00bboff\u00bb global_colors_info=\u00bb{}\u00bb][et_pb_row column_structure=\u00bb3_5,2_5&#8243; disabled_on=\u00bboff|off|off\u00bb _builder_version=\u00bb4.27.4&#8243; _module_preset=\u00bbc7c24b71-68f1-4ba2-bc79-49dcbcce5ea1&#8243; height=\u00bb140px\u00bb custom_css_main_element=\u00bbdisplay: flex;||align-items: center;\u00bb global_colors_info=\u00bb{}\u00bb][et_pb_column type=\u00bb3_5&#8243; _builder_version=\u00bb4.27.4&#8243; _module_preset=\u00bb56e57fde-4561-4cf6-a771-0a733a7201b1&#8243; custom_padding=\u00bb0px|3%||3%|false|false\u00bb custom_padding_tablet=\u00bb0px|3%||3%|false|false\u00bb custom_padding_phone=\u00bb0px|3%||3%|false|false\u00bb custom_padding_last_edited=\u00bbon|desktop\u00bb global_colors_info=\u00bb{}\u00bb][et_pb_text admin_label=\u00bbView More\u00bb _builder_version=\u00bb4.27.4&#8243; _module_preset=\u00bbdefault\u00bb text_font=\u00bb|300|||||||\u00bb text_text_color=\u00bb#FFFFFF\u00bb text_font_size=\u00bb1.1rem\u00bb text_line_height=\u00bb1.5rem\u00bb header_text_color=\u00bb#FFFFFF\u00bb positioning=\u00bbrelative\u00bb position_origin_a=\u00bbbottom_left\u00bb position_origin_r=\u00bbbottom_left\u00bb width=\u00bb100%\u00bb custom_padding=\u00bb||||false|false\u00bb link_option_url=\u00bb#\u00bb text_text_color_tablet=\u00bb#000000&#8243; text_text_color_last_edited=\u00bboff|phone\u00bb header_text_color_last_edited=\u00bboff|phone\u00bb text_orientation_tablet=\u00bbleft\u00bb text_orientation_phone=\u00bbleft\u00bb text_orientation_last_edited=\u00bboff|desktop\u00bb module_alignment_tablet=\u00bbright\u00bb module_alignment_phone=\u00bbright\u00bb module_alignment_last_edited=\u00bbon|phone\u00bb global_colors_info=\u00bb{}\u00bb]<\/p>\n<p>Descubre m\u00e1s en el sitio web de Aulas CIMNE<\/p>\n<p>[\/et_pb_text][\/et_pb_column][et_pb_column type=\u00bb2_5&#8243; _builder_version=\u00bb4.27.4&#8243; _module_preset=\u00bb56e57fde-4561-4cf6-a771-0a733a7201b1&#8243; custom_padding=\u00bb0px|3%||3%|false|false\u00bb custom_padding_tablet=\u00bb0px|3%||3%|false|false\u00bb custom_padding_phone=\u00bb0px|3%||3%|false|false\u00bb custom_padding_last_edited=\u00bbon|desktop\u00bb global_colors_info=\u00bb{}\u00bb][et_pb_text content_tablet=\u00bb<\/p>\n<div class=%22flecha-container-position-left%22>    <span class=%22cuerpo-flecha-white%22> <\/span>    <span class=%22punta-flecha-white%22> <\/span>      <span class=%22text-flecha-white%22> Aulas Cimne<\/span><\/div>\n<p>\u00bb content_phone=\u00bb<\/p>\n<div class=%22flecha-container-position-left%22>    <span class=%22cuerpo-flecha-white%22> <\/span>    <span class=%22punta-flecha-white%22> <\/span>      <span class=%22text-flecha-white%22> Aulas Cimne<\/span><\/div>\n<p>\u00bb content_last_edited=\u00bbon|phone\u00bb admin_label=\u00bbView More\u00bb module_class=\u00bbclickable-cta\u00bb _builder_version=\u00bb4.27.4&#8243; _module_preset=\u00bbdefault\u00bb text_font=\u00bb|600||on|||||\u00bb text_text_color=\u00bb#ffffff\u00bb text_font_size=\u00bb1.1rem\u00bb text_line_height=\u00bb1.5rem\u00bb transform_translate_linked__hover=\u00bboff\u00bb text_orientation=\u00bbright\u00bb width=\u00bb50%\u00bb width_tablet=\u00bb100%\u00bb width_phone=\u00bb100%\u00bb width_last_edited=\u00bbon|phone\u00bb module_alignment=\u00bbleft\u00bb link_option_url=\u00bbhttps:\/\/aulas.cimne.com\/\u00bb link_option_url_new_window=\u00bbon\u00bb text_text_color_tablet=\u00bb#000000&#8243; text_text_color_phone=\u00bb#000000&#8243; text_text_color_last_edited=\u00bbon|tablet\u00bb text_orientation_tablet=\u00bbleft\u00bb text_orientation_phone=\u00bbleft\u00bb text_orientation_last_edited=\u00bbon|tablet\u00bb module_alignment_tablet=\u00bbright\u00bb module_alignment_phone=\u00bbright\u00bb module_alignment_last_edited=\u00bbon|phone\u00bb global_colors_info=\u00bb{}\u00bb transform_styles__hover_enabled=\u00bboff|desktop\u00bb transform_scale__hover_enabled=\u00bboff|desktop\u00bb transform_translate__hover_enabled=\u00bboff|desktop\u00bb transform_rotate__hover_enabled=\u00bboff|desktop\u00bb transform_skew__hover_enabled=\u00bboff|desktop\u00bb transform_origin__hover_enabled=\u00bboff|desktop\u00bb transform_translate__hover=\u00bb15px|0px\u00bb transform_scale__hover=\u00bb114%|100%\u00bb]<\/p>\n<div class=\"flecha-container-position-left\">\n    <span class=\"cuerpo-flecha-white\"> <\/span><br \/>\n    <span class=\"punta-flecha-white\"> <\/span><br \/>\n      <span class=\"text-flecha-white\"> CONOCE M\u00c1S<br \/>\n<\/span><\/div>\n<p>[\/et_pb_text][\/et_pb_column][\/et_pb_row][\/et_pb_section]<\/p>\n","protected":false},"excerpt":{"rendered":"<p>ComunidadLas Aulas CIMNE (CIMNE Labs) conforman una red global de centros de investigaci\u00f3n y formaci\u00f3n que impulsan el desarrollo, la capacitaci\u00f3n y la innovaci\u00f3n en M\u00e9todos Num\u00e9ricos en Ingenier\u00eda. Promueven la colaboraci\u00f3n, la transferencia tecnol\u00f3gica y el impacto local, actuando como comunidad de pr\u00e1ctica vinculada a CIMNE.La Red de Aulas CIMNE constituye una matriz internacional [&hellip;]<\/p>\n","protected":false},"author":2,"featured_media":236465,"parent":226544,"menu_order":0,"comment_status":"closed","ping_status":"closed","template":"","meta":{"_acf_changed":false,"_et_pb_use_builder":"on","_et_pb_old_content":"","_et_gb_content_width":"","slim_seo":{"title":"Aulas CIMNE - CIMNE","description":"Las Aulas CIMNE (CIMNE Labs) conforman una red global de centros de investigaci\u00f3n y formaci\u00f3n que impulsan el desarrollo, la capacitaci\u00f3n y la innovaci\u00f3n en M\u00e9t"},"footnotes":""},"class_list":["post-226542","page","type-page","status-publish","has-post-thumbnail","hentry"],"acf":[],"_links":{"self":[{"href":"https:\/\/cimne.com\/es\/wp-json\/wp\/v2\/pages\/226542","targetHints":{"allow":["GET"]}}],"collection":[{"href":"https:\/\/cimne.com\/es\/wp-json\/wp\/v2\/pages"}],"about":[{"href":"https:\/\/cimne.com\/es\/wp-json\/wp\/v2\/types\/page"}],"author":[{"embeddable":true,"href":"https:\/\/cimne.com\/es\/wp-json\/wp\/v2\/users\/2"}],"replies":[{"embeddable":true,"href":"https:\/\/cimne.com\/es\/wp-json\/wp\/v2\/comments?post=226542"}],"version-history":[{"count":0,"href":"https:\/\/cimne.com\/es\/wp-json\/wp\/v2\/pages\/226542\/revisions"}],"up":[{"embeddable":true,"href":"https:\/\/cimne.com\/es\/wp-json\/wp\/v2\/pages\/226544"}],"wp:featuredmedia":[{"embeddable":true,"href":"https:\/\/cimne.com\/es\/wp-json\/wp\/v2\/media\/236465"}],"wp:attachment":[{"href":"https:\/\/cimne.com\/es\/wp-json\/wp\/v2\/media?parent=226542"}],"curies":[{"name":"wp","href":"https:\/\/api.w.org\/{rel}","templated":true}]}}