{"id":226526,"date":"2024-07-18T12:21:27","date_gmt":"2024-07-18T10:21:27","guid":{"rendered":"http:\/\/cimne.local\/career-development\/"},"modified":"2026-02-18T16:03:05","modified_gmt":"2026-02-18T15:03:05","slug":"financiacion-competitiva","status":"publish","type":"page","link":"https:\/\/cimne.com\/es\/empleos-becas\/financiacion-competitiva\/","title":{"rendered":"Financiaci\u00f3n competitiva"},"content":{"rendered":"<p>[et_pb_section fb_built=\u00bb1&#8243; disabled_on=\u00bboff|off|off\u00bb admin_label=\u00bbIntro desktop\u00bb _builder_version=\u00bb4.27.5&#8243; _module_preset=\u00bb81964cef-6002-4a6d-8fe6-ec7662796c0d\u00bb border_width_bottom=\u00bb1px\u00bb border_color_bottom=\u00bb#d9d9d9&#8243; border_width_bottom_tablet=\u00bb0px\u00bb border_width_bottom_phone=\u00bb0px\u00bb border_width_bottom_last_edited=\u00bbon|desktop\u00bb locked=\u00bboff\u00bb collapsed=\u00bboff\u00bb global_colors_info=\u00bb{}\u00bb][et_pb_row column_structure=\u00bb1_2,1_2&#8243; custom_padding_last_edited=\u00bbon|phone\u00bb _builder_version=\u00bb4.27.5&#8243; _module_preset=\u00bb6748b9e8-3dd1-48e0-b7c4-ade164107a03&#8243; custom_margin=\u00bb0px|0px||0px|false|false\u00bb custom_padding_tablet=\u00bb||50px||false|false\u00bb custom_padding_phone=\u00bb||50px||false|false\u00bb hover_enabled=\u00bb0&#8243; global_colors_info=\u00bb{}\u00bb custom_css_main_element_last_edited=\u00bbon|phone\u00bb custom_css_main_element_tablet=\u00bbdisplay: flex;||flex-direction: column-reverse;\u00bb custom_css_main_element_phone=\u00bbdisplay: flex;||flex-direction: column-reverse;\u00bb sticky_enabled=\u00bb0&#8243;][et_pb_column type=\u00bb1_2&#8243; _builder_version=\u00bb4.27.5&#8243; _module_preset=\u00bb5eabff34-1c64-412c-8991-166d2e61c664&#8243; custom_padding=\u00bb50px|3%|50px|3%|true|false\u00bb custom_padding_tablet=\u00bb25px|6%|25px|6%|true|false\u00bb custom_padding_phone=\u00bb25px|6%|25px|6%|true|false\u00bb custom_padding_last_edited=\u00bbon|phone\u00bb global_colors_info=\u00bb{}\u00bb][et_pb_divider color=\u00bb#004996&#8243; divider_position=\u00bbcenter\u00bb _builder_version=\u00bb4.27.0&#8243; _module_preset=\u00bbdefault\u00bb width=\u00bb85px\u00bb module_alignment=\u00bbleft\u00bb custom_margin=\u00bb||0px||false|false\u00bb locked=\u00bboff\u00bb global_colors_info=\u00bb{}\u00bb][\/et_pb_divider][et_pb_text admin_label=\u00bbSubtitle\u00bb _builder_version=\u00bb4.27.5&#8243; _module_preset=\u00bb27067be3-af33-4a0f-be2f-dfe4fd7c0a1b\u00bb global_colors_info=\u00bb{}\u00bb]<\/p>\nEmpleos y becas\n<p>[\/et_pb_text][et_pb_heading title=\u00bb@ET-DC@eyJkeW5hbWljIjp0cnVlLCJjb250ZW50IjoicG9zdF90aXRsZSIsInNldHRpbmdzIjp7ImJlZm9yZSI6IiIsImFmdGVyIjoiIn19@\u00bb admin_label=\u00bbH1&#8243; _builder_version=\u00bb4.27.5&#8243; _dynamic_attributes=\u00bbtitle\u00bb _module_preset=\u00bbe30dfaa6-3290-42bb-84f1-72f8bfaaa4c6&#8243; global_colors_info=\u00bb{}\u00bb][\/et_pb_heading][et_pb_text _builder_version=\u00bb4.27.4&#8243; _module_preset=\u00bbdefault\u00bb text_text_color=\u00bb#02a0a5&#8243; text_font_size=\u00bb1.5rem\u00bb text_font_size_tablet=\u00bb1.5rem\u00bb text_font_size_last_edited=\u00bboff|desktop\u00bb global_colors_info=\u00bb{}\u00bb]<\/p>\n<p><span data-sheets-root=\"1\">\u00danete a CIMNE con ayuda de financiaci\u00f3n externa. Nuestra Oficina de Proyectos ofrece orientaci\u00f3n personalizada para aunar oportunidades de financiaci\u00f3n competitiva con tu perfil y etapa profesional.<\/span><\/p>\n<p>[\/et_pb_text][\/et_pb_column][et_pb_column type=\u00bb1_2&#8243; _builder_version=\u00bb4.27.5&#8243; _module_preset=\u00bb5eabff34-1c64-412c-8991-166d2e61c664&#8243; custom_padding=\u00bb50px|3%|50px|3%|true|false\u00bb custom_padding_tablet=\u00bb25px|6%|25px|6%|true|false\u00bb custom_padding_phone=\u00bb25px||25px||true|false\u00bb global_colors_info=\u00bb{}\u00bb][et_pb_image src=\u00bbhttps:\/\/cimne.com\/wp-content\/uploads\/2025\/08\/cimne-jobs-competitive.jpg\u00bb alt=\u00bbCimne jobs competitive\u00bb title_text=\u00bbcimne-jobs-competitive\u00bb align=\u00bbcenter\u00bb force_fullwidth=\u00bbon\u00bb show_bottom_space_tablet=\u00bbon\u00bb show_bottom_space_phone=\u00bboff\u00bb show_bottom_space_last_edited=\u00bbon|phone\u00bb _builder_version=\u00bb4.27.5&#8243; _module_preset=\u00bb3ab1f52a-bf54-4bb9-996f-282f38346889&#8243; module_alignment=\u00bbcenter\u00bb height_tablet=\u00bb320px\u00bb height_phone=\u00bb180px\u00bb height_last_edited=\u00bbon|phone\u00bb custom_margin=\u00bb||||false|true\u00bb custom_margin_tablet=\u00bb||||false|true\u00bb custom_margin_phone=\u00bb||||false|true\u00bb custom_margin_last_edited=\u00bbon|desktop\u00bb custom_padding=\u00bb||||false|true\u00bb hover_enabled=\u00bb0&#8243; global_colors_info=\u00bb{}\u00bb sticky_enabled=\u00bb0&#8243;][\/et_pb_image][\/et_pb_column][\/et_pb_row][\/et_pb_section][et_pb_section fb_built=\u00bb1&#8243; disabled_on=\u00bboff|off|off\u00bb admin_label=\u00bbSplitter row\u00bb module_id=\u00bbsection-splitter-menu\u00bb _builder_version=\u00bb4.27.4&#8243; positioning=\u00bbnone\u00bb custom_margin=\u00bb0px||0px||false|false\u00bb custom_padding=\u00bb0px||0px||false|false\u00bb locked=\u00bboff\u00bb collapsed=\u00bboff\u00bb global_colors_info=\u00bb{}\u00bb][et_pb_row column_structure=\u00bb1_3,1_3,1_3&#8243; _builder_version=\u00bb4.27.4&#8243; _module_preset=\u00bbc7c24b71-68f1-4ba2-bc79-49dcbcce5ea1&#8243; global_colors_info=\u00bb{}\u00bb][et_pb_column type=\u00bb1_3&#8243; _builder_version=\u00bb4.27.0&#8243; _module_preset=\u00bb56e57fde-4561-4cf6-a771-0a733a7201b1&#8243; global_colors_info=\u00bb{}\u00bb][\/et_pb_column][et_pb_column type=\u00bb1_3&#8243; _builder_version=\u00bb4.27.0&#8243; _module_preset=\u00bb56e57fde-4561-4cf6-a771-0a733a7201b1&#8243; border_width_right=\u00bb1px\u00bb border_color_right=\u00bb#d9d9d9&#8243; global_colors_info=\u00bb{}\u00bb][et_pb_image src=\u00bbhttps:\/\/cimne.com\/wp-content\/uploads\/2025\/08\/cimne-jobs-competitive-senior.jpg\u00bb alt=\u00bbResearch focused on challenges\u00bb title_text=\u00bbcimne-jobs-competitive-senior\u00bb url=\u00bb@ET-DC@eyJkeW5hbWljIjp0cnVlLCJjb250ZW50IjoicG9zdF9saW5rX3VybF9wYWdlIiwic2V0dGluZ3MiOnsicG9zdF9pZCI6IjIzOTY1NiJ9fQ==@\u00bb use_overlay=\u00bboff\u00bb _builder_version=\u00bb4.27.4&#8243; _dynamic_attributes=\u00bburl\u00bb _module_preset=\u00bb732c7e8c-43eb-4523-8929-ca73f2233ef3&#8243; global_colors_info=\u00bb{}\u00bb][\/et_pb_image][et_pb_heading title=\u00bbAcad\u00e9mico s\u00e9nior\u00bb url=\u00bb@ET-DC@eyJkeW5hbWljIjp0cnVlLCJjb250ZW50IjoicG9zdF9saW5rX3VybF9wYWdlIiwic2V0dGluZ3MiOnsicG9zdF9pZCI6IjIzOTY1NiJ9fQ==@\u00bb admin_label=\u00bbSenior Academic\u00bb _builder_version=\u00bb4.27.4&#8243; _dynamic_attributes=\u00bburl\u00bb _module_preset=\u00bbdefault\u00bb title_level=\u00bbh2&#8243; title_font=\u00bb|||on|||||\u00bb title_text_align=\u00bbleft\u00bb title_text_color=\u00bb#444444&#8243; title_font_size=\u00bb24px\u00bb title_line_height=\u00bb1.75rem\u00bb custom_padding=\u00bb||20px||false|false\u00bb global_colors_info=\u00bb{}\u00bb][\/et_pb_heading][\/et_pb_column][et_pb_column type=\u00bb1_3&#8243; _builder_version=\u00bb4.27.0&#8243; _module_preset=\u00bb56e57fde-4561-4cf6-a771-0a733a7201b1&#8243; global_colors_info=\u00bb{}\u00bb][et_pb_image src=\u00bbhttps:\/\/cimne.com\/wp-content\/uploads\/2025\/08\/cimne-jobs-competitive-junior.jpg\u00bb alt=\u00bbResearch focused on challenges\u00bb title_text=\u00bbcimne-jobs-competitive-junior\u00bb url=\u00bb@ET-DC@eyJkeW5hbWljIjp0cnVlLCJjb250ZW50IjoicG9zdF9saW5rX3VybF9wYWdlIiwic2V0dGluZ3MiOnsicG9zdF9pZCI6IjIzOTY1OSJ9fQ==@\u00bb use_overlay=\u00bboff\u00bb force_fullwidth=\u00bbon\u00bb module_class=\u00bbdelivery-page-image img-square-container square-form-arrow-left turquoise overlay-img \u00bb _builder_version=\u00bb4.27.4&#8243; _dynamic_attributes=\u00bburl\u00bb _module_preset=\u00bb117f8651-25ec-4ea2-b849-cb36310b36a8&#8243; global_colors_info=\u00bb{}\u00bb height__sticky_enabled=\u00bboff|desktop\u00bb][\/et_pb_image][et_pb_heading title=\u00bbAcad\u00e9mico junior\u00bb url=\u00bb@ET-DC@eyJkeW5hbWljIjp0cnVlLCJjb250ZW50IjoicG9zdF9saW5rX3VybF9wYWdlIiwic2V0dGluZ3MiOnsicG9zdF9pZCI6IjIzOTY1OSJ9fQ==@\u00bb admin_label=\u00bbJunior Academic\u00bb _builder_version=\u00bb4.27.4&#8243; _dynamic_attributes=\u00bburl\u00bb _module_preset=\u00bbdefault\u00bb title_level=\u00bbh2&#8243; title_font=\u00bb|||on|||||\u00bb title_text_align=\u00bbleft\u00bb title_text_color=\u00bb#444444&#8243; title_font_size=\u00bb24px\u00bb title_line_height=\u00bb1.75rem\u00bb custom_padding=\u00bb||20px||false|false\u00bb global_colors_info=\u00bb{}\u00bb][\/et_pb_heading][\/et_pb_column][\/et_pb_row][et_pb_row disabled_on=\u00bbon|on|off\u00bb admin_label=\u00bb1px Line Row\u00bb _builder_version=\u00bb4.27.4&#8243; _module_preset=\u00bbdefault\u00bb width=\u00bb100%\u00bb max_width=\u00bb2500px\u00bb custom_margin=\u00bb0px||0px||true|false\u00bb custom_padding=\u00bb0px||0px||true|false\u00bb collapsed=\u00bbon\u00bb global_colors_info=\u00bb{}\u00bb][et_pb_column type=\u00bb4_4&#8243; _builder_version=\u00bb4.27.4&#8243; _module_preset=\u00bbdefault\u00bb global_colors_info=\u00bb{}\u00bb][et_pb_divider show_divider=\u00bboff\u00bb _builder_version=\u00bb4.27.4&#8243; _module_preset=\u00bbdefault\u00bb width=\u00bb100%\u00bb height=\u00bb0px\u00bb custom_margin=\u00bb0px||0px||true|false\u00bb custom_padding=\u00bb0px||0px||true|false\u00bb border_width_bottom=\u00bb1px\u00bb border_color_bottom=\u00bb#d9d9d9&#8243; global_colors_info=\u00bb{}\u00bb][\/et_pb_divider][\/et_pb_column][\/et_pb_row][et_pb_row column_structure=\u00bb1_3,1_3,1_3&#8243; _builder_version=\u00bb4.27.0&#8243; _module_preset=\u00bbc7c24b71-68f1-4ba2-bc79-49dcbcce5ea1&#8243; global_colors_info=\u00bb{}\u00bb][et_pb_column type=\u00bb1_3&#8243; _builder_version=\u00bb4.27.0&#8243; _module_preset=\u00bb56e57fde-4561-4cf6-a771-0a733a7201b1&#8243; global_colors_info=\u00bb{}\u00bb][\/et_pb_column][et_pb_column type=\u00bb1_3&#8243; _builder_version=\u00bb4.27.0&#8243; _module_preset=\u00bb56e57fde-4561-4cf6-a771-0a733a7201b1&#8243; border_width_right=\u00bb1px\u00bb border_color_right=\u00bb#d9d9d9&#8243; global_colors_info=\u00bb{}\u00bb][et_pb_image src=\u00bbhttps:\/\/cimne.com\/wp-content\/uploads\/2025\/08\/cimne-jobs-competitive-postdoc.jpg\u00bb alt=\u00bbResearch focused on challenges\u00bb title_text=\u00bbcimne-jobs-competitive-postdoc\u00bb url=\u00bb@ET-DC@eyJkeW5hbWljIjp0cnVlLCJjb250ZW50IjoicG9zdF9saW5rX3VybF9wYWdlIiwic2V0dGluZ3MiOnsicG9zdF9pZCI6IjIzOTY2NCJ9fQ==@\u00bb use_overlay=\u00bboff\u00bb force_fullwidth=\u00bbon\u00bb module_class=\u00bbdelivery-page-image img-square-container square-form-arrow-left turquoise overlay-img \u00bb _builder_version=\u00bb4.27.4&#8243; _dynamic_attributes=\u00bburl\u00bb _module_preset=\u00bb117f8651-25ec-4ea2-b849-cb36310b36a8&#8243; global_colors_info=\u00bb{}\u00bb height__sticky_enabled=\u00bboff|desktop\u00bb][\/et_pb_image][et_pb_heading title=\u00bbPostdoc\u00bb url=\u00bb@ET-DC@eyJkeW5hbWljIjp0cnVlLCJjb250ZW50IjoicG9zdF9saW5rX3VybF9wYWdlIiwic2V0dGluZ3MiOnsicG9zdF9pZCI6IjIzOTY2NCJ9fQ==@\u00bb admin_label=\u00bbPostdoc\u00bb _builder_version=\u00bb4.27.4&#8243; _dynamic_attributes=\u00bburl\u00bb _module_preset=\u00bbdefault\u00bb title_level=\u00bbh2&#8243; title_font=\u00bb|||on|||||\u00bb title_text_align=\u00bbleft\u00bb title_text_color=\u00bb#444444&#8243; title_font_size=\u00bb24px\u00bb title_line_height=\u00bb1.75rem\u00bb custom_padding=\u00bb||20px||false|false\u00bb global_colors_info=\u00bb{}\u00bb][\/et_pb_heading][\/et_pb_column][et_pb_column type=\u00bb1_3&#8243; _builder_version=\u00bb4.27.0&#8243; _module_preset=\u00bb56e57fde-4561-4cf6-a771-0a733a7201b1&#8243; global_colors_info=\u00bb{}\u00bb][et_pb_image src=\u00bbhttps:\/\/cimne.com\/wp-content\/uploads\/2025\/08\/cimne-jobs-competitive-phd.jpg\u00bb alt=\u00bbResearch focused on challenges\u00bb title_text=\u00bbcimne-jobs-competitive-phd\u00bb url=\u00bb@ET-DC@eyJkeW5hbWljIjp0cnVlLCJjb250ZW50IjoicG9zdF9saW5rX3VybF9wYWdlIiwic2V0dGluZ3MiOnsicG9zdF9pZCI6IjIzMzAwMCJ9fQ==@\u00bb use_overlay=\u00bboff\u00bb force_fullwidth=\u00bbon\u00bb module_class=\u00bbdelivery-page-image img-square-container square-form-arrow-left turquoise overlay-img \u00bb _builder_version=\u00bb4.27.4&#8243; _dynamic_attributes=\u00bburl\u00bb _module_preset=\u00bb117f8651-25ec-4ea2-b849-cb36310b36a8&#8243; global_colors_info=\u00bb{}\u00bb height__sticky_enabled=\u00bboff|desktop\u00bb][\/et_pb_image][et_pb_heading title=\u00bbDoctorado\u00bb url=\u00bb@ET-DC@eyJkeW5hbWljIjp0cnVlLCJjb250ZW50IjoicG9zdF9saW5rX3VybF9wYWdlIiwic2V0dGluZ3MiOnsicG9zdF9pZCI6IjIzMzAwMCJ9fQ==@\u00bb admin_label=\u00bbPhD\u00bb _builder_version=\u00bb4.27.4&#8243; _dynamic_attributes=\u00bburl\u00bb _module_preset=\u00bbdefault\u00bb title_level=\u00bbh2&#8243; title_font=\u00bb|||on|||||\u00bb title_text_align=\u00bbleft\u00bb title_text_color=\u00bb#444444&#8243; title_font_size=\u00bb24px\u00bb title_line_height=\u00bb1.75rem\u00bb custom_padding=\u00bb||20px||false|false\u00bb global_colors_info=\u00bb{}\u00bb][\/et_pb_heading][\/et_pb_column][\/et_pb_row][\/et_pb_section][et_pb_section fb_built=\u00bb1&#8243; disabled_on=\u00bboff|off|off\u00bb admin_label=\u00bbMem\u00f2ria anual\u00bb _builder_version=\u00bb4.27.4&#8243; background_color=\u00bb#02a0a5&#8243; positioning=\u00bbnone\u00bb custom_margin=\u00bb0px||0px||false|false\u00bb custom_padding=\u00bb0px||0px||false|false\u00bb border_color_all=\u00bb#d9d9d9&#8243; border_width_top=\u00bb1px\u00bb border_color_top=\u00bb#d9d9d9&#8243; border_width_right=\u00bb1px\u00bb border_color_right=\u00bb#d9d9d9&#8243; border_width_left=\u00bb1px\u00bb border_color_left=\u00bb#d9d9d9&#8243; locked=\u00bboff\u00bb collapsed=\u00bboff\u00bb global_colors_info=\u00bb{}\u00bb][et_pb_row column_structure=\u00bb1_3,1_3,1_3&#8243; admin_label=\u00bbMemoria anual\u00bb _builder_version=\u00bb4.27.4&#8243; _module_preset=\u00bbc7c24b71-68f1-4ba2-bc79-49dcbcce5ea1&#8243; custom_margin=\u00bb|0px||0px|false|false\u00bb custom_padding=\u00bb25px|0px|32px|0px|false|false\u00bb border_color_top=\u00bb#d9d9d9&#8243; locked=\u00bboff\u00bb global_colors_info=\u00bb{}\u00bb][et_pb_column type=\u00bb1_3&#8243; _builder_version=\u00bb4.27.0&#8243; _module_preset=\u00bb56e57fde-4561-4cf6-a771-0a733a7201b1&#8243; global_colors_info=\u00bb{}\u00bb][et_pb_heading title=\u00bbEmpleos y becas\u00bb admin_label=\u00bbH2&#8243; _builder_version=\u00bb4.27.4&#8243; _module_preset=\u00bbab708ca6-cc76-4f8a-b615-1ce4dd7a78fb\u00bb title_text_color=\u00bb#FFFFFF\u00bb title_line_height=\u00bb3rem\u00bb custom_margin=\u00bb0px||||false|false\u00bb title_line_height_tablet=\u00bb2.1rem\u00bb title_line_height_phone=\u00bb2.1rem\u00bb title_line_height_last_edited=\u00bbon|phone\u00bb global_colors_info=\u00bb{}\u00bb][\/et_pb_heading][\/et_pb_column][et_pb_column type=\u00bb1_3&#8243; module_class=\u00bbcarrus\u00bb _builder_version=\u00bb4.27.4&#8243; _module_preset=\u00bb56e57fde-4561-4cf6-a771-0a733a7201b1&#8243; overflow-x=\u00bbhidden\u00bb overflow-y=\u00bbhidden\u00bb global_colors_info=\u00bb{}\u00bb][et_pb_text _builder_version=\u00bb4.27.4&#8243; _module_preset=\u00bbdefault\u00bb text_text_color=\u00bb#FFFFFF\u00bb text_font_size=\u00bb1.5rem\u00bb custom_padding=\u00bb||10px||false|false\u00bb global_colors_info=\u00bb{}\u00bb]<\/p>\n<p>\u00a1\u00danete a nuestro equipo de innovadores! Siempre estamos en b\u00fasqueda de talento excepcional para enriquecer nuestra comunidad investigadora. Consulta nuestras vacantes actuales para investigadores y estudiantes en todas las etapas de su carrera.<\/p>\n<p>[\/et_pb_text][et_pb_text content_tablet=\u00bb<\/p>\n<div class=%22flecha-container flecha-container-position-left%22>    <span class=%22cuerpo-flecha%22> <\/span>    <span class=%22punta-flecha%22> <\/span>      <span class=%22text-flecha%22> View more<\/span><\/div>\n<p>\u00bb content_phone=\u00bb<\/p>\n<div class=%22flecha-container flecha-container-position-left%22>    <span class=%22cuerpo-flecha%22> <\/span>    <span class=%22punta-flecha%22> <\/span>      <span class=%22text-flecha%22> View more<\/span><\/div>\n<p>\u00bb content_last_edited=\u00bbon|desktop\u00bb disabled_on=\u00bbon|on|on\u00bb admin_label=\u00bbView More\u00bb module_class=\u00bbclickable-cta\u00bb _builder_version=\u00bb4.27.4&#8243; _dynamic_attributes=\u00bblink_option_url\u00bb _module_preset=\u00bbdefault\u00bb text_font=\u00bb|600||on|||||\u00bb text_text_color=\u00bb#ffffff\u00bb text_font_size=\u00bb1.1rem\u00bb text_line_height=\u00bb1.5rem\u00bb transform_translate_linked__hover=\u00bboff\u00bb width=\u00bb100%\u00bb width_tablet=\u00bb100%\u00bb width_phone=\u00bb100%\u00bb width_last_edited=\u00bbon|tablet\u00bb module_alignment=\u00bbleft\u00bb link_option_url=\u00bb@ET-DC@eyJkeW5hbWljIjp0cnVlLCJjb250ZW50IjoicG9zdF9saW5rX3VybF9wYWdlIiwic2V0dGluZ3MiOnsicG9zdF9pZCI6IjY3In19@\u00bb text_text_color_tablet=\u00bb#000000&#8243; text_text_color_phone=\u00bb#000000&#8243; text_text_color_last_edited=\u00bbon|tablet\u00bb text_orientation_tablet=\u00bbleft\u00bb text_orientation_phone=\u00bbleft\u00bb text_orientation_last_edited=\u00bbon|tablet\u00bb module_alignment_tablet=\u00bbright\u00bb module_alignment_phone=\u00bbright\u00bb module_alignment_last_edited=\u00bbon|desktop\u00bb disabled=\u00bbon\u00bb locked=\u00bboff\u00bb global_colors_info=\u00bb{}\u00bb transform_styles__hover_enabled=\u00bboff|desktop\u00bb transform_scale__hover_enabled=\u00bboff|desktop\u00bb transform_translate__hover_enabled=\u00bboff|desktop\u00bb transform_rotate__hover_enabled=\u00bboff|desktop\u00bb transform_skew__hover_enabled=\u00bboff|desktop\u00bb transform_origin__hover_enabled=\u00bboff|desktop\u00bb transform_translate__hover=\u00bb15px|0px\u00bb transform_scale__hover=\u00bb114%|100%\u00bb]<\/p>\n<div class=\"flecha-container-position-left\">\n    <span class=\"cuerpo-flecha-white\"> <\/span><br \/>\n    <span class=\"punta-flecha-white\"> <\/span><br \/>\n      <span class=\"text-flecha-white\"> Call to action<\/span>\n<\/div>\n<p>[\/et_pb_text][\/et_pb_column][et_pb_column type=\u00bb1_3&#8243; module_class=\u00bbcarrus\u00bb _builder_version=\u00bb4.27.4&#8243; _module_preset=\u00bb56e57fde-4561-4cf6-a771-0a733a7201b1&#8243; overflow-x=\u00bbhidden\u00bb overflow-y=\u00bbhidden\u00bb global_colors_info=\u00bb{}\u00bb][et_pb_code module_id=\u00bbpagination-container\u00bb _builder_version=\u00bb4.27.4&#8243; _module_preset=\u00bbdefault\u00bb text_orientation=\u00bbcenter\u00bb custom_margin=\u00bb32px||32px||true|false\u00bb locked=\u00bboff\u00bb global_colors_info=\u00bb{}\u00bb][\/et_pb_code][et_pb_code admin_label=\u00bbCTA\u00bb module_class=\u00bbclickable-cta\u00bb _builder_version=\u00bb4.27.4&#8243; _dynamic_attributes=\u00bblink_option_url\u00bb _module_preset=\u00bbdefault\u00bb link_option_url=\u00bb@ET-DC@eyJkeW5hbWljIjp0cnVlLCJjb250ZW50IjoicG9zdF9saW5rX3VybF9wYWdlIiwic2V0dGluZ3MiOnsicG9zdF9pZCI6IjE1NyJ9fQ==@\u00bb global_colors_info=\u00bb{}\u00bb]<\/p>\n<div class=\"flecha-container-position-left\"><!-- [et_pb_line_break_holder] -->    <span class=\"cuerpo-flecha-white\"> <\/span><!-- [et_pb_line_break_holder] -->    <span class=\"punta-flecha-white\"> <\/span><!-- [et_pb_line_break_holder] -->      <span class=\"text-flecha-white\"> DESCUBRE VACANTES<\/span><!-- [et_pb_line_break_holder] --><\/div>\n<p>[\/et_pb_code][\/et_pb_column][\/et_pb_row][\/et_pb_section]<\/p>\n","protected":false},"excerpt":{"rendered":"<p>Empleos y becas\u00danete a CIMNE con ayuda de financiaci\u00f3n externa. Nuestra Oficina de Proyectos ofrece orientaci\u00f3n personalizada para aunar oportunidades de financiaci\u00f3n competitiva con tu perfil y etapa profesional.\u00a1\u00danete a nuestro equipo de innovadores! Siempre estamos en b\u00fasqueda de talento excepcional para enriquecer nuestra comunidad investigadora. Consulta nuestras vacantes actuales para investigadores y estudiantes en todas las [&hellip;]<\/p>\n","protected":false},"author":2,"featured_media":240039,"parent":226502,"menu_order":0,"comment_status":"closed","ping_status":"closed","template":"","meta":{"_acf_changed":false,"_et_pb_use_builder":"on","_et_pb_old_content":"","_et_gb_content_width":"","slim_seo":{"title":"Financiaci\u00f3n competitiva - CIMNE","description":"\u00danete a CIMNE con ayuda de financiaci\u00f3n externa. Nuestra Oficina de Proyectos ofrece orientaci\u00f3n personalizada para aunar oportunidades de financiaci\u00f3n competit"},"footnotes":""},"class_list":["post-226526","page","type-page","status-publish","has-post-thumbnail","hentry"],"acf":[],"_links":{"self":[{"href":"https:\/\/cimne.com\/es\/wp-json\/wp\/v2\/pages\/226526","targetHints":{"allow":["GET"]}}],"collection":[{"href":"https:\/\/cimne.com\/es\/wp-json\/wp\/v2\/pages"}],"about":[{"href":"https:\/\/cimne.com\/es\/wp-json\/wp\/v2\/types\/page"}],"author":[{"embeddable":true,"href":"https:\/\/cimne.com\/es\/wp-json\/wp\/v2\/users\/2"}],"replies":[{"embeddable":true,"href":"https:\/\/cimne.com\/es\/wp-json\/wp\/v2\/comments?post=226526"}],"version-history":[{"count":0,"href":"https:\/\/cimne.com\/es\/wp-json\/wp\/v2\/pages\/226526\/revisions"}],"up":[{"embeddable":true,"href":"https:\/\/cimne.com\/es\/wp-json\/wp\/v2\/pages\/226502"}],"wp:featuredmedia":[{"embeddable":true,"href":"https:\/\/cimne.com\/es\/wp-json\/wp\/v2\/media\/240039"}],"wp:attachment":[{"href":"https:\/\/cimne.com\/es\/wp-json\/wp\/v2\/media?parent=226526"}],"curies":[{"name":"wp","href":"https:\/\/api.w.org\/{rel}","templated":true}]}}