{"id":226504,"date":"2024-07-18T12:32:51","date_gmt":"2024-07-18T10:32:51","guid":{"rendered":"http:\/\/cimne.local\/where-we-are\/"},"modified":"2026-02-18T11:36:36","modified_gmt":"2026-02-18T10:36:36","slug":"donde-estamos","status":"publish","type":"page","link":"https:\/\/cimne.com\/es\/sobre-nosotros\/donde-estamos\/","title":{"rendered":"D\u00f3nde estamos"},"content":{"rendered":"<p>[et_pb_section fb_built=\u00bb1&#8243; disabled_on=\u00bboff|off|off\u00bb admin_label=\u00bbIntro desktop\u00bb _builder_version=\u00bb4.27.5&#8243; _module_preset=\u00bb81964cef-6002-4a6d-8fe6-ec7662796c0d\u00bb border_width_bottom=\u00bb1px\u00bb border_color_bottom=\u00bb#d9d9d9&#8243; border_width_bottom_tablet=\u00bb0px\u00bb border_width_bottom_phone=\u00bb0px\u00bb border_width_bottom_last_edited=\u00bbon|desktop\u00bb locked=\u00bboff\u00bb collapsed=\u00bboff\u00bb global_colors_info=\u00bb{}\u00bb][et_pb_row column_structure=\u00bb1_2,1_2&#8243; custom_padding_last_edited=\u00bbon|phone\u00bb _builder_version=\u00bb4.27.5&#8243; _module_preset=\u00bb6748b9e8-3dd1-48e0-b7c4-ade164107a03&#8243; custom_margin=\u00bb0px|0px||0px|false|false\u00bb custom_padding_tablet=\u00bb||50px||false|false\u00bb custom_padding_phone=\u00bb||50px||false|false\u00bb global_colors_info=\u00bb{}\u00bb custom_css_main_element_last_edited=\u00bbon|phone\u00bb custom_css_main_element_tablet=\u00bbdisplay: flex;||flex-direction: column-reverse;\u00bb custom_css_main_element_phone=\u00bbdisplay: flex;||flex-direction: column-reverse;\u00bb][et_pb_column type=\u00bb1_2&#8243; _builder_version=\u00bb4.27.5&#8243; _module_preset=\u00bb5eabff34-1c64-412c-8991-166d2e61c664&#8243; custom_padding=\u00bb50px|3%|50px|3%|true|false\u00bb custom_padding_tablet=\u00bb25px|6%|25px|6%|true|false\u00bb custom_padding_phone=\u00bb25px|6%|25px|6%|true|false\u00bb custom_padding_last_edited=\u00bbon|phone\u00bb global_colors_info=\u00bb{}\u00bb][et_pb_divider color=\u00bb#004996&#8243; divider_position=\u00bbcenter\u00bb _builder_version=\u00bb4.27.0&#8243; _module_preset=\u00bbdefault\u00bb width=\u00bb85px\u00bb module_alignment=\u00bbleft\u00bb custom_margin=\u00bb||0px||false|false\u00bb locked=\u00bboff\u00bb global_colors_info=\u00bb{}\u00bb][\/et_pb_divider][et_pb_text admin_label=\u00bbSubtitle\u00bb _builder_version=\u00bb4.27.5&#8243; _module_preset=\u00bb27067be3-af33-4a0f-be2f-dfe4fd7c0a1b\u00bb global_colors_info=\u00bb{}\u00bb]<\/p>\nSobre nosotros\n<p>[\/et_pb_text][et_pb_heading title=\u00bb@ET-DC@eyJkeW5hbWljIjp0cnVlLCJjb250ZW50IjoicG9zdF90aXRsZSIsInNldHRpbmdzIjp7ImJlZm9yZSI6IiIsImFmdGVyIjoiIn19@\u00bb admin_label=\u00bbH1&#8243; _builder_version=\u00bb4.27.5&#8243; _dynamic_attributes=\u00bbtitle\u00bb _module_preset=\u00bbe30dfaa6-3290-42bb-84f1-72f8bfaaa4c6&#8243; global_colors_info=\u00bb{}\u00bb][\/et_pb_heading][et_pb_text _builder_version=\u00bb4.27.4&#8243; _module_preset=\u00bbdefault\u00bb text_text_color=\u00bb#02a0a5&#8243; text_font_size=\u00bb1.5rem\u00bb text_font_size_tablet=\u00bb1.5rem\u00bb text_font_size_last_edited=\u00bboff|desktop\u00bb global_colors_info=\u00bb{}\u00bb]<\/p>\n<p>La sede central del CIMNE se encuentra en el coraz\u00f3n del distrito universitario de Barcelona, con sedes activas en Terrassa (Barcelona), Lleida y Madrid. Las Aulas CIMNE est\u00e1n integradas en 33 instituciones de 10 pa\u00edses.<\/p>\n<p>[\/et_pb_text][\/et_pb_column][et_pb_column type=\u00bb1_2&#8243; _builder_version=\u00bb4.27.5&#8243; _module_preset=\u00bb5eabff34-1c64-412c-8991-166d2e61c664&#8243; custom_padding=\u00bb50px|3%|50px|3%|true|false\u00bb custom_padding_tablet=\u00bb25px|6%|25px|6%|true|false\u00bb custom_padding_phone=\u00bb25px||25px||true|false\u00bb global_colors_info=\u00bb{}\u00bb][et_pb_image src=\u00bbhttps:\/\/cimne.com\/wp-content\/uploads\/2025\/07\/cimne-headquarters.jpg\u00bb alt=\u00bbCimne headquarters\u00bb title_text=\u00bbcimne-headquarters\u00bb align=\u00bbcenter\u00bb force_fullwidth=\u00bbon\u00bb show_bottom_space_tablet=\u00bbon\u00bb show_bottom_space_phone=\u00bboff\u00bb show_bottom_space_last_edited=\u00bbon|phone\u00bb _builder_version=\u00bb4.27.5&#8243; _module_preset=\u00bb3ab1f52a-bf54-4bb9-996f-282f38346889&#8243; module_alignment=\u00bbcenter\u00bb height_tablet=\u00bb320px\u00bb height_phone=\u00bb180px\u00bb height_last_edited=\u00bbon|phone\u00bb custom_margin=\u00bb||||false|true\u00bb custom_margin_tablet=\u00bb||||false|true\u00bb custom_margin_phone=\u00bb||||false|true\u00bb custom_margin_last_edited=\u00bbon|desktop\u00bb custom_padding=\u00bb||||false|true\u00bb hover_enabled=\u00bb0&#8243; global_colors_info=\u00bb{}\u00bb sticky_enabled=\u00bb0&#8243;][\/et_pb_image][\/et_pb_column][\/et_pb_row][\/et_pb_section][et_pb_section fb_built=\u00bb1&#8243; admin_label=\u00bbContent\u00bb _builder_version=\u00bb4.27.4&#8243; _module_preset=\u00bbfed47f3e-3ebe-4259-a156-523c8e0b8966&#8243; locked=\u00bboff\u00bb collapsed=\u00bboff\u00bb global_colors_info=\u00bb{}\u00bb][et_pb_row column_structure=\u00bb1_3,2_3&#8243; _builder_version=\u00bb4.27.4&#8243; _module_preset=\u00bbc7c24b71-68f1-4ba2-bc79-49dcbcce5ea1&#8243; custom_margin=\u00bb0px|0px|50px|0px|false|false\u00bb custom_padding=\u00bb|0px|32px|0px|false|false\u00bb global_colors_info=\u00bb{}\u00bb][et_pb_column type=\u00bb1_3&#8243; _builder_version=\u00bb4.27.4&#8243; _module_preset=\u00bb56e57fde-4561-4cf6-a771-0a733a7201b1&#8243; custom_padding=\u00bb32px|3%||3%|false|false\u00bb custom_padding_tablet=\u00bb0px|6%||6%|false|false\u00bb custom_padding_phone=\u00bb0px|6%||6%|false|false\u00bb custom_padding_last_edited=\u00bbon|desktop\u00bb global_colors_info=\u00bb{}\u00bb][et_pb_heading title=\u00bbBarcelona (sede central)\u00bb admin_label=\u00bbH2&#8243; _builder_version=\u00bb4.27.4&#8243; _module_preset=\u00bbab708ca6-cc76-4f8a-b615-1ce4dd7a78fb\u00bb custom_margin=\u00bb0px||||false|false\u00bb title_line_height_tablet=\u00bb\u00bb title_line_height_phone=\u00bb\u00bb title_line_height_last_edited=\u00bbon|phone\u00bb global_colors_info=\u00bb{}\u00bb][\/et_pb_heading][\/et_pb_column][et_pb_column type=\u00bb2_3&#8243; _builder_version=\u00bb4.27.4&#8243; _module_preset=\u00bb56e57fde-4561-4cf6-a771-0a733a7201b1&#8243; custom_padding=\u00bb32px|3%||3%|false|false\u00bb custom_padding_tablet=\u00bb32px|6%||6%|false|false\u00bb custom_padding_phone=\u00bb32px|6%||6%|false|false\u00bb custom_padding_last_edited=\u00bbon|phone\u00bb global_colors_info=\u00bb{}\u00bb][et_pb_text _builder_version=\u00bb4.27.4&#8243; _module_preset=\u00bbdefault\u00bb text_font=\u00bb&#8211;et_global_body_font||||||||\u00bb text_text_color=\u00bb#444444&#8243; text_font_size=\u00bb1.1rem\u00bb text_line_height=\u00bb1.5rem\u00bb custom_margin=\u00bb||20px||false|false\u00bb global_colors_info=\u00bb{}\u00bb]<\/p>\n<p>Centre Internacional de M\u00e8todes Num\u00e8rics a l&#8217;Enginyeria (CIMNE)<br \/>Gran Capit\u00e0, S\/N (Campus Nord de la UPC)<br \/>Edificio C1<br \/>08034, Barcelona, Espa\u00f1a<\/p>\n<p>Tel. +34 93 401 74 95<\/p>\n<p>[\/et_pb_text][et_pb_code _builder_version=\u00bb4.27.4&#8243; _module_preset=\u00bbdefault\u00bb global_colors_info=\u00bb{}\u00bb]<pee><iframe loading=\"lazy\" style=\"border: 0;\" src=\"https:\/\/www.google.com\/maps\/embed?pb=!1m18!1m12!1m3!1d2993.3566012518245!2d2.1083904766396206!3d41.3880614712999!2m3!1f0!2f0!3f0!3m2!1i1024!2i768!4f13.1!3m3!1m2!1s0x12a49853eb8b8af3%3A0x4edcf3373386596d!2sCimne%20-%20Centre%20Internacional%20De%20M%C3%A8todes%20Num%C3%A8rics%20a%20L'Enginyeria!5e0!3m2!1sca!2ses!4v1753093180538!5m2!1sca!2ses\" width=\"100%\" height=\"450\" allowfullscreen=\"allowfullscreen\"><\/iframe><\/pee>[\/et_pb_code][\/et_pb_column][\/et_pb_row][et_pb_row admin_label=\u00bb1px Line Row\u00bb _builder_version=\u00bb4.27.4&#8243; _module_preset=\u00bbdefault\u00bb width=\u00bb100%\u00bb max_width=\u00bb2500px\u00bb custom_margin=\u00bb0px|0px|0px|0px|false|false\u00bb custom_padding=\u00bb0px|0px|0px|0px|true|true\u00bb collapsed=\u00bbon\u00bb global_colors_info=\u00bb{}\u00bb][et_pb_column type=\u00bb4_4&#8243; _builder_version=\u00bb4.27.4&#8243; _module_preset=\u00bbdefault\u00bb global_colors_info=\u00bb{}\u00bb]<\/p>\n<p>[et_pb_divider show_divider=\u00bboff\u00bb _builder_version=\u00bb4.27.4&#8243; _module_preset=\u00bbdefault\u00bb width=\u00bb100%\u00bb height=\u00bb0px\u00bb custom_margin=\u00bb0px||0px||true|false\u00bb custom_padding=\u00bb0px||0px||true|false\u00bb border_width_bottom=\u00bb1px\u00bb border_color_bottom=\u00bb#d9d9d9&#8243; global_colors_info=\u00bb{}\u00bb][\/et_pb_divider]<\/p>\n<p>[\/et_pb_column][\/et_pb_row][et_pb_row column_structure=\u00bb1_3,2_3&#8243; _builder_version=\u00bb4.27.4&#8243; _module_preset=\u00bbc7c24b71-68f1-4ba2-bc79-49dcbcce5ea1&#8243; custom_margin=\u00bb0px|0px|50px|0px|false|false\u00bb custom_padding=\u00bb|0px|32px|0px|false|false\u00bb global_colors_info=\u00bb{}\u00bb][et_pb_column type=\u00bb1_3&#8243; _builder_version=\u00bb4.27.4&#8243; _module_preset=\u00bb56e57fde-4561-4cf6-a771-0a733a7201b1&#8243; custom_padding=\u00bb32px|3%||3%|false|false\u00bb custom_padding_tablet=\u00bb32px|6%||6%|false|false\u00bb custom_padding_phone=\u00bb32px|6%||6%|false|false\u00bb custom_padding_last_edited=\u00bbon|phone\u00bb global_colors_info=\u00bb{}\u00bb][et_pb_heading title=\u00bbLleida\u00bb admin_label=\u00bbH2&#8243; _builder_version=\u00bb4.27.4&#8243; _module_preset=\u00bbab708ca6-cc76-4f8a-b615-1ce4dd7a78fb\u00bb title_line_height=\u00bb2.25rem\u00bb custom_margin=\u00bb0px||||false|false\u00bb global_colors_info=\u00bb{}\u00bb][\/et_pb_heading][\/et_pb_column][et_pb_column type=\u00bb2_3&#8243; _builder_version=\u00bb4.27.4&#8243; _module_preset=\u00bb56e57fde-4561-4cf6-a771-0a733a7201b1&#8243; custom_padding=\u00bb32px|3%||3%|false|false\u00bb custom_padding_tablet=\u00bb32px|6%||6%|false|false\u00bb custom_padding_phone=\u00bb32px|6%||6%|false|false\u00bb custom_padding_last_edited=\u00bbon|phone\u00bb global_colors_info=\u00bb{}\u00bb][et_pb_text _builder_version=\u00bb4.27.4&#8243; _module_preset=\u00bbdefault\u00bb text_font=\u00bb&#8211;et_global_body_font||||||||\u00bb text_text_color=\u00bb#444444&#8243; text_font_size=\u00bb1.1rem\u00bb text_line_height=\u00bb1.5rem\u00bb custom_margin=\u00bb||20px||false|false\u00bb global_colors_info=\u00bb{}\u00bb]<\/p>\n<p>CIMNE Lleida-BEE Group<br \/>Parc Agrobiotech Lleida<br \/>Tur\u00f3 de Gardeny, Edificio H3, 1\u00aa planta, ala A, despacho 11<br \/>25003 Lleida, Espa\u00f1a<\/p>\n<p>Tel. +34 873 99 13 54<\/p>\n<p>[\/et_pb_text][et_pb_code _builder_version=\u00bb4.27.4&#8243; _module_preset=\u00bbdefault\u00bb global_colors_info=\u00bb{}\u00bb]<pee><iframe loading=\"lazy\" style=\"border: 0;\" src=\"https:\/\/www.google.com\/maps\/embed?pb=!1m18!1m12!1m3!1d2983.310172172252!2d0.6053299766486995!3d41.605803971273154!2m3!1f0!2f0!3f0!3m2!1i1024!2i768!4f13.1!3m3!1m2!1s0x12a6e073a8a87e93%3A0x86dd5785e705a13!2sCIMNE%20BEE%20Group%20Lleida!5e0!3m2!1sca!2ses!4v1753093107129!5m2!1sca!2ses\" width=\"100%\" height=\"450\" allowfullscreen=\"allowfullscreen\"><\/iframe><\/pee>[\/et_pb_code][\/et_pb_column][\/et_pb_row][et_pb_row admin_label=\u00bb1px Line Row\u00bb _builder_version=\u00bb4.27.4&#8243; _module_preset=\u00bbdefault\u00bb width=\u00bb100%\u00bb max_width=\u00bb2500px\u00bb custom_margin=\u00bb0px|0px|0px|0px|false|false\u00bb custom_padding=\u00bb0px|0px|0px|0px|false|false\u00bb collapsed=\u00bbon\u00bb global_colors_info=\u00bb{}\u00bb][et_pb_column type=\u00bb4_4&#8243; _builder_version=\u00bb4.27.4&#8243; _module_preset=\u00bbdefault\u00bb global_colors_info=\u00bb{}\u00bb]<\/p>\n<p>[et_pb_divider show_divider=\u00bboff\u00bb _builder_version=\u00bb4.27.4&#8243; _module_preset=\u00bbdefault\u00bb width=\u00bb100%\u00bb height=\u00bb0px\u00bb custom_margin=\u00bb0px||0px||true|false\u00bb custom_padding=\u00bb0px||0px||true|false\u00bb border_width_bottom=\u00bb1px\u00bb border_color_bottom=\u00bb#d9d9d9&#8243; global_colors_info=\u00bb{}\u00bb][\/et_pb_divider]<\/p>\n<p>[\/et_pb_column][\/et_pb_row][et_pb_row column_structure=\u00bb1_3,2_3&#8243; _builder_version=\u00bb4.27.4&#8243; _module_preset=\u00bbc7c24b71-68f1-4ba2-bc79-49dcbcce5ea1&#8243; custom_margin=\u00bb0px|0px|50px|0px|false|false\u00bb custom_padding=\u00bb|0px|32px|0px|false|false\u00bb global_colors_info=\u00bb{}\u00bb][et_pb_column type=\u00bb1_3&#8243; _builder_version=\u00bb4.27.0&#8243; _module_preset=\u00bb56e57fde-4561-4cf6-a771-0a733a7201b1&#8243; global_colors_info=\u00bb{}\u00bb][et_pb_heading title=\u00bbTerrassa\u00bb admin_label=\u00bbH2&#8243; _builder_version=\u00bb4.27.4&#8243; _module_preset=\u00bbab708ca6-cc76-4f8a-b615-1ce4dd7a78fb\u00bb title_line_height=\u00bb2.25rem\u00bb custom_margin=\u00bb0px||||false|false\u00bb global_colors_info=\u00bb{}\u00bb][\/et_pb_heading][\/et_pb_column][et_pb_column type=\u00bb2_3&#8243; _builder_version=\u00bb4.27.0&#8243; _module_preset=\u00bb56e57fde-4561-4cf6-a771-0a733a7201b1&#8243; global_colors_info=\u00bb{}\u00bb][et_pb_text _builder_version=\u00bb4.27.4&#8243; _module_preset=\u00bbdefault\u00bb text_font=\u00bb&#8211;et_global_body_font||||||||\u00bb text_text_color=\u00bb#444444&#8243; text_font_size=\u00bb1.1rem\u00bb text_line_height=\u00bb1.5rem\u00bb custom_margin=\u00bb||20px||false|false\u00bb global_colors_info=\u00bb{}\u00bb]<\/p>\n<p>CIMNE Terrassa (BEE Group)<br \/>Edificio GAIA (TR14)<br \/>C\/ Rambla Sant Nebridi, 22<br \/>08222 Terrassa, Barcelona, Espa\u00f1a<\/p>\n<p>Tel. +34 93 739 85 75<\/p>\n<p>[\/et_pb_text][et_pb_code _builder_version=\u00bb4.27.4&#8243; _module_preset=\u00bbdefault\u00bb global_colors_info=\u00bb{}\u00bb]<pee><iframe loading=\"lazy\" style=\"border: 0;\" src=\"https:\/\/www.google.com\/maps\/embed?pb=!1m18!1m12!1m3!1d2985.3061763875!2d2.0180963766468945!3d41.5626176712782!2m3!1f0!2f0!3f0!3m2!1i1024!2i768!4f13.1!3m3!1m2!1s0x12a492e76e725677%3A0x1a2a04444382dfdb!2sCIMNE%20BEE%20Group%20Terrassa!5e0!3m2!1sca!2ses!4v1753093088369!5m2!1sca!2ses\" width=\"100%\" height=\"450\" allowfullscreen=\"allowfullscreen\"><\/iframe><\/pee>[\/et_pb_code][\/et_pb_column][\/et_pb_row][et_pb_row admin_label=\u00bb1px Line Row\u00bb _builder_version=\u00bb4.27.4&#8243; _module_preset=\u00bbdefault\u00bb width=\u00bb100%\u00bb max_width=\u00bb2500px\u00bb custom_margin=\u00bb0px|0px|0px|0px|false|false\u00bb custom_padding=\u00bb0px|0px|0px|0px|false|false\u00bb collapsed=\u00bbon\u00bb global_colors_info=\u00bb{}\u00bb][et_pb_column type=\u00bb4_4&#8243; _builder_version=\u00bb4.27.4&#8243; _module_preset=\u00bbdefault\u00bb global_colors_info=\u00bb{}\u00bb]<\/p>\n<p>[et_pb_divider show_divider=\u00bboff\u00bb _builder_version=\u00bb4.27.4&#8243; _module_preset=\u00bbdefault\u00bb width=\u00bb100%\u00bb height=\u00bb0px\u00bb custom_margin=\u00bb0px||0px||true|false\u00bb custom_padding=\u00bb0px||0px||true|false\u00bb border_width_bottom=\u00bb1px\u00bb border_color_bottom=\u00bb#d9d9d9&#8243; global_colors_info=\u00bb{}\u00bb][\/et_pb_divider]<\/p>\n<p>[\/et_pb_column][\/et_pb_row][et_pb_row column_structure=\u00bb1_3,2_3&#8243; _builder_version=\u00bb4.27.4&#8243; _module_preset=\u00bbc7c24b71-68f1-4ba2-bc79-49dcbcce5ea1&#8243; custom_margin=\u00bb0px|0px|50px|0px|false|false\u00bb custom_padding=\u00bb|0px|32px|0px|false|false\u00bb global_colors_info=\u00bb{}\u00bb][et_pb_column type=\u00bb1_3&#8243; _builder_version=\u00bb4.27.4&#8243; _module_preset=\u00bb56e57fde-4561-4cf6-a771-0a733a7201b1&#8243; custom_padding=\u00bb32px|3%||3%|false|false\u00bb custom_padding_tablet=\u00bb32px|6%||6%|false|false\u00bb custom_padding_phone=\u00bb32px|6%||6%|false|false\u00bb custom_padding_last_edited=\u00bbon|phone\u00bb global_colors_info=\u00bb{}\u00bb][et_pb_heading title=\u00bbMadrid\u00bb admin_label=\u00bbH2&#8243; _builder_version=\u00bb4.27.4&#8243; _module_preset=\u00bbab708ca6-cc76-4f8a-b615-1ce4dd7a78fb\u00bb title_line_height=\u00bb2.25rem\u00bb custom_margin=\u00bb0px||||false|false\u00bb global_colors_info=\u00bb{}\u00bb][\/et_pb_heading][\/et_pb_column][et_pb_column type=\u00bb2_3&#8243; _builder_version=\u00bb4.27.4&#8243; _module_preset=\u00bb56e57fde-4561-4cf6-a771-0a733a7201b1&#8243; custom_padding=\u00bb32px|3%||3%|false|false\u00bb custom_padding_tablet=\u00bb32px|6%||6%|false|false\u00bb custom_padding_phone=\u00bb32px|6%||6%|false|false\u00bb custom_padding_last_edited=\u00bbon|phone\u00bb global_colors_info=\u00bb{}\u00bb][et_pb_text _builder_version=\u00bb4.27.4&#8243; _module_preset=\u00bbdefault\u00bb text_font=\u00bb&#8211;et_global_body_font||||||||\u00bb text_text_color=\u00bb#444444&#8243; text_font_size=\u00bb1.1rem\u00bb text_line_height=\u00bb1.5rem\u00bb custom_margin=\u00bb||20px||false|false\u00bb global_colors_info=\u00bb{}\u00bb]<\/p>\n<p><span data-sheets-root=\"1\">CIMNE Madrid<br \/>Calle General Or\u00e1a, n.\u00ba 70, 6\u00ba izquierda <br \/>28006 Madrid, Spain<\/p>\n<p>Tel. +34 93 739 85 75<\/span><\/p>\n<p>[\/et_pb_text][et_pb_code _builder_version=\u00bb4.27.4&#8243; _module_preset=\u00bbdefault\u00bb global_colors_info=\u00bb{}\u00bb]<pee><iframe loading=\"lazy\" style=\"border: 0;\" src=\"https:\/\/www.google.com\/maps\/embed?pb=!1m18!1m12!1m3!1d7222.743860898027!2d-3.6842988724301007!3d40.435655137947165!2m3!1f0!2f0!3f0!3m2!1i1024!2i768!4f13.1!3m3!1m2!1s0xd4229891849dbbb%3A0xf58a3a95a402f5e5!2sCIMNE%20-%20Centro%20Internacional%20de%20M%C3%A9todos%20Num%C3%A9ricos%20en%20Ingenier%C3%ADa!5e0!3m2!1sca!2ses!4v1753093067084!5m2!1sca!2ses\" width=\"100%\" height=\"450\" allowfullscreen=\"allowfullscreen\"><\/iframe><\/pee>[\/et_pb_code][\/et_pb_column][\/et_pb_row][et_pb_row admin_label=\u00bb1px Line Row\u00bb _builder_version=\u00bb4.27.4&#8243; _module_preset=\u00bbdefault\u00bb width=\u00bb100%\u00bb max_width=\u00bb2500px\u00bb custom_margin=\u00bb0px|0px|0px|0px|false|false\u00bb custom_padding=\u00bb0px|0px|0px|0px|false|false\u00bb collapsed=\u00bbon\u00bb global_colors_info=\u00bb{}\u00bb][et_pb_column type=\u00bb4_4&#8243; _builder_version=\u00bb4.27.4&#8243; _module_preset=\u00bbdefault\u00bb global_colors_info=\u00bb{}\u00bb]<\/p>\n<p>[et_pb_divider show_divider=\u00bboff\u00bb _builder_version=\u00bb4.27.4&#8243; _module_preset=\u00bbdefault\u00bb width=\u00bb100%\u00bb height=\u00bb0px\u00bb custom_margin=\u00bb0px||0px||true|false\u00bb custom_padding=\u00bb0px||0px||true|false\u00bb border_width_bottom=\u00bb1px\u00bb border_color_bottom=\u00bb#d9d9d9&#8243; global_colors_info=\u00bb{}\u00bb][\/et_pb_divider]<\/p>\n<p>[\/et_pb_column][\/et_pb_row][et_pb_row column_structure=\u00bb1_3,2_3&#8243; _builder_version=\u00bb4.27.4&#8243; _module_preset=\u00bbc7c24b71-68f1-4ba2-bc79-49dcbcce5ea1&#8243; custom_margin=\u00bb0px|0px|50px|0px|false|false\u00bb custom_padding=\u00bb|0px|32px|0px|false|false\u00bb global_colors_info=\u00bb{}\u00bb][et_pb_column type=\u00bb1_3&#8243; _builder_version=\u00bb4.27.4&#8243; _module_preset=\u00bb56e57fde-4561-4cf6-a771-0a733a7201b1&#8243; custom_padding_tablet=\u00bb\u00bb custom_padding_phone=\u00bb\u00bb custom_padding_last_edited=\u00bbon|phone\u00bb global_colors_info=\u00bb{}\u00bb][et_pb_heading title=\u00bbAulas CIMNE\u00bb admin_label=\u00bbH2&#8243; _builder_version=\u00bb4.27.4&#8243; _module_preset=\u00bbab708ca6-cc76-4f8a-b615-1ce4dd7a78fb\u00bb title_line_height=\u00bb2.25rem\u00bb custom_margin=\u00bb0px||||false|false\u00bb global_colors_info=\u00bb{}\u00bb][\/et_pb_heading][\/et_pb_column][et_pb_column type=\u00bb2_3&#8243; _builder_version=\u00bb4.27.4&#8243; _module_preset=\u00bb56e57fde-4561-4cf6-a771-0a733a7201b1&#8243; custom_padding_tablet=\u00bb\u00bb custom_padding_phone=\u00bb\u00bb custom_padding_last_edited=\u00bbon|phone\u00bb global_colors_info=\u00bb{}\u00bb][et_pb_text _builder_version=\u00bb4.27.4&#8243; _module_preset=\u00bbdefault\u00bb text_font=\u00bb&#8211;et_global_body_font||||||||\u00bb text_text_color=\u00bb#444444&#8243; text_font_size=\u00bb1.1rem\u00bb text_line_height=\u00bb1.5rem\u00bb custom_margin=\u00bb||20px||false|false\u00bb global_colors_info=\u00bb{}\u00bb]<\/p>\n<p>Las CIMNE Labs (Aulas CIMNE) son espacios f\u00edsicos integrados en 33 instituciones de Espa\u00f1a y Am\u00e9rica Latina. <a class=\"in-cell-link\" href=\"https:\/\/aulas.cimne.com\/\" target=\"_blank\" rel=\"noopener\">Consulta el listado completo.<\/a><\/p>\n<p>[\/et_pb_text][\/et_pb_column][\/et_pb_row][\/et_pb_section]<\/p>\n","protected":false},"excerpt":{"rendered":"<p>Sobre nosotrosLa sede central del CIMNE se encuentra en el coraz\u00f3n del distrito universitario de Barcelona, con sedes activas en Terrassa (Barcelona), Lleida y Madrid. Las Aulas CIMNE est\u00e1n integradas en 33 instituciones de 10 pa\u00edses.Centre Internacional de M\u00e8todes Num\u00e8rics a l&#8217;Enginyeria (CIMNE)Gran Capit\u00e0, S\/N (Campus Nord de la UPC)Edificio C108034, Barcelona, Espa\u00f1aTel. +34 93 401 [&hellip;]<\/p>\n","protected":false},"author":2,"featured_media":238333,"parent":226522,"menu_order":0,"comment_status":"closed","ping_status":"closed","template":"","meta":{"_acf_changed":false,"_et_pb_use_builder":"on","_et_pb_old_content":"","_et_gb_content_width":"","slim_seo":{"title":"D\u00f3nde estamos - CIMNE","description":"La sede central del CIMNE se encuentra en el coraz\u00f3n del distrito universitario de Barcelona, con sedes activas en Terrassa (Barcelona), Lleida y Madrid. Las Au"},"footnotes":""},"class_list":["post-226504","page","type-page","status-publish","has-post-thumbnail","hentry"],"acf":[],"_links":{"self":[{"href":"https:\/\/cimne.com\/es\/wp-json\/wp\/v2\/pages\/226504","targetHints":{"allow":["GET"]}}],"collection":[{"href":"https:\/\/cimne.com\/es\/wp-json\/wp\/v2\/pages"}],"about":[{"href":"https:\/\/cimne.com\/es\/wp-json\/wp\/v2\/types\/page"}],"author":[{"embeddable":true,"href":"https:\/\/cimne.com\/es\/wp-json\/wp\/v2\/users\/2"}],"replies":[{"embeddable":true,"href":"https:\/\/cimne.com\/es\/wp-json\/wp\/v2\/comments?post=226504"}],"version-history":[{"count":0,"href":"https:\/\/cimne.com\/es\/wp-json\/wp\/v2\/pages\/226504\/revisions"}],"up":[{"embeddable":true,"href":"https:\/\/cimne.com\/es\/wp-json\/wp\/v2\/pages\/226522"}],"wp:featuredmedia":[{"embeddable":true,"href":"https:\/\/cimne.com\/es\/wp-json\/wp\/v2\/media\/238333"}],"wp:attachment":[{"href":"https:\/\/cimne.com\/es\/wp-json\/wp\/v2\/media?parent=226504"}],"curies":[{"name":"wp","href":"https:\/\/api.w.org\/{rel}","templated":true}]}}