{"id":226500,"date":"2024-07-18T12:34:47","date_gmt":"2024-07-18T10:34:47","guid":{"rendered":"http:\/\/cimne.local\/jobs-offers\/"},"modified":"2026-03-26T13:49:19","modified_gmt":"2026-03-26T12:49:19","slug":"personal-apoyo-investigacion","status":"publish","type":"page","link":"https:\/\/cimne.com\/es\/empleos-becas\/personal-apoyo-investigacion\/","title":{"rendered":"Personal de apoyo a la investigaci\u00f3n"},"content":{"rendered":"<p>[et_pb_section fb_built=\u00bb1&#8243; disabled_on=\u00bboff|off|off\u00bb admin_label=\u00bbHeader\u00bb _builder_version=\u00bb4.27.5&#8243; _module_preset=\u00bb5117f25a-2f80-4d72-abc6-8bb8195e3c31&#8243; custom_padding=\u00bb144px||0px||false|false\u00bb border_width_bottom=\u00bb1px\u00bb border_color_bottom=\u00bb#d9d9d9&#8243; border_width_bottom_last_edited=\u00bboff|desktop\u00bb locked=\u00bboff\u00bb collapsed=\u00bboff\u00bb global_colors_info=\u00bb{}\u00bb][et_pb_row column_structure=\u00bb2_3,1_3&#8243; _builder_version=\u00bb4.27.5&#8243; _module_preset=\u00bbc0a9f887-e341-4d5a-9f1b-1241f8959980&#8243; global_colors_info=\u00bb{}\u00bb custom_css_main_element_last_edited=\u00bbon|desktop\u00bb custom_css_main_element_tablet=\u00bbdisplay: flex;||flex-direction: column-reverse;\u00bb custom_css_main_element_phone=\u00bbdisplay: flex;||flex-direction: column-reverse;\u00bb][et_pb_column type=\u00bb2_3&#8243; _builder_version=\u00bb4.27.5&#8243; _module_preset=\u00bb56e57fde-4561-4cf6-a771-0a733a7201b1&#8243; custom_padding=\u00bb50px|3%|50px|3%|true|false\u00bb custom_padding_tablet=\u00bb50px||50px||true|false\u00bb custom_padding_phone=\u00bb50px|6%|50px|6%|true|true\u00bb custom_padding_last_edited=\u00bbon|desktop\u00bb custom_css_main_element=\u00bbdisplay: flex;||flex-direction: column;||justify-content: flex-end;\u00bb border_width_right=\u00bb1px\u00bb border_color_right=\u00bb#d9d9d9&#8243; border_width_right_tablet=\u00bb0px\u00bb border_width_right_phone=\u00bb0px\u00bb border_width_right_last_edited=\u00bbon|desktop\u00bb global_colors_info=\u00bb{}\u00bb][et_pb_divider color=\u00bb#004996&#8243; divider_position=\u00bbcenter\u00bb _builder_version=\u00bb4.27.0&#8243; _module_preset=\u00bbdefault\u00bb width=\u00bb85px\u00bb module_alignment=\u00bbleft\u00bb custom_margin=\u00bb||0px||false|false\u00bb locked=\u00bboff\u00bb global_colors_info=\u00bb{}\u00bb][\/et_pb_divider][et_pb_text admin_label=\u00bbSubtitle\u00bb _builder_version=\u00bb4.27.5&#8243; _module_preset=\u00bb0962eb46-eaf5-4130-b8a8-ca44ca5695f6&#8243; global_colors_info=\u00bb{}\u00bb]<\/p>\nEmpleos y becas\n<p>[\/et_pb_text][et_pb_heading title=\u00bb@ET-DC@eyJkeW5hbWljIjp0cnVlLCJjb250ZW50IjoicG9zdF90aXRsZSIsInNldHRpbmdzIjp7ImJlZm9yZSI6IiIsImFmdGVyIjoiIn19@\u00bb admin_label=\u00bbH1&#8243; _builder_version=\u00bb4.27.5&#8243; _dynamic_attributes=\u00bbtitle\u00bb _module_preset=\u00bb20f4cb02-b989-482e-b994-8f37b33e99a9&#8243; title_line_height_tablet=\u00bb\u00bb title_line_height_phone=\u00bb\u00bb title_line_height_last_edited=\u00bbon|phone\u00bb global_colors_info=\u00bb{}\u00bb][\/et_pb_heading][et_pb_text _builder_version=\u00bb4.27.4&#8243; _module_preset=\u00bbdefault\u00bb text_text_color=\u00bb#02a0a5&#8243; text_font_size=\u00bb1.5rem\u00bb text_font_size_tablet=\u00bb1.5rem\u00bb text_font_size_last_edited=\u00bboff|desktop\u00bb global_colors_info=\u00bb{}\u00bb]<\/p>\n<p>\u00danete a CIMNE como Personal de Apoyo a la Investigaci\u00f3n. Buscamos tu talento para impulsar la investigaci\u00f3n y la innovaci\u00f3n con impacto social.<\/p>\n<p>[\/et_pb_text][\/et_pb_column][et_pb_column type=\u00bb1_3&#8243; _builder_version=\u00bb4.27.5&#8243; _module_preset=\u00bb61350d84-566e-4f88-87e6-6bd5d2c6a9aa\u00bb custom_padding=\u00bb50px|3%|50px|3%|true|false\u00bb custom_padding_tablet=\u00bb50px|6%|0px|6%|false|true\u00bb custom_padding_phone=\u00bb50px|6%||6%|false|true\u00bb custom_padding_last_edited=\u00bbon|phone\u00bb custom_css_main_element=\u00bbdisplay: flex;||flex-direction: column;||justify-content: flex-end;\u00bb global_colors_info=\u00bb{}\u00bb][et_pb_image src=\u00bbhttps:\/\/cimne.com\/wp-content\/uploads\/2025\/04\/trnimage1.png\u00bb alt=\u00bbTrnimage1&#8243; title_text=\u00bbtrnimage1&#8243; align=\u00bbcenter\u00bb force_fullwidth=\u00bbon\u00bb _builder_version=\u00bb4.27.5&#8243; _module_preset=\u00bb8e0b4b74-aeac-4741-955b-73ab202a4638&#8243; custom_margin=\u00bb||0px||false|false\u00bb global_colors_info=\u00bb{}\u00bb][\/et_pb_image][\/et_pb_column][\/et_pb_row][\/et_pb_section][et_pb_section fb_built=\u00bb1&#8243; admin_label=\u00bbIntro\u00bb _builder_version=\u00bb4.27.4&#8243; _module_preset=\u00bbfed47f3e-3ebe-4259-a156-523c8e0b8966&#8243; border_width_bottom=\u00bb1px\u00bb border_color_bottom=\u00bb#d9d9d9&#8243; locked=\u00bboff\u00bb collapsed=\u00bboff\u00bb global_colors_info=\u00bb{}\u00bb][et_pb_row column_structure=\u00bb2_5,3_5&#8243; admin_label=\u00bbContenido\u00bb _builder_version=\u00bb4.27.4&#8243; _module_preset=\u00bbc7c24b71-68f1-4ba2-bc79-49dcbcce5ea1&#8243; custom_margin=\u00bb|0px||0px|false|false\u00bb custom_padding=\u00bb50px|0px|50px|0px|true|false\u00bb locked=\u00bboff\u00bb global_colors_info=\u00bb{}\u00bb][et_pb_column type=\u00bb2_5&#8243; _builder_version=\u00bb4.27.0&#8243; _module_preset=\u00bb56e57fde-4561-4cf6-a771-0a733a7201b1&#8243; global_colors_info=\u00bb{}\u00bb][\/et_pb_column][et_pb_column type=\u00bb3_5&#8243; _builder_version=\u00bb4.27.0&#8243; _module_preset=\u00bb56e57fde-4561-4cf6-a771-0a733a7201b1&#8243; global_colors_info=\u00bb{}\u00bb][et_pb_text _builder_version=\u00bb4.27.4&#8243; _module_preset=\u00bbdefault\u00bb text_font_size=\u00bb18px\u00bb global_colors_info=\u00bb{}\u00bb]<\/p>\n<p>A continuaci\u00f3n encontrar\u00e1s las ofertas de empleo abiertas en CIMNE. Si en este momento no hay vacantes que se ajusten a tu perfil, consulta nuestras opciones de <a href=\"https:\/\/cimne.com\/es\/jobs-fellowships\/financiacion-competitiva\/\">Financiaci\u00f3n Competitiva<\/a> para descubrir becas y ayudas a las que puedes postular seg\u00fan tu etapa profesional, y expresar tu inter\u00e9s.<\/p>\n<p>[\/et_pb_text][\/et_pb_column][\/et_pb_row][\/et_pb_section][et_pb_section fb_built=\u00bb1&#8243; disabled_on=\u00bboff|off|off\u00bb admin_label=\u00bbJobs menu Desktop\u00bb module_id=\u00bbsection-job-offers-menu\u00bb _builder_version=\u00bb4.27.4&#8243; background_color=\u00bbrgba(0,73,150,0.2)\u00bb positioning=\u00bbnone\u00bb min_height=\u00bb63px\u00bb custom_margin=\u00bb0px||0px||false|false\u00bb custom_padding=\u00bb0px||0px||false|false\u00bb border_width_all=\u00bb1px\u00bb border_color_all=\u00bb#d9d9d9&#8243; border_width_top=\u00bb1px\u00bb border_color_top=\u00bb#d9d9d9&#8243; border_width_right=\u00bb1px\u00bb border_color_right=\u00bb#d9d9d9&#8243; border_width_left=\u00bb1px\u00bb border_color_left=\u00bb#d9d9d9&#8243; locked=\u00bboff\u00bb collapsed=\u00bboff\u00bb global_colors_info=\u00bb{}\u00bb][et_pb_row admin_label=\u00bbTabs\u00bb _builder_version=\u00bb4.27.4&#8243; _module_preset=\u00bbc7c24b71-68f1-4ba2-bc79-49dcbcce5ea1&#8243; collapsed=\u00bboff\u00bb global_colors_info=\u00bb{}\u00bb][et_pb_column type=\u00bb4_4&#8243; _builder_version=\u00bb4.27.4&#8243; _module_preset=\u00bbdefault\u00bb custom_padding=\u00bb20px|0px||0px|false|true\u00bb custom_padding_tablet=\u00bb0px|0%|||false|false\u00bb custom_padding_phone=\u00bb0px||||false|false\u00bb custom_padding_last_edited=\u00bbon|phone\u00bb custom_css_main_element=\u00bbdisplay: grid;||grid-template-columns: repeat(2, 1fr);\u00bb border_width_right_tablet=\u00bb0px\u00bb border_width_right_phone=\u00bb0px\u00bb border_width_right_last_edited=\u00bbon|phone\u00bb global_colors_info=\u00bb{}\u00bb custom_css_main_element_last_edited=\u00bbon|phone\u00bb custom_css_main_element_tablet=\u00bbdisplay: grid;||grid-template-columns: repeat(1, 1fr);\u00bb custom_css_main_element_phone=\u00bbdisplay: grid;||grid-template-columns: repeat(1, 1fr);\u00bb][et_pb_heading title=\u00bbPosiciones abiertas\u00bb admin_label=\u00bbOpen\u00bb module_id=\u00bbopen-jobs-item\u00bb module_class=\u00bb tab-item\u00bb _builder_version=\u00bb4.27.4&#8243; _module_preset=\u00bbdefault\u00bb title_level=\u00bbh6&#8243; title_font=\u00bbLora|600|on||||||\u00bb title_text_align=\u00bbcenter\u00bb title_text_color=\u00bb#444444&#8243; title_font_size=\u00bb1.1rem\u00bb title_line_height=\u00bb1.5rem\u00bb width=\u00bb100%\u00bb custom_margin=\u00bb0px||0px||false|false\u00bb custom_padding=\u00bb0px||0px||false|false\u00bb custom_padding_tablet=\u00bb10px||||false|false\u00bb custom_padding_phone=\u00bb10px||||false|false\u00bb custom_padding_last_edited=\u00bbon|tablet\u00bb custom_css_main_element=\u00bbpadding-bottom: 16px;\u00bb global_colors_info=\u00bb{}\u00bb background__hover_enabled=\u00bboff|desktop\u00bb title_text_color__hover_enabled=\u00bbon|hover\u00bb title_text_color__hover=\u00bb#004996&#8243;][\/et_pb_heading][et_pb_heading title=\u00bbPosiciones cerradas\u00bb admin_label=\u00bbClosed\u00bb module_id=\u00bbclosed-jobs-item\u00bb module_class=\u00bb tab-item \u00bb _builder_version=\u00bb4.27.4&#8243; _module_preset=\u00bbdefault\u00bb title_level=\u00bbh6&#8243; title_font=\u00bbLora|600|on||||||\u00bb title_text_align=\u00bbcenter\u00bb title_text_color=\u00bb#444444&#8243; title_font_size=\u00bb1.1rem\u00bb title_line_height=\u00bb1.5rem\u00bb width=\u00bb100%\u00bb custom_margin=\u00bb0px||0px||false|false\u00bb custom_padding=\u00bb0px||0px||false|false\u00bb custom_padding_tablet=\u00bb10px||||false|false\u00bb custom_padding_phone=\u00bb10px||||false|false\u00bb custom_padding_last_edited=\u00bbon|phone\u00bb custom_css_main_element=\u00bb    padding-bottom: 16px;\u00bb global_colors_info=\u00bb{}\u00bb title_text_color__hover_enabled=\u00bbon|hover\u00bb title_text_color__hover=\u00bb#004996&#8243;][\/et_pb_heading][\/et_pb_column][\/et_pb_row][\/et_pb_section][et_pb_section fb_built=\u00bb1&#8243; admin_label=\u00bbOpen Jobs\u00bb module_class=\u00bbopen-jobs-content tab-content\u00bb _builder_version=\u00bb4.27.4&#8243; _module_preset=\u00bbfed47f3e-3ebe-4259-a156-523c8e0b8966&#8243; locked=\u00bboff\u00bb collapsed=\u00bboff\u00bb global_colors_info=\u00bb{}\u00bb][et_pb_row admin_label=\u00bbContenido\u00bb _builder_version=\u00bb4.27.0&#8243; _module_preset=\u00bbc7c24b71-68f1-4ba2-bc79-49dcbcce5ea1&#8243; custom_margin=\u00bb|0px||0px|false|false\u00bb custom_padding=\u00bb50px|0px|50px|0px|true|false\u00bb locked=\u00bboff\u00bb global_colors_info=\u00bb{}\u00bb][et_pb_column type=\u00bb4_4&#8243; _builder_version=\u00bb4.27.0&#8243; _module_preset=\u00bb56e57fde-4561-4cf6-a771-0a733a7201b1&#8243; global_colors_info=\u00bb{}\u00bb][et_pb_code _builder_version=\u00bb4.27.6&#8243; _module_preset=\u00bbdefault\u00bb custom_margin=\u00bb0px||0px||false|false\u00bb custom_padding=\u00bb0px||0px||false|false\u00bb global_colors_info=\u00bb{}\u00bb]<iframe class=\"iframe-sin-scroll\" src=\"https:\/\/cimne.com\/es\/empleos-becas\/personal-apoyo-investigacion\/posiciones-abiertas-psr\/\" style=\"border:0;\"><\/iframe>[\/et_pb_code][\/et_pb_column][\/et_pb_row][\/et_pb_section][et_pb_section fb_built=\u00bb1&#8243; admin_label=\u00bbClosed Jobs\u00bb module_class=\u00bbclosed-jobs-content tab-content\u00bb _builder_version=\u00bb4.27.4&#8243; _module_preset=\u00bbfed47f3e-3ebe-4259-a156-523c8e0b8966&#8243; hover_enabled=\u00bb0&#8243; locked=\u00bboff\u00bb collapsed=\u00bboff\u00bb global_colors_info=\u00bb{}\u00bb sticky_enabled=\u00bb0&#8243;][et_pb_row _builder_version=\u00bb4.27.0&#8243; _module_preset=\u00bbc7c24b71-68f1-4ba2-bc79-49dcbcce5ea1&#8243; locked=\u00bboff\u00bb global_colors_info=\u00bb{}\u00bb custom_margin=\u00bb|0px||0px|false|false\u00bb custom_padding=\u00bb50px|0px|50px|0px|true|false\u00bb][et_pb_column type=\u00bb4_4&#8243; _builder_version=\u00bb4.27.0&#8243; _module_preset=\u00bb56e57fde-4561-4cf6-a771-0a733a7201b1&#8243; global_colors_info=\u00bb{}\u00bb][et_pb_code _builder_version=\u00bb4.27.6&#8243; _module_preset=\u00bbdefault\u00bb global_colors_info=\u00bb{}\u00bb custom_margin=\u00bb0px||0px||false|false\u00bb custom_padding=\u00bb0px||0px||false|false\u00bb]<iframe class=\"iframe-sin-scroll\" src=\"https:\/\/cimne.com\/es\/empleos-becas\/personal-apoyo-investigacion\/posiciones-cerradas-psr\/\" style=\"border:0;\"><\/iframe><!-- [et_pb_line_break_holder] -->[\/et_pb_code][\/et_pb_column][\/et_pb_row][\/et_pb_section][et_pb_section fb_built=\u00bb1&#8243; admin_label=\u00bbIframe resizer\u00bb _builder_version=\u00bb4.27.4&#8243; _module_preset=\u00bbdefault\u00bb locked=\u00bboff\u00bb global_colors_info=\u00bb{}\u00bb][et_pb_row admin_label=\u00bbIframe resizer\u00bb _builder_version=\u00bb4.27.4&#8243; _module_preset=\u00bbdefault\u00bb global_colors_info=\u00bb{}\u00bb][et_pb_column type=\u00bb4_4&#8243; _builder_version=\u00bb4.27.4&#8243; _module_preset=\u00bbdefault\u00bb global_colors_info=\u00bb{}\u00bb][et_pb_code disabled_on=\u00bboff|off|off\u00bb admin_label=\u00bbIframe resizer\u00bb _builder_version=\u00bb4.27.6&#8243; _module_preset=\u00bbdefault\u00bb hover_enabled=\u00bb0&#8243; global_colors_info=\u00bb{}\u00bb sticky_enabled=\u00bb0&#8243;]<\/p>\n<style><!-- [et_pb_line_break_holder] -->  iframe {<!-- [et_pb_line_break_holder] -->    width: 100%;<!-- [et_pb_line_break_holder] -->    height: 100vh;<!-- [et_pb_line_break_holder] -->  }<!-- [et_pb_line_break_holder] --><\/style>\n<p><!-- [et_pb_line_break_holder] --><!--<script src=\"\/wp-admin\/js\/iframe-resizer.parent.js\"><\/script>--><!-- [et_pb_line_break_holder] --><script src=\"\/wp-content\/themes\/cimne\/includes\/js\/iframe-resizer.parent.js\"><\/script><!-- [et_pb_line_break_holder] --><script><!-- [et_pb_line_break_holder] -->  iframeResize({<!-- [et_pb_line_break_holder] -->    license: 'GPLv3',<!-- [et_pb_line_break_holder] -->    log: 'collapsed',<!-- [et_pb_line_break_holder] -->    waitForLoad: true,<!-- [et_pb_line_break_holder] -->  }, '.iframe-sin-scroll');<!-- [et_pb_line_break_holder] --><\/script>[\/et_pb_code][\/et_pb_column][\/et_pb_row][\/et_pb_section]<\/p>\n","protected":false},"excerpt":{"rendered":"<p>Empleos y becas\u00danete a CIMNE como Personal de Apoyo a la Investigaci\u00f3n. Buscamos tu talento para impulsar la investigaci\u00f3n y la innovaci\u00f3n con impacto social.A continuaci\u00f3n encontrar\u00e1s las ofertas de empleo abiertas en CIMNE. Si en este momento no hay vacantes que se ajusten a tu perfil, consulta nuestras opciones de Financiaci\u00f3n Competitiva para descubrir becas y [&hellip;]<\/p>\n","protected":false},"author":2,"featured_media":0,"parent":226502,"menu_order":0,"comment_status":"closed","ping_status":"closed","template":"","meta":{"_acf_changed":false,"_et_pb_use_builder":"on","_et_pb_old_content":"","_et_gb_content_width":"","slim_seo":{"title":"Personal de apoyo a la investigaci\u00f3n - CIMNE","description":"\u00danete a CIMNE como Personal de Apoyo a la Investigaci\u00f3n. Buscamos tu talento para impulsar la investigaci\u00f3n y la innovaci\u00f3n con impacto social. A continuaci\u00f3n e"},"footnotes":""},"class_list":["post-226500","page","type-page","status-publish","hentry"],"acf":[],"_links":{"self":[{"href":"https:\/\/cimne.com\/es\/wp-json\/wp\/v2\/pages\/226500","targetHints":{"allow":["GET"]}}],"collection":[{"href":"https:\/\/cimne.com\/es\/wp-json\/wp\/v2\/pages"}],"about":[{"href":"https:\/\/cimne.com\/es\/wp-json\/wp\/v2\/types\/page"}],"author":[{"embeddable":true,"href":"https:\/\/cimne.com\/es\/wp-json\/wp\/v2\/users\/2"}],"replies":[{"embeddable":true,"href":"https:\/\/cimne.com\/es\/wp-json\/wp\/v2\/comments?post=226500"}],"version-history":[{"count":7,"href":"https:\/\/cimne.com\/es\/wp-json\/wp\/v2\/pages\/226500\/revisions"}],"predecessor-version":[{"id":256262,"href":"https:\/\/cimne.com\/es\/wp-json\/wp\/v2\/pages\/226500\/revisions\/256262"}],"up":[{"embeddable":true,"href":"https:\/\/cimne.com\/es\/wp-json\/wp\/v2\/pages\/226502"}],"wp:attachment":[{"href":"https:\/\/cimne.com\/es\/wp-json\/wp\/v2\/media?parent=226500"}],"curies":[{"name":"wp","href":"https:\/\/api.w.org\/{rel}","templated":true}]}}