{"id":226494,"date":"2024-07-18T12:56:08","date_gmt":"2024-07-18T10:56:08","guid":{"rendered":"http:\/\/cimne.local\/alert-system\/"},"modified":"2026-03-19T10:02:12","modified_gmt":"2026-03-19T09:02:12","slug":"canal-etico","status":"publish","type":"page","link":"https:\/\/cimne.com\/es\/canal-etico\/","title":{"rendered":"Canal \u00e9tico"},"content":{"rendered":"<p>[et_pb_section fb_built=\u00bb1&#8243; disabled_on=\u00bboff|off|off\u00bb admin_label=\u00bbIntro\u00bb _builder_version=\u00bb4.27.5&#8243; _module_preset=\u00bb81964cef-6002-4a6d-8fe6-ec7662796c0d\u00bb border_width_bottom=\u00bb1px\u00bb border_color_bottom=\u00bb#d9d9d9&#8243; collapsed=\u00bboff\u00bb global_colors_info=\u00bb{}\u00bb][et_pb_row column_structure=\u00bb1_2,1_2&#8243; _builder_version=\u00bb4.27.5&#8243; _module_preset=\u00bbc7c24b71-68f1-4ba2-bc79-49dcbcce5ea1&#8243; custom_css_main_element=\u00bbalign-items: flex-end;\u00bb global_colors_info=\u00bb{}\u00bb custom_css_main_element_last_edited=\u00bbon|phone\u00bb custom_css_main_element_tablet=\u00bbdisplay: flex;||flex-direction: column-reverse;\u00bb custom_css_main_element_phone=\u00bbdisplay: flex;||flex-direction: column-reverse;\u00bb][et_pb_column type=\u00bb1_2&#8243; _builder_version=\u00bb4.27.4&#8243; _module_preset=\u00bb56e57fde-4561-4cf6-a771-0a733a7201b1&#8243; custom_padding=\u00bb50px||50px|3%|true|false\u00bb custom_padding_tablet=\u00bb0%||||false|false\u00bb custom_padding_phone=\u00bb0%||||false|false\u00bb custom_padding_last_edited=\u00bbon|desktop\u00bb global_colors_info=\u00bb{}\u00bb][et_pb_heading title=\u00bb@ET-DC@eyJkeW5hbWljIjp0cnVlLCJjb250ZW50IjoicG9zdF90aXRsZSIsInNldHRpbmdzIjp7ImJlZm9yZSI6IiIsImFmdGVyIjoiIn19@\u00bb admin_label=\u00bbH1&#8243; _builder_version=\u00bb4.27.5&#8243; _dynamic_attributes=\u00bbtitle\u00bb _module_preset=\u00bb20f4cb02-b989-482e-b994-8f37b33e99a9&#8243; title_font_size=\u00bb64px\u00bb title_line_height=\u00bb68px\u00bb title_font_size_tablet=\u00bb48px\u00bb title_line_height_tablet=\u00bb52px\u00bb title_line_height_phone=\u00bb\u00bb title_line_height_last_edited=\u00bbon|phone\u00bb global_colors_info=\u00bb{}\u00bb][\/et_pb_heading][et_pb_text _builder_version=\u00bb4.27.4&#8243; _module_preset=\u00bbdefault\u00bb text_text_color=\u00bb#02a0a5&#8243; text_font_size=\u00bb1.5rem\u00bb text_font_size_tablet=\u00bb1.5rem\u00bb text_font_size_last_edited=\u00bboff|desktop\u00bb global_colors_info=\u00bb{}\u00bb]<\/p>\n<p>En CIMNE promovemos un entorno seguro para todo el mundo. El Canal \u00c9tico ofrece una v\u00eda segura para compartir sugerencias, presentar quejas o informar sobre posibles conductas inapropiadas.<\/p>\n<p>[\/et_pb_text][\/et_pb_column][et_pb_column type=\u00bb1_2&#8243; _builder_version=\u00bb4.27.4&#8243; _module_preset=\u00bb56e57fde-4561-4cf6-a771-0a733a7201b1&#8243; custom_padding=\u00bb50px|3%|50px|3%|true|false\u00bb custom_padding_tablet=\u00bb50px|3%|50px|3%|true|false\u00bb custom_padding_phone=\u00bb50px||50px||true|true\u00bb custom_padding_last_edited=\u00bbon|desktop\u00bb global_colors_info=\u00bb{}\u00bb][et_pb_image src=\u00bbhttps:\/\/cimne.com\/wp-content\/uploads\/2025\/04\/heading-img.png\u00bb alt=\u00bbHeading img\u00bb title_text=\u00bbheading img\u00bb force_fullwidth=\u00bbon\u00bb _builder_version=\u00bb4.27.5&#8243; _module_preset=\u00bb5965c941-0259-4435-91bc-edd9e58b8ddc\u00bb height_tablet=\u00bb320px\u00bb height_phone=\u00bb180px\u00bb height_last_edited=\u00bbon|tablet\u00bb global_colors_info=\u00bb{}\u00bb][\/et_pb_image][\/et_pb_column][\/et_pb_row][\/et_pb_section][et_pb_section fb_built=\u00bb1&#8243; admin_label=\u00bbContent\u00bb _builder_version=\u00bb4.27.4&#8243; _module_preset=\u00bbfed47f3e-3ebe-4259-a156-523c8e0b8966&#8243; locked=\u00bboff\u00bb collapsed=\u00bboff\u00bb global_colors_info=\u00bb{}\u00bb][et_pb_row column_structure=\u00bb1_3,2_3&#8243; _builder_version=\u00bb4.27.4&#8243; _module_preset=\u00bbc7c24b71-68f1-4ba2-bc79-49dcbcce5ea1&#8243; custom_margin=\u00bb|0px||0px|false|false\u00bb locked=\u00bboff\u00bb global_colors_info=\u00bb{}\u00bb][et_pb_column type=\u00bb1_3&#8243; _builder_version=\u00bb4.27.0&#8243; _module_preset=\u00bb56e57fde-4561-4cf6-a771-0a733a7201b1&#8243; global_colors_info=\u00bb{}\u00bb][et_pb_heading title=\u00bb\u00bfQu\u00e9 es?\u00bb admin_label=\u00bbH2&#8243; _builder_version=\u00bb4.27.4&#8243; _module_preset=\u00bb38029197-464d-4776-9da1-ca4a77503845&#8243; title_text_color=\u00bb#004996&#8243; global_colors_info=\u00bb{}\u00bb][\/et_pb_heading][\/et_pb_column][et_pb_column type=\u00bb2_3&#8243; _builder_version=\u00bb4.27.0&#8243; _module_preset=\u00bb56e57fde-4561-4cf6-a771-0a733a7201b1&#8243; global_colors_info=\u00bb{}\u00bb][et_pb_text _builder_version=\u00bb4.27.4&#8243; _module_preset=\u00bbdefault\u00bb text_font=\u00bb&#8211;et_global_body_font||||||||\u00bb text_text_color=\u00bb#444444&#8243; text_font_size=\u00bb1.1rem\u00bb text_line_height=\u00bb1.5rem\u00bb custom_margin=\u00bb||20px||false|false\u00bb global_colors_info=\u00bb{}\u00bb]<\/p>\n<p>El Canal \u00c9tico del CIMNE es un sistema de comunicaci\u00f3n seguro que permite a cualquier persona compartir sugerencias, quejas o posibles infracciones \u00e9ticas o irregularidades vinculadas a las actividades del centro. Los informes pueden presentarse de forma an\u00f3nima o identificada, y siempre se tratan con total confidencialidad.<\/p>\n<p><\/p>\n<p>Caracter\u00edsticas principales:<\/p>\n<p><\/p>\n<ul>\n<li style=\"list-style-type: none;\">\n<ul>\n<li>Disponible para cualquier persona, incluyendo personal, colaboradores y p\u00fablico externo<\/li>\n<li>Permite el env\u00edo de comunicaciones an\u00f3nimas<\/li>\n<li>Ofrece seguimiento del estado del informe<\/li>\n<li>Admite la inclusi\u00f3n de documentos adjuntos<\/li>\n<li>Facilita la comunicaci\u00f3n continua con el Comit\u00e9 de \u00c9tica<\/li>\n<li>Garantiza la protecci\u00f3n total de los datos y la confidencialidad<\/li>\n<li>Est\u00e1 alineado con la normativa europea y espa\u00f1ola sobre protecci\u00f3n de informantes y de datos<\/li>\n<\/ul>\n<p><\/li>\n<p><\/ul>\n<p><\/p>\n<p>La plataforma est\u00e1 gestionada por un proveedor externo de confianza (Co-Resol), lo que garantiza su independencia y la seguridad de los datos.<\/p>\n<p>[\/et_pb_text][\/et_pb_column][\/et_pb_row][et_pb_row admin_label=\u00bb1px Line Row\u00bb _builder_version=\u00bb4.27.4&#8243; _module_preset=\u00bbdefault\u00bb width=\u00bb100%\u00bb max_width=\u00bb2500px\u00bb custom_margin=\u00bb0px||0px||true|false\u00bb custom_padding=\u00bb0px||0px||true|false\u00bb collapsed=\u00bbon\u00bb global_colors_info=\u00bb{}\u00bb][et_pb_column type=\u00bb4_4&#8243; _builder_version=\u00bb4.27.4&#8243; _module_preset=\u00bbdefault\u00bb global_colors_info=\u00bb{}\u00bb][et_pb_divider show_divider=\u00bboff\u00bb _builder_version=\u00bb4.27.4&#8243; _module_preset=\u00bbdefault\u00bb width=\u00bb100%\u00bb height=\u00bb0px\u00bb custom_margin=\u00bb0px||0px||true|false\u00bb custom_padding=\u00bb0px||0px||true|false\u00bb border_width_bottom=\u00bb1px\u00bb border_color_bottom=\u00bb#d9d9d9&#8243; global_colors_info=\u00bb{}\u00bb][\/et_pb_divider][\/et_pb_column][\/et_pb_row][et_pb_row column_structure=\u00bb1_3,1_3,1_3&#8243; _builder_version=\u00bb4.27.4&#8243; _module_preset=\u00bbc7c24b71-68f1-4ba2-bc79-49dcbcce5ea1&#8243; custom_margin=\u00bb|0px||0px|false|false\u00bb custom_padding=\u00bb0px|0px|32px|0px|false|false\u00bb locked=\u00bboff\u00bb global_colors_info=\u00bb{}\u00bb][et_pb_column type=\u00bb1_3&#8243; _builder_version=\u00bb4.27.0&#8243; _module_preset=\u00bb56e57fde-4561-4cf6-a771-0a733a7201b1&#8243; global_colors_info=\u00bb{}\u00bb][et_pb_heading title=\u00bbC\u00f3mo usarlo\u00bb admin_label=\u00bbH2&#8243; _builder_version=\u00bb4.27.4&#8243; _module_preset=\u00bb38029197-464d-4776-9da1-ca4a77503845&#8243; title_text_color=\u00bb#004996&#8243; title_line_height=\u00bb2.25rem\u00bb global_colors_info=\u00bb{}\u00bb][\/et_pb_heading][\/et_pb_column][et_pb_column type=\u00bb1_3&#8243; _builder_version=\u00bb4.27.0&#8243; _module_preset=\u00bb56e57fde-4561-4cf6-a771-0a733a7201b1&#8243; global_colors_info=\u00bb{}\u00bb][et_pb_heading title=\u00bbMediante la app Co-resol\u00bb admin_label=\u00bbH3&#8243; _builder_version=\u00bb4.27.4&#8243; _module_preset=\u00bbdefault\u00bb title_level=\u00bbh3&#8243; title_font=\u00bb|700|||||||\u00bb title_text_align=\u00bbcenter\u00bb title_text_color=\u00bb#004996&#8243; title_font_size=\u00bb40px\u00bb title_line_height=\u00bb2.5rem\u00bb custom_margin=\u00bb||10px||false|false\u00bb title_text_align_tablet=\u00bbcenter\u00bb title_text_align_phone=\u00bbcenter\u00bb title_text_align_last_edited=\u00bbon|desktop\u00bb title_font_size_tablet=\u00bb24px\u00bb title_font_size_phone=\u00bb24px\u00bb title_font_size_last_edited=\u00bbon|desktop\u00bb global_colors_info=\u00bb{}\u00bb][\/et_pb_heading][et_pb_image src=\u00bbhttps:\/\/cimne.com\/wp-content\/uploads\/2026\/03\/mobil-1.png\u00bb alt=\u00bbMobil\u00bb title_text=\u00bbmobil-1&#8243; align=\u00bbcenter\u00bb _builder_version=\u00bb4.27.6&#8243; _module_preset=\u00bbdefault\u00bb global_colors_info=\u00bb{}\u00bb][\/et_pb_image][et_pb_text _builder_version=\u00bb4.27.4&#8243; _module_preset=\u00bbdefault\u00bb custom_margin=\u00bb25px||25px||false|false\u00bb global_colors_info=\u00bb{}\u00bb]<\/p>\n<ol>\n<li>Descarga la app de Co-Resol y acepta las notificaciones. Es gratuita y est\u00e1 disponible en App Store y Google Play.<\/li>\n<li>Pulsa el bot\u00f3n \u201cclick\u201d e introduce el c\u00f3digo de CIMNE (palabra \u00abCIMNE\u00bb).<\/li>\n<li>Selecciona el bot\u00f3n del canal.<\/li>\n<li>Escribe tu mensaje con el mayor nivel de detalle posible. Puedes adjuntar im\u00e1genes y documentaci\u00f3n.<\/li>\n<li>Identif\u00edcate o selecciona la opci\u00f3n de anonimato. En ambos casos, deber\u00e1s aceptar la Pol\u00edtica de Privacidad.<\/li>\n<li>Una vez completados estos pasos, recibir\u00e1s un mensaje como comprobante de recepci\u00f3n de tu <em>click<\/em>.<\/li>\n<li>La comunicaci\u00f3n para el seguimiento del click se realizar\u00e1 a trav\u00e9s de un chat seguro (puedes acceder desde el bot\u00f3n de chat en la pantalla principal de la app) hasta su cierre.<\/li>\n<\/ol>\n<p>[\/et_pb_text][et_pb_text disabled_on=\u00bbon|on|on\u00bb _builder_version=\u00bb4.27.4&#8243; _module_preset=\u00bbdefault\u00bb disabled=\u00bbon\u00bb global_colors_info=\u00bb{}\u00bb]<\/p>\n<div class=\"contenedor\">\n<div class=\"columna\">\n    <a href=\"#\"><br \/>\n      <img loading=\"lazy\" decoding=\"async\" class=\"wp-image-232963\" title=\"qr code\" src=\"https:\/\/cimne.com\/wp-content\/uploads\/2025\/04\/Alert-sys-Android-1-206x300.png\" alt=\"qr code\" width=\"135\" height=\"197\" \/><br \/>\n    <\/a>\n  <\/div>\n<p>  <\/p>\n<div class=\"columna\">\n    <a href=\"#\"><br \/>\n      <img loading=\"lazy\" decoding=\"async\" class=\"wp-image-232966\" title=\"qr code\" src=\"https:\/\/cimne.com\/wp-content\/uploads\/2025\/04\/alert-sys-ios-1-252x300.png\" alt=\"qr code\" width=\"176\" height=\"210\" \/><br \/>\n    <\/a>\n  <\/div>\n<p><\/div>\n<p>[\/et_pb_text][et_pb_code admin_label=\u00bbQRs\u00bb _builder_version=\u00bb4.27.6&#8243; _module_preset=\u00bbdefault\u00bb global_colors_info=\u00bb{}\u00bb]<\/p>\n<div class=\"contenedor\"><!-- [et_pb_line_break_holder] -->  <\/p>\n<div class=\"columna\"><!-- [et_pb_line_break_holder] -->    <a href=\"#\"><!-- [et_pb_line_break_holder] -->      <img loading=\"lazy\" decoding=\"async\" class=\"wp-image-232963\" title=\"qr code\" src=\"\/wp-content\/uploads\/2025\/04\/Alert-sys-Android-1-206x300.png\" alt=\"qr code\" width=\"135\" height=\"197\" \/><!-- [et_pb_line_break_holder] -->    <\/a><!-- [et_pb_line_break_holder] -->  <\/div>\n<p><!-- [et_pb_line_break_holder] -->  <\/p>\n<div class=\"columna\"><!-- [et_pb_line_break_holder] -->    <a href=\"#\"><!-- [et_pb_line_break_holder] -->      <img loading=\"lazy\" decoding=\"async\" class=\"wp-image-232966\" title=\"qr code\" src=\"\/wp-content\/uploads\/2025\/04\/alert-sys-ios-1-252x300.png\" alt=\"qr code\" width=\"176\" height=\"210\" \/><!-- [et_pb_line_break_holder] -->    <\/a><!-- [et_pb_line_break_holder] -->  <\/div>\n<p><!-- [et_pb_line_break_holder] --><\/div>\n<p>[\/et_pb_code][\/et_pb_column][et_pb_column type=\u00bb1_3&#8243; _builder_version=\u00bb4.27.0&#8243; _module_preset=\u00bb56e57fde-4561-4cf6-a771-0a733a7201b1&#8243; global_colors_info=\u00bb{}\u00bb][et_pb_heading title=\u00bbMediante la p\u00e1gina web\u00bb admin_label=\u00bbH3&#8243; _builder_version=\u00bb4.27.4&#8243; _module_preset=\u00bbdefault\u00bb title_level=\u00bbh3&#8243; title_font=\u00bb|700|||||||\u00bb title_text_align=\u00bbcenter\u00bb title_text_color=\u00bb#004996&#8243; title_font_size=\u00bb40px\u00bb title_line_height=\u00bb2.5rem\u00bb custom_margin=\u00bb||10px||false|false\u00bb title_font_size_tablet=\u00bb24px\u00bb title_font_size_phone=\u00bb24px\u00bb title_font_size_last_edited=\u00bbon|desktop\u00bb global_colors_info=\u00bb{}\u00bb][\/et_pb_heading][et_pb_image src=\u00bbhttps:\/\/cimne.com\/wp-content\/uploads\/2026\/03\/pc-md.png\u00bb alt=\u00bbPc md\u00bb title_text=\u00bbpc-md\u00bb align=\u00bbcenter\u00bb _builder_version=\u00bb4.27.6&#8243; _module_preset=\u00bbdefault\u00bb custom_padding=\u00bb||||false|false\u00bb global_colors_info=\u00bb{}\u00bb][\/et_pb_image][et_pb_text _builder_version=\u00bb4.27.4&#8243; _module_preset=\u00bbdefault\u00bb custom_margin=\u00bb25px||||false|false\u00bb global_colors_info=\u00bb{}\u00bb]<\/p>\n<p>Puedes acceder a trav\u00e9s de este enlace:<br \/>\n<a href=\"https:\/\/co-resol.bcnresol.com\/webclick\">https:\/\/co-resol.bcnresol.com\/webclick<\/a><\/p>\n<p><\/p>\n<ol>\n<li>Pulsa el bot\u00f3n \u201cClick\u201d e introduce el c\u00f3digo de CIMNE (palabra \u00abCIMNE\u00bb).<\/li>\n<li>Selecciona el bot\u00f3n del canal.<\/li>\n<li>Escribe tu mensaje con el mayor nivel de detalle posible. Puedes adjuntar im\u00e1genes y documentaci\u00f3n.<\/li>\n<li>Identif\u00edcate o selecciona la opci\u00f3n de anonimato. En ambos casos, deber\u00e1s aceptar la Pol\u00edtica de Privacidad.<\/li>\n<li>En caso de enviar un mensaje an\u00f3nimo recibir\u00e1s un c\u00f3digo de identificaci\u00f3n \u00fanico y una contrase\u00f1a que deber\u00e1s guardar para mantener la comunicaci\u00f3n, a trav\u00e9s de un chat seguro, sobre el estado de tu click.<\/li>\n<li>Cada vez que quieras comprobar si tienes nuevos mensajes en el chat o aportar m\u00e1s informaci\u00f3n, para garantizar la confidencialidad, deber\u00e1s introducir este c\u00f3digo y contrase\u00f1a en la p\u00e1gina de inicio, en el bot\u00f3n \u201cAcceder a un click anterior\u201d.<\/li>\n<\/ol>\n<p>[\/et_pb_text][\/et_pb_column][\/et_pb_row][et_pb_row admin_label=\u00bb1px Line Row\u00bb _builder_version=\u00bb4.27.4&#8243; _module_preset=\u00bbdefault\u00bb width=\u00bb100%\u00bb max_width=\u00bb2500px\u00bb custom_margin=\u00bb0px||0px||true|false\u00bb custom_padding=\u00bb0px||0px||true|false\u00bb collapsed=\u00bbon\u00bb global_colors_info=\u00bb{}\u00bb][et_pb_column type=\u00bb4_4&#8243; _builder_version=\u00bb4.27.4&#8243; _module_preset=\u00bbdefault\u00bb global_colors_info=\u00bb{}\u00bb][et_pb_divider show_divider=\u00bboff\u00bb _builder_version=\u00bb4.27.4&#8243; _module_preset=\u00bbdefault\u00bb width=\u00bb100%\u00bb height=\u00bb0px\u00bb custom_margin=\u00bb0px||0px||true|false\u00bb custom_padding=\u00bb0px||0px||true|false\u00bb border_width_bottom=\u00bb1px\u00bb border_color_bottom=\u00bb#d9d9d9&#8243; global_colors_info=\u00bb{}\u00bb][\/et_pb_divider][\/et_pb_column][\/et_pb_row][et_pb_row column_structure=\u00bb1_3,2_3&#8243; _builder_version=\u00bb4.27.4&#8243; _module_preset=\u00bbc7c24b71-68f1-4ba2-bc79-49dcbcce5ea1&#8243; custom_margin=\u00bb|0px||0px|false|false\u00bb custom_padding=\u00bb20px|0px|0px|0px|false|false\u00bb locked=\u00bboff\u00bb global_colors_info=\u00bb{}\u00bb][et_pb_column type=\u00bb1_3&#8243; _builder_version=\u00bb4.27.0&#8243; _module_preset=\u00bb56e57fde-4561-4cf6-a771-0a733a7201b1&#8243; global_colors_info=\u00bb{}\u00bb][et_pb_heading title=\u00bbMotivaci\u00f3n\u00bb admin_label=\u00bbH2&#8243; _builder_version=\u00bb4.27.4&#8243; _module_preset=\u00bb38029197-464d-4776-9da1-ca4a77503845&#8243; title_text_color=\u00bb#004996&#8243; global_colors_info=\u00bb{}\u00bb][\/et_pb_heading][\/et_pb_column][et_pb_column type=\u00bb2_3&#8243; _builder_version=\u00bb4.27.0&#8243; _module_preset=\u00bb56e57fde-4561-4cf6-a771-0a733a7201b1&#8243; global_colors_info=\u00bb{}\u00bb][et_pb_text _builder_version=\u00bb4.27.4&#8243; _module_preset=\u00bbdefault\u00bb text_font=\u00bb&#8211;et_global_body_font||||||||\u00bb text_text_color=\u00bb#444444&#8243; text_font_size=\u00bb1.1rem\u00bb text_line_height=\u00bb1.5rem\u00bb custom_margin=\u00bb||20px||false|false\u00bb global_colors_info=\u00bb{}\u00bb]<\/p>\n<p>En CIMNE estamos comprometidos con los m\u00e1s altos est\u00e1ndares \u00e9ticos, siguiendo los principios de transparencia y responsabilidad. Como parte de este compromiso, hemos implementado un Canal \u00c9tico que permite a cualquier persona \u2014ya sea interna o externa a la organizaci\u00f3n\u2014 informar de forma nominal o confidencial sobre posibles conductas inapropiadas, infracciones \u00e9ticas o incumplimientos que haya podido observar.<\/p>\n<p>Este canal se ha establecido conforme a la Ley 2\/2023, de 20 de febrero, que regula la protecci\u00f3n de las personas que informan sobre infracciones normativas y medidas contra la corrupci\u00f3n. Los informes pueden referirse, entre otros, a:<\/p>\n<ul>\n<li style=\"list-style-type: none;\">\n<ul>\n<li>Actos de fraude o corrupci\u00f3n<\/li>\n<li>Infracciones relacionadas con la seguridad de la informaci\u00f3n o la privacidad<\/li>\n<li>Pr\u00e1cticas desleales de mercado y conductas anticompetitivas<\/li>\n<li>Otros delitos o infracciones administrativas graves o muy graves<\/li>\n<\/ul>\n<p><\/li>\n<p><\/ul>\n<p>CIMNE ha creado cinco canales complementarios para fomentar el comportamiento \u00e9tico, la inclusi\u00f3n y la transparencia:<\/p>\n<ul>\n<li style=\"list-style-type: none;\">\n<ul>\n<li>Canal de Transparencia \u2013 Para gestionar todas las solicitudes de informaci\u00f3n p\u00fablica<\/li>\n<li>Buz\u00f3n de Sugerencias \u2013 Para enviar ideas o quejas<\/li>\n<li>Canal Antiacoso \u2013 Para denunciar casos de acoso sexual o laboral, discriminaci\u00f3n o conductas que afecten la salud, la seguridad o el medio ambiente<\/li>\n<li>Canal de Integridad en la Investigaci\u00f3n \u2013 Un canal combinado de \u00e9tica y sugerencias para la comunidad investigadora<\/li>\n<li>Canal CIMNE Tecnolog\u00eda \u2013 Canal dedicado a la transparencia, sugerencias, acoso y antifraude<\/li>\n<li>Contacto de Prevenci\u00f3n del Acoso (para congresos) \u2013 Para denunciar conductas inapropiadas durante eventos cient\u00edficos y t\u00e9cnicos<\/li>\n<\/ul>\n<p><\/li>\n<p><\/ul>\n<p>Al poner estas herramientas a disposici\u00f3n de todos, CIMNE promueve que las personas puedan expresar sus inquietudes y contribuir activamente a construir un entorno laboral y de investigaci\u00f3n m\u00e1s seguro y \u00e9tico para todos.<\/p>\n<p>[\/et_pb_text][\/et_pb_column][\/et_pb_row][et_pb_row admin_label=\u00bb1px Line Row\u00bb _builder_version=\u00bb4.27.4&#8243; _module_preset=\u00bbdefault\u00bb width=\u00bb100%\u00bb max_width=\u00bb2500px\u00bb custom_margin=\u00bb0px||0px||true|false\u00bb custom_padding=\u00bb0px||0px||true|false\u00bb collapsed=\u00bbon\u00bb global_colors_info=\u00bb{}\u00bb][et_pb_column type=\u00bb4_4&#8243; _builder_version=\u00bb4.27.4&#8243; _module_preset=\u00bbdefault\u00bb global_colors_info=\u00bb{}\u00bb][et_pb_divider show_divider=\u00bboff\u00bb _builder_version=\u00bb4.27.4&#8243; _module_preset=\u00bbdefault\u00bb width=\u00bb100%\u00bb height=\u00bb0px\u00bb custom_margin=\u00bb0px||0px||true|false\u00bb custom_padding=\u00bb0px||0px||true|false\u00bb border_width_bottom=\u00bb1px\u00bb border_color_bottom=\u00bb#d9d9d9&#8243; global_colors_info=\u00bb{}\u00bb][\/et_pb_divider][\/et_pb_column][\/et_pb_row][et_pb_row column_structure=\u00bb1_3,2_3&#8243; _builder_version=\u00bb4.27.4&#8243; _module_preset=\u00bbc7c24b71-68f1-4ba2-bc79-49dcbcce5ea1&#8243; custom_margin=\u00bb|0px||0px|false|false\u00bb global_colors_info=\u00bb{}\u00bb][et_pb_column type=\u00bb1_3&#8243; _builder_version=\u00bb4.27.0&#8243; _module_preset=\u00bb56e57fde-4561-4cf6-a771-0a733a7201b1&#8243; global_colors_info=\u00bb{}\u00bb][\/et_pb_column][et_pb_column type=\u00bb2_3&#8243; _builder_version=\u00bb4.27.0&#8243; _module_preset=\u00bb56e57fde-4561-4cf6-a771-0a733a7201b1&#8243; global_colors_info=\u00bb{}\u00bb][et_pb_text _builder_version=\u00bb4.27.4&#8243; _module_preset=\u00bbdefault\u00bb text_font=\u00bb&#8211;et_global_body_font||||||||\u00bb text_text_color=\u00bb#444444&#8243; text_font_size=\u00bb1.1rem\u00bb text_line_height=\u00bb1.5rem\u00bb custom_margin=\u00bb||20px||false|false\u00bb global_colors_info=\u00bb{}\u00bb]<\/p>\n<p><strong>Importante<\/strong>: Este \u201cCanal \u00c9tico\u201d no es un servicio de emergencia. No debe utilizarse para informar sobre situaciones que impliquen una amenaza inmediata. Si necesitas ayuda en un caso as\u00ed, contacta con los servicios de emergencia llamando al 112.<\/p>\n<p>[\/et_pb_text][\/et_pb_column][\/et_pb_row][et_pb_row _builder_version=\u00bb4.27.4&#8243; _module_preset=\u00bbdefault\u00bb global_colors_info=\u00bb{}\u00bb][et_pb_column type=\u00bb4_4&#8243; _builder_version=\u00bb4.27.4&#8243; _module_preset=\u00bbdefault\u00bb global_colors_info=\u00bb{}\u00bb][et_pb_code admin_label=\u00bbCode: QRs Style\u00bb _builder_version=\u00bb4.27.4&#8243; _module_preset=\u00bbdefault\u00bb global_colors_info=\u00bb{}\u00bb]<\/p>\n<style><!-- [et_pb_line_break_holder] -->.contenedor {<!-- [et_pb_line_break_holder] -->  display: flex;<!-- [et_pb_line_break_holder] -->  justify-content: center;<!-- [et_pb_line_break_holder] -->  align-items: center;<!-- [et_pb_line_break_holder] -->  \/*height: 100vh; \/* Centra verticalmente en la pantalla *\/<!-- [et_pb_line_break_holder] -->}<!-- [et_pb_line_break_holder] -->.columna {<!-- [et_pb_line_break_holder] -->  width: 50%;<!-- [et_pb_line_break_holder] -->  display: flex;<!-- [et_pb_line_break_holder] -->  justify-content: center;<!-- [et_pb_line_break_holder] -->  align-items: center;<!-- [et_pb_line_break_holder] -->}<!-- [et_pb_line_break_holder] --><\/style>\n<p>[\/et_pb_code][\/et_pb_column][\/et_pb_row][\/et_pb_section]<\/p>\n","protected":false},"excerpt":{"rendered":"<p>En CIMNE promovemos un entorno seguro para todo el mundo. El Canal \u00c9tico ofrece una v\u00eda segura para compartir sugerencias, presentar quejas o informar sobre posibles conductas inapropiadas.El Canal \u00c9tico del CIMNE es un sistema de comunicaci\u00f3n seguro que permite a cualquier persona compartir sugerencias, quejas o posibles infracciones \u00e9ticas o irregularidades vinculadas a las [&hellip;]<\/p>\n","protected":false},"author":2,"featured_media":0,"parent":0,"menu_order":0,"comment_status":"closed","ping_status":"closed","template":"","meta":{"_acf_changed":false,"_et_pb_use_builder":"on","_et_pb_old_content":"","_et_gb_content_width":"","slim_seo":{"title":"Canal \u00e9tico - CIMNE","description":"En CIMNE promovemos un entorno seguro para todo el mundo. El Canal \u00c9tico ofrece una v\u00eda segura para compartir sugerencias, presentar quejas o informar sobre pos"},"footnotes":""},"class_list":["post-226494","page","type-page","status-publish","hentry"],"acf":[],"_links":{"self":[{"href":"https:\/\/cimne.com\/es\/wp-json\/wp\/v2\/pages\/226494","targetHints":{"allow":["GET"]}}],"collection":[{"href":"https:\/\/cimne.com\/es\/wp-json\/wp\/v2\/pages"}],"about":[{"href":"https:\/\/cimne.com\/es\/wp-json\/wp\/v2\/types\/page"}],"author":[{"embeddable":true,"href":"https:\/\/cimne.com\/es\/wp-json\/wp\/v2\/users\/2"}],"replies":[{"embeddable":true,"href":"https:\/\/cimne.com\/es\/wp-json\/wp\/v2\/comments?post=226494"}],"version-history":[{"count":0,"href":"https:\/\/cimne.com\/es\/wp-json\/wp\/v2\/pages\/226494\/revisions"}],"wp:attachment":[{"href":"https:\/\/cimne.com\/es\/wp-json\/wp\/v2\/media?parent=226494"}],"curies":[{"name":"wp","href":"https:\/\/api.w.org\/{rel}","templated":true}]}}