{"id":246318,"date":"2025-04-29T12:31:30","date_gmt":"2025-04-29T10:31:30","guid":{"rendered":"https:\/\/cimne.com\/declaracio-daccessibilitat\/"},"modified":"2026-03-19T08:36:56","modified_gmt":"2026-03-19T07:36:56","slug":"declaracio-daccessibilitat","status":"publish","type":"page","link":"https:\/\/cimne.com\/ca\/declaracio-daccessibilitat\/","title":{"rendered":"Declaraci\u00f3 d&#8217;accessibilitat"},"content":{"rendered":"<p>[et_pb_section fb_built=&#8221;1&#8243; disabled_on=&#8221;off|off|off&#8221; _builder_version=&#8221;4.27.4&#8243; _module_preset=&#8221;81964cef-6002-4a6d-8fe6-ec7662796c0d&#8221; global_colors_info=&#8221;{}&#8221;][et_pb_row _builder_version=&#8221;4.27.4&#8243; _module_preset=&#8221;c7c24b71-68f1-4ba2-bc79-49dcbcce5ea1&#8243; global_colors_info=&#8221;{}&#8221;][et_pb_column type=&#8221;4_4&#8243; _builder_version=&#8221;4.27.4&#8243; _module_preset=&#8221;56e57fde-4561-4cf6-a771-0a733a7201b1&#8243; global_colors_info=&#8221;{}&#8221;][et_pb_heading title=&#8221;@ET-DC@eyJkeW5hbWljIjp0cnVlLCJjb250ZW50IjoicG9zdF90aXRsZSIsInNldHRpbmdzIjp7ImJlZm9yZSI6IiIsImFmdGVyIjoiIn19@&#8221; admin_label=&#8221;Declaraci\u00f3n de accesibilidad&#8221; _builder_version=&#8221;4.27.4&#8243; _dynamic_attributes=&#8221;title&#8221; _module_preset=&#8221;default&#8221; title_font=&#8221;|700|||||||&#8221; title_text_align=&#8221;left&#8221; title_font_size=&#8221;4rem&#8221; title_line_height=&#8221;4rem&#8221; custom_margin=&#8221;||32px||false|false&#8221; title_font_size_tablet=&#8221;3rem&#8221; title_font_size_phone=&#8221;3rem&#8221; title_font_size_last_edited=&#8221;on|desktop&#8221; title_line_height_tablet=&#8221;3rem&#8221; title_line_height_phone=&#8221;3rem&#8221; title_line_height_last_edited=&#8221;on|tablet&#8221; global_colors_info=&#8221;{}&#8221;][\/et_pb_heading][et_pb_text _builder_version=&#8221;4.27.4&#8243; _module_preset=&#8221;default&#8221; custom_margin=&#8221;||32px||false|false&#8221; global_colors_info=&#8221;{}&#8221;]<\/p>\n<p><span style=\"font-weight: 400;\"><span dir=\"auto\" style=\"vertical-align: inherit;\">El Centre Internacional de M\u00e8todes Num\u00e8rics en Enginyeria s&#8217;ha comprom\u00e8s a fer que el seu lloc web sigui accessible d&#8217;acord amb el <\/span><\/span><a href=\"https:\/\/www.boe.es\/diario_boe\/txt.php?id=BOE-A-2018-12699\"><span style=\"font-weight: 400;\"><span dir=\"auto\" style=\"vertical-align: inherit;\">Reial Decret 1112\/2018, de 7 de setembre, sobre l&#8217;accessibilitat dels llocs web i les aplicacions m\u00f2bils del sector p\u00fablic.<\/span><\/span><\/a><\/p>\n<p><\/p>\n<p>&nbsp;<\/p>\n<p><\/p>\n<p><span style=\"font-weight: 400;\"><span dir=\"auto\" style=\"vertical-align: inherit;\">Aquesta declaraci\u00f3 d&#8217;accessibilitat s&#8217;aplica al lloc web\u00a0 <\/span><\/span><a href=\"http:\/\/www.cimne.com\/\"><span style=\"font-weight: 400;\"><span dir=\"auto\" style=\"vertical-align: inherit;\">http:\/\/www.cimne.com<\/span><\/span><\/a><\/p>\n<p>[\/et_pb_text][et_pb_heading title=&#8221;Estat de compliment&#8221; admin_label=&#8221;Situaci\u00f3n de cumplimiento&#8221; _builder_version=&#8221;4.27.4&#8243; _module_preset=&#8221;default&#8221; title_level=&#8221;h2&#8243; title_text_align=&#8221;left&#8221; title_font_size=&#8221;3rem&#8221; title_line_height=&#8221;2.5rem&#8221; custom_margin=&#8221;||32px||false|false&#8221; title_font_size_tablet=&#8221;2.5rem&#8221; title_font_size_phone=&#8221;2.5rem&#8221; title_font_size_last_edited=&#8221;on|tablet&#8221; global_colors_info=&#8221;{}&#8221;][\/et_pb_heading][et_pb_text _builder_version=&#8221;4.27.4&#8243; _module_preset=&#8221;default&#8221; custom_margin=&#8221;||32px||false|false&#8221; global_colors_info=&#8221;{}&#8221;]<\/p>\n<p><span style=\"font-weight: 400;\"><span dir=\"auto\" style=\"vertical-align: inherit;\">Aquest lloc web compleix parcialment amb el RD 1112\/2018 a causa de les excepcions i l&#8217;incompliment dels aspectes que s&#8217;indiquen a continuaci\u00f3.<\/span><\/span><\/p>\n<p>[\/et_pb_text][et_pb_heading title=&#8221;Contingut no accessible&#8221; admin_label=&#8221;Contenido no accesible&#8221; _builder_version=&#8221;4.27.4&#8243; _module_preset=&#8221;default&#8221; title_level=&#8221;h2&#8243; title_text_align=&#8221;left&#8221; title_font_size=&#8221;3rem&#8221; title_line_height=&#8221;2.5rem&#8221; custom_margin=&#8221;20px||32px||false|false&#8221; custom_padding=&#8221;||||false|false&#8221; title_font_size_tablet=&#8221;2.5rem&#8221; title_font_size_phone=&#8221;2.5rem&#8221; title_font_size_last_edited=&#8221;on|tablet&#8221; global_colors_info=&#8221;{}&#8221;][\/et_pb_heading][et_pb_text _builder_version=&#8221;4.27.4&#8243; _module_preset=&#8221;default&#8221; custom_margin=&#8221;||32px||false|false&#8221; global_colors_info=&#8221;{}&#8221;]<\/p>\n<p><span style=\"font-weight: 400;\"><span dir=\"auto\" style=\"vertical-align: inherit;\">El contingut seg\u00fcent no \u00e9s accessible pels motius seg\u00fcents:<\/span><\/span><\/p>\n<p><\/p>\n<ol>\n<li><span style=\"font-weight: 400;\"><span dir=\"auto\" style=\"vertical-align: inherit;\">Incompliment del RD 1112\/2018 de 7 de setembre<\/span><\/span><\/li>\n<\/ol>\n<p><\/p>\n<ul>\n<li style=\"list-style-type: none;\">\n<ul>\n<li style=\"font-weight: 400;\" aria-level=\"2\"><span style=\"font-weight: 400;\"><span dir=\"auto\" style=\"vertical-align: inherit;\">Algunes p\u00e0gines poden tenir els seg\u00fcents criteris no complerts relacionats amb la norma EN 301 549 &#8220;Requisits d&#8217;accessibilitat per a productes i serveis TIC&#8221;, que \u00e9s, al seu torn, una adaptaci\u00f3 de les Directrius d&#8217;accessibilitat al contingut web (WCAG 2.1) (criteris especificats entre par\u00e8ntesis):<\/span><\/span><\/li>\n<li style=\"font-weight: 400;\" aria-level=\"2\"><span style=\"font-weight: 400;\"><span dir=\"auto\" style=\"vertical-align: inherit;\">Hi ha errors ocasionals en el marcatge de les imatges [requisit n\u00famero 9.1.1.1 Contingut no textual de la norma EN 301549 v2.1.2 \u2013 2018].<\/span><\/span><\/li>\n<li style=\"font-weight: 400;\" aria-level=\"2\"><span style=\"font-weight: 400;\"><span dir=\"auto\" style=\"vertical-align: inherit;\">Pot haver-hi errors d&#8217;edici\u00f3 puntuals en algunes p\u00e0gines web, tant en el contingut HTML com en els documents finals publicats despr\u00e9s de la data d&#8217;entrada en vigor del Reial Decret 1112\/2018, de 7 de setembre. En concret, pot haver-hi errors en documents que continguin gr\u00e0fics o taules complexes.<\/span><\/span><\/li>\n<li style=\"font-weight: 400;\" aria-level=\"2\"><span style=\"font-weight: 400;\"><span dir=\"auto\" style=\"vertical-align: inherit;\">Hi ha errors espec\u00edfics en l&#8217;\u00fas d&#8217;algunes etiquetes de marcatge sem\u00e0ntic, com ara l&#8217;imbricaci\u00f3 incorrecta d&#8217;elements, el marcatge de par\u00e0grafs, la manca d&#8217;estructura jer\u00e0rquica sense interrupcions en els encap\u00e7alaments, l&#8217;abs\u00e8ncia de descripci\u00f3 i estructuraci\u00f3 en les taules [requisit n\u00famero 9.1.3.1 Informaci\u00f3 i relacions de la norma EN 301549 v2.1.2 \u2013 2018].<\/span><\/span><\/li>\n<li style=\"font-weight: 400;\" aria-level=\"2\"><span style=\"font-weight: 400;\"><span dir=\"auto\" style=\"vertical-align: inherit;\">Problemes amb esdeveniments dependents de Javascript i certs elements de navegaci\u00f3 no accessibles mitjan\u00e7ant teclat o lector de pantalla [requisit n\u00famero 9.2.1.1 Teclat de la norma EN 301549 v2.1.2 \u2013 2018].<\/span><\/span><\/li>\n<li style=\"font-weight: 400;\" aria-level=\"2\"><span style=\"font-weight: 400;\"><span dir=\"auto\" style=\"vertical-align: inherit;\">Hi ha camps de formulari que sol\u00b7liciten informaci\u00f3 sobre l&#8217;usuari i no s&#8217;identifica la finalitat de l&#8217;entrada [requisit n\u00famero 9.1.3.5 Identificaci\u00f3 de la finalitat de l&#8217;entrada de la norma UNE-EN 301549:2019].<\/span><\/span><\/li>\n<li style=\"font-weight: 400;\" aria-level=\"2\"><span style=\"font-weight: 400;\"><span dir=\"auto\" style=\"vertical-align: inherit;\">Hi ha camps de formulari o botons on el text visible que actua com a etiqueta no forma part del seu nom accessible [requisit n\u00famero 9.2.5.3 Inclusi\u00f3 de l&#8217;etiqueta en el nom de la norma UNE-EN 301549:2019].<\/span><\/span><\/li>\n<li style=\"font-weight: 400;\" aria-level=\"2\"><span style=\"font-weight: 400;\"><span dir=\"auto\" style=\"vertical-align: inherit;\">Hi ha missatges d&#8217;estat no identificats pel programari, de manera que no es poden transmetre als usuaris sense necessitat de rebre el focus [requisit n\u00famero 9.4.1.3 Missatges d&#8217;estat de la norma UNE-EN 301549:2019]<\/span><\/span><\/li>\n<li style=\"font-weight: 400;\" aria-level=\"2\"><span style=\"font-weight: 400;\"><span dir=\"auto\" style=\"vertical-align: inherit;\">Pot haver-hi errors d&#8217;edici\u00f3 ocasionals en algunes p\u00e0gines web.<\/span><\/span><\/li>\n<li style=\"font-weight: 400;\" aria-level=\"2\"><span style=\"font-weight: 400;\"><span dir=\"auto\" style=\"vertical-align: inherit;\">A les p\u00e0gines en angl\u00e8s, pot haver-hi algun text en castell\u00e0 el canvi d&#8217;idioma del qual no estigui correctament etiquetat, ja que aquesta situaci\u00f3 \u00e9s temporal fins que finalment es tradueixi autom\u00e0ticament o manualment.<\/span><\/span><\/li>\n<li style=\"font-weight: 400;\" aria-level=\"2\"><span style=\"font-weight: 400;\"><span dir=\"auto\" style=\"vertical-align: inherit;\">Tots els requisits de Prioritat 1 i Prioritat 2 es revisen peri\u00f2dicament amb una an\u00e0lisi d&#8217;accessibilitat mitjan\u00e7ant diverses eines semiautomatitzades, agents d&#8217;usuari i ajudes.<\/span><\/span><\/li>\n<\/ul>\n<p><\/li>\n<p><\/ul>\n<p><\/p>\n<p><span style=\"font-weight: 400;\">\u00a0<\/span><\/p>\n<p><\/p>\n<ol start=\"2\">\n<li><span style=\"font-weight: 400;\"><span dir=\"auto\" style=\"vertical-align: inherit;\">C\u00e0rrega desproporcionada<\/span><\/span><\/li>\n<\/ol>\n<p><\/p>\n<ul>\n<li style=\"list-style-type: none;\">\n<ul>\n<li style=\"font-weight: 400;\" aria-level=\"2\"><span style=\"font-weight: 400;\"><span dir=\"auto\" style=\"vertical-align: inherit;\">No aplicable.<\/span><\/span><\/li>\n<\/ul>\n<p><\/li>\n<p><\/ul>\n<p><\/p>\n<p><span style=\"font-weight: 400;\">\u00a0<\/span><\/p>\n<p><\/p>\n<ol start=\"3\">\n<li><span style=\"font-weight: 400;\"><span dir=\"auto\" style=\"vertical-align: inherit;\">El contingut no entra dins l&#8217;\u00e0mbit de la legislaci\u00f3 aplicable<\/span><\/span><\/li>\n<\/ol>\n<p><\/p>\n<ul>\n<li style=\"list-style-type: none;\">\n<ul>\n<li style=\"font-weight: 400;\" aria-level=\"2\"><span style=\"font-weight: 400;\"><span dir=\"auto\" style=\"vertical-align: inherit;\">Pot haver-hi fitxers d&#8217;Office en PDF o altres formats publicats abans del 20 de setembre de 2018 que no compleixin completament tots els requisits d&#8217;accessibilitat. Tanmateix, s&#8217;han fet esfor\u00e7os per garantir que la majoria s\u00ed que ho facin.<\/span><\/span><\/li>\n<li style=\"font-weight: 400;\" aria-level=\"2\"><span style=\"font-weight: 400;\"><span dir=\"auto\" style=\"vertical-align: inherit;\">Contingut multim\u00e8dia pregravat amb car\u00e0cter temporal o publicat abans de l&#8217;entrada en vigor del Reial Decret.<\/span><\/span><\/li>\n<\/ul>\n<p><\/li>\n<p><\/ul>\n<p>[\/et_pb_text][et_pb_heading title=&#8221;Preparaci\u00f3 d&#039;aquesta declaraci\u00f3 d&#039;accessibilitat&#8221; admin_label=&#8221;Preparaci\u00f3n de la presente declaraci\u00f3n de accesibilidad&#8221; _builder_version=&#8221;4.27.4&#8243; _module_preset=&#8221;default&#8221; title_level=&#8221;h2&#8243; title_text_align=&#8221;left&#8221; title_font_size=&#8221;3rem&#8221; title_line_height=&#8221;2.5rem&#8221; custom_margin=&#8221;20px||32px||false|false&#8221; custom_padding=&#8221;||||false|false&#8221; title_font_size_tablet=&#8221;2.5rem&#8221; title_font_size_phone=&#8221;2.5rem&#8221; title_font_size_last_edited=&#8221;on|tablet&#8221; global_colors_info=&#8221;{}&#8221;][\/et_pb_heading][et_pb_text _builder_version=&#8221;4.27.4&#8243; _module_preset=&#8221;default&#8221; custom_margin=&#8221;||32px||false|false&#8221; global_colors_info=&#8221;{}&#8221;]<\/p>\n<p><span style=\"font-weight: 400;\"><span dir=\"auto\" style=\"vertical-align: inherit;\">Aquesta declaraci\u00f3 es va preparar el 16 de setembre de 2020.<\/span><\/span><\/p>\n<p><\/p>\n<p><span style=\"font-weight: 400;\"><span dir=\"auto\" style=\"vertical-align: inherit;\">El m\u00e8tode utilitzat per preparar la declaraci\u00f3 va ser una autoavaluaci\u00f3 realitzada per la mateixa ag\u00e8ncia amb l&#8217;ajuda del validador SiteImprove.com.<\/span><\/span><\/p>\n<p><\/p>\n<p><span style=\"font-weight: 400;\"><span dir=\"auto\" style=\"vertical-align: inherit;\">Darrera declaraci\u00f3 revisada: 16 de setembre de 2023.<\/span><\/span><\/p>\n<p>[\/et_pb_text][et_pb_heading title=&#8221;Comentaris i informaci\u00f3 de contacte&#8221; admin_label=&#8221;Observaciones y datos de contacto&#8221; _builder_version=&#8221;4.27.4&#8243; _module_preset=&#8221;default&#8221; title_level=&#8221;h2&#8243; title_text_align=&#8221;left&#8221; title_font_size=&#8221;3rem&#8221; title_line_height=&#8221;2.5rem&#8221; custom_margin=&#8221;20px||32px||false|false&#8221; custom_padding=&#8221;||||false|false&#8221; title_font_size_tablet=&#8221;2.5rem&#8221; title_font_size_phone=&#8221;2.5rem&#8221; title_font_size_last_edited=&#8221;on|tablet&#8221; global_colors_info=&#8221;{}&#8221;][\/et_pb_heading][et_pb_text _builder_version=&#8221;4.27.4&#8243; _module_preset=&#8221;default&#8221; custom_margin=&#8221;||32px||false|false&#8221; global_colors_info=&#8221;{}&#8221;]<\/p>\n<p><span style=\"font-weight: 400;\"><span dir=\"auto\" style=\"vertical-align: inherit;\">Podeu fer comunicacions sobre els requisits d&#8217;accessibilitat (article 10.2.a) del RD 1112\/2018) com ara:<\/span><\/span><\/p>\n<p><\/p>\n<ul>\n<li style=\"list-style-type: none;\">\n<ul>\n<li style=\"font-weight: 400;\" aria-level=\"3\"><span style=\"font-weight: 400;\"><span dir=\"auto\" style=\"vertical-align: inherit;\">informar de qualsevol possible incompliment per part d&#8217;aquest lloc web<\/span><\/span><\/li>\n<li style=\"font-weight: 400;\" aria-level=\"3\"><span style=\"font-weight: 400;\"><span dir=\"auto\" style=\"vertical-align: inherit;\">transmetre altres dificultats per accedir al contingut<\/span><\/span><\/li>\n<li style=\"font-weight: 400;\" aria-level=\"3\"><span style=\"font-weight: 400;\"><span dir=\"auto\" style=\"vertical-align: inherit;\">fer qualsevol altra consulta o suggeriment de millora relacionada amb l&#8217;accessibilitat del lloc web<\/span><\/span><\/li>\n<\/ul>\n<p><\/li>\n<p><\/ul>\n<p><\/p>\n<p><span style=\"font-weight: 400;\"><span dir=\"auto\" style=\"vertical-align: inherit;\">Per correu electr\u00f2nic a accessibilitat@cimne.upc.edu<\/span><\/span><\/p>\n<p><\/p>\n<p><span style=\"font-weight: 400;\"><span dir=\"auto\" style=\"vertical-align: inherit;\">Les comunicacions seran rebudes i processades pel Departament de Comunicaci\u00f3 del CIMNE.<\/span><\/span><\/p>\n<p>[\/et_pb_text][et_pb_heading title=&#8221;Procediment de sol\u00b7licitud&#8221; admin_label=&#8221;Procedimiento de aplicaci\u00f3n&#8221; _builder_version=&#8221;4.27.4&#8243; _module_preset=&#8221;default&#8221; title_level=&#8221;h2&#8243; title_text_align=&#8221;left&#8221; title_font_size=&#8221;3rem&#8221; title_line_height=&#8221;2.5rem&#8221; custom_margin=&#8221;20px||32px||false|false&#8221; custom_padding=&#8221;||||false|false&#8221; title_font_size_tablet=&#8221;2.5rem&#8221; title_font_size_phone=&#8221;2.5rem&#8221; title_font_size_last_edited=&#8221;on|tablet&#8221; global_colors_info=&#8221;{}&#8221;][\/et_pb_heading][et_pb_text _builder_version=&#8221;4.27.4&#8243; _module_preset=&#8221;default&#8221; custom_margin=&#8221;||32px||false|false&#8221; global_colors_info=&#8221;{}&#8221;]<\/p>\n<p><span style=\"font-weight: 400;\"><span dir=\"auto\" style=\"vertical-align: inherit;\">El procediment de reclamacions que estableix l&#8217;article 13 del Reial Decret 1112\/2018 entrar\u00e0 en vigor el 20 de setembre de 2020.<\/span><\/span><\/p>\n<p>[\/et_pb_text][\/et_pb_column][\/et_pb_row][\/et_pb_section]<\/p>\n","protected":false},"excerpt":{"rendered":"<p>El Centre Internacional de M\u00e8todes Num\u00e8rics en Enginyeria s&#8217;ha comprom\u00e8s a fer que el seu lloc web sigui accessible d&#8217;acord amb el Reial Decret 1112\/2018, de 7 de setembre, sobre l&#8217;accessibilitat dels llocs web i les aplicacions m\u00f2bils del sector p\u00fablic.&nbsp;Aquesta declaraci\u00f3 d&#8217;accessibilitat s&#8217;aplica al lloc web\u00a0 http:\/\/www.cimne.comAquest lloc web compleix parcialment amb el RD [&hellip;]<\/p>\n","protected":false},"author":2,"featured_media":0,"parent":0,"menu_order":0,"comment_status":"closed","ping_status":"closed","template":"","meta":{"_acf_changed":false,"_et_pb_use_builder":"on","_et_pb_old_content":"","_et_gb_content_width":"","slim_seo":{"title":"Declaraci\u00f3 d'accessibilitat - CIMNE","description":"El Centre Internacional de M\u00e8todes Num\u00e8rics en Enginyeria s'ha comprom\u00e8s a fer que el seu lloc web sigui accessible d'acord amb el Reial Decret 1112\/2018, de 7"},"footnotes":""},"class_list":["post-246318","page","type-page","status-publish","hentry"],"acf":[],"_links":{"self":[{"href":"https:\/\/cimne.com\/ca\/wp-json\/wp\/v2\/pages\/246318","targetHints":{"allow":["GET"]}}],"collection":[{"href":"https:\/\/cimne.com\/ca\/wp-json\/wp\/v2\/pages"}],"about":[{"href":"https:\/\/cimne.com\/ca\/wp-json\/wp\/v2\/types\/page"}],"author":[{"embeddable":true,"href":"https:\/\/cimne.com\/ca\/wp-json\/wp\/v2\/users\/2"}],"replies":[{"embeddable":true,"href":"https:\/\/cimne.com\/ca\/wp-json\/wp\/v2\/comments?post=246318"}],"version-history":[{"count":0,"href":"https:\/\/cimne.com\/ca\/wp-json\/wp\/v2\/pages\/246318\/revisions"}],"wp:attachment":[{"href":"https:\/\/cimne.com\/ca\/wp-json\/wp\/v2\/media?parent=246318"}],"curies":[{"name":"wp","href":"https:\/\/api.w.org\/{rel}","templated":true}]}}