{"id":245898,"date":"2025-08-05T11:15:20","date_gmt":"2025-08-05T09:15:20","guid":{"rendered":"https:\/\/cimne.com\/jobs-fellowships\/financament-competitiu\/oportunitats-academiques-senior\/"},"modified":"2026-02-25T15:57:56","modified_gmt":"2026-02-25T14:57:56","slug":"oportunitats-academiques-senior","status":"publish","type":"page","link":"https:\/\/cimne.com\/ca\/feina-beques\/financament-competitiu\/oportunitats-academiques-senior\/","title":{"rendered":"Oportunitats acad\u00e8miques s\u00e8nior"},"content":{"rendered":"<p>[et_pb_section fb_built=&#8221;1&#8243; disabled_on=&#8221;off|off|off&#8221; admin_label=&#8221;Header&#8221; _builder_version=&#8221;4.27.5&#8243; _module_preset=&#8221;5117f25a-2f80-4d72-abc6-8bb8195e3c31&#8243; custom_padding=&#8221;144px||0px||false|false&#8221; border_width_bottom=&#8221;1px&#8221; border_color_bottom=&#8221;#d9d9d9&#8243; border_width_bottom_last_edited=&#8221;off|desktop&#8221; locked=&#8221;off&#8221; collapsed=&#8221;off&#8221; global_colors_info=&#8221;{}&#8221;][et_pb_row column_structure=&#8221;2_3,1_3&#8243; _builder_version=&#8221;4.27.5&#8243; _module_preset=&#8221;c0a9f887-e341-4d5a-9f1b-1241f8959980&#8243; hover_enabled=&#8221;0&#8243; global_colors_info=&#8221;{}&#8221; custom_css_main_element_last_edited=&#8221;on|desktop&#8221; custom_css_main_element_tablet=&#8221;display: flex;||flex-direction: column-reverse;&#8221; custom_css_main_element_phone=&#8221;display: flex;||flex-direction: column-reverse;&#8221; sticky_enabled=&#8221;0&#8243;][et_pb_column type=&#8221;2_3&#8243; _builder_version=&#8221;4.27.5&#8243; _module_preset=&#8221;56e57fde-4561-4cf6-a771-0a733a7201b1&#8243; custom_padding=&#8221;50px|3%|50px|3%|true|false&#8221; custom_padding_tablet=&#8221;50px||50px||true|false&#8221; custom_padding_phone=&#8221;50px|6%|50px|6%|true|true&#8221; custom_padding_last_edited=&#8221;on|desktop&#8221; hover_enabled=&#8221;0&#8243; border_width_right=&#8221;1px&#8221; border_color_right=&#8221;#d9d9d9&#8243; border_width_right_tablet=&#8221;0px&#8221; border_width_right_phone=&#8221;0px&#8221; border_width_right_last_edited=&#8221;on|desktop&#8221; global_colors_info=&#8221;{}&#8221; custom_css_main_element=&#8221;display: flex;||flex-direction: column;||justify-content: flex-end;&#8221; sticky_enabled=&#8221;0&#8243;][et_pb_divider color=&#8221;#004996&#8243; divider_position=&#8221;center&#8221; _builder_version=&#8221;4.27.0&#8243; _module_preset=&#8221;default&#8221; width=&#8221;85px&#8221; module_alignment=&#8221;left&#8221; custom_margin=&#8221;||0px||false|false&#8221; locked=&#8221;off&#8221; global_colors_info=&#8221;{}&#8221;][\/et_pb_divider][et_pb_text admin_label=&#8221;Subtitle&#8221; _builder_version=&#8221;4.27.5&#8243; _module_preset=&#8221;0962eb46-eaf5-4130-b8a8-ca44ca5695f6&#8243; global_colors_info=&#8221;{}&#8221;]<\/p>\nFinan\u00e7ament competitiu\n<p>[\/et_pb_text][et_pb_heading title=&#8221;@ET-DC@eyJkeW5hbWljIjp0cnVlLCJjb250ZW50IjoicG9zdF90aXRsZSIsInNldHRpbmdzIjp7ImJlZm9yZSI6IiIsImFmdGVyIjoiIn19@&#8221; admin_label=&#8221;H1&#8243; _builder_version=&#8221;4.27.5&#8243; _dynamic_attributes=&#8221;title&#8221; _module_preset=&#8221;20f4cb02-b989-482e-b994-8f37b33e99a9&#8243; title_line_height_tablet=&#8221;&#8221; title_line_height_phone=&#8221;&#8221; title_line_height_last_edited=&#8221;on|phone&#8221; global_colors_info=&#8221;{}&#8221;][\/et_pb_heading][et_pb_text _builder_version=&#8221;4.27.4&#8243; _module_preset=&#8221;default&#8221; text_text_color=&#8221;#02a0a5&#8243; text_font_size=&#8221;1.5rem&#8221; text_font_size_tablet=&#8221;1.5rem&#8221; text_font_size_last_edited=&#8221;off|desktop&#8221; global_colors_info=&#8221;{}&#8221;]<\/p>\n<p>Si ets un acad\u00e8mic consolidat i t&#8217;interessa incorporar-te a un centre de prestigi mundial especialitzat en m\u00e8todes num\u00e8rics i enginyeria computacional, el CIMNE t&#8217;ofereix un entorn de recerca atractiu.<\/p>\n<p>[\/et_pb_text][\/et_pb_column][et_pb_column type=&#8221;1_3&#8243; _builder_version=&#8221;4.27.5&#8243; _module_preset=&#8221;61350d84-566e-4f88-87e6-6bd5d2c6a9aa&#8221; custom_padding=&#8221;50px|3%|50px|3%|true|false&#8221; custom_padding_tablet=&#8221;50px|6%|0px|6%|false|true&#8221; custom_padding_phone=&#8221;50px|6%||6%|false|true&#8221; custom_padding_last_edited=&#8221;on|phone&#8221; hover_enabled=&#8221;0&#8243; global_colors_info=&#8221;{}&#8221; custom_css_main_element=&#8221;display: flex;||flex-direction: column;||justify-content: flex-end;&#8221; sticky_enabled=&#8221;0&#8243;][et_pb_image src=&#8221;https:\/\/cimne.com\/wp-content\/uploads\/2025\/08\/cimne-jobs-competitive-senior.jpg&#8221; alt=&#8221;Treballs competitius per a s\u00e8niors a Cimne&#8221; title_text=&#8221;cimne-jobs-competitive-senior&#8221; align=&#8221;center&#8221; force_fullwidth=&#8221;on&#8221; _builder_version=&#8221;4.27.5&#8243; _module_preset=&#8221;8e0b4b74-aeac-4741-955b-73ab202a4638&#8243; custom_margin=&#8221;||0px||false|false&#8221; global_colors_info=&#8221;{}&#8221;][\/et_pb_image][\/et_pb_column][\/et_pb_row][\/et_pb_section][et_pb_section fb_built=&#8221;1&#8243; admin_label=&#8221;Intro&#8221; _builder_version=&#8221;4.27.5&#8243; _module_preset=&#8221;fed47f3e-3ebe-4259-a156-523c8e0b8966&#8243; border_color_top=&#8221;#d9d9d9&#8243; border_width_bottom=&#8221;1px&#8221; border_color_bottom=&#8221;#d9d9d9&#8243; border_width_top_tablet=&#8221;1px&#8221; border_width_top_phone=&#8221;1px&#8221; border_width_top_last_edited=&#8221;off|tablet&#8221; border_width_bottom_tablet=&#8221;1px&#8221; border_width_bottom_phone=&#8221;1px&#8221; border_width_bottom_last_edited=&#8221;on|desktop&#8221; locked=&#8221;off&#8221; collapsed=&#8221;off&#8221; global_colors_info=&#8221;{}&#8221;][et_pb_row column_structure=&#8221;2_5,3_5&#8243; admin_label=&#8221;Content&#8221; _builder_version=&#8221;4.27.4&#8243; _module_preset=&#8221;c7c24b71-68f1-4ba2-bc79-49dcbcce5ea1&#8243; custom_margin=&#8221;|0px||0px|false|false&#8221; custom_padding=&#8221;50px|0px|50px|0px|true|false&#8221; locked=&#8221;off&#8221; global_colors_info=&#8221;{}&#8221;][et_pb_column type=&#8221;2_5&#8243; _builder_version=&#8221;4.27.4&#8243; _module_preset=&#8221;56e57fde-4561-4cf6-a771-0a733a7201b1&#8243; custom_padding=&#8221;0px|3%||3%|false|false&#8221; custom_padding_tablet=&#8221;0px|6%||6%|false|true&#8221; global_colors_info=&#8221;{}&#8221;][\/et_pb_column][et_pb_column type=&#8221;3_5&#8243; _builder_version=&#8221;4.27.4&#8243; _module_preset=&#8221;56e57fde-4561-4cf6-a771-0a733a7201b1&#8243; custom_padding=&#8221;0px|3%||3%|false|false&#8221; custom_padding_tablet=&#8221;0px|6%||6%|false|true&#8221; global_colors_info=&#8221;{}&#8221;][et_pb_text _builder_version=&#8221;4.27.4&#8243; _module_preset=&#8221;default&#8221; text_font_size=&#8221;18px&#8221; global_colors_info=&#8221;{}&#8221;]<\/p>\n<p>Acceptem propostes de totes les disciplines relacionades amb la nostra <a href=\"https:\/\/cimne.com\/ca\/recerca\/\">recerca<\/a>. Si esteu interessats a sol\u00b7licitar alguna de les oportunitats de finan\u00e7ament competitiu que s&#8217;enumeren a continuaci\u00f3, poseu-vos en contacte amb nosaltres per programar una trucada amb el nostre lideratge cient\u00edfic. La nostra Oficina de Projectes pot oferir assist\u00e8ncia en el proc\u00e9s de sol\u00b7licitud.<\/p>\n<p>[\/et_pb_text][\/et_pb_column][\/et_pb_row][\/et_pb_section][et_pb_section fb_built=&#8221;1&#8243; admin_label=&#8221;Content&#8221; _builder_version=&#8221;4.27.4&#8243; _module_preset=&#8221;fed47f3e-3ebe-4259-a156-523c8e0b8966&#8243; border_radii_tablet=&#8221;&#8221; border_radii_phone=&#8221;&#8221; border_radii_last_edited=&#8221;on|phone&#8221; locked=&#8221;off&#8221; collapsed=&#8221;off&#8221; global_colors_info=&#8221;{}&#8221;][et_pb_row column_structure=&#8221;1_3,2_3&#8243; _builder_version=&#8221;4.27.4&#8243; _module_preset=&#8221;c7c24b71-68f1-4ba2-bc79-49dcbcce5ea1&#8243; custom_margin=&#8221;|0px||0px|false|false&#8221; custom_padding=&#8221;20px|0px|0px|0px|false|false&#8221; global_colors_info=&#8221;{}&#8221;][et_pb_column type=&#8221;1_3&#8243; _builder_version=&#8221;4.27.0&#8243; _module_preset=&#8221;56e57fde-4561-4cf6-a771-0a733a7201b1&#8243; global_colors_info=&#8221;{}&#8221;][et_pb_heading title=&#8221;ICREA S\u00e8nior&#8221; admin_label=&#8221;H2&#8243; _builder_version=&#8221;4.27.4&#8243; _module_preset=&#8221;default&#8221; title_level=&#8221;h2&#8243; title_text_color=&#8221;#02a0a5&#8243; title_font_size=&#8221;2rem&#8221; title_line_height=&#8221;2.25rem&#8221; title_font_size_last_edited=&#8221;off|desktop&#8221; global_colors_info=&#8221;{}&#8221;][\/et_pb_heading][\/et_pb_column][et_pb_column type=&#8221;2_3&#8243; _builder_version=&#8221;4.27.0&#8243; _module_preset=&#8221;56e57fde-4561-4cf6-a771-0a733a7201b1&#8243; global_colors_info=&#8221;{}&#8221;][et_pb_text _builder_version=&#8221;4.27.4&#8243; _module_preset=&#8221;default&#8221; text_font=&#8221;&#8211;et_global_body_font||||||||&#8221; text_text_color=&#8221;#444444&#8243; text_font_size=&#8221;1.1rem&#8221; text_line_height=&#8221;1.5rem&#8221; custom_margin=&#8221;||20px||false|false&#8221; global_colors_info=&#8221;{}&#8221;]<\/p>\n<ul>\n<li style=\"list-style-type: none;\">\n<ul>\n<li><strong>Nom complet<\/strong>: Convocat\u00f2ria ICREA S\u00e8nior<\/li>\n<li><strong>Descripci\u00f3<\/strong>: \u00a0ICREA, la Instituci\u00f3 Catalana de Recerca i Estudis Avan\u00e7ats, \u00e9s una fundaci\u00f3 impulsada per la Generalitat de Catalunya i dirigida per un Patronat. ICREA va ser creada com a resposta a la necessitat de buscar noves f\u00f3rmules de contractaci\u00f3 que permetessin competir amb altres sistemes de recerca en condicions similars, centrant-se en la contractaci\u00f3 nom\u00e9s dels cient\u00edfics i acad\u00e8mics m\u00e9s talentosos i extraordinaris. ICREA ofereix places permanents en el sistema de recerca catal\u00e0. Els investigadors seleccionats es converteixen en professors de recerca ICREA. A intervals regulars al llarg de la seva carrera, els investigadors ICREA passen per un proc\u00e9s d&#8217;avaluaci\u00f3 (promoci\u00f3). Les places ICREA no s\u00f3n compatibles amb places permanents fora del sistema de recerca catal\u00e0 (tampoc a temps parcial).<\/li>\n<li><strong>Convocat\u00f2ria de sol\u00b7licituds<\/strong>: Data d\u2019obertura: prevista de la segona meitat de gener del 2026 a la primera meitat de mar\u00e7 de 2026.<\/li>\n<li><strong>Salari<\/strong>: D\u2019acord amb les taules salarials institucionals catalanes.<\/li>\n<li><strong>Entitat finan\u00e7adora<\/strong>: Instituci\u00f3 Catalana de Recerca i Estudis Avan\u00e7ats (ICREA)<\/li>\n<li><strong>Lloc web<\/strong>: <a href=\"http:\/\/icrea.cat\/icrea-call\/\">Convocat\u00f2ria ICREA<\/a><\/li>\n<\/ul>\n<p><\/li>\n<p><\/ul>\n<p><\/p>\n<p>* Les dades s\u00f3n orientatives i poden estar subjectes a canvis en futures convocat\u00f2ries.<\/p>\n<p>[\/et_pb_text][\/et_pb_column][\/et_pb_row][et_pb_row admin_label=&#8221;1px Line Row&#8221; _builder_version=&#8221;4.27.4&#8243; _module_preset=&#8221;default&#8221; width=&#8221;100%&#8221; max_width=&#8221;2500px&#8221; custom_margin=&#8221;0px||0px||true|false&#8221; custom_padding=&#8221;0px||0px||true|false&#8221; collapsed=&#8221;on&#8221; global_colors_info=&#8221;{}&#8221;][et_pb_column type=&#8221;4_4&#8243; _builder_version=&#8221;4.27.4&#8243; _module_preset=&#8221;default&#8221; global_colors_info=&#8221;{}&#8221;][et_pb_divider show_divider=&#8221;off&#8221; _builder_version=&#8221;4.27.4&#8243; _module_preset=&#8221;default&#8221; width=&#8221;100%&#8221; height=&#8221;0px&#8221; custom_margin=&#8221;0px||0px||true|false&#8221; custom_padding=&#8221;0px||0px||true|false&#8221; border_width_bottom=&#8221;1px&#8221; border_color_bottom=&#8221;#d9d9d9&#8243; global_colors_info=&#8221;{}&#8221;][\/et_pb_divider][\/et_pb_column][\/et_pb_row][et_pb_row column_structure=&#8221;1_3,2_3&#8243; _builder_version=&#8221;4.27.4&#8243; _module_preset=&#8221;c7c24b71-68f1-4ba2-bc79-49dcbcce5ea1&#8243; custom_margin=&#8221;|0px||0px|false|false&#8221; global_colors_info=&#8221;{}&#8221;][et_pb_column type=&#8221;1_3&#8243; _builder_version=&#8221;4.27.0&#8243; _module_preset=&#8221;56e57fde-4561-4cf6-a771-0a733a7201b1&#8243; global_colors_info=&#8221;{}&#8221;][et_pb_heading title=&#8221;ERC Advanced Grant&#8221; admin_label=&#8221;H2&#8243; _builder_version=&#8221;4.27.4&#8243; _module_preset=&#8221;default&#8221; title_level=&#8221;h2&#8243; title_text_color=&#8221;#02a0a5&#8243; title_font_size=&#8221;2rem&#8221; title_line_height=&#8221;2.25rem&#8221; title_font_size_last_edited=&#8221;off|desktop&#8221; global_colors_info=&#8221;{}&#8221;][\/et_pb_heading][\/et_pb_column][et_pb_column type=&#8221;2_3&#8243; _builder_version=&#8221;4.27.0&#8243; _module_preset=&#8221;56e57fde-4561-4cf6-a771-0a733a7201b1&#8243; global_colors_info=&#8221;{}&#8221;][et_pb_text _builder_version=&#8221;4.27.4&#8243; _module_preset=&#8221;default&#8221; text_font=&#8221;&#8211;et_global_body_font||||||||&#8221; text_text_color=&#8221;#444444&#8243; text_font_size=&#8221;1.1rem&#8221; text_line_height=&#8221;1.5rem&#8221; custom_margin=&#8221;||20px||false|false&#8221; global_colors_info=&#8221;{}&#8221;]<\/p>\n<ul>\n<li style=\"list-style-type: none;\">\n<ul>\n<li><strong>Nom complet<\/strong>: ERC Advanced Grant<\/li>\n<li><strong>Descripci\u00f3<\/strong>: L&#8217;objectiu de l&#8217;ERC \u00e9s fomentar la recerca de la m\u00e9s alta qualitat a Europa mitjan\u00e7ant finan\u00e7ament competitiu i donar suport a la recerca de frontera impulsada per investigadors en tots els camps, basada en l&#8217;excel\u00b7l\u00e8ncia cient\u00edfica.<br \/>Ets un investigador principal consolidat i l\u00edder que vol finan\u00e7ament a llarg termini per dur a terme un projecte innovador i d&#8217;alt risc? L&#8217;ERC Advanced Grant podria ser per a tu.<br \/>Aquestes beques s\u00f3n per a investigadors actius amb un historial d&#8217;assoliments de recerca significatius en els darrers 10 anys. Els investigadors principals han de ser l\u00edders excepcionals pel que fa a l&#8217;originalitat i la import\u00e0ncia de les seves contribucions a la recerca.<\/li>\n<li><strong>Convocat\u00f2ria de sol\u00b7licituds<\/strong>: Convocat\u00f2ries anuals de propostes que cobreixen tots els camps cient\u00edfics. (Est\u00e0 previst del 22\/05\/2025 al 28\/08\/2025).<\/li>\n<li><strong>Durada<\/strong>: 5 anys<\/li>\n<li><strong>Ajut per projecte<\/strong>: Fins a 2,5 milions d\u2019euros per un per\u00edode de 5 anys<\/li>\n<li><strong>Salari<\/strong>: Segons les qualificacions i experi\u00e8ncia del candidat, d\u2019acord amb les taules salarials institucionals<\/li>\n<li><strong>Entitat finan\u00e7adora<\/strong>: Comissi\u00f3 Europea<\/li>\n<li><strong>Lloc web<\/strong>: <a href=\"https:\/\/erc.europa.eu\/apply-grant\/advanced-grant\">Advanced Grants | ERC: European Research Council (europa.eu)<\/a><\/li>\n<\/ul>\n<p><\/li>\n<p><\/ul>\n<p><\/p>\n<p>* Les dades s\u00f3n orientatives i poden estar subjectes a canvis en futures convocat\u00f2ries.<\/p>\n<p>[\/et_pb_text][\/et_pb_column][\/et_pb_row][et_pb_row admin_label=&#8221;1px Line Row&#8221; _builder_version=&#8221;4.27.4&#8243; _module_preset=&#8221;default&#8221; width=&#8221;100%&#8221; max_width=&#8221;2500px&#8221; custom_margin=&#8221;0px||0px||true|false&#8221; custom_padding=&#8221;0px||0px||true|false&#8221; collapsed=&#8221;on&#8221; global_colors_info=&#8221;{}&#8221;][et_pb_column type=&#8221;4_4&#8243; _builder_version=&#8221;4.27.4&#8243; _module_preset=&#8221;default&#8221; global_colors_info=&#8221;{}&#8221;][et_pb_divider show_divider=&#8221;off&#8221; _builder_version=&#8221;4.27.4&#8243; _module_preset=&#8221;default&#8221; width=&#8221;100%&#8221; height=&#8221;0px&#8221; custom_margin=&#8221;0px||0px||true|false&#8221; custom_padding=&#8221;0px||0px||true|false&#8221; border_width_bottom=&#8221;1px&#8221; border_color_bottom=&#8221;#d9d9d9&#8243; global_colors_info=&#8221;{}&#8221;][\/et_pb_divider][\/et_pb_column][\/et_pb_row][et_pb_row column_structure=&#8221;1_3,2_3&#8243; _builder_version=&#8221;4.27.4&#8243; _module_preset=&#8221;c7c24b71-68f1-4ba2-bc79-49dcbcce5ea1&#8243; custom_margin=&#8221;|0px||0px|false|false&#8221; global_colors_info=&#8221;{}&#8221;][et_pb_column type=&#8221;1_3&#8243; _builder_version=&#8221;4.27.0&#8243; _module_preset=&#8221;56e57fde-4561-4cf6-a771-0a733a7201b1&#8243; global_colors_info=&#8221;{}&#8221;][et_pb_heading title=&#8221;ERC Consolidator Grants&#8221; admin_label=&#8221;H2&#8243; _builder_version=&#8221;4.27.4&#8243; _module_preset=&#8221;default&#8221; title_level=&#8221;h2&#8243; title_text_color=&#8221;#02a0a5&#8243; title_font_size=&#8221;2rem&#8221; title_line_height=&#8221;2.25rem&#8221; title_font_size_last_edited=&#8221;off|desktop&#8221; locked=&#8221;off&#8221; global_colors_info=&#8221;{}&#8221;][\/et_pb_heading][\/et_pb_column][et_pb_column type=&#8221;2_3&#8243; _builder_version=&#8221;4.27.0&#8243; _module_preset=&#8221;56e57fde-4561-4cf6-a771-0a733a7201b1&#8243; global_colors_info=&#8221;{}&#8221;][et_pb_text _builder_version=&#8221;4.27.4&#8243; _module_preset=&#8221;default&#8221; text_font=&#8221;&#8211;et_global_body_font||||||||&#8221; text_text_color=&#8221;#444444&#8243; text_font_size=&#8221;1.1rem&#8221; text_line_height=&#8221;1.5rem&#8221; custom_margin=&#8221;||20px||false|false&#8221; locked=&#8221;off&#8221; global_colors_info=&#8221;{}&#8221;]<\/p>\n<ul>\n<li style=\"list-style-type: none;\">\n<ul>\n<li><strong>Nom complet<\/strong>: ERC Consolidator Grants<\/li>\n<li><strong>Descripci\u00f3<\/strong>: L&#8217;objectiu de l&#8217;ERC \u00e9s fomentar la recerca de la m\u00e9s alta qualitat a Europa mitjan\u00e7ant finan\u00e7ament competitiu i donar suport a la recerca de frontera impulsada per investigadors en tots els camps, basada en l&#8217;excel\u00b7l\u00e8ncia cient\u00edfica.<br \/>Ets un cient\u00edfic que vol consolidar la seva independ\u00e8ncia establint un equip de recerca i continuant desenvolupant una carrera d&#8217;\u00e8xit a Europa? La beca de consolidaci\u00f3 de l&#8217;ERC podria ser per a tu. Tamb\u00e9 pots presentar la teva sol\u00b7licitud si has creat recentment un equip de recerca independent i excel\u00b7lent i el vols enfortir. Aquestes beques s\u00f3n per a investigadors amb 7-12 anys d&#8217;experi\u00e8ncia des de la finalitzaci\u00f3 del doctorat, una traject\u00f2ria cient\u00edfica que mostri una gran promesa i una excel\u00b7lent proposta de recerca.<\/li>\n<li><strong>Convocat\u00f2ria<\/strong>: Convocat\u00f2ries anuals per a tots els \u00e0mbits cient\u00edfics (Obertura prevista del 25\/09\/25 al 13\/01\/26).<\/li>\n<li><strong>Durada<\/strong>: 5 anys<\/li>\n<li><strong>Ajut per projecte<\/strong>: Fins a 2 milions d\u2019euros per un per\u00edode de 5 anys<\/li>\n<li><strong>Salari<\/strong>: Segons les qualificacions i experi\u00e8ncia del candidat, d\u2019acord amb les taules salarials institucionals<\/li>\n<li><strong>Entitat finan\u00e7adora<\/strong>: Comissi\u00f3 Europea<\/li>\n<li><strong>Lloc web<\/strong>: <a href=\"https:\/\/erc.europa.eu\/apply-grant\/consolidator-grant\">Consolidator Grants | ERC: European Research Council ( europa.eu)<\/a><\/li>\n<\/ul>\n<p><\/li>\n<p><\/ul>\n<p><\/p>\n<p>* Les dades s\u00f3n orientatives i poden estar subjectes a canvis en futures convocat\u00f2ries.<\/p>\n<p>[\/et_pb_text][\/et_pb_column][\/et_pb_row][et_pb_row admin_label=&#8221;1px Line Row&#8221; _builder_version=&#8221;4.27.4&#8243; _module_preset=&#8221;default&#8221; width=&#8221;100%&#8221; max_width=&#8221;2500px&#8221; custom_margin=&#8221;0px||0px||true|false&#8221; custom_padding=&#8221;0px||0px||true|false&#8221; collapsed=&#8221;on&#8221; global_colors_info=&#8221;{}&#8221;][et_pb_column type=&#8221;4_4&#8243; _builder_version=&#8221;4.27.4&#8243; _module_preset=&#8221;default&#8221; global_colors_info=&#8221;{}&#8221;][et_pb_divider show_divider=&#8221;off&#8221; _builder_version=&#8221;4.27.4&#8243; _module_preset=&#8221;default&#8221; width=&#8221;100%&#8221; height=&#8221;0px&#8221; custom_margin=&#8221;0px||0px||true|false&#8221; custom_padding=&#8221;0px||0px||true|false&#8221; border_width_bottom=&#8221;1px&#8221; border_color_bottom=&#8221;#d9d9d9&#8243; global_colors_info=&#8221;{}&#8221;][\/et_pb_divider][\/et_pb_column][\/et_pb_row][et_pb_row column_structure=&#8221;1_3,2_3&#8243; _builder_version=&#8221;4.27.4&#8243; _module_preset=&#8221;c7c24b71-68f1-4ba2-bc79-49dcbcce5ea1&#8243; custom_margin=&#8221;|0px||0px|false|false&#8221; global_colors_info=&#8221;{}&#8221;][et_pb_column type=&#8221;1_3&#8243; _builder_version=&#8221;4.27.0&#8243; _module_preset=&#8221;56e57fde-4561-4cf6-a771-0a733a7201b1&#8243; global_colors_info=&#8221;{}&#8221;][et_pb_heading title=&#8221;Programa ATRAE&#8221; admin_label=&#8221;H2&#8243; _builder_version=&#8221;4.27.4&#8243; _module_preset=&#8221;default&#8221; title_level=&#8221;h2&#8243; title_text_color=&#8221;#02a0a5&#8243; title_font_size=&#8221;2rem&#8221; title_line_height=&#8221;2.25rem&#8221; title_font_size_last_edited=&#8221;off|desktop&#8221; global_colors_info=&#8221;{}&#8221;][\/et_pb_heading][\/et_pb_column][et_pb_column type=&#8221;2_3&#8243; _builder_version=&#8221;4.27.0&#8243; _module_preset=&#8221;56e57fde-4561-4cf6-a771-0a733a7201b1&#8243; global_colors_info=&#8221;{}&#8221;][et_pb_text _builder_version=&#8221;4.27.4&#8243; _module_preset=&#8221;default&#8221; text_font=&#8221;&#8211;et_global_body_font||||||||&#8221; text_text_color=&#8221;#444444&#8243; text_font_size=&#8221;1.1rem&#8221; text_line_height=&#8221;1.5rem&#8221; custom_margin=&#8221;||20px||false|false&#8221; locked=&#8221;off&#8221; global_colors_info=&#8221;{}&#8221;]<\/p>\n<ul>\n<li style=\"list-style-type: none;\">\n<ul>\n<li><strong>Nom complet<\/strong>: Ayudas para incentivar la incorporaci\u00f3n de talento consolidado \u00abPrograma ATRAE\u00bb<\/li>\n<li><strong>Descripci\u00f3<\/strong>: <span dir=\"auto\">El &#8220;Programa ATRAE&#8221; t\u00e9 com a objectiu atraure investigadors de reconegut prestigi. El Ministeri de Ci\u00e8ncia i Innovaci\u00f3 (MICINN), a trav\u00e9s de l&#8217;Ag\u00e8ncia Estatal d&#8217;Investigaci\u00f3 (AEI), destinar\u00e0 30 milions d&#8217;euros en ajudes a aquesta iniciativa que busca facilitar la incorporaci\u00f3 de talent investigador consolidat, de reconegut prestigi internacional, per tal d&#8217;impulsar l&#8217;aven\u00e7 cap a un Sistema Espanyol de Ci\u00e8ncia m\u00e9s competitiu.<\/span><br \/><span dir=\"auto\">Aquestes beques s\u00f3n per a investigadors doctorals (abans de gener de 2017).<\/span><br \/><span dir=\"auto\">Els investigadors han d&#8217;haver estat vinculats professionalment a organismes de recerca estrangers durant almenys 5 anys (durant el per\u00edode compr\u00e8s entre l&#8217;1 de gener de 2018 i la data d&#8217;inici del termini de presentaci\u00f3 de sol\u00b7licituds).<\/span><br \/><span dir=\"auto\">Aquests investigadors han de ser del 10% superior dels investigadors en la seva \u00e0rea d&#8217;especialitzaci\u00f3 a nivell mundial, ser investigador responsable d&#8217;un projecte actiu del Consell Europeu de Recerca (ERC), tenir el nivell m\u00e9s alt de la carrera acad\u00e8mica\/investigadora al pa\u00eds d&#8217;origen, o haver dirigit com a investigador principal (IP) un nombre significatiu de projectes de recerca en convocat\u00f2ries competitives, ja siguin nacionals de qualsevol pa\u00eds o internacionals, havent fet al llarg de la seva carrera contribucions de gran rellev\u00e0ncia i impacte en la seva \u00e0rea d&#8217;expertesa.<\/span><\/li>\n<li><strong>Convocat\u00f2ria<\/strong>: Data d\u2019obertura prevista: juliol de 2026<\/li>\n<li><strong>Durada<\/strong>: 3-4 anys<\/li>\n<li><strong>Ajut per projecte<\/strong>: 1,000,000 \u20ac per activitat, inclouen tamb\u00e9 els costos indirectes<\/li>\n<li><strong>Salari<\/strong>: 80.000 (salari brut \u20ac)<\/li>\n<li><strong>Organisme finan\u00e7ador<\/strong>: Ministerio de Ciencia e Innovaci\u00f3n (Ministeri de Ci\u00e8ncia i Innovation)<\/li>\n<li><strong>Lloc web<\/strong>: <a href=\"https:\/\/www.aei.gob.es\/convocatorias\/buscador-convocatorias\/ayudas-incentivar-incorporacion-talento-consolidado-programa\">Ayudas para incentivar la incorporaci\u00f3n de talento consolidado \u00abPrograma ATRAE\u00bb | Agencia Estatal de Investigaci\u00f3n (aei.gob.es)<\/a><\/li>\n<\/ul>\n<p><\/li>\n<p><\/ul>\n<p><\/p>\n<p>* Les dades s\u00f3n orientatives i poden estar subjectes a canvis en futures convocat\u00f2ries.<\/p>\n<p>[\/et_pb_text][\/et_pb_column][\/et_pb_row][\/et_pb_section]<\/p>\n","protected":false},"excerpt":{"rendered":"<p>Finan\u00e7ament competitiuSi ets un acad\u00e8mic consolidat i t&#8217;interessa incorporar-te a un centre de prestigi mundial especialitzat en m\u00e8todes num\u00e8rics i enginyeria computacional, el CIMNE t&#8217;ofereix un entorn de recerca atractiu.Acceptem propostes de totes les disciplines relacionades amb la nostra recerca. Si esteu interessats a sol\u00b7licitar alguna de les oportunitats de finan\u00e7ament competitiu que s&#8217;enumeren a continuaci\u00f3, [&hellip;]<\/p>\n","protected":false},"author":2,"featured_media":240053,"parent":226525,"menu_order":0,"comment_status":"closed","ping_status":"closed","template":"","meta":{"_acf_changed":false,"_et_pb_use_builder":"on","_et_pb_old_content":"","_et_gb_content_width":"","slim_seo":{"title":"Oportunitats acad\u00e8miques s\u00e8nior - CIMNE","description":"Si ets un acad\u00e8mic consolidat i t'interessa incorporar-te a un centre de prestigi mundial especialitzat en m\u00e8todes num\u00e8rics i enginyeria computacional, el CIMNE"},"footnotes":""},"class_list":["post-245898","page","type-page","status-publish","has-post-thumbnail","hentry"],"acf":[],"_links":{"self":[{"href":"https:\/\/cimne.com\/ca\/wp-json\/wp\/v2\/pages\/245898","targetHints":{"allow":["GET"]}}],"collection":[{"href":"https:\/\/cimne.com\/ca\/wp-json\/wp\/v2\/pages"}],"about":[{"href":"https:\/\/cimne.com\/ca\/wp-json\/wp\/v2\/types\/page"}],"author":[{"embeddable":true,"href":"https:\/\/cimne.com\/ca\/wp-json\/wp\/v2\/users\/2"}],"replies":[{"embeddable":true,"href":"https:\/\/cimne.com\/ca\/wp-json\/wp\/v2\/comments?post=245898"}],"version-history":[{"count":0,"href":"https:\/\/cimne.com\/ca\/wp-json\/wp\/v2\/pages\/245898\/revisions"}],"up":[{"embeddable":true,"href":"https:\/\/cimne.com\/ca\/wp-json\/wp\/v2\/pages\/226525"}],"wp:featuredmedia":[{"embeddable":true,"href":"https:\/\/cimne.com\/ca\/wp-json\/wp\/v2\/media\/240053"}],"wp:attachment":[{"href":"https:\/\/cimne.com\/ca\/wp-json\/wp\/v2\/media?parent=245898"}],"curies":[{"name":"wp","href":"https:\/\/api.w.org\/{rel}","templated":true}]}}