{"id":245775,"date":"2025-05-02T13:06:52","date_gmt":"2025-05-02T11:06:52","guid":{"rendered":"https:\/\/cimne.com\/innovation\/unitats-innovacio\/construccio-energia-i-medi-ambient-beegroup\/biodigestors\/"},"modified":"2026-03-23T09:17:33","modified_gmt":"2026-03-23T08:17:33","slug":"biodigestors","status":"publish","type":"page","link":"https:\/\/cimne.com\/ca\/innovacio\/unitats-innovacio\/construccio-energia-i-medi-ambient-beegroup\/biodigestors\/","title":{"rendered":"Biodigestors"},"content":{"rendered":"<p>[et_pb_section fb_built=&#8221;1&#8243; disabled_on=&#8221;off|off|off&#8221; admin_label=&#8221;Intro desktop&#8221; module_id=&#8221;first-section&#8221; _builder_version=&#8221;4.27.4&#8243; background_color=&#8221;rgba(35,229,89,0.2)&#8221; positioning=&#8221;none&#8221; custom_margin=&#8221;0px||0px||false|false&#8221; custom_padding=&#8221;0px||0px||false|false&#8221; border_width_all=&#8221;1px&#8221; border_color_all=&#8221;#d9d9d9&#8243; border_width_top=&#8221;1px&#8221; border_color_top=&#8221;#d9d9d9&#8243; border_width_right=&#8221;1px&#8221; border_color_right=&#8221;#d9d9d9&#8243; border_width_left=&#8221;1px&#8221; border_color_left=&#8221;#d9d9d9&#8243; collapsed=&#8221;off&#8221; global_colors_info=&#8221;{}&#8221;][et_pb_row column_structure=&#8221;2_3,1_3&#8243; _builder_version=&#8221;4.27.4&#8243; _module_preset=&#8221;c7c24b71-68f1-4ba2-bc79-49dcbcce5ea1&#8243; custom_margin_tablet=&#8221;&#8221; custom_margin_phone=&#8221;&#8221; custom_margin_last_edited=&#8221;on|phone&#8221; global_colors_info=&#8221;{}&#8221;][et_pb_column type=&#8221;2_3&#8243; _builder_version=&#8221;4.27.4&#8243; _module_preset=&#8221;56e57fde-4561-4cf6-a771-0a733a7201b1&#8243; custom_padding=&#8221;0px|3%|50px|3%|false|true&#8221; custom_padding_tablet=&#8221;0px|3%||3%|false|true&#8221; custom_padding_phone=&#8221;0px|3%||3%|false|true&#8221; custom_padding_last_edited=&#8221;on|desktop&#8221; border_width_right=&#8221;1px&#8221; border_color_right=&#8221;#d9d9d9&#8243; border_width_right_tablet=&#8221;0px&#8221; border_width_right_phone=&#8221;0px&#8221; border_width_right_last_edited=&#8221;on|phone&#8221; global_colors_info=&#8221;{}&#8221;][et_pb_divider color=&#8221;#004996&#8243; divider_position=&#8221;center&#8221; _builder_version=&#8221;4.27.0&#8243; _module_preset=&#8221;default&#8221; width=&#8221;85px&#8221; module_alignment=&#8221;left&#8221; custom_margin=&#8221;||0px||false|false&#8221; global_colors_info=&#8221;{}&#8221;][\/et_pb_divider][et_pb_text admin_label=&#8221;Subtitle&#8221; _builder_version=&#8221;4.27.5&#8243; _module_preset=&#8221;0962eb46-eaf5-4130-b8a8-ca44ca5695f6&#8243; locked=&#8221;off&#8221; global_colors_info=&#8221;{}&#8221;]<\/p>\n<p>L\u00ednies de recerca<\/p>\n<p>[\/et_pb_text][et_pb_heading title=&#8221;@ET-DC@eyJkeW5hbWljIjp0cnVlLCJjb250ZW50IjoicG9zdF90aXRsZSIsInNldHRpbmdzIjp7ImJlZm9yZSI6IiIsImFmdGVyIjoiIn19@&#8221; admin_label=&#8221;H1&#8243; _builder_version=&#8221;4.27.5&#8243; _dynamic_attributes=&#8221;title&#8221; _module_preset=&#8221;20f4cb02-b989-482e-b994-8f37b33e99a9&#8243; title_text_color=&#8221;#0f9d58&#8243; title_line_height_tablet=&#8221;&#8221; title_line_height_phone=&#8221;&#8221; title_line_height_last_edited=&#8221;on|phone&#8221; locked=&#8221;off&#8221; global_colors_info=&#8221;{}&#8221;][\/et_pb_heading][et_pb_blurb title=&#8221;Unitat d&#039;Innovaci\u00f3&#8221; image=&#8221;https:\/\/cimne.com\/wp-content\/uploads\/2025\/06\/beecimne-logo-green.png&#8221; image_icon_width=&#8221;200px&#8221; _builder_version=&#8221;4.27.4&#8243; _module_preset=&#8221;318d4114-0a2a-4600-a80d-ed4f60c9034c&#8221; header_text_color=&#8221;#444444&#8243; image_icon_custom_padding=&#8221;0rem||||false|false&#8221; border_radii_image=&#8221;on|0px|0px|0px|0px&#8221; global_colors_info=&#8221;{}&#8221;]<\/p>\n<p>Construcci\u00f3, Energia i Medi Ambient (BEE Group)<\/p>\n<p>[\/et_pb_blurb][\/et_pb_column][et_pb_column type=&#8221;1_3&#8243; _builder_version=&#8221;4.27.4&#8243; _module_preset=&#8221;56e57fde-4561-4cf6-a771-0a733a7201b1&#8243; custom_padding=&#8221;0px|3%||3%|false|true&#8221; custom_padding_tablet=&#8221;0px|6%|50px|6%|false|true&#8221; custom_padding_phone=&#8221;||||false|true&#8221; custom_css_main_element=&#8221;display: flex;||flex-direction: column;||align-items: flex-end;||justify-content: center;&#8221; border_width_right_tablet=&#8221;0px&#8221; border_width_right_phone=&#8221;0px&#8221; border_width_right_last_edited=&#8221;on|phone&#8221; global_colors_info=&#8221;{}&#8221;][et_pb_code _builder_version=&#8221;4.27.4&#8243; _module_preset=&#8221;default&#8221; custom_padding=&#8221;||25px||false|false&#8221; link_option_url=&#8221;https:\/\/cimne.com\/ca\/innovacio\/unitats-innovacio\/construccio-energia-i-medi-ambient-beegroup\/?tab=research&#8221; global_colors_info=&#8221;{}&#8221;]<\/p>\n<div><span class=\"back\">Enrere<\/span><\/div>\n<p>[\/et_pb_code][et_pb_image src=&#8221;https:\/\/cimne.com\/wp-content\/uploads\/2025\/01\/8e75c1284c40012de8993e33962758bc.jpg&#8221; title_text=&#8221;8e75c1284c40012de8993e33962758bc&#8221; align=&#8221;center&#8221; force_fullwidth=&#8221;on&#8221; _builder_version=&#8221;4.27.4&#8243; _module_preset=&#8221;93ceb7f0-f4b5-45d5-902c-4c83237d3321&#8243; height=&#8221;200px&#8221; custom_margin=&#8221;||||false|false&#8221; global_colors_info=&#8221;{}&#8221;][\/et_pb_image][\/et_pb_column][\/et_pb_row][\/et_pb_section][et_pb_section fb_built=&#8221;1&#8243; admin_label=&#8221;Tab Top&#8221; _builder_version=&#8221;4.27.4&#8243; _module_preset=&#8221;fed47f3e-3ebe-4259-a156-523c8e0b8966&#8243; locked=&#8221;off&#8221; collapsed=&#8221;off&#8221; global_colors_info=&#8221;{}&#8221;][et_pb_row column_structure=&#8221;2_3,1_3&#8243; _builder_version=&#8221;4.27.4&#8243; _module_preset=&#8221;c7c24b71-68f1-4ba2-bc79-49dcbcce5ea1&#8243; custom_margin=&#8221;|0px||0px|false|false&#8221; global_colors_info=&#8221;{}&#8221;][et_pb_column type=&#8221;2_3&#8243; _builder_version=&#8221;4.27.4&#8243; _module_preset=&#8221;56e57fde-4561-4cf6-a771-0a733a7201b1&#8243; custom_padding=&#8221;50px|3%|50px|3%|false|false&#8221; custom_padding_tablet=&#8221;&#8221; custom_padding_phone=&#8221;&#8221; custom_padding_last_edited=&#8221;on|desktop&#8221; border_width_right=&#8221;1px&#8221; border_color_right=&#8221;#d9d9d9&#8243; global_colors_info=&#8221;{}&#8221;][et_pb_text _builder_version=&#8221;4.27.4&#8243; _module_preset=&#8221;default&#8221; text_text_color=&#8221;#0f9d58&#8243; text_font_size=&#8221;1.5rem&#8221; text_line_height=&#8221;1.8rem&#8221; width=&#8221;80%&#8221; width_tablet=&#8221;100%&#8221; width_phone=&#8221;100%&#8221; width_last_edited=&#8221;on|tablet&#8221; module_alignment=&#8221;left&#8221; custom_margin=&#8221;||||true|false&#8221; global_colors_info=&#8221;{}&#8221;]<\/p>\n<p>El BEE Group investiga biodigestors que transformen residus org\u00e0nics en biog\u00e0s net i fertilitzant, promovent l\u2019economia circular, reduint emissions i donant suport a solucions sostenibles d\u2019energia i gesti\u00f3 de residus.<\/p>\n<p>[\/et_pb_text][\/et_pb_column][et_pb_column type=&#8221;1_3&#8243; _builder_version=&#8221;4.27.4&#8243; _module_preset=&#8221;56e57fde-4561-4cf6-a771-0a733a7201b1&#8243; custom_padding=&#8221;50px|3%|50px|3%|true|false&#8221; custom_padding_tablet=&#8221;&#8221; custom_padding_phone=&#8221;&#8221; custom_padding_last_edited=&#8221;on|desktop&#8221; global_colors_info=&#8221;{}&#8221;][\/et_pb_column][\/et_pb_row][et_pb_row admin_label=&#8221;Fila de l\u00ednia d&#039;1px&#8221; _builder_version=&#8221;4.27.4&#8243; _module_preset=&#8221;default&#8221; width=&#8221;100%&#8221; max_width=&#8221;2500px&#8221; custom_margin=&#8221;0px||0px||true|false&#8221; custom_padding=&#8221;0px||0px||true|false&#8221; collapsed=&#8221;on&#8221; global_colors_info=&#8221;{}&#8221;][et_pb_column type=&#8221;4_4&#8243; _builder_version=&#8221;4.27.4&#8243; _module_preset=&#8221;default&#8221; global_colors_info=&#8221;{}&#8221;][et_pb_divider show_divider=&#8221;off&#8221; _builder_version=&#8221;4.27.4&#8243; _module_preset=&#8221;default&#8221; width=&#8221;100%&#8221; height=&#8221;0px&#8221; custom_margin=&#8221;0px||0px||true|false&#8221; custom_padding=&#8221;0px||0px||true|false&#8221; border_width_bottom=&#8221;1px&#8221; border_color_bottom=&#8221;#d9d9d9&#8243; global_colors_info=&#8221;{}&#8221;][\/et_pb_divider][\/et_pb_column][\/et_pb_row][et_pb_row column_structure=&#8221;1_3,1_3,1_3&#8243; _builder_version=&#8221;4.27.4&#8243; _module_preset=&#8221;c7c24b71-68f1-4ba2-bc79-49dcbcce5ea1&#8243; custom_margin=&#8221;|0px||0px|false|false&#8221; global_colors_info=&#8221;{}&#8221;][et_pb_column type=&#8221;1_3&#8243; _builder_version=&#8221;4.27.4&#8243; _module_preset=&#8221;56e57fde-4561-4cf6-a771-0a733a7201b1&#8243; custom_padding=&#8221;50px|3%|50px|3%|true|false&#8221; custom_padding_tablet=&#8221;&#8221; custom_padding_phone=&#8221;&#8221; custom_padding_last_edited=&#8221;on|desktop&#8221; global_colors_info=&#8221;{}&#8221;][\/et_pb_column][et_pb_column type=&#8221;1_3&#8243; _builder_version=&#8221;4.27.4&#8243; _module_preset=&#8221;56e57fde-4561-4cf6-a771-0a733a7201b1&#8243; custom_padding=&#8221;50px|3%|50px|3%|true|false&#8221; custom_padding_tablet=&#8221;&#8221; custom_padding_phone=&#8221;&#8221; custom_padding_last_edited=&#8221;on|desktop&#8221; border_width_right=&#8221;1px&#8221; border_color_right=&#8221;#d9d9d9&#8243; global_colors_info=&#8221;{}&#8221;][et_pb_text _builder_version=&#8221;4.27.4&#8243; _module_preset=&#8221;default&#8221; text_font=&#8221;&#8211;et_global_body_font||||||||&#8221; text_text_color=&#8221;#444444&#8243; text_font_size=&#8221;1.1rem&#8221; text_line_height=&#8221;1.5rem&#8221; global_colors_info=&#8221;{}&#8221;]<\/p>\n<p>La producci\u00f3 descentralitzada de biog\u00e0s mitjan\u00e7ant la digesti\u00f3 anaer\u00f2bica (DA) sorgeix com una <strong>soluci\u00f3 sostenible<\/strong> per a la valoritzaci\u00f3 de residus in situ i el <strong>desenvolupament rural inclusiu<\/strong>. Aquesta tecnologia transforma els residus org\u00e0nics, com ara fems i residus agr\u00edcoles, a la font on es generen, produint energia renovable (biog\u00e0s) i biofertilitzants d&#8217;alt valor (digestat) per a \u00fas local. Aquest enfocament evita el transport de grans volums de residus i subproductes, <strong>minimitzant la petjada de carboni<\/strong> i tancant els cercles de manera eficient a nivell local.<\/p>\n<p><\/p>\n<p>A BEE Group, investiguem i promovem tecnologies de digesti\u00f3 anaer\u00f2bica de<strong> baix cost, escalables i socialment sensibles, que s\u00f3n la pedra angular de la descentralitzaci\u00f3<\/strong>. El nostre treball se centra en l&#8217;optimitzaci\u00f3 de dissenys com els biodigestors tubulars, la integraci\u00f3 de la calefacci\u00f3 solar passiva, les estrat\u00e8gies de monitoritzaci\u00f3 i el desenvolupament de models d&#8217;implementaci\u00f3 que minimitzin les emissions de GEH.<\/p>\n<p><\/p>\n<p>La nostra recerca contribueix als Objectius de Desenvolupament Sostenible (ODS), en particular l&#8217;energia assequible i neta (ODS 7), l&#8217;acci\u00f3 clim\u00e0tica (ODS 13) i la ind\u00fastria, la innovaci\u00f3 i les infraestructures (ODS 9). Explorem innovacions en la codigesti\u00f3 de m\u00faltiples fluxos de residus, l&#8217;avaluaci\u00f3 tecnoecon\u00f2mica i ambiental, i la integraci\u00f3 sist\u00e8mica de biodigestors en economies rurals, construint comunitats resilients, autosuficients i baixes en carboni.<\/p>\n<p>[\/et_pb_text][\/et_pb_column][et_pb_column type=&#8221;1_3&#8243; _builder_version=&#8221;4.27.4&#8243; _module_preset=&#8221;56e57fde-4561-4cf6-a771-0a733a7201b1&#8243; custom_padding_tablet=&#8221;50px|6%|50px|6%|true|true&#8221; custom_padding_phone=&#8221;50px|6%||6%|false|true&#8221; global_colors_info=&#8221;{}&#8221;][et_pb_blurb title=&#8221;Definici\u00f3&#8221; image=&#8221;https:\/\/cimne.com\/wp-content\/uploads\/2025\/06\/lines-file.png&#8221; image_icon_width=&#8221;64px&#8221; _builder_version=&#8221;4.27.4&#8243; _module_preset=&#8221;318d4114-0a2a-4600-a80d-ed4f60c9034c&#8221; header_level=&#8221;h6&#8243; header_text_color=&#8221;#0f9d58&#8243; header_line_height=&#8221;1.4rem&#8221; image_icon_custom_padding=&#8221;0rem||||false|false&#8221; custom_padding=&#8221;0px|0px|20px|0px|false|true&#8221; border_radii_image=&#8221;on|0px|0px|0px|0px&#8221; global_colors_info=&#8221;{}&#8221;]<\/p>\n<p>Requisits del sistema i an\u00e0lisi de les dades existents de l\u2019edifici<\/p>\n<p>[\/et_pb_blurb][et_pb_blurb title=&#8221;Disseny&#8221; image=&#8221;https:\/\/cimne.com\/wp-content\/uploads\/2025\/06\/design.png&#8221; image_icon_width=&#8221;64px&#8221; _builder_version=&#8221;4.27.4&#8243; _module_preset=&#8221;318d4114-0a2a-4600-a80d-ed4f60c9034c&#8221; header_level=&#8221;h6&#8243; header_text_color=&#8221;#0f9d58&#8243; header_line_height=&#8221;1.4rem&#8221; image_icon_custom_padding=&#8221;0rem||||false|false&#8221; custom_padding=&#8221;0px|0px|20px|0px|false|true&#8221; border_radii_image=&#8221;on|0px|0px|0px|0px&#8221; global_colors_info=&#8221;{}&#8221;]<\/p>\n<p>Arquitectura del sistema, gestor d\u2019automatitzaci\u00f3 de dades i algoritmes basats en dades<\/p>\n<p>[\/et_pb_blurb][et_pb_blurb title=&#8221;An\u00e0lisi&#8221; image=&#8221;https:\/\/cimne.com\/wp-content\/uploads\/2025\/06\/cimne-beegroup-analysis2.png&#8221; image_icon_width=&#8221;64px&#8221; _builder_version=&#8221;4.27.4&#8243; _module_preset=&#8221;318d4114-0a2a-4600-a80d-ed4f60c9034c&#8221; header_level=&#8221;h6&#8243; header_text_color=&#8221;#0f9d58&#8243; header_line_height=&#8221;1.4rem&#8221; image_icon_custom_padding=&#8221;0rem||||false|false&#8221; custom_padding=&#8221;|0px|20px|0px|false|true&#8221; border_radii_image=&#8221;on|0px|0px|0px|0px&#8221; global_colors_info=&#8221;{}&#8221;]<\/p>\n<p>Rendiment de sistemes amb optimitzaci\u00f3 de desenvolupaments i procediments per millorar l\u2019\u00fas del sistema<\/p>\n<p>[\/et_pb_blurb][et_pb_blurb title=&#8221;Implementaci\u00f3&#8221; image=&#8221;https:\/\/cimne.com\/wp-content\/uploads\/2025\/06\/cimne-beegroup-implementation2.png&#8221; image_icon_width=&#8221;64px&#8221; _builder_version=&#8221;4.27.4&#8243; _module_preset=&#8221;318d4114-0a2a-4600-a80d-ed4f60c9034c&#8221; header_level=&#8221;h6&#8243; header_text_color=&#8221;#0f9d58&#8243; header_line_height=&#8221;1.4rem&#8221; image_icon_custom_padding=&#8221;0rem||||false|false&#8221; custom_padding=&#8221;0px|0px|20px|0px|false|true&#8221; border_radii_image=&#8221;on|0px|0px|0px|0px&#8221; global_colors_info=&#8221;{}&#8221;]<\/p>\n<p>Maquinari i programari del sistema, calibratge i ajustos finals<\/p>\n<p>[\/et_pb_blurb][\/et_pb_column][\/et_pb_row][\/et_pb_section][et_pb_section fb_built=&#8221;1&#8243; disabled_on=&#8221;on|on|on&#8221; admin_label=&#8221;Research Projects&#8221; _builder_version=&#8221;4.27.4&#8243; _module_preset=&#8221;fed47f3e-3ebe-4259-a156-523c8e0b8966&#8243; background_color=&#8221;#f2f2f2&#8243; disabled=&#8221;on&#8221; locked=&#8221;off&#8221; collapsed=&#8221;off&#8221; global_colors_info=&#8221;{}&#8221;][et_pb_row _builder_version=&#8221;4.27.4&#8243; _module_preset=&#8221;c7c24b71-68f1-4ba2-bc79-49dcbcce5ea1&#8243; custom_margin=&#8221;|0px||0px|false|false&#8221; global_colors_info=&#8221;{}&#8221;][et_pb_column type=&#8221;4_4&#8243; _builder_version=&#8221;4.27.4&#8243; _module_preset=&#8221;56e57fde-4561-4cf6-a771-0a733a7201b1&#8243; custom_padding=&#8221;50px|3%|50px|3%|true|false&#8221; custom_padding_tablet=&#8221;&#8221; custom_padding_phone=&#8221;&#8221; custom_padding_last_edited=&#8221;on|desktop&#8221; global_colors_info=&#8221;{}&#8221;][et_pb_heading title=&#8221;Projectes de Recerca&#8221; _builder_version=&#8221;4.27.4&#8243; _module_preset=&#8221;default&#8221; title_level=&#8221;h4&#8243; title_font=&#8221;&#8211;et_global_heading_font|600|||||||&#8221; title_text_color=&#8221;#0f9d58&#8243; title_font_size=&#8221;2rem&#8221; title_line_height=&#8221;2rem&#8221; custom_padding=&#8221;||20px||false|false&#8221; locked=&#8221;off&#8221; global_colors_info=&#8221;{}&#8221;][\/et_pb_heading][et_pb_code module_id=&#8221;contracts-container&#8221; _builder_version=&#8221;4.27.4&#8243; _module_preset=&#8221;default&#8221; locked=&#8221;off&#8221; global_colors_info=&#8221;{}&#8221;][\/et_pb_code][\/et_pb_column][\/et_pb_row][\/et_pb_section][et_pb_section fb_built=&#8221;1&#8243; admin_label=&#8221;View More&#8221; module_class=&#8221;show-nav-tab  iu-nav-tab-1&#8243; _builder_version=&#8221;4.27.4&#8243; _module_preset=&#8221;fed47f3e-3ebe-4259-a156-523c8e0b8966&#8243; background_color=&#8221;#0f9d58&#8243; locked=&#8221;off&#8221; collapsed=&#8221;off&#8221; global_colors_info=&#8221;{}&#8221;][et_pb_row column_structure=&#8221;2_3,1_3&#8243; disabled_on=&#8221;off|off|off&#8221; _builder_version=&#8221;4.27.4&#8243; _module_preset=&#8221;c7c24b71-68f1-4ba2-bc79-49dcbcce5ea1&#8243; height=&#8221;140px&#8221; custom_css_main_element=&#8221;display: flex;||align-items: center;&#8221; global_colors_info=&#8221;{}&#8221;][et_pb_column type=&#8221;2_3&#8243; _builder_version=&#8221;4.27.4&#8243; _module_preset=&#8221;56e57fde-4561-4cf6-a771-0a733a7201b1&#8243; custom_padding=&#8221;0px|3%||3%|false|false&#8221; custom_padding_tablet=&#8221;0px|3%||3%|false|false&#8221; custom_padding_phone=&#8221;0px|3%||3%|false|false&#8221; custom_padding_last_edited=&#8221;on|desktop&#8221; global_colors_info=&#8221;{}&#8221;][et_pb_text admin_label=&#8221;View More&#8221; _builder_version=&#8221;4.27.4&#8243; _module_preset=&#8221;default&#8221; text_font=&#8221;|300|||||||&#8221; text_text_color=&#8221;#FFFFFF&#8221; text_font_size=&#8221;1.1rem&#8221; text_line_height=&#8221;1.5rem&#8221; header_text_color=&#8221;#FFFFFF&#8221; positioning=&#8221;relative&#8221; position_origin_a=&#8221;bottom_left&#8221; position_origin_r=&#8221;bottom_left&#8221; width=&#8221;100%&#8221; custom_padding=&#8221;||||false|false&#8221; link_option_url=&#8221;#&#8221; text_text_color_tablet=&#8221;#000000&#8243; text_text_color_last_edited=&#8221;off|phone&#8221; header_text_color_last_edited=&#8221;off|phone&#8221; text_orientation_tablet=&#8221;left&#8221; text_orientation_phone=&#8221;left&#8221; text_orientation_last_edited=&#8221;off|desktop&#8221; module_alignment_tablet=&#8221;right&#8221; module_alignment_phone=&#8221;right&#8221; module_alignment_last_edited=&#8221;on|phone&#8221; global_colors_info=&#8221;{}&#8221;]<\/p>\n<p>Voleu col\u00b7laborar o iniciar un nou projecte?<\/p>\n<p>[\/et_pb_text][\/et_pb_column][et_pb_column type=&#8221;1_3&#8243; _builder_version=&#8221;4.27.4&#8243; _module_preset=&#8221;56e57fde-4561-4cf6-a771-0a733a7201b1&#8243; custom_padding=&#8221;0px|3%||3%|false|false&#8221; custom_padding_tablet=&#8221;0px|3%||3%|false|false&#8221; custom_padding_phone=&#8221;0px|3%||3%|false|false&#8221; custom_padding_last_edited=&#8221;on|desktop&#8221; global_colors_info=&#8221;{}&#8221;][et_pb_text content_tablet=&#8221;<\/p>\n<div class=%22flecha-container flecha-container-position-left%22>    <span class=%22cuerpo-flecha%22> <\/span>    <span class=%22punta-flecha%22> <\/span>      <span class=%22text-flecha%22> Veure m\u00e9s<\/span><\/div>\n<p>&#8221; content_phone=&#8221;<\/p>\n<div class=%22flecha-container flecha-container-position-left%22>    <span class=%22cuerpo-flecha%22> <\/span>    <span class=%22punta-flecha%22> <\/span>      <span class=%22text-flecha%22> Veure m\u00e9s<\/span><\/div>\n<p>&#8221; content_last_edited=&#8221;off|desktop&#8221; admin_label=&#8221;View More&#8221; module_class=&#8221;clickable-cta&#8221; _builder_version=&#8221;4.27.6&#8243; _module_preset=&#8221;default&#8221; text_font=&#8221;|600||on|||||&#8221; text_text_color=&#8221;#ffffff&#8221; text_font_size=&#8221;1.1rem&#8221; text_line_height=&#8221;1.5rem&#8221; transform_translate_linked__hover=&#8221;off&#8221; text_orientation=&#8221;right&#8221; width=&#8221;50%&#8221; width_tablet=&#8221;100%&#8221; width_phone=&#8221;100%&#8221; width_last_edited=&#8221;on|phone&#8221; module_alignment=&#8221;left&#8221; link_option_url=&#8221;mailto:  info.beegroup@cimne.upc.edu&#8221; text_text_color_tablet=&#8221;#000000&#8243; text_text_color_phone=&#8221;#000000&#8243; text_text_color_last_edited=&#8221;on|tablet&#8221; text_orientation_tablet=&#8221;left&#8221; text_orientation_phone=&#8221;left&#8221; text_orientation_last_edited=&#8221;on|tablet&#8221; module_alignment_tablet=&#8221;right&#8221; module_alignment_phone=&#8221;right&#8221; module_alignment_last_edited=&#8221;on|phone&#8221; global_colors_info=&#8221;{}&#8221; transform_styles__hover_enabled=&#8221;off|desktop&#8221; transform_scale__hover_enabled=&#8221;off|desktop&#8221; transform_translate__hover_enabled=&#8221;off|desktop&#8221; transform_rotate__hover_enabled=&#8221;off|desktop&#8221; transform_skew__hover_enabled=&#8221;off|desktop&#8221; transform_origin__hover_enabled=&#8221;off|desktop&#8221; transform_translate__hover=&#8221;15px|0px&#8221; transform_scale__hover=&#8221;114%|100%&#8221;]<\/p>\n<div class=\"flecha-container-position-left\">\n    <span class=\"cuerpo-flecha-white\"> <\/span><br \/>\n    <span class=\"punta-flecha-white\"> <\/span><br \/>\n      <span class=\"text-flecha-white\">Contacta <\/span><\/div>\n<p>[\/et_pb_text][\/et_pb_column][\/et_pb_row][\/et_pb_section][et_pb_section fb_built=&#8221;1&#8243; admin_label=&#8221;WS attr&#8221; _builder_version=&#8221;4.27.4&#8243; _module_preset=&#8221;default&#8221; custom_margin=&#8221;0px|0px|0px|0px|true|true&#8221; custom_padding=&#8221;0px|0px|0px|0px|true|true&#8221; global_colors_info=&#8221;{}&#8221;][et_pb_row admin_label=&#8221;WS attr&#8221; _builder_version=&#8221;4.27.4&#8243; _module_preset=&#8221;_initial&#8221; custom_margin=&#8221;0px|0px|0px|0px|true|true&#8221; custom_padding=&#8221;0px|0px|0px|0px|true|true&#8221; global_colors_info=&#8221;{}&#8221;][et_pb_column type=&#8221;4_4&#8243; _builder_version=&#8221;4.27.4&#8243; _module_preset=&#8221;default&#8221; global_colors_info=&#8221;{}&#8221;][et_pb_code admin_label=&#8221;WS attr&#8221; _builder_version=&#8221;4.27.4&#8243; _module_preset=&#8221;default&#8221; custom_margin=&#8221;0px|0px|0px|0px|true|true&#8221; custom_padding=&#8221;0px|0px|0px|0px|true|true&#8221; global_colors_info=&#8221;{}&#8221;]<\/p>\n<div id=\"gsheets-call\" sheet-code=\"building-energy-and-environment-beegroup\" rl-code=\"biodigesters\"><\/div>\n<p>[\/et_pb_code][\/et_pb_column][\/et_pb_row][\/et_pb_section]<\/p>\n","protected":false},"excerpt":{"rendered":"<p>L\u00ednies de recercaConstrucci\u00f3, Energia i Medi Ambient (BEE Group)El BEE Group investiga biodigestors que transformen residus org\u00e0nics en biog\u00e0s net i fertilitzant, promovent l\u2019economia circular, reduint emissions i donant suport a solucions sostenibles d\u2019energia i gesti\u00f3 de residus.La producci\u00f3 descentralitzada de biog\u00e0s mitjan\u00e7ant la digesti\u00f3 anaer\u00f2bica (DA) sorgeix com una soluci\u00f3 sostenible per a la [&hellip;]<\/p>\n","protected":false},"author":2,"featured_media":0,"parent":226547,"menu_order":0,"comment_status":"closed","ping_status":"closed","template":"","meta":{"_acf_changed":false,"_et_pb_use_builder":"on","_et_pb_old_content":"","_et_gb_content_width":"","slim_seo":{"title":"Biodigestors - CIMNE","description":"L\u00ednies de recerca Construcci\u00f3, Energia i Medi Ambient (BEE Group) Enrere El BEE Group investiga biodigestors que transformen residus org\u00e0nics en biog\u00e0s net i fe"},"footnotes":""},"class_list":["post-245775","page","type-page","status-publish","hentry"],"acf":[],"_links":{"self":[{"href":"https:\/\/cimne.com\/ca\/wp-json\/wp\/v2\/pages\/245775","targetHints":{"allow":["GET"]}}],"collection":[{"href":"https:\/\/cimne.com\/ca\/wp-json\/wp\/v2\/pages"}],"about":[{"href":"https:\/\/cimne.com\/ca\/wp-json\/wp\/v2\/types\/page"}],"author":[{"embeddable":true,"href":"https:\/\/cimne.com\/ca\/wp-json\/wp\/v2\/users\/2"}],"replies":[{"embeddable":true,"href":"https:\/\/cimne.com\/ca\/wp-json\/wp\/v2\/comments?post=245775"}],"version-history":[{"count":0,"href":"https:\/\/cimne.com\/ca\/wp-json\/wp\/v2\/pages\/245775\/revisions"}],"up":[{"embeddable":true,"href":"https:\/\/cimne.com\/ca\/wp-json\/wp\/v2\/pages\/226547"}],"wp:attachment":[{"href":"https:\/\/cimne.com\/ca\/wp-json\/wp\/v2\/media?parent=245775"}],"curies":[{"name":"wp","href":"https:\/\/api.w.org\/{rel}","templated":true}]}}