{"id":245708,"date":"2025-04-11T11:28:27","date_gmt":"2025-04-11T09:28:27","guid":{"rendered":"https:\/\/cimne.com\/about\/our-values\/diversitat-inclusio\/"},"modified":"2026-02-25T16:07:01","modified_gmt":"2026-02-25T15:07:01","slug":"diversitat-inclusio","status":"publish","type":"page","link":"https:\/\/cimne.com\/ca\/sobre-nosaltres\/valors\/diversitat-inclusio\/","title":{"rendered":"Diversitat i inclusi\u00f3"},"content":{"rendered":"<p>[et_pb_section fb_built=&#8221;1&#8243; disabled_on=&#8221;off|off|off&#8221; admin_label=&#8221;Header&#8221; _builder_version=&#8221;4.27.5&#8243; _module_preset=&#8221;5117f25a-2f80-4d72-abc6-8bb8195e3c31&#8243; custom_padding=&#8221;144px||0px||false|false&#8221; border_width_bottom=&#8221;1px&#8221; border_color_bottom=&#8221;#d9d9d9&#8243; border_width_bottom_last_edited=&#8221;off|desktop&#8221; locked=&#8221;off&#8221; collapsed=&#8221;off&#8221; global_colors_info=&#8221;{}&#8221;][et_pb_row column_structure=&#8221;2_3,1_3&#8243; _builder_version=&#8221;4.27.5&#8243; _module_preset=&#8221;c0a9f887-e341-4d5a-9f1b-1241f8959980&#8243; hover_enabled=&#8221;0&#8243; global_colors_info=&#8221;{}&#8221; custom_css_main_element_last_edited=&#8221;on|desktop&#8221; custom_css_main_element_tablet=&#8221;display: flex;||flex-direction: column-reverse;&#8221; custom_css_main_element_phone=&#8221;display: flex;||flex-direction: column-reverse;&#8221; sticky_enabled=&#8221;0&#8243;][et_pb_column type=&#8221;2_3&#8243; _builder_version=&#8221;4.27.5&#8243; _module_preset=&#8221;56e57fde-4561-4cf6-a771-0a733a7201b1&#8243; custom_padding=&#8221;50px|3%|50px|3%|true|false&#8221; custom_padding_tablet=&#8221;50px||50px||true|false&#8221; custom_padding_phone=&#8221;50px|6%|50px|6%|true|true&#8221; custom_padding_last_edited=&#8221;on|desktop&#8221; hover_enabled=&#8221;0&#8243; border_width_right=&#8221;1px&#8221; border_color_right=&#8221;#d9d9d9&#8243; border_width_right_tablet=&#8221;0px&#8221; border_width_right_phone=&#8221;0px&#8221; border_width_right_last_edited=&#8221;on|desktop&#8221; global_colors_info=&#8221;{}&#8221; custom_css_main_element=&#8221;display: flex;||flex-direction: column;||justify-content: flex-end;&#8221; sticky_enabled=&#8221;0&#8243;][et_pb_divider color=&#8221;#004996&#8243; divider_position=&#8221;center&#8221; _builder_version=&#8221;4.27.0&#8243; _module_preset=&#8221;default&#8221; width=&#8221;85px&#8221; module_alignment=&#8221;left&#8221; custom_margin=&#8221;||0px||false|false&#8221; locked=&#8221;off&#8221; global_colors_info=&#8221;{}&#8221;][\/et_pb_divider][et_pb_text admin_label=&#8221;Subtitle&#8221; _builder_version=&#8221;4.27.5&#8243; _module_preset=&#8221;0962eb46-eaf5-4130-b8a8-ca44ca5695f6&#8243; global_colors_info=&#8221;{}&#8221;]<\/p>\nEls nostres valors\n<p>[\/et_pb_text][et_pb_heading title=&#8221;@ET-DC@eyJkeW5hbWljIjp0cnVlLCJjb250ZW50IjoicG9zdF90aXRsZSIsInNldHRpbmdzIjp7ImJlZm9yZSI6IiIsImFmdGVyIjoiIn19@&#8221; admin_label=&#8221;H1&#8243; _builder_version=&#8221;4.27.5&#8243; _dynamic_attributes=&#8221;title&#8221; _module_preset=&#8221;20f4cb02-b989-482e-b994-8f37b33e99a9&#8243; title_line_height_tablet=&#8221;&#8221; title_line_height_phone=&#8221;&#8221; title_line_height_last_edited=&#8221;on|phone&#8221; global_colors_info=&#8221;{}&#8221;][\/et_pb_heading][et_pb_text _builder_version=&#8221;4.27.4&#8243; _module_preset=&#8221;default&#8221; text_text_color=&#8221;#02a0a5&#8243; text_font_size=&#8221;1.5rem&#8221; text_font_size_tablet=&#8221;1.5rem&#8221; text_font_size_last_edited=&#8221;off|desktop&#8221; global_colors_info=&#8221;{}&#8221;]<\/p>\n<p>El CIMNE promou una pol\u00edtica d\u2019igualtat d\u2019oportunitats i de no-discriminaci\u00f3, des d&#8217;on celebrem la diversitat i donem suport al talent en totes les seves formes.<\/p>\n<p><\/p>\n<p>&nbsp;<\/p>\n<p>[\/et_pb_text][\/et_pb_column][et_pb_column type=&#8221;1_3&#8243; _builder_version=&#8221;4.27.5&#8243; _module_preset=&#8221;61350d84-566e-4f88-87e6-6bd5d2c6a9aa&#8221; custom_padding=&#8221;50px|3%|50px|3%|true|false&#8221; custom_padding_tablet=&#8221;50px|6%|0px|6%|false|true&#8221; custom_padding_phone=&#8221;50px|6%||6%|false|true&#8221; custom_padding_last_edited=&#8221;on|phone&#8221; hover_enabled=&#8221;0&#8243; global_colors_info=&#8221;{}&#8221; custom_css_main_element=&#8221;display: flex;||flex-direction: column;||justify-content: flex-end;&#8221; sticky_enabled=&#8221;0&#8243;][et_pb_image src=&#8221;https:\/\/cimne.com\/wp-content\/uploads\/2025\/06\/cimne-diversity.jpg&#8221; alt=&#8221;Diversidad en Cimne&#8221; title_text=&#8221;cimne-diversity&#8221; align=&#8221;center&#8221; force_fullwidth=&#8221;on&#8221; _builder_version=&#8221;4.27.5&#8243; _module_preset=&#8221;8e0b4b74-aeac-4741-955b-73ab202a4638&#8243; custom_margin=&#8221;||0px||false|false&#8221; global_colors_info=&#8221;{}&#8221;][\/et_pb_image][\/et_pb_column][\/et_pb_row][\/et_pb_section][et_pb_section fb_built=&#8221;1&#8243; admin_label=&#8221;Overview Tab&#8221; _builder_version=&#8221;4.27.4&#8243; _module_preset=&#8221;fed47f3e-3ebe-4259-a156-523c8e0b8966&#8243; locked=&#8221;off&#8221; collapsed=&#8221;off&#8221; global_colors_info=&#8221;{}&#8221;][et_pb_row column_structure=&#8221;1_3,1_3,1_3&#8243; _builder_version=&#8221;4.27.4&#8243; _module_preset=&#8221;c7c24b71-68f1-4ba2-bc79-49dcbcce5ea1&#8243; custom_margin=&#8221;|0px||0px|false|false&#8221; custom_padding=&#8221;50px|0px|50px|0px|false|false&#8221; border_color_top=&#8221;#d9d9d9&#8243; global_colors_info=&#8221;{}&#8221;][et_pb_column type=&#8221;1_3&#8243; _builder_version=&#8221;4.27.0&#8243; _module_preset=&#8221;56e57fde-4561-4cf6-a771-0a733a7201b1&#8243; global_colors_info=&#8221;{}&#8221;][\/et_pb_column][et_pb_column type=&#8221;1_3&#8243; _builder_version=&#8221;4.27.4&#8243; _module_preset=&#8221;ef683ec7-bbdd-4251-80e4-405fab8d3cab&#8221; global_colors_info=&#8221;{}&#8221;][et_pb_text _builder_version=&#8221;4.27.4&#8243; _module_preset=&#8221;default&#8221; global_colors_info=&#8221;{}&#8221;]<\/p>\n<p>Al CIMNE fomentem una cultura inclusiva que celebra el talent en totes les seves formes i impulsa l\u2019excel\u00b7l\u00e8ncia amb atenci\u00f3 a la diversitat. El nostre comprom\u00eds va m\u00e9s enll\u00e0 de les bones intencions i es tradueix en accions concretes que garanteixen la igualtat d\u2019oportunitats i la no-discriminaci\u00f3 per a tots els membres de la nostra comunitat.<\/p>\n<p><\/p>\n<p>Apliquem pol\u00edtiques integrals, com ara l\u2019estricte compliment del principi de \u201cmateix sou per la mateixa feina\u201d i mesures de conciliaci\u00f3 de la vida laboral i personal que superen els requisits legals. El nostre Pla d\u2019Igualtat 2022-2026 recull accions espec\u00edfiques per avan\u00e7ar en l\u2019equilibri de g\u00e8nere i la diversitat, mentre que l\u2019adhesi\u00f3 als principis de l\u2019Estrat\u00e8gia de Recursos Humans per a Investigadors (HRS4R) garanteix processos de contractaci\u00f3 transparents i basats en el m\u00e8rit.<\/p>\n<p><\/p>\n<p>Treballem conjuntament amb altres centres de recerca catalans per aprendre de les millors pr\u00e0ctiques i impulsar iniciatives espec\u00edfiques adre\u00e7ades a les investigadores, amb l\u2019objectiu d\u2019incrementar-ne la representaci\u00f3.<\/p>\n<p><\/p>\n<p>El nostre comprom\u00eds amb un entorn segur i respectu\u00f3s es refor\u00e7a amb el nostre Sistema d\u2019Alerta \u2014un canal confidencial per a suggeriments, demandes i den\u00fancies, que inclou suport espec\u00edfic en sup\u00f2sits d\u2019assetjament sexual. Aquest sistema garanteix una resposta immediata quan cal i s&#8217;emmarca en la nostra pol\u00edtica de toler\u00e0ncia zero davant la discriminaci\u00f3.<\/p>\n<p>[\/et_pb_text][\/et_pb_column][et_pb_column type=&#8221;1_3&#8243; _builder_version=&#8221;4.27.4&#8243; _module_preset=&#8221;e95bf652-31e8-4f55-bacc-fb42ee4964e2&#8243; global_colors_info=&#8221;{}&#8221;][et_pb_text _builder_version=&#8221;4.27.4&#8243; _module_preset=&#8221;default&#8221; global_colors_info=&#8221;{}&#8221;]<\/p>\n<p>Tamb\u00e9 promovem f\u00f3rmules flexibles de treball, programes de mentoratge i un suport integral per a les persones que s\u2019incorporen al centre.<\/p>\n<p><\/p>\n<p>&nbsp;<\/p>\n<p><\/p>\n<p>L\u2019esfor\u00e7 col\u00b7lectiu del CIMNE en mat\u00e8ria de diversitat i inclusi\u00f3 es regeix per una actitud inconformista que implica tota la comunitat. Revisa constantment les nostres pol\u00edtiques i n&#8217;establim mecanismes de millora cont\u00ednua.<\/p>\n<p><\/p>\n<p>&nbsp;<\/p>\n<p><\/p>\n<p>L\u2019excel\u00b7l\u00e8ncia al CIMNE s\u2019assoleix gr\u00e0cies al talent col\u00b7lectiu de la nostra comunitat diversa, on cada persona, sigui quin sigui el seu origen, \u00e9s valorada i compta amb el nostre suport.<\/p>\n<p><\/p>\n<p>&nbsp;<\/p>\n<p><\/p>\n<p>Els nostres compromisos principals inclouen:<\/p>\n<p><\/p>\n<p>&nbsp;<\/p>\n<p><\/p>\n<ul>\n<li>Pol\u00edtica estricta d\u2019igual sou per la mateixa feina<\/li>\n<li>Mesures de conciliaci\u00f3 de la vida laboral i personal que superen els requisits legals<\/li>\n<li>Pla espec\u00edfic d\u2019Igualtat d\u2019Oportunitats amb accions concretes<\/li>\n<li>Adhesi\u00f3 als principis de l\u2019Estrat\u00e8gia de Recursos Humans per a Investigadors (HRS4R)<\/li>\n<li>Sistema d\u2019Alerta exclusiu per a comunicacions i suport confidencials<\/li>\n<li>Pol\u00edtica de toler\u00e0ncia zero amb protocols de resposta immediata davant la discriminaci\u00f3 i l\u2019assetjament<\/li>\n<\/ul>\n<p>[\/et_pb_text][\/et_pb_column][\/et_pb_row][\/et_pb_section][et_pb_section fb_built=&#8221;1&#8243; admin_label=&#8221;Downloads&#8221; _builder_version=&#8221;4.27.4&#8243; _module_preset=&#8221;fed47f3e-3ebe-4259-a156-523c8e0b8966&#8243; background_color=&#8221;#f2f2f2&#8243; locked=&#8221;off&#8221; collapsed=&#8221;off&#8221; global_colors_info=&#8221;{}&#8221;][et_pb_row column_structure=&#8221;1_3,1_3,1_3&#8243; _builder_version=&#8221;4.27.4&#8243; _module_preset=&#8221;c7c24b71-68f1-4ba2-bc79-49dcbcce5ea1&#8243; custom_margin=&#8221;|0px||0px|false|false&#8221; custom_padding=&#8221;0px|0px|50px|0px|false|false&#8221; border_color_top=&#8221;#d9d9d9&#8243; global_colors_info=&#8221;{}&#8221;][et_pb_column type=&#8221;1_3&#8243; _builder_version=&#8221;4.27.0&#8243; _module_preset=&#8221;56e57fde-4561-4cf6-a771-0a733a7201b1&#8243; global_colors_info=&#8221;{}&#8221;][et_pb_heading title=&#8221;Desc\u00e0rregues&#8221; disabled_on=&#8221;on|on|on&#8221; admin_label=&#8221;H2&#8243; _builder_version=&#8221;4.27.4&#8243; _module_preset=&#8221;6c256435-de73-4f9c-9a0e-62dcdb6f3b74&#8243; title_text_color=&#8221;#004996&#8243; disabled=&#8221;on&#8221; global_colors_info=&#8221;{}&#8221;][\/et_pb_heading][\/et_pb_column][et_pb_column type=&#8221;1_3&#8243; _builder_version=&#8221;4.27.0&#8243; _module_preset=&#8221;56e57fde-4561-4cf6-a771-0a733a7201b1&#8243; global_colors_info=&#8221;{}&#8221;][et_pb_blurb title=&#8221;Descarrega el nostre pla d&#039;igualtat&#8221; url=&#8221;https:\/\/cimne.com\/cvdata\/cntr2\/spc2\/dtos\/mdia\/About\/transparency\/Plan-de-Igualdad-2022-2026_Final_firmado.pdf&#8221; url_new_window=&#8221;on&#8221; use_icon=&#8221;on&#8221; font_icon=&#8221;&#xf15b;||fa||400&#8243; icon_placement=&#8221;left&#8221; admin_label=&#8221;Download File&#8221; _builder_version=&#8221;4.27.4&#8243; _module_preset=&#8221;default&#8221; border_width_left=&#8221;0px&#8221; border_color_left=&#8221;RGBA(255,255,255,0)&#8221; global_colors_info=&#8221;{}&#8221;][\/et_pb_blurb][et_pb_blurb title=&#8221;Descarrega el nostre pla LGBTQ+&#8221; url=&#8221;https:\/\/www.cimne.com\/cvdata\/cntr2\/spc2\/dtos\/mdia\/About\/transparency\/Plan-LGTBI-CIMNE_09.04.2025.pdf&#8221; url_new_window=&#8221;on&#8221; use_icon=&#8221;on&#8221; font_icon=&#8221;&#xf15b;||fa||400&#8243; icon_placement=&#8221;left&#8221; admin_label=&#8221;Download File&#8221; _builder_version=&#8221;4.27.4&#8243; _module_preset=&#8221;default&#8221; border_width_left=&#8221;0px&#8221; border_color_left=&#8221;RGBA(255,255,255,0)&#8221; global_colors_info=&#8221;{}&#8221;][\/et_pb_blurb][\/et_pb_column][et_pb_column type=&#8221;1_3&#8243; _builder_version=&#8221;4.27.0&#8243; _module_preset=&#8221;56e57fde-4561-4cf6-a771-0a733a7201b1&#8243; global_colors_info=&#8221;{}&#8221;][\/et_pb_column][\/et_pb_row][\/et_pb_section]<\/p>\n","protected":false},"excerpt":{"rendered":"<p>Els nostres valorsEl CIMNE promou una pol\u00edtica d\u2019igualtat d\u2019oportunitats i de no-discriminaci\u00f3, des d&#8217;on celebrem la diversitat i donem suport al talent en totes les seves formes.&nbsp;Al CIMNE fomentem una cultura inclusiva que celebra el talent en totes les seves formes i impulsa l\u2019excel\u00b7l\u00e8ncia amb atenci\u00f3 a la diversitat. El nostre comprom\u00eds va m\u00e9s enll\u00e0 de les [&hellip;]<\/p>\n","protected":false},"author":2,"featured_media":0,"parent":226507,"menu_order":0,"comment_status":"closed","ping_status":"closed","template":"","meta":{"_acf_changed":false,"_et_pb_use_builder":"on","_et_pb_old_content":"","_et_gb_content_width":"","slim_seo":{"title":"Diversitat i inclusi\u00f3 - CIMNE","description":"El CIMNE promou una pol\u00edtica d\u2019igualtat d\u2019oportunitats i de no-discriminaci\u00f3, des d'on celebrem la diversitat i donem suport al talent en totes les seves formes"},"footnotes":""},"class_list":["post-245708","page","type-page","status-publish","hentry"],"acf":[],"_links":{"self":[{"href":"https:\/\/cimne.com\/ca\/wp-json\/wp\/v2\/pages\/245708","targetHints":{"allow":["GET"]}}],"collection":[{"href":"https:\/\/cimne.com\/ca\/wp-json\/wp\/v2\/pages"}],"about":[{"href":"https:\/\/cimne.com\/ca\/wp-json\/wp\/v2\/types\/page"}],"author":[{"embeddable":true,"href":"https:\/\/cimne.com\/ca\/wp-json\/wp\/v2\/users\/2"}],"replies":[{"embeddable":true,"href":"https:\/\/cimne.com\/ca\/wp-json\/wp\/v2\/comments?post=245708"}],"version-history":[{"count":0,"href":"https:\/\/cimne.com\/ca\/wp-json\/wp\/v2\/pages\/245708\/revisions"}],"up":[{"embeddable":true,"href":"https:\/\/cimne.com\/ca\/wp-json\/wp\/v2\/pages\/226507"}],"wp:attachment":[{"href":"https:\/\/cimne.com\/ca\/wp-json\/wp\/v2\/media?parent=245708"}],"curies":[{"name":"wp","href":"https:\/\/api.w.org\/{rel}","templated":true}]}}