{"id":245364,"date":"2025-04-29T15:01:38","date_gmt":"2025-04-29T13:01:38","guid":{"rendered":"https:\/\/cimne.com\/innovation\/innovation-units\/building-energy-and-environment-beegroup\/comunitats-i-municipis-denergia\/"},"modified":"2026-03-20T13:58:31","modified_gmt":"2026-03-20T12:58:31","slug":"energia-transicio-i-adaptacio-al-clima","status":"publish","type":"page","link":"https:\/\/cimne.com\/ca\/innovacio\/unitats-innovacio\/construccio-energia-i-medi-ambient-beegroup\/energia-transicio-i-adaptacio-al-clima\/","title":{"rendered":"Transici\u00f3 energ\u00e8tica i adaptaci\u00f3 clim\u00e0tica a ciutats i comunitats"},"content":{"rendered":"<p>[et_pb_section fb_built=&#8221;1&#8243; disabled_on=&#8221;off|off|off&#8221; admin_label=&#8221;Intro desktop&#8221; module_id=&#8221;first-section&#8221; _builder_version=&#8221;4.27.4&#8243; background_color=&#8221;rgba(35,229,89,0.2)&#8221; positioning=&#8221;none&#8221; custom_margin=&#8221;0px||0px||false|false&#8221; custom_padding=&#8221;0px||0px||false|false&#8221; border_width_all=&#8221;1px&#8221; border_color_all=&#8221;#d9d9d9&#8243; border_width_top=&#8221;1px&#8221; border_color_top=&#8221;#d9d9d9&#8243; border_width_right=&#8221;1px&#8221; border_color_right=&#8221;#d9d9d9&#8243; border_width_left=&#8221;1px&#8221; border_color_left=&#8221;#d9d9d9&#8243; collapsed=&#8221;off&#8221; global_colors_info=&#8221;{}&#8221;][et_pb_row column_structure=&#8221;2_3,1_3&#8243; _builder_version=&#8221;4.27.4&#8243; _module_preset=&#8221;c7c24b71-68f1-4ba2-bc79-49dcbcce5ea1&#8243; custom_margin_tablet=&#8221;&#8221; custom_margin_phone=&#8221;&#8221; custom_margin_last_edited=&#8221;on|phone&#8221; global_colors_info=&#8221;{}&#8221;][et_pb_column type=&#8221;2_3&#8243; _builder_version=&#8221;4.27.4&#8243; _module_preset=&#8221;56e57fde-4561-4cf6-a771-0a733a7201b1&#8243; custom_padding=&#8221;0px|3%|50px|3%|false|true&#8221; custom_padding_tablet=&#8221;0px|3%||3%|false|true&#8221; custom_padding_phone=&#8221;0px|3%||3%|false|true&#8221; custom_padding_last_edited=&#8221;on|desktop&#8221; border_width_right=&#8221;1px&#8221; border_color_right=&#8221;#d9d9d9&#8243; border_width_right_tablet=&#8221;0px&#8221; border_width_right_phone=&#8221;0px&#8221; border_width_right_last_edited=&#8221;on|phone&#8221; global_colors_info=&#8221;{}&#8221;][et_pb_divider color=&#8221;#004996&#8243; divider_position=&#8221;center&#8221; _builder_version=&#8221;4.27.0&#8243; _module_preset=&#8221;default&#8221; width=&#8221;85px&#8221; module_alignment=&#8221;left&#8221; custom_margin=&#8221;||0px||false|false&#8221; global_colors_info=&#8221;{}&#8221;][\/et_pb_divider][et_pb_text admin_label=&#8221;Subtitle&#8221; _builder_version=&#8221;4.27.5&#8243; _module_preset=&#8221;0962eb46-eaf5-4130-b8a8-ca44ca5695f6&#8243; locked=&#8221;off&#8221; global_colors_info=&#8221;{}&#8221;]<\/p>\n<p>L\u00edneas de recerca<\/p>\n<p>[\/et_pb_text][et_pb_heading title=&#8221;@ET-DC@eyJkeW5hbWljIjp0cnVlLCJjb250ZW50IjoicG9zdF90aXRsZSIsInNldHRpbmdzIjp7ImJlZm9yZSI6IiIsImFmdGVyIjoiIn19@&#8221; admin_label=&#8221;H1&#8243; _builder_version=&#8221;4.27.6&#8243; _dynamic_attributes=&#8221;title&#8221; _module_preset=&#8221;20f4cb02-b989-482e-b994-8f37b33e99a9&#8243; title_text_color=&#8221;#0f9d58&#8243; hover_enabled=&#8221;0&#8243; title_line_height_tablet=&#8221;&#8221; title_line_height_phone=&#8221;&#8221; title_line_height_last_edited=&#8221;on|phone&#8221; locked=&#8221;off&#8221; global_colors_info=&#8221;{}&#8221; sticky_enabled=&#8221;0&#8243;][\/et_pb_heading][et_pb_blurb title=&#8221;Unitat d&#039;Innovaci\u00f3&#8221; image=&#8221;https:\/\/cimne.com\/wp-content\/uploads\/2025\/06\/beecimne-logo-green.png&#8221; image_icon_width=&#8221;200px&#8221; _builder_version=&#8221;4.27.4&#8243; _module_preset=&#8221;318d4114-0a2a-4600-a80d-ed4f60c9034c&#8221; header_text_color=&#8221;#444444&#8243; image_icon_custom_padding=&#8221;0rem||||false|false&#8221; border_radii_image=&#8221;on|0px|0px|0px|0px&#8221; global_colors_info=&#8221;{}&#8221;]<\/p>\n<p>Construcci\u00f3, energia i medi ambient (BEEGroup)<\/p>\n<p>[\/et_pb_blurb][\/et_pb_column][et_pb_column type=&#8221;1_3&#8243; _builder_version=&#8221;4.27.4&#8243; _module_preset=&#8221;56e57fde-4561-4cf6-a771-0a733a7201b1&#8243; custom_padding=&#8221;0px|3%||3%|false|true&#8221; custom_padding_tablet=&#8221;0px|6%|50px|6%|false|true&#8221; custom_padding_phone=&#8221;||||false|true&#8221; custom_css_main_element=&#8221;display: flex;||flex-direction: column;||align-items: flex-end;||justify-content: center;&#8221; border_width_right_tablet=&#8221;0px&#8221; border_width_right_phone=&#8221;0px&#8221; border_width_right_last_edited=&#8221;on|phone&#8221; global_colors_info=&#8221;{}&#8221;][et_pb_code _builder_version=&#8221;4.27.4&#8243; _module_preset=&#8221;default&#8221; custom_padding=&#8221;||25px||false|false&#8221; link_option_url=&#8221;https:\/\/cimne.com\/ca\/innovacio\/unitats-innovacio\/construccio-energia-i-medi-ambient-beegroup\/?tab=research&#8221; global_colors_info=&#8221;{}&#8221;]<\/p>\n<div><span class=\"back\">Enrere<\/span><\/div>\n<p>[\/et_pb_code][et_pb_image src=&#8221;https:\/\/cimne.com\/wp-content\/uploads\/2025\/01\/6323ea8c9d65d7e2906ebb9160ce28ad.jpg&#8221; title_text=&#8221;6323ea8c9d65d7e2906ebb9160ce28ad&#8221; align=&#8221;center&#8221; force_fullwidth=&#8221;on&#8221; _builder_version=&#8221;4.27.4&#8243; _module_preset=&#8221;93ceb7f0-f4b5-45d5-902c-4c83237d3321&#8243; height=&#8221;200px&#8221; custom_margin=&#8221;||||false|false&#8221; global_colors_info=&#8221;{}&#8221;][\/et_pb_image][\/et_pb_column][\/et_pb_row][\/et_pb_section][et_pb_section fb_built=&#8221;1&#8243; admin_label=&#8221;Tab Top&#8221; _builder_version=&#8221;4.27.4&#8243; _module_preset=&#8221;fed47f3e-3ebe-4259-a156-523c8e0b8966&#8243; locked=&#8221;off&#8221; collapsed=&#8221;off&#8221; global_colors_info=&#8221;{}&#8221;][et_pb_row column_structure=&#8221;1_3,1_3,1_3&#8243; _builder_version=&#8221;4.27.4&#8243; _module_preset=&#8221;c7c24b71-68f1-4ba2-bc79-49dcbcce5ea1&#8243; custom_margin=&#8221;|0px||0px|false|false&#8221; global_colors_info=&#8221;{}&#8221;][et_pb_column type=&#8221;1_3&#8243; _builder_version=&#8221;4.27.4&#8243; _module_preset=&#8221;56e57fde-4561-4cf6-a771-0a733a7201b1&#8243; custom_padding=&#8221;50px|3%|50px|3%|true|false&#8221; custom_padding_tablet=&#8221;&#8221; custom_padding_phone=&#8221;&#8221; custom_padding_last_edited=&#8221;on|desktop&#8221; global_colors_info=&#8221;{}&#8221;][\/et_pb_column][et_pb_column type=&#8221;1_3&#8243; _builder_version=&#8221;4.27.4&#8243; _module_preset=&#8221;56e57fde-4561-4cf6-a771-0a733a7201b1&#8243; custom_padding=&#8221;50px|3%|50px|3%|true|false&#8221; custom_padding_tablet=&#8221;&#8221; custom_padding_phone=&#8221;&#8221; custom_padding_last_edited=&#8221;on|desktop&#8221; border_width_right=&#8221;1px&#8221; border_color_right=&#8221;#d9d9d9&#8243; global_colors_info=&#8221;{}&#8221;][et_pb_text _builder_version=&#8221;4.27.4&#8243; _module_preset=&#8221;default&#8221; text_font=&#8221;&#8211;et_global_body_font||||||||&#8221; text_text_color=&#8221;#444444&#8243; text_font_size=&#8221;1.1rem&#8221; text_line_height=&#8221;1.5rem&#8221; global_colors_info=&#8221;{}&#8221;]<\/p>\n<p>Creiem que empoderar les persones i integrar el coneixement territorial \u00e9s essencial per a una <strong>transici\u00f3 energ\u00e8tica justa i inclusiva<\/strong>. Combinem la <strong>participaci\u00f3 activa<\/strong> de consumidors i gestors amb eines avan\u00e7ades de planificaci\u00f3 territorial i anal\u00edtica urbana que milloren la presa de decisions per part de particulars, institucions i governs locals.<\/p>\n<p>Recentment hem ampliat el nostre enfocament per incloure la resili\u00e8ncia clim\u00e0tica i la <strong>vulnerabilitat espacial<\/strong>, integrant dades socioecon\u00f2miques, energ\u00e8tiques i ambientals. En projectes com <a href=\"https:\/\/cimne.com\/ca\/recerca\/projects\/project-card\/?id=976\">Climate Ready Barcelona<\/a>, desenvolupem eines que identifiquen \u00e0rees i col\u00b7lectius amb major risc de pobresa energ\u00e8tica i clima extrem.<\/p>\n<p>Un component clau \u00e9s el nostre \u00cdndex de <strong>Vulnerabilitat Clim\u00e0tica (IVC)<\/strong>, un indicador complet que avalua l&#8217;exposici\u00f3, la sensibilitat i la capacitat adaptativa a les ones de calor. Aplicat a ciutats com Barcelona, l&#8217;IVC guia la <strong>prioritzaci\u00f3 d&#8217;intervencions<\/strong> en pol\u00edtiques d&#8217;urbanisme, rehabilitaci\u00f3 i adaptaci\u00f3 (per exemple, refugis clim\u00e0tics, arbres, ombra, gesti\u00f3 de l&#8217;illa de calor).<\/p>\n<p>Treballem en dues \u00e0rees principals:<\/p>\n<p>. <strong>L&#8217;adaptaci\u00f3 i resili\u00e8ncia clim\u00e0tica urbana<\/strong>, utilitzant MAPA i MCity per a cartografiar riscos, modelar escenaris i donar suport a l&#8217;acci\u00f3 local.<\/p>\n<p>, <strong>Transici\u00f3 energ\u00e8tica comunit\u00e0ria<\/strong>, promoci\u00f3 de comunitats energ\u00e8tiques (CCEE), distribuci\u00f3 din\u00e0mica i optimitzaci\u00f3 de recursos distribu\u00efts (PV, BESS) per reduir costos i emissions.<\/p>\n<p>Ens esforcem per convertir residents, gestors i edificis en agents proactius de la transici\u00f3 energ\u00e8tica, assegurant que ning\u00fa es quedi enrere.<\/p>\n<p>[\/et_pb_text][\/et_pb_column][et_pb_column type=&#8221;1_3&#8243; _builder_version=&#8221;4.27.4&#8243; _module_preset=&#8221;56e57fde-4561-4cf6-a771-0a733a7201b1&#8243; custom_padding_tablet=&#8221;50px|6%|50px|6%|true|true&#8221; custom_padding_phone=&#8221;50px|6%||6%|false|true&#8221; global_colors_info=&#8221;{}&#8221;][et_pb_blurb title=&#8221;Definici\u00f3&#8221; image=&#8221;https:\/\/cimne.com\/wp-content\/uploads\/2025\/06\/lines-file.png&#8221; image_icon_width=&#8221;64px&#8221; _builder_version=&#8221;4.27.4&#8243; _module_preset=&#8221;318d4114-0a2a-4600-a80d-ed4f60c9034c&#8221; header_level=&#8221;h6&#8243; header_text_color=&#8221;#0f9d58&#8243; header_line_height=&#8221;1.4rem&#8221; image_icon_custom_padding=&#8221;0rem||||false|false&#8221; custom_padding=&#8221;|0px|20px|0px|false|true&#8221; custom_css_free_form=&#8221;.blurb-body-text-subheading em {||\tfont-family: &#8216;Lora&#8217;, Georgia, %22Times New Roman%22, serif;||}&#8221; border_radii_image=&#8221;on|0px|0px|0px|0px&#8221; global_colors_info=&#8221;{}&#8221;]<\/p>\n<p><span dir=\"auto\" style=\"vertical-align: inherit;\">Identificar les necessitats i analitzar les dades de consum i generaci\u00f3 d&#8217;energia<\/span><\/p>\n<p>[\/et_pb_blurb][et_pb_blurb title=&#8221;Disseny&#8221; image=&#8221;https:\/\/cimne.com\/wp-content\/uploads\/2025\/06\/pencil-ruler.png&#8221; image_icon_width=&#8221;64px&#8221; _builder_version=&#8221;4.27.4&#8243; _module_preset=&#8221;318d4114-0a2a-4600-a80d-ed4f60c9034c&#8221; header_level=&#8221;h6&#8243; header_text_color=&#8221;#0f9d58&#8243; header_line_height=&#8221;1.4rem&#8221; image_icon_custom_padding=&#8221;0rem||||false|false&#8221; custom_padding=&#8221;|0px|20px|0px|false|true&#8221; custom_css_free_form=&#8221;.blurb-body-text-subheading em {||\tfont-family: &#8216;Lora&#8217;, Georgia, %22Times New Roman%22, serif;||}&#8221; border_radii_image=&#8221;on|0px|0px|0px|0px&#8221; global_colors_info=&#8221;{}&#8221;]<\/p>\n<p><span dir=\"auto\" style=\"vertical-align: inherit;\">Desenvolupar estrat\u00e8gies per compartir i optimitzar l&#8217;energia amb experts i comunitats locals<\/span><\/p>\n<p>[\/et_pb_blurb][et_pb_blurb title=&#8221;An\u00e0lisi&#8221; image=&#8221;https:\/\/cimne.com\/wp-content\/uploads\/2025\/06\/cimne-beegroup-analysis2.png&#8221; image_icon_width=&#8221;64px&#8221; _builder_version=&#8221;4.27.4&#8243; _module_preset=&#8221;318d4114-0a2a-4600-a80d-ed4f60c9034c&#8221; header_level=&#8221;h6&#8243; header_text_color=&#8221;#0f9d58&#8243; header_line_height=&#8221;1.4rem&#8221; image_icon_custom_padding=&#8221;0rem||||false|false&#8221; custom_padding=&#8221;|0px|20px|0px|false|true&#8221; custom_css_free_form=&#8221;.blurb-body-text-subheading em {||\tfont-family: &#8216;Lora&#8217;, Georgia, %22Times New Roman%22, serif;||}&#8221; border_radii_image=&#8221;on|0px|0px|0px|0px&#8221; global_colors_info=&#8221;{}&#8221;]<\/p>\n<p><span data-sheets-root=\"1\"><span dir=\"auto\" style=\"vertical-align: inherit;\">Avaluar models de fluxos d&#8217;energia i comportaments comunitaris.<\/span><\/span><\/p>\n<p>[\/et_pb_blurb][et_pb_blurb title=&#8221;Implementaci\u00f3&#8221; image=&#8221;https:\/\/cimne.com\/wp-content\/uploads\/2025\/06\/cimne-beegroup-implementation2.png&#8221; image_icon_width=&#8221;64px&#8221; _builder_version=&#8221;4.27.4&#8243; _module_preset=&#8221;318d4114-0a2a-4600-a80d-ed4f60c9034c&#8221; header_level=&#8221;h6&#8243; header_text_color=&#8221;#0f9d58&#8243; header_line_height=&#8221;1.4rem&#8221; image_icon_custom_padding=&#8221;0rem||||false|false&#8221; custom_padding=&#8221;|0px|20px|0px|false|true&#8221; border_radii_image=&#8221;on|0px|0px|0px|0px&#8221; global_colors_info=&#8221;{}&#8221;]<\/p>\n<p><span dir=\"auto\" style=\"vertical-align: inherit;\">Aplicar solucions per a la remodelaci\u00f3 i el control intel\u00b7ligent de l&#8217;energia<\/span><\/p>\n<p>[\/et_pb_blurb][et_pb_blurb title=&#8221;Avaluaci\u00f3&#8221; image=&#8221;https:\/\/cimne.com\/wp-content\/uploads\/2025\/06\/cimne-beegroup-evaluation2.png&#8221; image_icon_width=&#8221;64px&#8221; _builder_version=&#8221;4.27.4&#8243; _module_preset=&#8221;318d4114-0a2a-4600-a80d-ed4f60c9034c&#8221; header_level=&#8221;h6&#8243; header_text_color=&#8221;#0f9d58&#8243; header_line_height=&#8221;1.4rem&#8221; image_icon_custom_padding=&#8221;0rem||||false|false&#8221; custom_padding=&#8221;|0px|20px|0px|false|true&#8221; custom_css_free_form=&#8221;.blurb-body-text-subheading em {||\tfont-family: &#8216;Lora&#8217;, Georgia, %22Times New Roman%22, serif;||}&#8221; border_radii_image=&#8221;on|0px|0px|0px|0px&#8221; global_colors_info=&#8221;{}&#8221;]<\/p>\n<p><span dir=\"auto\" style=\"vertical-align: inherit;\">Supervisar els resultats i millorar el rendiment de la comunitat energ\u00e8tica.<\/span><\/p>\n<p>[\/et_pb_blurb][\/et_pb_column][\/et_pb_row][\/et_pb_section][et_pb_section fb_built=&#8221;1&#8243; disabled_on=&#8221;on|on|on&#8221; admin_label=&#8221;Research Projects&#8221; _builder_version=&#8221;4.27.6&#8243; _module_preset=&#8221;fed47f3e-3ebe-4259-a156-523c8e0b8966&#8243; background_color=&#8221;#f2f2f2&#8243; disabled=&#8221;on&#8221; locked=&#8221;off&#8221; collapsed=&#8221;off&#8221; global_colors_info=&#8221;{}&#8221;][et_pb_row _builder_version=&#8221;4.27.4&#8243; _module_preset=&#8221;c7c24b71-68f1-4ba2-bc79-49dcbcce5ea1&#8243; custom_margin=&#8221;|0px||0px|false|false&#8221; global_colors_info=&#8221;{}&#8221;][et_pb_column type=&#8221;4_4&#8243; _builder_version=&#8221;4.27.4&#8243; _module_preset=&#8221;56e57fde-4561-4cf6-a771-0a733a7201b1&#8243; custom_padding=&#8221;50px|3%|50px|3%|true|false&#8221; custom_padding_tablet=&#8221;&#8221; custom_padding_phone=&#8221;&#8221; custom_padding_last_edited=&#8221;on|desktop&#8221; global_colors_info=&#8221;{}&#8221;][et_pb_heading title=&#8221;Projectes de Recerca&#8221; _builder_version=&#8221;4.27.4&#8243; _module_preset=&#8221;default&#8221; title_level=&#8221;h4&#8243; title_font=&#8221;&#8211;et_global_heading_font|600|||||||&#8221; title_text_color=&#8221;#0f9d58&#8243; title_font_size=&#8221;2rem&#8221; title_line_height=&#8221;2rem&#8221; custom_padding=&#8221;||20px||false|false&#8221; locked=&#8221;off&#8221; global_colors_info=&#8221;{}&#8221;][\/et_pb_heading][et_pb_code module_id=&#8221;contracts-container&#8221; _builder_version=&#8221;4.27.4&#8243; _module_preset=&#8221;default&#8221; locked=&#8221;off&#8221; global_colors_info=&#8221;{}&#8221;][\/et_pb_code][\/et_pb_column][\/et_pb_row][\/et_pb_section][et_pb_section fb_built=&#8221;1&#8243; admin_label=&#8221;View More&#8221; module_class=&#8221;show-nav-tab  iu-nav-tab-1&#8243; _builder_version=&#8221;4.27.4&#8243; _module_preset=&#8221;fed47f3e-3ebe-4259-a156-523c8e0b8966&#8243; background_color=&#8221;#0f9d58&#8243; locked=&#8221;off&#8221; collapsed=&#8221;off&#8221; global_colors_info=&#8221;{}&#8221;][et_pb_row column_structure=&#8221;2_3,1_3&#8243; disabled_on=&#8221;off|off|off&#8221; _builder_version=&#8221;4.27.4&#8243; _module_preset=&#8221;c7c24b71-68f1-4ba2-bc79-49dcbcce5ea1&#8243; height=&#8221;140px&#8221; custom_css_main_element=&#8221;display: flex;||align-items: center;&#8221; global_colors_info=&#8221;{}&#8221;][et_pb_column type=&#8221;2_3&#8243; _builder_version=&#8221;4.27.4&#8243; _module_preset=&#8221;56e57fde-4561-4cf6-a771-0a733a7201b1&#8243; custom_padding=&#8221;0px|3%||3%|false|false&#8221; custom_padding_tablet=&#8221;0px|3%||3%|false|false&#8221; custom_padding_phone=&#8221;0px|3%||3%|false|false&#8221; custom_padding_last_edited=&#8221;on|desktop&#8221; global_colors_info=&#8221;{}&#8221;][et_pb_text admin_label=&#8221;View More&#8221; _builder_version=&#8221;4.27.4&#8243; _module_preset=&#8221;default&#8221; text_font=&#8221;|300|||||||&#8221; text_text_color=&#8221;#FFFFFF&#8221; text_font_size=&#8221;1.1rem&#8221; text_line_height=&#8221;1.5rem&#8221; header_text_color=&#8221;#FFFFFF&#8221; positioning=&#8221;relative&#8221; position_origin_a=&#8221;bottom_left&#8221; position_origin_r=&#8221;bottom_left&#8221; width=&#8221;100%&#8221; custom_padding=&#8221;||||false|false&#8221; link_option_url=&#8221;#&#8221; text_text_color_tablet=&#8221;#000000&#8243; text_text_color_last_edited=&#8221;off|phone&#8221; header_text_color_last_edited=&#8221;off|phone&#8221; text_orientation_tablet=&#8221;left&#8221; text_orientation_phone=&#8221;left&#8221; text_orientation_last_edited=&#8221;off|desktop&#8221; module_alignment_tablet=&#8221;right&#8221; module_alignment_phone=&#8221;right&#8221; module_alignment_last_edited=&#8221;on|phone&#8221; global_colors_info=&#8221;{}&#8221;]<\/p>\n<p><span dir=\"auto\" style=\"vertical-align: inherit;\">T&#8217;agradaria col\u00b7laborar o comen\u00e7ar un projecte nou?<\/span><\/p>\n<p>[\/et_pb_text][\/et_pb_column][et_pb_column type=&#8221;1_3&#8243; _builder_version=&#8221;4.27.4&#8243; _module_preset=&#8221;56e57fde-4561-4cf6-a771-0a733a7201b1&#8243; custom_padding=&#8221;0px|3%||3%|false|false&#8221; custom_padding_tablet=&#8221;0px|3%||3%|false|false&#8221; custom_padding_phone=&#8221;0px|3%||3%|false|false&#8221; custom_padding_last_edited=&#8221;on|desktop&#8221; global_colors_info=&#8221;{}&#8221;][et_pb_text content_tablet=&#8221;<\/p>\n<div class=%22flecha-container flecha-container-position-left%22>    <span class=%22cuerpo-flecha%22> <\/span>    <span class=%22punta-flecha%22> <\/span>      <span class=%22text-flecha%22> Contacta<\/span><\/div>\n<p>&#8221; content_phone=&#8221;<\/p>\n<div class=%22flecha-container flecha-container-position-left%22>    <span class=%22cuerpo-flecha%22> <\/span>    <span class=%22punta-flecha%22> <\/span>      <span class=%22text-flecha%22> Contacta<\/span><\/div>\n<p>&#8221; content_last_edited=&#8221;off|desktop&#8221; admin_label=&#8221;View More&#8221; module_class=&#8221;clickable-cta&#8221; _builder_version=&#8221;4.27.6&#8243; _module_preset=&#8221;default&#8221; text_font=&#8221;|600||on|||||&#8221; text_text_color=&#8221;#ffffff&#8221; text_font_size=&#8221;1.1rem&#8221; text_line_height=&#8221;1.5rem&#8221; transform_translate_linked__hover=&#8221;off&#8221; text_orientation=&#8221;right&#8221; width=&#8221;50%&#8221; width_tablet=&#8221;100%&#8221; width_phone=&#8221;100%&#8221; width_last_edited=&#8221;on|phone&#8221; module_alignment=&#8221;left&#8221; link_option_url=&#8221;mailto:info.beegroup@cimne.upc.edu&#8221; text_text_color_tablet=&#8221;#000000&#8243; text_text_color_phone=&#8221;#000000&#8243; text_text_color_last_edited=&#8221;on|tablet&#8221; text_orientation_tablet=&#8221;left&#8221; text_orientation_phone=&#8221;left&#8221; text_orientation_last_edited=&#8221;on|tablet&#8221; module_alignment_tablet=&#8221;right&#8221; module_alignment_phone=&#8221;right&#8221; module_alignment_last_edited=&#8221;on|phone&#8221; global_colors_info=&#8221;{}&#8221; transform_styles__hover_enabled=&#8221;off|desktop&#8221; transform_scale__hover_enabled=&#8221;off|desktop&#8221; transform_translate__hover_enabled=&#8221;off|desktop&#8221; transform_rotate__hover_enabled=&#8221;off|desktop&#8221; transform_skew__hover_enabled=&#8221;off|desktop&#8221; transform_origin__hover_enabled=&#8221;off|desktop&#8221; transform_translate__hover=&#8221;15px|0px&#8221; transform_scale__hover=&#8221;114%|100%&#8221;]<\/p>\n<div class=\"flecha-container-position-left\">\n    <span class=\"cuerpo-flecha-white\"> <\/span><br \/>\n    <span class=\"punta-flecha-white\"> <\/span><br \/>\n      <span class=\"text-flecha-white\">Contacta <\/span><\/div>\n<p>[\/et_pb_text][\/et_pb_column][\/et_pb_row][\/et_pb_section][et_pb_section fb_built=&#8221;1&#8243; admin_label=&#8221;WS attr&#8221; _builder_version=&#8221;4.27.4&#8243; _module_preset=&#8221;default&#8221; custom_margin=&#8221;0px|0px|0px|0px|true|true&#8221; custom_padding=&#8221;0px|0px|0px|0px|true|true&#8221; global_colors_info=&#8221;{}&#8221;][et_pb_row admin_label=&#8221;WS attr&#8221; _builder_version=&#8221;4.27.4&#8243; _module_preset=&#8221;_initial&#8221; custom_margin=&#8221;0px|0px|0px|0px|true|true&#8221; custom_padding=&#8221;0px|0px|0px|0px|true|true&#8221; global_colors_info=&#8221;{}&#8221;][et_pb_column type=&#8221;4_4&#8243; _builder_version=&#8221;4.27.4&#8243; _module_preset=&#8221;default&#8221; global_colors_info=&#8221;{}&#8221;][et_pb_code admin_label=&#8221;WS attr&#8221; _builder_version=&#8221;4.27.5&#8243; _module_preset=&#8221;default&#8221; custom_margin=&#8221;0px|0px|0px|0px|true|true&#8221; custom_padding=&#8221;0px|0px|0px|0px|true|true&#8221; global_colors_info=&#8221;{}&#8221;]<\/p>\n<div id=\"gsheets-call\" sheet-code=\"building-energy-and-environment-beegroup\" rl-code=\"energy-transition-and-climate-adaptation\"><\/div>\n<p>[\/et_pb_code][\/et_pb_column][\/et_pb_row][\/et_pb_section]<\/p>\n","protected":false},"excerpt":{"rendered":"<p>L\u00edneas de recercaConstrucci\u00f3, energia i medi ambient (BEEGroup)Creiem que empoderar les persones i integrar el coneixement territorial \u00e9s essencial per a una transici\u00f3 energ\u00e8tica justa i inclusiva. Combinem la participaci\u00f3 activa de consumidors i gestors amb eines avan\u00e7ades de planificaci\u00f3 territorial i anal\u00edtica urbana que milloren la presa de decisions per part de particulars, institucions [&hellip;]<\/p>\n","protected":false},"author":2,"featured_media":236161,"parent":226547,"menu_order":0,"comment_status":"closed","ping_status":"closed","template":"","meta":{"_acf_changed":false,"_et_pb_use_builder":"on","_et_pb_old_content":"","_et_gb_content_width":"","slim_seo":{"title":"Transici\u00f3 energ\u00e8tica i adaptaci\u00f3 clim\u00e0tica a ciutats i comunitats - CIMNE","description":"L\u00edneas de recerca Construcci\u00f3, energia i medi ambient (BEEGroup) Enrere Creiem que empoderar les persones i integrar el coneixement territorial \u00e9s essencial per"},"footnotes":""},"class_list":["post-245364","page","type-page","status-publish","has-post-thumbnail","hentry"],"acf":[],"_links":{"self":[{"href":"https:\/\/cimne.com\/ca\/wp-json\/wp\/v2\/pages\/245364","targetHints":{"allow":["GET"]}}],"collection":[{"href":"https:\/\/cimne.com\/ca\/wp-json\/wp\/v2\/pages"}],"about":[{"href":"https:\/\/cimne.com\/ca\/wp-json\/wp\/v2\/types\/page"}],"author":[{"embeddable":true,"href":"https:\/\/cimne.com\/ca\/wp-json\/wp\/v2\/users\/2"}],"replies":[{"embeddable":true,"href":"https:\/\/cimne.com\/ca\/wp-json\/wp\/v2\/comments?post=245364"}],"version-history":[{"count":0,"href":"https:\/\/cimne.com\/ca\/wp-json\/wp\/v2\/pages\/245364\/revisions"}],"up":[{"embeddable":true,"href":"https:\/\/cimne.com\/ca\/wp-json\/wp\/v2\/pages\/226547"}],"wp:featuredmedia":[{"embeddable":true,"href":"https:\/\/cimne.com\/ca\/wp-json\/wp\/v2\/media\/236161"}],"wp:attachment":[{"href":"https:\/\/cimne.com\/ca\/wp-json\/wp\/v2\/media?parent=245364"}],"curies":[{"name":"wp","href":"https:\/\/api.w.org\/{rel}","templated":true}]}}