{"id":245251,"date":"2025-08-05T11:16:32","date_gmt":"2025-08-05T09:16:32","guid":{"rendered":"https:\/\/cimne.com\/jobs-fellowships\/competitive-funding\/junior-academic\/"},"modified":"2026-02-25T16:00:47","modified_gmt":"2026-02-25T15:00:47","slug":"oportunitats-academiques-junior","status":"publish","type":"page","link":"https:\/\/cimne.com\/ca\/feina-beques\/financament-competitiu\/oportunitats-academiques-junior\/","title":{"rendered":"Oportunitats acad\u00e8miques j\u00fanior"},"content":{"rendered":"<p>[et_pb_section fb_built=&#8221;1&#8243; disabled_on=&#8221;off|off|off&#8221; admin_label=&#8221;Header&#8221; _builder_version=&#8221;4.27.5&#8243; _module_preset=&#8221;5117f25a-2f80-4d72-abc6-8bb8195e3c31&#8243; custom_padding=&#8221;144px||0px||false|false&#8221; border_width_bottom=&#8221;1px&#8221; border_color_bottom=&#8221;#d9d9d9&#8243; border_width_bottom_last_edited=&#8221;off|desktop&#8221; locked=&#8221;off&#8221; collapsed=&#8221;off&#8221; global_colors_info=&#8221;{}&#8221;][et_pb_row column_structure=&#8221;2_3,1_3&#8243; _builder_version=&#8221;4.27.5&#8243; _module_preset=&#8221;c0a9f887-e341-4d5a-9f1b-1241f8959980&#8243; hover_enabled=&#8221;0&#8243; global_colors_info=&#8221;{}&#8221; custom_css_main_element_last_edited=&#8221;on|desktop&#8221; custom_css_main_element_tablet=&#8221;display: flex;||flex-direction: column-reverse;&#8221; custom_css_main_element_phone=&#8221;display: flex;||flex-direction: column-reverse;&#8221; sticky_enabled=&#8221;0&#8243;][et_pb_column type=&#8221;2_3&#8243; _builder_version=&#8221;4.27.5&#8243; _module_preset=&#8221;56e57fde-4561-4cf6-a771-0a733a7201b1&#8243; custom_padding=&#8221;50px|3%|50px|3%|true|false&#8221; custom_padding_tablet=&#8221;50px||50px||true|false&#8221; custom_padding_phone=&#8221;50px|6%|50px|6%|true|true&#8221; custom_padding_last_edited=&#8221;on|desktop&#8221; hover_enabled=&#8221;0&#8243; border_width_right=&#8221;1px&#8221; border_color_right=&#8221;#d9d9d9&#8243; border_width_right_tablet=&#8221;0px&#8221; border_width_right_phone=&#8221;0px&#8221; border_width_right_last_edited=&#8221;on|desktop&#8221; global_colors_info=&#8221;{}&#8221; custom_css_main_element=&#8221;display: flex;||flex-direction: column;||justify-content: flex-end;&#8221; sticky_enabled=&#8221;0&#8243;][et_pb_divider color=&#8221;#004996&#8243; divider_position=&#8221;center&#8221; _builder_version=&#8221;4.27.0&#8243; _module_preset=&#8221;default&#8221; width=&#8221;85px&#8221; module_alignment=&#8221;left&#8221; custom_margin=&#8221;||0px||false|false&#8221; locked=&#8221;off&#8221; global_colors_info=&#8221;{}&#8221;][\/et_pb_divider][et_pb_text admin_label=&#8221;Subtitle&#8221; _builder_version=&#8221;4.27.5&#8243; _module_preset=&#8221;0962eb46-eaf5-4130-b8a8-ca44ca5695f6&#8243; global_colors_info=&#8221;{}&#8221;]<\/p>\nFinan\u00e7ament competitiu\n<p>[\/et_pb_text][et_pb_heading title=&#8221;@ET-DC@eyJkeW5hbWljIjp0cnVlLCJjb250ZW50IjoicG9zdF90aXRsZSIsInNldHRpbmdzIjp7ImJlZm9yZSI6IiIsImFmdGVyIjoiIn19@&#8221; admin_label=&#8221;H1&#8243; _builder_version=&#8221;4.27.5&#8243; _dynamic_attributes=&#8221;title&#8221; _module_preset=&#8221;20f4cb02-b989-482e-b994-8f37b33e99a9&#8243; title_line_height_tablet=&#8221;&#8221; title_line_height_phone=&#8221;&#8221; title_line_height_last_edited=&#8221;on|phone&#8221; global_colors_info=&#8221;{}&#8221;][\/et_pb_heading][et_pb_text _builder_version=&#8221;4.27.4&#8243; _module_preset=&#8221;default&#8221; text_text_color=&#8221;#02a0a5&#8243; text_font_size=&#8221;1.5rem&#8221; text_font_size_tablet=&#8221;1.5rem&#8221; text_font_size_last_edited=&#8221;off|desktop&#8221; global_colors_info=&#8221;{}&#8221;]<\/p>\n<p><span data-sheets-root=\"1\">Convidem els investigadors j\u00fanior, en qualsevol dels \u00e0mbits d\u2019inter\u00e8s del CIMNE, a presentar-se a convocat\u00f2ries competitives de finan\u00e7ament per incorporar-se a la nostra instituci\u00f3. En aquesta p\u00e0gina trobar\u00e0s una selecci\u00f3 de convocat\u00f2ries rellevants.<\/span><\/p>\n<p>[\/et_pb_text][\/et_pb_column][et_pb_column type=&#8221;1_3&#8243; _builder_version=&#8221;4.27.5&#8243; _module_preset=&#8221;61350d84-566e-4f88-87e6-6bd5d2c6a9aa&#8221; custom_padding=&#8221;50px|3%|50px|3%|true|false&#8221; custom_padding_tablet=&#8221;50px|6%|0px|6%|false|true&#8221; custom_padding_phone=&#8221;50px|6%||6%|false|true&#8221; custom_padding_last_edited=&#8221;on|phone&#8221; hover_enabled=&#8221;0&#8243; global_colors_info=&#8221;{}&#8221; custom_css_main_element=&#8221;display: flex;||flex-direction: column;||justify-content: flex-end;&#8221; sticky_enabled=&#8221;0&#8243;][et_pb_image src=&#8221;https:\/\/cimne.com\/wp-content\/uploads\/2025\/08\/cimne-jobs-competitive-junior.jpg&#8221; alt=&#8221;Treballs de j\u00fanior competitius a Cimne&#8221; title_text=&#8221;cimne-jobs-competitive-junior&#8221; align=&#8221;center&#8221; force_fullwidth=&#8221;on&#8221; _builder_version=&#8221;4.27.5&#8243; _module_preset=&#8221;8e0b4b74-aeac-4741-955b-73ab202a4638&#8243; custom_margin=&#8221;||0px||false|false&#8221; global_colors_info=&#8221;{}&#8221;][\/et_pb_image][\/et_pb_column][\/et_pb_row][\/et_pb_section][et_pb_section fb_built=&#8221;1&#8243; admin_label=&#8221;Intro&#8221; _builder_version=&#8221;4.27.4&#8243; _module_preset=&#8221;fed47f3e-3ebe-4259-a156-523c8e0b8966&#8243; border_color_top=&#8221;#d9d9d9&#8243; border_width_bottom=&#8221;1px&#8221; border_color_bottom=&#8221;#d9d9d9&#8243; border_width_top_tablet=&#8221;1px&#8221; border_width_top_phone=&#8221;1px&#8221; border_width_top_last_edited=&#8221;on|desktop&#8221; border_width_bottom_tablet=&#8221;1px&#8221; border_width_bottom_phone=&#8221;1px&#8221; border_width_bottom_last_edited=&#8221;on|desktop&#8221; locked=&#8221;off&#8221; collapsed=&#8221;off&#8221; global_colors_info=&#8221;{}&#8221;][et_pb_row column_structure=&#8221;2_5,3_5&#8243; admin_label=&#8221;Contingut&#8221; _builder_version=&#8221;4.27.4&#8243; _module_preset=&#8221;c7c24b71-68f1-4ba2-bc79-49dcbcce5ea1&#8243; custom_margin=&#8221;|0px||0px|false|false&#8221; custom_padding=&#8221;50px|0px|50px|0px|true|false&#8221; locked=&#8221;off&#8221; global_colors_info=&#8221;{}&#8221;][et_pb_column type=&#8221;2_5&#8243; _builder_version=&#8221;4.27.4&#8243; _module_preset=&#8221;56e57fde-4561-4cf6-a771-0a733a7201b1&#8243; custom_padding=&#8221;0px|3%||3%|false|false&#8221; custom_padding_tablet=&#8221;0px|6%||6%|false|true&#8221; global_colors_info=&#8221;{}&#8221;][\/et_pb_column][et_pb_column type=&#8221;3_5&#8243; _builder_version=&#8221;4.27.4&#8243; _module_preset=&#8221;56e57fde-4561-4cf6-a771-0a733a7201b1&#8243; custom_padding=&#8221;0px|3%||3%|false|false&#8221; custom_padding_tablet=&#8221;0px|6%||6%|false|true&#8221; global_colors_info=&#8221;{}&#8221;][et_pb_text _builder_version=&#8221;4.27.4&#8243; _module_preset=&#8221;default&#8221; text_font_size=&#8221;18px&#8221; global_colors_info=&#8221;{}&#8221;]<\/p>\n<p>Acceptem propostes de totes les disciplines relacionades amb <a href=\"https:\/\/cimne.com\/ca\/recerca\/\">la nostra recerca<\/a>. Si est\u00e0s interessat a presentar-te a alguna de les convocat\u00f2ries competitives de finan\u00e7ament que trobar\u00e0s a continuaci\u00f3, posa\u2019t en contacte amb nosaltres. El nostre equip pot oferir-te suport durant el proc\u00e9s de sol\u00b7licitud.<\/p>\n<p>[\/et_pb_text][\/et_pb_column][\/et_pb_row][\/et_pb_section][et_pb_section fb_built=&#8221;1&#8243; admin_label=&#8221;Content&#8221; _builder_version=&#8221;4.27.4&#8243; _module_preset=&#8221;fed47f3e-3ebe-4259-a156-523c8e0b8966&#8243; border_radii_tablet=&#8221;&#8221; border_radii_phone=&#8221;&#8221; border_radii_last_edited=&#8221;on|phone&#8221; locked=&#8221;off&#8221; collapsed=&#8221;off&#8221; global_colors_info=&#8221;{}&#8221;][et_pb_row column_structure=&#8221;1_3,2_3&#8243; _builder_version=&#8221;4.27.4&#8243; _module_preset=&#8221;c7c24b71-68f1-4ba2-bc79-49dcbcce5ea1&#8243; custom_margin=&#8221;|0px||0px|false|false&#8221; custom_padding=&#8221;20px|0px|0px|0px|false|false&#8221; global_colors_info=&#8221;{}&#8221;][et_pb_column type=&#8221;1_3&#8243; _builder_version=&#8221;4.27.0&#8243; _module_preset=&#8221;56e57fde-4561-4cf6-a771-0a733a7201b1&#8243; global_colors_info=&#8221;{}&#8221;][et_pb_heading title=&#8221;ERC Starting Grant&#8221; admin_label=&#8221;H2&#8243; _builder_version=&#8221;4.27.4&#8243; _module_preset=&#8221;default&#8221; title_level=&#8221;h2&#8243; title_text_color=&#8221;#02a0a5&#8243; title_font_size=&#8221;2rem&#8221; title_line_height=&#8221;2.25rem&#8221; title_font_size_last_edited=&#8221;off|desktop&#8221; global_colors_info=&#8221;{}&#8221;][\/et_pb_heading][\/et_pb_column][et_pb_column type=&#8221;2_3&#8243; _builder_version=&#8221;4.27.0&#8243; _module_preset=&#8221;56e57fde-4561-4cf6-a771-0a733a7201b1&#8243; global_colors_info=&#8221;{}&#8221;][et_pb_text _builder_version=&#8221;4.27.4&#8243; _module_preset=&#8221;default&#8221; text_font=&#8221;&#8211;et_global_body_font||||||||&#8221; text_text_color=&#8221;#444444&#8243; text_font_size=&#8221;1.1rem&#8221; text_line_height=&#8221;1.5rem&#8221; custom_margin=&#8221;||20px||false|false&#8221; global_colors_info=&#8221;{}&#8221;]<\/p>\n<ul>\n<li style=\"list-style-type: none;\">\n<ul>\n<li><strong>Nom complet<\/strong>: Ajut Starting Grant del Consell Europeu de Recerca (ERC)<\/li>\n<li><strong>Descripci\u00f3<\/strong>: La missi\u00f3 de l\u2019ERC \u00e9s fomentar la recerca de m\u00e0xima qualitat a Europa mitjan\u00e7ant finan\u00e7ament competitiu i donar suport a la recerca de frontera impulsada pels investigadors en tots els \u00e0mbits, basada en l\u2019excel\u00b7l\u00e8ncia cient\u00edfica.<br \/>Ets un cient\u00edfic en etapa inicial amb una traject\u00f2ria supervisada excel\u00b7lent, preparat per treballar de manera independent i amb potencial per convertir-te en l\u00edder en recerca? L\u2019ajut Starting Grant de l\u2019ERC pot ser per a tu.<br \/>Aquests ajuts s\u2019adrecen a investigadors amb entre 2 i 7 anys d\u2019experi\u00e8ncia des de l\u2019obtenci\u00f3 del doctorat, amb una traject\u00f2ria cient\u00edfica prometedora i una proposta de recerca excel\u00b7lent.<\/li>\n<li><strong>Convocat\u00f2ria<\/strong>: Convocat\u00f2ries anuals per a tots els \u00e0mbits cient\u00edfics (la data \u00e9s el 14 d\u2019octubre de 2025)<\/li>\n<li><strong>Ajut per projecte<\/strong>: Fins a 1,5 milions d\u2019euros per un per\u00edode de 5 anys<\/li>\n<li><strong>Retribuci\u00f3<\/strong>: Segons les qualificacions i experi\u00e8ncia del candidat, d\u2019acord amb les taules salarials institucionals<\/li>\n<li><strong>Organisme finan\u00e7ador<\/strong>: Comissi\u00f3 Europea<\/li>\n<li><strong>Lloc web<\/strong>: <a href=\"https:\/\/erc.europa.eu\/apply-grant\/starting-grant\">Starting Grants | ERC: European Research Council (europa.eu)<\/a><\/li>\n<\/ul>\n<p><\/li>\n<p><\/ul>\n<p><\/p>\n<p>* Les dades s\u00f3n indicatives i poden estar subjectes a modificacions en convocat\u00f2ries futures.<\/p>\n<p>[\/et_pb_text][\/et_pb_column][\/et_pb_row][et_pb_row admin_label=&#8221;1px Line Row&#8221; _builder_version=&#8221;4.27.4&#8243; _module_preset=&#8221;default&#8221; width=&#8221;100%&#8221; max_width=&#8221;2500px&#8221; custom_margin=&#8221;0px||0px||true|false&#8221; custom_padding=&#8221;0px||0px||true|false&#8221; collapsed=&#8221;on&#8221; global_colors_info=&#8221;{}&#8221;][et_pb_column type=&#8221;4_4&#8243; _builder_version=&#8221;4.27.4&#8243; _module_preset=&#8221;default&#8221; global_colors_info=&#8221;{}&#8221;][et_pb_divider show_divider=&#8221;off&#8221; _builder_version=&#8221;4.27.4&#8243; _module_preset=&#8221;default&#8221; width=&#8221;100%&#8221; height=&#8221;0px&#8221; custom_margin=&#8221;0px||0px||true|false&#8221; custom_padding=&#8221;0px||0px||true|false&#8221; border_width_bottom=&#8221;1px&#8221; border_color_bottom=&#8221;#d9d9d9&#8243; global_colors_info=&#8221;{}&#8221;][\/et_pb_divider][\/et_pb_column][\/et_pb_row][et_pb_row column_structure=&#8221;1_3,2_3&#8243; _builder_version=&#8221;4.27.4&#8243; _module_preset=&#8221;c7c24b71-68f1-4ba2-bc79-49dcbcce5ea1&#8243; custom_margin=&#8221;|0px||0px|false|false&#8221; global_colors_info=&#8221;{}&#8221;][et_pb_column type=&#8221;1_3&#8243; _builder_version=&#8221;4.27.0&#8243; _module_preset=&#8221;56e57fde-4561-4cf6-a771-0a733a7201b1&#8243; global_colors_info=&#8221;{}&#8221;][et_pb_heading title=&#8221;Ramon y Cajal&#8221; admin_label=&#8221;H2&#8243; _builder_version=&#8221;4.27.4&#8243; _module_preset=&#8221;default&#8221; title_level=&#8221;h2&#8243; title_text_color=&#8221;#02a0a5&#8243; title_font_size=&#8221;2rem&#8221; title_line_height=&#8221;2.25rem&#8221; title_font_size_last_edited=&#8221;off|desktop&#8221; global_colors_info=&#8221;{}&#8221;][\/et_pb_heading][\/et_pb_column][et_pb_column type=&#8221;2_3&#8243; _builder_version=&#8221;4.27.0&#8243; _module_preset=&#8221;56e57fde-4561-4cf6-a771-0a733a7201b1&#8243; global_colors_info=&#8221;{}&#8221;][et_pb_text _builder_version=&#8221;4.27.4&#8243; _module_preset=&#8221;default&#8221; text_font=&#8221;&#8211;et_global_body_font||||||||&#8221; text_text_color=&#8221;#444444&#8243; text_font_size=&#8221;1.1rem&#8221; text_line_height=&#8221;1.5rem&#8221; custom_margin=&#8221;||20px||false|false&#8221; global_colors_info=&#8221;{}&#8221;]<\/p>\n<ul>\n<li style=\"list-style-type: none;\">\n<ul>\n<li><strong>Nom complet<\/strong>: Ajuts per a contractes Ramon y Cajal (RyC)<\/li>\n<li><strong>Descripci\u00f3<\/strong>: Aquests ajuts tenen com a objectiu promoure la incorporaci\u00f3 de personal investigador, espanyol o estranger, amb una traject\u00f2ria destacada, en centres d\u2019R+D espanyols, per tal d\u2019adquirir les compet\u00e8ncies i habilitats que els permetin accedir a una posici\u00f3 estable en una entitat de recerca del Sistema Espanyol de Ci\u00e8ncia, Tecnologia i Innovaci\u00f3.<\/li>\n<li><strong>Convocat\u00f2ria<\/strong>: Obertura prevista entre octubre i novembre de 2025<\/li>\n<li><strong>Durada<\/strong>: 3 anys + 2 anys (per accedir als 2 anys addicionals \u00e9s obligatori disposar de l\u2019acreditaci\u00f3 R3)<\/li>\n<li><strong>Retribuci\u00f3<\/strong>: entre 36.800 \u20ac i 45.700 \u20ac bruts anuals<\/li>\n<li><strong>Ajut complementari<\/strong>: s\u2019atorgar\u00e0 un import de 50.000 \u20ac per cobrir despeses directament relacionades amb l\u2019execuci\u00f3 de les activitats de recerca, incl\u00f2s el personal de suport<\/li>\n<li><strong>Organisme finan\u00e7ador<\/strong>: Ministerio de Ciencia e Innovaci\u00f3n (Ministeri de Ci\u00e8ncia i Innovaci\u00f3)<\/li>\n<li><strong>Lloc web<\/strong>: <a href=\"https:\/\/www.aei.gob.es\/convocatorias\/buscador-convocatorias\/ayudas-contratos-ramon-cajal-ryc-2023\/convocatoria\">Buscador de Convocat\u00f2ries | Agencia Estatal de Investigaci\u00f3n (aei.gob.es)<\/a><\/li>\n<\/ul>\n<p><\/li>\n<p><\/ul>\n<p><\/p>\n<p>* Les dades s\u00f3n indicatives i poden estar subjectes a modificacions en convocat\u00f2ries futures.<\/p>\n<p>[\/et_pb_text][\/et_pb_column][\/et_pb_row][\/et_pb_section]<\/p>\n","protected":false},"excerpt":{"rendered":"<p>Finan\u00e7ament competitiuConvidem els investigadors j\u00fanior, en qualsevol dels \u00e0mbits d\u2019inter\u00e8s del CIMNE, a presentar-se a convocat\u00f2ries competitives de finan\u00e7ament per incorporar-se a la nostra instituci\u00f3. En aquesta p\u00e0gina trobar\u00e0s una selecci\u00f3 de convocat\u00f2ries rellevants.Acceptem propostes de totes les disciplines relacionades amb la nostra recerca. Si est\u00e0s interessat a presentar-te a alguna de les convocat\u00f2ries competitives de [&hellip;]<\/p>\n","protected":false},"author":2,"featured_media":240059,"parent":226525,"menu_order":0,"comment_status":"closed","ping_status":"closed","template":"","meta":{"_acf_changed":false,"_et_pb_use_builder":"on","_et_pb_old_content":"","_et_gb_content_width":"","slim_seo":{"title":"Oportunitats acad\u00e8miques j\u00fanior - CIMNE","description":"Convidem els investigadors j\u00fanior, en qualsevol dels \u00e0mbits d\u2019inter\u00e8s del CIMNE, a presentar-se a convocat\u00f2ries competitives de finan\u00e7ament per incorporar-se a"},"footnotes":""},"class_list":["post-245251","page","type-page","status-publish","has-post-thumbnail","hentry"],"acf":[],"_links":{"self":[{"href":"https:\/\/cimne.com\/ca\/wp-json\/wp\/v2\/pages\/245251","targetHints":{"allow":["GET"]}}],"collection":[{"href":"https:\/\/cimne.com\/ca\/wp-json\/wp\/v2\/pages"}],"about":[{"href":"https:\/\/cimne.com\/ca\/wp-json\/wp\/v2\/types\/page"}],"author":[{"embeddable":true,"href":"https:\/\/cimne.com\/ca\/wp-json\/wp\/v2\/users\/2"}],"replies":[{"embeddable":true,"href":"https:\/\/cimne.com\/ca\/wp-json\/wp\/v2\/comments?post=245251"}],"version-history":[{"count":0,"href":"https:\/\/cimne.com\/ca\/wp-json\/wp\/v2\/pages\/245251\/revisions"}],"up":[{"embeddable":true,"href":"https:\/\/cimne.com\/ca\/wp-json\/wp\/v2\/pages\/226525"}],"wp:featuredmedia":[{"embeddable":true,"href":"https:\/\/cimne.com\/ca\/wp-json\/wp\/v2\/media\/240059"}],"wp:attachment":[{"href":"https:\/\/cimne.com\/ca\/wp-json\/wp\/v2\/media?parent=245251"}],"curies":[{"name":"wp","href":"https:\/\/api.w.org\/{rel}","templated":true}]}}