{"id":245105,"date":"2025-06-25T13:54:26","date_gmt":"2025-06-25T11:54:26","guid":{"rendered":"https:\/\/cimne.com\/community\/unesco-chair\/"},"modified":"2026-02-18T12:21:05","modified_gmt":"2026-02-18T11:21:05","slug":"catedra-unesco","status":"publish","type":"page","link":"https:\/\/cimne.com\/ca\/comunitat\/catedra-unesco\/","title":{"rendered":"C\u00e0tedra UNESCO"},"content":{"rendered":"<p>[et_pb_section fb_built=&#8221;1&#8243; disabled_on=&#8221;off|off|off&#8221; admin_label=&#8221;Intro desktop&#8221; _builder_version=&#8221;4.27.5&#8243; _module_preset=&#8221;81964cef-6002-4a6d-8fe6-ec7662796c0d&#8221; border_width_bottom=&#8221;1px&#8221; border_color_bottom=&#8221;#d9d9d9&#8243; border_width_bottom_tablet=&#8221;0px&#8221; border_width_bottom_phone=&#8221;0px&#8221; border_width_bottom_last_edited=&#8221;on|desktop&#8221; locked=&#8221;off&#8221; collapsed=&#8221;off&#8221; global_colors_info=&#8221;{}&#8221;][et_pb_row column_structure=&#8221;1_2,1_2&#8243; custom_padding_last_edited=&#8221;on|phone&#8221; _builder_version=&#8221;4.27.5&#8243; _module_preset=&#8221;6748b9e8-3dd1-48e0-b7c4-ade164107a03&#8243; custom_margin=&#8221;0px|0px||0px|false|false&#8221; custom_padding_tablet=&#8221;||50px||false|false&#8221; custom_padding_phone=&#8221;||50px||false|false&#8221; hover_enabled=&#8221;0&#8243; global_colors_info=&#8221;{}&#8221; custom_css_main_element_last_edited=&#8221;on|phone&#8221; custom_css_main_element_tablet=&#8221;display: flex;||flex-direction: column-reverse;&#8221; custom_css_main_element_phone=&#8221;display: flex;||flex-direction: column-reverse;&#8221; sticky_enabled=&#8221;0&#8243;][et_pb_column type=&#8221;1_2&#8243; _builder_version=&#8221;4.27.5&#8243; _module_preset=&#8221;5eabff34-1c64-412c-8991-166d2e61c664&#8243; custom_padding=&#8221;50px|3%|50px|3%|true|false&#8221; custom_padding_tablet=&#8221;25px|6%|25px|6%|true|false&#8221; custom_padding_phone=&#8221;25px|6%|25px|6%|true|false&#8221; custom_padding_last_edited=&#8221;on|phone&#8221; global_colors_info=&#8221;{}&#8221;][et_pb_divider color=&#8221;#004996&#8243; divider_position=&#8221;center&#8221; _builder_version=&#8221;4.27.0&#8243; _module_preset=&#8221;default&#8221; width=&#8221;85px&#8221; module_alignment=&#8221;left&#8221; custom_margin=&#8221;||0px||false|false&#8221; locked=&#8221;off&#8221; global_colors_info=&#8221;{}&#8221;][\/et_pb_divider][et_pb_text admin_label=&#8221;Subtitle&#8221; _builder_version=&#8221;4.27.5&#8243; _module_preset=&#8221;27067be3-af33-4a0f-be2f-dfe4fd7c0a1b&#8221; global_colors_info=&#8221;{}&#8221;]<\/p>\nComunitat\n<p>[\/et_pb_text][et_pb_heading title=&#8221;@ET-DC@eyJkeW5hbWljIjp0cnVlLCJjb250ZW50IjoicG9zdF90aXRsZSIsInNldHRpbmdzIjp7ImJlZm9yZSI6IiIsImFmdGVyIjoiIn19@&#8221; admin_label=&#8221;H1&#8243; _builder_version=&#8221;4.27.5&#8243; _dynamic_attributes=&#8221;title&#8221; _module_preset=&#8221;e30dfaa6-3290-42bb-84f1-72f8bfaaa4c6&#8243; global_colors_info=&#8221;{}&#8221;][\/et_pb_heading][et_pb_text _builder_version=&#8221;4.27.4&#8243; _module_preset=&#8221;default&#8221; text_text_color=&#8221;#02a0a5&#8243; text_font_size=&#8221;1.5rem&#8221; text_font_size_tablet=&#8221;1.5rem&#8221; text_font_size_last_edited=&#8221;off|desktop&#8221; global_colors_info=&#8221;{}&#8221;]<\/p>\n<p>Creada l\u2019any 1989, la C\u00e0tedra UNESCO a la UPC i el CIMNE promou la recerca, la formaci\u00f3 i la innovaci\u00f3 en m\u00e8todes num\u00e8rics per afrontar els grans reptes de l\u2019enginyeria global amb una mirada inclusiva.<\/p>\n<p>[\/et_pb_text][\/et_pb_column][et_pb_column type=&#8221;1_2&#8243; _builder_version=&#8221;4.27.5&#8243; _module_preset=&#8221;5eabff34-1c64-412c-8991-166d2e61c664&#8243; custom_padding=&#8221;50px|3%|50px|3%|true|false&#8221; custom_padding_tablet=&#8221;25px|6%|25px|6%|true|false&#8221; custom_padding_phone=&#8221;25px||25px||true|false&#8221; global_colors_info=&#8221;{}&#8221;][et_pb_image src=&#8221;https:\/\/cimne.com\/wp-content\/uploads\/2025\/06\/unesco-cimne-2.jpg&#8221; alt=&#8221;Unesco cimne&#8221; title_text=&#8221;unesco-cimne-2&#8243; align=&#8221;center&#8221; force_fullwidth=&#8221;on&#8221; show_bottom_space_tablet=&#8221;on&#8221; show_bottom_space_phone=&#8221;off&#8221; show_bottom_space_last_edited=&#8221;on|phone&#8221; _builder_version=&#8221;4.27.5&#8243; _module_preset=&#8221;3ab1f52a-bf54-4bb9-996f-282f38346889&#8243; module_alignment=&#8221;center&#8221; height_tablet=&#8221;320px&#8221; height_phone=&#8221;180px&#8221; height_last_edited=&#8221;on|phone&#8221; custom_margin=&#8221;||||false|true&#8221; custom_margin_tablet=&#8221;||||false|true&#8221; custom_margin_phone=&#8221;||||false|true&#8221; custom_margin_last_edited=&#8221;on|desktop&#8221; custom_padding=&#8221;||||false|true&#8221; hover_enabled=&#8221;0&#8243; global_colors_info=&#8221;{}&#8221; sticky_enabled=&#8221;0&#8243;][\/et_pb_image][\/et_pb_column][\/et_pb_row][\/et_pb_section][et_pb_section fb_built=&#8221;1&#8243; disabled_on=&#8221;off|off|off&#8221; admin_label=&#8221;Splitter row&#8221; module_id=&#8221;section-splitter-menu&#8221; _builder_version=&#8221;4.27.0&#8243; positioning=&#8221;none&#8221; custom_margin=&#8221;0px||0px||false|false&#8221; custom_padding=&#8221;0px||0px||false|false&#8221; border_width_top=&#8221;1px&#8221; border_color_top=&#8221;#d9d9d9&#8243; border_width_right=&#8221;1px&#8221; border_color_right=&#8221;#d9d9d9&#8243; border_width_left=&#8221;1px&#8221; border_color_left=&#8221;#d9d9d9&#8243; collapsed=&#8221;off&#8221; global_colors_info=&#8221;{}&#8221;][et_pb_row column_structure=&#8221;1_3,1_3,1_3&#8243; _builder_version=&#8221;4.27.4&#8243; _module_preset=&#8221;c7c24b71-68f1-4ba2-bc79-49dcbcce5ea1&#8243; custom_margin=&#8221;|0px||0px|false|false&#8221; global_colors_info=&#8221;{}&#8221;][et_pb_column type=&#8221;1_3&#8243; _builder_version=&#8221;4.27.4&#8243; _module_preset=&#8221;56e57fde-4561-4cf6-a771-0a733a7201b1&#8243; custom_padding=&#8221;50px|3%|32px|3%|false|false&#8221; custom_padding_tablet=&#8221;|6%|32px|6%|false|true&#8221; custom_padding_phone=&#8221;|6%|32px|6%|false|true&#8221; custom_padding_last_edited=&#8221;on|desktop&#8221; global_colors_info=&#8221;{}&#8221;][\/et_pb_column][et_pb_column type=&#8221;1_3&#8243; _builder_version=&#8221;4.27.4&#8243; _module_preset=&#8221;ef683ec7-bbdd-4251-80e4-405fab8d3cab&#8221; custom_padding=&#8221;50px|3%|32px|3%|false|false&#8221; global_colors_info=&#8221;{}&#8221;][et_pb_text _builder_version=&#8221;4.27.4&#8243; _module_preset=&#8221;default&#8221; text_font=&#8221;&#8211;et_global_body_font||||||||&#8221; text_text_color=&#8221;#444444&#8243; text_font_size=&#8221;1.1rem&#8221; text_line_height=&#8221;1.5rem&#8221; global_colors_info=&#8221;{}&#8221;]<\/p>\n<p><strong>La C\u00e0tedra UNESCO en M\u00e8todes Num\u00e8rics en Enginyeria<\/strong> de la Universitat Polit\u00e8cnica de Catalunya \u2013 BarcelonaTech (UPC) i el CIMNE fou creada l\u2019any 1989, convertint-se en la <strong>primera C\u00e0tedra UNESCO al m\u00f3n dedicada a l\u2019impuls dels m\u00e8todes num\u00e8rics en enginyeria<\/strong>. La C\u00e0tedra es va establir en el marc del programa UNITWIN\/C\u00e0tedres UNESCO, amb l\u2019objectiu de <strong>fomentar la col\u00b7laboraci\u00f3 internacional en recerca, formaci\u00f3 i transfer\u00e8ncia de tecnologia<\/strong> en els \u00e0mbits de la mec\u00e0nica computacional i la simulaci\u00f3 num\u00e8rica.<\/p>\n<p><\/p>\n<p>La seva missi\u00f3 \u00e9s <strong>afrontar els reptes cient\u00edfics i tecnol\u00f2gics d&#8217;avantguarda en enginyeria<\/strong> mitjan\u00e7ant el desenvolupament i l\u2019aplicaci\u00f3 de m\u00e8todes computacionals avan\u00e7ats. Una de les prioritats clau de la C\u00e0tedra \u00e9s garantir la <strong>formaci\u00f3 t\u00e8cnica i la difusi\u00f3 del coneixement<\/strong>, especialment en <strong>pa\u00efsos en vies de desenvolupament<\/strong>, mitjan\u00e7ant iniciatives que promouen <strong>l\u2019educaci\u00f3 superior, la formaci\u00f3 i la innovaci\u00f3<\/strong>.<\/p>\n<p><\/p>\n<p>En el transcurs de la seva hist\u00f2ria, la C\u00e0tedra s\u2019ha consolidat com un referent d\u2019excel\u00b7l\u00e8ncia gr\u00e0cies als seus directors de renom. <strong>El professor Olek C. Zienkiewicz<\/strong>, figura clau en el desenvolupament del m\u00e8tode dels elements finits, va ser el primer titular de la C\u00e0tedra (1989-2009) i va definir-ne la visi\u00f3 cient\u00edfica i l\u2019abast internacional. El va succeir <strong>el professor Jacques P\u00e9riaux<\/strong>, reconegut pel seu treball en din\u00e0mica de fluids computacional i optimitzaci\u00f3 multidisciplin\u00e0ria, qui en va ampliar encara m\u00e9s la influ\u00e8ncia de la C\u00e0tedra a Europa i Am\u00e8rica Llatina (2009-2024).<\/p>\n<p>[\/et_pb_text][\/et_pb_column][et_pb_column type=&#8221;1_3&#8243; _builder_version=&#8221;4.27.4&#8243; _module_preset=&#8221;e95bf652-31e8-4f55-bacc-fb42ee4964e2&#8243; custom_padding=&#8221;50px|3%|32px|3%|false|false&#8221; custom_padding_tablet=&#8221;0px|6%|32px|6%|false|true&#8221; custom_padding_phone=&#8221;0px|6%|32px|6%|false|true&#8221; custom_padding_last_edited=&#8221;on|phone&#8221; global_colors_info=&#8221;{}&#8221;][et_pb_text _builder_version=&#8221;4.27.4&#8243; _module_preset=&#8221;default&#8221; text_font=&#8221;&#8211;et_global_body_font||||||||&#8221; text_text_color=&#8221;#444444&#8243; text_font_size=&#8221;1.1rem&#8221; text_line_height=&#8221;1.5rem&#8221; custom_padding=&#8221;2px|||||&#8221; global_colors_info=&#8221;{}&#8221;]<\/p>\n<p>L\u2019any 2025, <strong>el professor Michael Ortiz<\/strong> va assumir la direcci\u00f3 de la C\u00e0tedra. El professor Ortiz \u00e9s catedr\u00e0tic em\u00e8rit del California Institute of Technology (Caltech) i una de les <strong>figures m\u00e9s influents en el camp de la mec\u00e0nica computacional<\/strong>. La seva recerca actual se centra en la Mec\u00e0nica Computacional Qu\u00e0ntica i la simulaci\u00f3 enriquida amb dades, dues \u00e0rees que es troben a l\u2019avantguarda de la innovaci\u00f3 cient\u00edfica. Aquests \u00e0mbits definiran el futur de la C\u00e0tedra, ampliant les capacitats de recerca i abast internacional del CIMNE.<\/p>\n<p><\/p>\n<p>La C\u00e0tedra promou un <strong>entorn de col\u00b7laboraci\u00f3 per a projectes conjunts, mobilitat internacional i progr\u00e9s cient\u00edfic<\/strong> a trav\u00e9s d\u2019una extensa xarxa de <strong>Laboratoris CIMNE<\/strong> (Aules CIMNE), en col\u00b7laboraci\u00f3 amb universitats i centres de recerca de refer\u00e8ncia. Sota el lideratge del professor Ortiz, la C\u00e0tedra referma el seu comprom\u00eds amb l\u2019excel\u00b7l\u00e8ncia cient\u00edfica, la sostenibilitat i la innovaci\u00f3 inclusiva.<\/p>\n<p>[\/et_pb_text][\/et_pb_column][\/et_pb_row][et_pb_row admin_label=&#8221;Fila de l\u00ednia d&#039;1px&#8221; _builder_version=&#8221;4.27.4&#8243; _module_preset=&#8221;default&#8221; width=&#8221;100%&#8221; max_width=&#8221;2500px&#8221; custom_margin=&#8221;0px||0px||true|false&#8221; custom_padding=&#8221;0px||0px||true|false&#8221; collapsed=&#8221;on&#8221; global_colors_info=&#8221;{}&#8221;][et_pb_column type=&#8221;4_4&#8243; _builder_version=&#8221;4.27.4&#8243; _module_preset=&#8221;default&#8221; global_colors_info=&#8221;{}&#8221;][et_pb_divider show_divider=&#8221;off&#8221; _builder_version=&#8221;4.27.4&#8243; _module_preset=&#8221;default&#8221; width=&#8221;100%&#8221; height=&#8221;0px&#8221; custom_margin=&#8221;0px||0px||true|false&#8221; custom_padding=&#8221;0px||0px||true|false&#8221; border_width_bottom=&#8221;1px&#8221; border_color_bottom=&#8221;#d9d9d9&#8243; global_colors_info=&#8221;{}&#8221;][\/et_pb_divider][\/et_pb_column][\/et_pb_row][et_pb_row column_structure=&#8221;1_3,2_3&#8243; _builder_version=&#8221;4.27.4&#8243; _module_preset=&#8221;c7c24b71-68f1-4ba2-bc79-49dcbcce5ea1&#8243; custom_margin=&#8221;|0px||0px|false|false&#8221; global_colors_info=&#8221;{}&#8221;][et_pb_column type=&#8221;1_3&#8243; _builder_version=&#8221;4.27.0&#8243; _module_preset=&#8221;56e57fde-4561-4cf6-a771-0a733a7201b1&#8243; global_colors_info=&#8221;{}&#8221;][et_pb_heading title=&#8221;Director&#8221; admin_label=&#8221;H2&#8243; _builder_version=&#8221;4.27.4&#8243; _module_preset=&#8221;38029197-464d-4776-9da1-ca4a77503845&#8243; title_text_color=&#8221;#004996&#8243; global_colors_info=&#8221;{}&#8221;][\/et_pb_heading][\/et_pb_column][et_pb_column type=&#8221;2_3&#8243; _builder_version=&#8221;4.27.0&#8243; _module_preset=&#8221;56e57fde-4561-4cf6-a771-0a733a7201b1&#8243; global_colors_info=&#8221;{}&#8221;][et_pb_blurb title=&#8221;Prof. Michael Ortiz&#8221; image=&#8221;https:\/\/cimne.com\/wp-content\/uploads\/2025\/06\/michael-ortiz-cimne.jpg&#8221; admin_label=&#8221;Partnerships blurb&#8221; _builder_version=&#8221;4.27.4&#8243; _module_preset=&#8221;318d4114-0a2a-4600-a80d-ed4f60c9034c&#8221; header_text_color=&#8221;#02a0a5&#8243; image_icon_custom_margin=&#8221;2rem||||false|false&#8221; image_icon_custom_padding=&#8221;0rem||||false|false&#8221; custom_padding=&#8221;0px|0px|32px|0px|false|true&#8221; border_radii_image=&#8221;on|70px|70px|70px|70px&#8221; border_width_all_image=&#8221;2px&#8221; global_colors_info=&#8221;{}&#8221;]<\/p>\n<p>&nbsp;<\/p>\n<p><\/p>\n<p>El professor Michael Ortiz, nomenat <strong>titular de la C\u00e0tedra l\u2019any 2025<\/strong>, \u00e9s professor em\u00e8rit d\u2019Aeron\u00e0utica i Enginyeria Mec\u00e0nica al California Institute of Technology (Caltech) i una autoritat reconeguda internacionalment en mec\u00e0nica computacional. La seva recerca capdavantera abra\u00e7a <strong>la modelitzaci\u00f3 de materials, la mec\u00e0nica de la fractura, els m\u00e8todes multiescala i la mec\u00e0nica computacional qu\u00e0ntica<\/strong>. Ha rebut nombrosos guardons, entre els quals destaca la <strong>Medalla Timoshenko<\/strong> (2015), i \u00e9s membre de la <strong>National Academy of Engineering dels Estats Units<\/strong> i membre de la Reial Acad\u00e8mia d\u2019Enginyeria d\u2019Espanya, entre d&#8217;altres. Al CIMNE, el professor Ortiz lidera iniciatives en simulaci\u00f3 enriquida amb dades i mec\u00e0nica qu\u00e0ntica, tot avan\u00e7ant la frontera dels m\u00e8todes num\u00e8rics en enginyeria amb un impacte global.<\/p>\n<p>[\/et_pb_blurb][\/et_pb_column][\/et_pb_row][\/et_pb_section][et_pb_section fb_built=&#8221;1&#8243; disabled_on=&#8221;off|off|off&#8221; admin_label=&#8221;Related News&#8221; module_class=&#8221;section-news&#8221; _builder_version=&#8221;4.27.4&#8243; background_color=&#8221;rgba(2,160,165,0.15)&#8221; positioning=&#8221;none&#8221; custom_margin=&#8221;0px||0px||false|false&#8221; custom_padding=&#8221;0px||0px||false|false&#8221; border_width_all=&#8221;1px&#8221; border_color_all=&#8221;#d9d9d9&#8243; border_width_top=&#8221;1px&#8221; border_color_top=&#8221;#d9d9d9&#8243; border_width_right=&#8221;1px&#8221; border_color_right=&#8221;#d9d9d9&#8243; border_width_left=&#8221;1px&#8221; border_color_left=&#8221;#d9d9d9&#8243; locked=&#8221;off&#8221; collapsed=&#8221;off&#8221; global_colors_info=&#8221;{}&#8221;][et_pb_row column_structure=&#8221;1_3,2_3&#8243; _builder_version=&#8221;4.27.4&#8243; _module_preset=&#8221;c7c24b71-68f1-4ba2-bc79-49dcbcce5ea1&#8243; global_colors_info=&#8221;{}&#8221;][et_pb_column type=&#8221;1_3&#8243; _builder_version=&#8221;4.27.4&#8243; _module_preset=&#8221;56e57fde-4561-4cf6-a771-0a733a7201b1&#8243; global_colors_info=&#8221;{}&#8221;][et_pb_heading title=&#8221;Not\u00edcies relacionades&#8221; admin_label=&#8221;H2&#8243; _builder_version=&#8221;4.27.4&#8243; _module_preset=&#8221;ab708ca6-cc76-4f8a-b615-1ce4dd7a78fb&#8221; title_line_height=&#8221;3rem&#8221; title_line_height_tablet=&#8221;2.1rem&#8221; title_line_height_phone=&#8221;2.1rem&#8221; title_line_height_last_edited=&#8221;on|phone&#8221; global_colors_info=&#8221;{}&#8221;][\/et_pb_heading][\/et_pb_column][et_pb_column type=&#8221;2_3&#8243; _builder_version=&#8221;4.27.4&#8243; _module_preset=&#8221;ef683ec7-bbdd-4251-80e4-405fab8d3cab&#8221; border_width_right=&#8221;1px&#8221; border_color_right=&#8221;#d9d9d9&#8243; border_width_right_tablet=&#8221;0px&#8221; border_width_right_phone=&#8221;0px&#8221; border_width_right_last_edited=&#8221;on|phone&#8221; global_colors_info=&#8221;{}&#8221;][et_pb_blog posts_number=&#8221;2&#8243; include_categories=&#8221;290&#8243; admin_label=&#8221;Secondary news&#8221; _builder_version=&#8221;4.27.4&#8243; _module_preset=&#8221;3ed04698-5e33-431b-875a-29f1e90b0248&#8243; global_colors_info=&#8221;{}&#8221;][\/et_pb_blog][\/et_pb_column][\/et_pb_row][\/et_pb_section][et_pb_section fb_built=&#8221;1&#8243; disabled_on=&#8221;off|off|off&#8221; admin_label=&#8221;Related News Bottom&#8221; module_id=&#8221;section-related-news-bottom&#8221; _builder_version=&#8221;4.27.0&#8243; background_color=&#8221;rgba(2,160,165,0.15)&#8221; positioning=&#8221;none&#8221; custom_margin=&#8221;0px||0px||false|false&#8221; custom_padding=&#8221;0px||0px||false|false&#8221; border_width_all=&#8221;1px&#8221; border_color_all=&#8221;#d9d9d9&#8243; border_width_top=&#8221;1px&#8221; border_color_top=&#8221;#d9d9d9&#8243; border_width_right=&#8221;1px&#8221; border_color_right=&#8221;#d9d9d9&#8243; border_width_left=&#8221;1px&#8221; border_color_left=&#8221;#d9d9d9&#8243; locked=&#8221;off&#8221; collapsed=&#8221;off&#8221; global_colors_info=&#8221;{}&#8221;][et_pb_row column_structure=&#8221;2_3,1_3&#8243; disabled_on=&#8221;off|off|off&#8221; _builder_version=&#8221;4.27.0&#8243; _module_preset=&#8221;c7c24b71-68f1-4ba2-bc79-49dcbcce5ea1&#8243; global_colors_info=&#8221;{}&#8221;][et_pb_column type=&#8221;2_3&#8243; disabled_on=&#8221;on|on|off&#8221; _builder_version=&#8221;4.27.0&#8243; _module_preset=&#8221;56e57fde-4561-4cf6-a771-0a733a7201b1&#8243; custom_padding=&#8221;0px|3%||3%|false|false&#8221; custom_padding_tablet=&#8221;0px|6%||6%|false|true&#8221; border_width_right=&#8221;1px&#8221; border_color_right=&#8221;#d9d9d9&#8243; global_colors_info=&#8221;{}&#8221;][et_pb_text disabled_on=&#8221;on|on|off&#8221; admin_label=&#8221;Empty element&#8221; _builder_version=&#8221;4.27.0&#8243; _module_preset=&#8221;default&#8221; text_font=&#8221;|600||on|||||&#8221; text_text_color=&#8221;#444444&#8243; text_font_size=&#8221;1.1rem&#8221; text_line_height=&#8221;1.5rem&#8221; positioning=&#8221;relative&#8221; position_origin_a=&#8221;bottom_left&#8221; position_origin_r=&#8221;bottom_left&#8221; width=&#8221;100%&#8221; height=&#8221;80px&#8221; custom_padding=&#8221;||4%||false|false&#8221; link_option_url=&#8221;#&#8221; text_text_color_tablet=&#8221;#000000&#8243; text_text_color_phone=&#8221;#000000&#8243; text_text_color_last_edited=&#8221;on|tablet&#8221; text_orientation_tablet=&#8221;left&#8221; text_orientation_phone=&#8221;left&#8221; text_orientation_last_edited=&#8221;off|desktop&#8221; module_alignment_tablet=&#8221;right&#8221; module_alignment_phone=&#8221;right&#8221; module_alignment_last_edited=&#8221;on|phone&#8221; global_colors_info=&#8221;{}&#8221;][\/et_pb_text][\/et_pb_column][et_pb_column type=&#8221;1_3&#8243; _builder_version=&#8221;4.27.0&#8243; _module_preset=&#8221;56e57fde-4561-4cf6-a771-0a733a7201b1&#8243; custom_padding=&#8221;0px|3%||3%|false|false&#8221; custom_padding_tablet=&#8221;0px|6%||6%|false|true&#8221; global_colors_info=&#8221;{}&#8221;][et_pb_text content_tablet=&#8221;<\/p>\n<div class=%22flecha-container flecha-container-position-left%22>    <span class=%22cuerpo-flecha%22> <\/span>    <span class=%22punta-flecha%22> <\/span>      <span class=%22text-flecha%22> M\u00c9S NOT\u00cdCIES<\/span><\/div>\n<p>&#8221; content_phone=&#8221;<\/p>\n<div class=%22flecha-container flecha-container-position-left%22>    <span class=%22cuerpo-flecha%22> <\/span>    <span class=%22punta-flecha%22> <\/span>      <span class=%22text-flecha%22> M\u00c9S NOT\u00cdCIES<\/span><\/div>\n<p>&#8221; content_last_edited=&#8221;on|desktop&#8221; admin_label=&#8221;View More&#8221; module_class=&#8221;clickable-cta&#8221; _builder_version=&#8221;4.27.5&#8243; _module_preset=&#8221;default&#8221; text_font=&#8221;|600||on|||||&#8221; text_text_color=&#8221;#444444&#8243; text_font_size=&#8221;1.1rem&#8221; text_line_height=&#8221;1.5rem&#8221; transform_translate_linked__hover=&#8221;off&#8221; width=&#8221;50%&#8221; width_tablet=&#8221;100%&#8221; width_phone=&#8221;100%&#8221; width_last_edited=&#8221;on|phone&#8221; module_alignment=&#8221;left&#8221; height=&#8221;80px&#8221; custom_padding=&#8221;25px||||false|false&#8221; text_text_color_tablet=&#8221;#000000&#8243; text_text_color_phone=&#8221;#000000&#8243; text_text_color_last_edited=&#8221;on|tablet&#8221; text_orientation_tablet=&#8221;left&#8221; text_orientation_phone=&#8221;left&#8221; text_orientation_last_edited=&#8221;on|tablet&#8221; module_alignment_tablet=&#8221;right&#8221; module_alignment_phone=&#8221;right&#8221; module_alignment_last_edited=&#8221;on|phone&#8221; global_colors_info=&#8221;{}&#8221; transform_styles__hover_enabled=&#8221;off|desktop&#8221; transform_scale__hover_enabled=&#8221;off|desktop&#8221; transform_translate__hover_enabled=&#8221;off|desktop&#8221; transform_rotate__hover_enabled=&#8221;off|desktop&#8221; transform_skew__hover_enabled=&#8221;off|desktop&#8221; transform_origin__hover_enabled=&#8221;off|desktop&#8221; transform_translate__hover=&#8221;15px|0px&#8221; transform_scale__hover=&#8221;114%|100%&#8221;]<\/p>\n<div class=\"flecha-container\"><span class=\"cuerpo-flecha\"> <\/span><span class=\"punta-flecha\"> <\/span><span class=\"text-flecha\"><a href=\"\/ca\/category\/news\/unesco-chair\"> M\u00e9s Notic\u00edes<\/a><\/span><\/div>\n<p>[\/et_pb_text][\/et_pb_column][\/et_pb_row][\/et_pb_section]<\/p>\n","protected":false},"excerpt":{"rendered":"<p>ComunitatCreada l\u2019any 1989, la C\u00e0tedra UNESCO a la UPC i el CIMNE promou la recerca, la formaci\u00f3 i la innovaci\u00f3 en m\u00e8todes num\u00e8rics per afrontar els grans reptes de l\u2019enginyeria global amb una mirada inclusiva.La C\u00e0tedra UNESCO en M\u00e8todes Num\u00e8rics en Enginyeria de la Universitat Polit\u00e8cnica de Catalunya \u2013 BarcelonaTech (UPC) i el CIMNE fou [&hellip;]<\/p>\n","protected":false},"author":2,"featured_media":236476,"parent":226543,"menu_order":0,"comment_status":"closed","ping_status":"closed","template":"","meta":{"_acf_changed":false,"_et_pb_use_builder":"on","_et_pb_old_content":"","_et_gb_content_width":"","slim_seo":{"title":"C\u00e0tedra UNESCO - CIMNE","description":"Creada l\u2019any 1989, la C\u00e0tedra UNESCO a la UPC i el CIMNE promou la recerca, la formaci\u00f3 i la innovaci\u00f3 en m\u00e8todes num\u00e8rics per afrontar els grans reptes de l\u2019en"},"footnotes":""},"class_list":["post-245105","page","type-page","status-publish","has-post-thumbnail","hentry"],"acf":[],"_links":{"self":[{"href":"https:\/\/cimne.com\/ca\/wp-json\/wp\/v2\/pages\/245105","targetHints":{"allow":["GET"]}}],"collection":[{"href":"https:\/\/cimne.com\/ca\/wp-json\/wp\/v2\/pages"}],"about":[{"href":"https:\/\/cimne.com\/ca\/wp-json\/wp\/v2\/types\/page"}],"author":[{"embeddable":true,"href":"https:\/\/cimne.com\/ca\/wp-json\/wp\/v2\/users\/2"}],"replies":[{"embeddable":true,"href":"https:\/\/cimne.com\/ca\/wp-json\/wp\/v2\/comments?post=245105"}],"version-history":[{"count":0,"href":"https:\/\/cimne.com\/ca\/wp-json\/wp\/v2\/pages\/245105\/revisions"}],"up":[{"embeddable":true,"href":"https:\/\/cimne.com\/ca\/wp-json\/wp\/v2\/pages\/226543"}],"wp:featuredmedia":[{"embeddable":true,"href":"https:\/\/cimne.com\/ca\/wp-json\/wp\/v2\/media\/236476"}],"wp:attachment":[{"href":"https:\/\/cimne.com\/ca\/wp-json\/wp\/v2\/media?parent=245105"}],"curies":[{"name":"wp","href":"https:\/\/api.w.org\/{rel}","templated":true}]}}