{"id":245091,"date":"2025-09-16T09:43:35","date_gmt":"2025-09-16T07:43:35","guid":{"rendered":"https:\/\/cimne.com\/politica-de-privacitat-de-xarxes-socials\/"},"modified":"2025-09-23T08:42:12","modified_gmt":"2025-09-23T06:42:12","slug":"politica-de-privacitat-de-xarxes-socials","status":"publish","type":"page","link":"https:\/\/cimne.com\/ca\/politica-de-privacitat-de-xarxes-socials\/","title":{"rendered":"Pol\u00edtica de privacitat de xarxes socials"},"content":{"rendered":"<p>[et_pb_section fb_built=&#8221;1&#8243; disabled_on=&#8221;off|off|off&#8221; _builder_version=&#8221;4.27.4&#8243; _module_preset=&#8221;81964cef-6002-4a6d-8fe6-ec7662796c0d&#8221; global_colors_info=&#8221;{}&#8221; theme_builder_area=&#8221;post_content&#8221;][et_pb_row _builder_version=&#8221;4.27.4&#8243; _module_preset=&#8221;c7c24b71-68f1-4ba2-bc79-49dcbcce5ea1&#8243; global_colors_info=&#8221;{}&#8221; theme_builder_area=&#8221;post_content&#8221;][et_pb_column type=&#8221;4_4&#8243; _builder_version=&#8221;4.27.4&#8243; _module_preset=&#8221;56e57fde-4561-4cf6-a771-0a733a7201b1&#8243; global_colors_info=&#8221;{}&#8221; theme_builder_area=&#8221;post_content&#8221;][et_pb_heading title=&#8221;@ET-DC@eyJkeW5hbWljIjp0cnVlLCJjb250ZW50IjoicG9zdF90aXRsZSIsInNldHRpbmdzIjp7ImJlZm9yZSI6IiIsImFmdGVyIjoiIn19@&#8221; admin_label=&#8221;Privacy Policy&#8221; _builder_version=&#8221;4.27.4&#8243; _dynamic_attributes=&#8221;title&#8221; _module_preset=&#8221;default&#8221; title_font=&#8221;|700|||||||&#8221; title_text_align=&#8221;left&#8221; title_font_size=&#8221;4rem&#8221; title_line_height=&#8221;4rem&#8221; custom_margin=&#8221;||32px||false|false&#8221; title_font_size_tablet=&#8221;3rem&#8221; title_font_size_phone=&#8221;3rem&#8221; title_font_size_last_edited=&#8221;on|desktop&#8221; title_line_height_tablet=&#8221;3rem&#8221; title_line_height_phone=&#8221;3rem&#8221; title_line_height_last_edited=&#8221;on|tablet&#8221; global_colors_info=&#8221;{}&#8221; theme_builder_area=&#8221;post_content&#8221;][\/et_pb_heading][et_pb_text disabled_on=&#8221;on|on|on&#8221; _builder_version=&#8221;4.27.4&#8243; _module_preset=&#8221;default&#8221; custom_margin=&#8221;||32px||false|false&#8221; disabled=&#8221;on&#8221; global_colors_info=&#8221;{}&#8221; theme_builder_area=&#8221;post_content&#8221;]<\/p>\n<p>Aquesta pol\u00edtica de privacitat estableix la manera com es gestionaran les dades personals en aquest lloc web. \u00c9s imprescindible que en llegeixis i n\u2019acceptis els termes abans de continuar navegant.<\/p>\n<p><\/p>\n<p>CIMNE \u00e9s el lloc web del CENTRE INTERNACIONAL DE M\u00c8TODES NUM\u00c8RICS A L\u2019ENGINYERIA (d\u2019ara endavant, CIMNE), amb n\u00famero d\u2019identificaci\u00f3 fiscal (CIF) Q5850006G.<\/p>\n<p><\/p>\n<p>La transpar\u00e8ncia \u00e9s un dels valors que ens defineixen i, per aix\u00f2, volem que s\u00e0pigues des del primer moment que la privacitat de les teves dades \u00e9s molt important per a nosaltres. Aquesta declaraci\u00f3 de privacitat explica quines dades personals recollim dels usuaris i com les fem servir. Et convidem a llegir aquests termes amb atenci\u00f3 abans de facilitar les teves dades personals en aquest lloc web.<\/p>\n<p><\/p>\n<p>Aquest lloc web respecta i protegeix les dades personals dels usuaris. Com a usuari, has de saber que els teus drets estan garantits.<\/p>\n<p><\/p>\n<p>Hem treballat per crear un espai segur i fiable i, per aquest motiu, volem compartir amb tu els nostres principis en mat\u00e8ria de privacitat:<\/p>\n<p><\/p>\n<ul>\n<li style=\"list-style-type: none;\">\n<ul>\n<li>No sol\u00b7licitem mai informaci\u00f3 personal si no \u00e9s estrictament necess\u00e0ria per oferir-te els serveis que demanes.<\/li>\n<li>No compartim mai informaci\u00f3 personal dels nostres usuaris amb tercers, excepte per complir amb la llei o si tenim la teva autoritzaci\u00f3 expressa.<\/li>\n<li>No farem servir mai les teves dades personals amb una finalitat diferent de la que s\u2019indica en aquesta pol\u00edtica de privacitat.<\/li>\n<\/ul>\n<p><\/li>\n<p><\/ul>\n<p><\/p>\n<p>Cal tenir en compte que aquesta Pol\u00edtica de Privacitat pot variar en funci\u00f3 de requisits legislatius o d\u2019autoregulaci\u00f3, per la qual cosa es recomana revisar-la peri\u00f2dicament. Ser\u00e0 aplicable en cas que els usuaris decideixin omplir algun formulari de contacte o de participaci\u00f3 on es recullin dades personals.<\/p>\n<p><\/p>\n<p>CIMNE ha adaptat aquest lloc web als requisits del Reglament (UE) 2016\/679 del Parlament Europeu i del Consell, de 27 d\u2019abril de 2016, sobre protecci\u00f3 de dades, aix\u00ed com a la Llei 34\/2002, d\u201911 de juliol, de serveis de la societat de la informaci\u00f3 i comer\u00e7 electr\u00f2nic (LSSICE o LSSI), i a la Llei 3\/2018, de 5 de desembre, de protecci\u00f3 de dades personals i garantia dels drets digitals.<\/p>\n<p>[\/et_pb_text][et_pb_heading title=&#8221;1. Informaci\u00f3 a l&#039;usuari&#8221; admin_label=&#8221;1. User Information&#8221; _builder_version=&#8221;4.27.4&#8243; _module_preset=&#8221;default&#8221; title_level=&#8221;h2&#8243; title_text_align=&#8221;left&#8221; title_font_size=&#8221;3rem&#8221; title_line_height=&#8221;2.5rem&#8221; custom_margin=&#8221;20px||32px||false|false&#8221; custom_padding=&#8221;||||false|false&#8221; title_font_size_tablet=&#8221;2.5rem&#8221; title_font_size_phone=&#8221;2.5rem&#8221; title_font_size_last_edited=&#8221;on|tablet&#8221; global_colors_info=&#8221;{}&#8221; theme_builder_area=&#8221;post_content&#8221;][\/et_pb_heading][et_pb_text _builder_version=&#8221;4.27.4&#8243; _module_preset=&#8221;default&#8221; custom_margin=&#8221;||32px||false|false&#8221; hover_enabled=&#8221;0&#8243; global_colors_info=&#8221;{}&#8221; theme_builder_area=&#8221;post_content&#8221; sticky_enabled=&#8221;0&#8243;]<\/p>\n<h3>Qui \u00e9s el responsable del tractament de les teves dades personals?<\/h3>\n<p><\/p>\n<p>El CENTRE INTERNACIONAL DE M\u00c8TODES NUM\u00c8RICS A L\u2019ENGINYERIA (CIMNE), d\u2019ara endavant el RESPONSABLE, informa l\u2019USUARI que ha creat un perfil a les xarxes socials Facebook, LinkedIn, YouTube i BlueSky, les quals s\u00f3n responsables del tractament de les dades personals de l\u2019usuari que s\u2019hi realitzi. Aquestes dades seran tractades d\u2019acord amb el que estableix el Reglament (UE) 2016\/679, de 27 d\u2019abril (RGPD), i la Llei Org\u00e0nica 3\/2018, de 5 de desembre (LOPDGDD), i per aix\u00f2 es facilita la informaci\u00f3 seg\u00fcent sobre el tractament:<\/p>\n<h3>Amb quina finalitat tractem les teves dades personals?<\/h3>\n<p><\/p>\n<p><strong>Finalitat del tractament<\/strong>: mantenir una relaci\u00f3 entre l\u2019USUARI i el RESPONSABLE, que pot incloure les actuacions seg\u00fcents:<\/p>\n<p><\/p>\n<ul>\n<li>Gestionar les sol\u00b7licituds i consultes que l\u2019usuari adreci al responsable.<\/li>\n<li>Facilitar informaci\u00f3 sobre activitats i esdeveniments organitzats pel responsable.<\/li>\n<li>Facilitar informaci\u00f3 sobre productes o serveis que ofereix el responsable.<\/li>\n<li>Interaccionar a trav\u00e9s dels perfils oficials.<\/li>\n<\/ul>\n<h3>Per qu\u00e8 podem tractar les teves dades personals?<\/h3>\n<p><\/p>\n<p><strong>Base jur\u00eddica del tractament<\/strong>: article 6.1.a del RGPD, l\u2019interessat ha donat el seu consentiment per al tractament de les seves dades personals per a una o diverses finalitats espec\u00edfiques. L\u2019USUARI t\u00e9 un perfil a la mateixa xarxa social i ha decidit unir-se al perfil del RESPONSABLE, mostrant aix\u00ed inter\u00e8s per la informaci\u00f3 que s\u2019hi publica. Per tant, en sol\u00b7licitar seguir els nostres perfils oficials, ens dona el seu consentiment per tractar les dades personals que figuren al seu perfil.<\/p>\n<p><\/p>\n<p>L\u2019USUARI pot accedir en qualsevol moment a les pol\u00edtiques de privacitat de la pr\u00f2pia xarxa social, aix\u00ed com configurar el seu perfil per garantir la seva privacitat.<\/p>\n<p><\/p>\n<p>El RESPONSABLE t\u00e9 acc\u00e9s a la informaci\u00f3 p\u00fablica de l\u2019USUARI, en especial al nom de contacte. Aquestes dades nom\u00e9s s\u2019utilitzen dins de la pr\u00f2pia xarxa social i nom\u00e9s s\u2019incorporaran a un fitxer del RESPONSABLE si s\u00f3n necess\u00e0ries per gestionar la sol\u00b7licitud de l\u2019USUARI.<\/p>\n<h3>Durant quant de temps conservarem les teves dades personals?<\/h3>\n<p><\/p>\n<p><strong>Criteris de conservaci\u00f3 de les dades<\/strong>: les dades es conservaran mentre l\u2019USUARI no revoqui el consentiment atorgat, tal com s\u2019indica en aquesta pol\u00edtica de privacitat.<\/p>\n<h3>Amb qui compartim les teves dades personals?<\/h3>\n<p><\/p>\n<p><strong>Comunicaci\u00f3 de dades<\/strong>: la informaci\u00f3 facilitada per l\u2019USUARI a trav\u00e9s de les xarxes socials del RESPONSABLE, incloses les seves dades personals, pot ser publicada en funci\u00f3 dels serveis que utilitzi l\u2019USUARI, i per tant pot quedar accessible p\u00fablicament per a altres usuaris tercers de les xarxes socials. Des de cada perfil de xarxa social, l\u2019USUARI pot configurar quina informaci\u00f3 vol fer p\u00fablica en cada cas, consultar els permisos que ha concedit, eliminar-los o desactivar-los, com amb qualsevol aplicaci\u00f3 de tercers que ja no desitgi utilitzar.<\/p>\n<p><\/p>\n<p>No es preveu la comunicaci\u00f3 de dades personals a tercers fora de la xarxa social, excepte si \u00e9s imprescindible per al desenvolupament i execuci\u00f3 de les finalitats del tractament, als nostres prove\u00efdors de serveis vinculats a les comunicacions, amb els quals el RESPONSABLE ha signat els contractes de confidencialitat i de responsable del tractament exigits per la normativa vigent en mat\u00e8ria de privacitat.<\/p>\n<h3>Quins drets tens?<\/h3>\n<p><\/p>\n<p><strong>Drets de l\u2019USUARI<\/strong>: aquests drets nom\u00e9s es poden exercir respecte a la informaci\u00f3 que estigui sota el control del RESPONSABLE.<\/p>\n<p><\/p>\n<ul>\n<li>Dret a retirar el consentiment en qualsevol moment.<\/li>\n<li>Dret d\u2019acc\u00e9s, rectificaci\u00f3, portabilitat i supressi\u00f3 de les teves dades, i de limitaci\u00f3 o oposici\u00f3 al seu tractament.<\/li>\n<li>Dret a presentar una reclamaci\u00f3 davant l\u2019autoritat de control (www.aepd.es) si consideres que el tractament no s\u2019ajusta a la normativa vigent.<\/li>\n<\/ul>\n<h4>Dades de contacte per exercir els teus drets:<\/h4>\n<p><\/p>\n<p>CENTRE INTERNACIONAL DE M\u00c8TODES NUM\u00c8RICS A L\u2019ENGINYERIA (CIMNE). C. Gran Capit\u00e0, s\/n, Edifici C1 &#8211; Campus Nord \u2013 UPC, 08034 BARCELONA<br \/>Correu electr\u00f2nic: rgpd@cimne.upc.edu<\/p>\n<p><\/p>\n<p><strong>Dades de contacte del delegat de protecci\u00f3 de dades (DPD)<\/strong>: Esperanza Jord\u00e0, dpo@cimne.upc.edu<\/p>\n<p>[\/et_pb_text][et_pb_divider _builder_version=&#8221;4.27.4&#8243; _module_preset=&#8221;default&#8221; global_colors_info=&#8221;{}&#8221; theme_builder_area=&#8221;post_content&#8221;][\/et_pb_divider][et_pb_heading title=&#8221;2. \u00das del perfil&#8221; admin_label=&#8221;2. Use of the profile&#8221; _builder_version=&#8221;4.27.4&#8243; _module_preset=&#8221;default&#8221; title_level=&#8221;h2&#8243; title_text_align=&#8221;left&#8221; title_font_size=&#8221;3rem&#8221; title_line_height=&#8221;2.5rem&#8221; custom_margin=&#8221;20px||32px||false|false&#8221; custom_padding=&#8221;||||false|false&#8221; hover_enabled=&#8221;0&#8243; title_font_size_tablet=&#8221;2.5rem&#8221; title_font_size_phone=&#8221;2.5rem&#8221; title_font_size_last_edited=&#8221;on|tablet&#8221; global_colors_info=&#8221;{}&#8221; theme_builder_area=&#8221;post_content&#8221; sticky_enabled=&#8221;0&#8243;][\/et_pb_heading][et_pb_text _builder_version=&#8221;4.27.4&#8243; _module_preset=&#8221;default&#8221; custom_margin=&#8221;||32px||false|false&#8221; hover_enabled=&#8221;0&#8243; global_colors_info=&#8221;{}&#8221; theme_builder_area=&#8221;post_content&#8221; sticky_enabled=&#8221;0&#8243;]<\/p>\n<p>El RESPONSABLE dur\u00e0 a terme les accions seg\u00fcents:<\/p>\n<p><\/p>\n<ul>\n<li>Acc\u00e9s a la informaci\u00f3 p\u00fablica del perfil.<\/li>\n<li>Publicaci\u00f3 al perfil de l\u2019USUARI de tota la informaci\u00f3 ja publicada a la xarxa social del RESPONSABLE. Enviament de missatges personals i individuals a trav\u00e9s dels canals de la xarxa social.<\/li>\n<li>Actualitzacions de l\u2019estat de la p\u00e0gina que es publicaran al perfil de l\u2019USUARI.<\/li>\n<\/ul>\n<p><\/p>\n<p>L\u2019USUARI pot controlar en tot moment les seves connexions, eliminar continguts que ja no li interessin i restringir amb qui comparteix les seves connexions; per fer-ho, ha d\u2019accedir a la configuraci\u00f3 de privacitat.<\/p>\n<p>[\/et_pb_text][et_pb_divider _builder_version=&#8221;4.27.4&#8243; _module_preset=&#8221;default&#8221; global_colors_info=&#8221;{}&#8221; theme_builder_area=&#8221;post_content&#8221;][\/et_pb_divider][et_pb_heading title=&#8221;3. Publicacions&#8221; admin_label=&#8221;3. Publications&#8221; _builder_version=&#8221;4.27.4&#8243; _module_preset=&#8221;default&#8221; title_level=&#8221;h2&#8243; title_text_align=&#8221;left&#8221; title_font_size=&#8221;3rem&#8221; title_line_height=&#8221;2.5rem&#8221; custom_margin=&#8221;20px||32px||false|false&#8221; custom_padding=&#8221;||||false|false&#8221; hover_enabled=&#8221;0&#8243; title_font_size_tablet=&#8221;2.5rem&#8221; title_font_size_phone=&#8221;2.5rem&#8221; title_font_size_last_edited=&#8221;on|tablet&#8221; global_colors_info=&#8221;{}&#8221; theme_builder_area=&#8221;post_content&#8221; sticky_enabled=&#8221;0&#8243;][\/et_pb_heading][et_pb_text _builder_version=&#8221;4.27.4&#8243; _module_preset=&#8221;default&#8221; custom_margin=&#8221;||32px||false|false&#8221; hover_enabled=&#8221;0&#8243; global_colors_info=&#8221;{}&#8221; theme_builder_area=&#8221;post_content&#8221; sticky_enabled=&#8221;0&#8243;]<\/p>\n<p>Un cop l\u2019USUARI s\u2019ha fet seguidor o s\u2019ha unit a la xarxa social del RESPONSABLE, pot publicar comentaris, enlla\u00e7os, imatges, fotografies o qualsevol altre tipus de contingut multim\u00e8dia adm\u00e8s per la xarxa. En tots els casos, l\u2019USUARI ha de ser el titular del contingut publicat, disposar dels drets d\u2019autor i de propietat intel\u00b7lectual, o comptar amb el consentiment de les terceres persones implicades.<\/p>\n<p><\/p>\n<p>Est\u00e0 expressament prohibida qualsevol publicaci\u00f3 a la xarxa social \u2014ja sigui en format de text, gr\u00e0fics, fotografies, v\u00eddeos, etc.\u2014 que vulneri o pugui vulnerar la moral, l\u2019\u00e8tica, el bon gust o el dec\u00f2rum, i\/o que infringeixi, vulneri o contravingui drets de propietat intel\u00b7lectual o industrial, drets d\u2019imatge o la legislaci\u00f3 vigent.<\/p>\n<p><\/p>\n<p>En aquests casos, el RESPONSABLE es reserva el dret de retirar immediatament el contingut, sense av\u00eds previ, i pot sol\u00b7licitar el bloqueig permanent de l\u2019USUARI.<\/p>\n<p><\/p>\n<p>El RESPONSABLE no es fa responsable del contingut publicat lliurement per un USUARI.<\/p>\n<p><\/p>\n<p>L\u2019USUARI ha de tenir en compte que les seves publicacions seran visibles per altres usuaris, i per tant \u00e9s el principal responsable de la seva privacitat.<\/p>\n<p><\/p>\n<p>Les imatges que es puguin publicar a la xarxa social no s\u2019emmagatzemaran en cap fitxer per part del RESPONSABLE, sin\u00f3 que romandran a la pr\u00f2pia xarxa social.<\/p>\n<p>[\/et_pb_text][et_pb_divider _builder_version=&#8221;4.27.4&#8243; _module_preset=&#8221;default&#8221; global_colors_info=&#8221;{}&#8221; theme_builder_area=&#8221;post_content&#8221;][\/et_pb_divider][et_pb_heading title=&#8221;4. Dades de menors o persones amb necessitats especials&#8221; admin_label=&#8221;4. Minors&#8221; _builder_version=&#8221;4.27.4&#8243; _module_preset=&#8221;default&#8221; title_level=&#8221;h2&#8243; title_text_align=&#8221;left&#8221; title_font_size=&#8221;3rem&#8221; title_line_height=&#8221;2.5rem&#8221; custom_margin=&#8221;20px||32px||false|false&#8221; custom_padding=&#8221;||||false|false&#8221; hover_enabled=&#8221;0&#8243; title_font_size_tablet=&#8221;2.5rem&#8221; title_font_size_phone=&#8221;2.5rem&#8221; title_font_size_last_edited=&#8221;on|tablet&#8221; global_colors_info=&#8221;{}&#8221; theme_builder_area=&#8221;post_content&#8221; sticky_enabled=&#8221;0&#8243;][\/et_pb_heading][et_pb_text _builder_version=&#8221;4.27.4&#8243; _module_preset=&#8221;default&#8221; custom_margin=&#8221;||32px||false|false&#8221; hover_enabled=&#8221;0&#8243; global_colors_info=&#8221;{}&#8221; theme_builder_area=&#8221;post_content&#8221; sticky_enabled=&#8221;0&#8243;]<\/p>\n<p>Queda prohibit l\u2019acc\u00e9s i el registre a les xarxes socials del RESPONSABLE per a menors de 14 anys. Si l\u2019USUARI t\u00e9 necessitats especials, caldr\u00e0 la intervenci\u00f3 del pare, mare, tutor\/a o representant legal, amb la documentaci\u00f3 acreditativa corresponent.<\/p>\n<p><\/p>\n<p>El RESPONSABLE queda expressament exempt de qualsevol responsabilitat derivada de l\u2019\u00fas de les xarxes socials per part de menors o persones amb necessitats especials. Les xarxes socials del RESPONSABLE no recullen conscientment cap informaci\u00f3 personal de menors. Per tant, si l\u2019USUARI \u00e9s menor d\u2019edat, no hauria de registrar-se, utilitzar les xarxes socials del RESPONSABLE ni facilitar cap dada personal.<\/p>\n<p>[\/et_pb_text][\/et_pb_column][\/et_pb_row][\/et_pb_section]<\/p>\n","protected":false},"excerpt":{"rendered":"<p>Aquesta pol\u00edtica de privacitat estableix la manera com es gestionaran les dades personals en aquest lloc web. \u00c9s imprescindible que en llegeixis i n\u2019acceptis els termes abans de continuar navegant.CIMNE \u00e9s el lloc web del CENTRE INTERNACIONAL DE M\u00c8TODES NUM\u00c8RICS A L\u2019ENGINYERIA (d\u2019ara endavant, CIMNE), amb n\u00famero d\u2019identificaci\u00f3 fiscal (CIF) Q5850006G.La transpar\u00e8ncia \u00e9s un dels [&hellip;]<\/p>\n","protected":false},"author":10,"featured_media":0,"parent":0,"menu_order":0,"comment_status":"closed","ping_status":"closed","template":"","meta":{"_acf_changed":false,"_et_pb_use_builder":"on","_et_pb_old_content":"","_et_gb_content_width":"","slim_seo":{"title":"Pol\u00edtica de privacitat de xarxes socials - CIMNE","description":"1. Informaci\u00f3 a l&#039;usuari Qui \u00e9s el responsable del tractament de les teves dades personals? El CENTRE INTERNACIONAL DE M\u00c8TODES NUM\u00c8RICS A L\u2019ENGINYERIA (CIM"},"footnotes":""},"class_list":["post-245091","page","type-page","status-publish","hentry"],"acf":[],"_links":{"self":[{"href":"https:\/\/cimne.com\/ca\/wp-json\/wp\/v2\/pages\/245091","targetHints":{"allow":["GET"]}}],"collection":[{"href":"https:\/\/cimne.com\/ca\/wp-json\/wp\/v2\/pages"}],"about":[{"href":"https:\/\/cimne.com\/ca\/wp-json\/wp\/v2\/types\/page"}],"author":[{"embeddable":true,"href":"https:\/\/cimne.com\/ca\/wp-json\/wp\/v2\/users\/10"}],"replies":[{"embeddable":true,"href":"https:\/\/cimne.com\/ca\/wp-json\/wp\/v2\/comments?post=245091"}],"version-history":[{"count":0,"href":"https:\/\/cimne.com\/ca\/wp-json\/wp\/v2\/pages\/245091\/revisions"}],"wp:attachment":[{"href":"https:\/\/cimne.com\/ca\/wp-json\/wp\/v2\/media?parent=245091"}],"curies":[{"name":"wp","href":"https:\/\/api.w.org\/{rel}","templated":true}]}}