{"id":244421,"date":"2025-04-29T12:07:18","date_gmt":"2025-04-29T10:07:18","guid":{"rendered":"https:\/\/cimne.com\/politica-de-privadesa\/"},"modified":"2026-03-19T09:07:13","modified_gmt":"2026-03-19T08:07:13","slug":"politica-de-privadesa","status":"publish","type":"page","link":"https:\/\/cimne.com\/ca\/politica-de-privadesa\/","title":{"rendered":"Pol\u00edtica de privadesa"},"content":{"rendered":"<p>[et_pb_section fb_built=&#8221;1&#8243; disabled_on=&#8221;off|off|off&#8221; _builder_version=&#8221;4.27.4&#8243; _module_preset=&#8221;81964cef-6002-4a6d-8fe6-ec7662796c0d&#8221; global_colors_info=&#8221;{}&#8221;][et_pb_row _builder_version=&#8221;4.27.4&#8243; _module_preset=&#8221;c7c24b71-68f1-4ba2-bc79-49dcbcce5ea1&#8243; global_colors_info=&#8221;{}&#8221;][et_pb_column type=&#8221;4_4&#8243; _builder_version=&#8221;4.27.4&#8243; _module_preset=&#8221;56e57fde-4561-4cf6-a771-0a733a7201b1&#8243; global_colors_info=&#8221;{}&#8221;][et_pb_heading title=&#8221;@ET-DC@eyJkeW5hbWljIjp0cnVlLCJjb250ZW50IjoicG9zdF90aXRsZSIsInNldHRpbmdzIjp7ImJlZm9yZSI6IiIsImFmdGVyIjoiIn19@&#8221; admin_label=&#8221;Privacy Policy&#8221; _builder_version=&#8221;4.27.4&#8243; _dynamic_attributes=&#8221;title&#8221; _module_preset=&#8221;default&#8221; title_font=&#8221;|700|||||||&#8221; title_text_align=&#8221;left&#8221; title_font_size=&#8221;4rem&#8221; title_line_height=&#8221;4rem&#8221; custom_margin=&#8221;||32px||false|false&#8221; title_font_size_tablet=&#8221;3rem&#8221; title_font_size_phone=&#8221;3rem&#8221; title_font_size_last_edited=&#8221;on|desktop&#8221; title_line_height_tablet=&#8221;3rem&#8221; title_line_height_phone=&#8221;3rem&#8221; title_line_height_last_edited=&#8221;on|tablet&#8221; global_colors_info=&#8221;{}&#8221;][\/et_pb_heading][et_pb_text disabled_on=&#8221;on|on|on&#8221; _builder_version=&#8221;4.27.4&#8243; _module_preset=&#8221;default&#8221; custom_margin=&#8221;||32px||false|false&#8221; disabled=&#8221;on&#8221; global_colors_info=&#8221;{}&#8221;]<\/p>\n<p><span dir=\"auto\">Aquesta pol\u00edtica de privacitat estableix la manera com es gestionaran les dades personals en aquest lloc web. \u00c9s essencial que llegiu i accepteu els termes abans de continuar navegant.<\/span><\/p>\n<p><\/p>\n<p><span dir=\"auto\">CIMNE \u00e9s la p\u00e0gina web del CENTRE INTERNACIONAL DE M\u00c8TODES NUM\u00c8RICS A L&#8217;ENGINYERIA (d&#8217;ara endavant, CIMNE) amb CIF Q5850006G.<\/span><\/p>\n<p><\/p>\n<p><span dir=\"auto\">La transpar\u00e8ncia \u00e9s un dels valors que ens defineix i, per aquest motiu, volem que s\u00e0pigues des del principi que la privadesa de les teves dades \u00e9s molt important per a nosaltres. Aquesta declaraci\u00f3 de privadesa explica quines dades personals recopilem dels nostres usuaris i com les utilitzem. T&#8217;invitem a llegir atentament aquests termes abans de proporcionar les teves dades personals en aquest lloc web.<\/span><\/p>\n<p><\/p>\n<p><span dir=\"auto\">Aquest lloc web respecta i protegeix les dades personals dels usuaris. Com a usuari, has de saber que els teus drets estan garantits.<\/span><\/p>\n<p><\/p>\n<p><span dir=\"auto\">Ens hem esfor\u00e7at per crear un espai segur i fiable i, per aquest motiu, volem compartir els nostres principis pel que fa a la vostra privadesa:<\/span><\/p>\n<p><\/p>\n<ul>\n<li style=\"list-style-type: none;\">\n<ul>\n<li><span dir=\"auto\">Mai sol\u00b7licitem cap informaci\u00f3 personal tret que sigui absolutament necessari per proporcionar els serveis que necessiteu.<\/span><\/li>\n<li><span dir=\"auto\">Mai compartim informaci\u00f3 personal dels nostres usuaris amb ning\u00fa, excepte per complir amb la llei o en cas que tinguem la vostra autoritzaci\u00f3 expressa.<\/span><\/li>\n<li><span dir=\"auto\">Mai utilitzarem les vostres dades personals per a una finalitat diferent de l&#8217;esmentada en aquesta pol\u00edtica de privacitat.<\/span><\/li>\n<\/ul>\n<p><\/li>\n<p><\/ul>\n<p><\/p>\n<p><span dir=\"auto\">Cal tenir en compte que aquesta Pol\u00edtica de Privacitat pot variar en funci\u00f3 dels requisits legislatius o d&#8217;autoregulaci\u00f3, per la qual cosa s&#8217;aconsella als usuaris que la revisin peri\u00f2dicament. Ser\u00e0 aplicable en cas que els usuaris decideixin omplir un formulari de contacte o de participaci\u00f3 on es recopilin dades personals.<\/span><\/p>\n<p><\/p>\n<p><span dir=\"auto\">CIMNE ha adaptat aquest lloc web als requisits del Reglament (UE) 2016\/679 del Parlament Europeu i del Consell, de 27 d&#8217;abril de 2016, relatiu a la protecci\u00f3 de dades, aix\u00ed com a la Llei 34\/2002, de l&#8217;11 de juliol, de regulaci\u00f3 dels Serveis de la Societat de la Informaci\u00f3 i el Comer\u00e7 Electr\u00f2nic (LSSICE o LSSI) i la Llei 3\/2018, de 5 de desembre, de Protecci\u00f3 de Dades Personals i Garantia dels Drets Digitals.<\/span><\/p>\n<p>[\/et_pb_text][et_pb_heading title=&#8221;1. Informaci\u00f3 de l&#039;usuari&#8221; admin_label=&#8221;1. User Information&#8221; _builder_version=&#8221;4.27.4&#8243; _module_preset=&#8221;default&#8221; title_level=&#8221;h2&#8243; title_text_align=&#8221;left&#8221; title_font_size=&#8221;3rem&#8221; title_line_height=&#8221;2.5rem&#8221; custom_margin=&#8221;20px||32px||false|false&#8221; custom_padding=&#8221;||||false|false&#8221; title_font_size_tablet=&#8221;2.5rem&#8221; title_font_size_phone=&#8221;2.5rem&#8221; title_font_size_last_edited=&#8221;on|tablet&#8221; global_colors_info=&#8221;{}&#8221;][\/et_pb_heading][et_pb_text _builder_version=&#8221;4.27.4&#8243; _module_preset=&#8221;default&#8221; custom_margin=&#8221;||32px||false|false&#8221; global_colors_info=&#8221;{}&#8221;]<\/p>\n<h3><span dir=\"auto\">Qui \u00e9s el responsable del tractament de les vostres dades personals?<\/span><\/h3>\n<p><\/p>\n<p><span dir=\"auto\">El CENTRE INTERNACIONAL DE M\u00c8TODES NUM\u00c8RICS A L&#8217;ENGINYERIA (CIMNE) \u00e9s el responsable del tractament de les dades personals de l&#8217;usuari i l&#8217;informa que aquestes dades seran tractades de conformitat amb el que estableix el Reglament (UE) 2016\/679 de 27 d&#8217;abril (RGPD) i la Llei Org\u00e0nica 3\/2018 de 5 de desembre (LOPDGDD).<\/span><\/p>\n<p><\/p>\n<h3><span dir=\"auto\">Per qu\u00e8 processem les vostres dades personals i per qu\u00e8 ho fem?<\/span><\/h3>\n<p><\/p>\n<p><span dir=\"auto\">Depenent del formulari on h\u00e0gim obtingut les vostres dades personals, les tractarem de manera confidencial per a les seg\u00fcents finalitats: En el\u00a0<\/span><strong><span dir=\"auto\">formulari del CV<\/span><\/strong><\/p>\n<p><\/p>\n<ul>\n<li><span dir=\"auto\">Implicar la persona interessada en els processos de selecci\u00f3 de personal i analitzar el perfil del sol\u00b7licitant amb l&#8217;objectiu de seleccionar un candidat per al lloc vacant del responsable. (amb el consentiment de la persona interessada, 6.1.a RGPD)<\/span><\/li>\n<\/ul>\n<p><\/p>\n<p><span dir=\"auto\">Al\u00a0formulari\u00a0<\/span><strong><span dir=\"auto\">de contacte<\/span><\/strong><\/p>\n<p><\/p>\n<ul>\n<li><span dir=\"auto\">Per mantenir una forma utilitzable de comunicaci\u00f3 amb la persona interessada, per tal d&#8217;atendre la naturalesa del missatge rebut a trav\u00e9s del formulari esmentat (amb el consentiment de la persona interessada, 6.1.a RGPD).<\/span><\/li>\n<\/ul>\n<p><\/p>\n<p><span dir=\"auto\">Al\u00a0\u00a0formulari\u00a0<\/span><strong><span dir=\"auto\">de subscripci\u00f3 al butllet\u00ed\u00a0<\/span><\/strong><\/p>\n<p><\/p>\n<ul>\n<li><span dir=\"auto\">Afegir les dades de contacte de la persona interessada a un fitxer electr\u00f2nic per tal d&#8217;enviar-li comunicacions electr\u00f2niques rellevants sobre el seu tema d&#8217;inter\u00e8s (amb el consentiment de la persona interessada, 6.1.a RGPD).<\/span><\/li>\n<\/ul>\n<p><\/p>\n<h3><span dir=\"auto\">Durant quant de temps s&#8217;emmagatzemaran les vostres dades personals?<\/span><\/h3>\n<p><\/p>\n<p><span dir=\"auto\">Es conservaran durant no m\u00e9s temps del necessari per complir la finalitat del tractament o durant el temps que els requisits legals en regulin l&#8217;emmagatzematge. Quan ja no siguin necessaris per a aquesta finalitat, s&#8217;eliminaran mitjan\u00e7ant mesures de seguretat adequades per anonimitzar o destruir completament les dades.<\/span><\/p>\n<p><\/p>\n<h3><span dir=\"auto\">Amb qui compartim les teves dades personals?<\/span><\/h3>\n<p><\/p>\n<p><span dir=\"auto\">No \u00e9s previsible cap comunicaci\u00f3 de dades personals a tercers, excepte, si cal, per al desenvolupament i execuci\u00f3 de les finalitats del tractament, als nostres prove\u00efdors de serveis de comunicaci\u00f3 amb els quals el RESPONSABLE ha signat els acords de confidencialitat i d&#8217;encarregat del tractament que exigeix \u200b\u200bla normativa de privacitat vigent.<\/span><\/p>\n<p><\/p>\n<h3><span dir=\"auto\">Quins s\u00f3n els teus drets?<\/span><\/h3>\n<p><\/p>\n<p><span dir=\"auto\">Els drets de l&#8217;USUARI s\u00f3n:<\/span><\/p>\n<p><\/p>\n<ul>\n<li><span dir=\"auto\">El dret a retirar el consentiment en qualsevol moment.<\/span><\/li>\n<li><span dir=\"auto\">El dret d&#8217;acc\u00e9s, rectificaci\u00f3, portabilitat i supressi\u00f3 de les seves dades, i a limitar-ne el tractament o oposar-se-hi.<\/span><\/li>\n<li><span dir=\"auto\">El dret a presentar una reclamaci\u00f3 davant l&#8217;autoritat de control (www.aepd.es) si considera que el tractament no s&#8217;ajusta a la normativa vigent.<\/span><\/li>\n<\/ul>\n<p><\/p>\n<h4><span dir=\"auto\">Dades de contacte per exercir els vostres drets:<\/span><\/h4>\n<p><\/p>\n<p><span dir=\"auto\">CENTRE INTERNACIONAL DE M\u00c8TODES NUM\u00c8RICS A L&#8217;ENGINYERIA (CIMNE). C. Gran Capit\u00e0, s\/n, Edifici C1 -Campus Nord \u2013 UPC, 08034 BARCELONA E-mail: rgpd@cimne.upc.edu\u00a0<\/span><strong><span dir=\"auto\">Dades de contacte del delegat de protecci\u00f3 de dades (DPO)<\/span><\/strong><span dir=\"auto\">\u00a0: Esperanza Jord\u00e0, dpo@cimne.upc.edu<\/span><\/p>\n<p>[\/et_pb_text][et_pb_divider color=&#8221;#02a0a5&#8243; _builder_version=&#8221;4.27.4&#8243; _module_preset=&#8221;default&#8221; global_colors_info=&#8221;{}&#8221;][\/et_pb_divider][et_pb_heading title=&#8221;2. Car\u00e0cter obligatori o opcional de la informaci\u00f3 facilitada per l&#039;usuari&#8221; admin_label=&#8221;2. Info facilitated&#8221; _builder_version=&#8221;4.27.4&#8243; _module_preset=&#8221;default&#8221; title_level=&#8221;h2&#8243; title_text_align=&#8221;left&#8221; title_font_size=&#8221;3rem&#8221; title_line_height=&#8221;2.5rem&#8221; custom_margin=&#8221;20px||32px||false|false&#8221; custom_padding=&#8221;||||false|false&#8221; title_font_size_tablet=&#8221;2.5rem&#8221; title_font_size_phone=&#8221;2.5rem&#8221; title_font_size_last_edited=&#8221;on|tablet&#8221; global_colors_info=&#8221;{}&#8221;][\/et_pb_heading][et_pb_text _builder_version=&#8221;4.27.4&#8243; _module_preset=&#8221;default&#8221; custom_margin=&#8221;||32px||false|false&#8221; global_colors_info=&#8221;{}&#8221;]<\/p>\n<p><span dir=\"auto\">Marcant les caselles corresponents i introduint dades en els camps marcats amb un asterisc (*) en el formulari de contacte o presentats en formularis de desc\u00e0rrega, els USUARIS accepten expressament, lliurement i inequ\u00edvocament que les seves dades s\u00f3n necess\u00e0ries perqu\u00e8 el prestador pugui respondre a la seva sol\u00b7licitud, sent volunt\u00e0ria la inclusi\u00f3 de dades en els camps restants. L&#8217;USUARI garanteix que les dades personals facilitades al RESPONSABLE s\u00f3n exactes i es fa responsable de comunicar qualsevol modificaci\u00f3 de les mateixes.<\/span><\/p>\n<p><\/p>\n<p><span dir=\"auto\">El RESPONSABLE l&#8217;informa que totes les dades sol\u00b7licitades a trav\u00e9s del lloc web s\u00f3n obligat\u00f2ries, ja que s\u00f3n necess\u00e0ries per a la prestaci\u00f3 d&#8217;un servei \u00f2ptim a l&#8217;USUARI. Si no es faciliten totes les dades, no es pot garantir que la informaci\u00f3 i els serveis proporcionats s&#8217;adaptin completament a les seves necessitats.<\/span><\/p>\n<p>[\/et_pb_text][et_pb_divider color=&#8221;#02a0a5&#8243; _builder_version=&#8221;4.27.4&#8243; _module_preset=&#8221;default&#8221; global_colors_info=&#8221;{}&#8221;][\/et_pb_divider][et_pb_heading title=&#8221;3. Mesures de seguretat&#8221; admin_label=&#8221;3. Security measures&#8221; _builder_version=&#8221;4.27.4&#8243; _module_preset=&#8221;default&#8221; title_level=&#8221;h2&#8243; title_text_align=&#8221;left&#8221; title_font_size=&#8221;3rem&#8221; title_line_height=&#8221;2.5rem&#8221; custom_margin=&#8221;20px||32px||false|false&#8221; custom_padding=&#8221;||||false|false&#8221; title_font_size_tablet=&#8221;2.5rem&#8221; title_font_size_phone=&#8221;2.5rem&#8221; title_font_size_last_edited=&#8221;on|tablet&#8221; global_colors_info=&#8221;{}&#8221;][\/et_pb_heading][et_pb_text _builder_version=&#8221;4.27.4&#8243; _module_preset=&#8221;default&#8221; custom_margin=&#8221;||32px||false|false&#8221; global_colors_info=&#8221;{}&#8221;]<\/p>\n<p><span dir=\"auto\">De conformitat amb el que estableix la normativa vigent en mat\u00e8ria de protecci\u00f3 de dades personals, el RESPONSABLE compleix amb totes les disposicions de les normatives RGPD i LOPDGDD per al tractament de dades personals de la seva responsabilitat, i manifestament amb els principis descrits a l&#8217;article 5 del RGPD, segons els quals les dades es tracten de manera l\u00edcita, lleial i transparent en relaci\u00f3 amb l&#8217;interessat i s\u00f3n adequades, pertinents i limitades al que \u00e9s necessari en relaci\u00f3 amb les finalitats per a les quals es tracten.<\/span><\/p>\n<p><\/p>\n<p><span dir=\"auto\">El RESPONSABLE garanteix que ha implementat pol\u00edtiques t\u00e8cniques i organitzatives apropiades per aplicar les mesures de seguretat que estableixen el RGPD i la LOPDGDD per tal de protegir els drets i llibertats dels USUARIS i els ha comunicat la informaci\u00f3 adequada perqu\u00e8 puguin exercir-los.<\/span><\/p>\n<p><\/p>\n<p><span dir=\"auto\">Per a m\u00e9s informaci\u00f3 sobre les garanties de privacitat, podeu contactar amb el RESPONSABLE a trav\u00e9s del CENTRE INTERNACIONAL DE M\u00c8TODES NUM\u00c8RICS A L&#8217;ENGINYERIA (CIMNE). C. Gran Capit\u00e0, s\/n, Edifici C1 -Campus Nod \u2013 UPC &#8211; 08034 BARCELONA. Correu electr\u00f2nic: rgpd@cimne.upc.edu<\/span><\/p>\n<p><\/p>\n<p><strong><span dir=\"auto\">Dades de contacte de la delegada de protecci\u00f3 de dades<\/span><\/strong><span dir=\"auto\">\u00a0: Esperanza Jord\u00e0, dpo@cimne.upc.edu<\/span><\/p>\n<p>[\/et_pb_text][\/et_pb_column][\/et_pb_row][\/et_pb_section]<\/p>\n","protected":false},"excerpt":{"rendered":"<p>Aquesta pol\u00edtica de privacitat estableix la manera com es gestionaran les dades personals en aquest lloc web. \u00c9s essencial que llegiu i accepteu els termes abans de continuar navegant.CIMNE \u00e9s la p\u00e0gina web del CENTRE INTERNACIONAL DE M\u00c8TODES NUM\u00c8RICS A L&#8217;ENGINYERIA (d&#8217;ara endavant, CIMNE) amb CIF Q5850006G.La transpar\u00e8ncia \u00e9s un dels valors que ens defineix [&hellip;]<\/p>\n","protected":false},"author":2,"featured_media":0,"parent":0,"menu_order":0,"comment_status":"closed","ping_status":"closed","template":"","meta":{"_acf_changed":false,"_et_pb_use_builder":"on","_et_pb_old_content":"","_et_gb_content_width":"","slim_seo":{"title":"Pol\u00edtica de privadesa - CIMNE","description":"Aquesta pol\u00edtica de privacitat estableix la manera com es gestionaran les dades personals en aquest lloc web. \u00c9s essencial que llegiu i accepteu els termes aban"},"footnotes":""},"class_list":["post-244421","page","type-page","status-publish","hentry"],"acf":[],"_links":{"self":[{"href":"https:\/\/cimne.com\/ca\/wp-json\/wp\/v2\/pages\/244421","targetHints":{"allow":["GET"]}}],"collection":[{"href":"https:\/\/cimne.com\/ca\/wp-json\/wp\/v2\/pages"}],"about":[{"href":"https:\/\/cimne.com\/ca\/wp-json\/wp\/v2\/types\/page"}],"author":[{"embeddable":true,"href":"https:\/\/cimne.com\/ca\/wp-json\/wp\/v2\/users\/2"}],"replies":[{"embeddable":true,"href":"https:\/\/cimne.com\/ca\/wp-json\/wp\/v2\/comments?post=244421"}],"version-history":[{"count":0,"href":"https:\/\/cimne.com\/ca\/wp-json\/wp\/v2\/pages\/244421\/revisions"}],"wp:attachment":[{"href":"https:\/\/cimne.com\/ca\/wp-json\/wp\/v2\/media?parent=244421"}],"curies":[{"name":"wp","href":"https:\/\/api.w.org\/{rel}","templated":true}]}}