{"id":244340,"date":"2025-04-29T11:38:37","date_gmt":"2025-04-29T09:38:37","guid":{"rendered":"https:\/\/cimne.com\/condicions-generals-dus-i-acces\/"},"modified":"2026-03-19T13:25:04","modified_gmt":"2026-03-19T12:25:04","slug":"condicions-generals-dus-i-acces","status":"publish","type":"page","link":"https:\/\/cimne.com\/ca\/condicions-generals-dus-i-acces\/","title":{"rendered":"Condicions generals d&#8217;\u00fas i acc\u00e9s"},"content":{"rendered":"<p>[et_pb_section fb_built=&#8221;1&#8243; disabled_on=&#8221;off|off|off&#8221; _builder_version=&#8221;4.27.4&#8243; _module_preset=&#8221;81964cef-6002-4a6d-8fe6-ec7662796c0d&#8221; global_colors_info=&#8221;{}&#8221;][et_pb_row _builder_version=&#8221;4.27.4&#8243; _module_preset=&#8221;c7c24b71-68f1-4ba2-bc79-49dcbcce5ea1&#8243; global_colors_info=&#8221;{}&#8221;][et_pb_column type=&#8221;4_4&#8243; _builder_version=&#8221;4.27.4&#8243; _module_preset=&#8221;56e57fde-4561-4cf6-a771-0a733a7201b1&#8243; global_colors_info=&#8221;{}&#8221;][et_pb_heading title=&#8221;Condicions generals d&#039;\u00fas i acc\u00e9s&#8221; admin_label=&#8221;General Terms of Use and Access&#8221; _builder_version=&#8221;4.27.4&#8243; _module_preset=&#8221;default&#8221; title_font=&#8221;|700|||||||&#8221; title_text_align=&#8221;left&#8221; title_font_size=&#8221;4rem&#8221; title_line_height=&#8221;4rem&#8221; custom_margin=&#8221;||32px||false|false&#8221; title_font_size_tablet=&#8221;3rem&#8221; title_font_size_phone=&#8221;3rem&#8221; title_font_size_last_edited=&#8221;on|desktop&#8221; title_line_height_tablet=&#8221;3rem&#8221; title_line_height_phone=&#8221;3rem&#8221; title_line_height_last_edited=&#8221;on|tablet&#8221; global_colors_info=&#8221;{}&#8221;][\/et_pb_heading][et_pb_text _builder_version=&#8221;4.27.4&#8243; _module_preset=&#8221;default&#8221; custom_margin=&#8221;||32px||false|false&#8221; global_colors_info=&#8221;{}&#8221;]<\/p>\n<p>CIMNE (Centre Internacional de M\u00e8todes Num\u00e8rics a l&#8217;Enginyeria)<br \/>UPC. Campus Ed. C1 Campus Nord.<br \/>NIF Q-5850006-G<br \/>El Centre Internacional de M\u00e8todes Num\u00e8rics en Enginyeria \u00e9s un centre aut\u00f2nom de recerca i desenvolupament dedicat a promoure i fomentar els aven\u00e7os en el desenvolupament i l&#8217;aplicaci\u00f3 de m\u00e8todes num\u00e8rics i t\u00e8cniques computacionals per a la soluci\u00f3 de problemes d&#8217;enginyeria en un context internacional.<\/p>\n<p>[\/et_pb_text][et_pb_heading title=&#8221;1. Prop\u00f2sit i abast&#8221; admin_label=&#8221;Terms of use and access&#8221; _builder_version=&#8221;4.27.4&#8243; _module_preset=&#8221;default&#8221; title_level=&#8221;h2&#8243; title_text_align=&#8221;left&#8221; title_font_size=&#8221;3rem&#8221; title_line_height=&#8221;2.5rem&#8221; custom_margin=&#8221;20px||32px||false|false&#8221; custom_padding=&#8221;||||false|false&#8221; title_font_size_tablet=&#8221;2.5rem&#8221; title_font_size_phone=&#8221;2.5rem&#8221; title_font_size_last_edited=&#8221;on|tablet&#8221; global_colors_info=&#8221;{}&#8221;][\/et_pb_heading][et_pb_text _builder_version=&#8221;4.27.4&#8243; _module_preset=&#8221;default&#8221; custom_margin=&#8221;||32px||false|false&#8221; global_colors_info=&#8221;{}&#8221;]<\/p>\n<p>Aquestes Condicions Generals d&#8217;\u00das i Acc\u00e9s regulen l&#8217;acc\u00e9s i \u00fas del lloc web del CIMNE (d&#8217;ara endavant, el &#8220;Lloc Web&#8221;), disponible p\u00fablicament a trav\u00e9s de https:\/\/cimne.com<\/p>\n<p><\/p>\n<p>En accedir o utilitzar el lloc web, l&#8217;usuari accepta aquestes condicions en la seva totalitat. Si l&#8217;usuari no hi est\u00e0 d&#8217;acord, haur\u00e0 d&#8217;abstenir-se d&#8217;utilitzar el lloc web.<\/p>\n<p>[\/et_pb_text][et_pb_heading title=&#8221;2. Acc\u00e9s i \u00fas del lloc web&#8221; admin_label=&#8221;Object&#8221; _builder_version=&#8221;4.27.4&#8243; _module_preset=&#8221;default&#8221; title_level=&#8221;h2&#8243; title_text_align=&#8221;left&#8221; title_font_size=&#8221;3rem&#8221; title_line_height=&#8221;2.5rem&#8221; custom_margin=&#8221;20px||32px||false|false&#8221; custom_padding=&#8221;||||false|false&#8221; title_font_size_tablet=&#8221;2.5rem&#8221; title_font_size_phone=&#8221;2.5rem&#8221; title_font_size_last_edited=&#8221;on|tablet&#8221; global_colors_info=&#8221;{}&#8221;][\/et_pb_heading][et_pb_text _builder_version=&#8221;4.27.4&#8243; _module_preset=&#8221;default&#8221; custom_margin=&#8221;||32px||false|false&#8221; hover_enabled=&#8221;0&#8243; global_colors_info=&#8221;{}&#8221; sticky_enabled=&#8221;0&#8243;]<\/p>\n<p>Els usuaris poden accedir lliurement al lloc web, sense perjudici de les seccions que requereixin identificaci\u00f3 mitjan\u00e7ant identificadors d&#8217;usuari i contrasenyes.<\/p>\n<p><\/p>\n<p>L&#8217;usuari \u00e9s responsable de salvaguardar les seves credencials i de les accions realitzades sota el seu compte.<\/p>\n<p><\/p>\n<p>L&#8217;usuari es compromet a utilitzar el lloc web de manera diligent, l\u00edcita i respectuosa, evitant qualsevol acci\u00f3 que pugui perjudicar CIMNE o tercers.<\/p>\n<p>[\/et_pb_text][et_pb_heading title=&#8221;3. Propietat intel\u00b7lectual i industrial&#8221; admin_label=&#8221;Data collection forms&#8221; _builder_version=&#8221;4.27.4&#8243; _module_preset=&#8221;default&#8221; title_level=&#8221;h2&#8243; title_text_align=&#8221;left&#8221; title_font_size=&#8221;3rem&#8221; title_line_height=&#8221;2.5rem&#8221; custom_margin=&#8221;20px||32px||false|false&#8221; custom_padding=&#8221;||||false|false&#8221; hover_enabled=&#8221;0&#8243; title_font_size_tablet=&#8221;2.5rem&#8221; title_font_size_phone=&#8221;2.5rem&#8221; title_font_size_last_edited=&#8221;on|tablet&#8221; global_colors_info=&#8221;{}&#8221; sticky_enabled=&#8221;0&#8243;][\/et_pb_heading][et_pb_text _builder_version=&#8221;4.27.4&#8243; _module_preset=&#8221;default&#8221; custom_margin=&#8221;||32px||false|false&#8221; hover_enabled=&#8221;0&#8243; global_colors_info=&#8221;{}&#8221; sticky_enabled=&#8221;0&#8243;]<\/p>\n<p>Tots els continguts del lloc web (textos, imatges, dissenys, programari, codi font, logotips, marques) s\u00f3n propietat del CIMNE o de tercers que n&#8217;han autoritzat l&#8217;\u00fas.<\/p>\n<p><\/p>\n<p>L&#8217;usuari nom\u00e9s podr\u00e0 utilitzar aquests continguts amb finalitats personals i no comercials. Qualsevol reproducci\u00f3, distribuci\u00f3 o modificaci\u00f3 requereix l&#8217;autoritzaci\u00f3 pr\u00e8via i per escrit del CIMNE.<\/p>\n<p>[\/et_pb_text][et_pb_heading title=&#8221;4. Exempci\u00f3 de responsabilitat i limitaci\u00f3 de responsabilitat&#8221; admin_label=&#8221;Entering links to website&#8221; _builder_version=&#8221;4.27.4&#8243; _module_preset=&#8221;default&#8221; title_level=&#8221;h2&#8243; title_text_align=&#8221;left&#8221; title_font_size=&#8221;3rem&#8221; title_line_height=&#8221;2.5rem&#8221; custom_margin=&#8221;20px||32px||false|false&#8221; custom_padding=&#8221;||||false|false&#8221; hover_enabled=&#8221;0&#8243; title_font_size_tablet=&#8221;2.5rem&#8221; title_font_size_phone=&#8221;2.5rem&#8221; title_font_size_last_edited=&#8221;on|tablet&#8221; global_colors_info=&#8221;{}&#8221; sticky_enabled=&#8221;0&#8243;][\/et_pb_heading][et_pb_text _builder_version=&#8221;4.27.4&#8243; _module_preset=&#8221;default&#8221; custom_margin=&#8221;||32px||false|false&#8221; hover_enabled=&#8221;0&#8243; global_colors_info=&#8221;{}&#8221; sticky_enabled=&#8221;0&#8243;]<\/p>\n<p>CIMNE no garanteix la disponibilitat cont\u00ednua, la fiabilitat t\u00e8cnica o l&#8217;exactitud dels continguts del lloc web.<\/p>\n<p><\/p>\n<p>El CIMNE no es fa responsable dels danys derivats de l&#8217;acc\u00e9s, l&#8217;\u00fas o la impossibilitat d&#8217;utilitzar el lloc web, excepte en els casos de dolo o neglig\u00e8ncia greu que estableixi la llei.<\/p>\n<p>[\/et_pb_text][et_pb_heading title=&#8221;5. Protecci\u00f3 de dades&#8221; admin_label=&#8221;Intellectual property&#8221; _builder_version=&#8221;4.27.4&#8243; _module_preset=&#8221;default&#8221; title_level=&#8221;h2&#8243; title_text_align=&#8221;left&#8221; title_font_size=&#8221;3rem&#8221; title_line_height=&#8221;2.5rem&#8221; custom_margin=&#8221;20px||32px||false|false&#8221; custom_padding=&#8221;||||false|false&#8221; hover_enabled=&#8221;0&#8243; title_font_size_tablet=&#8221;2.5rem&#8221; title_font_size_phone=&#8221;2.5rem&#8221; title_font_size_last_edited=&#8221;on|tablet&#8221; global_colors_info=&#8221;{}&#8221; sticky_enabled=&#8221;0&#8243;][\/et_pb_heading][et_pb_text _builder_version=&#8221;4.27.4&#8243; _module_preset=&#8221;default&#8221; custom_margin=&#8221;||-15px||false|false&#8221; hover_enabled=&#8221;0&#8243; global_colors_info=&#8221;{}&#8221; sticky_enabled=&#8221;0&#8243;]<\/p>\n<p>En compliment del Reglament (UE) 2016\/679 (RGPD) i la Llei Org\u00e0nica 3\/2018 (LOPDGDD), el CIMNE informa els usuaris:<\/p>\n<p><\/p>\n<ul>\n<li style=\"list-style-type: none;\">\n<ul>\n<li><strong>Responsable del tractament<\/strong>: JORDA LEGAL PROTECTDATA en nom del <em>Centre Internacional de M\u00e8todes Num\u00e8rics a l&#8217;Enginyeria <\/em>(CIMNE<em>).<\/em><\/li>\n<li><strong>Finalitat<\/strong>: gesti\u00f3 de l&#8217;\u00fas del lloc web, les comunicacions dels usuaris i l&#8217;acc\u00e9s als serveis.<\/li>\n<li><strong>Base jur\u00eddica<\/strong>: consentiment de l&#8217;usuari i inter\u00e8s leg\u00edtim de CIMNE en la prestaci\u00f3 dels seus serveis.<\/li>\n<li><strong>Drets<\/strong>: l&#8217;usuari pot exercir els seus drets d&#8217;acc\u00e9s, rectificaci\u00f3, supressi\u00f3, oposici\u00f3, limitaci\u00f3 i portabilitat dirigint-se a <strong>dpo@cimne.upc.edu<\/strong>.<br \/>Per a m\u00e9s informaci\u00f3, consulteu la <a href=\"https:\/\/cimne.com\/privacy-policy\/\">Pol\u00edtica de Privacitat<\/a> de CIMNE.<\/li>\n<\/ul>\n<p><\/li>\n<p><\/ul>\n<p>[\/et_pb_text][et_pb_heading title=&#8221;6. Cookies&#8221; admin_label=&#8221;Intellectual property&#8221; _builder_version=&#8221;4.27.4&#8243; _module_preset=&#8221;default&#8221; title_level=&#8221;h2&#8243; title_text_align=&#8221;left&#8221; title_font_size=&#8221;3rem&#8221; title_line_height=&#8221;2.5rem&#8221; custom_margin=&#8221;20px||32px||false|false&#8221; custom_padding=&#8221;||||false|false&#8221; hover_enabled=&#8221;0&#8243; title_font_size_tablet=&#8221;2.5rem&#8221; title_font_size_phone=&#8221;2.5rem&#8221; title_font_size_last_edited=&#8221;on|tablet&#8221; global_colors_info=&#8221;{}&#8221; sticky_enabled=&#8221;0&#8243; locked=&#8221;off&#8221;][\/et_pb_heading][et_pb_text _builder_version=&#8221;4.27.4&#8243; _module_preset=&#8221;default&#8221; custom_margin=&#8221;||32px||false|false&#8221; hover_enabled=&#8221;0&#8243; global_colors_info=&#8221;{}&#8221; sticky_enabled=&#8221;0&#8243; locked=&#8221;off&#8221;]<\/p>\n<p>El lloc web utilitza cookies i tecnologies similars. La informaci\u00f3 detallada est\u00e0 disponible a la <a href=\"https:\/\/cimne.com\/cookies-policy\/\">p\u00e0gina de Pol\u00edtica de Cookies del CIMNE<\/a>, que es recomana consultar i acceptar segons correspongui.<\/p>\n<p>[\/et_pb_text][et_pb_heading title=&#8221;7. Enlla\u00e7os a tercers&#8221; admin_label=&#8221;Intellectual property&#8221; _builder_version=&#8221;4.27.4&#8243; _module_preset=&#8221;default&#8221; title_level=&#8221;h2&#8243; title_text_align=&#8221;left&#8221; title_font_size=&#8221;3rem&#8221; title_line_height=&#8221;2.5rem&#8221; custom_margin=&#8221;20px||32px||false|false&#8221; custom_padding=&#8221;||||false|false&#8221; hover_enabled=&#8221;0&#8243; title_font_size_tablet=&#8221;2.5rem&#8221; title_font_size_phone=&#8221;2.5rem&#8221; title_font_size_last_edited=&#8221;on|tablet&#8221; global_colors_info=&#8221;{}&#8221; sticky_enabled=&#8221;0&#8243; locked=&#8221;off&#8221;][\/et_pb_heading][et_pb_text _builder_version=&#8221;4.27.4&#8243; _module_preset=&#8221;default&#8221; custom_margin=&#8221;||32px||false|false&#8221; hover_enabled=&#8221;0&#8243; global_colors_info=&#8221;{}&#8221; sticky_enabled=&#8221;0&#8243; locked=&#8221;off&#8221;]<\/p>\n<p>El lloc web pot contenir enlla\u00e7os a llocs web de tercers, inclosos, entre d&#8217;altres, socis i clients de CIMNE. CIMNE no es fa responsable del contingut, l&#8217;exactitud o la fiabilitat d&#8217;aquests llocs web externs.<\/p>\n<p><\/p>\n<p>La inclusi\u00f3 d&#8217;aquests enlla\u00e7os no implica l&#8217;aprovaci\u00f3 o l&#8217;associaci\u00f3 amb els seus operadors.<\/p>\n<p>[\/et_pb_text][et_pb_heading title=&#8221;8. Menors d&#039;edat&#8221; admin_label=&#8221;Intellectual property&#8221; _builder_version=&#8221;4.27.4&#8243; _module_preset=&#8221;default&#8221; title_level=&#8221;h2&#8243; title_text_align=&#8221;left&#8221; title_font_size=&#8221;3rem&#8221; title_line_height=&#8221;2.5rem&#8221; custom_margin=&#8221;20px||32px||false|false&#8221; custom_padding=&#8221;||||false|false&#8221; hover_enabled=&#8221;0&#8243; title_font_size_tablet=&#8221;2.5rem&#8221; title_font_size_phone=&#8221;2.5rem&#8221; title_font_size_last_edited=&#8221;on|tablet&#8221; global_colors_info=&#8221;{}&#8221; sticky_enabled=&#8221;0&#8243; locked=&#8221;off&#8221;][\/et_pb_heading][et_pb_text _builder_version=&#8221;4.27.4&#8243; _module_preset=&#8221;default&#8221; custom_margin=&#8221;||32px||false|false&#8221; hover_enabled=&#8221;0&#8243; global_colors_info=&#8221;{}&#8221; sticky_enabled=&#8221;0&#8243; locked=&#8221;off&#8221;]<\/p>\n<p>Els serveis i continguts del lloc web no estan dirigits espec\u00edficament a menors de 14 anys. Els pares o tutors legals s\u00f3n els responsables de supervisar l&#8217;activitat en l\u00ednia dels menors d&#8217;acord amb les indicacions legals.<\/p>\n<p>[\/et_pb_text][et_pb_heading title=&#8221;9. Jurisdicci\u00f3 i llei aplicable&#8221; admin_label=&#8221;Intellectual property&#8221; _builder_version=&#8221;4.27.4&#8243; _module_preset=&#8221;default&#8221; title_level=&#8221;h2&#8243; title_text_align=&#8221;left&#8221; title_font_size=&#8221;3rem&#8221; title_line_height=&#8221;2.5rem&#8221; custom_margin=&#8221;20px||32px||false|false&#8221; custom_padding=&#8221;||||false|false&#8221; hover_enabled=&#8221;0&#8243; title_font_size_tablet=&#8221;2.5rem&#8221; title_font_size_phone=&#8221;2.5rem&#8221; title_font_size_last_edited=&#8221;on|tablet&#8221; global_colors_info=&#8221;{}&#8221; sticky_enabled=&#8221;0&#8243; locked=&#8221;off&#8221;][\/et_pb_heading][et_pb_text _builder_version=&#8221;4.27.4&#8243; _module_preset=&#8221;default&#8221; custom_margin=&#8221;||32px||false|false&#8221; hover_enabled=&#8221;0&#8243; global_colors_info=&#8221;{}&#8221; sticky_enabled=&#8221;0&#8243; locked=&#8221;off&#8221;]<\/p>\n<p>Aquestes Condicions es regeixen per la legislaci\u00f3 espanyola i catalana.<\/p>\n<p><\/p>\n<p>Qualsevol controv\u00e8rsia s&#8217;ha de sotmetre als jutjats i tribunals de Barcelona, llevat que la normativa aplicable de protecci\u00f3 al consumidor estableixi el contrari.<\/p>\n<p>[\/et_pb_text][et_pb_heading title=&#8221;10. Modificacions&#8221; admin_label=&#8221;Intellectual property&#8221; _builder_version=&#8221;4.27.4&#8243; _module_preset=&#8221;default&#8221; title_level=&#8221;h2&#8243; title_text_align=&#8221;left&#8221; title_font_size=&#8221;3rem&#8221; title_line_height=&#8221;2.5rem&#8221; custom_margin=&#8221;20px||32px||false|false&#8221; custom_padding=&#8221;||||false|false&#8221; hover_enabled=&#8221;0&#8243; title_font_size_tablet=&#8221;2.5rem&#8221; title_font_size_phone=&#8221;2.5rem&#8221; title_font_size_last_edited=&#8221;on|tablet&#8221; global_colors_info=&#8221;{}&#8221; sticky_enabled=&#8221;0&#8243; locked=&#8221;off&#8221;][\/et_pb_heading][et_pb_text _builder_version=&#8221;4.27.4&#8243; _module_preset=&#8221;default&#8221; custom_margin=&#8221;||32px||false|false&#8221; hover_enabled=&#8221;0&#8243; global_colors_info=&#8221;{}&#8221; sticky_enabled=&#8221;0&#8243; locked=&#8221;off&#8221;]<\/p>\n<p>CIMNE es reserva el dret de modificar aquestes Condicions en qualsevol moment.<\/p>\n<p><\/p>\n<p>Les Condicions revisades es publicaran al lloc web i entraran en vigor a partir de la data de publicaci\u00f3.<\/p>\n<p>[\/et_pb_text][\/et_pb_column][\/et_pb_row][\/et_pb_section]<\/p>\n","protected":false},"excerpt":{"rendered":"<p>CIMNE (Centre Internacional de M\u00e8todes Num\u00e8rics a l&#8217;Enginyeria)UPC. Campus Ed. C1 Campus Nord.NIF Q-5850006-GEl Centre Internacional de M\u00e8todes Num\u00e8rics en Enginyeria \u00e9s un centre aut\u00f2nom de recerca i desenvolupament dedicat a promoure i fomentar els aven\u00e7os en el desenvolupament i l&#8217;aplicaci\u00f3 de m\u00e8todes num\u00e8rics i t\u00e8cniques computacionals per a la soluci\u00f3 de problemes d&#8217;enginyeria en [&hellip;]<\/p>\n","protected":false},"author":2,"featured_media":0,"parent":0,"menu_order":0,"comment_status":"closed","ping_status":"closed","template":"","meta":{"_acf_changed":false,"_et_pb_use_builder":"on","_et_pb_old_content":"","_et_gb_content_width":"","slim_seo":{"title":"Condicions generals d'\u00fas i acc\u00e9s - CIMNE","description":"CIMNE (Centre Internacional de M\u00e8todes Num\u00e8rics a l'Enginyeria) UPC. Campus Ed. C1 Campus Nord. NIF Q-5850006-G El Centre Internacional de M\u00e8todes Num\u00e8rics en E"},"footnotes":""},"class_list":["post-244340","page","type-page","status-publish","hentry"],"acf":[],"_links":{"self":[{"href":"https:\/\/cimne.com\/ca\/wp-json\/wp\/v2\/pages\/244340","targetHints":{"allow":["GET"]}}],"collection":[{"href":"https:\/\/cimne.com\/ca\/wp-json\/wp\/v2\/pages"}],"about":[{"href":"https:\/\/cimne.com\/ca\/wp-json\/wp\/v2\/types\/page"}],"author":[{"embeddable":true,"href":"https:\/\/cimne.com\/ca\/wp-json\/wp\/v2\/users\/2"}],"replies":[{"embeddable":true,"href":"https:\/\/cimne.com\/ca\/wp-json\/wp\/v2\/comments?post=244340"}],"version-history":[{"count":0,"href":"https:\/\/cimne.com\/ca\/wp-json\/wp\/v2\/pages\/244340\/revisions"}],"wp:attachment":[{"href":"https:\/\/cimne.com\/ca\/wp-json\/wp\/v2\/media?parent=244340"}],"curies":[{"name":"wp","href":"https:\/\/api.w.org\/{rel}","templated":true}]}}