{"id":244335,"date":"2025-04-29T12:18:29","date_gmt":"2025-04-29T10:18:29","guid":{"rendered":"https:\/\/cimne.com\/politica-de-cookies-a-les-pagines-web-daquest-lloc\/"},"modified":"2026-03-19T13:25:03","modified_gmt":"2026-03-19T12:25:03","slug":"politica-de-cookies","status":"publish","type":"page","link":"https:\/\/cimne.com\/ca\/politica-de-cookies\/","title":{"rendered":"Pol\u00edtica de cookies a les p\u00e0gines web d&#8217;aquest lloc"},"content":{"rendered":"<p>[et_pb_section fb_built=&#8221;1&#8243; disabled_on=&#8221;off|off|off&#8221; _builder_version=&#8221;4.27.4&#8243; _module_preset=&#8221;81964cef-6002-4a6d-8fe6-ec7662796c0d&#8221; global_colors_info=&#8221;{}&#8221;][et_pb_row _builder_version=&#8221;4.27.4&#8243; _module_preset=&#8221;c7c24b71-68f1-4ba2-bc79-49dcbcce5ea1&#8243; global_colors_info=&#8221;{}&#8221;][et_pb_column type=&#8221;4_4&#8243; _builder_version=&#8221;4.27.4&#8243; _module_preset=&#8221;56e57fde-4561-4cf6-a771-0a733a7201b1&#8243; global_colors_info=&#8221;{}&#8221;][et_pb_heading title=&#8221;@ET-DC@eyJkeW5hbWljIjp0cnVlLCJjb250ZW50IjoicG9zdF90aXRsZSIsInNldHRpbmdzIjp7ImJlZm9yZSI6IiIsImFmdGVyIjoiIn19@&#8221; admin_label=&#8221;Cookies policy in this site web pages&#8221; _builder_version=&#8221;4.27.4&#8243; _dynamic_attributes=&#8221;title&#8221; _module_preset=&#8221;default&#8221; title_font=&#8221;|700|||||||&#8221; title_text_align=&#8221;left&#8221; title_font_size=&#8221;4rem&#8221; title_line_height=&#8221;4rem&#8221; custom_margin=&#8221;||32px||false|false&#8221; title_font_size_tablet=&#8221;3rem&#8221; title_font_size_phone=&#8221;3rem&#8221; title_font_size_last_edited=&#8221;on|desktop&#8221; title_line_height_tablet=&#8221;3rem&#8221; title_line_height_phone=&#8221;3rem&#8221; title_line_height_last_edited=&#8221;on|tablet&#8221; global_colors_info=&#8221;{}&#8221;][\/et_pb_heading][et_pb_heading title=&#8221;Informaci\u00f3 sobre les cookies&#8221; admin_label=&#8221;Information about Cookies&#8221; _builder_version=&#8221;4.27.4&#8243; _module_preset=&#8221;default&#8221; title_level=&#8221;h2&#8243; title_text_align=&#8221;left&#8221; title_font_size=&#8221;3rem&#8221; title_line_height=&#8221;2.5rem&#8221; custom_margin=&#8221;||32px||false|false&#8221; title_font_size_tablet=&#8221;2.5rem&#8221; title_font_size_phone=&#8221;2.5rem&#8221; title_font_size_last_edited=&#8221;on|tablet&#8221; global_colors_info=&#8221;{}&#8221;][\/et_pb_heading][et_pb_text _builder_version=&#8221;4.27.4&#8243; _module_preset=&#8221;default&#8221; custom_margin=&#8221;||32px||false|false&#8221; global_colors_info=&#8221;{}&#8221;]<\/p>\n<p>D&#8217;acord amb la Llei 34\/2002, d&#8217;11 de juliol, de Serveis de la Societat de la Informaci\u00f3 i de Comer\u00e7 Electr\u00f2nic (LSSI), en relaci\u00f3 amb el Reglament (UE) 2016\/679 del Parlament Europeu i del Consell, de 27 d&#8217;abril de 2016 (RGPD), i la Llei Org\u00e0nica 3\/2018, de 5 de desembre, de Protecci\u00f3 de Dades Personals i Garantia dels Drets Digitals (LOPDGDD), Tots els llocs web que utilitzen cookies no essencials han d&#8217;obtenir el consentiment expr\u00e9s de l&#8217;usuari abans de comen\u00e7ar la navegaci\u00f3.<\/p>\n<p>[\/et_pb_text][et_pb_heading title=&#8221;Qu\u00e8 s\u00f3n les cookies?&#8221; admin_label=&#8221;What are Cookies?&#8221; _builder_version=&#8221;4.27.4&#8243; _module_preset=&#8221;default&#8221; title_level=&#8221;h2&#8243; title_text_align=&#8221;left&#8221; title_font_size=&#8221;3rem&#8221; title_line_height=&#8221;2.5rem&#8221; custom_margin=&#8221;20px||32px||false|false&#8221; custom_padding=&#8221;||||false|false&#8221; title_font_size_tablet=&#8221;2.5rem&#8221; title_font_size_phone=&#8221;2.5rem&#8221; title_font_size_last_edited=&#8221;on|tablet&#8221; global_colors_info=&#8221;{}&#8221;][\/et_pb_heading][et_pb_text _builder_version=&#8221;4.27.4&#8243; _module_preset=&#8221;default&#8221; custom_margin=&#8221;||32px||false|false&#8221; global_colors_info=&#8221;{}&#8221;]<\/p>\n<p>Les cookies i tecnologies similars com els objectes locals compartits, les cookies flash o els p\u00edxels, s\u00f3n eines utilitzades pels servidors web per emmagatzemar i recuperar informaci\u00f3 sobre els visitants, aix\u00ed com per garantir el bon funcionament d&#8217;un lloc web.<\/p>\n<p><\/p>\n<p>Aquestes tecnologies permeten al servidor web recordar determinades dades sobre l&#8217;usuari, com ara les seves prefer\u00e8ncies de visualitzaci\u00f3, credencials d&#8217;inici de sessi\u00f3 o els productes que m\u00e9s li interessen.<\/p>\n<p>[\/et_pb_text][et_pb_heading title=&#8221;Cookies regulades i cookies exemptes&#8221; admin_label=&#8221;Cookies Covered by Regulation and Exempt Cookies&#8221; _builder_version=&#8221;4.27.4&#8243; _module_preset=&#8221;default&#8221; title_level=&#8221;h2&#8243; title_text_align=&#8221;left&#8221; title_font_size=&#8221;3rem&#8221; title_line_height=&#8221;2.5rem&#8221; custom_margin=&#8221;20px||32px||false|false&#8221; custom_padding=&#8221;||||false|false&#8221; title_font_size_tablet=&#8221;2.5rem&#8221; title_font_size_phone=&#8221;2.5rem&#8221; title_font_size_last_edited=&#8221;on|tablet&#8221; global_colors_info=&#8221;{}&#8221;][\/et_pb_heading][et_pb_text _builder_version=&#8221;4.27.4&#8243; _module_preset=&#8221;default&#8221; custom_margin=&#8221;||32px||false|false&#8221; global_colors_info=&#8221;{}&#8221;]<\/p>\n<p>Segons la legislaci\u00f3 de la UE, les cookies que requereixen el consentiment informat de l&#8217;usuari s\u00f3n les cookies d&#8217;an\u00e0lisi, publicitat i d&#8217;afiliaci\u00f3. Queden exemptes d&#8217;aquest requisit les cookies t\u00e8cniques i les estrictament necess\u00e0ries per al funcionament del lloc web o la prestaci\u00f3 de serveis expressament sol\u00b7licitats per l&#8217;usuari.<\/p>\n<p>[\/et_pb_text][et_pb_heading title=&#8221;Tipus de cookies&#8221; admin_label=&#8221;Types of Cookies&#8221; _builder_version=&#8221;4.27.4&#8243; _module_preset=&#8221;default&#8221; title_level=&#8221;h2&#8243; title_text_align=&#8221;left&#8221; title_font_size=&#8221;3rem&#8221; title_line_height=&#8221;2.5rem&#8221; custom_margin=&#8221;20px||32px||false|false&#8221; custom_padding=&#8221;||||false|false&#8221; title_font_size_tablet=&#8221;2.5rem&#8221; title_font_size_phone=&#8221;2.5rem&#8221; title_font_size_last_edited=&#8221;on|tablet&#8221; global_colors_info=&#8221;{}&#8221;][\/et_pb_heading][et_pb_text _builder_version=&#8221;4.27.4&#8243; _module_preset=&#8221;default&#8221; custom_margin=&#8221;||32px||false|false&#8221; global_colors_info=&#8221;{}&#8221;]<\/p>\n<h4 data-start=\"1547\" data-end=\"1563\"><strong data-start=\"1547\" data-end=\"1561\">Per prop\u00f2sit<\/strong><\/h4>\n<p><\/p>\n<ul data-start=\"1564\" data-end=\"2712\">\n<li data-start=\"1564\" data-end=\"1719\">\n<p data-start=\"1566\" data-end=\"1719\"><strong data-start=\"1566\" data-end=\"1602\">Cookies t\u00e8cniques i funcionals<\/strong>: Permeten a l&#8217;usuari navegar per un lloc web, plataforma o aplicaci\u00f3 i utilitzar les diferents opcions o serveis disponibles.<\/p>\n<\/li>\n<li data-start=\"1720\" data-end=\"1943\">\n<p data-start=\"1722\" data-end=\"1943\"><strong data-start=\"1722\" data-end=\"1743\">Cookies anal\u00edtiques<\/strong>: Permeten el seguiment i l&#8217;an\u00e0lisi del comportament dels usuaris als llocs web. La informaci\u00f3 recollida s&#8217;utilitza per mesurar l&#8217;activitat del lloc web i per construir perfils de navegaci\u00f3, ajudant a millorar els serveis oferts.<\/p>\n<\/li>\n<li data-start=\"1944\" data-end=\"2111\">\n<p data-start=\"1946\" data-end=\"2111\"><strong data-start=\"1946\" data-end=\"1969\">Cookies publicit\u00e0ries<\/strong>: Permeten la gesti\u00f3 m\u00e9s eficient dels espais publicitaris inclosos per l&#8217;editor en funci\u00f3 de criteris com el contingut o la freq\u00fc\u00e8ncia d&#8217;anuncis.<\/p>\n<\/li>\n<li data-start=\"2112\" data-end=\"2253\">\n<p data-start=\"2114\" data-end=\"2253\"><strong data-start=\"2114\" data-end=\"2149\">Cookies de publicitat conductual<\/strong>: recopilen informaci\u00f3 sobre les prefer\u00e8ncies i opcions dels usuaris (retargeting) per oferir anuncis m\u00e9s rellevants.<\/p>\n<\/li>\n<li data-start=\"2254\" data-end=\"2498\">\n<p data-start=\"2256\" data-end=\"2498\"><strong data-start=\"2256\" data-end=\"2274\">Cookies socials<\/strong>: Instal\u00b7lades per plataformes de xarxes socials per permetre als usuaris compartir contingut amb amics i xarxes. Aquestes plataformes poden fer un seguiment de l&#8217;activitat en l\u00ednia fora d&#8217;aquest lloc web, cosa que pot afectar el contingut i els missatges que es veuen en altres llocs.<\/p>\n<\/li>\n<li data-start=\"2499\" data-end=\"2606\">\n<p data-start=\"2501\" data-end=\"2606\"><strong data-start=\"2501\" data-end=\"2522\">Cookies d&#8217;afiliaci\u00f3<\/strong>: Fan un seguiment de les visites d&#8217;altres llocs web amb els quals el lloc t\u00e9 un acord d&#8217;afiliaci\u00f3.<\/p>\n<\/li>\n<li data-start=\"2607\" data-end=\"2712\">\n<p data-start=\"2609\" data-end=\"2712\"><strong data-start=\"2609\" data-end=\"2629\">Cookies de seguretat<\/strong>: emmagatzemen informaci\u00f3 xifrada per protegir les dades d&#8217;atacs maliciosos de tercers.<\/p>\n<\/li>\n<\/ul>\n<p><\/p>\n<h4 data-start=\"2714\" data-end=\"2732\"><strong data-start=\"2714\" data-end=\"2730\">Per titularitat<\/strong><\/h4>\n<p><\/p>\n<ul data-start=\"2733\" data-end=\"2969\">\n<li data-start=\"2733\" data-end=\"2835\">\n<p data-start=\"2735\" data-end=\"2835\"><strong data-start=\"2735\" data-end=\"2758\">Cookies pr\u00f2pies<\/strong>: Enviades al dispositiu de l&#8217;usuari des d&#8217;un domini gestionat per l&#8217;editor del lloc web.<\/p>\n<\/li>\n<li data-start=\"2836\" data-end=\"2969\">\n<p data-start=\"2838\" data-end=\"2969\"><strong data-start=\"2838\" data-end=\"2861\">Cookies de tercers<\/strong>: Enviades des d&#8217;un domini no gestionat per l&#8217;editor, sin\u00f3 per una altra entitat que tracta les dades obtingudes.<\/p>\n<\/li>\n<\/ul>\n<p><\/p>\n<h4 data-start=\"2971\" data-end=\"2996\"><strong data-start=\"2971\" data-end=\"2994\">Per durada d&#8217;emmagatzematge<\/strong><\/h4>\n<p><\/p>\n<ul data-start=\"2997\" data-end=\"3217\">\n<li data-start=\"2997\" data-end=\"3082\">\n<p data-start=\"2999\" data-end=\"3082\"><strong data-start=\"2999\" data-end=\"3018\">Cookies de sessi\u00f3<\/strong>: Recopilen i emmagatzemen dades mentre l&#8217;usuari navega per un lloc web.<\/p>\n<\/li>\n<li data-start=\"3083\" data-end=\"3217\">\n<p data-start=\"3085\" data-end=\"3217\"><strong data-start=\"3085\" data-end=\"3107\">Cookies persistents<\/strong>: Les dades romanen emmagatzemades al dispositiu durant un per\u00edode definit pel titular de la cookie, des de minuts fins a diversos anys.<\/p>\n<\/li>\n<\/ul>\n<p>[\/et_pb_text][et_pb_heading title=&#8221;Tractament de dades personals&#8221; admin_label=&#8221;Processing of Personal Data&#8221; _builder_version=&#8221;4.27.4&#8243; _module_preset=&#8221;default&#8221; title_level=&#8221;h2&#8243; title_text_align=&#8221;left&#8221; title_font_size=&#8221;3rem&#8221; title_line_height=&#8221;2.5rem&#8221; custom_margin=&#8221;20px||32px||false|false&#8221; custom_padding=&#8221;||||false|false&#8221; title_font_size_tablet=&#8221;2.5rem&#8221; title_font_size_phone=&#8221;2.5rem&#8221; title_font_size_last_edited=&#8221;on|tablet&#8221; global_colors_info=&#8221;{}&#8221;][\/et_pb_heading][et_pb_text _builder_version=&#8221;4.27.4&#8243; _module_preset=&#8221;default&#8221; custom_margin=&#8221;||32px||false|false&#8221; global_colors_info=&#8221;{}&#8221;]<\/p>\n<p data-start=\"3252\" data-end=\"3465\">El <strong data-start=\"3256\" data-end=\"3325\">Centre Internacional de M\u00e8todes Num\u00e8rics en Enginyeria (CIMNE)<\/strong> \u00e9s el responsable del tractament de dades personals recollides a trav\u00e9s de cookies. Les dades es tractaran de conformitat amb el RGPD.<\/p>\n<p><\/p>\n<ul data-start=\"3467\" data-end=\"3856\">\n<li data-start=\"3467\" data-end=\"3534\">\n<p data-start=\"3469\" data-end=\"3534\"><strong data-start=\"3469\" data-end=\"3481\">Finalitats<\/strong>: Tal com s&#8217;especifica en les cookies utilitzades en aquest lloc web.<\/p>\n<\/li>\n<li data-start=\"3535\" data-end=\"3656\">\n<p data-start=\"3537\" data-end=\"3656\"><strong data-start=\"3537\" data-end=\"3552\">Base jur\u00eddica<\/strong>: Excepte quan sigui estrictament necessari per a la navegaci\u00f3, el tractament es basa en el consentiment de l&#8217;usuari (art. 6.1.a RGPD).<\/p>\n<\/li>\n<li data-start=\"3657\" data-end=\"3733\">\n<p data-start=\"3659\" data-end=\"3733\"><strong data-start=\"3659\" data-end=\"3677\">Conservaci\u00f3 de dades<\/strong>: Tal com s&#8217;especifica a l&#8217;apartat de cookies d&#8217;aquest lloc web.<\/p>\n<\/li>\n<li data-start=\"3734\" data-end=\"3856\">\n<p data-start=\"3736\" data-end=\"3856\"><strong data-start=\"3736\" data-end=\"3752\">Compartici\u00f3 de dades<\/strong>: No es compartiran dades amb tercers, excepte cookies de tercers o obligacions legals.<\/p>\n<\/li>\n<\/ul>\n<p><\/p>\n<h3 data-start=\"3858\" data-end=\"3875\">Drets de l&#8217;usuari<\/h3>\n<p><\/p>\n<ul data-start=\"3876\" data-end=\"4187\">\n<li data-start=\"3876\" data-end=\"3918\">\n<p data-start=\"3878\" data-end=\"3918\">Dret a retirar el consentiment en qualsevol moment.<\/p>\n<\/li>\n<li data-start=\"3919\" data-end=\"4055\">\n<p data-start=\"3921\" data-end=\"4055\">Dret d&#8217;acc\u00e9s, rectificaci\u00f3, portabilitat i supressi\u00f3 de dades personals, aix\u00ed com dret a limitar o oposar-se al tractament.<\/p>\n<\/li>\n<li data-start=\"4056\" data-end=\"4187\">\n<p data-start=\"4058\" data-end=\"4187\">Dret a presentar una reclamaci\u00f3 davant l&#8217;autoritat supervisora (<a class=\"decorated-link\" href=\"http:\/\/www.aepd.es\" target=\"_new\" rel=\"noopener\" data-start=\"4117\" data-end=\"4128\">www.aepd.es<\/a>) si creu que el tractament no compleix la llei.<\/p>\n<\/li>\n<\/ul>\n<p><\/p>\n<p data-start=\"4189\" data-end=\"4455\"><strong data-start=\"4189\" data-end=\"4231\">Dades de contacte per a l&#8217;exercici de drets:<\/strong><br data-start=\"4231\" data-end=\"4234\" \/>Centre Internacional de M\u00e8todes Num\u00e8rics en Enginyeria (CIMNE)<br data-start=\"4299\" data-end=\"4302\" \/>C\/ Gran Capit\u00e0, s\/n Edifici C1 &#8211; Campus Nord \u2013 UPC<br data-start=\"4355\" data-end=\"4358\" \/>08034 Barcelona, Espanya<br data-start=\"4380\" data-end=\"4383\" \/>Correu electr\u00f2nic: <a class=\"decorated-link cursor-pointer\" rel=\"noopener\" data-start=\"4390\" data-end=\"4408\">rgpd@cimne.upc.edu<\/a><br data-start=\"4408\" data-end=\"4411\" \/>Delegat de protecci\u00f3 de dades: <a class=\"decorated-link cursor-pointer\" rel=\"noopener\" data-start=\"4436\" data-end=\"4453\">dpo@cimne.upc.edu<\/a><\/p>\n<p>[\/et_pb_text][et_pb_heading title=&#8221;Cookies utilitzades en aquest lloc web&#8221; admin_label=&#8221;Cookies Used on this Website&#8221; _builder_version=&#8221;4.27.4&#8243; _module_preset=&#8221;default&#8221; title_level=&#8221;h2&#8243; title_text_align=&#8221;left&#8221; title_font_size=&#8221;3rem&#8221; title_line_height=&#8221;2.5rem&#8221; custom_margin=&#8221;20px||32px||false|false&#8221; custom_padding=&#8221;||||false|false&#8221; title_font_size_tablet=&#8221;2.5rem&#8221; title_font_size_phone=&#8221;2.5rem&#8221; title_font_size_last_edited=&#8221;on|tablet&#8221; global_colors_info=&#8221;{}&#8221;][\/et_pb_heading][et_pb_text _builder_version=&#8221;4.27.4&#8243; _module_preset=&#8221;default&#8221; custom_margin=&#8221;||32px||false|false&#8221; global_colors_info=&#8221;{}&#8221;]<\/p>\n<h4 data-start=\"4492\" data-end=\"4533\">Cookies controlades per l&#8217;editor<\/h4>\n<p><\/p>\n<h5 data-start=\"4535\" data-end=\"4573\"><strong data-start=\"4535\" data-end=\"4571\">Cookies t\u00e8cniques i funcionals<\/strong><\/h5>\n<p><\/p>\n<p>&nbsp;<\/p>\n<p><\/p>\n<table border=\"1\" cellspacing=\"0\" cellpadding=\"5\">\n<thead>\n<tr>\n<th>Domini<\/th>\n<th>Galeta<\/th>\n<th>Prop\u00f2sit<\/th>\n<th>Durada<\/th>\n<\/tr>\n<\/thead>\n<tbody>\n<tr>\n<td>cimne.com<\/td>\n<td>_ga_04QLKB6K5K<\/td>\n<td>Necessari per utilitzar les opcions i els serveis<\/td>\n<td>1 any<\/td>\n<\/tr>\n<tr>\n<td>cimne.com<\/td>\n<td>_ga_5JL1BT935Y<\/td>\n<td>Necessari per utilitzar les opcions i els serveis<\/td>\n<td>1 any<\/td>\n<\/tr>\n<tr>\n<td>region1.google-analytics.com<\/td>\n<td>ar_debug<\/td>\n<td>Necessari per utilitzar les opcions i els serveis<\/td>\n<td>3 mesos<\/td>\n<\/tr>\n<tr>\n<td>rtd.cimne.com<\/td>\n<td>Estat<\/td>\n<td>Necessari per utilitzar les opcions i els serveis<\/td>\n<td>1 any<\/td>\n<\/tr>\n<tr>\n<td>rtd.cimne.com<\/td>\n<td>cmplz_consented_services<\/td>\n<td>Necessari per utilitzar les opcions i els serveis<\/td>\n<td>1 any<\/td>\n<\/tr>\n<tr>\n<td>rtd.cimne.com<\/td>\n<td>cmplz_functional<\/td>\n<td>Necessari per utilitzar les opcions i els serveis<\/td>\n<td>1 any<\/td>\n<\/tr>\n<tr>\n<td>rtd.cimne.com<\/td>\n<td>cmplz_marketing<\/td>\n<td>Necessari per utilitzar les opcions i els serveis<\/td>\n<td>1 any<\/td>\n<\/tr>\n<tr>\n<td>rtd.cimne.com<\/td>\n<td>cmplz_policy_id<\/td>\n<td>Necessari per utilitzar les opcions i els serveis<\/td>\n<td>1 any<\/td>\n<\/tr>\n<tr>\n<td>rtd.cimne.com<\/td>\n<td>cmplz_preferences<\/td>\n<td>Necessari per utilitzar les opcions i els serveis<\/td>\n<td>1 any<\/td>\n<\/tr>\n<tr>\n<td>rtd.cimne.com<\/td>\n<td>cmplz_statistics<\/td>\n<td>Necessari per utilitzar les opcions i els serveis<\/td>\n<td>1 any<\/td>\n<\/tr>\n<tr>\n<td>rtd.cimne.com<\/td>\n<td>wp-wpml_current_language<\/td>\n<td>Necessari per utilitzar les opcions i els serveis<\/td>\n<td>Sessi\u00f3<\/td>\n<\/tr>\n<\/tbody>\n<\/table>\n<p><\/p>\n<h5 data-start=\"4535\" data-end=\"4573\">\u00a0<\/h5>\n<p><\/p>\n<h5 data-start=\"4535\" data-end=\"4573\"><strong data-start=\"4535\" data-end=\"4571\">Cookies anal\u00edtiques<\/strong><\/h5>\n<p><\/p>\n<table border=\"1\" cellspacing=\"0\" cellpadding=\"5\">\n<thead>\n<tr>\n<th>Prove\u00efdor<\/th>\n<th>Galeta<\/th>\n<th>Prop\u00f2sit<\/th>\n<th>Durada<\/th>\n<\/tr>\n<\/thead>\n<tbody>\n<tr>\n<td>Google Analytics<\/td>\n<td>_Ga<\/td>\n<td>ID d&#8217;usuari per identificar usuaris<\/td>\n<td>1 any<\/td>\n<\/tr>\n<\/tbody>\n<\/table>\n<p><\/p>\n<h5 data-start=\"4535\" data-end=\"4573\">\u00a0<\/h5>\n<p><\/p>\n<h5 data-start=\"4535\" data-end=\"4573\"><strong data-start=\"4535\" data-end=\"4571\">Cookies de tercers<\/strong><\/h5>\n<p><\/p>\n<p data-start=\"6538\" data-end=\"6673\">Els serveis de tercers estan fora del control de l&#8217;editor. Els prove\u00efdors poden canviar les seves condicions, prop\u00f2sits i \u00fas de cookies en qualsevol moment.<\/p>\n<p><\/p>\n<p data-start=\"6675\" data-end=\"6716\"><strong data-start=\"6675\" data-end=\"6714\">Prove\u00efdors externs en aquest lloc web:<\/strong><\/p>\n<p><\/p>\n<ul data-start=\"6717\" data-end=\"6800\">\n<li data-start=\"6717\" data-end=\"6800\">\n<p data-start=\"6719\" data-end=\"6800\">Google Analytics \u2013 Pol\u00edtica de privacitat: <a class=\"decorated-link\" href=\"https:\/\/privacy.google.com\/take-control.html\" target=\"_new\" rel=\"noopener\" data-start=\"6754\" data-end=\"6798\">https:\/\/privacy.google.com\/take-control.html<\/a><\/p>\n<\/li>\n<\/ul>\n<p>[\/et_pb_text][et_pb_heading title=&#8221;Tauler de configuraci\u00f3 de cookies&#8221; admin_label=&#8221;Cookie Settings Panel&#8221; _builder_version=&#8221;4.27.4&#8243; _module_preset=&#8221;default&#8221; title_level=&#8221;h2&#8243; title_text_align=&#8221;left&#8221; title_font_size=&#8221;3rem&#8221; title_line_height=&#8221;2.5rem&#8221; custom_margin=&#8221;20px||32px||false|false&#8221; custom_padding=&#8221;||||false|false&#8221; title_font_size_tablet=&#8221;2.5rem&#8221; title_font_size_phone=&#8221;2.5rem&#8221; title_font_size_last_edited=&#8221;on|tablet&#8221; global_colors_info=&#8221;{}&#8221;][\/et_pb_heading][et_pb_text _builder_version=&#8221;4.27.4&#8243; _module_preset=&#8221;default&#8221; custom_margin=&#8221;||32px||false|false&#8221; global_colors_info=&#8221;{}&#8221;]<\/p>\n<p>Des d&#8217;aquest panell, pot configurar quines cookies pot instal\u00b7lar el lloc web al seu navegador, excepte les cookies t\u00e8cniques o funcionals necess\u00e0ries per a la navegaci\u00f3 i l&#8217;\u00fas de les opcions o serveis disponibles.<\/p>\n<p><\/p>\n<p>[Panell de galetes]<\/p>\n<p>[\/et_pb_text][et_pb_heading title=&#8221;Com gestionar les cookies al navegador&#8221; admin_label=&#8221;How to Manage Cookies in Your Browser&#8221; _builder_version=&#8221;4.27.4&#8243; _module_preset=&#8221;default&#8221; title_level=&#8221;h2&#8243; title_text_align=&#8221;left&#8221; title_font_size=&#8221;3rem&#8221; title_line_height=&#8221;2.5rem&#8221; custom_margin=&#8221;20px||32px||false|false&#8221; custom_padding=&#8221;||||false|false&#8221; title_font_size_tablet=&#8221;2.5rem&#8221; title_font_size_phone=&#8221;2.5rem&#8221; title_font_size_last_edited=&#8221;on|tablet&#8221; global_colors_info=&#8221;{}&#8221;][\/et_pb_heading][et_pb_text _builder_version=&#8221;4.27.6&#8243; _module_preset=&#8221;default&#8221; custom_margin=&#8221;||32px||false|false&#8221; hover_enabled=&#8221;0&#8243; global_colors_info=&#8221;{}&#8221; sticky_enabled=&#8221;0&#8243;]<\/p>\n<p data-start=\"7096\" data-end=\"7324\"><strong data-start=\"7096\" data-end=\"7131\">Suprimir les galetes del dispositiu<\/strong><br data-start=\"7131\" data-end=\"7134\" \/>Les cookies ja emmagatzemades es poden eliminar esborrant l&#8217;historial del navegador, que elimina les cookies de tots els llocs web visitats. Tanmateix, aix\u00f2 tamb\u00e9 pot suprimir les dades d&#8217;inici de sessi\u00f3 desades o les prefer\u00e8ncies del lloc.<\/p>\n<p><\/p>\n<p data-start=\"7326\" data-end=\"7451\"><strong data-start=\"7326\" data-end=\"7358\">Gestionar les galetes espec\u00edfiques del lloc web<\/strong><br data-start=\"7358\" data-end=\"7361\" \/>Per a un control m\u00e9s prec\u00eds, els usuaris poden ajustar la configuraci\u00f3 de privadesa i galetes al seu navegador.<\/p>\n<p><\/p>\n<p data-start=\"7453\" data-end=\"7685\"><strong data-start=\"7453\" data-end=\"7470\">Bloqueja les cookies<\/strong><br data-start=\"7470\" data-end=\"7473\" \/>La majoria dels navegadors moderns es poden configurar per bloquejar les galetes, per\u00f2 aix\u00f2 pot requerir un ajust manual de les prefer\u00e8ncies cada vegada que visiteu un lloc i \u00e9s possible que alguns serveis o funcions no funcionin correctament (com ara inicis de sessi\u00f3 de perfil).<\/p>\n<p><\/p>\n<h4 data-start=\"7687\" data-end=\"7733\">Com eliminar les cookies als navegadors habituals<\/h4>\n<p><\/p>\n<ul data-start=\"7734\" data-end=\"8277\">\n<li data-start=\"7734\" data-end=\"7797\">\n<p data-start=\"7736\" data-end=\"7797\">Chrome: <a class=\"decorated-link\" href=\"http:\/\/support.google.com\/chrome\/answer\/95647?hl=es\" target=\"_new\" rel=\"noopener\" data-start=\"7744\" data-end=\"7795\">http:\/\/support.google.com\/chrome\/answer\/95647?hl=es<\/a><\/p>\n<\/li>\n<li data-start=\"7798\" data-end=\"7934\">\n<p data-start=\"7800\" data-end=\"7934\">Edge: <a class=\"decorated-link\" href=\"https:\/\/support.microsoft.com\/en-gb\/windows\/manage-cookies-in-microsoft-edge-view-allow-block-delete-and-use-168dab11-0753-043d-7c16-ede5947fc64d\" rel=\"\" data-start=\"7806\" data-end=\"7932\">https:\/\/support.microsoft.com\/en-gb\/windows\/manage-cookies-in-microsoft-edge-view-allow-block-delete-and-use<\/a><\/p>\n<\/li>\n<li data-start=\"7935\" data-end=\"8053\">\n<p data-start=\"7937\" data-end=\"8053\">Internet Explorer: <a class=\"decorated-link\" href=\"https:\/\/support.microsoft.com\/es-es\/help\/278835\/how-to-delete-cookie-files-in-internet-explorer\" target=\"_new\" rel=\"noopener\" data-start=\"7956\" data-end=\"8051\">https:\/\/support.microsoft.com\/es-es\/help\/278835\/how-to-delete-cookie-files-in-internet-explorer<\/a><\/p>\n<\/li>\n<li data-start=\"8054\" data-end=\"8122\">\n<p data-start=\"8056\" data-end=\"8122\">Firefox: <a class=\"decorated-link\" href=\"https:\/\/www.mozilla.org\/es-ES\/privacy\/websites\/#cookies\" target=\"_new\" rel=\"noopener\" data-start=\"8065\" data-end=\"8120\">https:\/\/www.mozilla.org\/es-ES\/privacy\/websites\/#cookies<\/a><\/p>\n<\/li>\n<li data-start=\"8123\" data-end=\"8193\">\n<p data-start=\"8125\" data-end=\"8193\">Safari: <a class=\"decorated-link\" href=\"https:\/\/support.apple.com\/es-es\/guide\/safari\/sfri11471\/mac\" target=\"_new\" rel=\"noopener\" data-start=\"8133\" data-end=\"8191\">https:\/\/support.apple.com\/es-es\/guide\/safari\/sfri11471\/mac<\/a><\/p>\n<\/li>\n<li data-start=\"8194\" data-end=\"8277\">\n<p data-start=\"8196\" data-end=\"8277\">\u00d2pera: <a class=\"decorated-link\" href=\"https:\/\/help.opera.com\/en\/latest\/security-and-privacy\/#clearBrowsingData\" target=\"_new\" rel=\"noopener\" data-start=\"8203\" data-end=\"8275\">https:\/\/help.opera.com\/en\/latest\/security-and-privacy\/#clearBrowsingData<\/a><\/p>\n<\/li>\n<\/ul>\n<p>[\/et_pb_text][\/et_pb_column][\/et_pb_row][\/et_pb_section]<\/p>\n","protected":false},"excerpt":{"rendered":"<p>D&#8217;acord amb la Llei 34\/2002, d&#8217;11 de juliol, de Serveis de la Societat de la Informaci\u00f3 i de Comer\u00e7 Electr\u00f2nic (LSSI), en relaci\u00f3 amb el Reglament (UE) 2016\/679 del Parlament Europeu i del Consell, de 27 d&#8217;abril de 2016 (RGPD), i la Llei Org\u00e0nica 3\/2018, de 5 de desembre, de Protecci\u00f3 de Dades Personals i [&hellip;]<\/p>\n","protected":false},"author":2,"featured_media":0,"parent":0,"menu_order":0,"comment_status":"closed","ping_status":"closed","template":"","meta":{"_acf_changed":false,"_et_pb_use_builder":"on","_et_pb_old_content":"","_et_gb_content_width":"","slim_seo":{"title":"Pol\u00edtica de cookies a les p\u00e0gines web d'aquest lloc - CIMNE","description":"D'acord amb la Llei 34\/2002, d'11 de juliol, de Serveis de la Societat de la Informaci\u00f3 i de Comer\u00e7 Electr\u00f2nic (LSSI), en relaci\u00f3 amb el Reglament (UE) 2016\/679"},"footnotes":""},"class_list":["post-244335","page","type-page","status-publish","hentry"],"acf":[],"_links":{"self":[{"href":"https:\/\/cimne.com\/ca\/wp-json\/wp\/v2\/pages\/244335","targetHints":{"allow":["GET"]}}],"collection":[{"href":"https:\/\/cimne.com\/ca\/wp-json\/wp\/v2\/pages"}],"about":[{"href":"https:\/\/cimne.com\/ca\/wp-json\/wp\/v2\/types\/page"}],"author":[{"embeddable":true,"href":"https:\/\/cimne.com\/ca\/wp-json\/wp\/v2\/users\/2"}],"replies":[{"embeddable":true,"href":"https:\/\/cimne.com\/ca\/wp-json\/wp\/v2\/comments?post=244335"}],"version-history":[{"count":0,"href":"https:\/\/cimne.com\/ca\/wp-json\/wp\/v2\/pages\/244335\/revisions"}],"wp:attachment":[{"href":"https:\/\/cimne.com\/ca\/wp-json\/wp\/v2\/media?parent=244335"}],"curies":[{"name":"wp","href":"https:\/\/api.w.org\/{rel}","templated":true}]}}