{"id":240675,"date":"2025-04-15T13:02:52","date_gmt":"2025-04-15T11:02:52","guid":{"rendered":"https:\/\/cimne.com\/jobs-fellowships\/competitive-funding\/oportunitats-de-doctorat\/"},"modified":"2026-02-25T15:54:51","modified_gmt":"2026-02-25T14:54:51","slug":"oportunitats-de-doctorat","status":"publish","type":"page","link":"https:\/\/cimne.com\/ca\/feina-beques\/financament-competitiu\/oportunitats-de-doctorat\/","title":{"rendered":"Oportunitats de doctorat"},"content":{"rendered":"<p>[et_pb_section fb_built=&#8221;1&#8243; disabled_on=&#8221;off|off|off&#8221; admin_label=&#8221;Header&#8221; _builder_version=&#8221;4.27.5&#8243; _module_preset=&#8221;5117f25a-2f80-4d72-abc6-8bb8195e3c31&#8243; custom_padding=&#8221;144px||0px||false|false&#8221; border_width_bottom=&#8221;1px&#8221; border_color_bottom=&#8221;#d9d9d9&#8243; border_width_bottom_last_edited=&#8221;off|desktop&#8221; locked=&#8221;off&#8221; collapsed=&#8221;off&#8221; global_colors_info=&#8221;{}&#8221;][et_pb_row column_structure=&#8221;2_3,1_3&#8243; _builder_version=&#8221;4.27.5&#8243; _module_preset=&#8221;c0a9f887-e341-4d5a-9f1b-1241f8959980&#8243; hover_enabled=&#8221;0&#8243; global_colors_info=&#8221;{}&#8221; custom_css_main_element_last_edited=&#8221;on|desktop&#8221; custom_css_main_element_tablet=&#8221;display: flex;||flex-direction: column-reverse;&#8221; custom_css_main_element_phone=&#8221;display: flex;||flex-direction: column-reverse;&#8221; sticky_enabled=&#8221;0&#8243;][et_pb_column type=&#8221;2_3&#8243; _builder_version=&#8221;4.27.5&#8243; _module_preset=&#8221;56e57fde-4561-4cf6-a771-0a733a7201b1&#8243; custom_padding=&#8221;50px|3%|50px|3%|true|false&#8221; custom_padding_tablet=&#8221;50px||50px||true|false&#8221; custom_padding_phone=&#8221;50px|6%|50px|6%|true|true&#8221; custom_padding_last_edited=&#8221;on|desktop&#8221; hover_enabled=&#8221;0&#8243; border_width_right=&#8221;1px&#8221; border_color_right=&#8221;#d9d9d9&#8243; border_width_right_tablet=&#8221;0px&#8221; border_width_right_phone=&#8221;0px&#8221; border_width_right_last_edited=&#8221;on|desktop&#8221; global_colors_info=&#8221;{}&#8221; custom_css_main_element=&#8221;display: flex;||flex-direction: column;||justify-content: flex-end;&#8221; sticky_enabled=&#8221;0&#8243;][et_pb_divider color=&#8221;#004996&#8243; divider_position=&#8221;center&#8221; _builder_version=&#8221;4.27.0&#8243; _module_preset=&#8221;default&#8221; width=&#8221;85px&#8221; module_alignment=&#8221;left&#8221; custom_margin=&#8221;||0px||false|false&#8221; locked=&#8221;off&#8221; global_colors_info=&#8221;{}&#8221;][\/et_pb_divider][et_pb_text admin_label=&#8221;Subtitle&#8221; _builder_version=&#8221;4.27.5&#8243; _module_preset=&#8221;0962eb46-eaf5-4130-b8a8-ca44ca5695f6&#8243; global_colors_info=&#8221;{}&#8221;]<\/p>\nFinan\u00e7ament competitiu\n<p>[\/et_pb_text][et_pb_heading title=&#8221;@ET-DC@eyJkeW5hbWljIjp0cnVlLCJjb250ZW50IjoicG9zdF90aXRsZSIsInNldHRpbmdzIjp7ImJlZm9yZSI6IiIsImFmdGVyIjoiIn19@&#8221; admin_label=&#8221;H1&#8243; _builder_version=&#8221;4.27.5&#8243; _dynamic_attributes=&#8221;title&#8221; _module_preset=&#8221;20f4cb02-b989-482e-b994-8f37b33e99a9&#8243; title_line_height_tablet=&#8221;&#8221; title_line_height_phone=&#8221;&#8221; title_line_height_last_edited=&#8221;on|phone&#8221; global_colors_info=&#8221;{}&#8221;][\/et_pb_heading][et_pb_text _builder_version=&#8221;4.27.4&#8243; _module_preset=&#8221;default&#8221; text_text_color=&#8221;#02a0a5&#8243; text_font_size=&#8221;1.5rem&#8221; text_font_size_tablet=&#8221;1.5rem&#8221; text_font_size_last_edited=&#8221;off|desktop&#8221; global_colors_info=&#8221;{}&#8221;]<\/p>\n<p><span data-sheets-root=\"1\">Busques noves oportunitats professionals? En aquesta p\u00e0gina pots trobar una llista de convocat\u00f2ries de finan\u00e7ament competitives per unir-te a CIMNE per a la teva recerca de tesi. <\/span><\/p>\n<p>[\/et_pb_text][\/et_pb_column][et_pb_column type=&#8221;1_3&#8243; _builder_version=&#8221;4.27.5&#8243; _module_preset=&#8221;61350d84-566e-4f88-87e6-6bd5d2c6a9aa&#8221; custom_padding=&#8221;50px|3%|50px|3%|false|false&#8221; custom_padding_tablet=&#8221;50px|6%|0px|6%|false|true&#8221; custom_padding_phone=&#8221;0px|6%||6%|false|true&#8221; custom_padding_last_edited=&#8221;on|desktop&#8221; hover_enabled=&#8221;0&#8243; global_colors_info=&#8221;{}&#8221; sticky_enabled=&#8221;0&#8243; custom_css_main_element=&#8221;display: flex;||flex-direction: column;||justify-content: flex-end;&#8221;][et_pb_image src=&#8221;https:\/\/cimne.com\/wp-content\/uploads\/2025\/08\/cimne-jobs-competitive-phd.jpg&#8221; alt=&#8221;Ofertes de doctorat competitiu a Cimne&#8221; title_text=&#8221;cimne-jobs-competitive-phd&#8221; align=&#8221;center&#8221; force_fullwidth=&#8221;on&#8221; _builder_version=&#8221;4.27.5&#8243; _module_preset=&#8221;8e0b4b74-aeac-4741-955b-73ab202a4638&#8243; custom_margin=&#8221;||0px||false|false&#8221; global_colors_info=&#8221;{}&#8221;][\/et_pb_image][\/et_pb_column][\/et_pb_row][\/et_pb_section][et_pb_section fb_built=&#8221;1&#8243; admin_label=&#8221;Intro&#8221; _builder_version=&#8221;4.27.5&#8243; _module_preset=&#8221;fed47f3e-3ebe-4259-a156-523c8e0b8966&#8243; border_color_top=&#8221;#d9d9d9&#8243; border_width_bottom=&#8221;1px&#8221; border_color_bottom=&#8221;#d9d9d9&#8243; border_width_top_tablet=&#8221;1px&#8221; border_width_top_phone=&#8221;1px&#8221; border_width_top_last_edited=&#8221;off|desktop&#8221; border_width_bottom_tablet=&#8221;1px&#8221; border_width_bottom_phone=&#8221;1px&#8221; border_width_bottom_last_edited=&#8221;on|desktop&#8221; locked=&#8221;off&#8221; collapsed=&#8221;off&#8221; global_colors_info=&#8221;{}&#8221;][et_pb_row column_structure=&#8221;2_5,3_5&#8243; admin_label=&#8221;Contingut&#8221; _builder_version=&#8221;4.27.4&#8243; _module_preset=&#8221;c7c24b71-68f1-4ba2-bc79-49dcbcce5ea1&#8243; custom_margin=&#8221;|0px||0px|false|false&#8221; custom_padding=&#8221;50px|0px|50px|0px|true|false&#8221; locked=&#8221;off&#8221; global_colors_info=&#8221;{}&#8221;][et_pb_column type=&#8221;2_5&#8243; _builder_version=&#8221;4.27.4&#8243; _module_preset=&#8221;56e57fde-4561-4cf6-a771-0a733a7201b1&#8243; custom_padding=&#8221;0px|3%||3%|false|false&#8221; custom_padding_tablet=&#8221;0px|6%||6%|false|true&#8221; global_colors_info=&#8221;{}&#8221;][\/et_pb_column][et_pb_column type=&#8221;3_5&#8243; _builder_version=&#8221;4.27.4&#8243; _module_preset=&#8221;56e57fde-4561-4cf6-a771-0a733a7201b1&#8243; custom_padding=&#8221;0px|3%||3%|false|false&#8221; custom_padding_tablet=&#8221;0px|6%||6%|false|true&#8221; global_colors_info=&#8221;{}&#8221;][et_pb_text _builder_version=&#8221;4.27.4&#8243; _module_preset=&#8221;default&#8221; text_font_size=&#8221;18px&#8221; global_colors_info=&#8221;{}&#8221;]<\/p>\n<p>Valorem propostes de totes les disciplines relacionades amb <a href=\"https:\/\/cimne.com\/ca\/research-2\/\">la nostra recerca<\/a>. Si est\u00e0s interessat a sol\u00b7licitar alguna de les oportunitats de finan\u00e7ament competitives que s&#8217;enumeren a continuaci\u00f3, <a href=\"mailto:fellowships@cimne.upc.edu\">feu-nos-ho saber<\/a>. El nostre equip us pot oferir assist\u00e8ncia en el proc\u00e9s de sol\u00b7licitud.  <\/p>\n<p>[\/et_pb_text][\/et_pb_column][\/et_pb_row][\/et_pb_section][et_pb_section fb_built=&#8221;1&#8243; admin_label=&#8221;Content&#8221; _builder_version=&#8221;4.27.4&#8243; _module_preset=&#8221;fed47f3e-3ebe-4259-a156-523c8e0b8966&#8243; border_radii_tablet=&#8221;&#8221; border_radii_phone=&#8221;&#8221; border_radii_last_edited=&#8221;on|phone&#8221; locked=&#8221;off&#8221; collapsed=&#8221;off&#8221; global_colors_info=&#8221;{}&#8221;][et_pb_row column_structure=&#8221;1_3,2_3&#8243; _builder_version=&#8221;4.27.4&#8243; _module_preset=&#8221;c7c24b71-68f1-4ba2-bc79-49dcbcce5ea1&#8243; custom_margin=&#8221;|0px||0px|false|false&#8221; custom_padding=&#8221;20px|0px|0px|0px|false|false&#8221; global_colors_info=&#8221;{}&#8221;][et_pb_column type=&#8221;1_3&#8243; _builder_version=&#8221;4.27.0&#8243; _module_preset=&#8221;56e57fde-4561-4cf6-a771-0a733a7201b1&#8243; global_colors_info=&#8221;{}&#8221;][et_pb_heading title=&#8221;Accions per a la formaci\u00f3 de personal investigador predoctoral 2024&#8243; admin_label=&#8221;H2&#8243; _builder_version=&#8221;4.27.4&#8243; _module_preset=&#8221;default&#8221; title_level=&#8221;h2&#8243; title_text_color=&#8221;#02a0a5&#8243; title_font_size=&#8221;2rem&#8221; title_line_height=&#8221;2.25rem&#8221; title_font_size_last_edited=&#8221;off|desktop&#8221; global_colors_info=&#8221;{}&#8221;][\/et_pb_heading][\/et_pb_column][et_pb_column type=&#8221;2_3&#8243; _builder_version=&#8221;4.27.0&#8243; _module_preset=&#8221;56e57fde-4561-4cf6-a771-0a733a7201b1&#8243; global_colors_info=&#8221;{}&#8221;][et_pb_text _builder_version=&#8221;4.27.4&#8243; _module_preset=&#8221;default&#8221; text_font=&#8221;&#8211;et_global_body_font||||||||&#8221; text_text_color=&#8221;#444444&#8243; text_font_size=&#8221;1.1rem&#8221; text_line_height=&#8221;1.5rem&#8221; custom_margin=&#8221;||20px||false|false&#8221; global_colors_info=&#8221;{}&#8221;]<\/p>\n<ul>\n<li style=\"list-style-type: none;\">\n<ul>\n<li><strong>Nom complet<\/strong> : Ayudas para contratos predoctorales para la formaci\u00f3n de doctores<\/li>\n<li><strong>Descripci\u00f3<\/strong> : La finalitat de les beques \u00e9s la formaci\u00f3 de doctors mitjan\u00e7ant el finan\u00e7ament de contractes laborals, sota la modalitat de contracte predoctoral, amb la finalitat que els investigadors en formaci\u00f3 puguin dur a terme una tesi doctoral associada a un projecte de recerca finan\u00e7at pr\u00e8viament per les beques del Ministeri dins de la convocat\u00f2ria d&#8217;ajudes per a projectes d&#8217;R+D+i &#8220;Reptes de Recerca&#8221;.<\/li>\n<li><strong>Convocat\u00f2ria de sol\u00b7licituds<\/strong> : Data d&#8217;obertura: prevista per al gener<\/li>\n<li><strong>Durada<\/strong> : 4 anys<\/li>\n<li><strong>Salari<\/strong> : de 19.479,01 \u20ac a 24.348,77 \u20ac bruts anuals<\/li>\n<li><strong>Beca complement\u00e0ria<\/strong> : es concediran 6.860 \u20ac per cobrir les despeses relacionades amb les estades en centres d&#8217;R+D i la matr\u00edcula en estudis de doctorat.<\/li>\n<li><strong>Entitat finan\u00e7adora<\/strong> : Ministerio de Ciencia e Innovaci\u00f3n (Ministerio de Ciencia e Innovaci\u00f3n)<\/li>\n<li><strong>Web<\/strong> : <a href=\"https:\/\/www.aei.gob.es\/convocatorias\/buscador-convocatorias\/proyectos-generacion-conocimiento-2024\">Buscador de Convocatorias | Ag\u00e8ncia Estatal d&#8217;Investigaci\u00f3 (aei.gob.es)<\/a><\/li>\n<\/ul>\n<p><\/li>\n<p><\/ul>\n<p><\/p>\n<p>* Les dades s\u00f3n orientatives i poden estar subjectes a canvis en futures convocat\u00f2ries.<\/p>\n<p>[\/et_pb_text][\/et_pb_column][\/et_pb_row][et_pb_row admin_label=&#8221;Fila de l\u00ednia d&#039;1px&#8221; _builder_version=&#8221;4.27.4&#8243; _module_preset=&#8221;default&#8221; width=&#8221;100%&#8221; max_width=&#8221;2500px&#8221; custom_margin=&#8221;0px||0px||true|false&#8221; custom_padding=&#8221;0px||0px||true|false&#8221; collapsed=&#8221;on&#8221; global_colors_info=&#8221;{}&#8221;][et_pb_column type=&#8221;4_4&#8243; _builder_version=&#8221;4.27.4&#8243; _module_preset=&#8221;default&#8221; global_colors_info=&#8221;{}&#8221;][et_pb_divider show_divider=&#8221;off&#8221; _builder_version=&#8221;4.27.4&#8243; _module_preset=&#8221;default&#8221; width=&#8221;100%&#8221; height=&#8221;0px&#8221; custom_margin=&#8221;0px||0px||true|false&#8221; custom_padding=&#8221;0px||0px||true|false&#8221; border_width_bottom=&#8221;1px&#8221; border_color_bottom=&#8221;#d9d9d9&#8243; global_colors_info=&#8221;{}&#8221;][\/et_pb_divider][\/et_pb_column][\/et_pb_row][et_pb_row column_structure=&#8221;1_3,2_3&#8243; _builder_version=&#8221;4.27.4&#8243; _module_preset=&#8221;c7c24b71-68f1-4ba2-bc79-49dcbcce5ea1&#8243; custom_margin=&#8221;|0px||0px|false|false&#8221; global_colors_info=&#8221;{}&#8221;][et_pb_column type=&#8221;1_3&#8243; _builder_version=&#8221;4.27.0&#8243; _module_preset=&#8221;56e57fde-4561-4cf6-a771-0a733a7201b1&#8243; global_colors_info=&#8221;{}&#8221;][et_pb_heading title=&#8221;Beques FPU&#8221; admin_label=&#8221;H2&#8243; _builder_version=&#8221;4.27.4&#8243; _module_preset=&#8221;default&#8221; title_level=&#8221;h2&#8243; title_text_color=&#8221;#02a0a5&#8243; title_font_size=&#8221;2rem&#8221; title_line_height=&#8221;2.25rem&#8221; title_font_size_last_edited=&#8221;off|desktop&#8221; global_colors_info=&#8221;{}&#8221;][\/et_pb_heading][\/et_pb_column][et_pb_column type=&#8221;2_3&#8243; _builder_version=&#8221;4.27.0&#8243; _module_preset=&#8221;56e57fde-4561-4cf6-a771-0a733a7201b1&#8243; global_colors_info=&#8221;{}&#8221;][et_pb_text _builder_version=&#8221;4.27.4&#8243; _module_preset=&#8221;default&#8221; text_font=&#8221;&#8211;et_global_body_font||||||||&#8221; text_text_color=&#8221;#444444&#8243; text_font_size=&#8221;1.1rem&#8221; text_line_height=&#8221;1.5rem&#8221; custom_margin=&#8221;||20px||false|false&#8221; global_colors_info=&#8221;{}&#8221;]<\/p>\n<ul>\n<li style=\"list-style-type: none;\">\n<ul>\n<li><strong>Nom complet<\/strong> : Ajudes per a la formaci\u00f3 de professorat universitari (FPU)<\/li>\n<li><strong>Descripci\u00f3<\/strong> : Es tracta de beques destinades a la formaci\u00f3 investigadora en programes de doctorat per a l&#8217;obtenci\u00f3 del t\u00edtol de Doctor i l&#8217;adquisici\u00f3 d&#8217;habilitats docents universit\u00e0ries, en qualsevol \u00e0rea del coneixement cient\u00edfic, que facilitin la futura incorporaci\u00f3 d&#8217;aquestes persones al sistema d&#8217;educaci\u00f3 superior espanyol i a la recerca cient\u00edfica.<\/li>\n<li><strong>Convocat\u00f2ria de sol\u00b7licituds<\/strong> : Data d&#8217;obertura: prevista de desembre a gener<\/li>\n<li><strong>Durada<\/strong> : 4 anys<\/li>\n<li><strong>Salari<\/strong> : des de 30.921,36 \u20ac bruts anuals<\/li>\n<li><strong>Entitat<\/strong> <strong>finan\u00e7adora<\/strong> : Ministerio de Universidades (Ministerio de Universidades <span style=\"font-size: 17.6px;\">)<\/span><\/li>\n<li><strong>Web<\/strong> : <a href=\"https:\/\/www.ciencia.gob.es\/Convocatorias\/2024.html\">Buscador de Convocatorias | Ministeri d&#8217;Universitats<\/a><\/li>\n<\/ul>\n<p><\/li>\n<p><\/ul>\n<p><\/p>\n<p>* Les dades s\u00f3n orientatives i poden estar subjectes a canvis en futures convocat\u00f2ries.<\/p>\n<p>[\/et_pb_text][\/et_pb_column][\/et_pb_row][et_pb_row admin_label=&#8221;Fila de l\u00ednia d&#039;1px&#8221; _builder_version=&#8221;4.27.4&#8243; _module_preset=&#8221;default&#8221; width=&#8221;100%&#8221; max_width=&#8221;2500px&#8221; custom_margin=&#8221;0px||0px||true|false&#8221; custom_padding=&#8221;0px||0px||true|false&#8221; collapsed=&#8221;on&#8221; global_colors_info=&#8221;{}&#8221;][et_pb_column type=&#8221;4_4&#8243; _builder_version=&#8221;4.27.4&#8243; _module_preset=&#8221;default&#8221; global_colors_info=&#8221;{}&#8221;][et_pb_divider show_divider=&#8221;off&#8221; _builder_version=&#8221;4.27.4&#8243; _module_preset=&#8221;default&#8221; width=&#8221;100%&#8221; height=&#8221;0px&#8221; custom_margin=&#8221;0px||0px||true|false&#8221; custom_padding=&#8221;0px||0px||true|false&#8221; border_width_bottom=&#8221;1px&#8221; border_color_bottom=&#8221;#d9d9d9&#8243; global_colors_info=&#8221;{}&#8221;][\/et_pb_divider][\/et_pb_column][\/et_pb_row][et_pb_row column_structure=&#8221;1_3,2_3&#8243; _builder_version=&#8221;4.27.4&#8243; _module_preset=&#8221;c7c24b71-68f1-4ba2-bc79-49dcbcce5ea1&#8243; custom_margin=&#8221;|0px||0px|false|false&#8221; global_colors_info=&#8221;{}&#8221;][et_pb_column type=&#8221;1_3&#8243; _builder_version=&#8221;4.27.0&#8243; _module_preset=&#8221;56e57fde-4561-4cf6-a771-0a733a7201b1&#8243; global_colors_info=&#8221;{}&#8221;][et_pb_heading title=&#8221;Beques FI&#8221; admin_label=&#8221;H2&#8243; _builder_version=&#8221;4.27.4&#8243; _module_preset=&#8221;default&#8221; title_level=&#8221;h2&#8243; title_text_color=&#8221;#02a0a5&#8243; title_font_size=&#8221;2rem&#8221; title_line_height=&#8221;2.25rem&#8221; title_font_size_last_edited=&#8221;off|desktop&#8221; global_colors_info=&#8221;{}&#8221;][\/et_pb_heading][\/et_pb_column][et_pb_column type=&#8221;2_3&#8243; _builder_version=&#8221;4.27.0&#8243; _module_preset=&#8221;56e57fde-4561-4cf6-a771-0a733a7201b1&#8243; global_colors_info=&#8221;{}&#8221;][et_pb_text _builder_version=&#8221;4.27.4&#8243; _module_preset=&#8221;default&#8221; text_font=&#8221;&#8211;et_global_body_font||||||||&#8221; text_text_color=&#8221;#444444&#8243; text_font_size=&#8221;1.1rem&#8221; text_line_height=&#8221;1.5rem&#8221; custom_margin=&#8221;||20px||false|false&#8221; global_colors_info=&#8221;{}&#8221;]<\/p>\n<ul>\n<li style=\"list-style-type: none;\">\n<ul>\n<li><strong>Nom complet<\/strong> : Ajuts Joan Or\u00f3 per a la contractaci\u00f3 de personal investigador predoctoral en formaci\u00f3 (FI)<\/li>\n<li><strong>Descripci\u00f3<\/strong> : Convocat\u00f2ria per a la concessi\u00f3 de beques per a estudiants que vulguin obtenir el doctorat en una universitat o centre de recerca catal\u00e0.<\/li>\n<li><strong>Convocat\u00f2ria de sol\u00b7licituds<\/strong> : Data d&#8217;obertura: prevista de setembre a octubre<\/li>\n<li><strong>Durada<\/strong> : 3 anys<\/li>\n<li><strong>Salari<\/strong> : de 19.479,01 \u20ac a 24.348,77 \u20ac bruts anuals<\/li>\n<li><strong>Beca complement\u00e0ria<\/strong> : 3.000 \u20ac per a activitats de formaci\u00f3 i estades de recerca.<\/li>\n<li><strong>Entitat finan\u00e7adora<\/strong> : Ag\u00e8ncia Catalana de Gesti\u00f3 d&#8217;Ajuts Universitaris i de Recerca (AGAUR)<\/li>\n<li><strong>Lloc web<\/strong> :<a href=\"https:\/\/agaur.gencat.cat\/en\/beques-i-ajuts\/Research-grants\/ajuts-predoctorals\/index.html\">  Beques per a estudis de doctorat. Ag\u00e8ncia de Gesti\u00f3 d&#8217;Ajudes Universit\u00e0ries i de Recerca (gencat.cat) <\/a><\/li>\n<\/ul>\n<p><\/li>\n<p><\/ul>\n<p><\/p>\n<p>* Les dades s\u00f3n orientatives i poden estar subjectes a canvis en futures convocat\u00f2ries.<\/p>\n<p>[\/et_pb_text][\/et_pb_column][\/et_pb_row][et_pb_row admin_label=&#8221;Fila de l\u00ednia d&#039;1px&#8221; _builder_version=&#8221;4.27.4&#8243; _module_preset=&#8221;default&#8221; width=&#8221;100%&#8221; max_width=&#8221;2500px&#8221; custom_margin=&#8221;0px||0px||true|false&#8221; custom_padding=&#8221;0px||0px||true|false&#8221; collapsed=&#8221;on&#8221; global_colors_info=&#8221;{}&#8221;][et_pb_column type=&#8221;4_4&#8243; _builder_version=&#8221;4.27.4&#8243; _module_preset=&#8221;default&#8221; global_colors_info=&#8221;{}&#8221;][et_pb_divider show_divider=&#8221;off&#8221; _builder_version=&#8221;4.27.4&#8243; _module_preset=&#8221;default&#8221; width=&#8221;100%&#8221; height=&#8221;0px&#8221; custom_margin=&#8221;0px||0px||true|false&#8221; custom_padding=&#8221;0px||0px||true|false&#8221; border_width_bottom=&#8221;1px&#8221; border_color_bottom=&#8221;#d9d9d9&#8243; global_colors_info=&#8221;{}&#8221;][\/et_pb_divider][\/et_pb_column][\/et_pb_row][et_pb_row column_structure=&#8221;1_3,2_3&#8243; _builder_version=&#8221;4.27.4&#8243; _module_preset=&#8221;c7c24b71-68f1-4ba2-bc79-49dcbcce5ea1&#8243; custom_margin=&#8221;|0px||0px|false|false&#8221; global_colors_info=&#8221;{}&#8221;][et_pb_column type=&#8221;1_3&#8243; _builder_version=&#8221;4.27.0&#8243; _module_preset=&#8221;56e57fde-4561-4cf6-a771-0a733a7201b1&#8243; global_colors_info=&#8221;{}&#8221;][et_pb_heading title=&#8221;Doctorats industrials&#8221; admin_label=&#8221;H2&#8243; _builder_version=&#8221;4.27.4&#8243; _module_preset=&#8221;default&#8221; title_level=&#8221;h2&#8243; title_text_color=&#8221;#02a0a5&#8243; title_font_size=&#8221;2rem&#8221; title_line_height=&#8221;2.25rem&#8221; title_font_size_last_edited=&#8221;off|desktop&#8221; global_colors_info=&#8221;{}&#8221;][\/et_pb_heading][\/et_pb_column][et_pb_column type=&#8221;2_3&#8243; _builder_version=&#8221;4.27.0&#8243; _module_preset=&#8221;56e57fde-4561-4cf6-a771-0a733a7201b1&#8243; global_colors_info=&#8221;{}&#8221;][et_pb_text _builder_version=&#8221;4.27.4&#8243; _module_preset=&#8221;default&#8221; text_font=&#8221;&#8211;et_global_body_font||||||||&#8221; text_text_color=&#8221;#444444&#8243; text_font_size=&#8221;1.1rem&#8221; text_line_height=&#8221;1.5rem&#8221; custom_margin=&#8221;||20px||false|false&#8221; global_colors_info=&#8221;{}&#8221;]<\/p>\n<ul>\n<li style=\"list-style-type: none;\">\n<ul>\n<li><strong>Nom complet<\/strong> : Ajudes a Doctorats Industrials (DI)<\/li>\n<li><strong>Descripci\u00f3<\/strong> : Subvencions a empreses i centres de recerca per al desenvolupament d&#8217;un projecte de doctorat industrial, en el qual el doctor o doctora desenvolupa la formaci\u00f3 investigadora, en col\u00b7laboraci\u00f3 amb una universitat o centre de recerca, i que \u00e9s objecte d&#8217;una tesi doctoral.<\/li>\n<li><strong>Convocat\u00f2ria de sol\u00b7licituds<\/strong> : Data d&#8217;obertura: del 28\/02\/2025 al 10\/12\/2025.<\/li>\n<li><strong>Durada<\/strong> : 3 anys<\/li>\n<li><strong>Salari<\/strong> : a definir per l&#8217;empresa contractant (l&#8217;investigador \u00e9s contractat per una empresa). Dep\u00e8n de la modalitat del projecte: ID cofinan\u00e7at \/ ID espec\u00edfica) <\/li>\n<li><strong>Beca complement\u00e0ria<\/strong> : Es concedir\u00e0 una beca complement\u00e0ria de 2.000 \u20ac per la matr\u00edcula.<\/li>\n<li><strong>Entitat finan\u00e7adora<\/strong> : Ag\u00e8ncia Catalana de Gesti\u00f3 d&#8217;Ajuts Universitaris i de Recerca (AGAUR)<\/li>\n<li><strong>Lloc web<\/strong> :  <a href=\"https:\/\/doctoratsindustrials.gencat.cat\/en\/els-doctorats-industrials\/\">Doctorats Industrials. Ag\u00e8ncia de Gesti\u00f3 d&#8217;Ajuts Universitaris i de Recerca (gencat.cat)   <\/a><\/li>\n<\/ul>\n<p><\/li>\n<p><\/ul>\n<p><\/p>\n<p>* Les dades s\u00f3n orientatives i poden estar subjectes a canvis en futures convocat\u00f2ries.<\/p>\n<p>[\/et_pb_text][\/et_pb_column][\/et_pb_row][\/et_pb_section]<\/p>\n","protected":false},"excerpt":{"rendered":"<p>Finan\u00e7ament competitiuBusques noves oportunitats professionals? En aquesta p\u00e0gina pots trobar una llista de convocat\u00f2ries de finan\u00e7ament competitives per unir-te a CIMNE per a la teva recerca de tesi. Valorem propostes de totes les disciplines relacionades amb la nostra recerca. Si est\u00e0s interessat a sol\u00b7licitar alguna de les oportunitats de finan\u00e7ament competitives que s&#8217;enumeren a continuaci\u00f3, feu-nos-ho [&hellip;]<\/p>\n","protected":false},"author":2,"featured_media":0,"parent":226525,"menu_order":0,"comment_status":"closed","ping_status":"closed","template":"","meta":{"_acf_changed":false,"_et_pb_use_builder":"on","_et_pb_old_content":"","_et_gb_content_width":"","slim_seo":{"title":"Oportunitats de doctorat - CIMNE","description":"Busques noves oportunitats professionals? En aquesta p\u00e0gina pots trobar una llista de convocat\u00f2ries de finan\u00e7ament competitives per unir-te a CIMNE per a la tev"},"footnotes":""},"class_list":["post-240675","page","type-page","status-publish","hentry"],"acf":[],"_links":{"self":[{"href":"https:\/\/cimne.com\/ca\/wp-json\/wp\/v2\/pages\/240675","targetHints":{"allow":["GET"]}}],"collection":[{"href":"https:\/\/cimne.com\/ca\/wp-json\/wp\/v2\/pages"}],"about":[{"href":"https:\/\/cimne.com\/ca\/wp-json\/wp\/v2\/types\/page"}],"author":[{"embeddable":true,"href":"https:\/\/cimne.com\/ca\/wp-json\/wp\/v2\/users\/2"}],"replies":[{"embeddable":true,"href":"https:\/\/cimne.com\/ca\/wp-json\/wp\/v2\/comments?post=240675"}],"version-history":[{"count":0,"href":"https:\/\/cimne.com\/ca\/wp-json\/wp\/v2\/pages\/240675\/revisions"}],"up":[{"embeddable":true,"href":"https:\/\/cimne.com\/ca\/wp-json\/wp\/v2\/pages\/226525"}],"wp:attachment":[{"href":"https:\/\/cimne.com\/ca\/wp-json\/wp\/v2\/media?parent=240675"}],"curies":[{"name":"wp","href":"https:\/\/api.w.org\/{rel}","templated":true}]}}