{"id":228295,"date":"2024-11-22T11:46:00","date_gmt":"2024-11-22T10:46:00","guid":{"rendered":"http:\/\/cimne.local\/research\/investigadors-distingits-seniors\/"},"modified":"2026-02-18T15:48:53","modified_gmt":"2026-02-18T14:48:53","slug":"investigadors-distingits-seniors","status":"publish","type":"page","link":"https:\/\/cimne.com\/ca\/recerca\/investigadors-distingits-seniors\/","title":{"rendered":"Investigadors distingits s\u00e8niors"},"content":{"rendered":"<p>[et_pb_section fb_built=&#8221;1&#8243; disabled_on=&#8221;off|off|off&#8221; admin_label=&#8221;Intro desktop&#8221; _builder_version=&#8221;4.27.5&#8243; _module_preset=&#8221;81964cef-6002-4a6d-8fe6-ec7662796c0d&#8221; border_width_bottom=&#8221;1px&#8221; border_color_bottom=&#8221;#d9d9d9&#8243; border_width_bottom_tablet=&#8221;0px&#8221; border_width_bottom_phone=&#8221;0px&#8221; border_width_bottom_last_edited=&#8221;on|desktop&#8221; locked=&#8221;off&#8221; collapsed=&#8221;off&#8221; global_colors_info=&#8221;{}&#8221;][et_pb_row column_structure=&#8221;1_2,1_2&#8243; custom_padding_last_edited=&#8221;on|phone&#8221; _builder_version=&#8221;4.27.5&#8243; _module_preset=&#8221;6748b9e8-3dd1-48e0-b7c4-ade164107a03&#8243; custom_margin=&#8221;0px|0px||0px|false|false&#8221; custom_padding_tablet=&#8221;||50px||false|false&#8221; custom_padding_phone=&#8221;||50px||false|false&#8221; hover_enabled=&#8221;0&#8243; global_colors_info=&#8221;{}&#8221; custom_css_main_element_last_edited=&#8221;on|phone&#8221; custom_css_main_element_tablet=&#8221;display: flex;||flex-direction: column-reverse;&#8221; custom_css_main_element_phone=&#8221;display: flex;||flex-direction: column-reverse;&#8221; sticky_enabled=&#8221;0&#8243;][et_pb_column type=&#8221;1_2&#8243; _builder_version=&#8221;4.27.5&#8243; _module_preset=&#8221;5eabff34-1c64-412c-8991-166d2e61c664&#8243; custom_padding=&#8221;50px|3%|50px|3%|true|false&#8221; custom_padding_tablet=&#8221;25px|6%|25px|6%|true|false&#8221; custom_padding_phone=&#8221;25px|6%|25px|6%|true|false&#8221; custom_padding_last_edited=&#8221;on|phone&#8221; global_colors_info=&#8221;{}&#8221;][et_pb_divider color=&#8221;#004996&#8243; divider_position=&#8221;center&#8221; _builder_version=&#8221;4.27.0&#8243; _module_preset=&#8221;default&#8221; width=&#8221;85px&#8221; module_alignment=&#8221;left&#8221; custom_margin=&#8221;||0px||false|false&#8221; locked=&#8221;off&#8221; global_colors_info=&#8221;{}&#8221;][\/et_pb_divider][et_pb_text admin_label=&#8221;Subtitle&#8221; _builder_version=&#8221;4.27.5&#8243; _module_preset=&#8221;27067be3-af33-4a0f-be2f-dfe4fd7c0a1b&#8221; global_colors_info=&#8221;{}&#8221;]<\/p>\nRecerca\n<p>[\/et_pb_text][et_pb_heading title=&#8221;@ET-DC@eyJkeW5hbWljIjp0cnVlLCJjb250ZW50IjoicG9zdF90aXRsZSIsInNldHRpbmdzIjp7ImJlZm9yZSI6IiIsImFmdGVyIjoiIn19@&#8221; admin_label=&#8221;H1&#8243; _builder_version=&#8221;4.27.5&#8243; _dynamic_attributes=&#8221;title&#8221; _module_preset=&#8221;e30dfaa6-3290-42bb-84f1-72f8bfaaa4c6&#8243; global_colors_info=&#8221;{}&#8221;][\/et_pb_heading][et_pb_text _builder_version=&#8221;4.27.0&#8243; _module_preset=&#8221;default&#8221; text_text_color=&#8221;#02a0a5&#8243; text_font_size=&#8221;1.5rem&#8221; text_font_size_tablet=&#8221;1.5rem&#8221; text_font_size_last_edited=&#8221;off|desktop&#8221; global_colors_info=&#8221;{}&#8221;]<\/p>\n<p>Els Investigadors Distingits S\u00e8niors del CIMNE s\u00f3n professors amb una llarga carrera i influ\u00e8ncia en els seus \u00e0mbits. Aquests experts de renom enforteixen el nostre centre i l&#8217;impacte de la seva recerca. <\/p>\n<p>[\/et_pb_text][\/et_pb_column][et_pb_column type=&#8221;1_2&#8243; _builder_version=&#8221;4.27.5&#8243; _module_preset=&#8221;5eabff34-1c64-412c-8991-166d2e61c664&#8243; custom_padding=&#8221;50px|3%|50px|3%|true|false&#8221; custom_padding_tablet=&#8221;25px|6%|25px|6%|true|false&#8221; custom_padding_phone=&#8221;25px||25px||true|false&#8221; global_colors_info=&#8221;{}&#8221;][et_pb_image src=&#8221;https:\/\/cimne.com\/wp-content\/uploads\/2025\/05\/senior.jpg&#8221; alt=&#8221;Senior&#8221; title_text=&#8221;senior&#8221; align=&#8221;center&#8221; force_fullwidth=&#8221;on&#8221; show_bottom_space_tablet=&#8221;on&#8221; show_bottom_space_phone=&#8221;off&#8221; show_bottom_space_last_edited=&#8221;on|phone&#8221; _builder_version=&#8221;4.27.5&#8243; _module_preset=&#8221;3ab1f52a-bf54-4bb9-996f-282f38346889&#8243; module_alignment=&#8221;center&#8221; height_tablet=&#8221;320px&#8221; height_phone=&#8221;180px&#8221; height_last_edited=&#8221;on|phone&#8221; custom_margin=&#8221;||||false|true&#8221; custom_margin_tablet=&#8221;||||false|true&#8221; custom_margin_phone=&#8221;||||false|true&#8221; custom_margin_last_edited=&#8221;on|desktop&#8221; custom_padding=&#8221;||||false|true&#8221; hover_enabled=&#8221;0&#8243; global_colors_info=&#8221;{}&#8221; sticky_enabled=&#8221;0&#8243;][\/et_pb_image][\/et_pb_column][\/et_pb_row][\/et_pb_section][et_pb_section fb_built=&#8221;1&#8243; _builder_version=&#8221;4.27.4&#8243; _module_preset=&#8221;fed47f3e-3ebe-4259-a156-523c8e0b8966&#8243; custom_css_main_element=&#8221;padding: 40px 20px;&#8221; collapsed=&#8221;off&#8221; global_colors_info=&#8221;{}&#8221;][et_pb_row column_structure=&#8221;1_4,1_4,1_4,1_4&#8243; _builder_version=&#8221;4.27.4&#8243; _module_preset=&#8221;c7c24b71-68f1-4ba2-bc79-49dcbcce5ea1&#8243; custom_padding=&#8221;30px|0px|0px|0px|false|false&#8221; global_colors_info=&#8221;{}&#8221;][et_pb_column type=&#8221;1_4&#8243; _builder_version=&#8221;4.27.4&#8243; _module_preset=&#8221;default&#8221; global_colors_info=&#8221;{}&#8221;][et_pb_blurb title=&#8221;Prof. Eduardo Alonso&#8221; url=&#8221;https:\/\/cimne.com\/ca\/sobre-nosaltres\/directori\/perfil-membre\/?id=329&#8243; image=&#8221;https:\/\/cimne.com\/wp-content\/uploads\/2025\/02\/f31dc981612b02058ef44c61f9138337.png&#8221; admin_label=&#8221;Distinguished Researchers&#8221; _builder_version=&#8221;4.27.4&#8243; _module_preset=&#8221;f1cec043-cdf6-4f65-92f1-f0ec39d95e9f&#8221; global_colors_info=&#8221;{}&#8221;]<\/p>\n<p>Geomec\u00e0nica i Hidrogeologia<\/p>\n<p>[\/et_pb_blurb][et_pb_blurb title=&#8221;Prof. Antonio Gens&#8221; url=&#8221;https:\/\/cimne.com\/ca\/sobre-nosaltres\/directori\/perfil-membre\/?id=435&#8243; image=&#8221;https:\/\/cimne.com\/wp-content\/uploads\/2025\/05\/gens-e1747038174695.jpg&#8221; admin_label=&#8221;Distinguished Researchers&#8221; _builder_version=&#8221;4.27.4&#8243; _module_preset=&#8221;f1cec043-cdf6-4f65-92f1-f0ec39d95e9f&#8221; global_colors_info=&#8221;{}&#8221;]<\/p>\n<p>Geomec\u00e0nica i Hidrogeologia<\/p>\n<p>[\/et_pb_blurb][et_pb_blurb title=&#8221;Prof. Sergio H. Oller&#8221; url=&#8221;https:\/\/cimne.com\/ca\/sobre-nosaltres\/directori\/perfil-membre\/?id=516&#8243; image=&#8221;https:\/\/cimne.com\/wp-content\/uploads\/2025\/05\/oller-e1747038487383.jpg&#8221; admin_label=&#8221;Distinguished Researchers&#8221; _builder_version=&#8221;4.27.4&#8243; _module_preset=&#8221;f1cec043-cdf6-4f65-92f1-f0ec39d95e9f&#8221; global_colors_info=&#8221;{}&#8221;]<\/p>\n<p>Mec\u00e0nica estructural i de part\u00edcules<\/p>\n<p>[\/et_pb_blurb][\/et_pb_column][et_pb_column type=&#8221;1_4&#8243; _builder_version=&#8221;4.27.4&#8243; _module_preset=&#8221;default&#8221; global_colors_info=&#8221;{}&#8221;][et_pb_blurb title=&#8221;Prof. M\u00aa del Carmen Andrade&#8221; url=&#8221;https:\/\/cimne.com\/ca\/sobre-nosaltres\/directori\/perfil-membre\/?id=1762&#8243; image=&#8221;https:\/\/cimne.com\/wp-content\/uploads\/2025\/02\/candrade.png&#8221; admin_label=&#8221;Distinguished Researchers&#8221; _builder_version=&#8221;4.27.4&#8243; _module_preset=&#8221;f1cec043-cdf6-4f65-92f1-f0ec39d95e9f&#8221; global_colors_info=&#8221;{}&#8221;]<\/p>\n<p>Aprenentatge autom\u00e0tic i models en Enginyeria Hidroambiental<\/p>\n<p>[\/et_pb_blurb][et_pb_blurb title=&#8221;Prof. Sergio R. Idelsohn&#8221; url=&#8221;https:\/\/cimne.com\/ca\/sobre-nosaltres\/directori\/perfil-membre\/?id=456&#8243; image=&#8221;https:\/\/cimne.com\/wp-content\/uploads\/2025\/05\/idelsohn-e1747038235144.jpg&#8221; admin_label=&#8221;Distinguished Researchers&#8221; _builder_version=&#8221;4.27.4&#8243; _module_preset=&#8221;f1cec043-cdf6-4f65-92f1-f0ec39d95e9f&#8221; global_colors_info=&#8221;{}&#8221;]<\/p>\n<p>Simulaci\u00f3 de s\u00f2lids i fluids per a Processos Industrials<\/p>\n<p>[\/et_pb_blurb][et_pb_blurb title=&#8221;Prof. Eugenio O\u00f1ate&#8221; url=&#8221;https:\/\/cimne.com\/ca\/sobre-nosaltres\/directori\/perfil-membre\/?id=518&#8243; image=&#8221;https:\/\/cimne.com\/wp-content\/uploads\/2025\/05\/onate-e1747038597368.jpg&#8221; admin_label=&#8221;Distinguished Researchers&#8221; _builder_version=&#8221;4.27.4&#8243; _module_preset=&#8221;f1cec043-cdf6-4f65-92f1-f0ec39d95e9f&#8221; global_colors_info=&#8221;{}&#8221;]<\/p>\n<p>Mec\u00e0nica estructural i de part\u00edcules<\/p>\n<p>[\/et_pb_blurb][\/et_pb_column][et_pb_column type=&#8221;1_4&#8243; _builder_version=&#8221;4.27.4&#8243; _module_preset=&#8221;default&#8221; global_colors_info=&#8221;{}&#8221;][et_pb_blurb title=&#8221;Prof. H. Alejandro Barbat&#8221; url=&#8221;https:\/\/cimne.com\/ca\/sobre-nosaltres\/directori\/perfil-membre\/?id=345&#8243; image=&#8221;https:\/\/cimne.com\/wp-content\/uploads\/2025\/05\/barbat-e1747037987109.jpg&#8221; admin_label=&#8221;Distinguished Researchers&#8221; _builder_version=&#8221;4.27.4&#8243; _module_preset=&#8221;f1cec043-cdf6-4f65-92f1-f0ec39d95e9f&#8221; global_colors_info=&#8221;{}&#8221;]<\/p>\n<p>Mec\u00e0nica estructural i de part\u00edcules<\/p>\n<p>[\/et_pb_blurb][et_pb_blurb title=&#8221;Prof. Juan Miquel&#8221; url=&#8221;https:\/\/cimne.com\/ca\/sobre-nosaltres\/directori\/perfil-membre\/?id=496&#8243; image=&#8221;https:\/\/cimne.com\/wp-content\/uploads\/2025\/05\/miquel.jpg&#8221; admin_label=&#8221;Distinguished Researchers&#8221; _builder_version=&#8221;4.27.4&#8243; _module_preset=&#8221;f1cec043-cdf6-4f65-92f1-f0ec39d95e9f&#8221; global_colors_info=&#8221;{}&#8221;]<\/p>\n<p>Mec\u00e0nica estructural i de part\u00edcules<\/p>\n<p>[\/et_pb_blurb][et_pb_blurb title=&#8221;Prof. Michael Ortiz&#8221; url=&#8221;https:\/\/cimne.com\/ca\/sobre-nosaltres\/directori\/perfil-membre\/?id=2465&#8243; image=&#8221;https:\/\/cimne.com\/wp-content\/uploads\/2025\/05\/ortiz-e1747039030554.jpg&#8221; admin_label=&#8221;Distinguished Researchers&#8221; _builder_version=&#8221;4.27.4&#8243; _module_preset=&#8221;f1cec043-cdf6-4f65-92f1-f0ec39d95e9f&#8221; global_colors_info=&#8221;{}&#8221;]<\/p>\n<p>Mec\u00e0nica estructural i de part\u00edcules<\/p>\n<p>[\/et_pb_blurb][\/et_pb_column][et_pb_column type=&#8221;1_4&#8243; _builder_version=&#8221;4.27.4&#8243; _module_preset=&#8221;default&#8221; global_colors_info=&#8221;{}&#8221;][et_pb_blurb title=&#8221;Prof. Jordi Corominas&#8221; url=&#8221;https:\/\/cimne.com\/ca\/sobre-nosaltres\/directori\/perfil-membre\/?id=880&#8243; image=&#8221;https:\/\/cimne.com\/wp-content\/uploads\/2025\/05\/corominas-e1747038101367.jpg&#8221; admin_label=&#8221;Distinguished Researchers&#8221; _builder_version=&#8221;4.27.4&#8243; _module_preset=&#8221;f1cec043-cdf6-4f65-92f1-f0ec39d95e9f&#8221; global_colors_info=&#8221;{}&#8221;]<\/p>\n<p>Geomec\u00e0nica i Hidrogeologia<\/p>\n<p>[\/et_pb_blurb][et_pb_blurb title=&#8221;Prof. Francisco Javier Oliver&#8221; url=&#8221;https:\/\/cimne.com\/ca\/sobre-nosaltres\/directori\/perfil-membre\/?id=514&#8243; image=&#8221;https:\/\/cimne.com\/wp-content\/uploads\/2025\/05\/oliver-e1747038363910.jpg&#8221; admin_label=&#8221;Distinguished Researchers&#8221; _builder_version=&#8221;4.27.4&#8243; _module_preset=&#8221;f1cec043-cdf6-4f65-92f1-f0ec39d95e9f&#8221; global_colors_info=&#8221;{}&#8221;]<\/p>\n<p>Mec\u00e0nica de Materials Avan\u00e7ats i Metamaterials<\/p>\n<p>[\/et_pb_blurb][et_pb_blurb title=&#8221;Prof. Jaques F. Periaux&#8221; url=&#8221;https:\/\/cimne.com\/ca\/sobre-nosaltres\/directori\/perfil-membre\/?id=678&#8243; image=&#8221;https:\/\/cimne.com\/wp-content\/uploads\/2025\/05\/periaux-e1747038675914.jpg&#8221; admin_label=&#8221;Distinguished Researchers&#8221; _builder_version=&#8221;4.27.4&#8243; _module_preset=&#8221;f1cec043-cdf6-4f65-92f1-f0ec39d95e9f&#8221; global_colors_info=&#8221;{}&#8221;]<\/p>\n<p>Enginyeria Aeron\u00e0utica, Marina, Automoci\u00f3 i Energia<\/p>\n<p>[\/et_pb_blurb][\/et_pb_column][\/et_pb_row][\/et_pb_section]<\/p>\n","protected":false},"excerpt":{"rendered":"<p>RecercaEls Investigadors Distingits S\u00e8niors del CIMNE s\u00f3n professors amb una llarga carrera i influ\u00e8ncia en els seus \u00e0mbits. Aquests experts de renom enforteixen el nostre centre i l&#8217;impacte de la seva recerca. Geomec\u00e0nica i HidrogeologiaGeomec\u00e0nica i HidrogeologiaMec\u00e0nica estructural i de part\u00edculesAprenentatge autom\u00e0tic i models en Enginyeria HidroambientalSimulaci\u00f3 de s\u00f2lids i fluids per a Processos IndustrialsMec\u00e0nica [&hellip;]<\/p>\n","protected":false},"author":2,"featured_media":234363,"parent":226589,"menu_order":0,"comment_status":"closed","ping_status":"closed","template":"","meta":{"_acf_changed":false,"_et_pb_use_builder":"on","_et_pb_old_content":"","_et_gb_content_width":"","slim_seo":{"title":"Investigadors distingits s\u00e8niors - CIMNE","description":"Els Investigadors Distingits S\u00e8niors del CIMNE s\u00f3n professors amb una llarga carrera i influ\u00e8ncia en els seus \u00e0mbits. Aquests experts de renom enforteixen el no"},"footnotes":""},"class_list":["post-228295","page","type-page","status-publish","has-post-thumbnail","hentry"],"acf":[],"_links":{"self":[{"href":"https:\/\/cimne.com\/ca\/wp-json\/wp\/v2\/pages\/228295","targetHints":{"allow":["GET"]}}],"collection":[{"href":"https:\/\/cimne.com\/ca\/wp-json\/wp\/v2\/pages"}],"about":[{"href":"https:\/\/cimne.com\/ca\/wp-json\/wp\/v2\/types\/page"}],"author":[{"embeddable":true,"href":"https:\/\/cimne.com\/ca\/wp-json\/wp\/v2\/users\/2"}],"replies":[{"embeddable":true,"href":"https:\/\/cimne.com\/ca\/wp-json\/wp\/v2\/comments?post=228295"}],"version-history":[{"count":0,"href":"https:\/\/cimne.com\/ca\/wp-json\/wp\/v2\/pages\/228295\/revisions"}],"up":[{"embeddable":true,"href":"https:\/\/cimne.com\/ca\/wp-json\/wp\/v2\/pages\/226589"}],"wp:featuredmedia":[{"embeddable":true,"href":"https:\/\/cimne.com\/ca\/wp-json\/wp\/v2\/media\/234363"}],"wp:attachment":[{"href":"https:\/\/cimne.com\/ca\/wp-json\/wp\/v2\/media?parent=228295"}],"curies":[{"name":"wp","href":"https:\/\/api.w.org\/{rel}","templated":true}]}}