{"id":226579,"date":"2024-07-18T11:36:15","date_gmt":"2024-07-18T09:36:15","guid":{"rendered":"http:\/\/cimne.local\/publications\/"},"modified":"2026-02-18T15:46:12","modified_gmt":"2026-02-18T14:46:12","slug":"publications","status":"publish","type":"page","link":"https:\/\/cimne.com\/ca\/recerca\/publications\/","title":{"rendered":"Publicacions"},"content":{"rendered":"<p>[et_pb_section fb_built=&#8221;1&#8243; disabled_on=&#8221;off|off|off&#8221; admin_label=&#8221;Intro desktop&#8221; _builder_version=&#8221;4.27.5&#8243; _module_preset=&#8221;81964cef-6002-4a6d-8fe6-ec7662796c0d&#8221; border_width_bottom=&#8221;1px&#8221; border_color_bottom=&#8221;#d9d9d9&#8243; border_width_bottom_tablet=&#8221;0px&#8221; border_width_bottom_phone=&#8221;0px&#8221; border_width_bottom_last_edited=&#8221;on|desktop&#8221; locked=&#8221;off&#8221; collapsed=&#8221;off&#8221; global_colors_info=&#8221;{}&#8221;][et_pb_row column_structure=&#8221;1_2,1_2&#8243; custom_padding_last_edited=&#8221;on|phone&#8221; _builder_version=&#8221;4.27.5&#8243; _module_preset=&#8221;6748b9e8-3dd1-48e0-b7c4-ade164107a03&#8243; custom_margin=&#8221;0px|0px||0px|false|false&#8221; custom_padding_tablet=&#8221;||50px||false|false&#8221; custom_padding_phone=&#8221;||50px||false|false&#8221; hover_enabled=&#8221;0&#8243; global_colors_info=&#8221;{}&#8221; custom_css_main_element_last_edited=&#8221;on|phone&#8221; custom_css_main_element_tablet=&#8221;display: flex;||flex-direction: column-reverse;&#8221; custom_css_main_element_phone=&#8221;display: flex;||flex-direction: column-reverse;&#8221; sticky_enabled=&#8221;0&#8243;][et_pb_column type=&#8221;1_2&#8243; _builder_version=&#8221;4.27.5&#8243; _module_preset=&#8221;5eabff34-1c64-412c-8991-166d2e61c664&#8243; custom_padding=&#8221;50px|3%|50px|3%|true|false&#8221; custom_padding_tablet=&#8221;25px|6%|25px|6%|true|false&#8221; custom_padding_phone=&#8221;25px|6%|25px|6%|true|false&#8221; custom_padding_last_edited=&#8221;on|phone&#8221; global_colors_info=&#8221;{}&#8221;][et_pb_divider color=&#8221;#004996&#8243; divider_position=&#8221;center&#8221; _builder_version=&#8221;4.27.0&#8243; _module_preset=&#8221;default&#8221; width=&#8221;85px&#8221; module_alignment=&#8221;left&#8221; custom_margin=&#8221;||0px||false|false&#8221; locked=&#8221;off&#8221; global_colors_info=&#8221;{}&#8221;][\/et_pb_divider][et_pb_text admin_label=&#8221;Subtitle&#8221; _builder_version=&#8221;4.27.5&#8243; _module_preset=&#8221;27067be3-af33-4a0f-be2f-dfe4fd7c0a1b&#8221; global_colors_info=&#8221;{}&#8221;]<\/p>\nRecerca\n<p>[\/et_pb_text][et_pb_heading title=&#8221;@ET-DC@eyJkeW5hbWljIjp0cnVlLCJjb250ZW50IjoicG9zdF90aXRsZSIsInNldHRpbmdzIjp7ImJlZm9yZSI6IiIsImFmdGVyIjoiIn19@&#8221; admin_label=&#8221;H1&#8243; _builder_version=&#8221;4.27.5&#8243; _dynamic_attributes=&#8221;title&#8221; _module_preset=&#8221;e30dfaa6-3290-42bb-84f1-72f8bfaaa4c6&#8243; global_colors_info=&#8221;{}&#8221;][\/et_pb_heading][et_pb_text _builder_version=&#8221;4.27.4&#8243; _module_preset=&#8221;default&#8221; text_text_color=&#8221;#02a0a5&#8243; text_font_size=&#8221;1.5rem&#8221; text_font_size_tablet=&#8221;1.5rem&#8221; text_font_size_last_edited=&#8221;off|desktop&#8221; global_colors_info=&#8221;{}&#8221;]<\/p>\n<p>El CIMNE difon activament la recerca d&#8217;avantguarda a trav\u00e9s de revistes d&#8217;alt impacte, confer\u00e8ncies de renom mundial i llibres especialitzats. El nostre comprom\u00eds amb l&#8217;intercanvi de coneixement segueix les millors pr\u00e0ctiques acad\u00e8miques, amb un fort enfocament en la ci\u00e8ncia oberta: m\u00e9s del 60% de les nostres publicacions del 2024 van apar\u00e8ixer en revistes d&#8217;acc\u00e9s obert, fent que la nostra recerca de frontera sigui accessible a tothom. <\/p>\n<p>[\/et_pb_text][\/et_pb_column][et_pb_column type=&#8221;1_2&#8243; _builder_version=&#8221;4.27.5&#8243; _module_preset=&#8221;5eabff34-1c64-412c-8991-166d2e61c664&#8243; custom_padding=&#8221;50px|3%|50px|3%|true|false&#8221; custom_padding_tablet=&#8221;25px|6%|25px|6%|true|false&#8221; custom_padding_phone=&#8221;25px||25px||true|false&#8221; global_colors_info=&#8221;{}&#8221;][et_pb_image src=&#8221;https:\/\/cimne.com\/wp-content\/uploads\/2025\/05\/publications-header.jpg&#8221; alt=&#8221;Publications header&#8221; title_text=&#8221;publications-header&#8221; align=&#8221;center&#8221; force_fullwidth=&#8221;on&#8221; show_bottom_space_tablet=&#8221;on&#8221; show_bottom_space_phone=&#8221;off&#8221; show_bottom_space_last_edited=&#8221;on|phone&#8221; _builder_version=&#8221;4.27.5&#8243; _module_preset=&#8221;3ab1f52a-bf54-4bb9-996f-282f38346889&#8243; module_alignment=&#8221;center&#8221; height_tablet=&#8221;320px&#8221; height_phone=&#8221;180px&#8221; height_last_edited=&#8221;on|phone&#8221; custom_margin=&#8221;||||false|true&#8221; custom_margin_tablet=&#8221;||||false|true&#8221; custom_margin_phone=&#8221;||||false|true&#8221; custom_margin_last_edited=&#8221;on|desktop&#8221; custom_padding=&#8221;||||false|true&#8221; hover_enabled=&#8221;0&#8243; global_colors_info=&#8221;{}&#8221; sticky_enabled=&#8221;0&#8243;][\/et_pb_image][\/et_pb_column][\/et_pb_row][\/et_pb_section][et_pb_section fb_built=&#8221;1&#8243; admin_label=&#8221;Publications&#8221; _builder_version=&#8221;4.27.4&#8243; _module_preset=&#8221;fed47f3e-3ebe-4259-a156-523c8e0b8966&#8243; collapsed=&#8221;off&#8221; global_colors_info=&#8221;{}&#8221;][et_pb_row column_structure=&#8221;1_4,3_4&#8243; disabled_on=&#8221;off|off|off&#8221; admin_label=&#8221;Tabs Nav&#8221; _builder_version=&#8221;4.27.4&#8243; _module_preset=&#8221;c7c24b71-68f1-4ba2-bc79-49dcbcce5ea1&#8243; global_colors_info=&#8221;{}&#8221;][et_pb_column type=&#8221;1_4&#8243; module_id=&#8221;project-items&#8221; _builder_version=&#8221;4.27.4&#8243; _module_preset=&#8221;56e57fde-4561-4cf6-a771-0a733a7201b1&#8243; custom_padding_tablet=&#8221;0px|6%||6%|false|true&#8221; custom_padding_phone=&#8221;0px|6%||6%|false|true&#8221; custom_padding_last_edited=&#8221;on|desktop&#8221; global_colors_info=&#8221;{}&#8221;][et_pb_heading title=&#8221;Cerca&#8221; _builder_version=&#8221;4.27.4&#8243; _module_preset=&#8221;default&#8221; title_level=&#8221;h2&#8243; title_text_color=&#8221;#02a0a5&#8243; title_font_size=&#8221;1.5rem&#8221; title_line_height=&#8221;1.9rem&#8221; global_colors_info=&#8221;{}&#8221;][\/et_pb_heading][et_pb_code disabled_on=&#8221;off|off|off&#8221; admin_label=&#8221;WS publicatios filter&#8221; _builder_version=&#8221;4.27.4&#8243; _module_preset=&#8221;default&#8221; global_colors_info=&#8221;{}&#8221;]<\/p>\n<form id=\"publications-form\"><\/form>\n<p>[\/et_pb_code][\/et_pb_column][et_pb_column type=&#8221;3_4&#8243; _builder_version=&#8221;4.27.4&#8243; _module_preset=&#8221;56e57fde-4561-4cf6-a771-0a733a7201b1&#8243; global_colors_info=&#8221;{}&#8221;][et_pb_code disabled_on=&#8221;off|off|off&#8221; admin_label=&#8221;WS publications list&#8221; _builder_version=&#8221;4.27.4&#8243; _module_preset=&#8221;default&#8221; global_colors_info=&#8221;{}&#8221;]<\/p>\n<div id=\"publications-container\"><\/div>\n<p>[\/et_pb_code][\/et_pb_column][\/et_pb_row][\/et_pb_section][et_pb_section fb_built=&#8221;1&#8243; admin_label=&#8221;WS attr&#8221; _builder_version=&#8221;4.27.4&#8243; _module_preset=&#8221;default&#8221; custom_margin=&#8221;0px|0px|0px|0px|true|true&#8221; custom_padding=&#8221;0px|0px|0px|0px|true|true&#8221; global_colors_info=&#8221;{}&#8221;][et_pb_row admin_label=&#8221;WS attr&#8221; _builder_version=&#8221;4.27.4&#8243; _module_preset=&#8221;f7e665dd-4f68-4058-b798-f03f6576f8b2&#8243; custom_margin=&#8221;0px|0px|0px|0px|true|true&#8221; custom_padding=&#8221;0px|0px|0px|0px|true|true&#8221; global_colors_info=&#8221;{}&#8221;][et_pb_column type=&#8221;4_4&#8243; _builder_version=&#8221;4.27.4&#8243; _module_preset=&#8221;default&#8221; global_colors_info=&#8221;{}&#8221;][et_pb_code admin_label=&#8221;WS attr&#8221; _builder_version=&#8221;4.27.4&#8243; _module_preset=&#8221;default&#8221; custom_margin=&#8221;0px|0px|0px|0px|true|true&#8221; custom_padding=&#8221;0px|0px|0px|0px|true|true&#8221; global_colors_info=&#8221;{}&#8221;]<\/p>\n<div id=\"api-call\" class=\"publications-page\"><\/div>\n<p>[\/et_pb_code][\/et_pb_column][\/et_pb_row][\/et_pb_section]<\/p>\n","protected":false},"excerpt":{"rendered":"<p>RecercaEl CIMNE difon activament la recerca d&#8217;avantguarda a trav\u00e9s de revistes d&#8217;alt impacte, confer\u00e8ncies de renom mundial i llibres especialitzats. El nostre comprom\u00eds amb l&#8217;intercanvi de coneixement segueix les millors pr\u00e0ctiques acad\u00e8miques, amb un fort enfocament en la ci\u00e8ncia oberta: m\u00e9s del 60% de les nostres publicacions del 2024 van apar\u00e8ixer en revistes d&#8217;acc\u00e9s obert, [&hellip;]<\/p>\n","protected":false},"author":2,"featured_media":234312,"parent":226589,"menu_order":0,"comment_status":"closed","ping_status":"closed","template":"","meta":{"_acf_changed":false,"_et_pb_use_builder":"on","_et_pb_old_content":"","_et_gb_content_width":"","slim_seo":{"title":"Publicacions - CIMNE","description":"El CIMNE difon activament la recerca d'avantguarda a trav\u00e9s de revistes d'alt impacte, confer\u00e8ncies de renom mundial i llibres especialitzats. El nostre comprom"},"footnotes":""},"class_list":["post-226579","page","type-page","status-publish","has-post-thumbnail","hentry"],"acf":[],"_links":{"self":[{"href":"https:\/\/cimne.com\/ca\/wp-json\/wp\/v2\/pages\/226579","targetHints":{"allow":["GET"]}}],"collection":[{"href":"https:\/\/cimne.com\/ca\/wp-json\/wp\/v2\/pages"}],"about":[{"href":"https:\/\/cimne.com\/ca\/wp-json\/wp\/v2\/types\/page"}],"author":[{"embeddable":true,"href":"https:\/\/cimne.com\/ca\/wp-json\/wp\/v2\/users\/2"}],"replies":[{"embeddable":true,"href":"https:\/\/cimne.com\/ca\/wp-json\/wp\/v2\/comments?post=226579"}],"version-history":[{"count":0,"href":"https:\/\/cimne.com\/ca\/wp-json\/wp\/v2\/pages\/226579\/revisions"}],"up":[{"embeddable":true,"href":"https:\/\/cimne.com\/ca\/wp-json\/wp\/v2\/pages\/226589"}],"wp:featuredmedia":[{"embeddable":true,"href":"https:\/\/cimne.com\/ca\/wp-json\/wp\/v2\/media\/234312"}],"wp:attachment":[{"href":"https:\/\/cimne.com\/ca\/wp-json\/wp\/v2\/media?parent=226579"}],"curies":[{"name":"wp","href":"https:\/\/api.w.org\/{rel}","templated":true}]}}