{"id":226541,"date":"2024-07-18T12:15:53","date_gmt":"2024-07-18T10:15:53","guid":{"rendered":"http:\/\/cimne.local\/cimne-labs\/"},"modified":"2026-02-18T12:01:21","modified_gmt":"2026-02-18T11:01:21","slug":"cimne-labs","status":"publish","type":"page","link":"https:\/\/cimne.com\/ca\/comunitat\/cimne-labs\/","title":{"rendered":"CIMNE Labs"},"content":{"rendered":"<p>[et_pb_section fb_built=&#8221;1&#8243; disabled_on=&#8221;off|off|off&#8221; admin_label=&#8221;Intro desktop&#8221; _builder_version=&#8221;4.27.5&#8243; _module_preset=&#8221;81964cef-6002-4a6d-8fe6-ec7662796c0d&#8221; border_width_bottom=&#8221;1px&#8221; border_color_bottom=&#8221;#d9d9d9&#8243; border_width_bottom_tablet=&#8221;0px&#8221; border_width_bottom_phone=&#8221;0px&#8221; border_width_bottom_last_edited=&#8221;on|desktop&#8221; locked=&#8221;off&#8221; collapsed=&#8221;off&#8221; global_colors_info=&#8221;{}&#8221;][et_pb_row column_structure=&#8221;1_2,1_2&#8243; custom_padding_last_edited=&#8221;on|phone&#8221; _builder_version=&#8221;4.27.5&#8243; _module_preset=&#8221;6748b9e8-3dd1-48e0-b7c4-ade164107a03&#8243; custom_margin=&#8221;0px|0px||0px|false|false&#8221; custom_padding_tablet=&#8221;||50px||false|false&#8221; custom_padding_phone=&#8221;||50px||false|false&#8221; hover_enabled=&#8221;0&#8243; global_colors_info=&#8221;{}&#8221; custom_css_main_element_last_edited=&#8221;on|phone&#8221; custom_css_main_element_tablet=&#8221;display: flex;||flex-direction: column-reverse;&#8221; custom_css_main_element_phone=&#8221;display: flex;||flex-direction: column-reverse;&#8221; sticky_enabled=&#8221;0&#8243;][et_pb_column type=&#8221;1_2&#8243; _builder_version=&#8221;4.27.5&#8243; _module_preset=&#8221;5eabff34-1c64-412c-8991-166d2e61c664&#8243; custom_padding=&#8221;50px|3%|50px|3%|true|false&#8221; custom_padding_tablet=&#8221;25px|6%|25px|6%|true|false&#8221; custom_padding_phone=&#8221;25px|6%|25px|6%|true|false&#8221; custom_padding_last_edited=&#8221;on|phone&#8221; global_colors_info=&#8221;{}&#8221;][et_pb_divider color=&#8221;#004996&#8243; divider_position=&#8221;center&#8221; _builder_version=&#8221;4.27.0&#8243; _module_preset=&#8221;default&#8221; width=&#8221;85px&#8221; module_alignment=&#8221;left&#8221; custom_margin=&#8221;||0px||false|false&#8221; locked=&#8221;off&#8221; global_colors_info=&#8221;{}&#8221;][\/et_pb_divider][et_pb_text admin_label=&#8221;Subtitle&#8221; _builder_version=&#8221;4.27.5&#8243; _module_preset=&#8221;27067be3-af33-4a0f-be2f-dfe4fd7c0a1b&#8221; global_colors_info=&#8221;{}&#8221;]<\/p>\nComunitat\n<p>[\/et_pb_text][et_pb_heading title=&#8221;@ET-DC@eyJkeW5hbWljIjp0cnVlLCJjb250ZW50IjoicG9zdF90aXRsZSIsInNldHRpbmdzIjp7ImJlZm9yZSI6IiIsImFmdGVyIjoiIn19@&#8221; admin_label=&#8221;H1&#8243; _builder_version=&#8221;4.27.5&#8243; _dynamic_attributes=&#8221;title&#8221; _module_preset=&#8221;e30dfaa6-3290-42bb-84f1-72f8bfaaa4c6&#8243; global_colors_info=&#8221;{}&#8221;][\/et_pb_heading][et_pb_text _builder_version=&#8221;4.27.4&#8243; _module_preset=&#8221;default&#8221; text_text_color=&#8221;#02a0a5&#8243; text_font_size=&#8221;1.5rem&#8221; text_font_size_tablet=&#8221;1.5rem&#8221; text_font_size_last_edited=&#8221;off|desktop&#8221; global_colors_info=&#8221;{}&#8221;]<\/p>\n<p>Les Aules CIMNE s\u00f3n una xarxa global d\u2019espais de recerca i formaci\u00f3 que impulsen la investigaci\u00f3, la formaci\u00f3 i la innovaci\u00f3 en M\u00e8todes Num\u00e8rics en Enginyeria. Afavoreixen la col\u00b7laboraci\u00f3, la transfer\u00e8ncia tecnol\u00f2gica i l\u2019impacte local, i actuen com a comunitat de pr\u00e0ctica del CIMNE.<\/p>\n<p>[\/et_pb_text][\/et_pb_column][et_pb_column type=&#8221;1_2&#8243; _builder_version=&#8221;4.27.5&#8243; _module_preset=&#8221;5eabff34-1c64-412c-8991-166d2e61c664&#8243; custom_padding=&#8221;50px|3%|50px|3%|true|false&#8221; custom_padding_tablet=&#8221;25px|6%|25px|6%|true|false&#8221; custom_padding_phone=&#8221;25px||25px||true|false&#8221; global_colors_info=&#8221;{}&#8221;][et_pb_image src=&#8221;https:\/\/cimne.com\/wp-content\/uploads\/2025\/06\/cimne-lab-ext.jpg&#8221; alt=&#8221;Cimne lab ext&#8221; title_text=&#8221;cimne-lab-ext&#8221; align=&#8221;center&#8221; force_fullwidth=&#8221;on&#8221; show_bottom_space_tablet=&#8221;on&#8221; show_bottom_space_phone=&#8221;off&#8221; show_bottom_space_last_edited=&#8221;on|phone&#8221; _builder_version=&#8221;4.27.5&#8243; _module_preset=&#8221;3ab1f52a-bf54-4bb9-996f-282f38346889&#8243; module_alignment=&#8221;center&#8221; height_tablet=&#8221;320px&#8221; height_phone=&#8221;180px&#8221; height_last_edited=&#8221;on|phone&#8221; custom_margin=&#8221;||||false|true&#8221; custom_margin_tablet=&#8221;||||false|true&#8221; custom_margin_phone=&#8221;||||false|true&#8221; custom_margin_last_edited=&#8221;on|desktop&#8221; custom_padding=&#8221;||||false|true&#8221; hover_enabled=&#8221;0&#8243; global_colors_info=&#8221;{}&#8221; sticky_enabled=&#8221;0&#8243;][\/et_pb_image][\/et_pb_column][\/et_pb_row][\/et_pb_section][et_pb_section fb_built=&#8221;1&#8243; admin_label=&#8221;Overview Tab&#8221; _builder_version=&#8221;4.27.4&#8243; _module_preset=&#8221;fed47f3e-3ebe-4259-a156-523c8e0b8966&#8243; locked=&#8221;off&#8221; collapsed=&#8221;off&#8221; global_colors_info=&#8221;{}&#8221;][et_pb_row column_structure=&#8221;1_3,1_3,1_3&#8243; _builder_version=&#8221;4.27.4&#8243; _module_preset=&#8221;c7c24b71-68f1-4ba2-bc79-49dcbcce5ea1&#8243; custom_margin=&#8221;|0px||0px|false|false&#8221; custom_padding=&#8221;50px|0px|50px|0px|false|false&#8221; border_color_top=&#8221;#d9d9d9&#8243; global_colors_info=&#8221;{}&#8221;][et_pb_column type=&#8221;1_3&#8243; _builder_version=&#8221;4.27.0&#8243; _module_preset=&#8221;56e57fde-4561-4cf6-a771-0a733a7201b1&#8243; global_colors_info=&#8221;{}&#8221;][\/et_pb_column][et_pb_column type=&#8221;1_3&#8243; _builder_version=&#8221;4.27.4&#8243; _module_preset=&#8221;ef683ec7-bbdd-4251-80e4-405fab8d3cab&#8221; global_colors_info=&#8221;{}&#8221;][et_pb_text _builder_version=&#8221;4.27.4&#8243; _module_preset=&#8221;default&#8221; global_colors_info=&#8221;{}&#8221;]<\/p>\n<p>La Xarxa d&#8217;Aules CIMNE \u00e9s una matriu internacional formada per espais f\u00edsics i laboratoris conjunts establerts mitjan\u00e7ant acords de col\u00b7laboraci\u00f3 entre el CIMNE i universitats de prestigi.<\/p>\n<p><\/p>\n<p>Cada Aula CIMNE actua com un centre din\u00e0mic de cooperaci\u00f3 en educaci\u00f3, recerca i desenvolupament tecnol\u00f2gic (R+D) en l\u2019\u00e0mbit dels m\u00e8todes num\u00e8rics en enginyeria. S\u00f3n gestionats localment per professors i experts de reconegut prestigi i impulsen la innovaci\u00f3 en \u00e0rees tan diverses com l\u2019enginyeria civil, la fabricaci\u00f3, la bioenginyeria, l\u2019energia i el medi ambient, el transport, la computaci\u00f3 d\u2019altes prestacions i les tecnologies de la informaci\u00f3, entre d\u2019altres.<\/p>\n<p><\/p>\n<p>Actualment, la xarxa est\u00e0 formada per 33 laboratoris en 10 pa\u00efsos \u2014incloent-hi Espanya, l\u2019Argentina, M\u00e8xic, el Brasil i d\u2019altres\u2014, tot creant una comunitat global i vibrant dedicada a l\u2019aven\u00e7 de l\u2019enginyeria computacional. La Xarxa CIMNE Labs \u00e9s un pilar de la transfer\u00e8ncia tecnol\u00f2gica, que uneix la recerca m\u00e9s avan\u00e7ada amb l\u2019aplicaci\u00f3 pr\u00e0ctica, alhora que ofereix formaci\u00f3 avan\u00e7ada i educaci\u00f3 cont\u00ednua a estudiants i professionals locals.<\/p>\n<p>[\/et_pb_text][\/et_pb_column][et_pb_column type=&#8221;1_3&#8243; _builder_version=&#8221;4.27.4&#8243; _module_preset=&#8221;e95bf652-31e8-4f55-bacc-fb42ee4964e2&#8243; global_colors_info=&#8221;{}&#8221;][et_pb_text _builder_version=&#8221;4.27.4&#8243; _module_preset=&#8221;default&#8221; global_colors_info=&#8221;{}&#8221;]<\/p>\n<p>Un tret distintiu de la Xarxa d&#8217;Aules CIMNE \u00e9s el seu comprom\u00eds amb la col\u00b7laboraci\u00f3 i l\u2019intercanvi de coneixement. Cada any, la xarxa organitza un simposi internacional que reuneix investigadors, professionals i docents per compartir aven\u00e7os, bones pr\u00e0ctiques i impulsar noves col\u00b7laboracions. Aquesta trobada anual refor\u00e7a el sentiment de comunitat i fomenta la innovaci\u00f3 m\u00e9s enll\u00e0 de les fronteres.<\/p>\n<p><\/p>\n<p>L\u2019expansi\u00f3 de la xarxa per Europa \u00e9s una prioritat estrat\u00e8gica per al CIMNE, amb l\u2019objectiu de replicar-hi el seu model d\u2019\u00e8xit de cooperaci\u00f3 amb institucions de recerca de primer nivell al continent.<\/p>\n<p>[\/et_pb_text][\/et_pb_column][\/et_pb_row][et_pb_row _builder_version=&#8221;4.27.0&#8243; _module_preset=&#8221;c7c24b71-68f1-4ba2-bc79-49dcbcce5ea1&#8243; custom_margin=&#8221;|0px||0px|false|false&#8221; custom_padding=&#8221;50px|0px|50px|0px|false|false&#8221; global_colors_info=&#8221;{}&#8221;][et_pb_column type=&#8221;4_4&#8243; _builder_version=&#8221;4.27.0&#8243; _module_preset=&#8221;56e57fde-4561-4cf6-a771-0a733a7201b1&#8243; global_colors_info=&#8221;{}&#8221;][et_pb_image src=&#8221;https:\/\/cimne.com\/wp-content\/uploads\/2025\/03\/Aulas.png&#8221; title_text=&#8221;Aules&#8221; _builder_version=&#8221;4.27.4&#8243; _module_preset=&#8221;default&#8221; width=&#8221;60%&#8221; width_tablet=&#8221;100%&#8221; width_phone=&#8221;100%&#8221; width_last_edited=&#8221;on|tablet&#8221; module_alignment=&#8221;center&#8221; global_colors_info=&#8221;{}&#8221;][\/et_pb_image][\/et_pb_column][\/et_pb_row][et_pb_row column_structure=&#8221;1_5,1_5,1_5,1_5,1_5&#8243; _builder_version=&#8221;4.27.0&#8243; _module_preset=&#8221;c7c24b71-68f1-4ba2-bc79-49dcbcce5ea1&#8243; custom_margin=&#8221;|0px||0px|false|false&#8221; custom_padding=&#8221;50px|0px|50px|0px|false|false&#8221; global_colors_info=&#8221;{}&#8221;][et_pb_column type=&#8221;1_5&#8243; _builder_version=&#8221;4.27.0&#8243; _module_preset=&#8221;56e57fde-4561-4cf6-a771-0a733a7201b1&#8243; global_colors_info=&#8221;{}&#8221;][et_pb_number_counter title=&#8221;Argentina&#8221; number=&#8221;5&#8243; percent_sign=&#8221;off&#8221; admin_label=&#8221;Argentina&#8221; module_class=&#8221;contador-item&#8221; _builder_version=&#8221;4.27.4&#8243; _module_preset=&#8221;default&#8221; title_level=&#8221;h5&#8243; title_text_align=&#8221;center&#8221; title_text_color=&#8221;#004996&#8243; title_font_size=&#8221;1.5rem&#8221; title_line_height=&#8221;1.7rem&#8221; number_font=&#8221;|300|||||||&#8221; number_text_align=&#8221;center&#8221; number_text_color=&#8221;#004996&#8243; number_font_size=&#8221;4rem&#8221; number_line_height=&#8221;63px&#8221; module_alignment=&#8221;center&#8221; custom_padding=&#8221;||25px||false|false&#8221; link_option_url=&#8221;https:\/\/aulas.cimne.com\/project_category\/argentina\/&#8221; link_option_url_new_window=&#8221;on&#8221; custom_css_free_form=&#8221;div.percent {||  margin-bottom: 0px !important;||}&#8221; global_colors_info=&#8221;{}&#8221;][\/et_pb_number_counter][et_pb_number_counter title=&#8221;Xile&#8221; number=&#8221;3&#8243; percent_sign=&#8221;off&#8221; admin_label=&#8221;Chile&#8221; module_class=&#8221;contador-item&#8221; _builder_version=&#8221;4.27.4&#8243; _module_preset=&#8221;default&#8221; title_level=&#8221;h5&#8243; title_text_align=&#8221;center&#8221; title_text_color=&#8221;#004996&#8243; title_font_size=&#8221;1.5rem&#8221; title_line_height=&#8221;1.7rem&#8221; number_font=&#8221;|300|||||||&#8221; number_text_align=&#8221;center&#8221; number_text_color=&#8221;#004996&#8243; number_font_size=&#8221;4rem&#8221; number_line_height=&#8221;63px&#8221; module_alignment=&#8221;center&#8221; custom_padding=&#8221;||25px||false|false&#8221; link_option_url=&#8221;https:\/\/aulas.cimne.com\/project_category\/chile\/&#8221; custom_css_free_form=&#8221;div.percent {||  margin-bottom: 0px !important;||}&#8221; global_colors_info=&#8221;{}&#8221;][\/et_pb_number_counter][\/et_pb_column][et_pb_column type=&#8221;1_5&#8243; _builder_version=&#8221;4.27.0&#8243; _module_preset=&#8221;56e57fde-4561-4cf6-a771-0a733a7201b1&#8243; global_colors_info=&#8221;{}&#8221;][et_pb_number_counter title=&#8221;Espanya&#8221; number=&#8221;5&#8243; percent_sign=&#8221;off&#8221; admin_label=&#8221;Spain&#8221; module_class=&#8221;contador-item&#8221; _builder_version=&#8221;4.27.4&#8243; _module_preset=&#8221;default&#8221; title_level=&#8221;h5&#8243; title_text_align=&#8221;center&#8221; title_text_color=&#8221;#004996&#8243; title_font_size=&#8221;1.5rem&#8221; title_line_height=&#8221;1.7rem&#8221; number_font=&#8221;|300|||||||&#8221; number_text_align=&#8221;center&#8221; number_text_color=&#8221;#004996&#8243; number_font_size=&#8221;4rem&#8221; number_line_height=&#8221;63px&#8221; module_alignment=&#8221;center&#8221; custom_padding=&#8221;||25px||false|false&#8221; link_option_url=&#8221;https:\/\/aulas.cimne.com\/project_category\/espana\/&#8221; link_option_url_new_window=&#8221;on&#8221; custom_css_free_form=&#8221;div.percent {||  margin-bottom: 0px !important;||}&#8221; global_colors_info=&#8221;{}&#8221;][\/et_pb_number_counter][et_pb_number_counter title=&#8221;Per\u00fa&#8221; number=&#8221;1&#8243; percent_sign=&#8221;off&#8221; admin_label=&#8221;Per\u00fa&#8221; module_class=&#8221;contador-item&#8221; _builder_version=&#8221;4.27.4&#8243; _module_preset=&#8221;default&#8221; title_level=&#8221;h5&#8243; title_text_align=&#8221;center&#8221; title_text_color=&#8221;#004996&#8243; title_font_size=&#8221;1.5rem&#8221; title_line_height=&#8221;1.7rem&#8221; number_font=&#8221;|300|||||||&#8221; number_text_align=&#8221;center&#8221; number_text_color=&#8221;#004996&#8243; number_font_size=&#8221;4rem&#8221; number_line_height=&#8221;63px&#8221; module_alignment=&#8221;center&#8221; custom_padding=&#8221;||25px||false|false&#8221; link_option_url=&#8221;https:\/\/aulas.cimne.com\/project_category\/peru\/&#8221; link_option_url_new_window=&#8221;on&#8221; custom_css_free_form=&#8221;div.percent {||  margin-bottom: 0px !important;||}&#8221; global_colors_info=&#8221;{}&#8221;][\/et_pb_number_counter][\/et_pb_column][et_pb_column type=&#8221;1_5&#8243; _builder_version=&#8221;4.27.0&#8243; _module_preset=&#8221;56e57fde-4561-4cf6-a771-0a733a7201b1&#8243; global_colors_info=&#8221;{}&#8221;][et_pb_number_counter title=&#8221;M\u00e8xic&#8221; number=&#8221;6&#8243; percent_sign=&#8221;off&#8221; admin_label=&#8221;M\u00e9xico&#8221; module_class=&#8221;contador-item&#8221; _builder_version=&#8221;4.27.4&#8243; _module_preset=&#8221;default&#8221; title_level=&#8221;h5&#8243; title_text_align=&#8221;center&#8221; title_text_color=&#8221;#004996&#8243; title_font_size=&#8221;1.5rem&#8221; title_line_height=&#8221;1.7rem&#8221; number_font=&#8221;|300|||||||&#8221; number_text_align=&#8221;center&#8221; number_text_color=&#8221;#004996&#8243; number_font_size=&#8221;4rem&#8221; number_line_height=&#8221;63px&#8221; module_alignment=&#8221;center&#8221; custom_padding=&#8221;||25px||false|false&#8221; link_option_url=&#8221;https:\/\/aulas.cimne.com\/project_category\/mexico\/&#8221; link_option_url_new_window=&#8221;on&#8221; custom_css_free_form=&#8221;div.percent {||  margin-bottom: 0px !important;||}&#8221; global_colors_info=&#8221;{}&#8221;][\/et_pb_number_counter][et_pb_number_counter title=&#8221;Cuba&#8221; number=&#8221;2&#8243; percent_sign=&#8221;off&#8221; admin_label=&#8221;Cuba&#8221; module_class=&#8221;contador-item&#8221; _builder_version=&#8221;4.27.4&#8243; _module_preset=&#8221;default&#8221; title_level=&#8221;h5&#8243; title_text_align=&#8221;center&#8221; title_text_color=&#8221;#004996&#8243; title_font_size=&#8221;1.5rem&#8221; title_line_height=&#8221;1.7rem&#8221; number_font=&#8221;|300|||||||&#8221; number_text_align=&#8221;center&#8221; number_text_color=&#8221;#004996&#8243; number_font_size=&#8221;4rem&#8221; number_line_height=&#8221;63px&#8221; module_alignment=&#8221;center&#8221; custom_padding=&#8221;||25px||false|false&#8221; link_option_url=&#8221;https:\/\/aulas.cimne.com\/project_category\/cuba\/&#8221; custom_css_free_form=&#8221;div.percent {||  margin-bottom: 0px !important;||}&#8221; global_colors_info=&#8221;{}&#8221;][\/et_pb_number_counter][\/et_pb_column][et_pb_column type=&#8221;1_5&#8243; _builder_version=&#8221;4.27.0&#8243; _module_preset=&#8221;56e57fde-4561-4cf6-a771-0a733a7201b1&#8243; global_colors_info=&#8221;{}&#8221;][et_pb_number_counter title=&#8221;Colombia&#8221; number=&#8221;5&#8243; percent_sign=&#8221;off&#8221; admin_label=&#8221;Colombia&#8221; module_class=&#8221;contador-item&#8221; _builder_version=&#8221;4.27.4&#8243; _module_preset=&#8221;default&#8221; title_level=&#8221;h5&#8243; title_text_align=&#8221;center&#8221; title_text_color=&#8221;#004996&#8243; title_font_size=&#8221;1.5rem&#8221; title_line_height=&#8221;1.7rem&#8221; number_font=&#8221;|300|||||||&#8221; number_text_align=&#8221;center&#8221; number_text_color=&#8221;#004996&#8243; number_font_size=&#8221;4rem&#8221; number_line_height=&#8221;63px&#8221; module_alignment=&#8221;center&#8221; custom_padding=&#8221;||25px||false|false&#8221; link_option_url=&#8221;https:\/\/aulas.cimne.com\/project_category\/colombia\/&#8221; link_option_url_new_window=&#8221;on&#8221; custom_css_free_form=&#8221;div.percent {||  margin-bottom: 0px !important;||}&#8221; global_colors_info=&#8221;{}&#8221;][\/et_pb_number_counter][et_pb_number_counter title=&#8221;El Salvador&#8221; number=&#8221;1&#8243; percent_sign=&#8221;off&#8221; admin_label=&#8221;El Salvador&#8221; module_class=&#8221;contador-item&#8221; _builder_version=&#8221;4.27.4&#8243; _module_preset=&#8221;default&#8221; title_level=&#8221;h5&#8243; title_text_align=&#8221;center&#8221; title_text_color=&#8221;#004996&#8243; title_font_size=&#8221;1.5rem&#8221; title_line_height=&#8221;1.7rem&#8221; number_font=&#8221;|300|||||||&#8221; number_text_align=&#8221;center&#8221; number_text_color=&#8221;#004996&#8243; number_font_size=&#8221;4rem&#8221; number_line_height=&#8221;63px&#8221; module_alignment=&#8221;center&#8221; custom_padding=&#8221;||25px||false|false&#8221; link_option_url=&#8221;https:\/\/aulas.cimne.com\/project_category\/el-salvador\/&#8221; link_option_url_new_window=&#8221;on&#8221; custom_css_free_form=&#8221;div.percent {||  margin-bottom: 0px !important;||}&#8221; global_colors_info=&#8221;{}&#8221;][\/et_pb_number_counter][\/et_pb_column][et_pb_column type=&#8221;1_5&#8243; _builder_version=&#8221;4.27.0&#8243; _module_preset=&#8221;56e57fde-4561-4cf6-a771-0a733a7201b1&#8243; global_colors_info=&#8221;{}&#8221;][et_pb_number_counter title=&#8221;Brasil&#8221; number=&#8221;4&#8243; percent_sign=&#8221;off&#8221; admin_label=&#8221;Brasil&#8221; module_class=&#8221;contador-item&#8221; _builder_version=&#8221;4.27.4&#8243; _module_preset=&#8221;default&#8221; title_level=&#8221;h5&#8243; title_text_align=&#8221;center&#8221; title_text_color=&#8221;#004996&#8243; title_font_size=&#8221;1.5rem&#8221; title_line_height=&#8221;1.7rem&#8221; number_font=&#8221;|300|||||||&#8221; number_text_align=&#8221;center&#8221; number_text_color=&#8221;#004996&#8243; number_font_size=&#8221;4rem&#8221; number_line_height=&#8221;63px&#8221; module_alignment=&#8221;center&#8221; custom_padding=&#8221;||25px||false|false&#8221; link_option_url=&#8221;https:\/\/aulas.cimne.com\/project_category\/brasil\/&#8221; link_option_url_new_window=&#8221;on&#8221; custom_css_free_form=&#8221;div.percent {||  margin-bottom: 0px !important;||}&#8221; global_colors_info=&#8221;{}&#8221;][\/et_pb_number_counter][et_pb_number_counter title=&#8221;Guatemala&#8221; number=&#8221;1&#8243; percent_sign=&#8221;off&#8221; admin_label=&#8221;Guatemala&#8221; module_class=&#8221;contador-item&#8221; _builder_version=&#8221;4.27.4&#8243; _module_preset=&#8221;default&#8221; title_level=&#8221;h5&#8243; title_text_align=&#8221;center&#8221; title_text_color=&#8221;#004996&#8243; title_font_size=&#8221;1.5rem&#8221; title_line_height=&#8221;1.7rem&#8221; number_font=&#8221;|300|||||||&#8221; number_text_align=&#8221;center&#8221; number_text_color=&#8221;#004996&#8243; number_font_size=&#8221;4rem&#8221; number_line_height=&#8221;63px&#8221; module_alignment=&#8221;center&#8221; custom_padding=&#8221;||25px||false|false&#8221; link_option_url=&#8221;https:\/\/aulas.cimne.com\/project_category\/guatemala\/&#8221; link_option_url_new_window=&#8221;on&#8221; custom_css_free_form=&#8221;div.percent {||  margin-bottom: 0px !important;||}&#8221; global_colors_info=&#8221;{}&#8221;][\/et_pb_number_counter][\/et_pb_column][\/et_pb_row][\/et_pb_section][et_pb_section fb_built=&#8221;1&#8243; admin_label=&#8221;Overview Tab View More&#8221; module_class=&#8221;show-nav-tab  iu-nav-tab-1&#8243; _builder_version=&#8221;4.27.4&#8243; _module_preset=&#8221;fed47f3e-3ebe-4259-a156-523c8e0b8966&#8243; background_color=&#8221;#02a0a5&#8243; locked=&#8221;off&#8221; collapsed=&#8221;off&#8221; global_colors_info=&#8221;{}&#8221;][et_pb_row column_structure=&#8221;3_5,2_5&#8243; disabled_on=&#8221;off|off|off&#8221; _builder_version=&#8221;4.27.4&#8243; _module_preset=&#8221;c7c24b71-68f1-4ba2-bc79-49dcbcce5ea1&#8243; height=&#8221;140px&#8221; custom_css_main_element=&#8221;display: flex;||align-items: center;&#8221; global_colors_info=&#8221;{}&#8221;][et_pb_column type=&#8221;3_5&#8243; _builder_version=&#8221;4.27.4&#8243; _module_preset=&#8221;56e57fde-4561-4cf6-a771-0a733a7201b1&#8243; custom_padding=&#8221;0px|3%||3%|false|false&#8221; custom_padding_tablet=&#8221;0px|3%||3%|false|false&#8221; custom_padding_phone=&#8221;0px|3%||3%|false|false&#8221; custom_padding_last_edited=&#8221;on|desktop&#8221; global_colors_info=&#8221;{}&#8221;][et_pb_text admin_label=&#8221;View More&#8221; _builder_version=&#8221;4.27.4&#8243; _module_preset=&#8221;default&#8221; text_font=&#8221;|300|||||||&#8221; text_text_color=&#8221;#FFFFFF&#8221; text_font_size=&#8221;1.1rem&#8221; text_line_height=&#8221;1.5rem&#8221; header_text_color=&#8221;#FFFFFF&#8221; positioning=&#8221;relative&#8221; position_origin_a=&#8221;bottom_left&#8221; position_origin_r=&#8221;bottom_left&#8221; width=&#8221;100%&#8221; custom_padding=&#8221;||||false|false&#8221; link_option_url=&#8221;#&#8221; text_text_color_tablet=&#8221;#000000&#8243; text_text_color_last_edited=&#8221;off|phone&#8221; header_text_color_last_edited=&#8221;off|phone&#8221; text_orientation_tablet=&#8221;left&#8221; text_orientation_phone=&#8221;left&#8221; text_orientation_last_edited=&#8221;off|desktop&#8221; module_alignment_tablet=&#8221;right&#8221; module_alignment_phone=&#8221;right&#8221; module_alignment_last_edited=&#8221;on|phone&#8221; global_colors_info=&#8221;{}&#8221;]<\/p>\n<p>Descobreix m\u00e9s al web d&#8217;Aules CIMNE<\/p>\n<p>[\/et_pb_text][\/et_pb_column][et_pb_column type=&#8221;2_5&#8243; _builder_version=&#8221;4.27.4&#8243; _module_preset=&#8221;56e57fde-4561-4cf6-a771-0a733a7201b1&#8243; custom_padding=&#8221;0px|3%||3%|false|false&#8221; custom_padding_tablet=&#8221;0px|3%||3%|false|false&#8221; custom_padding_phone=&#8221;0px|3%||3%|false|false&#8221; custom_padding_last_edited=&#8221;on|desktop&#8221; global_colors_info=&#8221;{}&#8221;][et_pb_text content_tablet=&#8221;<\/p>\n<div class=%22flecha-container-position-left%22>    <span class=%22cuerpo-flecha-white%22> <\/span>    <span class=%22punta-flecha-white%22> <\/span>      <span class=%22text-flecha-white%22> Aulas Cimne<\/span><\/div>\n<p>&#8221; content_phone=&#8221;<\/p>\n<div class=%22flecha-container-position-left%22>    <span class=%22cuerpo-flecha-white%22> <\/span>    <span class=%22punta-flecha-white%22> <\/span>      <span class=%22text-flecha-white%22> Aulas Cimne<\/span><\/div>\n<p>&#8221; content_last_edited=&#8221;on|phone&#8221; admin_label=&#8221;View More&#8221; module_class=&#8221;clickable-cta&#8221; _builder_version=&#8221;4.27.4&#8243; _module_preset=&#8221;default&#8221; text_font=&#8221;|600||on|||||&#8221; text_text_color=&#8221;#ffffff&#8221; text_font_size=&#8221;1.1rem&#8221; text_line_height=&#8221;1.5rem&#8221; transform_translate_linked__hover=&#8221;off&#8221; text_orientation=&#8221;right&#8221; width=&#8221;50%&#8221; width_tablet=&#8221;100%&#8221; width_phone=&#8221;100%&#8221; width_last_edited=&#8221;on|phone&#8221; module_alignment=&#8221;left&#8221; link_option_url=&#8221;https:\/\/aulas.cimne.com\/&#8221; link_option_url_new_window=&#8221;on&#8221; text_text_color_tablet=&#8221;#000000&#8243; text_text_color_phone=&#8221;#000000&#8243; text_text_color_last_edited=&#8221;on|tablet&#8221; text_orientation_tablet=&#8221;left&#8221; text_orientation_phone=&#8221;left&#8221; text_orientation_last_edited=&#8221;on|tablet&#8221; module_alignment_tablet=&#8221;right&#8221; module_alignment_phone=&#8221;right&#8221; module_alignment_last_edited=&#8221;on|phone&#8221; global_colors_info=&#8221;{}&#8221; transform_styles__hover_enabled=&#8221;off|desktop&#8221; transform_scale__hover_enabled=&#8221;off|desktop&#8221; transform_translate__hover_enabled=&#8221;off|desktop&#8221; transform_rotate__hover_enabled=&#8221;off|desktop&#8221; transform_skew__hover_enabled=&#8221;off|desktop&#8221; transform_origin__hover_enabled=&#8221;off|desktop&#8221; transform_translate__hover=&#8221;15px|0px&#8221; transform_scale__hover=&#8221;114%|100%&#8221;]<\/p>\n<div class=\"flecha-container-position-left\">\n    <span class=\"cuerpo-flecha-white\"> <\/span><br \/>\n    <span class=\"punta-flecha-white\"> <\/span><br \/>\n      <span class=\"text-flecha-white\"> DESCOBRIU M\u00c9S<br \/>\n<\/span><\/div>\n<p>[\/et_pb_text][\/et_pb_column][\/et_pb_row][\/et_pb_section]<\/p>\n","protected":false},"excerpt":{"rendered":"<p>ComunitatLes Aules CIMNE s\u00f3n una xarxa global d\u2019espais de recerca i formaci\u00f3 que impulsen la investigaci\u00f3, la formaci\u00f3 i la innovaci\u00f3 en M\u00e8todes Num\u00e8rics en Enginyeria. Afavoreixen la col\u00b7laboraci\u00f3, la transfer\u00e8ncia tecnol\u00f2gica i l\u2019impacte local, i actuen com a comunitat de pr\u00e0ctica del CIMNE.La Xarxa d&#8217;Aules CIMNE \u00e9s una matriu internacional formada per espais f\u00edsics [&hellip;]<\/p>\n","protected":false},"author":2,"featured_media":236464,"parent":226543,"menu_order":0,"comment_status":"closed","ping_status":"closed","template":"","meta":{"_acf_changed":false,"_et_pb_use_builder":"on","_et_pb_old_content":"","_et_gb_content_width":"","slim_seo":{"title":"CIMNE Labs - CIMNE","description":"Les Aules CIMNE s\u00f3n una xarxa global d\u2019espais de recerca i formaci\u00f3 que impulsen la investigaci\u00f3, la formaci\u00f3 i la innovaci\u00f3 en M\u00e8todes Num\u00e8rics en Enginyeria."},"footnotes":""},"class_list":["post-226541","page","type-page","status-publish","has-post-thumbnail","hentry"],"acf":[],"_links":{"self":[{"href":"https:\/\/cimne.com\/ca\/wp-json\/wp\/v2\/pages\/226541","targetHints":{"allow":["GET"]}}],"collection":[{"href":"https:\/\/cimne.com\/ca\/wp-json\/wp\/v2\/pages"}],"about":[{"href":"https:\/\/cimne.com\/ca\/wp-json\/wp\/v2\/types\/page"}],"author":[{"embeddable":true,"href":"https:\/\/cimne.com\/ca\/wp-json\/wp\/v2\/users\/2"}],"replies":[{"embeddable":true,"href":"https:\/\/cimne.com\/ca\/wp-json\/wp\/v2\/comments?post=226541"}],"version-history":[{"count":0,"href":"https:\/\/cimne.com\/ca\/wp-json\/wp\/v2\/pages\/226541\/revisions"}],"up":[{"embeddable":true,"href":"https:\/\/cimne.com\/ca\/wp-json\/wp\/v2\/pages\/226543"}],"wp:featuredmedia":[{"embeddable":true,"href":"https:\/\/cimne.com\/ca\/wp-json\/wp\/v2\/media\/236464"}],"wp:attachment":[{"href":"https:\/\/cimne.com\/ca\/wp-json\/wp\/v2\/media?parent=226541"}],"curies":[{"name":"wp","href":"https:\/\/api.w.org\/{rel}","templated":true}]}}