{"id":226493,"date":"2024-07-18T12:56:08","date_gmt":"2024-07-18T10:56:08","guid":{"rendered":"http:\/\/cimne.local\/alert-system\/"},"modified":"2026-03-19T10:01:17","modified_gmt":"2026-03-19T09:01:17","slug":"canal-etic","status":"publish","type":"page","link":"https:\/\/cimne.com\/ca\/canal-etic\/","title":{"rendered":"Canal \u00e8tic"},"content":{"rendered":"<p>[et_pb_section fb_built=&#8221;1&#8243; disabled_on=&#8221;off|off|off&#8221; admin_label=&#8221;Intro&#8221; _builder_version=&#8221;4.27.5&#8243; _module_preset=&#8221;81964cef-6002-4a6d-8fe6-ec7662796c0d&#8221; border_width_bottom=&#8221;1px&#8221; border_color_bottom=&#8221;#d9d9d9&#8243; collapsed=&#8221;off&#8221; global_colors_info=&#8221;{}&#8221;][et_pb_row column_structure=&#8221;1_2,1_2&#8243; _builder_version=&#8221;4.27.5&#8243; _module_preset=&#8221;c7c24b71-68f1-4ba2-bc79-49dcbcce5ea1&#8243; custom_css_main_element=&#8221;align-items: flex-end;&#8221; global_colors_info=&#8221;{}&#8221; custom_css_main_element_last_edited=&#8221;on|phone&#8221; custom_css_main_element_tablet=&#8221;display: flex;||flex-direction: column-reverse;&#8221; custom_css_main_element_phone=&#8221;display: flex;||flex-direction: column-reverse;&#8221;][et_pb_column type=&#8221;1_2&#8243; _builder_version=&#8221;4.27.4&#8243; _module_preset=&#8221;56e57fde-4561-4cf6-a771-0a733a7201b1&#8243; custom_padding=&#8221;50px||50px|3%|true|false&#8221; custom_padding_tablet=&#8221;0%||||false|false&#8221; custom_padding_phone=&#8221;0%||||false|false&#8221; custom_padding_last_edited=&#8221;on|desktop&#8221; global_colors_info=&#8221;{}&#8221;][et_pb_heading title=&#8221;@ET-DC@eyJkeW5hbWljIjp0cnVlLCJjb250ZW50IjoicG9zdF90aXRsZSIsInNldHRpbmdzIjp7ImJlZm9yZSI6IiIsImFmdGVyIjoiIn19@&#8221; admin_label=&#8221;H1&#8243; _builder_version=&#8221;4.27.5&#8243; _dynamic_attributes=&#8221;title&#8221; _module_preset=&#8221;20f4cb02-b989-482e-b994-8f37b33e99a9&#8243; title_font_size=&#8221;64px&#8221; title_line_height=&#8221;68px&#8221; title_font_size_tablet=&#8221;48px&#8221; title_line_height_tablet=&#8221;52px&#8221; title_line_height_phone=&#8221;&#8221; title_line_height_last_edited=&#8221;on|phone&#8221; global_colors_info=&#8221;{}&#8221;][\/et_pb_heading][et_pb_text _builder_version=&#8221;4.27.4&#8243; _module_preset=&#8221;default&#8221; text_text_color=&#8221;#02a0a5&#8243; text_font_size=&#8221;1.5rem&#8221; text_font_size_tablet=&#8221;1.5rem&#8221; text_font_size_last_edited=&#8221;off|desktop&#8221; global_colors_info=&#8221;{}&#8221;]<\/p>\n<p>A CIMNE promovem un entorn de respecte per a tothom. El Canal \u00c8tic ofereix una via segura per compartir suggeriments i queixes, o per informar sobre possibles conductes inapropiades.<\/p>\n<p>[\/et_pb_text][\/et_pb_column][et_pb_column type=&#8221;1_2&#8243; _builder_version=&#8221;4.27.4&#8243; _module_preset=&#8221;56e57fde-4561-4cf6-a771-0a733a7201b1&#8243; custom_padding=&#8221;50px|3%|50px|3%|true|false&#8221; custom_padding_tablet=&#8221;50px|3%|50px|3%|true|false&#8221; custom_padding_phone=&#8221;50px||50px||true|true&#8221; custom_padding_last_edited=&#8221;on|desktop&#8221; global_colors_info=&#8221;{}&#8221;][et_pb_image src=&#8221;https:\/\/cimne.com\/wp-content\/uploads\/2025\/04\/heading-img.png&#8221; alt=&#8221;Heading img&#8221; title_text=&#8221;heading img&#8221; force_fullwidth=&#8221;on&#8221; _builder_version=&#8221;4.27.5&#8243; _module_preset=&#8221;5965c941-0259-4435-91bc-edd9e58b8ddc&#8221; height_tablet=&#8221;320px&#8221; height_phone=&#8221;180px&#8221; height_last_edited=&#8221;on|tablet&#8221; global_colors_info=&#8221;{}&#8221;][\/et_pb_image][\/et_pb_column][\/et_pb_row][\/et_pb_section][et_pb_section fb_built=&#8221;1&#8243; admin_label=&#8221;Content&#8221; _builder_version=&#8221;4.27.4&#8243; _module_preset=&#8221;fed47f3e-3ebe-4259-a156-523c8e0b8966&#8243; locked=&#8221;off&#8221; collapsed=&#8221;off&#8221; global_colors_info=&#8221;{}&#8221;][et_pb_row column_structure=&#8221;1_3,2_3&#8243; _builder_version=&#8221;4.27.4&#8243; _module_preset=&#8221;c7c24b71-68f1-4ba2-bc79-49dcbcce5ea1&#8243; custom_margin=&#8221;|0px||0px|false|false&#8221; locked=&#8221;off&#8221; global_colors_info=&#8221;{}&#8221;][et_pb_column type=&#8221;1_3&#8243; _builder_version=&#8221;4.27.0&#8243; _module_preset=&#8221;56e57fde-4561-4cf6-a771-0a733a7201b1&#8243; global_colors_info=&#8221;{}&#8221;][et_pb_heading title=&#8221;Qu\u00e8 \u00e9s?&#8221; admin_label=&#8221;H2&#8243; _builder_version=&#8221;4.27.4&#8243; _module_preset=&#8221;38029197-464d-4776-9da1-ca4a77503845&#8243; title_text_color=&#8221;#004996&#8243; global_colors_info=&#8221;{}&#8221;][\/et_pb_heading][\/et_pb_column][et_pb_column type=&#8221;2_3&#8243; _builder_version=&#8221;4.27.0&#8243; _module_preset=&#8221;56e57fde-4561-4cf6-a771-0a733a7201b1&#8243; global_colors_info=&#8221;{}&#8221;][et_pb_text _builder_version=&#8221;4.27.4&#8243; _module_preset=&#8221;default&#8221; text_font=&#8221;&#8211;et_global_body_font||||||||&#8221; text_text_color=&#8221;#444444&#8243; text_font_size=&#8221;1.1rem&#8221; text_line_height=&#8221;1.5rem&#8221; custom_margin=&#8221;||20px||false|false&#8221; global_colors_info=&#8221;{}&#8221;]<\/p>\n<p>El Canal \u00c8tic del CIMNE \u00e9s un sistema de comunicaci\u00f3 segur que permet a qualsevol persona compartir suggeriments, queixes o possibles vulneracions \u00e8tiques o irregularitats vinculades a les activitats del centre. Els informes es poden presentar de manera an\u00f2nima o identificada, i sempre es tracten amb total confidencialitat.<\/p>\n<p><\/p>\n<p>Caracter\u00edstiques principals:<\/p>\n<p><\/p>\n<ul>\n<li style=\"list-style-type: none;\">\n<ul>\n<li>Disponible per a tothom, incl\u00f2s el personal, els col\u00b7laboradors i el p\u00fablic en general<\/li>\n<li>Permet l\u2019enviament de comunicacions an\u00f2nimes<\/li>\n<li>Ofereix seguiment de l\u2019estat de l\u2019informe<\/li>\n<li>Admet la inclusi\u00f3 de documents adjunts<\/li>\n<li>Facilita la comunicaci\u00f3 cont\u00ednua amb el Comit\u00e8 d\u2019\u00c8tica<\/li>\n<li>Garanteix la protecci\u00f3 total de les dades i la confidencialitat<\/li>\n<li>Est\u00e0 alineat amb la normativa catalana, europea i espanyola sobre protecci\u00f3 d\u2019informants i de dades<\/li>\n<\/ul>\n<p><\/li>\n<p><\/ul>\n<p><\/p>\n<p>La plataforma est\u00e0 gestionada per un prove\u00efdor extern de confian\u00e7a (Co-Resol), fet que garanteix la independ\u00e8ncia i la seguretat de les dades.<\/p>\n<p>[\/et_pb_text][\/et_pb_column][\/et_pb_row][et_pb_row admin_label=&#8221;1px Line Row&#8221; _builder_version=&#8221;4.27.4&#8243; _module_preset=&#8221;default&#8221; width=&#8221;100%&#8221; max_width=&#8221;2500px&#8221; custom_margin=&#8221;0px||0px||true|false&#8221; custom_padding=&#8221;0px||0px||true|false&#8221; collapsed=&#8221;on&#8221; global_colors_info=&#8221;{}&#8221;][et_pb_column type=&#8221;4_4&#8243; _builder_version=&#8221;4.27.4&#8243; _module_preset=&#8221;default&#8221; global_colors_info=&#8221;{}&#8221;][et_pb_divider show_divider=&#8221;off&#8221; _builder_version=&#8221;4.27.4&#8243; _module_preset=&#8221;default&#8221; width=&#8221;100%&#8221; height=&#8221;0px&#8221; custom_margin=&#8221;0px||0px||true|false&#8221; custom_padding=&#8221;0px||0px||true|false&#8221; border_width_bottom=&#8221;1px&#8221; border_color_bottom=&#8221;#d9d9d9&#8243; global_colors_info=&#8221;{}&#8221;][\/et_pb_divider][\/et_pb_column][\/et_pb_row][et_pb_row column_structure=&#8221;1_3,1_3,1_3&#8243; _builder_version=&#8221;4.27.4&#8243; _module_preset=&#8221;c7c24b71-68f1-4ba2-bc79-49dcbcce5ea1&#8243; custom_margin=&#8221;|0px||0px|false|false&#8221; custom_padding=&#8221;0px|0px|32px|0px|false|false&#8221; locked=&#8221;off&#8221; global_colors_info=&#8221;{}&#8221;][et_pb_column type=&#8221;1_3&#8243; _builder_version=&#8221;4.27.0&#8243; _module_preset=&#8221;56e57fde-4561-4cf6-a771-0a733a7201b1&#8243; global_colors_info=&#8221;{}&#8221;][et_pb_heading title=&#8221;Com s&#039;utilitza?&#8221; admin_label=&#8221;H2&#8243; _builder_version=&#8221;4.27.4&#8243; _module_preset=&#8221;38029197-464d-4776-9da1-ca4a77503845&#8243; title_text_color=&#8221;#004996&#8243; title_line_height=&#8221;2.25rem&#8221; global_colors_info=&#8221;{}&#8221;][\/et_pb_heading][\/et_pb_column][et_pb_column type=&#8221;1_3&#8243; _builder_version=&#8221;4.27.0&#8243; _module_preset=&#8221;56e57fde-4561-4cf6-a771-0a733a7201b1&#8243; global_colors_info=&#8221;{}&#8221;][et_pb_heading title=&#8221;Mitjan\u00e7ant l&#039;app co-resol&#8221; admin_label=&#8221;H3&#8243; _builder_version=&#8221;4.27.4&#8243; _module_preset=&#8221;default&#8221; title_level=&#8221;h3&#8243; title_font=&#8221;|700|||||||&#8221; title_text_align=&#8221;center&#8221; title_text_color=&#8221;#004996&#8243; title_font_size=&#8221;40px&#8221; title_line_height=&#8221;2.5rem&#8221; custom_margin=&#8221;||10px||false|false&#8221; title_text_align_tablet=&#8221;center&#8221; title_text_align_phone=&#8221;center&#8221; title_text_align_last_edited=&#8221;on|desktop&#8221; title_font_size_tablet=&#8221;24px&#8221; title_font_size_phone=&#8221;24px&#8221; title_font_size_last_edited=&#8221;on|desktop&#8221; global_colors_info=&#8221;{}&#8221;][\/et_pb_heading][et_pb_image src=&#8221;https:\/\/cimne.com\/wp-content\/uploads\/2026\/03\/mobil-1.png&#8221; alt=&#8221;Mobil&#8221; title_text=&#8221;mobil-1&#8243; align=&#8221;center&#8221; _builder_version=&#8221;4.27.6&#8243; _module_preset=&#8221;default&#8221; global_colors_info=&#8221;{}&#8221;][\/et_pb_image][et_pb_text _builder_version=&#8221;4.27.4&#8243; _module_preset=&#8221;default&#8221; custom_margin=&#8221;25px||25px||false|false&#8221; global_colors_info=&#8221;{}&#8221;]<\/p>\n<ol>\n<li>Descarrega l\u2019aplicaci\u00f3 de Co-Resol i accepta les notificacions. \u00c9s gratu\u00efta i est\u00e0 disponible a l\u2019App Store i a Google Play.<\/li>\n<li>Prem el bot\u00f3 \u201cclick\u201d i introdueix el codi de CIMNE (paraula &#8220;CIMNE&#8221;).<\/li>\n<li>Selecciona el bot\u00f3 del canal.<\/li>\n<li>Escriu el teu missatge com m\u00e9s detallat millor. Pots adjuntar imatges i documentaci\u00f3.<\/li>\n<li>Identifica\u2019t o selecciona l\u2019opci\u00f3 d\u2019anonimat. En tots dos casos, cal acceptar la Pol\u00edtica de Privacitat.<\/li>\n<li>Un cop completats aquests passos, rebr\u00e0s un missatge com a comprovant de recepci\u00f3 del teu click.<\/li>\n<li>La comunicaci\u00f3 per fer el seguiment del click es far\u00e0 mitjan\u00e7ant un xat segur (hi pots accedir des del bot\u00f3 de xat a la pantalla principal de l\u2019aplicaci\u00f3) fins que es tanqui.<\/li>\n<\/ol>\n<p>[\/et_pb_text][et_pb_text disabled_on=&#8221;on|on|on&#8221; _builder_version=&#8221;4.27.4&#8243; _module_preset=&#8221;default&#8221; disabled=&#8221;on&#8221; global_colors_info=&#8221;{}&#8221;]<\/p>\n<div class=\"contenedor\">\n<div class=\"columna\">\n    <a href=\"#\"><br \/>\n      <img loading=\"lazy\" decoding=\"async\" class=\"wp-image-232963\" title=\"qr code\" src=\"https:\/\/cimne.com\/wp-content\/uploads\/2025\/04\/Alert-sys-Android-1-206x300.png\" alt=\"qr code\" width=\"135\" height=\"197\" \/><br \/>\n    <\/a>\n  <\/div>\n<p>  <\/p>\n<div class=\"columna\">\n    <a href=\"#\"><br \/>\n      <img loading=\"lazy\" decoding=\"async\" class=\"wp-image-232966\" title=\"qr code\" src=\"https:\/\/cimne.com\/wp-content\/uploads\/2025\/04\/alert-sys-ios-1-252x300.png\" alt=\"qr code\" width=\"176\" height=\"210\" \/><br \/>\n    <\/a>\n  <\/div>\n<p><\/div>\n<p>[\/et_pb_text][et_pb_code admin_label=&#8221;QRs&#8221; _builder_version=&#8221;4.27.6&#8243; _module_preset=&#8221;default&#8221; global_colors_info=&#8221;{}&#8221;]<\/p>\n<div class=\"contenedor\"><!-- [et_pb_line_break_holder] -->  <\/p>\n<div class=\"columna\"><!-- [et_pb_line_break_holder] -->    <a href=\"#\"><!-- [et_pb_line_break_holder] -->      <img loading=\"lazy\" decoding=\"async\" class=\"wp-image-232963\" title=\"qr code\" src=\"\/wp-content\/uploads\/2025\/04\/Alert-sys-Android-1-206x300.png\" alt=\"qr code\" width=\"135\" height=\"197\" \/><!-- [et_pb_line_break_holder] -->    <\/a><!-- [et_pb_line_break_holder] -->  <\/div>\n<p><!-- [et_pb_line_break_holder] -->  <\/p>\n<div class=\"columna\"><!-- [et_pb_line_break_holder] -->    <a href=\"#\"><!-- [et_pb_line_break_holder] -->      <img loading=\"lazy\" decoding=\"async\" class=\"wp-image-232966\" title=\"qr code\" src=\"\/wp-content\/uploads\/2025\/04\/alert-sys-ios-1-252x300.png\" alt=\"qr code\" width=\"176\" height=\"210\" \/><!-- [et_pb_line_break_holder] -->    <\/a><!-- [et_pb_line_break_holder] -->  <\/div>\n<p><!-- [et_pb_line_break_holder] --><\/div>\n<p>[\/et_pb_code][\/et_pb_column][et_pb_column type=&#8221;1_3&#8243; _builder_version=&#8221;4.27.0&#8243; _module_preset=&#8221;56e57fde-4561-4cf6-a771-0a733a7201b1&#8243; global_colors_info=&#8221;{}&#8221;][et_pb_heading title=&#8221;Mitjan\u00e7ant el web&#8221; admin_label=&#8221;H3&#8243; _builder_version=&#8221;4.27.4&#8243; _module_preset=&#8221;default&#8221; title_level=&#8221;h3&#8243; title_font=&#8221;|700|||||||&#8221; title_text_align=&#8221;center&#8221; title_text_color=&#8221;#004996&#8243; title_font_size=&#8221;40px&#8221; title_line_height=&#8221;2.5rem&#8221; custom_margin=&#8221;||10px||false|false&#8221; title_font_size_tablet=&#8221;24px&#8221; title_font_size_phone=&#8221;24px&#8221; title_font_size_last_edited=&#8221;on|desktop&#8221; global_colors_info=&#8221;{}&#8221;][\/et_pb_heading][et_pb_image src=&#8221;https:\/\/cimne.com\/wp-content\/uploads\/2026\/03\/pc-md.png&#8221; alt=&#8221;Pc md&#8221; title_text=&#8221;pc-md&#8221; align=&#8221;center&#8221; _builder_version=&#8221;4.27.6&#8243; _module_preset=&#8221;default&#8221; custom_padding=&#8221;||||false|false&#8221; global_colors_info=&#8221;{}&#8221;][\/et_pb_image][et_pb_text _builder_version=&#8221;4.27.4&#8243; _module_preset=&#8221;default&#8221; custom_margin=&#8221;25px||||false|false&#8221; global_colors_info=&#8221;{}&#8221;]<\/p>\n<p>Hi pots accedir a trav\u00e9s d\u2019aquest enlla\u00e7:<br \/>\n<a href=\"https:\/\/co-resol.bcnresol.com\/webclick\">https:\/\/co-resol.bcnresol.com\/webclick<\/a><\/p>\n<p><\/p>\n<ol>\n<li>Prem el bot\u00f3 \u201cClick\u201d i introdueix el codi del CIMNE (paraula &#8220;CIMNE&#8221;).<\/li>\n<li>Selecciona el bot\u00f3 del canal.<\/li>\n<li>Escriu el teu missatge com m\u00e9s detallat millor. Pots adjuntar imatges i documentaci\u00f3.<\/li>\n<li>Identifica\u2019t o selecciona l\u2019opci\u00f3 d\u2019anonimat. En tots dos casos, cal acceptar la Pol\u00edtica de Privacitat.<\/li>\n<li>Si optes per un missatge an\u00f2nim, rebr\u00e0s un codi d\u2019identificaci\u00f3 \u00fanic i una contrasenya que haur\u00e0s de guardar per mantenir la comunicaci\u00f3, a trav\u00e9s d\u2019un xat segur, sobre l\u2019estat del teu click.<\/li>\n<li>Cada vegada que vulguis saber si tens nous missatges al xat o aportar m\u00e9s informaci\u00f3, per garantir la confidencialitat, haur\u00e0s d\u2019introduir aquest codi i contrasenya a la p\u00e0gina d\u2019inici, al bot\u00f3 \u201cAccedir a un click anterior\u201d.<\/li>\n<\/ol>\n<p>[\/et_pb_text][\/et_pb_column][\/et_pb_row][et_pb_row admin_label=&#8221;1px Line Row&#8221; _builder_version=&#8221;4.27.4&#8243; _module_preset=&#8221;default&#8221; width=&#8221;100%&#8221; max_width=&#8221;2500px&#8221; custom_margin=&#8221;0px||0px||true|false&#8221; custom_padding=&#8221;0px||0px||true|false&#8221; collapsed=&#8221;on&#8221; global_colors_info=&#8221;{}&#8221;][et_pb_column type=&#8221;4_4&#8243; _builder_version=&#8221;4.27.4&#8243; _module_preset=&#8221;default&#8221; global_colors_info=&#8221;{}&#8221;][et_pb_divider show_divider=&#8221;off&#8221; _builder_version=&#8221;4.27.4&#8243; _module_preset=&#8221;default&#8221; width=&#8221;100%&#8221; height=&#8221;0px&#8221; custom_margin=&#8221;0px||0px||true|false&#8221; custom_padding=&#8221;0px||0px||true|false&#8221; border_width_bottom=&#8221;1px&#8221; border_color_bottom=&#8221;#d9d9d9&#8243; global_colors_info=&#8221;{}&#8221;][\/et_pb_divider][\/et_pb_column][\/et_pb_row][et_pb_row column_structure=&#8221;1_3,2_3&#8243; _builder_version=&#8221;4.27.4&#8243; _module_preset=&#8221;c7c24b71-68f1-4ba2-bc79-49dcbcce5ea1&#8243; custom_margin=&#8221;|0px||0px|false|false&#8221; custom_padding=&#8221;20px|0px|0px|0px|false|false&#8221; locked=&#8221;off&#8221; global_colors_info=&#8221;{}&#8221;][et_pb_column type=&#8221;1_3&#8243; _builder_version=&#8221;4.27.0&#8243; _module_preset=&#8221;56e57fde-4561-4cf6-a771-0a733a7201b1&#8243; global_colors_info=&#8221;{}&#8221;][et_pb_heading title=&#8221;Motivaci\u00f3&#8221; admin_label=&#8221;H2&#8243; _builder_version=&#8221;4.27.4&#8243; _module_preset=&#8221;38029197-464d-4776-9da1-ca4a77503845&#8243; title_text_color=&#8221;#004996&#8243; global_colors_info=&#8221;{}&#8221;][\/et_pb_heading][\/et_pb_column][et_pb_column type=&#8221;2_3&#8243; _builder_version=&#8221;4.27.0&#8243; _module_preset=&#8221;56e57fde-4561-4cf6-a771-0a733a7201b1&#8243; global_colors_info=&#8221;{}&#8221;][et_pb_text _builder_version=&#8221;4.27.4&#8243; _module_preset=&#8221;default&#8221; text_font=&#8221;&#8211;et_global_body_font||||||||&#8221; text_text_color=&#8221;#444444&#8243; text_font_size=&#8221;1.1rem&#8221; text_line_height=&#8221;1.5rem&#8221; custom_margin=&#8221;||20px||false|false&#8221; global_colors_info=&#8221;{}&#8221;]<\/p>\n<p>Al CIMNE estem compromesos amb els est\u00e0ndards \u00e8tics m\u00e9s elevats i ens guiem pels principis de transpar\u00e8ncia i responsabilitat. Com a part d\u2019aquest comprom\u00eds, hem implementat un Canal \u00c8tic s\u00f2lid que permet a qualsevol persona \u2014tant interna com externa a l\u2019organitzaci\u00f3\u2014 informar de manera nominal o an\u00f2nima sobre possibles conductes indegudes, vulneracions \u00e8tiques o incompliments que hagi pogut observar.<\/p>\n<p>Aquest canal s\u2019ha establert d\u2019acord amb la Llei 2\/2023, de 20 de febrer, que regula la protecci\u00f3 de les persones que informen sobre infraccions normatives i mesures contra la corrupci\u00f3. Els informes poden referir-se, entre altres, a:<\/p>\n<ul>\n<li style=\"list-style-type: none;\">\n<ul>\n<li>Actes de frau o corrupci\u00f3<\/li>\n<li>Infraccions relacionades amb la seguretat de la informaci\u00f3 o la privacitat<\/li>\n<li>Conductes deslleials de mercat i pr\u00e0ctiques anticompetitives<\/li>\n<li>Altres delictes o infraccions administratives greus o molt greus<\/li>\n<\/ul>\n<p><\/li>\n<p><\/ul>\n<p>El CIMNE ha creat cinc canals complementaris per fomentar el comportament \u00e8tic, la inclusi\u00f3 i la transpar\u00e8ncia:<\/p>\n<ul>\n<li style=\"list-style-type: none;\">\n<ul>\n<li>Canal de Transpar\u00e8ncia \u2013 Per gestionar totes les sol\u00b7licituds d\u2019informaci\u00f3 p\u00fablica<\/li>\n<li>B\u00fastia de Suggeriments \u2013 Per enviar idees o queixes<\/li>\n<li>Canal Antiassetjament \u2013 Per denunciar casos d\u2019assetjament sexual o laboral, discriminaci\u00f3 o conductes que posin en risc la salut, la seguretat o el medi ambient<\/li>\n<li>Canal d\u2019Integritat en la Recerca \u2013 Un canal combinat d\u2019\u00e8tica i suggeriments per a la comunitat investigadora<\/li>\n<li>Canal <em>CIMNE Tecnolog\u00eda<\/em> \u2013 Canal dedicat a la transpar\u00e8ncia, suggeriments, assetjament i antifrau<\/li>\n<li>Contacte de Prevenci\u00f3 de l\u2019Assetjament (per a congressos) \u2013 Per informar sobre conductes inapropiades durant esdeveniments cient\u00edfics i t\u00e8cnics<\/li>\n<\/ul>\n<p><\/li>\n<p><\/ul>\n<p>Amb aquestes eines, CIMNE ofereix una eina perqu\u00e8, qui vulgui,  pugui expressar les seves inquietuds i contribuir activament a construir un entorn de treball i recerca m\u00e9s segur i \u00e8tic per a tothom.<\/p>\n<p>[\/et_pb_text][\/et_pb_column][\/et_pb_row][et_pb_row admin_label=&#8221;1px Line Row&#8221; _builder_version=&#8221;4.27.4&#8243; _module_preset=&#8221;default&#8221; width=&#8221;100%&#8221; max_width=&#8221;2500px&#8221; custom_margin=&#8221;0px||0px||true|false&#8221; custom_padding=&#8221;0px||0px||true|false&#8221; collapsed=&#8221;on&#8221; global_colors_info=&#8221;{}&#8221;][et_pb_column type=&#8221;4_4&#8243; _builder_version=&#8221;4.27.4&#8243; _module_preset=&#8221;default&#8221; global_colors_info=&#8221;{}&#8221;][et_pb_divider show_divider=&#8221;off&#8221; _builder_version=&#8221;4.27.4&#8243; _module_preset=&#8221;default&#8221; width=&#8221;100%&#8221; height=&#8221;0px&#8221; custom_margin=&#8221;0px||0px||true|false&#8221; custom_padding=&#8221;0px||0px||true|false&#8221; border_width_bottom=&#8221;1px&#8221; border_color_bottom=&#8221;#d9d9d9&#8243; global_colors_info=&#8221;{}&#8221;][\/et_pb_divider][\/et_pb_column][\/et_pb_row][et_pb_row column_structure=&#8221;1_3,2_3&#8243; _builder_version=&#8221;4.27.4&#8243; _module_preset=&#8221;c7c24b71-68f1-4ba2-bc79-49dcbcce5ea1&#8243; custom_margin=&#8221;|0px||0px|false|false&#8221; global_colors_info=&#8221;{}&#8221;][et_pb_column type=&#8221;1_3&#8243; _builder_version=&#8221;4.27.0&#8243; _module_preset=&#8221;56e57fde-4561-4cf6-a771-0a733a7201b1&#8243; global_colors_info=&#8221;{}&#8221;][\/et_pb_column][et_pb_column type=&#8221;2_3&#8243; _builder_version=&#8221;4.27.0&#8243; _module_preset=&#8221;56e57fde-4561-4cf6-a771-0a733a7201b1&#8243; global_colors_info=&#8221;{}&#8221;][et_pb_text _builder_version=&#8221;4.27.4&#8243; _module_preset=&#8221;default&#8221; text_font=&#8221;&#8211;et_global_body_font||||||||&#8221; text_text_color=&#8221;#444444&#8243; text_font_size=&#8221;1.1rem&#8221; text_line_height=&#8221;1.5rem&#8221; custom_margin=&#8221;||20px||false|false&#8221; global_colors_info=&#8221;{}&#8221;]<\/p>\n<p><strong>Important<\/strong>: Aquest \u201cCanal \u00c8tic\u201d no \u00e9s un servei d\u2019emerg\u00e8ncia. No s\u2019ha d\u2019utilitzar per informar de situacions que impliquin una amena\u00e7a immediata. Si necessites ajuda en un cas aix\u00ed, contacta amb els serveis d\u2019emerg\u00e8ncia trucant al 112.<\/p>\n<p>[\/et_pb_text][\/et_pb_column][\/et_pb_row][et_pb_row _builder_version=&#8221;4.27.4&#8243; _module_preset=&#8221;default&#8221; global_colors_info=&#8221;{}&#8221;][et_pb_column type=&#8221;4_4&#8243; _builder_version=&#8221;4.27.4&#8243; _module_preset=&#8221;default&#8221; global_colors_info=&#8221;{}&#8221;][et_pb_code admin_label=&#8221;Code: QRs Style&#8221; _builder_version=&#8221;4.27.4&#8243; _module_preset=&#8221;default&#8221; global_colors_info=&#8221;{}&#8221;]<\/p>\n<style><!-- [et_pb_line_break_holder] -->.contenedor {<!-- [et_pb_line_break_holder] -->  display: flex;<!-- [et_pb_line_break_holder] -->  justify-content: center;<!-- [et_pb_line_break_holder] -->  align-items: center;<!-- [et_pb_line_break_holder] -->  \/*height: 100vh; \/* Centra verticalmente en la pantalla *\/<!-- [et_pb_line_break_holder] -->}<!-- [et_pb_line_break_holder] -->.columna {<!-- [et_pb_line_break_holder] -->  width: 50%;<!-- [et_pb_line_break_holder] -->  display: flex;<!-- [et_pb_line_break_holder] -->  justify-content: center;<!-- [et_pb_line_break_holder] -->  align-items: center;<!-- [et_pb_line_break_holder] -->}<!-- [et_pb_line_break_holder] --><\/style>\n<p>[\/et_pb_code][\/et_pb_column][\/et_pb_row][\/et_pb_section]<\/p>\n","protected":false},"excerpt":{"rendered":"<p>A CIMNE promovem un entorn de respecte per a tothom. El Canal \u00c8tic ofereix una via segura per compartir suggeriments i queixes, o per informar sobre possibles conductes inapropiades.El Canal \u00c8tic del CIMNE \u00e9s un sistema de comunicaci\u00f3 segur que permet a qualsevol persona compartir suggeriments, queixes o possibles vulneracions \u00e8tiques o irregularitats vinculades a [&hellip;]<\/p>\n","protected":false},"author":2,"featured_media":0,"parent":0,"menu_order":0,"comment_status":"closed","ping_status":"closed","template":"","meta":{"_acf_changed":false,"_et_pb_use_builder":"on","_et_pb_old_content":"","_et_gb_content_width":"","slim_seo":{"title":"Canal \u00e8tic - CIMNE","description":"A CIMNE promovem un entorn de respecte per a tothom. El Canal \u00c8tic ofereix una via segura per compartir suggeriments i queixes, o per informar sobre possibles c"},"footnotes":""},"class_list":["post-226493","page","type-page","status-publish","hentry"],"acf":[],"_links":{"self":[{"href":"https:\/\/cimne.com\/ca\/wp-json\/wp\/v2\/pages\/226493","targetHints":{"allow":["GET"]}}],"collection":[{"href":"https:\/\/cimne.com\/ca\/wp-json\/wp\/v2\/pages"}],"about":[{"href":"https:\/\/cimne.com\/ca\/wp-json\/wp\/v2\/types\/page"}],"author":[{"embeddable":true,"href":"https:\/\/cimne.com\/ca\/wp-json\/wp\/v2\/users\/2"}],"replies":[{"embeddable":true,"href":"https:\/\/cimne.com\/ca\/wp-json\/wp\/v2\/comments?post=226493"}],"version-history":[{"count":0,"href":"https:\/\/cimne.com\/ca\/wp-json\/wp\/v2\/pages\/226493\/revisions"}],"wp:attachment":[{"href":"https:\/\/cimne.com\/ca\/wp-json\/wp\/v2\/media?parent=226493"}],"curies":[{"name":"wp","href":"https:\/\/api.w.org\/{rel}","templated":true}]}}